{"id":2943,"date":"2025-04-15T08:46:06","date_gmt":"2025-04-15T08:46:06","guid":{"rendered":"https:\/\/xenonkungen.com\/product\/luxtar-premium-canbus-h7-led\/"},"modified":"2026-05-13T07:52:13","modified_gmt":"2026-05-13T06:52:13","slug":"luxtar-premium-canbus-h7-led","status":"publish","type":"product","link":"https:\/\/xenonkungen.com\/es\/producto\/luxtar-premium-canbus-h7-led\/","title":{"rendered":"LUXTAR\u00ae Premium Canbus H7 LED"},"content":{"rendered":"<p>\u00a1Ya est\u00e1 aqu\u00ed nuestro nuevo Luxtar Premium Canbus H7 LED!<\/p>\n<p>Este es nuestro \u00faltimo producto para quienes desean mejorar las luces bajas\/altas de su veh\u00edculo. Apto para coches, motocicletas o camiones.<\/p>\n<p>Potente chip LED que ofrece un rendimiento superior al de una l\u00e1mpara de xen\u00f3n. Mientras que una buena l\u00e1mpara de xen\u00f3n suele tener unos 3200 l\u00famenes, esta alcanza los 3400 l\u00famenes.<\/p>\n<p>Refrigerado por ventilador, para el mejor rendimiento y vida \u00fatil posibles.<\/p>\n<p>Funciona incluso con los coches m\u00e1s dif\u00edciles, con l\u00edmites de tolerancia muy bajos en el sistema Canbus, como BMW, Mercedes, Volkswagen, etc. La l\u00e1mpara es multivoltaje, adecuada para la mayor\u00eda de los veh\u00edculos con un sistema de 9-45V.<\/p>\n<p><strong><br \/>\n<strong>Es bueno saberlo<\/strong> <\/strong><\/p>\n<p>La l\u00e1mpara incorpora un controlador que regula la corriente que llega a los diodos, lo que contribuye a prolongar la vida \u00fatil del producto y a controlar mejor los picos de corriente, el calentamiento, etc.<\/p>\n<p>Compatible con Saab 9-3-2010 junto con el portal\u00e1mparas 45018 para luz de cruce.<\/p>\n<p>No es compatible con las luces largas del SAAB 9-5 (falta de espacio).<\/p>","protected":false},"excerpt":{"rendered":"<p>La bombilla LED LUXTAR\u00ae Premium Canbus H7 es la conversi\u00f3n a luz alta LED m\u00e1s segura para Canbus del mercado. Con un consumo de 52 W y 3400 l\u00famenes, es la m\u00e1s equivalente a una bombilla hal\u00f3gena de 55 W disponible en el mercado.<\/p>\n<p>Casquillo: H7<\/p>","protected":false},"featured_media":2944,"comment_status":"closed","ping_status":"closed","template":"","meta":{"_acf_changed":false,"_smort_price_nok":"1276","_smort_price_dkk":"811","_smort_price_eur":"108.63","_smort_sale_price_nok":"","_smort_sale_price_dkk":"","_smort_sale_price_eur":"","smort_restorder":"","shipmondo_restorder":"","_kad_blocks_custom_css":"","_kad_blocks_head_custom_js":"","_kad_blocks_body_custom_js":"","_kad_blocks_footer_custom_js":"","smort_custom_pricelist_1":"764.8","smort_custom_pricelist_2":"669.2","smort_custom_pricelist_3":"635.74","smort_custom_pricelist_4":"956","smort_custom_pricelist_5":"669.2"},"anvandningsomrade":[],"bilmarken":[],"product_brand":[103],"product_cat":[2451,2826,733],"product_tag":[],"class_list":{"0":"post-2943","1":"product","2":"type-product","3":"status-publish","4":"has-post-thumbnail","6":"product_brand-luxtar","7":"product_cat-led-konvertering","8":"product_cat-luxtar","9":"product_cat-halvljus-helljus","10":"pa_fargtemperatur-6000k","11":"pa_fuktskydd-varde-ipxx-ip68","12":"pa_godkannande-ip68-rohs-ce","13":"pa_lampsockel-kontakt-h7","14":"pa_volt-v-12-24","16":"first","17":"instock","18":"taxable","19":"shipping-taxable","20":"purchasable","21":"product-type-simple"},"bundled_by":[],"bundle_stock_status":"instock","bundle_stock_quantity":97,"bundle_virtual":false,"bundle_layout":"","bundle_add_to_cart_form_location":"","bundle_editable_in_cart":false,"bundle_sold_individually_context":"","bundle_item_grouping":"","bundle_min_size":"","bundle_max_size":"","bundle_price":[],"bundled_items":[],"bundle_sell_ids":[],"acf":[],"yoast_head":"<!-- This site is optimized with the Yoast SEO plugin v27.0 - https:\/\/yoast.com\/product\/yoast-seo-wordpress\/ -->\n<title>LUXTAR\u00ae Premium Canbus H7 LED - Xenonkungen<\/title>\n<meta name=\"robots\" content=\"index, follow, max-snippet:-1, max-image-preview:large, max-video-preview:-1\" \/>\n<link rel=\"canonical\" href=\"https:\/\/xenonkungen.com\/es\/producto\/luxtar-premium-canbus-h7-led\/\" \/>\n<meta property=\"og:locale\" content=\"es_ES\" \/>\n<meta property=\"og:type\" content=\"article\" \/>\n<meta property=\"og:title\" content=\"LUXTAR\u00ae Premium Canbus H7 LED - Xenonkungen\" \/>\n<meta property=\"og:description\" content=\"LUXTAR\u00ae Premium Canbus H7 LED \u00e4r marknadens mest Canbus s\u00e4kra LED helljus konvertering. 52W i drift och 3400 Lumen \u00e4r denna den n\u00e4rmast motsvarande 55W halogen p\u00e5 marknaden.  Lampsockel: H7\" \/>\n<meta property=\"og:url\" content=\"https:\/\/xenonkungen.com\/es\/producto\/luxtar-premium-canbus-h7-led\/\" \/>\n<meta property=\"og:site_name\" content=\"Xenonkungen\" \/>\n<meta property=\"article:modified_time\" content=\"2026-05-13T06:52:13+00:00\" \/>\n<meta property=\"og:image\" content=\"https:\/\/xenonkungen.com\/wp-content\/uploads\/2025\/04\/175839801-origpic-d82ec5.png\" \/>\n\t<meta property=\"og:image:width\" content=\"1000\" \/>\n\t<meta property=\"og:image:height\" content=\"1000\" \/>\n\t<meta property=\"og:image:type\" content=\"image\/png\" \/>\n<meta name=\"twitter:card\" content=\"summary_large_image\" \/>\n<meta name=\"twitter:label1\" content=\"Tiempo de lectura\" \/>\n\t<meta name=\"twitter:data1\" content=\"1 minuto\" \/>\n<script type=\"application\/ld+json\" class=\"yoast-schema-graph\">{\"@context\":\"https:\/\/schema.org\",\"@graph\":[{\"@type\":\"WebPage\",\"@id\":\"https:\/\/xenonkungen.com\/produkt\/luxtar-premium-canbus-h7-led\/\",\"url\":\"https:\/\/xenonkungen.com\/produkt\/luxtar-premium-canbus-h7-led\/\",\"name\":\"LUXTAR\u00ae Premium Canbus H7 LED - Xenonkungen\",\"isPartOf\":{\"@id\":\"https:\/\/xenonkungen.com\/#website\"},\"primaryImageOfPage\":{\"@id\":\"https:\/\/xenonkungen.com\/produkt\/luxtar-premium-canbus-h7-led\/#primaryimage\"},\"image\":{\"@id\":\"https:\/\/xenonkungen.com\/produkt\/luxtar-premium-canbus-h7-led\/#primaryimage\"},\"thumbnailUrl\":\"https:\/\/xenonkungen.com\/wp-content\/uploads\/2025\/04\/175839801-origpic-d82ec5.png\",\"datePublished\":\"2025-04-15T08:46:06+00:00\",\"dateModified\":\"2026-05-13T06:52:13+00:00\",\"breadcrumb\":{\"@id\":\"https:\/\/xenonkungen.com\/produkt\/luxtar-premium-canbus-h7-led\/#breadcrumb\"},\"inLanguage\":\"es\",\"potentialAction\":[{\"@type\":\"ReadAction\",\"target\":[\"https:\/\/xenonkungen.com\/produkt\/luxtar-premium-canbus-h7-led\/\"]}]},{\"@type\":\"ImageObject\",\"inLanguage\":\"es\",\"@id\":\"https:\/\/xenonkungen.com\/produkt\/luxtar-premium-canbus-h7-led\/#primaryimage\",\"url\":\"https:\/\/xenonkungen.com\/wp-content\/uploads\/2025\/04\/175839801-origpic-d82ec5.png\",\"contentUrl\":\"https:\/\/xenonkungen.com\/wp-content\/uploads\/2025\/04\/175839801-origpic-d82ec5.png\",\"width\":1000,\"height\":1000},{\"@type\":\"BreadcrumbList\",\"@id\":\"https:\/\/xenonkungen.com\/produkt\/luxtar-premium-canbus-h7-led\/#breadcrumb\",\"itemListElement\":[{\"@type\":\"ListItem\",\"position\":1,\"name\":\"Hem\",\"item\":\"https:\/\/xenonkungen.com\/\"},{\"@type\":\"ListItem\",\"position\":2,\"name\":\"Shop\",\"item\":\"https:\/\/xenonkungen.com\/shop\/\"},{\"@type\":\"ListItem\",\"position\":3,\"name\":\"LUXTAR\u00ae Premium Canbus H7 LED\"}]},{\"@type\":\"WebSite\",\"@id\":\"https:\/\/xenonkungen.com\/#website\",\"url\":\"https:\/\/xenonkungen.com\/\",\"name\":\"Xenonkungen\",\"description\":\"\",\"potentialAction\":[{\"@type\":\"SearchAction\",\"target\":{\"@type\":\"EntryPoint\",\"urlTemplate\":\"https:\/\/xenonkungen.com\/?s={search_term_string}\"},\"query-input\":{\"@type\":\"PropertyValueSpecification\",\"valueRequired\":true,\"valueName\":\"search_term_string\"}}],\"inLanguage\":\"es\"}]}<\/script>\n<!-- \/ Yoast SEO plugin. -->","yoast_head_json":{"title":"LUXTAR\u00ae Premium Canbus H7 LED - El rey del xen\u00f3n","robots":{"index":"index","follow":"follow","max-snippet":"max-snippet:-1","max-image-preview":"max-image-preview:large","max-video-preview":"max-video-preview:-1"},"canonical":"https:\/\/xenonkungen.com\/es\/producto\/luxtar-premium-canbus-h7-led\/","og_locale":"es_ES","og_type":"article","og_title":"LUXTAR\u00ae Premium Canbus H7 LED - Xenonkungen","og_description":"LUXTAR\u00ae Premium Canbus H7 LED \u00e4r marknadens mest Canbus s\u00e4kra LED helljus konvertering. 52W i drift och 3400 Lumen \u00e4r denna den n\u00e4rmast motsvarande 55W halogen p\u00e5 marknaden.  Lampsockel: H7","og_url":"https:\/\/xenonkungen.com\/es\/producto\/luxtar-premium-canbus-h7-led\/","og_site_name":"Xenonkungen","article_modified_time":"2026-05-13T06:52:13+00:00","og_image":[{"width":1000,"height":1000,"url":"https:\/\/xenonkungen.com\/wp-content\/uploads\/2025\/04\/175839801-origpic-d82ec5.png","type":"image\/png"}],"twitter_card":"summary_large_image","twitter_misc":{"Tiempo de lectura":"1 minuto"},"schema":{"@context":"https:\/\/schema.org","@graph":[{"@type":"WebPage","@id":"https:\/\/xenonkungen.com\/produkt\/luxtar-premium-canbus-h7-led\/","url":"https:\/\/xenonkungen.com\/produkt\/luxtar-premium-canbus-h7-led\/","name":"LUXTAR\u00ae Premium Canbus H7 LED - El rey del xen\u00f3n","isPartOf":{"@id":"https:\/\/xenonkungen.com\/#website"},"primaryImageOfPage":{"@id":"https:\/\/xenonkungen.com\/produkt\/luxtar-premium-canbus-h7-led\/#primaryimage"},"image":{"@id":"https:\/\/xenonkungen.com\/produkt\/luxtar-premium-canbus-h7-led\/#primaryimage"},"thumbnailUrl":"https:\/\/xenonkungen.com\/wp-content\/uploads\/2025\/04\/175839801-origpic-d82ec5.png","datePublished":"2025-04-15T08:46:06+00:00","dateModified":"2026-05-13T06:52:13+00:00","breadcrumb":{"@id":"https:\/\/xenonkungen.com\/produkt\/luxtar-premium-canbus-h7-led\/#breadcrumb"},"inLanguage":"es","potentialAction":[{"@type":"ReadAction","target":["https:\/\/xenonkungen.com\/produkt\/luxtar-premium-canbus-h7-led\/"]}]},{"@type":"ImageObject","inLanguage":"es","@id":"https:\/\/xenonkungen.com\/produkt\/luxtar-premium-canbus-h7-led\/#primaryimage","url":"https:\/\/xenonkungen.com\/wp-content\/uploads\/2025\/04\/175839801-origpic-d82ec5.png","contentUrl":"https:\/\/xenonkungen.com\/wp-content\/uploads\/2025\/04\/175839801-origpic-d82ec5.png","width":1000,"height":1000},{"@type":"BreadcrumbList","@id":"https:\/\/xenonkungen.com\/produkt\/luxtar-premium-canbus-h7-led\/#breadcrumb","itemListElement":[{"@type":"ListItem","position":1,"name":"Hem","item":"https:\/\/xenonkungen.com\/"},{"@type":"ListItem","position":2,"name":"Shop","item":"https:\/\/xenonkungen.com\/shop\/"},{"@type":"ListItem","position":3,"name":"LUXTAR\u00ae Premium Canbus H7 LED"}]},{"@type":"WebSite","@id":"https:\/\/xenonkungen.com\/#website","url":"https:\/\/xenonkungen.com\/","name":"Xenonkungen","description":"","potentialAction":[{"@type":"SearchAction","target":{"@type":"EntryPoint","urlTemplate":"https:\/\/xenonkungen.com\/?s={search_term_string}"},"query-input":{"@type":"PropertyValueSpecification","valueRequired":true,"valueName":"search_term_string"}}],"inLanguage":"es"}]}},"taxonomy_info":{"product_brand":[{"value":103,"label":"LUXTAR"}],"product_cat":[{"value":2451,"label":"Led-konvertering"},{"value":2826,"label":"LUXTAR"},{"value":733,"label":"Halvljus \/ Helljus"}],"pa_fargtemperatur":[{"value":188,"label":"6000K"}],"pa_fuktskydd-varde-ipxx":[{"value":177,"label":"IP68"}],"pa_godkannande":[{"value":975,"label":"IP68 RoHS CE"}],"pa_lampsockel-kontakt":[{"value":206,"label":"H7"}],"pa_volt-v":[{"value":348,"label":"12, 24"}]},"featured_image_src_large":["https:\/\/xenonkungen.com\/wp-content\/uploads\/2025\/04\/175839801-origpic-d82ec5.png",1000,1000,false],"author_info":[],"comment_info":6,"_links":{"self":[{"href":"https:\/\/xenonkungen.com\/es\/wp-json\/wp\/v2\/product\/2943","targetHints":{"allow":["GET"]}}],"collection":[{"href":"https:\/\/xenonkungen.com\/es\/wp-json\/wp\/v2\/product"}],"about":[{"href":"https:\/\/xenonkungen.com\/es\/wp-json\/wp\/v2\/types\/product"}],"replies":[{"embeddable":true,"href":"https:\/\/xenonkungen.com\/es\/wp-json\/wp\/v2\/comments?post=2943"}],"wp:featuredmedia":[{"embeddable":true,"href":"https:\/\/xenonkungen.com\/es\/wp-json\/wp\/v2\/media\/2944"}],"wp:attachment":[{"href":"https:\/\/xenonkungen.com\/es\/wp-json\/wp\/v2\/media?parent=2943"}],"wp:term":[{"taxonomy":"anvandningsomrade","embeddable":true,"href":"https:\/\/xenonkungen.com\/es\/wp-json\/wp\/v2\/anvandningsomrade?post=2943"},{"taxonomy":"bilmarken","embeddable":true,"href":"https:\/\/xenonkungen.com\/es\/wp-json\/wp\/v2\/bilmarken?post=2943"},{"taxonomy":"product_brand","embeddable":true,"href":"https:\/\/xenonkungen.com\/es\/wp-json\/wp\/v2\/product_brand?post=2943"},{"taxonomy":"product_cat","embeddable":true,"href":"https:\/\/xenonkungen.com\/es\/wp-json\/wp\/v2\/product_cat?post=2943"},{"taxonomy":"product_tag","embeddable":true,"href":"https:\/\/xenonkungen.com\/es\/wp-json\/wp\/v2\/product_tag?post=2943"}],"curies":[{"name":"wp","href":"https:\/\/api.w.org\/{rel}","templated":true}]}}