{"id":2962,"date":"2025-04-15T08:46:06","date_gmt":"2025-04-15T08:46:06","guid":{"rendered":"https:\/\/xenonkungen.com\/product\/luxtar-premium-canbus-hb3-lampa-9005\/"},"modified":"2026-04-24T16:47:17","modified_gmt":"2026-04-24T15:47:17","slug":"lampara-luxtar-premium-canbus-hb3-9005","status":"publish","type":"product","link":"https:\/\/xenonkungen.com\/es\/producto\/lampara-luxtar-premium-canbus-hb3-9005\/","title":{"rendered":"LUXTAR\u00ae L\u00e1mpara Premium Canbus HB3 \/9005"},"content":{"rendered":"<p>Ya est\u00e1 aqu\u00ed nuestro nuevo Luxtar Premium Canbus HB3.<\/p>\n<p>Este es nuestro \u00faltimo producto para aquellos que quieren mejorar las luces bajas\/altas de su veh\u00edculo. Apto para turismos, motocicletas y camiones.<\/p>\n<p>Potente chip LED, que proporciona un rendimiento superior al de una l\u00e1mpara de xen\u00f3n. Por lo general, una buena l\u00e1mpara de xen\u00f3n es de unos 3200 l\u00famenes, mientras que esta l\u00e1mpara brilla con un total de 3400 l\u00famenes.<\/p>\n<p>Puede manejar incluso los coches m\u00e1s dif\u00edciles, con muy bajos l\u00edmites de tolerancia en el sistema Canbus, Tex, BMW, Mercedes, Volkswagen y otros. La l\u00e1mpara es, por supuesto, multivoltios, adecuado para la mayor\u00eda de los veh\u00edculos con sistema de 9-45V.<\/p>\n<p><strong>Especificaci\u00f3n<\/strong><br \/>\nCasquillo: HB3\/9005<br \/>\nVoltios: 12\/24 V CC<br \/>\nConsumo: 4,3 A\/12 V<br \/>\nPotencia: 52 W<br \/>\nFlujo luminoso, real: 3400\u00b1100 l\u00famenes<br \/>\nTemperatura de color: 6000K<br \/>\nE-approved: No<br \/>\nCanbus: S\u00ed<br \/>\nCertificado: IP68 RoHS CE<\/p>\n<p><strong>Es bueno saberlo<\/strong><\/p>\n<p>Funciona independientemente de la polaridad gracias a su controlador incorporado, que garantiza que la l\u00e1mpara no sea sensible a picos de corriente o similares.<\/p>","protected":false},"excerpt":{"rendered":"<p>LUXTAR\u00ae Premium Canbus HB3 Lamp \/9005 es una actualizaci\u00f3n LED brillante para faros de luz de carretera HB3\/9005.<br \/>\n<b>Cantidad de luz:<\/b> 3400 l\u00famenes<br \/>\n<b>Efecto(Real):<\/b> 52W<br \/>\n<b>Canbus seguro:<\/b> S\u00ed<\/p>\n<p>Casquillo: HB3\/9005<\/p>","protected":false},"featured_media":2963,"comment_status":"closed","ping_status":"closed","template":"","meta":{"_acf_changed":false,"_smort_price_nok":"1028","_smort_price_dkk":"811","_smort_price_eur":"108.63","_smort_sale_price_nok":"1028","_smort_sale_price_dkk":"","_smort_sale_price_eur":"","smort_restorder":"","shipmondo_restorder":"","_kad_blocks_custom_css":"","_kad_blocks_head_custom_js":"","_kad_blocks_body_custom_js":"","_kad_blocks_footer_custom_js":"","smort_custom_pricelist_1":"764.8","smort_custom_pricelist_2":"669.2","smort_custom_pricelist_3":"635.74","smort_custom_pricelist_4":"956","smort_custom_pricelist_5":"669.2"},"anvandningsomrade":[],"bilmarken":[],"product_brand":[103],"product_cat":[2451,2826,733,1402],"product_tag":[],"class_list":{"0":"post-2962","1":"product","2":"type-product","3":"status-publish","4":"has-post-thumbnail","6":"product_brand-luxtar","7":"product_cat-led-konvertering","8":"product_cat-luxtar","9":"product_cat-halvljus-helljus","10":"product_cat-outlet","11":"pa_fargtemperatur-6000k","12":"pa_fuktskydd-varde-ipxx-ip68","13":"pa_godkannande-ip68-rohs-ce","14":"pa_lampsockel-kontakt-hb3-9005","15":"pa_volt-v-12-24","17":"first","18":"instock","19":"taxable","20":"shipping-taxable","21":"purchasable","22":"product-type-simple"},"bundled_by":[],"bundle_stock_status":"instock","bundle_stock_quantity":91,"bundle_virtual":false,"bundle_layout":"","bundle_add_to_cart_form_location":"","bundle_editable_in_cart":false,"bundle_sold_individually_context":"","bundle_item_grouping":"","bundle_min_size":"","bundle_max_size":"","bundle_price":[],"bundled_items":[],"bundle_sell_ids":[],"acf":[],"yoast_head":"<!-- This site is optimized with the Yoast SEO plugin v27.0 - https:\/\/yoast.com\/product\/yoast-seo-wordpress\/ -->\n<title>LUXTAR\u00ae Premium Canbus HB3 Lampa \/9005 - Xenonkungen<\/title>\n<meta name=\"robots\" content=\"index, follow, max-snippet:-1, max-image-preview:large, max-video-preview:-1\" \/>\n<link rel=\"canonical\" href=\"https:\/\/xenonkungen.com\/es\/producto\/lampara-luxtar-premium-canbus-hb3-9005\/\" \/>\n<meta property=\"og:locale\" content=\"es_ES\" \/>\n<meta property=\"og:type\" content=\"article\" \/>\n<meta property=\"og:title\" content=\"LUXTAR\u00ae Premium Canbus HB3 Lampa \/9005 - Xenonkungen\" \/>\n<meta property=\"og:description\" content=\"LUXTAR\u00ae Premium Canbus HB3 Lampa \/9005 \u00e4r en ljusstark LED uppgradering f\u00f6r HB3\/9005 helljus str\u00e5lkastare. Ljusm\u00e4ngd: 3400 Lumen Effekt(Real): 52W Canbus-s\u00e4ker: Ja  Lampsockel: HB3\/9005\" \/>\n<meta property=\"og:url\" content=\"https:\/\/xenonkungen.com\/es\/producto\/lampara-luxtar-premium-canbus-hb3-9005\/\" \/>\n<meta property=\"og:site_name\" content=\"Xenonkungen\" \/>\n<meta property=\"article:modified_time\" content=\"2026-04-24T15:47:17+00:00\" \/>\n<meta property=\"og:image\" content=\"https:\/\/xenonkungen.com\/wp-content\/uploads\/2025\/04\/175839839-origpic-cfa89f.png\" \/>\n\t<meta property=\"og:image:width\" content=\"1000\" \/>\n\t<meta property=\"og:image:height\" content=\"1000\" \/>\n\t<meta property=\"og:image:type\" content=\"image\/png\" \/>\n<meta name=\"twitter:card\" content=\"summary_large_image\" \/>\n<meta name=\"twitter:label1\" content=\"Tiempo de lectura\" \/>\n\t<meta name=\"twitter:data1\" content=\"1 minuto\" \/>\n<script type=\"application\/ld+json\" class=\"yoast-schema-graph\">{\"@context\":\"https:\/\/schema.org\",\"@graph\":[{\"@type\":\"WebPage\",\"@id\":\"https:\/\/xenonkungen.com\/produkt\/luxtar-premium-canbus-hb3-lampa-9005\/\",\"url\":\"https:\/\/xenonkungen.com\/produkt\/luxtar-premium-canbus-hb3-lampa-9005\/\",\"name\":\"LUXTAR\u00ae Premium Canbus HB3 Lampa \/9005 - Xenonkungen\",\"isPartOf\":{\"@id\":\"https:\/\/xenonkungen.com\/#website\"},\"primaryImageOfPage\":{\"@id\":\"https:\/\/xenonkungen.com\/produkt\/luxtar-premium-canbus-hb3-lampa-9005\/#primaryimage\"},\"image\":{\"@id\":\"https:\/\/xenonkungen.com\/produkt\/luxtar-premium-canbus-hb3-lampa-9005\/#primaryimage\"},\"thumbnailUrl\":\"https:\/\/xenonkungen.com\/wp-content\/uploads\/2025\/04\/175839839-origpic-cfa89f.png\",\"datePublished\":\"2025-04-15T08:46:06+00:00\",\"dateModified\":\"2026-04-24T15:47:17+00:00\",\"breadcrumb\":{\"@id\":\"https:\/\/xenonkungen.com\/produkt\/luxtar-premium-canbus-hb3-lampa-9005\/#breadcrumb\"},\"inLanguage\":\"es\",\"potentialAction\":[{\"@type\":\"ReadAction\",\"target\":[\"https:\/\/xenonkungen.com\/produkt\/luxtar-premium-canbus-hb3-lampa-9005\/\"]}]},{\"@type\":\"ImageObject\",\"inLanguage\":\"es\",\"@id\":\"https:\/\/xenonkungen.com\/produkt\/luxtar-premium-canbus-hb3-lampa-9005\/#primaryimage\",\"url\":\"https:\/\/xenonkungen.com\/wp-content\/uploads\/2025\/04\/175839839-origpic-cfa89f.png\",\"contentUrl\":\"https:\/\/xenonkungen.com\/wp-content\/uploads\/2025\/04\/175839839-origpic-cfa89f.png\",\"width\":1000,\"height\":1000},{\"@type\":\"BreadcrumbList\",\"@id\":\"https:\/\/xenonkungen.com\/produkt\/luxtar-premium-canbus-hb3-lampa-9005\/#breadcrumb\",\"itemListElement\":[{\"@type\":\"ListItem\",\"position\":1,\"name\":\"Hem\",\"item\":\"https:\/\/xenonkungen.com\/\"},{\"@type\":\"ListItem\",\"position\":2,\"name\":\"Shop\",\"item\":\"https:\/\/xenonkungen.com\/shop\/\"},{\"@type\":\"ListItem\",\"position\":3,\"name\":\"LUXTAR\u00ae Premium Canbus HB3 Lampa \/9005\"}]},{\"@type\":\"WebSite\",\"@id\":\"https:\/\/xenonkungen.com\/#website\",\"url\":\"https:\/\/xenonkungen.com\/\",\"name\":\"Xenonkungen\",\"description\":\"\",\"potentialAction\":[{\"@type\":\"SearchAction\",\"target\":{\"@type\":\"EntryPoint\",\"urlTemplate\":\"https:\/\/xenonkungen.com\/?s={search_term_string}\"},\"query-input\":{\"@type\":\"PropertyValueSpecification\",\"valueRequired\":true,\"valueName\":\"search_term_string\"}}],\"inLanguage\":\"es\"}]}<\/script>\n<!-- \/ Yoast SEO plugin. -->","yoast_head_json":{"title":"L\u00e1mpara LUXTAR\u00ae Premium Canbus HB3 \/9005 - El rey del xen\u00f3n","robots":{"index":"index","follow":"follow","max-snippet":"max-snippet:-1","max-image-preview":"max-image-preview:large","max-video-preview":"max-video-preview:-1"},"canonical":"https:\/\/xenonkungen.com\/es\/producto\/lampara-luxtar-premium-canbus-hb3-9005\/","og_locale":"es_ES","og_type":"article","og_title":"LUXTAR\u00ae Premium Canbus HB3 Lampa \/9005 - Xenonkungen","og_description":"LUXTAR\u00ae Premium Canbus HB3 Lampa \/9005 \u00e4r en ljusstark LED uppgradering f\u00f6r HB3\/9005 helljus str\u00e5lkastare. Ljusm\u00e4ngd: 3400 Lumen Effekt(Real): 52W Canbus-s\u00e4ker: Ja  Lampsockel: HB3\/9005","og_url":"https:\/\/xenonkungen.com\/es\/producto\/lampara-luxtar-premium-canbus-hb3-9005\/","og_site_name":"Xenonkungen","article_modified_time":"2026-04-24T15:47:17+00:00","og_image":[{"width":1000,"height":1000,"url":"https:\/\/xenonkungen.com\/wp-content\/uploads\/2025\/04\/175839839-origpic-cfa89f.png","type":"image\/png"}],"twitter_card":"summary_large_image","twitter_misc":{"Tiempo de lectura":"1 minuto"},"schema":{"@context":"https:\/\/schema.org","@graph":[{"@type":"WebPage","@id":"https:\/\/xenonkungen.com\/produkt\/luxtar-premium-canbus-hb3-lampa-9005\/","url":"https:\/\/xenonkungen.com\/produkt\/luxtar-premium-canbus-hb3-lampa-9005\/","name":"L\u00e1mpara LUXTAR\u00ae Premium Canbus HB3 \/9005 - El rey del xen\u00f3n","isPartOf":{"@id":"https:\/\/xenonkungen.com\/#website"},"primaryImageOfPage":{"@id":"https:\/\/xenonkungen.com\/produkt\/luxtar-premium-canbus-hb3-lampa-9005\/#primaryimage"},"image":{"@id":"https:\/\/xenonkungen.com\/produkt\/luxtar-premium-canbus-hb3-lampa-9005\/#primaryimage"},"thumbnailUrl":"https:\/\/xenonkungen.com\/wp-content\/uploads\/2025\/04\/175839839-origpic-cfa89f.png","datePublished":"2025-04-15T08:46:06+00:00","dateModified":"2026-04-24T15:47:17+00:00","breadcrumb":{"@id":"https:\/\/xenonkungen.com\/produkt\/luxtar-premium-canbus-hb3-lampa-9005\/#breadcrumb"},"inLanguage":"es","potentialAction":[{"@type":"ReadAction","target":["https:\/\/xenonkungen.com\/produkt\/luxtar-premium-canbus-hb3-lampa-9005\/"]}]},{"@type":"ImageObject","inLanguage":"es","@id":"https:\/\/xenonkungen.com\/produkt\/luxtar-premium-canbus-hb3-lampa-9005\/#primaryimage","url":"https:\/\/xenonkungen.com\/wp-content\/uploads\/2025\/04\/175839839-origpic-cfa89f.png","contentUrl":"https:\/\/xenonkungen.com\/wp-content\/uploads\/2025\/04\/175839839-origpic-cfa89f.png","width":1000,"height":1000},{"@type":"BreadcrumbList","@id":"https:\/\/xenonkungen.com\/produkt\/luxtar-premium-canbus-hb3-lampa-9005\/#breadcrumb","itemListElement":[{"@type":"ListItem","position":1,"name":"Hem","item":"https:\/\/xenonkungen.com\/"},{"@type":"ListItem","position":2,"name":"Shop","item":"https:\/\/xenonkungen.com\/shop\/"},{"@type":"ListItem","position":3,"name":"LUXTAR\u00ae Premium Canbus HB3 Lampa \/9005"}]},{"@type":"WebSite","@id":"https:\/\/xenonkungen.com\/#website","url":"https:\/\/xenonkungen.com\/","name":"Xenonkungen","description":"","potentialAction":[{"@type":"SearchAction","target":{"@type":"EntryPoint","urlTemplate":"https:\/\/xenonkungen.com\/?s={search_term_string}"},"query-input":{"@type":"PropertyValueSpecification","valueRequired":true,"valueName":"search_term_string"}}],"inLanguage":"es"}]}},"taxonomy_info":{"product_brand":[{"value":103,"label":"LUXTAR"}],"product_cat":[{"value":2451,"label":"Led-konvertering"},{"value":2826,"label":"LUXTAR"},{"value":733,"label":"Halvljus \/ Helljus"},{"value":1402,"label":"Outlet"}],"pa_fargtemperatur":[{"value":188,"label":"6000K"}],"pa_fuktskydd-varde-ipxx":[{"value":177,"label":"IP68"}],"pa_godkannande":[{"value":975,"label":"IP68 RoHS CE"}],"pa_lampsockel-kontakt":[{"value":370,"label":"HB3, 9005"}],"pa_volt-v":[{"value":348,"label":"12, 24"}]},"featured_image_src_large":["https:\/\/xenonkungen.com\/wp-content\/uploads\/2025\/04\/175839839-origpic-cfa89f.png",1000,1000,false],"author_info":[],"comment_info":0,"_links":{"self":[{"href":"https:\/\/xenonkungen.com\/es\/wp-json\/wp\/v2\/product\/2962","targetHints":{"allow":["GET"]}}],"collection":[{"href":"https:\/\/xenonkungen.com\/es\/wp-json\/wp\/v2\/product"}],"about":[{"href":"https:\/\/xenonkungen.com\/es\/wp-json\/wp\/v2\/types\/product"}],"replies":[{"embeddable":true,"href":"https:\/\/xenonkungen.com\/es\/wp-json\/wp\/v2\/comments?post=2962"}],"wp:featuredmedia":[{"embeddable":true,"href":"https:\/\/xenonkungen.com\/es\/wp-json\/wp\/v2\/media\/2963"}],"wp:attachment":[{"href":"https:\/\/xenonkungen.com\/es\/wp-json\/wp\/v2\/media?parent=2962"}],"wp:term":[{"taxonomy":"anvandningsomrade","embeddable":true,"href":"https:\/\/xenonkungen.com\/es\/wp-json\/wp\/v2\/anvandningsomrade?post=2962"},{"taxonomy":"bilmarken","embeddable":true,"href":"https:\/\/xenonkungen.com\/es\/wp-json\/wp\/v2\/bilmarken?post=2962"},{"taxonomy":"product_brand","embeddable":true,"href":"https:\/\/xenonkungen.com\/es\/wp-json\/wp\/v2\/product_brand?post=2962"},{"taxonomy":"product_cat","embeddable":true,"href":"https:\/\/xenonkungen.com\/es\/wp-json\/wp\/v2\/product_cat?post=2962"},{"taxonomy":"product_tag","embeddable":true,"href":"https:\/\/xenonkungen.com\/es\/wp-json\/wp\/v2\/product_tag?post=2962"}],"curies":[{"name":"wp","href":"https:\/\/api.w.org\/{rel}","templated":true}]}}