{"id":3063,"date":"2025-04-15T08:48:03","date_gmt":"2025-04-15T08:48:03","guid":{"rendered":"https:\/\/xenonkungen.com\/product\/extraljussats-60w-24v\/"},"modified":"2026-04-29T19:54:58","modified_gmt":"2026-04-29T18:54:58","slug":"kit-de-luz-adicional-60w-24v","status":"publish","type":"product","link":"https:\/\/xenonkungen.com\/es\/producto\/kit-de-luz-adicional-60w-24v\/","title":{"rendered":"Kit de luz extra 60W 24V"},"content":{"rendered":"<p>El balasto HNS-6 tiene una potencia de 60 W (~57 W efectivos) y la l\u00e1mpara tiene un rango de potencia y unas caracter\u00edsticas acordes.<\/p>\n<p>Proporciona hasta aprox. <strong>550% m\u00e1s luz<\/strong> en comparaci\u00f3n con las hal\u00f3genas de 55 W. Normalmente, tambi\u00e9n se obtiene un patr\u00f3n de luz mucho m\u00e1s amplio y largo en funci\u00f3n de las caracter\u00edsticas de la l\u00e1mpara.<\/p>\n<p>Una caracter\u00edstica exclusiva del HNS-6 es que puede hacer funcionar todas las l\u00e1mparas de xen\u00f3n, incluidas las sin plomo (D1\/D2\/D3\/D4). Sin embargo, para ello se necesitan cables especializados y la tarea se da aqu\u00ed para demostrar la avanzada tecnolog\u00eda del HNS-5.<\/p>\n<p>Introducido en oto\u00f1o de 2022. <br \/>El HNS-6 sustituye al excelente pero descatalogado balasto HNS-5 de 24 V del fabricante, que ha demostrado su fiabilidad durante varios a\u00f1os.<\/p>\n<p>Lastre: HNS-6 Arranque superr\u00e1pido<br \/>Potencia: 60 W (~57 W), 42 V\/85 V CA<br \/>Voltios: 18-32 V CC<br \/>Entorno operativo: -40 a +85<\/p>\n<p><strong>Para luz extra con base de l\u00e1mpara:<\/strong><br \/>D2H (NBB 225 y otros) +27:-<br \/>H1<br \/>H3<br \/>H7<\/p>\n<p><strong>Cualquier temperatura de color (K = Kelvin):<\/strong><br \/>4300K = 5000\u00b1100 lm, blanco est\u00e1ndar<br \/>5000K = 4700\u00b1100 lm, blanco brillante<br \/>6000K = 4100\u00b1100 lm, blanco diamante<br \/>Valores reales seg\u00fan el espectroan\u00e1lisis.<br \/>- Recomendamos 4300K.<\/p>\n<p><em>Si tiene una luz adicional con cristal azul, le recomendamos 4300K, el cristal azul da entonces un color de luz de unos 4800K.<\/em><\/p>\n<p><strong>\u00a1Atenci\u00f3n!<\/strong> Los cables de rel\u00e9 para luces auxiliares hal\u00f3genas est\u00e1ndar no son adecuados para el funcionamiento de las luces de xen\u00f3n. La mayor\u00eda de las preguntas de soporte se refieren a esto. Por lo tanto, compre uno de nuestros <em>personalizado<\/em> cableado del rel\u00e9.<br \/>Si utiliza su propio cableado, utilice un cable de 2,5 mm\u00b2 y un fusible de 15 A. <em>por<\/em> lastre.<\/p>\n<p><strong>Contenido\/Set:<\/strong><br \/>1er Balasto HNS-6 Super fast start 24V<br \/>L\u00e1mpara de xen\u00f3n de 1\u00aa potencia (luz extra especial)<br \/>1er Cable de alimentaci\u00f3n<\/p>\n<p><strong>Estado de las existencias<\/strong><br \/>Este kit consta de dos art\u00edculos separados. Puede comprobar el estado de las existencias de la l\u00e1mpara\/color y el balasto espec\u00edficos en la categor\u00eda\/art\u00edculo correspondiente.<\/p>\n<p>Garant\u00eda 3 a\u00f1os Balasto | 1 a\u00f1o L\u00e1mpara<\/p>","protected":false},"excerpt":{"rendered":"<p>Premium kit de xenon exclusivamente en Xenonkungen. Tanto el balasto como las l\u00e1mparas son del tipo Super fast start y High brightness: arranque r\u00e1pido y con mayor luminosidad.<\/p>","protected":false},"featured_media":3064,"comment_status":"closed","ping_status":"closed","template":"","meta":{"_acf_changed":false,"_smort_price_nok":"742","_smort_price_dkk":"472","_smort_price_eur":"63.18","_smort_sale_price_nok":"","_smort_sale_price_dkk":"","_smort_sale_price_eur":"","smort_restorder":"","shipmondo_restorder":"","_kad_blocks_custom_css":"","_kad_blocks_head_custom_js":"","_kad_blocks_body_custom_js":"","_kad_blocks_footer_custom_js":"","smort_custom_pricelist_1":"444.8","smort_custom_pricelist_2":"361.4","smort_custom_pricelist_3":"343.33","smort_custom_pricelist_4":"556","smort_custom_pricelist_5":"361.4"},"anvandningsomrade":[],"bilmarken":[],"product_brand":[],"product_cat":[2485],"product_tag":[],"class_list":{"0":"post-3063","1":"product","2":"type-product","3":"status-publish","4":"has-post-thumbnail","6":"product_cat-xenonkonventering","7":"pa_fargtemperatur-5000k","8":"pa_fargtemperatur-6000k","9":"pa_fargtemperatur-4300k","10":"pa_fuktskydd-varde-ipxx-ip67","11":"pa_lampsockel-kontakt-h7","12":"pa_lampsockel-kontakt-d2h","13":"pa_lampsockel-kontakt-h1","14":"pa_lampsockel-kontakt-h3","15":"pa_volt-v-160","17":"first","18":"onbackorder","19":"taxable","20":"shipping-taxable","21":"purchasable","22":"product-type-variable"},"bundled_by":[],"bundle_stock_status":"onbackorder","bundle_stock_quantity":-228,"bundle_virtual":false,"bundle_layout":"","bundle_add_to_cart_form_location":"","bundle_editable_in_cart":false,"bundle_sold_individually_context":"","bundle_item_grouping":"","bundle_min_size":"","bundle_max_size":"","bundle_price":[],"bundled_items":[],"bundle_sell_ids":[],"acf":[],"yoast_head":"<!-- This site is optimized with the Yoast SEO plugin v27.0 - https:\/\/yoast.com\/product\/yoast-seo-wordpress\/ -->\n<title>Extraljussats 60W 24V - Xenonkungen<\/title>\n<meta name=\"robots\" content=\"index, follow, max-snippet:-1, max-image-preview:large, max-video-preview:-1\" \/>\n<link rel=\"canonical\" href=\"http:\/\/xenonkungen.com\/es\/producto\/kit-de-luz-adicional-60w-24v\/\" \/>\n<meta property=\"og:locale\" content=\"es_ES\" \/>\n<meta property=\"og:type\" content=\"article\" \/>\n<meta property=\"og:title\" content=\"Extraljussats 60W 24V - Xenonkungen\" \/>\n<meta property=\"og:description\" content=\"Premium xenonkit exklusivt hos Xenonkungen. B\u00e5de ballast och lampor \u00e4r av typ Super fast start och High brightness: snabbstartande och med h\u00f6gre ljusstyrka\" \/>\n<meta property=\"og:url\" content=\"http:\/\/xenonkungen.com\/es\/producto\/kit-de-luz-adicional-60w-24v\/\" \/>\n<meta property=\"og:site_name\" content=\"Xenonkungen\" \/>\n<meta property=\"article:modified_time\" content=\"2026-04-29T18:54:58+00:00\" \/>\n<meta property=\"og:image\" content=\"https:\/\/xenonkungen.com\/wp-content\/uploads\/2025\/04\/77691275-origpic-5e2d69.jpg\" \/>\n\t<meta property=\"og:image:width\" content=\"1000\" \/>\n\t<meta property=\"og:image:height\" content=\"1000\" \/>\n\t<meta property=\"og:image:type\" content=\"image\/jpeg\" \/>\n<meta name=\"twitter:card\" content=\"summary_large_image\" \/>\n<meta name=\"twitter:label1\" content=\"Tiempo de lectura\" \/>\n\t<meta name=\"twitter:data1\" content=\"2 minutos\" \/>\n<script type=\"application\/ld+json\" class=\"yoast-schema-graph\">{\"@context\":\"https:\/\/schema.org\",\"@graph\":[{\"@type\":\"WebPage\",\"@id\":\"http:\/\/xenonkungen.com\/en\/product\/extra-light-kit-60w-24v\/\",\"url\":\"http:\/\/xenonkungen.com\/en\/product\/extra-light-kit-60w-24v\/\",\"name\":\"Extraljussats 60W 24V - Xenonkungen\",\"isPartOf\":{\"@id\":\"https:\/\/xenonkungen.com\/#website\"},\"primaryImageOfPage\":{\"@id\":\"http:\/\/xenonkungen.com\/en\/product\/extra-light-kit-60w-24v\/#primaryimage\"},\"image\":{\"@id\":\"http:\/\/xenonkungen.com\/en\/product\/extra-light-kit-60w-24v\/#primaryimage\"},\"thumbnailUrl\":\"https:\/\/xenonkungen.com\/wp-content\/uploads\/2025\/04\/77691275-origpic-5e2d69.jpg\",\"datePublished\":\"2025-04-15T08:48:03+00:00\",\"dateModified\":\"2026-04-29T18:54:58+00:00\",\"breadcrumb\":{\"@id\":\"http:\/\/xenonkungen.com\/en\/product\/extra-light-kit-60w-24v\/#breadcrumb\"},\"inLanguage\":\"es\",\"potentialAction\":[{\"@type\":\"ReadAction\",\"target\":[\"http:\/\/xenonkungen.com\/en\/product\/extra-light-kit-60w-24v\/\"]}]},{\"@type\":\"ImageObject\",\"inLanguage\":\"es\",\"@id\":\"http:\/\/xenonkungen.com\/en\/product\/extra-light-kit-60w-24v\/#primaryimage\",\"url\":\"https:\/\/xenonkungen.com\/wp-content\/uploads\/2025\/04\/77691275-origpic-5e2d69.jpg\",\"contentUrl\":\"https:\/\/xenonkungen.com\/wp-content\/uploads\/2025\/04\/77691275-origpic-5e2d69.jpg\",\"width\":1000,\"height\":1000},{\"@type\":\"BreadcrumbList\",\"@id\":\"http:\/\/xenonkungen.com\/en\/product\/extra-light-kit-60w-24v\/#breadcrumb\",\"itemListElement\":[{\"@type\":\"ListItem\",\"position\":1,\"name\":\"Hem\",\"item\":\"https:\/\/xenonkungen.com\/\"},{\"@type\":\"ListItem\",\"position\":2,\"name\":\"Shop\",\"item\":\"https:\/\/xenonkungen.com\/shop\/\"},{\"@type\":\"ListItem\",\"position\":3,\"name\":\"Extraljussats 60W 24V\"}]},{\"@type\":\"WebSite\",\"@id\":\"https:\/\/xenonkungen.com\/#website\",\"url\":\"https:\/\/xenonkungen.com\/\",\"name\":\"Xenonkungen\",\"description\":\"\",\"potentialAction\":[{\"@type\":\"SearchAction\",\"target\":{\"@type\":\"EntryPoint\",\"urlTemplate\":\"https:\/\/xenonkungen.com\/?s={search_term_string}\"},\"query-input\":{\"@type\":\"PropertyValueSpecification\",\"valueRequired\":true,\"valueName\":\"search_term_string\"}}],\"inLanguage\":\"es\"}]}<\/script>\n<!-- \/ Yoast SEO plugin. -->","yoast_head_json":{"title":"Kit de luces auxiliares 60W 24V - Xenonkungen","robots":{"index":"index","follow":"follow","max-snippet":"max-snippet:-1","max-image-preview":"max-image-preview:large","max-video-preview":"max-video-preview:-1"},"canonical":"http:\/\/xenonkungen.com\/es\/producto\/kit-de-luz-adicional-60w-24v\/","og_locale":"es_ES","og_type":"article","og_title":"Extraljussats 60W 24V - Xenonkungen","og_description":"Premium xenonkit exklusivt hos Xenonkungen. B\u00e5de ballast och lampor \u00e4r av typ Super fast start och High brightness: snabbstartande och med h\u00f6gre ljusstyrka","og_url":"http:\/\/xenonkungen.com\/es\/producto\/kit-de-luz-adicional-60w-24v\/","og_site_name":"Xenonkungen","article_modified_time":"2026-04-29T18:54:58+00:00","og_image":[{"width":1000,"height":1000,"url":"https:\/\/xenonkungen.com\/wp-content\/uploads\/2025\/04\/77691275-origpic-5e2d69.jpg","type":"image\/jpeg"}],"twitter_card":"summary_large_image","twitter_misc":{"Tiempo de lectura":"2 minutos"},"schema":{"@context":"https:\/\/schema.org","@graph":[{"@type":"WebPage","@id":"http:\/\/xenonkungen.com\/en\/product\/extra-light-kit-60w-24v\/","url":"http:\/\/xenonkungen.com\/en\/product\/extra-light-kit-60w-24v\/","name":"Kit de luces auxiliares 60W 24V - Xenonkungen","isPartOf":{"@id":"https:\/\/xenonkungen.com\/#website"},"primaryImageOfPage":{"@id":"http:\/\/xenonkungen.com\/en\/product\/extra-light-kit-60w-24v\/#primaryimage"},"image":{"@id":"http:\/\/xenonkungen.com\/en\/product\/extra-light-kit-60w-24v\/#primaryimage"},"thumbnailUrl":"https:\/\/xenonkungen.com\/wp-content\/uploads\/2025\/04\/77691275-origpic-5e2d69.jpg","datePublished":"2025-04-15T08:48:03+00:00","dateModified":"2026-04-29T18:54:58+00:00","breadcrumb":{"@id":"http:\/\/xenonkungen.com\/en\/product\/extra-light-kit-60w-24v\/#breadcrumb"},"inLanguage":"es","potentialAction":[{"@type":"ReadAction","target":["http:\/\/xenonkungen.com\/en\/product\/extra-light-kit-60w-24v\/"]}]},{"@type":"ImageObject","inLanguage":"es","@id":"http:\/\/xenonkungen.com\/en\/product\/extra-light-kit-60w-24v\/#primaryimage","url":"https:\/\/xenonkungen.com\/wp-content\/uploads\/2025\/04\/77691275-origpic-5e2d69.jpg","contentUrl":"https:\/\/xenonkungen.com\/wp-content\/uploads\/2025\/04\/77691275-origpic-5e2d69.jpg","width":1000,"height":1000},{"@type":"BreadcrumbList","@id":"http:\/\/xenonkungen.com\/en\/product\/extra-light-kit-60w-24v\/#breadcrumb","itemListElement":[{"@type":"ListItem","position":1,"name":"Hem","item":"https:\/\/xenonkungen.com\/"},{"@type":"ListItem","position":2,"name":"Shop","item":"https:\/\/xenonkungen.com\/shop\/"},{"@type":"ListItem","position":3,"name":"Extraljussats 60W 24V"}]},{"@type":"WebSite","@id":"https:\/\/xenonkungen.com\/#website","url":"https:\/\/xenonkungen.com\/","name":"Xenonkungen","description":"","potentialAction":[{"@type":"SearchAction","target":{"@type":"EntryPoint","urlTemplate":"https:\/\/xenonkungen.com\/?s={search_term_string}"},"query-input":{"@type":"PropertyValueSpecification","valueRequired":true,"valueName":"search_term_string"}}],"inLanguage":"es"}]}},"taxonomy_info":{"product_cat":[{"value":2485,"label":"Xenonkonvertering"}],"pa_fargtemperatur":[{"value":154,"label":"5000K"},{"value":188,"label":"6000K"},{"value":755,"label":"4300K"}],"pa_fuktskydd-varde-ipxx":[{"value":333,"label":"IP67"}],"pa_lampsockel-kontakt":[{"value":206,"label":"H7"},{"value":1216,"label":"D2H"},{"value":336,"label":"H1"},{"value":339,"label":"H3"}],"pa_volt-v":[{"value":160,"label":"24"}]},"featured_image_src_large":["https:\/\/xenonkungen.com\/wp-content\/uploads\/2025\/04\/77691275-origpic-5e2d69.jpg",1000,1000,false],"author_info":[],"comment_info":0,"_links":{"self":[{"href":"https:\/\/xenonkungen.com\/es\/wp-json\/wp\/v2\/product\/3063","targetHints":{"allow":["GET"]}}],"collection":[{"href":"https:\/\/xenonkungen.com\/es\/wp-json\/wp\/v2\/product"}],"about":[{"href":"https:\/\/xenonkungen.com\/es\/wp-json\/wp\/v2\/types\/product"}],"replies":[{"embeddable":true,"href":"https:\/\/xenonkungen.com\/es\/wp-json\/wp\/v2\/comments?post=3063"}],"wp:featuredmedia":[{"embeddable":true,"href":"https:\/\/xenonkungen.com\/es\/wp-json\/wp\/v2\/media\/3064"}],"wp:attachment":[{"href":"https:\/\/xenonkungen.com\/es\/wp-json\/wp\/v2\/media?parent=3063"}],"wp:term":[{"taxonomy":"anvandningsomrade","embeddable":true,"href":"https:\/\/xenonkungen.com\/es\/wp-json\/wp\/v2\/anvandningsomrade?post=3063"},{"taxonomy":"bilmarken","embeddable":true,"href":"https:\/\/xenonkungen.com\/es\/wp-json\/wp\/v2\/bilmarken?post=3063"},{"taxonomy":"product_brand","embeddable":true,"href":"https:\/\/xenonkungen.com\/es\/wp-json\/wp\/v2\/product_brand?post=3063"},{"taxonomy":"product_cat","embeddable":true,"href":"https:\/\/xenonkungen.com\/es\/wp-json\/wp\/v2\/product_cat?post=3063"},{"taxonomy":"product_tag","embeddable":true,"href":"https:\/\/xenonkungen.com\/es\/wp-json\/wp\/v2\/product_tag?post=3063"}],"curies":[{"name":"wp","href":"https:\/\/api.w.org\/{rel}","templated":true}]}}