{"id":3103,"date":"2025-04-15T08:48:13","date_gmt":"2025-04-15T08:48:13","guid":{"rendered":"https:\/\/xenonkungen.com\/product\/led-extraljus-nbb-alpha-225-fjarr\/"},"modified":"2026-04-24T16:52:58","modified_gmt":"2026-04-24T15:52:58","slug":"luz-auxiliar-led-nbb-alpha-225-fjarr","status":"publish","type":"product","link":"https:\/\/xenonkungen.com\/es\/producto\/luz-auxiliar-led-nbb-alpha-225-fjarr\/","title":{"rendered":"Luz LED Extra NBB Alpha 225 | Mando a distancia"},"content":{"rendered":"<h2><strong>NBB Alpha 225 LED - Potente luz auxiliar para una iluminaci\u00f3n y seguridad \u00f3ptimas<\/strong><\/h2>\n<p>Actualice la iluminaci\u00f3n de su veh\u00edculo con el NBB Alpha 225 LED, un faro auxiliar de alto rendimiento que no s\u00f3lo cumple sus expectativas, sino que las supera. Con su avanzada tecnolog\u00eda y su patr\u00f3n de luz cuidadosamente dise\u00f1ado, el Alpha 225 LED combina anchura y longitud para ofrecerle una visibilidad excepcional y una mayor seguridad en la carretera.<\/p>\n<p>Los LED de alta potencia integrados, junto con un sofisticado reflector de forma libre, garantizan que cada conducci\u00f3n sea m\u00e1s brillante y segura, sean cuales sean las condiciones meteorol\u00f3gicas. Adem\u00e1s, el faro auxiliar tiene un dise\u00f1o moderno y un robusto portal\u00e1mparas que resiste el paso del tiempo, lo que lo convierte en una inversi\u00f3n duradera para tu coche.<\/p>\n<p>El NBB Alpha 225 LED no s\u00f3lo es potente, tambi\u00e9n es pr\u00e1ctico. El cable de 0,5 m incluido con conector DT de 3 patillas facilita la instalaci\u00f3n. Para adaptarse a su estilo y necesidades, se incluye una tapa superior azul y otra negra, as\u00ed como una cubierta de mamparo de piedra para una mayor durabilidad.<\/p>\n<p>Con la homologaci\u00f3n E y la luz de posici\u00f3n, el Alpha 225 LED est\u00e1 listo para la carretera. Y para mayor tranquilidad, ofrecemos una garant\u00eda funcional de 3 a\u00f1os, aunque nula si se modifica el producto.<\/p>\n<p>\u00a1Dale a tu veh\u00edculo la iluminaci\u00f3n que se merece con el NBB Alpha 225 LED!<\/p>\n<p><strong>Especificaciones t\u00e9cnicas<\/strong><\/p>\n<p>CONDUJO: -<\/p>\n<p>L\u00famenes te\u00f3ricos: <span>&#8211;<\/span><\/p>\n<p>L\u00famenes brutos: -<\/p>\n<p>Lumen real: 6 200 lm<\/p>\n<p>Alcance: 1 lux a 470<\/p>\n<p>Voltios: 10-30V<\/p>\n<p>Potencia: 50 W<\/p>\n<p>Consumo real de energ\u00eda: -<\/p>\n<p>Consumo de energ\u00eda: -<\/p>\n<p>Temperatura de color: 6000K<\/p>\n<p>Presentaci\u00f3n de diapositivas: Conducci\u00f3n<\/p>\n<p>Certificado: E-approved<\/p>\n<p>Protecci\u00f3n contra la humedad: IP68<\/p>\n<p>Conexi\u00f3n: conector DT de 3 clavijas con cable de 0,5 m<\/p>\n<p>Dimensiones y peso: \u00d8 225 \/ 2,5 kg<\/p>\n<p>Garant\u00eda: 3 a\u00f1os de garant\u00eda funcional<\/p>","protected":false},"excerpt":{"rendered":"<p>Descubra el NBB Alpha 225 LED: un faro auxiliar de alto rendimiento que combina un dise\u00f1o moderno con una potente iluminaci\u00f3n. Mejore su visibilidad y seguridad en la carretera con la avanzada tecnolog\u00eda LED y la duradera carcasa de la l\u00e1mpara. Una soluci\u00f3n perfecta para condiciones de conducci\u00f3n exigentes.<\/p>","protected":false},"featured_media":3104,"comment_status":"closed","ping_status":"closed","template":"","meta":{"_acf_changed":false,"_smort_price_nok":"4486","_smort_price_dkk":"2850","_smort_price_eur":"381.8","_smort_sale_price_nok":"","_smort_sale_price_dkk":"","_smort_sale_price_eur":"","smort_restorder":"","shipmondo_restorder":"","_kad_blocks_custom_css":"","_kad_blocks_head_custom_js":"","_kad_blocks_body_custom_js":"","_kad_blocks_footer_custom_js":"","smort_custom_pricelist_1":"2688","smort_custom_pricelist_2":"2520","smort_custom_pricelist_3":"2520","smort_custom_pricelist_4":"3360","smort_custom_pricelist_5":"2520"},"anvandningsomrade":[],"bilmarken":[],"product_brand":[],"product_cat":[2840,2544,142],"product_tag":[],"class_list":{"0":"post-3103","1":"product","2":"type-product","3":"status-publish","4":"has-post-thumbnail","6":"product_cat-extraljus-ovriga-storlekar","7":"product_cat-nbb-xenon-led","8":"product_cat-extraljus","10":"first","11":"onbackorder","12":"taxable","13":"shipping-taxable","14":"purchasable","15":"product-type-simple"},"bundled_by":[],"bundle_stock_status":"onbackorder","bundle_stock_quantity":0,"bundle_virtual":false,"bundle_layout":"","bundle_add_to_cart_form_location":"","bundle_editable_in_cart":false,"bundle_sold_individually_context":"","bundle_item_grouping":"","bundle_min_size":"","bundle_max_size":"","bundle_price":[],"bundled_items":[],"bundle_sell_ids":[],"acf":[],"yoast_head":"<!-- This site is optimized with the Yoast SEO plugin v27.0 - https:\/\/yoast.com\/product\/yoast-seo-wordpress\/ -->\n<title>LED Extraljus NBB Alpha 225 | Fj\u00e4rr - Xenonkungen<\/title>\n<meta name=\"robots\" content=\"index, follow, max-snippet:-1, max-image-preview:large, max-video-preview:-1\" \/>\n<link rel=\"canonical\" href=\"https:\/\/xenonkungen.com\/es\/producto\/luz-auxiliar-led-nbb-alpha-225-fjarr\/\" \/>\n<meta property=\"og:locale\" content=\"es_ES\" \/>\n<meta property=\"og:type\" content=\"article\" \/>\n<meta property=\"og:title\" content=\"LED Extraljus NBB Alpha 225 | Fj\u00e4rr - Xenonkungen\" \/>\n<meta property=\"og:description\" content=\"Uppt\u00e4ck NBB Alpha 225 LED \u2013 ett h\u00f6gpresterande extraljus som kombinerar modern design med kraftfull belysning. F\u00f6rb\u00e4ttra din sikt och s\u00e4kerhet p\u00e5 v\u00e4gen med avancerad LED-teknik och h\u00e5llbart lamphus. En perfekt l\u00f6sning f\u00f6r kr\u00e4vande k\u00f6rf\u00f6rh\u00e5llanden.\" \/>\n<meta property=\"og:url\" content=\"https:\/\/xenonkungen.com\/es\/producto\/luz-auxiliar-led-nbb-alpha-225-fjarr\/\" \/>\n<meta property=\"og:site_name\" content=\"Xenonkungen\" \/>\n<meta property=\"article:modified_time\" content=\"2026-04-24T15:52:58+00:00\" \/>\n<meta property=\"og:image\" content=\"https:\/\/xenonkungen.com\/wp-content\/uploads\/2025\/04\/215238409-origpic-19a477.jpg\" \/>\n\t<meta property=\"og:image:width\" content=\"856\" \/>\n\t<meta property=\"og:image:height\" content=\"710\" \/>\n\t<meta property=\"og:image:type\" content=\"image\/jpeg\" \/>\n<meta name=\"twitter:card\" content=\"summary_large_image\" \/>\n<meta name=\"twitter:label1\" content=\"Tiempo de lectura\" \/>\n\t<meta name=\"twitter:data1\" content=\"1 minuto\" \/>\n<script type=\"application\/ld+json\" class=\"yoast-schema-graph\">{\"@context\":\"https:\/\/schema.org\",\"@graph\":[{\"@type\":\"WebPage\",\"@id\":\"https:\/\/xenonkungen.com\/produkt\/led-extraljus-nbb-alpha-225-fjarr\/\",\"url\":\"https:\/\/xenonkungen.com\/produkt\/led-extraljus-nbb-alpha-225-fjarr\/\",\"name\":\"LED Extraljus NBB Alpha 225 | Fj\u00e4rr - Xenonkungen\",\"isPartOf\":{\"@id\":\"https:\/\/xenonkungen.com\/#website\"},\"primaryImageOfPage\":{\"@id\":\"https:\/\/xenonkungen.com\/produkt\/led-extraljus-nbb-alpha-225-fjarr\/#primaryimage\"},\"image\":{\"@id\":\"https:\/\/xenonkungen.com\/produkt\/led-extraljus-nbb-alpha-225-fjarr\/#primaryimage\"},\"thumbnailUrl\":\"https:\/\/xenonkungen.com\/wp-content\/uploads\/2025\/04\/215238409-origpic-19a477.jpg\",\"datePublished\":\"2025-04-15T08:48:13+00:00\",\"dateModified\":\"2026-04-24T15:52:58+00:00\",\"breadcrumb\":{\"@id\":\"https:\/\/xenonkungen.com\/produkt\/led-extraljus-nbb-alpha-225-fjarr\/#breadcrumb\"},\"inLanguage\":\"es\",\"potentialAction\":[{\"@type\":\"ReadAction\",\"target\":[\"https:\/\/xenonkungen.com\/produkt\/led-extraljus-nbb-alpha-225-fjarr\/\"]}]},{\"@type\":\"ImageObject\",\"inLanguage\":\"es\",\"@id\":\"https:\/\/xenonkungen.com\/produkt\/led-extraljus-nbb-alpha-225-fjarr\/#primaryimage\",\"url\":\"https:\/\/xenonkungen.com\/wp-content\/uploads\/2025\/04\/215238409-origpic-19a477.jpg\",\"contentUrl\":\"https:\/\/xenonkungen.com\/wp-content\/uploads\/2025\/04\/215238409-origpic-19a477.jpg\",\"width\":856,\"height\":710},{\"@type\":\"BreadcrumbList\",\"@id\":\"https:\/\/xenonkungen.com\/produkt\/led-extraljus-nbb-alpha-225-fjarr\/#breadcrumb\",\"itemListElement\":[{\"@type\":\"ListItem\",\"position\":1,\"name\":\"Hem\",\"item\":\"https:\/\/xenonkungen.com\/\"},{\"@type\":\"ListItem\",\"position\":2,\"name\":\"Shop\",\"item\":\"https:\/\/xenonkungen.com\/shop\/\"},{\"@type\":\"ListItem\",\"position\":3,\"name\":\"LED Extraljus NBB Alpha 225 | Fj\u00e4rr\"}]},{\"@type\":\"WebSite\",\"@id\":\"https:\/\/xenonkungen.com\/#website\",\"url\":\"https:\/\/xenonkungen.com\/\",\"name\":\"Xenonkungen\",\"description\":\"\",\"potentialAction\":[{\"@type\":\"SearchAction\",\"target\":{\"@type\":\"EntryPoint\",\"urlTemplate\":\"https:\/\/xenonkungen.com\/?s={search_term_string}\"},\"query-input\":{\"@type\":\"PropertyValueSpecification\",\"valueRequired\":true,\"valueName\":\"search_term_string\"}}],\"inLanguage\":\"es\"}]}<\/script>\n<!-- \/ Yoast SEO plugin. -->","yoast_head_json":{"title":"Luz auxiliar LED NBB Alpha 225 | Control remoto - Xen\u00f3n","robots":{"index":"index","follow":"follow","max-snippet":"max-snippet:-1","max-image-preview":"max-image-preview:large","max-video-preview":"max-video-preview:-1"},"canonical":"https:\/\/xenonkungen.com\/es\/producto\/luz-auxiliar-led-nbb-alpha-225-fjarr\/","og_locale":"es_ES","og_type":"article","og_title":"LED Extraljus NBB Alpha 225 | Fj\u00e4rr - Xenonkungen","og_description":"Uppt\u00e4ck NBB Alpha 225 LED \u2013 ett h\u00f6gpresterande extraljus som kombinerar modern design med kraftfull belysning. F\u00f6rb\u00e4ttra din sikt och s\u00e4kerhet p\u00e5 v\u00e4gen med avancerad LED-teknik och h\u00e5llbart lamphus. En perfekt l\u00f6sning f\u00f6r kr\u00e4vande k\u00f6rf\u00f6rh\u00e5llanden.","og_url":"https:\/\/xenonkungen.com\/es\/producto\/luz-auxiliar-led-nbb-alpha-225-fjarr\/","og_site_name":"Xenonkungen","article_modified_time":"2026-04-24T15:52:58+00:00","og_image":[{"width":856,"height":710,"url":"https:\/\/xenonkungen.com\/wp-content\/uploads\/2025\/04\/215238409-origpic-19a477.jpg","type":"image\/jpeg"}],"twitter_card":"summary_large_image","twitter_misc":{"Tiempo de lectura":"1 minuto"},"schema":{"@context":"https:\/\/schema.org","@graph":[{"@type":"WebPage","@id":"https:\/\/xenonkungen.com\/produkt\/led-extraljus-nbb-alpha-225-fjarr\/","url":"https:\/\/xenonkungen.com\/produkt\/led-extraljus-nbb-alpha-225-fjarr\/","name":"Luz auxiliar LED NBB Alpha 225 | Control remoto - Xen\u00f3n","isPartOf":{"@id":"https:\/\/xenonkungen.com\/#website"},"primaryImageOfPage":{"@id":"https:\/\/xenonkungen.com\/produkt\/led-extraljus-nbb-alpha-225-fjarr\/#primaryimage"},"image":{"@id":"https:\/\/xenonkungen.com\/produkt\/led-extraljus-nbb-alpha-225-fjarr\/#primaryimage"},"thumbnailUrl":"https:\/\/xenonkungen.com\/wp-content\/uploads\/2025\/04\/215238409-origpic-19a477.jpg","datePublished":"2025-04-15T08:48:13+00:00","dateModified":"2026-04-24T15:52:58+00:00","breadcrumb":{"@id":"https:\/\/xenonkungen.com\/produkt\/led-extraljus-nbb-alpha-225-fjarr\/#breadcrumb"},"inLanguage":"es","potentialAction":[{"@type":"ReadAction","target":["https:\/\/xenonkungen.com\/produkt\/led-extraljus-nbb-alpha-225-fjarr\/"]}]},{"@type":"ImageObject","inLanguage":"es","@id":"https:\/\/xenonkungen.com\/produkt\/led-extraljus-nbb-alpha-225-fjarr\/#primaryimage","url":"https:\/\/xenonkungen.com\/wp-content\/uploads\/2025\/04\/215238409-origpic-19a477.jpg","contentUrl":"https:\/\/xenonkungen.com\/wp-content\/uploads\/2025\/04\/215238409-origpic-19a477.jpg","width":856,"height":710},{"@type":"BreadcrumbList","@id":"https:\/\/xenonkungen.com\/produkt\/led-extraljus-nbb-alpha-225-fjarr\/#breadcrumb","itemListElement":[{"@type":"ListItem","position":1,"name":"Hem","item":"https:\/\/xenonkungen.com\/"},{"@type":"ListItem","position":2,"name":"Shop","item":"https:\/\/xenonkungen.com\/shop\/"},{"@type":"ListItem","position":3,"name":"LED Extraljus NBB Alpha 225 | Fj\u00e4rr"}]},{"@type":"WebSite","@id":"https:\/\/xenonkungen.com\/#website","url":"https:\/\/xenonkungen.com\/","name":"Xenonkungen","description":"","potentialAction":[{"@type":"SearchAction","target":{"@type":"EntryPoint","urlTemplate":"https:\/\/xenonkungen.com\/?s={search_term_string}"},"query-input":{"@type":"PropertyValueSpecification","valueRequired":true,"valueName":"search_term_string"}}],"inLanguage":"es"}]}},"taxonomy_info":{"product_cat":[{"value":2840,"label":"Extraljus \u00d6vriga storlekar"},{"value":2544,"label":"NBB Xenon\/LED"},{"value":142,"label":"Extraljus"}]},"featured_image_src_large":["https:\/\/xenonkungen.com\/wp-content\/uploads\/2025\/04\/215238409-origpic-19a477.jpg",856,710,false],"author_info":[],"comment_info":0,"_links":{"self":[{"href":"https:\/\/xenonkungen.com\/es\/wp-json\/wp\/v2\/product\/3103","targetHints":{"allow":["GET"]}}],"collection":[{"href":"https:\/\/xenonkungen.com\/es\/wp-json\/wp\/v2\/product"}],"about":[{"href":"https:\/\/xenonkungen.com\/es\/wp-json\/wp\/v2\/types\/product"}],"replies":[{"embeddable":true,"href":"https:\/\/xenonkungen.com\/es\/wp-json\/wp\/v2\/comments?post=3103"}],"wp:featuredmedia":[{"embeddable":true,"href":"https:\/\/xenonkungen.com\/es\/wp-json\/wp\/v2\/media\/3104"}],"wp:attachment":[{"href":"https:\/\/xenonkungen.com\/es\/wp-json\/wp\/v2\/media?parent=3103"}],"wp:term":[{"taxonomy":"anvandningsomrade","embeddable":true,"href":"https:\/\/xenonkungen.com\/es\/wp-json\/wp\/v2\/anvandningsomrade?post=3103"},{"taxonomy":"bilmarken","embeddable":true,"href":"https:\/\/xenonkungen.com\/es\/wp-json\/wp\/v2\/bilmarken?post=3103"},{"taxonomy":"product_brand","embeddable":true,"href":"https:\/\/xenonkungen.com\/es\/wp-json\/wp\/v2\/product_brand?post=3103"},{"taxonomy":"product_cat","embeddable":true,"href":"https:\/\/xenonkungen.com\/es\/wp-json\/wp\/v2\/product_cat?post=3103"},{"taxonomy":"product_tag","embeddable":true,"href":"https:\/\/xenonkungen.com\/es\/wp-json\/wp\/v2\/product_tag?post=3103"}],"curies":[{"name":"wp","href":"https:\/\/api.w.org\/{rel}","templated":true}]}}