{"id":3149,"date":"2025-04-15T08:49:31","date_gmt":"2025-04-15T08:49:31","guid":{"rendered":"https:\/\/xenonkungen.com\/product\/briodlights-ramp-dubbelradig-mork-7840lm\/"},"modified":"2026-04-24T16:49:08","modified_gmt":"2026-04-24T15:49:08","slug":"briodlights-rampa-doble-fila-oscura-7840lm","status":"publish","type":"product","link":"https:\/\/xenonkungen.com\/es\/producto\/briodlights-rampa-doble-fila-oscura-7840lm\/","title":{"rendered":"BriodLights Rampa Doble Fila Oscura 7840lm"},"content":{"rendered":"<h1>Barra de luz auxiliar LED recta BridgeLights: Iluminaci\u00f3n potente y de alta calidad<\/h1>\n<p>Consigue una iluminaci\u00f3n excepcional y un rendimiento duradero con la barra de luz LED auxiliar recta BriodLights. Esta barra de luz est\u00e1 equipada con diodos Osram de alta eficiencia y calidad, que proporcionan un impresionante brillo de 7840 l\u00famenes. Gracias a su construcci\u00f3n robusta e impermeable, est\u00e1 preparada para afrontar las condiciones m\u00e1s exigentes, tanto en carretera como fuera de ella.<\/p>\n<h2>Caracter\u00edsticas y ventajas:<\/h2>\n<ol>\n<li><strong>Diodos de alta calidad de Osram:<\/strong> La barra de luz cuenta con filas dobles de diodos Osram de alta eficiencia de 5 W, que proporcionan un brillo impresionante y un rendimiento \u00f3ptimo.<\/li>\n<li><strong>Construcci\u00f3n robusta:<\/strong> Con una carcasa de aluminio con recubrimiento de polvo negro y cristal ahumado, esta barra de luces es resistente a los golpes, impermeable y est\u00e1 dise\u00f1ada para durar muchos a\u00f1os.<\/li>\n<li><strong>Soportes de acero inoxidable para montaje lateral y montaje inferior:<\/strong> La barra de luces viene con soportes de acero inoxidable para montaje lateral e inferior, lo que le brinda flexibilidad y una f\u00e1cil instalaci\u00f3n.<\/li>\n<li><strong>Clasificaci\u00f3n IP68\/IP69K:<\/strong> La barra de luces cuenta con el grado de protecci\u00f3n m\u00e1s alto para garantizar que sea resistente al agua y al polvo, incluso en las condiciones m\u00e1s exigentes.<\/li>\n<li><strong>Cumple con las normas ECE R112, R10, R7 y CE:<\/strong> La barra de luces cumple con las normas y requisitos europeos de seguridad y compatibilidad.<\/li>\n<\/ol>\n<p>La barra de luces auxiliares LED recta de BridgeLight ofrece una impresionante potencia lum\u00ednica y una alta calidad. Gracias a sus soportes laterales flexibles y su larga vida \u00fatil, es perfecta para aumentar la visibilidad y la seguridad tanto en carretera como fuera de ella.<\/p>","protected":false},"excerpt":{"rendered":"<p>BriodLights Rak LED Extraljusramp: Kraftfull Belysning och H\u00f6g Kvalitet F\u00e5 enast\u00e5ende belysning och l\u00e5ngvarig prestanda med BriodLights rak LED extraljusramp. Denna ljusramp \u00e4r utrustad med h\u00f6geffektiva och h\u00f6gkvalitativa dioder fr\u00e5n Osram, vilket ger en imponerande ljusstyrka p\u00e5 7840 lumen. Med sitt robusta och vattent\u00e4ta konstruktion \u00e4r den redo att m\u00f6ta de tuffaste f\u00f6rh\u00e5llandena p\u00e5 v\u00e4gen [&hellip;]<\/p>","protected":false},"featured_media":3150,"comment_status":"closed","ping_status":"open","template":"","meta":{"_acf_changed":false,"_smort_price_nok":"4198","_smort_price_dkk":"2667","_smort_price_eur":"357.26","_smort_sale_price_nok":"","_smort_sale_price_dkk":"","_smort_sale_price_eur":"","smort_restorder":"","shipmondo_restorder":"","_kad_blocks_custom_css":"","_kad_blocks_head_custom_js":"","_kad_blocks_body_custom_js":"","_kad_blocks_footer_custom_js":"","smort_custom_pricelist_1":"2960","smort_custom_pricelist_2":"2960","smort_custom_pricelist_3":"2960","smort_custom_pricelist_4":"3700","smort_custom_pricelist_5":"2960"},"anvandningsomrade":[],"bilmarken":[],"product_brand":[92],"product_cat":[2966,2539],"product_tag":[2788],"class_list":{"0":"post-3149","1":"product","2":"type-product","3":"status-publish","4":"has-post-thumbnail","6":"product_brand-briodlights","7":"product_cat-ledramp-rak","8":"product_cat-ledramper","9":"product_tag-black-week-exclude","10":"pa_fargtemperatur-5700k","11":"pa_fuktskydd-varde-ipxx-ip68-ip69k","12":"pa_godkannande-ce-ece-r112-r10-r7","13":"pa_lampsockel-kontakt-dt","14":"pa_led-chips-effekt-w-152","15":"pa_ljusbild-combo","16":"pa_storlek-mm-815x70x67","17":"pa_stromforbrukning-47a24v","18":"pa_stromforbrukning-92a12v","19":"pa_volt-v-multivolt-10-12-16-18-24-28-30","21":"first","22":"onbackorder","23":"taxable","24":"shipping-taxable","25":"purchasable","26":"product-type-simple"},"bundled_by":[],"bundle_stock_status":"onbackorder","bundle_stock_quantity":0,"bundle_virtual":false,"bundle_layout":"","bundle_add_to_cart_form_location":"","bundle_editable_in_cart":false,"bundle_sold_individually_context":"","bundle_item_grouping":"","bundle_min_size":"","bundle_max_size":"","bundle_price":[],"bundled_items":[],"bundle_sell_ids":[],"acf":[],"yoast_head":"<!-- This site is optimized with the Yoast SEO plugin v27.0 - https:\/\/yoast.com\/product\/yoast-seo-wordpress\/ -->\n<title>BriodLights Ramp Dubbelradig M\u00f6rk 7840lm - Xenonkungen<\/title>\n<meta name=\"robots\" content=\"index, follow, max-snippet:-1, max-image-preview:large, max-video-preview:-1\" \/>\n<link rel=\"canonical\" href=\"https:\/\/xenonkungen.com\/es\/producto\/briodlights-rampa-doble-fila-oscura-7840lm\/\" \/>\n<meta property=\"og:locale\" content=\"es_ES\" \/>\n<meta property=\"og:type\" content=\"article\" \/>\n<meta property=\"og:title\" content=\"BriodLights Ramp Dubbelradig M\u00f6rk 7840lm - Xenonkungen\" \/>\n<meta property=\"og:description\" content=\"BriodLights Rak LED Extraljusramp: Kraftfull Belysning och H\u00f6g Kvalitet F\u00e5 enast\u00e5ende belysning och l\u00e5ngvarig prestanda med BriodLights rak LED extraljusramp. Denna ljusramp \u00e4r utrustad med h\u00f6geffektiva och h\u00f6gkvalitativa dioder fr\u00e5n Osram, vilket ger en imponerande ljusstyrka p\u00e5 7840 lumen. Med sitt robusta och vattent\u00e4ta konstruktion \u00e4r den redo att m\u00f6ta de tuffaste f\u00f6rh\u00e5llandena p\u00e5 v\u00e4gen [&hellip;]\" \/>\n<meta property=\"og:url\" content=\"https:\/\/xenonkungen.com\/es\/producto\/briodlights-rampa-doble-fila-oscura-7840lm\/\" \/>\n<meta property=\"og:site_name\" content=\"Xenonkungen\" \/>\n<meta property=\"article:modified_time\" content=\"2026-04-24T15:49:08+00:00\" \/>\n<meta property=\"og:image\" content=\"https:\/\/xenonkungen.com\/wp-content\/uploads\/2025\/04\/15229_itemimage_2.jpg\" \/>\n\t<meta property=\"og:image:width\" content=\"2048\" \/>\n\t<meta property=\"og:image:height\" content=\"1536\" \/>\n\t<meta property=\"og:image:type\" content=\"image\/jpeg\" \/>\n<meta name=\"twitter:card\" content=\"summary_large_image\" \/>\n<meta name=\"twitter:label1\" content=\"Tiempo de lectura\" \/>\n\t<meta name=\"twitter:data1\" content=\"1 minuto\" \/>\n<script type=\"application\/ld+json\" class=\"yoast-schema-graph\">{\"@context\":\"https:\/\/schema.org\",\"@graph\":[{\"@type\":\"WebPage\",\"@id\":\"https:\/\/xenonkungen.com\/produkt\/briodlights-ramp-dubbelradig-mork-7840lm\/\",\"url\":\"https:\/\/xenonkungen.com\/produkt\/briodlights-ramp-dubbelradig-mork-7840lm\/\",\"name\":\"BriodLights Ramp Dubbelradig M\u00f6rk 7840lm - Xenonkungen\",\"isPartOf\":{\"@id\":\"https:\/\/xenonkungen.com\/#website\"},\"primaryImageOfPage\":{\"@id\":\"https:\/\/xenonkungen.com\/produkt\/briodlights-ramp-dubbelradig-mork-7840lm\/#primaryimage\"},\"image\":{\"@id\":\"https:\/\/xenonkungen.com\/produkt\/briodlights-ramp-dubbelradig-mork-7840lm\/#primaryimage\"},\"thumbnailUrl\":\"https:\/\/xenonkungen.com\/wp-content\/uploads\/2025\/04\/15229_itemimage_2.jpg\",\"datePublished\":\"2025-04-15T08:49:31+00:00\",\"dateModified\":\"2026-04-24T15:49:08+00:00\",\"breadcrumb\":{\"@id\":\"https:\/\/xenonkungen.com\/produkt\/briodlights-ramp-dubbelradig-mork-7840lm\/#breadcrumb\"},\"inLanguage\":\"es\",\"potentialAction\":[{\"@type\":\"ReadAction\",\"target\":[\"https:\/\/xenonkungen.com\/produkt\/briodlights-ramp-dubbelradig-mork-7840lm\/\"]}]},{\"@type\":\"ImageObject\",\"inLanguage\":\"es\",\"@id\":\"https:\/\/xenonkungen.com\/produkt\/briodlights-ramp-dubbelradig-mork-7840lm\/#primaryimage\",\"url\":\"https:\/\/xenonkungen.com\/wp-content\/uploads\/2025\/04\/15229_itemimage_2.jpg\",\"contentUrl\":\"https:\/\/xenonkungen.com\/wp-content\/uploads\/2025\/04\/15229_itemimage_2.jpg\",\"width\":2048,\"height\":1536},{\"@type\":\"BreadcrumbList\",\"@id\":\"https:\/\/xenonkungen.com\/produkt\/briodlights-ramp-dubbelradig-mork-7840lm\/#breadcrumb\",\"itemListElement\":[{\"@type\":\"ListItem\",\"position\":1,\"name\":\"Hem\",\"item\":\"https:\/\/xenonkungen.com\/\"},{\"@type\":\"ListItem\",\"position\":2,\"name\":\"Shop\",\"item\":\"https:\/\/xenonkungen.com\/shop\/\"},{\"@type\":\"ListItem\",\"position\":3,\"name\":\"BriodLights Ramp Dubbelradig M\u00f6rk 7840lm\"}]},{\"@type\":\"WebSite\",\"@id\":\"https:\/\/xenonkungen.com\/#website\",\"url\":\"https:\/\/xenonkungen.com\/\",\"name\":\"Xenonkungen\",\"description\":\"\",\"potentialAction\":[{\"@type\":\"SearchAction\",\"target\":{\"@type\":\"EntryPoint\",\"urlTemplate\":\"https:\/\/xenonkungen.com\/?s={search_term_string}\"},\"query-input\":{\"@type\":\"PropertyValueSpecification\",\"valueRequired\":true,\"valueName\":\"search_term_string\"}}],\"inLanguage\":\"es\"}]}<\/script>\n<!-- \/ Yoast SEO plugin. -->","yoast_head_json":{"title":"BriodLights Rampa Doble Fila Oscura 7840lm - Xen\u00f3n","robots":{"index":"index","follow":"follow","max-snippet":"max-snippet:-1","max-image-preview":"max-image-preview:large","max-video-preview":"max-video-preview:-1"},"canonical":"https:\/\/xenonkungen.com\/es\/producto\/briodlights-rampa-doble-fila-oscura-7840lm\/","og_locale":"es_ES","og_type":"article","og_title":"BriodLights Ramp Dubbelradig M\u00f6rk 7840lm - Xenonkungen","og_description":"BriodLights Rak LED Extraljusramp: Kraftfull Belysning och H\u00f6g Kvalitet F\u00e5 enast\u00e5ende belysning och l\u00e5ngvarig prestanda med BriodLights rak LED extraljusramp. Denna ljusramp \u00e4r utrustad med h\u00f6geffektiva och h\u00f6gkvalitativa dioder fr\u00e5n Osram, vilket ger en imponerande ljusstyrka p\u00e5 7840 lumen. Med sitt robusta och vattent\u00e4ta konstruktion \u00e4r den redo att m\u00f6ta de tuffaste f\u00f6rh\u00e5llandena p\u00e5 v\u00e4gen [&hellip;]","og_url":"https:\/\/xenonkungen.com\/es\/producto\/briodlights-rampa-doble-fila-oscura-7840lm\/","og_site_name":"Xenonkungen","article_modified_time":"2026-04-24T15:49:08+00:00","og_image":[{"width":2048,"height":1536,"url":"https:\/\/xenonkungen.com\/wp-content\/uploads\/2025\/04\/15229_itemimage_2.jpg","type":"image\/jpeg"}],"twitter_card":"summary_large_image","twitter_misc":{"Tiempo de lectura":"1 minuto"},"schema":{"@context":"https:\/\/schema.org","@graph":[{"@type":"WebPage","@id":"https:\/\/xenonkungen.com\/produkt\/briodlights-ramp-dubbelradig-mork-7840lm\/","url":"https:\/\/xenonkungen.com\/produkt\/briodlights-ramp-dubbelradig-mork-7840lm\/","name":"BriodLights Rampa Doble Fila Oscura 7840lm - Xen\u00f3n","isPartOf":{"@id":"https:\/\/xenonkungen.com\/#website"},"primaryImageOfPage":{"@id":"https:\/\/xenonkungen.com\/produkt\/briodlights-ramp-dubbelradig-mork-7840lm\/#primaryimage"},"image":{"@id":"https:\/\/xenonkungen.com\/produkt\/briodlights-ramp-dubbelradig-mork-7840lm\/#primaryimage"},"thumbnailUrl":"https:\/\/xenonkungen.com\/wp-content\/uploads\/2025\/04\/15229_itemimage_2.jpg","datePublished":"2025-04-15T08:49:31+00:00","dateModified":"2026-04-24T15:49:08+00:00","breadcrumb":{"@id":"https:\/\/xenonkungen.com\/produkt\/briodlights-ramp-dubbelradig-mork-7840lm\/#breadcrumb"},"inLanguage":"es","potentialAction":[{"@type":"ReadAction","target":["https:\/\/xenonkungen.com\/produkt\/briodlights-ramp-dubbelradig-mork-7840lm\/"]}]},{"@type":"ImageObject","inLanguage":"es","@id":"https:\/\/xenonkungen.com\/produkt\/briodlights-ramp-dubbelradig-mork-7840lm\/#primaryimage","url":"https:\/\/xenonkungen.com\/wp-content\/uploads\/2025\/04\/15229_itemimage_2.jpg","contentUrl":"https:\/\/xenonkungen.com\/wp-content\/uploads\/2025\/04\/15229_itemimage_2.jpg","width":2048,"height":1536},{"@type":"BreadcrumbList","@id":"https:\/\/xenonkungen.com\/produkt\/briodlights-ramp-dubbelradig-mork-7840lm\/#breadcrumb","itemListElement":[{"@type":"ListItem","position":1,"name":"Hem","item":"https:\/\/xenonkungen.com\/"},{"@type":"ListItem","position":2,"name":"Shop","item":"https:\/\/xenonkungen.com\/shop\/"},{"@type":"ListItem","position":3,"name":"BriodLights Ramp Dubbelradig M\u00f6rk 7840lm"}]},{"@type":"WebSite","@id":"https:\/\/xenonkungen.com\/#website","url":"https:\/\/xenonkungen.com\/","name":"Xenonkungen","description":"","potentialAction":[{"@type":"SearchAction","target":{"@type":"EntryPoint","urlTemplate":"https:\/\/xenonkungen.com\/?s={search_term_string}"},"query-input":{"@type":"PropertyValueSpecification","valueRequired":true,"valueName":"search_term_string"}}],"inLanguage":"es"}]}},"taxonomy_info":{"product_brand":[{"value":92,"label":"Briodlights"}],"product_cat":[{"value":2966,"label":"Ledramp Rak"},{"value":2539,"label":"LEDRAMPER"}],"product_tag":[{"value":2788,"label":"black-week-exclude"}],"pa_fargtemperatur":[{"value":226,"label":"5700K"}],"pa_fuktskydd-varde-ipxx":[{"value":402,"label":"IP68. IP69K"}],"pa_godkannande":[{"value":1015,"label":"CE, ECE, R112, R10, R7"}],"pa_lampsockel-kontakt":[{"value":329,"label":"DT"}],"pa_led-chips-effekt-w":[{"value":152,"label":"300"}],"pa_ljusbild":[{"value":804,"label":"Combo"}],"pa_storlek-mm":[{"value":1012,"label":"815x70x67"}],"pa_stromforbrukning":[{"value":1014,"label":"4,7A@24V"},{"value":1013,"label":"9,2A@12V"}],"pa_volt-v":[{"value":773,"label":"Multivolt, 10, 12, 16, 18, 24, 28, 30"}]},"featured_image_src_large":["https:\/\/xenonkungen.com\/wp-content\/uploads\/2025\/04\/15229_itemimage_2-1024x768.jpg",1024,768,true],"author_info":[],"comment_info":0,"_links":{"self":[{"href":"https:\/\/xenonkungen.com\/es\/wp-json\/wp\/v2\/product\/3149","targetHints":{"allow":["GET"]}}],"collection":[{"href":"https:\/\/xenonkungen.com\/es\/wp-json\/wp\/v2\/product"}],"about":[{"href":"https:\/\/xenonkungen.com\/es\/wp-json\/wp\/v2\/types\/product"}],"replies":[{"embeddable":true,"href":"https:\/\/xenonkungen.com\/es\/wp-json\/wp\/v2\/comments?post=3149"}],"wp:featuredmedia":[{"embeddable":true,"href":"https:\/\/xenonkungen.com\/es\/wp-json\/wp\/v2\/media\/3150"}],"wp:attachment":[{"href":"https:\/\/xenonkungen.com\/es\/wp-json\/wp\/v2\/media?parent=3149"}],"wp:term":[{"taxonomy":"anvandningsomrade","embeddable":true,"href":"https:\/\/xenonkungen.com\/es\/wp-json\/wp\/v2\/anvandningsomrade?post=3149"},{"taxonomy":"bilmarken","embeddable":true,"href":"https:\/\/xenonkungen.com\/es\/wp-json\/wp\/v2\/bilmarken?post=3149"},{"taxonomy":"product_brand","embeddable":true,"href":"https:\/\/xenonkungen.com\/es\/wp-json\/wp\/v2\/product_brand?post=3149"},{"taxonomy":"product_cat","embeddable":true,"href":"https:\/\/xenonkungen.com\/es\/wp-json\/wp\/v2\/product_cat?post=3149"},{"taxonomy":"product_tag","embeddable":true,"href":"https:\/\/xenonkungen.com\/es\/wp-json\/wp\/v2\/product_tag?post=3149"}],"curies":[{"name":"wp","href":"https:\/\/api.w.org\/{rel}","templated":true}]}}