{"id":3239,"date":"2025-04-15T08:51:31","date_gmt":"2025-04-15T08:51:31","guid":{"rendered":"https:\/\/xenonkungen.com\/product\/briodlights-led-baklampa-blixtljus-10-30-v\/"},"modified":"2025-12-10T14:44:02","modified_gmt":"2025-12-10T13:44:02","slug":"luz-trasera-led-briodlights-luz-intermitente-10-30-v","status":"publish","type":"product","link":"https:\/\/xenonkungen.com\/es\/producto\/luz-trasera-led-briodlights-luz-intermitente-10-30-v\/","title":{"rendered":"BriodLights Piloto trasero LED 10-30 V"},"content":{"rendered":"<h1>Luz trasera LED BriodLights: Una soluci\u00f3n ideal para su veh\u00edculo<\/h1>\n<h2>Brillo radiante con las luces traseras LED BriodLights<\/h2>\n<p>Cuando se trata de luces traseras robustas y de alto rendimiento para su veh\u00edculo, la luz trasera LED 10-30V de BriodLights destaca como una excelente opci\u00f3n. La l\u00e1mpara est\u00e1 equipada con una salida de luz de 56 diodos, proporcionando una iluminaci\u00f3n clara y eficiente para todo tipo de necesidades del veh\u00edculo.<\/p>\n<h2>Construcci\u00f3n duradera y resistente<\/h2>\n<p>Esta luz trasera cuenta con un inserto de l\u00e1mpara hecha de policarbonato duradero. Esta construcci\u00f3n duradera asegura una larga vida y resistencia al desgaste y da\u00f1os, proporcionando una excelente inversi\u00f3n para las necesidades de iluminaci\u00f3n de su veh\u00edculo.<\/p>\n<h2>F\u00e1cil instalaci\u00f3n y uso<\/h2>\n<p>La luz trasera LED BriodLights viene con un cable preensamblado de 2,5 metros, por lo que la instalaci\u00f3n de una brisa. Tenga en cuenta que este cable no se debe cortar a menos de 0,5 metros para garantizar un rendimiento \u00f3ptimo. Adem\u00e1s, la luz est\u00e1 dise\u00f1ada con una profundidad de instalaci\u00f3n de 45 mm, por lo que es f\u00e1cil de encajar en la mayor\u00eda de los veh\u00edculos.<\/p>","protected":false},"excerpt":{"rendered":"<p>BriodLights LED Baklampa: En Ideal L\u00f6sning f\u00f6r Ditt Fordon Utstr\u00e5lande Ljusstyrka med BriodLights LED Baklampa N\u00e4r det kommer till h\u00f6gpresterande och robusta baklampor f\u00f6r ditt fordon, utm\u00e4rker sig BriodLights LED Baklampa 10-30 V som ett utm\u00e4rkt val. Lampan \u00e4r utrustad med en ljuskraft fr\u00e5n 56 dioder, vilket ger klar och effektiv belysning f\u00f6r alla slags [&hellip;]<\/p>","protected":false},"featured_media":3240,"comment_status":"closed","ping_status":"open","template":"","meta":{"_acf_changed":false,"_smort_price_nok":"1170","_smort_price_dkk":"743","_smort_price_eur":"99.54","_smort_sale_price_nok":"","_smort_sale_price_dkk":"","_smort_sale_price_eur":"","smort_restorder":"","shipmondo_restorder":"","_kad_blocks_custom_css":"","_kad_blocks_head_custom_js":"","_kad_blocks_body_custom_js":"","_kad_blocks_footer_custom_js":"","smort_custom_pricelist_1":"700.8","smort_custom_pricelist_2":"613.2","smort_custom_pricelist_3":"582.54","smort_custom_pricelist_4":"876","smort_custom_pricelist_5":"613.2"},"anvandningsomrade":[166,238,2816],"bilmarken":[],"product_brand":[92],"product_cat":[2552],"product_tag":[2788],"class_list":{"0":"post-3239","1":"product","2":"type-product","3":"status-publish","4":"has-post-thumbnail","6":"anvandningsomrade-lastbil","7":"anvandningsomrade-slap","8":"anvandningsomrade-trailer","9":"product_brand-briodlights","10":"product_cat-bakljus-slap","11":"product_tag-black-week-exclude","12":"pa_fargtemperatur-white","13":"pa_volt-v-multivolt-10-12-16-18-24-28-30","15":"first","16":"onbackorder","17":"taxable","18":"shipping-taxable","19":"purchasable","20":"product-type-simple"},"bundled_by":[],"bundle_stock_status":"onbackorder","bundle_stock_quantity":0,"bundle_virtual":false,"bundle_layout":"","bundle_add_to_cart_form_location":"","bundle_editable_in_cart":false,"bundle_sold_individually_context":"","bundle_item_grouping":"","bundle_min_size":"","bundle_max_size":"","bundle_price":[],"bundled_items":[],"bundle_sell_ids":[],"acf":[],"yoast_head":"<!-- This site is optimized with the Yoast SEO plugin v27.0 - https:\/\/yoast.com\/product\/yoast-seo-wordpress\/ -->\n<title>BriodLights LED baklampa blixtljus 10-30 V - Xenonkungen<\/title>\n<meta name=\"robots\" content=\"index, follow, max-snippet:-1, max-image-preview:large, max-video-preview:-1\" \/>\n<link rel=\"canonical\" href=\"https:\/\/xenonkungen.com\/es\/producto\/luz-trasera-led-briodlights-luz-intermitente-10-30-v\/\" \/>\n<meta property=\"og:locale\" content=\"es_ES\" \/>\n<meta property=\"og:type\" content=\"article\" \/>\n<meta property=\"og:title\" content=\"BriodLights LED baklampa blixtljus 10-30 V - Xenonkungen\" \/>\n<meta property=\"og:description\" content=\"BriodLights LED Baklampa: En Ideal L\u00f6sning f\u00f6r Ditt Fordon Utstr\u00e5lande Ljusstyrka med BriodLights LED Baklampa N\u00e4r det kommer till h\u00f6gpresterande och robusta baklampor f\u00f6r ditt fordon, utm\u00e4rker sig BriodLights LED Baklampa 10-30 V som ett utm\u00e4rkt val. Lampan \u00e4r utrustad med en ljuskraft fr\u00e5n 56 dioder, vilket ger klar och effektiv belysning f\u00f6r alla slags [&hellip;]\" \/>\n<meta property=\"og:url\" content=\"https:\/\/xenonkungen.com\/es\/producto\/luz-trasera-led-briodlights-luz-intermitente-10-30-v\/\" \/>\n<meta property=\"og:site_name\" content=\"Xenonkungen\" \/>\n<meta property=\"article:modified_time\" content=\"2025-12-10T13:44:02+00:00\" \/>\n<meta property=\"og:image\" content=\"https:\/\/xenonkungen.com\/wp-content\/uploads\/2025\/04\/41930_itemimage_mainfront-3.jpg\" \/>\n\t<meta property=\"og:image:width\" content=\"2048\" \/>\n\t<meta property=\"og:image:height\" content=\"1536\" \/>\n\t<meta property=\"og:image:type\" content=\"image\/jpeg\" \/>\n<meta name=\"twitter:card\" content=\"summary_large_image\" \/>\n<meta name=\"twitter:label1\" content=\"Tiempo de lectura\" \/>\n\t<meta name=\"twitter:data1\" content=\"1 minuto\" \/>\n<script type=\"application\/ld+json\" class=\"yoast-schema-graph\">{\"@context\":\"https:\/\/schema.org\",\"@graph\":[{\"@type\":\"WebPage\",\"@id\":\"https:\/\/xenonkungen.com\/produkt\/briodlights-led-baklampa-blixtljus-10-30-v\/\",\"url\":\"https:\/\/xenonkungen.com\/produkt\/briodlights-led-baklampa-blixtljus-10-30-v\/\",\"name\":\"BriodLights LED baklampa blixtljus 10-30 V - Xenonkungen\",\"isPartOf\":{\"@id\":\"https:\/\/xenonkungen.com\/#website\"},\"primaryImageOfPage\":{\"@id\":\"https:\/\/xenonkungen.com\/produkt\/briodlights-led-baklampa-blixtljus-10-30-v\/#primaryimage\"},\"image\":{\"@id\":\"https:\/\/xenonkungen.com\/produkt\/briodlights-led-baklampa-blixtljus-10-30-v\/#primaryimage\"},\"thumbnailUrl\":\"https:\/\/xenonkungen.com\/wp-content\/uploads\/2025\/04\/41930_itemimage_mainfront-3.jpg\",\"datePublished\":\"2025-04-15T08:51:31+00:00\",\"dateModified\":\"2025-12-10T13:44:02+00:00\",\"breadcrumb\":{\"@id\":\"https:\/\/xenonkungen.com\/produkt\/briodlights-led-baklampa-blixtljus-10-30-v\/#breadcrumb\"},\"inLanguage\":\"es\",\"potentialAction\":[{\"@type\":\"ReadAction\",\"target\":[\"https:\/\/xenonkungen.com\/produkt\/briodlights-led-baklampa-blixtljus-10-30-v\/\"]}]},{\"@type\":\"ImageObject\",\"inLanguage\":\"es\",\"@id\":\"https:\/\/xenonkungen.com\/produkt\/briodlights-led-baklampa-blixtljus-10-30-v\/#primaryimage\",\"url\":\"https:\/\/xenonkungen.com\/wp-content\/uploads\/2025\/04\/41930_itemimage_mainfront-3.jpg\",\"contentUrl\":\"https:\/\/xenonkungen.com\/wp-content\/uploads\/2025\/04\/41930_itemimage_mainfront-3.jpg\",\"width\":2048,\"height\":1536},{\"@type\":\"BreadcrumbList\",\"@id\":\"https:\/\/xenonkungen.com\/produkt\/briodlights-led-baklampa-blixtljus-10-30-v\/#breadcrumb\",\"itemListElement\":[{\"@type\":\"ListItem\",\"position\":1,\"name\":\"Hem\",\"item\":\"https:\/\/xenonkungen.com\/\"},{\"@type\":\"ListItem\",\"position\":2,\"name\":\"Shop\",\"item\":\"https:\/\/xenonkungen.com\/shop\/\"},{\"@type\":\"ListItem\",\"position\":3,\"name\":\"BriodLights LED baklampa blixtljus 10-30 V\"}]},{\"@type\":\"WebSite\",\"@id\":\"https:\/\/xenonkungen.com\/#website\",\"url\":\"https:\/\/xenonkungen.com\/\",\"name\":\"Xenonkungen\",\"description\":\"\",\"potentialAction\":[{\"@type\":\"SearchAction\",\"target\":{\"@type\":\"EntryPoint\",\"urlTemplate\":\"https:\/\/xenonkungen.com\/?s={search_term_string}\"},\"query-input\":{\"@type\":\"PropertyValueSpecification\",\"valueRequired\":true,\"valueName\":\"search_term_string\"}}],\"inLanguage\":\"es\"}]}<\/script>\n<!-- \/ Yoast SEO plugin. -->","yoast_head_json":{"title":"BriodLights LED taillight flash light 10-30 V - Xenonkungen","robots":{"index":"index","follow":"follow","max-snippet":"max-snippet:-1","max-image-preview":"max-image-preview:large","max-video-preview":"max-video-preview:-1"},"canonical":"https:\/\/xenonkungen.com\/es\/producto\/luz-trasera-led-briodlights-luz-intermitente-10-30-v\/","og_locale":"es_ES","og_type":"article","og_title":"BriodLights LED baklampa blixtljus 10-30 V - Xenonkungen","og_description":"BriodLights LED Baklampa: En Ideal L\u00f6sning f\u00f6r Ditt Fordon Utstr\u00e5lande Ljusstyrka med BriodLights LED Baklampa N\u00e4r det kommer till h\u00f6gpresterande och robusta baklampor f\u00f6r ditt fordon, utm\u00e4rker sig BriodLights LED Baklampa 10-30 V som ett utm\u00e4rkt val. Lampan \u00e4r utrustad med en ljuskraft fr\u00e5n 56 dioder, vilket ger klar och effektiv belysning f\u00f6r alla slags [&hellip;]","og_url":"https:\/\/xenonkungen.com\/es\/producto\/luz-trasera-led-briodlights-luz-intermitente-10-30-v\/","og_site_name":"Xenonkungen","article_modified_time":"2025-12-10T13:44:02+00:00","og_image":[{"width":2048,"height":1536,"url":"https:\/\/xenonkungen.com\/wp-content\/uploads\/2025\/04\/41930_itemimage_mainfront-3.jpg","type":"image\/jpeg"}],"twitter_card":"summary_large_image","twitter_misc":{"Tiempo de lectura":"1 minuto"},"schema":{"@context":"https:\/\/schema.org","@graph":[{"@type":"WebPage","@id":"https:\/\/xenonkungen.com\/produkt\/briodlights-led-baklampa-blixtljus-10-30-v\/","url":"https:\/\/xenonkungen.com\/produkt\/briodlights-led-baklampa-blixtljus-10-30-v\/","name":"BriodLights LED taillight flash light 10-30 V - Xenonkungen","isPartOf":{"@id":"https:\/\/xenonkungen.com\/#website"},"primaryImageOfPage":{"@id":"https:\/\/xenonkungen.com\/produkt\/briodlights-led-baklampa-blixtljus-10-30-v\/#primaryimage"},"image":{"@id":"https:\/\/xenonkungen.com\/produkt\/briodlights-led-baklampa-blixtljus-10-30-v\/#primaryimage"},"thumbnailUrl":"https:\/\/xenonkungen.com\/wp-content\/uploads\/2025\/04\/41930_itemimage_mainfront-3.jpg","datePublished":"2025-04-15T08:51:31+00:00","dateModified":"2025-12-10T13:44:02+00:00","breadcrumb":{"@id":"https:\/\/xenonkungen.com\/produkt\/briodlights-led-baklampa-blixtljus-10-30-v\/#breadcrumb"},"inLanguage":"es","potentialAction":[{"@type":"ReadAction","target":["https:\/\/xenonkungen.com\/produkt\/briodlights-led-baklampa-blixtljus-10-30-v\/"]}]},{"@type":"ImageObject","inLanguage":"es","@id":"https:\/\/xenonkungen.com\/produkt\/briodlights-led-baklampa-blixtljus-10-30-v\/#primaryimage","url":"https:\/\/xenonkungen.com\/wp-content\/uploads\/2025\/04\/41930_itemimage_mainfront-3.jpg","contentUrl":"https:\/\/xenonkungen.com\/wp-content\/uploads\/2025\/04\/41930_itemimage_mainfront-3.jpg","width":2048,"height":1536},{"@type":"BreadcrumbList","@id":"https:\/\/xenonkungen.com\/produkt\/briodlights-led-baklampa-blixtljus-10-30-v\/#breadcrumb","itemListElement":[{"@type":"ListItem","position":1,"name":"Hem","item":"https:\/\/xenonkungen.com\/"},{"@type":"ListItem","position":2,"name":"Shop","item":"https:\/\/xenonkungen.com\/shop\/"},{"@type":"ListItem","position":3,"name":"BriodLights LED baklampa blixtljus 10-30 V"}]},{"@type":"WebSite","@id":"https:\/\/xenonkungen.com\/#website","url":"https:\/\/xenonkungen.com\/","name":"Xenonkungen","description":"","potentialAction":[{"@type":"SearchAction","target":{"@type":"EntryPoint","urlTemplate":"https:\/\/xenonkungen.com\/?s={search_term_string}"},"query-input":{"@type":"PropertyValueSpecification","valueRequired":true,"valueName":"search_term_string"}}],"inLanguage":"es"}]}},"taxonomy_info":{"anvandningsomrade":[{"value":166,"label":"Lastbil"},{"value":238,"label":"SL\u00c4P"},{"value":2816,"label":"TRAILER"}],"product_brand":[{"value":92,"label":"Briodlights"}],"product_cat":[{"value":2552,"label":"Bakljus"}],"product_tag":[{"value":2788,"label":"black-week-exclude"}],"pa_fargtemperatur":[{"value":1065,"label":"White"}],"pa_volt-v":[{"value":773,"label":"Multivolt, 10, 12, 16, 18, 24, 28, 30"}]},"featured_image_src_large":["https:\/\/xenonkungen.com\/wp-content\/uploads\/2025\/04\/41930_itemimage_mainfront-3-1024x768.jpg",1024,768,true],"author_info":[],"comment_info":0,"_links":{"self":[{"href":"https:\/\/xenonkungen.com\/es\/wp-json\/wp\/v2\/product\/3239","targetHints":{"allow":["GET"]}}],"collection":[{"href":"https:\/\/xenonkungen.com\/es\/wp-json\/wp\/v2\/product"}],"about":[{"href":"https:\/\/xenonkungen.com\/es\/wp-json\/wp\/v2\/types\/product"}],"replies":[{"embeddable":true,"href":"https:\/\/xenonkungen.com\/es\/wp-json\/wp\/v2\/comments?post=3239"}],"wp:featuredmedia":[{"embeddable":true,"href":"https:\/\/xenonkungen.com\/es\/wp-json\/wp\/v2\/media\/3240"}],"wp:attachment":[{"href":"https:\/\/xenonkungen.com\/es\/wp-json\/wp\/v2\/media?parent=3239"}],"wp:term":[{"taxonomy":"anvandningsomrade","embeddable":true,"href":"https:\/\/xenonkungen.com\/es\/wp-json\/wp\/v2\/anvandningsomrade?post=3239"},{"taxonomy":"bilmarken","embeddable":true,"href":"https:\/\/xenonkungen.com\/es\/wp-json\/wp\/v2\/bilmarken?post=3239"},{"taxonomy":"product_brand","embeddable":true,"href":"https:\/\/xenonkungen.com\/es\/wp-json\/wp\/v2\/product_brand?post=3239"},{"taxonomy":"product_cat","embeddable":true,"href":"https:\/\/xenonkungen.com\/es\/wp-json\/wp\/v2\/product_cat?post=3239"},{"taxonomy":"product_tag","embeddable":true,"href":"https:\/\/xenonkungen.com\/es\/wp-json\/wp\/v2\/product_tag?post=3239"}],"curies":[{"name":"wp","href":"https:\/\/api.w.org\/{rel}","templated":true}]}}