{"id":3241,"date":"2025-04-15T08:51:31","date_gmt":"2025-04-15T08:51:31","guid":{"rendered":"https:\/\/xenonkungen.com\/product\/briodlights-led-baklampa-12-24-v-hoger\/"},"modified":"2026-03-04T16:40:44","modified_gmt":"2026-03-04T15:40:44","slug":"briodlights-luz-trasera-led-12-24v-hoger","status":"publish","type":"product","link":"https:\/\/xenonkungen.com\/es\/producto\/briodlights-luz-trasera-led-12-24v-hoger\/","title":{"rendered":"BriodLights Luz trasera LED 12-24 V derecha"},"content":{"rendered":"<h1>Luz trasera LED BridgeLights: Multifuncional y f\u00e1cil de usar<\/h1>\n<p>Mejora la iluminaci\u00f3n de tu remolque con la luz trasera LED multifuncional de BridgeLight. Incluye diversas funciones como luz de freno, marcha atr\u00e1s, intermitentes, luz de matr\u00edcula, reflector, luz antiniebla y luz de posici\u00f3n para garantizar tu visibilidad en la carretera.<\/p>\n<h2>Caracter\u00edsticas y ventajas:<\/h2>\n<ol>\n<li><strong>Dise\u00f1o multifuncional:<\/strong> Esta luz trasera LED incluye luces de freno, marcha atr\u00e1s, intermitentes, luz de matr\u00edcula, reflector, antiniebla y de posici\u00f3n para mejorar la seguridad y la visibilidad de su remolque.<\/li>\n<li><strong>Versi\u00f3n izquierda y derecha:<\/strong> Elige entre las versiones para izquierda y derecha para adaptar la iluminaci\u00f3n a tus necesidades espec\u00edficas.<\/li>\n<li><strong>Cable de 1,5 metros:<\/strong> Incluye un cable de 1,5 metros para facilitar la instalaci\u00f3n y la conexi\u00f3n.<\/li>\n<li><strong>Clasificaci\u00f3n IP6K7:<\/strong> Cuenta con una clasificaci\u00f3n IP6K7, que proporciona una protecci\u00f3n superior contra el polvo y los efectos a corto plazo de la inmersi\u00f3n en agua.<\/li>\n<li><strong>Aprobado por la CEPE:<\/strong> Cumple con las normativas ECE: R3, R4, R6, R7, R23, R38. EMC: R10 para est\u00e1ndares de calidad y seguridad.<\/li>\n<\/ol>\n<p>La l\u00e1mpara no tiene resistencia incorporada. El siguiente diagrama de cableado es aplicable:<\/p>\n<ul>\n<li>Blanco \u2013 Tierra<\/li>\n<li>Azul \u2013 Oscuro<\/li>\n<li>Gris \u2013 Espalda<\/li>\n<li>Negro \u2013 Luz de posici\u00f3n<\/li>\n<li>Verde \u2013 Intermitentes<\/li>\n<li>Rojo \u2013 Freno<\/li>\n<\/ul>\n<p>Ofrecemos una garant\u00eda de funcionamiento de 3 a\u00f1os en este producto. Experimente la calidad y fiabilidad de BridgeLight para una experiencia de iluminaci\u00f3n superior.<\/p>","protected":false},"excerpt":{"rendered":"<p>BriodLights LED Baklampa: Multifunktionell och Anv\u00e4ndarv\u00e4nlig Uppgradera din sl\u00e4pvagnsbelysning med BriodLights multifunktionella LED baklampa. Den inneh\u00e5ller en m\u00e4ngd funktioner som broms, back, blinkers, nummerskyltsbelysning, reflex, dim- och positionsljus f\u00f6r att s\u00e4kerst\u00e4lla att du alltid \u00e4r synlig p\u00e5 v\u00e4gen. Funktioner och F\u00f6rdelar: Multi-Feature Design: Denna LED-baklampa kommer med broms, back, blinkers, nummerskyltsbelysning, reflex, dim- och positionsljus [&hellip;]<\/p>","protected":false},"featured_media":3242,"comment_status":"closed","ping_status":"open","template":"","meta":{"_acf_changed":false,"_smort_price_nok":"865","_smort_price_dkk":"550","_smort_price_eur":"73.63","_smort_sale_price_nok":"","_smort_sale_price_dkk":"","_smort_sale_price_eur":"","smort_restorder":"","shipmondo_restorder":"","_kad_blocks_custom_css":"","_kad_blocks_head_custom_js":"","_kad_blocks_body_custom_js":"","_kad_blocks_footer_custom_js":"","smort_custom_pricelist_1":"518.4","smort_custom_pricelist_2":"453.6","smort_custom_pricelist_3":"430.92","smort_custom_pricelist_4":"648","smort_custom_pricelist_5":"453.6"},"anvandningsomrade":[166,238,2816],"bilmarken":[],"product_brand":[92],"product_cat":[2552],"product_tag":[2788],"class_list":{"0":"post-3241","1":"product","2":"type-product","3":"status-publish","4":"has-post-thumbnail","6":"anvandningsomrade-lastbil","7":"anvandningsomrade-slap","8":"anvandningsomrade-trailer","9":"product_brand-briodlights","10":"product_cat-bakljus-slap","11":"product_tag-black-week-exclude","12":"pa_fuktskydd-varde-ipxx-ip67","13":"pa_godkannande-ece-r3-r4-r6-r7-r23-r38-emc-r10","14":"pa_storlek-mm-240x140x32","15":"pa_volt-v-776","17":"first","18":"onbackorder","19":"taxable","20":"shipping-taxable","21":"purchasable","22":"product-type-simple"},"bundled_by":[],"bundle_stock_status":"onbackorder","bundle_stock_quantity":0,"bundle_virtual":false,"bundle_layout":"","bundle_add_to_cart_form_location":"","bundle_editable_in_cart":false,"bundle_sold_individually_context":"","bundle_item_grouping":"","bundle_min_size":"","bundle_max_size":"","bundle_price":[],"bundled_items":[],"bundle_sell_ids":[],"acf":[],"yoast_head":"<!-- This site is optimized with the Yoast SEO plugin v27.0 - https:\/\/yoast.com\/product\/yoast-seo-wordpress\/ -->\n<title>BriodLights LED baklampa 12-24 V h\u00f6ger - Xenonkungen<\/title>\n<meta name=\"robots\" content=\"index, follow, max-snippet:-1, max-image-preview:large, max-video-preview:-1\" \/>\n<link rel=\"canonical\" href=\"https:\/\/xenonkungen.com\/es\/producto\/briodlights-luz-trasera-led-12-24v-hoger\/\" \/>\n<meta property=\"og:locale\" content=\"es_ES\" \/>\n<meta property=\"og:type\" content=\"article\" \/>\n<meta property=\"og:title\" content=\"BriodLights LED baklampa 12-24 V h\u00f6ger - Xenonkungen\" \/>\n<meta property=\"og:description\" content=\"BriodLights LED Baklampa: Multifunktionell och Anv\u00e4ndarv\u00e4nlig Uppgradera din sl\u00e4pvagnsbelysning med BriodLights multifunktionella LED baklampa. Den inneh\u00e5ller en m\u00e4ngd funktioner som broms, back, blinkers, nummerskyltsbelysning, reflex, dim- och positionsljus f\u00f6r att s\u00e4kerst\u00e4lla att du alltid \u00e4r synlig p\u00e5 v\u00e4gen. Funktioner och F\u00f6rdelar: Multi-Feature Design: Denna LED-baklampa kommer med broms, back, blinkers, nummerskyltsbelysning, reflex, dim- och positionsljus [&hellip;]\" \/>\n<meta property=\"og:url\" content=\"https:\/\/xenonkungen.com\/es\/producto\/briodlights-luz-trasera-led-12-24v-hoger\/\" \/>\n<meta property=\"og:site_name\" content=\"Xenonkungen\" \/>\n<meta property=\"article:modified_time\" content=\"2026-03-04T15:40:44+00:00\" \/>\n<meta property=\"og:image\" content=\"https:\/\/xenonkungen.com\/wp-content\/uploads\/2025\/04\/A1092_productimage_mainfront.jpg\" \/>\n\t<meta property=\"og:image:width\" content=\"2048\" \/>\n\t<meta property=\"og:image:height\" content=\"1536\" \/>\n\t<meta property=\"og:image:type\" content=\"image\/jpeg\" \/>\n<meta name=\"twitter:card\" content=\"summary_large_image\" \/>\n<meta name=\"twitter:label1\" content=\"Tiempo de lectura\" \/>\n\t<meta name=\"twitter:data1\" content=\"1 minuto\" \/>\n<script type=\"application\/ld+json\" class=\"yoast-schema-graph\">{\"@context\":\"https:\/\/schema.org\",\"@graph\":[{\"@type\":\"WebPage\",\"@id\":\"https:\/\/xenonkungen.com\/produkt\/briodlights-led-baklampa-12-24-v-hoger\/\",\"url\":\"https:\/\/xenonkungen.com\/produkt\/briodlights-led-baklampa-12-24-v-hoger\/\",\"name\":\"BriodLights LED baklampa 12-24 V h\u00f6ger - Xenonkungen\",\"isPartOf\":{\"@id\":\"https:\/\/xenonkungen.com\/#website\"},\"primaryImageOfPage\":{\"@id\":\"https:\/\/xenonkungen.com\/produkt\/briodlights-led-baklampa-12-24-v-hoger\/#primaryimage\"},\"image\":{\"@id\":\"https:\/\/xenonkungen.com\/produkt\/briodlights-led-baklampa-12-24-v-hoger\/#primaryimage\"},\"thumbnailUrl\":\"https:\/\/xenonkungen.com\/wp-content\/uploads\/2025\/04\/A1092_productimage_mainfront.jpg\",\"datePublished\":\"2025-04-15T08:51:31+00:00\",\"dateModified\":\"2026-03-04T15:40:44+00:00\",\"breadcrumb\":{\"@id\":\"https:\/\/xenonkungen.com\/produkt\/briodlights-led-baklampa-12-24-v-hoger\/#breadcrumb\"},\"inLanguage\":\"es\",\"potentialAction\":[{\"@type\":\"ReadAction\",\"target\":[\"https:\/\/xenonkungen.com\/produkt\/briodlights-led-baklampa-12-24-v-hoger\/\"]}]},{\"@type\":\"ImageObject\",\"inLanguage\":\"es\",\"@id\":\"https:\/\/xenonkungen.com\/produkt\/briodlights-led-baklampa-12-24-v-hoger\/#primaryimage\",\"url\":\"https:\/\/xenonkungen.com\/wp-content\/uploads\/2025\/04\/A1092_productimage_mainfront.jpg\",\"contentUrl\":\"https:\/\/xenonkungen.com\/wp-content\/uploads\/2025\/04\/A1092_productimage_mainfront.jpg\",\"width\":2048,\"height\":1536},{\"@type\":\"BreadcrumbList\",\"@id\":\"https:\/\/xenonkungen.com\/produkt\/briodlights-led-baklampa-12-24-v-hoger\/#breadcrumb\",\"itemListElement\":[{\"@type\":\"ListItem\",\"position\":1,\"name\":\"Hem\",\"item\":\"https:\/\/xenonkungen.com\/\"},{\"@type\":\"ListItem\",\"position\":2,\"name\":\"Shop\",\"item\":\"https:\/\/xenonkungen.com\/shop\/\"},{\"@type\":\"ListItem\",\"position\":3,\"name\":\"BriodLights LED baklampa 12-24 V h\u00f6ger\"}]},{\"@type\":\"WebSite\",\"@id\":\"https:\/\/xenonkungen.com\/#website\",\"url\":\"https:\/\/xenonkungen.com\/\",\"name\":\"Xenonkungen\",\"description\":\"\",\"potentialAction\":[{\"@type\":\"SearchAction\",\"target\":{\"@type\":\"EntryPoint\",\"urlTemplate\":\"https:\/\/xenonkungen.com\/?s={search_term_string}\"},\"query-input\":{\"@type\":\"PropertyValueSpecification\",\"valueRequired\":true,\"valueName\":\"search_term_string\"}}],\"inLanguage\":\"es\"}]}<\/script>\n<!-- \/ Yoast SEO plugin. -->","yoast_head_json":{"title":"Luz trasera LED BriodLights 12-24 V derecha - Xen\u00f3n","robots":{"index":"index","follow":"follow","max-snippet":"max-snippet:-1","max-image-preview":"max-image-preview:large","max-video-preview":"max-video-preview:-1"},"canonical":"https:\/\/xenonkungen.com\/es\/producto\/briodlights-luz-trasera-led-12-24v-hoger\/","og_locale":"es_ES","og_type":"article","og_title":"BriodLights LED baklampa 12-24 V h\u00f6ger - Xenonkungen","og_description":"BriodLights LED Baklampa: Multifunktionell och Anv\u00e4ndarv\u00e4nlig Uppgradera din sl\u00e4pvagnsbelysning med BriodLights multifunktionella LED baklampa. Den inneh\u00e5ller en m\u00e4ngd funktioner som broms, back, blinkers, nummerskyltsbelysning, reflex, dim- och positionsljus f\u00f6r att s\u00e4kerst\u00e4lla att du alltid \u00e4r synlig p\u00e5 v\u00e4gen. Funktioner och F\u00f6rdelar: Multi-Feature Design: Denna LED-baklampa kommer med broms, back, blinkers, nummerskyltsbelysning, reflex, dim- och positionsljus [&hellip;]","og_url":"https:\/\/xenonkungen.com\/es\/producto\/briodlights-luz-trasera-led-12-24v-hoger\/","og_site_name":"Xenonkungen","article_modified_time":"2026-03-04T15:40:44+00:00","og_image":[{"width":2048,"height":1536,"url":"https:\/\/xenonkungen.com\/wp-content\/uploads\/2025\/04\/A1092_productimage_mainfront.jpg","type":"image\/jpeg"}],"twitter_card":"summary_large_image","twitter_misc":{"Tiempo de lectura":"1 minuto"},"schema":{"@context":"https:\/\/schema.org","@graph":[{"@type":"WebPage","@id":"https:\/\/xenonkungen.com\/produkt\/briodlights-led-baklampa-12-24-v-hoger\/","url":"https:\/\/xenonkungen.com\/produkt\/briodlights-led-baklampa-12-24-v-hoger\/","name":"Luz trasera LED BriodLights 12-24 V derecha - Xen\u00f3n","isPartOf":{"@id":"https:\/\/xenonkungen.com\/#website"},"primaryImageOfPage":{"@id":"https:\/\/xenonkungen.com\/produkt\/briodlights-led-baklampa-12-24-v-hoger\/#primaryimage"},"image":{"@id":"https:\/\/xenonkungen.com\/produkt\/briodlights-led-baklampa-12-24-v-hoger\/#primaryimage"},"thumbnailUrl":"https:\/\/xenonkungen.com\/wp-content\/uploads\/2025\/04\/A1092_productimage_mainfront.jpg","datePublished":"2025-04-15T08:51:31+00:00","dateModified":"2026-03-04T15:40:44+00:00","breadcrumb":{"@id":"https:\/\/xenonkungen.com\/produkt\/briodlights-led-baklampa-12-24-v-hoger\/#breadcrumb"},"inLanguage":"es","potentialAction":[{"@type":"ReadAction","target":["https:\/\/xenonkungen.com\/produkt\/briodlights-led-baklampa-12-24-v-hoger\/"]}]},{"@type":"ImageObject","inLanguage":"es","@id":"https:\/\/xenonkungen.com\/produkt\/briodlights-led-baklampa-12-24-v-hoger\/#primaryimage","url":"https:\/\/xenonkungen.com\/wp-content\/uploads\/2025\/04\/A1092_productimage_mainfront.jpg","contentUrl":"https:\/\/xenonkungen.com\/wp-content\/uploads\/2025\/04\/A1092_productimage_mainfront.jpg","width":2048,"height":1536},{"@type":"BreadcrumbList","@id":"https:\/\/xenonkungen.com\/produkt\/briodlights-led-baklampa-12-24-v-hoger\/#breadcrumb","itemListElement":[{"@type":"ListItem","position":1,"name":"Hem","item":"https:\/\/xenonkungen.com\/"},{"@type":"ListItem","position":2,"name":"Shop","item":"https:\/\/xenonkungen.com\/shop\/"},{"@type":"ListItem","position":3,"name":"BriodLights LED baklampa 12-24 V h\u00f6ger"}]},{"@type":"WebSite","@id":"https:\/\/xenonkungen.com\/#website","url":"https:\/\/xenonkungen.com\/","name":"Xenonkungen","description":"","potentialAction":[{"@type":"SearchAction","target":{"@type":"EntryPoint","urlTemplate":"https:\/\/xenonkungen.com\/?s={search_term_string}"},"query-input":{"@type":"PropertyValueSpecification","valueRequired":true,"valueName":"search_term_string"}}],"inLanguage":"es"}]}},"taxonomy_info":{"anvandningsomrade":[{"value":166,"label":"Lastbil"},{"value":238,"label":"SL\u00c4P"},{"value":2816,"label":"TRAILER"}],"product_brand":[{"value":92,"label":"Briodlights"}],"product_cat":[{"value":2552,"label":"Bakljus"}],"product_tag":[{"value":2788,"label":"black-week-exclude"}],"pa_fuktskydd-varde-ipxx":[{"value":333,"label":"IP67"}],"pa_godkannande":[{"value":1067,"label":"ECE, R3, R4, R6, R7, R23, R38. EMC, R10"}],"pa_storlek-mm":[{"value":1066,"label":"240x140x32"}],"pa_volt-v":[{"value":776,"label":"12,24"}]},"featured_image_src_large":["https:\/\/xenonkungen.com\/wp-content\/uploads\/2025\/04\/A1092_productimage_mainfront-1024x768.jpg",1024,768,true],"author_info":[],"comment_info":0,"_links":{"self":[{"href":"https:\/\/xenonkungen.com\/es\/wp-json\/wp\/v2\/product\/3241","targetHints":{"allow":["GET"]}}],"collection":[{"href":"https:\/\/xenonkungen.com\/es\/wp-json\/wp\/v2\/product"}],"about":[{"href":"https:\/\/xenonkungen.com\/es\/wp-json\/wp\/v2\/types\/product"}],"replies":[{"embeddable":true,"href":"https:\/\/xenonkungen.com\/es\/wp-json\/wp\/v2\/comments?post=3241"}],"wp:featuredmedia":[{"embeddable":true,"href":"https:\/\/xenonkungen.com\/es\/wp-json\/wp\/v2\/media\/3242"}],"wp:attachment":[{"href":"https:\/\/xenonkungen.com\/es\/wp-json\/wp\/v2\/media?parent=3241"}],"wp:term":[{"taxonomy":"anvandningsomrade","embeddable":true,"href":"https:\/\/xenonkungen.com\/es\/wp-json\/wp\/v2\/anvandningsomrade?post=3241"},{"taxonomy":"bilmarken","embeddable":true,"href":"https:\/\/xenonkungen.com\/es\/wp-json\/wp\/v2\/bilmarken?post=3241"},{"taxonomy":"product_brand","embeddable":true,"href":"https:\/\/xenonkungen.com\/es\/wp-json\/wp\/v2\/product_brand?post=3241"},{"taxonomy":"product_cat","embeddable":true,"href":"https:\/\/xenonkungen.com\/es\/wp-json\/wp\/v2\/product_cat?post=3241"},{"taxonomy":"product_tag","embeddable":true,"href":"https:\/\/xenonkungen.com\/es\/wp-json\/wp\/v2\/product_tag?post=3241"}],"curies":[{"name":"wp","href":"https:\/\/api.w.org\/{rel}","templated":true}]}}