{"id":3252,"date":"2025-04-15T08:51:31","date_gmt":"2025-04-15T08:51:31","guid":{"rendered":"https:\/\/xenonkungen.com\/product\/ozz-xr2-p9-white\/"},"modified":"2026-04-24T16:52:06","modified_gmt":"2026-04-24T15:52:06","slug":"ozz-xr2-p9-blanco","status":"publish","type":"product","link":"https:\/\/xenonkungen.com\/es\/producto\/ozz-xr2-p9-blanco\/","title":{"rendered":"OZZ XR2 P9\u2033 Blanco"},"content":{"rendered":"<h1>OZZ XR2 P9\" Blanco<\/h1>\n<p>Mejora tu experiencia de conducci\u00f3n con la luz de posici\u00f3n de arranque din\u00e1mica que ofrece luz blanca y naranja. La OZZ XR2 P9\" es la \u00faltima incorporaci\u00f3n a la exitosa gama de luces auxiliares OZZ, que lleva la iluminaci\u00f3n al siguiente nivel con un patr\u00f3n de arranque que crea un incre\u00edble efecto visual en cada curva.<\/p>\n<h2>Caracter\u00edsticas y ventajas<\/h2>\n<ul>\n<li><strong>Temperatura de color de 5000 K<\/strong> \u2013 Para una luz agradable en todas las condiciones.<\/li>\n<li><strong>Luz de posici\u00f3n din\u00e1mica<\/strong> \u2013 Elija entre luz blanca y naranja.<\/li>\n<li><strong>Certificaciones<\/strong> \u2013 Incluye REF: 50, ECE R112, R7, R10 y CE.<\/li>\n<li><strong>Garant\u00eda de funcionamiento<\/strong> \u2013 Garant\u00eda de 3 a\u00f1os para mayor tranquilidad.<\/li>\n<\/ul>\n<h2>Luminosidad y alcance<\/h2>\n<p>Con la funci\u00f3n boost activada, la OZZ XR2 P9\" emite unos incre\u00edbles 10.600 l\u00famenes, generando 1 lux a 680 metros. Para los que prefieran la variante homologada E112, sigue ofreciendo unos impresionantes 7.010 l\u00famenes y 1 lux a 480 metros.<\/p>\n<h2>Opciones de color<\/h2>\n<p>Elija la carcasa de l\u00e1mpara que mejor se adapte a su estilo; la luz adicional est\u00e1 disponible en blanco y en negro.<\/p>","protected":false},"excerpt":{"rendered":"<p>Descubre la \u00faltima incorporaci\u00f3n a la exitosa gama de faros auxiliares OZZ, el OZZ XR2 P9\" Blanco. Con luz de posici\u00f3n de arranque din\u00e1mica que puede cambiar entre blanco y naranja, te ofrece una experiencia de conducci\u00f3n totalmente nueva. Experimenta una luz potente con hasta 10.600 l\u00famenes y un alcance que se extiende hasta 680 metros con la funci\u00f3n boost activada. Adem\u00e1s, ofrece una garant\u00eda funcional de 3 a\u00f1os, para que pueda disfrutar con seguridad de un dise\u00f1o elegante y una luminosidad extraordinaria en cualquier condici\u00f3n meteorol\u00f3gica.<\/p>","protected":false},"featured_media":3253,"comment_status":"closed","ping_status":"closed","template":"","meta":{"_acf_changed":false,"_smort_price_nok":"3471","_smort_price_dkk":"2579","_smort_price_eur":"345.44","_smort_sale_price_nok":"3471","_smort_sale_price_dkk":"","_smort_sale_price_eur":"","smort_restorder":"","shipmondo_restorder":"","_kad_blocks_custom_css":"","_kad_blocks_head_custom_js":"","_kad_blocks_body_custom_js":"","_kad_blocks_footer_custom_js":"","smort_custom_pricelist_1":"2432","smort_custom_pricelist_2":"2432","smort_custom_pricelist_3":"2432","smort_custom_pricelist_4":"3040","smort_custom_pricelist_5":"2432"},"anvandningsomrade":[],"bilmarken":[],"product_brand":[1051,109],"product_cat":[2839,142,1402],"product_tag":[2788],"class_list":{"0":"post-3252","1":"product","2":"type-product","3":"status-publish","4":"has-post-thumbnail","6":"product_brand-ozz","7":"product_brand-ozz-lights","8":"product_cat-extraljus-9","9":"product_cat-extraljus","10":"product_cat-outlet","11":"product_tag-black-week-exclude","12":"pa_fargtemperatur-5000k","13":"pa_fuktskydd-varde-ipxx-ip67-ip69k","14":"pa_godkannande-ece-emc-r10-r112-r7","15":"pa_lampsockel-kontakt-dt4","16":"pa_led-chips-effekt-w-130-134","17":"pa_ljusbild-driving","18":"pa_stromforbrukning-105a12v","19":"pa_stromforbrukning-52a24v","20":"pa_volt-v-multivolt-10-12-16-18-24-28-30-36","22":"first","23":"instock","24":"taxable","25":"shipping-taxable","26":"purchasable","27":"product-type-simple"},"bundled_by":["9414","9439","9464","9474"],"bundle_stock_status":"instock","bundle_stock_quantity":10,"bundle_virtual":false,"bundle_layout":"","bundle_add_to_cart_form_location":"","bundle_editable_in_cart":false,"bundle_sold_individually_context":"","bundle_item_grouping":"","bundle_min_size":"","bundle_max_size":"","bundle_price":[],"bundled_items":[],"bundle_sell_ids":[],"acf":[],"yoast_head":"<!-- This site is optimized with the Yoast SEO plugin v27.0 - https:\/\/yoast.com\/product\/yoast-seo-wordpress\/ -->\n<title>OZZ XR2 P9&quot; White - Xenonkungen<\/title>\n<meta name=\"robots\" content=\"index, follow, max-snippet:-1, max-image-preview:large, max-video-preview:-1\" \/>\n<link rel=\"canonical\" href=\"https:\/\/xenonkungen.com\/es\/producto\/ozz-xr2-p9-blanco\/\" \/>\n<meta property=\"og:locale\" content=\"es_ES\" \/>\n<meta property=\"og:type\" content=\"article\" \/>\n<meta property=\"og:title\" content=\"OZZ XR2 P9&quot; White - Xenonkungen\" \/>\n<meta property=\"og:description\" content=\"Uppt\u00e4ck det senaste tillskottet till den framg\u00e5ngsrika OZZ extraljusserien, OZZ XR2 P9\u201d White. Med dynamiskt start-up positionsljus som kan v\u00e4xla mellan vitt och orange, ger det dig en helt ny k\u00f6rupplevelse. Upplev ett kraftfullt ljus med upp till 10 600 lumen och en r\u00e4ckvidd som str\u00e4cker sig hela 680 meter med boostfunktionen aktiverad. Dessutom erbjuder den en 3-\u00e5rs funktionsgaranti, f\u00f6r att du s\u00e4kert ska kunna njuta av en stilren design och extraordin\u00e4r ljusstyrka i alla v\u00e4derf\u00f6rh\u00e5llanden.\" \/>\n<meta property=\"og:url\" content=\"https:\/\/xenonkungen.com\/es\/producto\/ozz-xr2-p9-blanco\/\" \/>\n<meta property=\"og:site_name\" content=\"Xenonkungen\" \/>\n<meta property=\"article:modified_time\" content=\"2026-04-24T15:52:06+00:00\" \/>\n<meta property=\"og:image\" content=\"https:\/\/xenonkungen.com\/wp-content\/uploads\/2025\/04\/205403885-origpic-8be460.png\" \/>\n\t<meta property=\"og:image:width\" content=\"1000\" \/>\n\t<meta property=\"og:image:height\" content=\"976\" \/>\n\t<meta property=\"og:image:type\" content=\"image\/png\" \/>\n<meta name=\"twitter:card\" content=\"summary_large_image\" \/>\n<meta name=\"twitter:label1\" content=\"Tiempo de lectura\" \/>\n\t<meta name=\"twitter:data1\" content=\"1 minuto\" \/>\n<script type=\"application\/ld+json\" class=\"yoast-schema-graph\">{\"@context\":\"https:\/\/schema.org\",\"@graph\":[{\"@type\":\"WebPage\",\"@id\":\"https:\/\/xenonkungen.com\/produkt\/ozz-xr2-p9-white\/\",\"url\":\"https:\/\/xenonkungen.com\/produkt\/ozz-xr2-p9-white\/\",\"name\":\"OZZ XR2 P9\\\" White - Xenonkungen\",\"isPartOf\":{\"@id\":\"https:\/\/xenonkungen.com\/#website\"},\"primaryImageOfPage\":{\"@id\":\"https:\/\/xenonkungen.com\/produkt\/ozz-xr2-p9-white\/#primaryimage\"},\"image\":{\"@id\":\"https:\/\/xenonkungen.com\/produkt\/ozz-xr2-p9-white\/#primaryimage\"},\"thumbnailUrl\":\"https:\/\/xenonkungen.com\/wp-content\/uploads\/2025\/04\/205403885-origpic-8be460.png\",\"datePublished\":\"2025-04-15T08:51:31+00:00\",\"dateModified\":\"2026-04-24T15:52:06+00:00\",\"breadcrumb\":{\"@id\":\"https:\/\/xenonkungen.com\/produkt\/ozz-xr2-p9-white\/#breadcrumb\"},\"inLanguage\":\"es\",\"potentialAction\":[{\"@type\":\"ReadAction\",\"target\":[\"https:\/\/xenonkungen.com\/produkt\/ozz-xr2-p9-white\/\"]}]},{\"@type\":\"ImageObject\",\"inLanguage\":\"es\",\"@id\":\"https:\/\/xenonkungen.com\/produkt\/ozz-xr2-p9-white\/#primaryimage\",\"url\":\"https:\/\/xenonkungen.com\/wp-content\/uploads\/2025\/04\/205403885-origpic-8be460.png\",\"contentUrl\":\"https:\/\/xenonkungen.com\/wp-content\/uploads\/2025\/04\/205403885-origpic-8be460.png\",\"width\":1000,\"height\":976},{\"@type\":\"BreadcrumbList\",\"@id\":\"https:\/\/xenonkungen.com\/produkt\/ozz-xr2-p9-white\/#breadcrumb\",\"itemListElement\":[{\"@type\":\"ListItem\",\"position\":1,\"name\":\"Hem\",\"item\":\"https:\/\/xenonkungen.com\/\"},{\"@type\":\"ListItem\",\"position\":2,\"name\":\"Shop\",\"item\":\"https:\/\/xenonkungen.com\/shop\/\"},{\"@type\":\"ListItem\",\"position\":3,\"name\":\"OZZ XR2 P9&#8243; White\"}]},{\"@type\":\"WebSite\",\"@id\":\"https:\/\/xenonkungen.com\/#website\",\"url\":\"https:\/\/xenonkungen.com\/\",\"name\":\"Xenonkungen\",\"description\":\"\",\"potentialAction\":[{\"@type\":\"SearchAction\",\"target\":{\"@type\":\"EntryPoint\",\"urlTemplate\":\"https:\/\/xenonkungen.com\/?s={search_term_string}\"},\"query-input\":{\"@type\":\"PropertyValueSpecification\",\"valueRequired\":true,\"valueName\":\"search_term_string\"}}],\"inLanguage\":\"es\"}]}<\/script>\n<!-- \/ Yoast SEO plugin. -->","yoast_head_json":{"title":"OZZ XR2 P9&quot; Blanco - El Rey del Xen\u00f3n","robots":{"index":"index","follow":"follow","max-snippet":"max-snippet:-1","max-image-preview":"max-image-preview:large","max-video-preview":"max-video-preview:-1"},"canonical":"https:\/\/xenonkungen.com\/es\/producto\/ozz-xr2-p9-blanco\/","og_locale":"es_ES","og_type":"article","og_title":"OZZ XR2 P9\" White - Xenonkungen","og_description":"Uppt\u00e4ck det senaste tillskottet till den framg\u00e5ngsrika OZZ extraljusserien, OZZ XR2 P9\u201d White. Med dynamiskt start-up positionsljus som kan v\u00e4xla mellan vitt och orange, ger det dig en helt ny k\u00f6rupplevelse. Upplev ett kraftfullt ljus med upp till 10 600 lumen och en r\u00e4ckvidd som str\u00e4cker sig hela 680 meter med boostfunktionen aktiverad. Dessutom erbjuder den en 3-\u00e5rs funktionsgaranti, f\u00f6r att du s\u00e4kert ska kunna njuta av en stilren design och extraordin\u00e4r ljusstyrka i alla v\u00e4derf\u00f6rh\u00e5llanden.","og_url":"https:\/\/xenonkungen.com\/es\/producto\/ozz-xr2-p9-blanco\/","og_site_name":"Xenonkungen","article_modified_time":"2026-04-24T15:52:06+00:00","og_image":[{"width":1000,"height":976,"url":"https:\/\/xenonkungen.com\/wp-content\/uploads\/2025\/04\/205403885-origpic-8be460.png","type":"image\/png"}],"twitter_card":"summary_large_image","twitter_misc":{"Tiempo de lectura":"1 minuto"},"schema":{"@context":"https:\/\/schema.org","@graph":[{"@type":"WebPage","@id":"https:\/\/xenonkungen.com\/produkt\/ozz-xr2-p9-white\/","url":"https:\/\/xenonkungen.com\/produkt\/ozz-xr2-p9-white\/","name":"OZZ XR2 P9&quot; Blanco - El Rey del Xen\u00f3n","isPartOf":{"@id":"https:\/\/xenonkungen.com\/#website"},"primaryImageOfPage":{"@id":"https:\/\/xenonkungen.com\/produkt\/ozz-xr2-p9-white\/#primaryimage"},"image":{"@id":"https:\/\/xenonkungen.com\/produkt\/ozz-xr2-p9-white\/#primaryimage"},"thumbnailUrl":"https:\/\/xenonkungen.com\/wp-content\/uploads\/2025\/04\/205403885-origpic-8be460.png","datePublished":"2025-04-15T08:51:31+00:00","dateModified":"2026-04-24T15:52:06+00:00","breadcrumb":{"@id":"https:\/\/xenonkungen.com\/produkt\/ozz-xr2-p9-white\/#breadcrumb"},"inLanguage":"es","potentialAction":[{"@type":"ReadAction","target":["https:\/\/xenonkungen.com\/produkt\/ozz-xr2-p9-white\/"]}]},{"@type":"ImageObject","inLanguage":"es","@id":"https:\/\/xenonkungen.com\/produkt\/ozz-xr2-p9-white\/#primaryimage","url":"https:\/\/xenonkungen.com\/wp-content\/uploads\/2025\/04\/205403885-origpic-8be460.png","contentUrl":"https:\/\/xenonkungen.com\/wp-content\/uploads\/2025\/04\/205403885-origpic-8be460.png","width":1000,"height":976},{"@type":"BreadcrumbList","@id":"https:\/\/xenonkungen.com\/produkt\/ozz-xr2-p9-white\/#breadcrumb","itemListElement":[{"@type":"ListItem","position":1,"name":"Hem","item":"https:\/\/xenonkungen.com\/"},{"@type":"ListItem","position":2,"name":"Shop","item":"https:\/\/xenonkungen.com\/shop\/"},{"@type":"ListItem","position":3,"name":"OZZ XR2 P9&#8243; White"}]},{"@type":"WebSite","@id":"https:\/\/xenonkungen.com\/#website","url":"https:\/\/xenonkungen.com\/","name":"Xenonkungen","description":"","potentialAction":[{"@type":"SearchAction","target":{"@type":"EntryPoint","urlTemplate":"https:\/\/xenonkungen.com\/?s={search_term_string}"},"query-input":{"@type":"PropertyValueSpecification","valueRequired":true,"valueName":"search_term_string"}}],"inLanguage":"es"}]}},"taxonomy_info":{"product_brand":[{"value":1051,"label":"OZZ"},{"value":109,"label":"OZZ LIGHTS"}],"product_cat":[{"value":2839,"label":"Extraljus 9\""},{"value":142,"label":"Extraljus"},{"value":1402,"label":"Outlet"}],"product_tag":[{"value":2788,"label":"black-week-exclude"}],"pa_fargtemperatur":[{"value":154,"label":"5000K"}],"pa_fuktskydd-varde-ipxx":[{"value":1070,"label":"IP67, IP69K"}],"pa_godkannande":[{"value":1073,"label":"ECE, EMC, R10, R112, R7"}],"pa_lampsockel-kontakt":[{"value":404,"label":"DT4"}],"pa_led-chips-effekt-w":[{"value":1069,"label":"130, 134"}],"pa_ljusbild":[{"value":178,"label":"Driving"}],"pa_stromforbrukning":[{"value":1072,"label":"10,5A@12V"},{"value":821,"label":"5,2A@24V"}],"pa_volt-v":[{"value":1071,"label":"Multivolt, 10, 12, 16, 18, 24, 28, 30, 36"}]},"featured_image_src_large":["https:\/\/xenonkungen.com\/wp-content\/uploads\/2025\/04\/205403885-origpic-8be460.png",1000,976,false],"author_info":[],"comment_info":0,"_links":{"self":[{"href":"https:\/\/xenonkungen.com\/es\/wp-json\/wp\/v2\/product\/3252","targetHints":{"allow":["GET"]}}],"collection":[{"href":"https:\/\/xenonkungen.com\/es\/wp-json\/wp\/v2\/product"}],"about":[{"href":"https:\/\/xenonkungen.com\/es\/wp-json\/wp\/v2\/types\/product"}],"replies":[{"embeddable":true,"href":"https:\/\/xenonkungen.com\/es\/wp-json\/wp\/v2\/comments?post=3252"}],"wp:featuredmedia":[{"embeddable":true,"href":"https:\/\/xenonkungen.com\/es\/wp-json\/wp\/v2\/media\/3253"}],"wp:attachment":[{"href":"https:\/\/xenonkungen.com\/es\/wp-json\/wp\/v2\/media?parent=3252"}],"wp:term":[{"taxonomy":"anvandningsomrade","embeddable":true,"href":"https:\/\/xenonkungen.com\/es\/wp-json\/wp\/v2\/anvandningsomrade?post=3252"},{"taxonomy":"bilmarken","embeddable":true,"href":"https:\/\/xenonkungen.com\/es\/wp-json\/wp\/v2\/bilmarken?post=3252"},{"taxonomy":"product_brand","embeddable":true,"href":"https:\/\/xenonkungen.com\/es\/wp-json\/wp\/v2\/product_brand?post=3252"},{"taxonomy":"product_cat","embeddable":true,"href":"https:\/\/xenonkungen.com\/es\/wp-json\/wp\/v2\/product_cat?post=3252"},{"taxonomy":"product_tag","embeddable":true,"href":"https:\/\/xenonkungen.com\/es\/wp-json\/wp\/v2\/product_tag?post=3252"}],"curies":[{"name":"wp","href":"https:\/\/api.w.org\/{rel}","templated":true}]}}