{"id":3335,"date":"2025-04-15T08:54:52","date_gmt":"2025-04-15T08:54:52","guid":{"rendered":"https:\/\/xenonkungen.com\/product\/ozz-wr1-backlampa-med-blixtljus\/"},"modified":"2026-03-10T16:02:53","modified_gmt":"2026-03-10T15:02:53","slug":"luz-de-marcha-atras-ozz-wr1-con-luz-intermitente","status":"publish","type":"product","link":"https:\/\/xenonkungen.com\/es\/producto\/luz-de-marcha-atras-ozz-wr1-con-luz-intermitente\/","title":{"rendered":"OZZ WR1 Retroiluminaci\u00f3n con luz de flash"},"content":{"rendered":"<h1>Luz de marcha atr\u00e1s OZZ WR1 con funci\u00f3n de destello<\/h1>\n<p>La luz de marcha atr\u00e1s OZZ WR1 65 con luz de advertencia integrada es una soluci\u00f3n de iluminaci\u00f3n de alto rendimiento dise\u00f1ada para mejorar la seguridad y la visibilidad de su veh\u00edculo en cualquier situaci\u00f3n. La luz cuenta con la homologaci\u00f3n ECE R23 como luz de marcha atr\u00e1s y la luz de advertencia integrada est\u00e1 certificada seg\u00fan la norma ECE R65, clases 1 y 2. La luz de marcha atr\u00e1s, en combinaci\u00f3n con la potente luz de advertencia integrada, aumenta la seguridad de su veh\u00edculo en cualquier situaci\u00f3n.<\/p>\n<p>Dise\u00f1ado para armonizar con el resto de la gama de iluminaci\u00f3n OZZ, el OZZ WR1 65 presenta una est\u00e9tica moderna que complementa su veh\u00edculo. Con 2700 l\u00famenes y 1 lux con un alcance de 65 metros, garantiza una excelente visibilidad trasera. Adem\u00e1s, el OZZ WR1 65 est\u00e1 equipado con soportes ajustables para una f\u00e1cil instalaci\u00f3n, lo que lo convierte en la opci\u00f3n ideal para todo tipo de veh\u00edculos.<\/p>\n<ul>\n<li>2700 l\u00famenes para una excelente visibilidad trasera<\/li>\n<li>1 lux a un alcance de 65 metros<\/li>\n<li>Certificaciones ECE R10 y R65 clase 1 y 2<\/li>\n<\/ul>\n<p>Las certificaciones de este producto incluyen ECE R10, R148 (R23), R65 Clase 1 y 2. La l\u00e1mpara tambi\u00e9n tiene una garant\u00eda funcional de 3 a\u00f1os.<\/p>","protected":false},"excerpt":{"rendered":"<p>2700 l\u00famenes para una excelente visibilidad trasera<br \/>\n1 lux a un alcance de 65 metros<br \/>\nCertificaciones ECE R10 y R65 clase 1 y 2<\/p>","protected":false},"featured_media":3336,"comment_status":"closed","ping_status":"open","template":"","meta":{"_acf_changed":false,"_smort_price_nok":"1314","_smort_price_dkk":"743","_smort_price_eur":"111.81","_smort_sale_price_nok":"","_smort_sale_price_dkk":"","_smort_sale_price_eur":"","smort_restorder":"","shipmondo_restorder":"","_kad_blocks_custom_css":"","_kad_blocks_head_custom_js":"","_kad_blocks_body_custom_js":"","_kad_blocks_footer_custom_js":"","smort_custom_pricelist_1":"787.2","smort_custom_pricelist_2":"787.2","smort_custom_pricelist_3":"787.2","smort_custom_pricelist_4":"984","smort_custom_pricelist_5":"787.2"},"anvandningsomrade":[],"bilmarken":[],"product_brand":[1051],"product_cat":[2479,508],"product_tag":[2788],"class_list":{"0":"post-3335","1":"product","2":"type-product","3":"status-publish","4":"has-post-thumbnail","6":"product_brand-ozz","7":"product_cat-backljus-backljus","8":"product_cat-arbetsbelysning","9":"product_tag-black-week-exclude","10":"pa_fargtemperatur-5000k","11":"pa_fuktskydd-varde-ipxx-ip68-ip69k","12":"pa_godkannande-ece-r10-r148-r23-r65-class-1-och-2","13":"pa_lampsockel-kontakt-dt","14":"pa_led-chips-effekt-w-331","15":"pa_ljusbild-driving","16":"pa_storlek-mm-164x45x70","17":"pa_stromforbrukning-15a24v","18":"pa_stromforbrukning-3a12v","19":"pa_volt-v-multivolt-10-12-16-18-24-28-30-32","21":"first","22":"onbackorder","23":"taxable","24":"shipping-taxable","25":"purchasable","26":"product-type-simple"},"bundled_by":[],"bundle_stock_status":"onbackorder","bundle_stock_quantity":0,"bundle_virtual":false,"bundle_layout":"","bundle_add_to_cart_form_location":"","bundle_editable_in_cart":false,"bundle_sold_individually_context":"","bundle_item_grouping":"","bundle_min_size":"","bundle_max_size":"","bundle_price":[],"bundled_items":[],"bundle_sell_ids":[],"acf":[],"yoast_head":"<!-- This site is optimized with the Yoast SEO plugin v27.0 - https:\/\/yoast.com\/product\/yoast-seo-wordpress\/ -->\n<title>OZZ WR1 Backlampa med blixtljus - Xenonkungen<\/title>\n<meta name=\"robots\" content=\"index, follow, max-snippet:-1, max-image-preview:large, max-video-preview:-1\" \/>\n<link rel=\"canonical\" href=\"https:\/\/xenonkungen.com\/es\/producto\/luz-de-marcha-atras-ozz-wr1-con-luz-intermitente\/\" \/>\n<meta property=\"og:locale\" content=\"es_ES\" \/>\n<meta property=\"og:type\" content=\"article\" \/>\n<meta property=\"og:title\" content=\"OZZ WR1 Backlampa med blixtljus - Xenonkungen\" \/>\n<meta property=\"og:description\" content=\"2700 lumen f\u00f6r utm\u00e4rkt sikt bak\u00e5t 1 lux vid 65 meters r\u00e4ckvidd ECE R10 och R65 klass 1 &amp; 2 certifieringar\" \/>\n<meta property=\"og:url\" content=\"https:\/\/xenonkungen.com\/es\/producto\/luz-de-marcha-atras-ozz-wr1-con-luz-intermitente\/\" \/>\n<meta property=\"og:site_name\" content=\"Xenonkungen\" \/>\n<meta property=\"article:modified_time\" content=\"2026-03-10T15:02:53+00:00\" \/>\n<meta property=\"og:image\" content=\"https:\/\/xenonkungen.com\/wp-content\/uploads\/2025\/04\/88501_itemimage_mainfront.jpg\" \/>\n\t<meta property=\"og:image:width\" content=\"2048\" \/>\n\t<meta property=\"og:image:height\" content=\"1536\" \/>\n\t<meta property=\"og:image:type\" content=\"image\/jpeg\" \/>\n<meta name=\"twitter:card\" content=\"summary_large_image\" \/>\n<meta name=\"twitter:label1\" content=\"Tiempo de lectura\" \/>\n\t<meta name=\"twitter:data1\" content=\"1 minuto\" \/>\n<script type=\"application\/ld+json\" class=\"yoast-schema-graph\">{\"@context\":\"https:\/\/schema.org\",\"@graph\":[{\"@type\":\"WebPage\",\"@id\":\"https:\/\/xenonkungen.com\/no\/produkt\/ozz-wr1-ryggelys-med-blits\/\",\"url\":\"https:\/\/xenonkungen.com\/no\/produkt\/ozz-wr1-ryggelys-med-blits\/\",\"name\":\"OZZ WR1 Backlampa med blixtljus - Xenonkungen\",\"isPartOf\":{\"@id\":\"https:\/\/xenonkungen.com\/#website\"},\"primaryImageOfPage\":{\"@id\":\"https:\/\/xenonkungen.com\/no\/produkt\/ozz-wr1-ryggelys-med-blits\/#primaryimage\"},\"image\":{\"@id\":\"https:\/\/xenonkungen.com\/no\/produkt\/ozz-wr1-ryggelys-med-blits\/#primaryimage\"},\"thumbnailUrl\":\"https:\/\/xenonkungen.com\/wp-content\/uploads\/2025\/04\/88501_itemimage_mainfront.jpg\",\"datePublished\":\"2025-04-15T08:54:52+00:00\",\"dateModified\":\"2026-03-10T15:02:53+00:00\",\"breadcrumb\":{\"@id\":\"https:\/\/xenonkungen.com\/no\/produkt\/ozz-wr1-ryggelys-med-blits\/#breadcrumb\"},\"inLanguage\":\"es\",\"potentialAction\":[{\"@type\":\"ReadAction\",\"target\":[\"https:\/\/xenonkungen.com\/no\/produkt\/ozz-wr1-ryggelys-med-blits\/\"]}]},{\"@type\":\"ImageObject\",\"inLanguage\":\"es\",\"@id\":\"https:\/\/xenonkungen.com\/no\/produkt\/ozz-wr1-ryggelys-med-blits\/#primaryimage\",\"url\":\"https:\/\/xenonkungen.com\/wp-content\/uploads\/2025\/04\/88501_itemimage_mainfront.jpg\",\"contentUrl\":\"https:\/\/xenonkungen.com\/wp-content\/uploads\/2025\/04\/88501_itemimage_mainfront.jpg\",\"width\":2048,\"height\":1536},{\"@type\":\"BreadcrumbList\",\"@id\":\"https:\/\/xenonkungen.com\/no\/produkt\/ozz-wr1-ryggelys-med-blits\/#breadcrumb\",\"itemListElement\":[{\"@type\":\"ListItem\",\"position\":1,\"name\":\"Hem\",\"item\":\"https:\/\/xenonkungen.com\/\"},{\"@type\":\"ListItem\",\"position\":2,\"name\":\"Shop\",\"item\":\"https:\/\/xenonkungen.com\/shop\/\"},{\"@type\":\"ListItem\",\"position\":3,\"name\":\"OZZ WR1 Backlampa med blixtljus\"}]},{\"@type\":\"WebSite\",\"@id\":\"https:\/\/xenonkungen.com\/#website\",\"url\":\"https:\/\/xenonkungen.com\/\",\"name\":\"Xenonkungen\",\"description\":\"\",\"potentialAction\":[{\"@type\":\"SearchAction\",\"target\":{\"@type\":\"EntryPoint\",\"urlTemplate\":\"https:\/\/xenonkungen.com\/?s={search_term_string}\"},\"query-input\":{\"@type\":\"PropertyValueSpecification\",\"valueRequired\":true,\"valueName\":\"search_term_string\"}}],\"inLanguage\":\"es\"}]}<\/script>\n<!-- \/ Yoast SEO plugin. -->","yoast_head_json":{"title":"Luz de marcha atr\u00e1s OZZ WR1 con luz intermitente - Xenonkungen","robots":{"index":"index","follow":"follow","max-snippet":"max-snippet:-1","max-image-preview":"max-image-preview:large","max-video-preview":"max-video-preview:-1"},"canonical":"https:\/\/xenonkungen.com\/es\/producto\/luz-de-marcha-atras-ozz-wr1-con-luz-intermitente\/","og_locale":"es_ES","og_type":"article","og_title":"OZZ WR1 Backlampa med blixtljus - Xenonkungen","og_description":"2700 lumen f\u00f6r utm\u00e4rkt sikt bak\u00e5t 1 lux vid 65 meters r\u00e4ckvidd ECE R10 och R65 klass 1 & 2 certifieringar","og_url":"https:\/\/xenonkungen.com\/es\/producto\/luz-de-marcha-atras-ozz-wr1-con-luz-intermitente\/","og_site_name":"Xenonkungen","article_modified_time":"2026-03-10T15:02:53+00:00","og_image":[{"width":2048,"height":1536,"url":"https:\/\/xenonkungen.com\/wp-content\/uploads\/2025\/04\/88501_itemimage_mainfront.jpg","type":"image\/jpeg"}],"twitter_card":"summary_large_image","twitter_misc":{"Tiempo de lectura":"1 minuto"},"schema":{"@context":"https:\/\/schema.org","@graph":[{"@type":"WebPage","@id":"https:\/\/xenonkungen.com\/no\/produkt\/ozz-wr1-ryggelys-med-blits\/","url":"https:\/\/xenonkungen.com\/no\/produkt\/ozz-wr1-ryggelys-med-blits\/","name":"Luz de marcha atr\u00e1s OZZ WR1 con luz intermitente - Xenonkungen","isPartOf":{"@id":"https:\/\/xenonkungen.com\/#website"},"primaryImageOfPage":{"@id":"https:\/\/xenonkungen.com\/no\/produkt\/ozz-wr1-ryggelys-med-blits\/#primaryimage"},"image":{"@id":"https:\/\/xenonkungen.com\/no\/produkt\/ozz-wr1-ryggelys-med-blits\/#primaryimage"},"thumbnailUrl":"https:\/\/xenonkungen.com\/wp-content\/uploads\/2025\/04\/88501_itemimage_mainfront.jpg","datePublished":"2025-04-15T08:54:52+00:00","dateModified":"2026-03-10T15:02:53+00:00","breadcrumb":{"@id":"https:\/\/xenonkungen.com\/no\/produkt\/ozz-wr1-ryggelys-med-blits\/#breadcrumb"},"inLanguage":"es","potentialAction":[{"@type":"ReadAction","target":["https:\/\/xenonkungen.com\/no\/produkt\/ozz-wr1-ryggelys-med-blits\/"]}]},{"@type":"ImageObject","inLanguage":"es","@id":"https:\/\/xenonkungen.com\/no\/produkt\/ozz-wr1-ryggelys-med-blits\/#primaryimage","url":"https:\/\/xenonkungen.com\/wp-content\/uploads\/2025\/04\/88501_itemimage_mainfront.jpg","contentUrl":"https:\/\/xenonkungen.com\/wp-content\/uploads\/2025\/04\/88501_itemimage_mainfront.jpg","width":2048,"height":1536},{"@type":"BreadcrumbList","@id":"https:\/\/xenonkungen.com\/no\/produkt\/ozz-wr1-ryggelys-med-blits\/#breadcrumb","itemListElement":[{"@type":"ListItem","position":1,"name":"Hem","item":"https:\/\/xenonkungen.com\/"},{"@type":"ListItem","position":2,"name":"Shop","item":"https:\/\/xenonkungen.com\/shop\/"},{"@type":"ListItem","position":3,"name":"OZZ WR1 Backlampa med blixtljus"}]},{"@type":"WebSite","@id":"https:\/\/xenonkungen.com\/#website","url":"https:\/\/xenonkungen.com\/","name":"Xenonkungen","description":"","potentialAction":[{"@type":"SearchAction","target":{"@type":"EntryPoint","urlTemplate":"https:\/\/xenonkungen.com\/?s={search_term_string}"},"query-input":{"@type":"PropertyValueSpecification","valueRequired":true,"valueName":"search_term_string"}}],"inLanguage":"es"}]}},"taxonomy_info":{"product_brand":[{"value":1051,"label":"OZZ"}],"product_cat":[{"value":2479,"label":"Backljus"},{"value":508,"label":"Arbetsbelysning"}],"product_tag":[{"value":2788,"label":"black-week-exclude"}],"pa_fargtemperatur":[{"value":154,"label":"5000K"}],"pa_fuktskydd-varde-ipxx":[{"value":402,"label":"IP68. IP69K"}],"pa_godkannande":[{"value":1110,"label":"ECE, R10, R148, R23, R65 Class 1 och 2"}],"pa_lampsockel-kontakt":[{"value":329,"label":"DT"}],"pa_led-chips-effekt-w":[{"value":331,"label":"36"}],"pa_ljusbild":[{"value":178,"label":"Driving"}],"pa_storlek-mm":[{"value":1107,"label":"164x45x70"}],"pa_stromforbrukning":[{"value":1109,"label":"1,5A@24V"},{"value":1108,"label":"3A@12V"}],"pa_volt-v":[{"value":1084,"label":"Multivolt, 10, 12, 16, 18, 24, 28, 30, 32"}]},"featured_image_src_large":["https:\/\/xenonkungen.com\/wp-content\/uploads\/2025\/04\/88501_itemimage_mainfront-1024x768.jpg",1024,768,true],"author_info":[],"comment_info":0,"_links":{"self":[{"href":"https:\/\/xenonkungen.com\/es\/wp-json\/wp\/v2\/product\/3335","targetHints":{"allow":["GET"]}}],"collection":[{"href":"https:\/\/xenonkungen.com\/es\/wp-json\/wp\/v2\/product"}],"about":[{"href":"https:\/\/xenonkungen.com\/es\/wp-json\/wp\/v2\/types\/product"}],"replies":[{"embeddable":true,"href":"https:\/\/xenonkungen.com\/es\/wp-json\/wp\/v2\/comments?post=3335"}],"wp:featuredmedia":[{"embeddable":true,"href":"https:\/\/xenonkungen.com\/es\/wp-json\/wp\/v2\/media\/3336"}],"wp:attachment":[{"href":"https:\/\/xenonkungen.com\/es\/wp-json\/wp\/v2\/media?parent=3335"}],"wp:term":[{"taxonomy":"anvandningsomrade","embeddable":true,"href":"https:\/\/xenonkungen.com\/es\/wp-json\/wp\/v2\/anvandningsomrade?post=3335"},{"taxonomy":"bilmarken","embeddable":true,"href":"https:\/\/xenonkungen.com\/es\/wp-json\/wp\/v2\/bilmarken?post=3335"},{"taxonomy":"product_brand","embeddable":true,"href":"https:\/\/xenonkungen.com\/es\/wp-json\/wp\/v2\/product_brand?post=3335"},{"taxonomy":"product_cat","embeddable":true,"href":"https:\/\/xenonkungen.com\/es\/wp-json\/wp\/v2\/product_cat?post=3335"},{"taxonomy":"product_tag","embeddable":true,"href":"https:\/\/xenonkungen.com\/es\/wp-json\/wp\/v2\/product_tag?post=3335"}],"curies":[{"name":"wp","href":"https:\/\/api.w.org\/{rel}","templated":true}]}}