{"id":3385,"date":"2025-04-15T08:55:47","date_gmt":"2025-04-15T08:55:47","guid":{"rendered":"https:\/\/xenonkungen.com\/product\/lazer-triple-r-750-elite-86-230mm\/"},"modified":"2026-04-24T16:50:01","modified_gmt":"2026-04-24T15:50:01","slug":"lazer-triple-r-750-elite-86-230-mm","status":"publish","type":"product","link":"https:\/\/xenonkungen.com\/es\/producto\/lazer-triple-r-750-elite-86-230-mm\/","title":{"rendered":"Lazer Triple-R 750 Elite 8,6\u2033 (230mm)"},"content":{"rendered":"<h1>Descubre la serie Triple-R: la iluminaci\u00f3n definitiva para pilotos profesionales y aventureros.<\/h1>\n<p>Desarrollada originalmente para satisfacer las exigentes demandas de los rallies y los deportes de motor, donde la calidad y el rendimiento de la iluminaci\u00f3n pueden marcar la diferencia entre el \u00e9xito y el fracaso, la serie Triple-R de Lazers ahora est\u00e1 disponible para todos, desde turismos hasta camiones ligeros y pesados, \u00a1tanto para aventuras en carretera como fuera de ella!<\/p>\n<h2>Serie Elite: Tecnolog\u00eda avanzada para un rendimiento \u00f3ptimo<\/h2>\n<p>La serie Triple-R Elite lleva la iluminaci\u00f3n de largo alcance a un nivel completamente nuevo. Con la \u00faltima tecnolog\u00eda LED y una \u00f3ptica avanzada, obtendr\u00e1 un brillo incre\u00edble y un alcance excepcional que transforma la oscuridad en luz de d\u00eda, haciendo de la conducci\u00f3n nocturna una experiencia segura y protegida. El amplio campo de luz de la serie Elite garantiza que todo el ancho y largo de la carretera est\u00e9n perfectamente iluminados, brind\u00e1ndole un control total y una mejor capacidad de respuesta.<\/p>\n<h2>Funci\u00f3n Smart E-Boost para m\u00e1xima potencia<\/h2>\n<p>Los modelos m\u00e1s compactos de la serie \u2014Triple-R Elite 750, 850 y 1000\u2014 incorporan la innovadora tecnolog\u00eda E-boost de Lazer. Activa E-boost para obtener una luz realmente intensa cuando m\u00e1s la necesites y vuelve f\u00e1cilmente al modo homologado para circular por carretera. Con solo pulsar un bot\u00f3n, tendr\u00e1s acceso a un nivel de brillo que te garantiza seguridad en cualquier situaci\u00f3n.<\/p>\n<h2>Construido para durar \u2013 Garant\u00eda funcional de 5 a\u00f1os<\/h2>\n<p>La serie Triple-R no solo est\u00e1 dise\u00f1ada para proporcionar una iluminaci\u00f3n potente, sino tambi\u00e9n para durar. Gracias a su robusta construcci\u00f3n y una impresionante garant\u00eda de cinco a\u00f1os, puede confiar en que sus luces resistir\u00e1n incluso las condiciones m\u00e1s extremas, tanto si las instala en el techo como en el frontal.<\/p>\n<h2>Disponible en seis tallas para un ajuste perfecto<\/h2>\n<p>La gama Triple-R Elite ofrece flexibilidad para todo tipo de veh\u00edculos, con longitudes que van desde los 230 mm hasta los 1305 mm y un dise\u00f1o compacto de tan solo 73 mm de altura y 105 mm de profundidad. Estas luces son especialmente adecuadas para el montaje en techo, ya que su baja dispersi\u00f3n vertical de la luz evita el deslumbramiento del cap\u00f3, garantizando una conducci\u00f3n c\u00f3moda y segura en cualquier condici\u00f3n.<\/p>\n<h2>Triple-R: Haz que cada viaje sea m\u00e1s seguro, m\u00e1s protegido y m\u00e1s brillante.<\/h2>\n<p>Ya sea que te adentres en oscuros senderos forestales, atravieses terrenos dif\u00edciles o recorras caminos rurales, la serie Triple-R Elite de Lazer ofrece una soluci\u00f3n sin concesiones para una visibilidad y un estilo excepcionales. \u00a1Elige Triple-R y experimenta la diferencia de una iluminaci\u00f3n verdaderamente profesional!<\/p>","protected":false},"excerpt":{"rendered":"<p>Uppt\u00e4ck Triple-R-serien \u2013 Ultimat Belysning f\u00f6r Professionella och \u00c4ventyrslystna F\u00f6rare Triple-R-serien fr\u00e5n Lazers \u00e4r ursprungligen utvecklad f\u00f6r att m\u00f6ta de kompromissl\u00f6sa kraven inom rally och motorsport, d\u00e4r belysningens kvalitet och prestanda kan vara skillnaden mellan framg\u00e5ng och misslyckande. Nu \u00e4r dessa h\u00f6gkvalitativa ljus \u00e4ven tillg\u00e4ngliga f\u00f6r alla \u2013 fr\u00e5n personbilar till l\u00e4tta och tunga lastbilar, [&hellip;]<\/p>","protected":false},"featured_media":3386,"comment_status":"closed","ping_status":"open","template":"","meta":{"_acf_changed":false,"_smort_price_nok":"5207","_smort_price_dkk":"3308","_smort_price_eur":"443.16","_smort_sale_price_nok":"","_smort_sale_price_dkk":"","_smort_sale_price_eur":"","smort_restorder":"","shipmondo_restorder":"","_kad_blocks_custom_css":"","_kad_blocks_head_custom_js":"","_kad_blocks_body_custom_js":"","_kad_blocks_footer_custom_js":"","smort_custom_pricelist_1":"3280","smort_custom_pricelist_2":"3280","smort_custom_pricelist_3":"3280","smort_custom_pricelist_4":"4100","smort_custom_pricelist_5":"3280"},"anvandningsomrade":[],"bilmarken":[],"product_brand":[1124],"product_cat":[2561,2966,2539],"product_tag":[2788],"class_list":{"0":"post-3385","1":"product","2":"type-product","3":"status-publish","4":"has-post-thumbnail","6":"product_brand-lazer","7":"product_cat-lazer","8":"product_cat-ledramp-rak","9":"product_cat-ledramper","10":"product_tag-black-week-exclude","11":"pa_fargtemperatur-5000k","12":"pa_fuktskydd-varde-ipxx-ip67","13":"pa_lampsockel-kontakt-superseal","14":"pa_led-chips-effekt-w-355","15":"pa_storlek-mm-230x73x105","16":"pa_volt-v-multivolt-10-12-16-18-24-28-30-32","18":"first","19":"instock","20":"taxable","21":"shipping-taxable","22":"purchasable","23":"product-type-simple"},"bundled_by":[],"bundle_stock_status":"instock","bundle_stock_quantity":2,"bundle_virtual":false,"bundle_layout":"","bundle_add_to_cart_form_location":"","bundle_editable_in_cart":false,"bundle_sold_individually_context":"","bundle_item_grouping":"","bundle_min_size":"","bundle_max_size":"","bundle_price":[],"bundled_items":[],"bundle_sell_ids":[],"acf":[],"yoast_head":"<!-- This site is optimized with the Yoast SEO plugin v27.0 - https:\/\/yoast.com\/product\/yoast-seo-wordpress\/ -->\n<title>Lazer Triple-R 750 Elite 8,6&quot; (230mm) - Xenonkungen<\/title>\n<meta name=\"robots\" content=\"index, follow, max-snippet:-1, max-image-preview:large, max-video-preview:-1\" \/>\n<link rel=\"canonical\" href=\"https:\/\/xenonkungen.com\/es\/producto\/lazer-triple-r-750-elite-86-230-mm\/\" \/>\n<meta property=\"og:locale\" content=\"es_ES\" \/>\n<meta property=\"og:type\" content=\"article\" \/>\n<meta property=\"og:title\" content=\"Lazer Triple-R 750 Elite 8,6&quot; (230mm) - Xenonkungen\" \/>\n<meta property=\"og:description\" content=\"Uppt\u00e4ck Triple-R-serien \u2013 Ultimat Belysning f\u00f6r Professionella och \u00c4ventyrslystna F\u00f6rare Triple-R-serien fr\u00e5n Lazers \u00e4r ursprungligen utvecklad f\u00f6r att m\u00f6ta de kompromissl\u00f6sa kraven inom rally och motorsport, d\u00e4r belysningens kvalitet och prestanda kan vara skillnaden mellan framg\u00e5ng och misslyckande. Nu \u00e4r dessa h\u00f6gkvalitativa ljus \u00e4ven tillg\u00e4ngliga f\u00f6r alla \u2013 fr\u00e5n personbilar till l\u00e4tta och tunga lastbilar, [&hellip;]\" \/>\n<meta property=\"og:url\" content=\"https:\/\/xenonkungen.com\/es\/producto\/lazer-triple-r-750-elite-86-230-mm\/\" \/>\n<meta property=\"og:site_name\" content=\"Xenonkungen\" \/>\n<meta property=\"article:modified_time\" content=\"2026-04-24T15:50:01+00:00\" \/>\n<meta property=\"og:image\" content=\"https:\/\/xenonkungen.com\/wp-content\/uploads\/2025\/04\/159231_itemimage_mainfront.webp\" \/>\n\t<meta property=\"og:image:width\" content=\"256\" \/>\n\t<meta property=\"og:image:height\" content=\"192\" \/>\n\t<meta property=\"og:image:type\" content=\"image\/webp\" \/>\n<meta name=\"twitter:card\" content=\"summary_large_image\" \/>\n<meta name=\"twitter:label1\" content=\"Tiempo de lectura\" \/>\n\t<meta name=\"twitter:data1\" content=\"2 minutos\" \/>\n<script type=\"application\/ld+json\" class=\"yoast-schema-graph\">{\"@context\":\"https:\/\/schema.org\",\"@graph\":[{\"@type\":\"WebPage\",\"@id\":\"https:\/\/xenonkungen.com\/en\/product\/lazer-triple-r-750-elite-86-230mm\/\",\"url\":\"https:\/\/xenonkungen.com\/en\/product\/lazer-triple-r-750-elite-86-230mm\/\",\"name\":\"Lazer Triple-R 750 Elite 8,6\\\" (230mm) - Xenonkungen\",\"isPartOf\":{\"@id\":\"https:\/\/xenonkungen.com\/#website\"},\"primaryImageOfPage\":{\"@id\":\"https:\/\/xenonkungen.com\/en\/product\/lazer-triple-r-750-elite-86-230mm\/#primaryimage\"},\"image\":{\"@id\":\"https:\/\/xenonkungen.com\/en\/product\/lazer-triple-r-750-elite-86-230mm\/#primaryimage\"},\"thumbnailUrl\":\"https:\/\/xenonkungen.com\/wp-content\/uploads\/2025\/04\/159231_itemimage_mainfront.webp\",\"datePublished\":\"2025-04-15T08:55:47+00:00\",\"dateModified\":\"2026-04-24T15:50:01+00:00\",\"breadcrumb\":{\"@id\":\"https:\/\/xenonkungen.com\/en\/product\/lazer-triple-r-750-elite-86-230mm\/#breadcrumb\"},\"inLanguage\":\"es\",\"potentialAction\":[{\"@type\":\"ReadAction\",\"target\":[\"https:\/\/xenonkungen.com\/en\/product\/lazer-triple-r-750-elite-86-230mm\/\"]}]},{\"@type\":\"ImageObject\",\"inLanguage\":\"es\",\"@id\":\"https:\/\/xenonkungen.com\/en\/product\/lazer-triple-r-750-elite-86-230mm\/#primaryimage\",\"url\":\"https:\/\/xenonkungen.com\/wp-content\/uploads\/2025\/04\/159231_itemimage_mainfront.webp\",\"contentUrl\":\"https:\/\/xenonkungen.com\/wp-content\/uploads\/2025\/04\/159231_itemimage_mainfront.webp\",\"width\":256,\"height\":192},{\"@type\":\"BreadcrumbList\",\"@id\":\"https:\/\/xenonkungen.com\/en\/product\/lazer-triple-r-750-elite-86-230mm\/#breadcrumb\",\"itemListElement\":[{\"@type\":\"ListItem\",\"position\":1,\"name\":\"Hem\",\"item\":\"https:\/\/xenonkungen.com\/\"},{\"@type\":\"ListItem\",\"position\":2,\"name\":\"Shop\",\"item\":\"https:\/\/xenonkungen.com\/shop\/\"},{\"@type\":\"ListItem\",\"position\":3,\"name\":\"Lazer Triple-R 750 Elite 8,6&#8243; (230mm)\"}]},{\"@type\":\"WebSite\",\"@id\":\"https:\/\/xenonkungen.com\/#website\",\"url\":\"https:\/\/xenonkungen.com\/\",\"name\":\"Xenonkungen\",\"description\":\"\",\"potentialAction\":[{\"@type\":\"SearchAction\",\"target\":{\"@type\":\"EntryPoint\",\"urlTemplate\":\"https:\/\/xenonkungen.com\/?s={search_term_string}\"},\"query-input\":{\"@type\":\"PropertyValueSpecification\",\"valueRequired\":true,\"valueName\":\"search_term_string\"}}],\"inLanguage\":\"es\"}]}<\/script>\n<!-- \/ Yoast SEO plugin. -->","yoast_head_json":{"title":"Lazer Triple-R 750 Elite 8,6&quot; (230 mm): el rey del xen\u00f3n","robots":{"index":"index","follow":"follow","max-snippet":"max-snippet:-1","max-image-preview":"max-image-preview:large","max-video-preview":"max-video-preview:-1"},"canonical":"https:\/\/xenonkungen.com\/es\/producto\/lazer-triple-r-750-elite-86-230-mm\/","og_locale":"es_ES","og_type":"article","og_title":"Lazer Triple-R 750 Elite 8,6\" (230mm) - Xenonkungen","og_description":"Uppt\u00e4ck Triple-R-serien \u2013 Ultimat Belysning f\u00f6r Professionella och \u00c4ventyrslystna F\u00f6rare Triple-R-serien fr\u00e5n Lazers \u00e4r ursprungligen utvecklad f\u00f6r att m\u00f6ta de kompromissl\u00f6sa kraven inom rally och motorsport, d\u00e4r belysningens kvalitet och prestanda kan vara skillnaden mellan framg\u00e5ng och misslyckande. Nu \u00e4r dessa h\u00f6gkvalitativa ljus \u00e4ven tillg\u00e4ngliga f\u00f6r alla \u2013 fr\u00e5n personbilar till l\u00e4tta och tunga lastbilar, [&hellip;]","og_url":"https:\/\/xenonkungen.com\/es\/producto\/lazer-triple-r-750-elite-86-230-mm\/","og_site_name":"Xenonkungen","article_modified_time":"2026-04-24T15:50:01+00:00","og_image":[{"width":256,"height":192,"url":"https:\/\/xenonkungen.com\/wp-content\/uploads\/2025\/04\/159231_itemimage_mainfront.webp","type":"image\/webp"}],"twitter_card":"summary_large_image","twitter_misc":{"Tiempo de lectura":"2 minutos"},"schema":{"@context":"https:\/\/schema.org","@graph":[{"@type":"WebPage","@id":"https:\/\/xenonkungen.com\/en\/product\/lazer-triple-r-750-elite-86-230mm\/","url":"https:\/\/xenonkungen.com\/en\/product\/lazer-triple-r-750-elite-86-230mm\/","name":"Lazer Triple-R 750 Elite 8,6&quot; (230 mm): el rey del xen\u00f3n","isPartOf":{"@id":"https:\/\/xenonkungen.com\/#website"},"primaryImageOfPage":{"@id":"https:\/\/xenonkungen.com\/en\/product\/lazer-triple-r-750-elite-86-230mm\/#primaryimage"},"image":{"@id":"https:\/\/xenonkungen.com\/en\/product\/lazer-triple-r-750-elite-86-230mm\/#primaryimage"},"thumbnailUrl":"https:\/\/xenonkungen.com\/wp-content\/uploads\/2025\/04\/159231_itemimage_mainfront.webp","datePublished":"2025-04-15T08:55:47+00:00","dateModified":"2026-04-24T15:50:01+00:00","breadcrumb":{"@id":"https:\/\/xenonkungen.com\/en\/product\/lazer-triple-r-750-elite-86-230mm\/#breadcrumb"},"inLanguage":"es","potentialAction":[{"@type":"ReadAction","target":["https:\/\/xenonkungen.com\/en\/product\/lazer-triple-r-750-elite-86-230mm\/"]}]},{"@type":"ImageObject","inLanguage":"es","@id":"https:\/\/xenonkungen.com\/en\/product\/lazer-triple-r-750-elite-86-230mm\/#primaryimage","url":"https:\/\/xenonkungen.com\/wp-content\/uploads\/2025\/04\/159231_itemimage_mainfront.webp","contentUrl":"https:\/\/xenonkungen.com\/wp-content\/uploads\/2025\/04\/159231_itemimage_mainfront.webp","width":256,"height":192},{"@type":"BreadcrumbList","@id":"https:\/\/xenonkungen.com\/en\/product\/lazer-triple-r-750-elite-86-230mm\/#breadcrumb","itemListElement":[{"@type":"ListItem","position":1,"name":"Hem","item":"https:\/\/xenonkungen.com\/"},{"@type":"ListItem","position":2,"name":"Shop","item":"https:\/\/xenonkungen.com\/shop\/"},{"@type":"ListItem","position":3,"name":"Lazer Triple-R 750 Elite 8,6&#8243; (230mm)"}]},{"@type":"WebSite","@id":"https:\/\/xenonkungen.com\/#website","url":"https:\/\/xenonkungen.com\/","name":"Xenonkungen","description":"","potentialAction":[{"@type":"SearchAction","target":{"@type":"EntryPoint","urlTemplate":"https:\/\/xenonkungen.com\/?s={search_term_string}"},"query-input":{"@type":"PropertyValueSpecification","valueRequired":true,"valueName":"search_term_string"}}],"inLanguage":"es"}]}},"taxonomy_info":{"product_brand":[{"value":1124,"label":"Lazer"}],"product_cat":[{"value":2561,"label":"Lazer"},{"value":2966,"label":"Ledramp Rak"},{"value":2539,"label":"LEDRAMPER"}],"product_tag":[{"value":2788,"label":"black-week-exclude"}],"pa_fargtemperatur":[{"value":154,"label":"5000K"}],"pa_fuktskydd-varde-ipxx":[{"value":333,"label":"IP67"}],"pa_lampsockel-kontakt":[{"value":1122,"label":"Superseal"}],"pa_led-chips-effekt-w":[{"value":355,"label":"50"}],"pa_storlek-mm":[{"value":1125,"label":"230x73x105"}],"pa_volt-v":[{"value":1084,"label":"Multivolt, 10, 12, 16, 18, 24, 28, 30, 32"}]},"featured_image_src_large":["https:\/\/xenonkungen.com\/wp-content\/uploads\/2025\/04\/159231_itemimage_mainfront.webp",256,192,false],"author_info":[],"comment_info":0,"_links":{"self":[{"href":"https:\/\/xenonkungen.com\/es\/wp-json\/wp\/v2\/product\/3385","targetHints":{"allow":["GET"]}}],"collection":[{"href":"https:\/\/xenonkungen.com\/es\/wp-json\/wp\/v2\/product"}],"about":[{"href":"https:\/\/xenonkungen.com\/es\/wp-json\/wp\/v2\/types\/product"}],"replies":[{"embeddable":true,"href":"https:\/\/xenonkungen.com\/es\/wp-json\/wp\/v2\/comments?post=3385"}],"wp:featuredmedia":[{"embeddable":true,"href":"https:\/\/xenonkungen.com\/es\/wp-json\/wp\/v2\/media\/3386"}],"wp:attachment":[{"href":"https:\/\/xenonkungen.com\/es\/wp-json\/wp\/v2\/media?parent=3385"}],"wp:term":[{"taxonomy":"anvandningsomrade","embeddable":true,"href":"https:\/\/xenonkungen.com\/es\/wp-json\/wp\/v2\/anvandningsomrade?post=3385"},{"taxonomy":"bilmarken","embeddable":true,"href":"https:\/\/xenonkungen.com\/es\/wp-json\/wp\/v2\/bilmarken?post=3385"},{"taxonomy":"product_brand","embeddable":true,"href":"https:\/\/xenonkungen.com\/es\/wp-json\/wp\/v2\/product_brand?post=3385"},{"taxonomy":"product_cat","embeddable":true,"href":"https:\/\/xenonkungen.com\/es\/wp-json\/wp\/v2\/product_cat?post=3385"},{"taxonomy":"product_tag","embeddable":true,"href":"https:\/\/xenonkungen.com\/es\/wp-json\/wp\/v2\/product_tag?post=3385"}],"curies":[{"name":"wp","href":"https:\/\/api.w.org\/{rel}","templated":true}]}}