{"id":3390,"date":"2025-04-15T08:55:47","date_gmt":"2025-04-15T08:55:47","guid":{"rendered":"https:\/\/xenonkungen.com\/product\/lazer-ledrampkit-ram-1500-2019-2x-linear-6-elite\/"},"modified":"2026-04-24T16:50:06","modified_gmt":"2026-04-24T15:50:06","slug":"kit-de-rampa-led-laser-para-ram-1500-2019-2-luces-lineales-6-elite","status":"publish","type":"product","link":"https:\/\/xenonkungen.com\/es\/producto\/kit-de-rampa-led-laser-para-ram-1500-2019-2-luces-lineales-6-elite\/","title":{"rendered":"Lazer Ledrampkit RAM 1500 2019+ | 2x Linear-6 Elite"},"content":{"rendered":"<h1>Linear Elite \u2013 \u00a1M\u00e1ximo brillo en un dise\u00f1o delgado para tu coche!<\/h1>\n<p>Descubra la combinaci\u00f3n definitiva de iluminaci\u00f3n potente y dise\u00f1o elegante con <strong>L\u00e1ser lineal Elite<\/strong>La serie de barras de luz auxiliares de alta calidad para uso diario. Con un rendimiento lum\u00ednico impresionante y un perfil aerodin\u00e1mico, estas barras est\u00e1n dise\u00f1adas para quienes buscan lo mejor tanto en la carretera como para su veh\u00edculo.<\/p>\n<h2>Compacto pero potente<\/h2>\n<p>La serie Linear Elite est\u00e1 disponible en tres longitudes (232-532 mm) y, gracias a sus reducidas dimensiones (tan solo 40 mm de alto y 62 mm de profundidad), estas rampas son perfectas incluso para espacios reducidos. Equipadas con dos filas de LED de 3 W de alta calidad, tras una lente de policarbonato irrompible, ofrecen m\u00e1xima luminosidad y durabilidad en cualquier condici\u00f3n clim\u00e1tica.<\/p>\n<h2>Dise\u00f1ado para funcionar en cualquier lugar y en cualquier momento<\/h2>\n<p>La lente recubierta repele eficazmente la suciedad y la nieve, brind\u00e1ndole una luz constante y n\u00edtida. Su ligera carcasa de aluminio y sus soportes de acero inoxidable facilitan su instalaci\u00f3n, ya sea en el techo o en la parte delantera del veh\u00edculo. Adem\u00e1s, su dise\u00f1o aerodin\u00e1mico garantiza que se integren a la perfecci\u00f3n y le den a su veh\u00edculo un aspecto elegante y deportivo.<\/p>\n<h2>Linear Elite \u2013 Barras de luces en las que confiar<\/h2>\n<p>Con su construcci\u00f3n duradera y su rendimiento de iluminaci\u00f3n superior, <strong>L\u00e1ser lineal Elite<\/strong> No solo es una inversi\u00f3n en mejor visibilidad, sino tambi\u00e9n en seguridad y estilo a largo plazo. \u00a1Te esperan carreteras m\u00e1s despejadas! \u00a1Elige Linear Elite hoy mismo!<\/p>","protected":false},"excerpt":{"rendered":"<p>Mejora tu RAM 1500 (2019+) con el kit de luces LED Lazer, que incluye 2 faros Linear-6 Elite. Consigue una iluminaci\u00f3n superior con el m\u00e1ximo brillo y un dise\u00f1o elegante. Perfecto para quienes buscan una iluminaci\u00f3n potente y fiable, independientemente del terreno o las condiciones.<\/p>","protected":false},"featured_media":3391,"comment_status":"closed","ping_status":"open","template":"","meta":{"_acf_changed":false,"_smort_price_nok":"9074","_smort_price_dkk":"5764","_smort_price_eur":"772.24","_smort_sale_price_nok":"","_smort_sale_price_dkk":"","_smort_sale_price_eur":"","smort_restorder":"","shipmondo_restorder":"","_kad_blocks_custom_css":"","_kad_blocks_head_custom_js":"","_kad_blocks_body_custom_js":"","_kad_blocks_footer_custom_js":"","smort_custom_pricelist_1":"5680","smort_custom_pricelist_2":"5680","smort_custom_pricelist_3":"5680","smort_custom_pricelist_4":"7100","smort_custom_pricelist_5":"5680"},"anvandningsomrade":[],"bilmarken":[],"product_brand":[1124],"product_cat":[1916],"product_tag":[2788],"class_list":{"0":"post-3390","1":"product","2":"type-product","3":"status-publish","4":"has-post-thumbnail","6":"product_brand-lazer","7":"product_cat-ledrampspaket","8":"product_tag-black-week-exclude","9":"pa_fargtemperatur-5000k","10":"pa_fuktskydd-varde-ipxx-ip68","11":"pa_lampsockel-kontakt-superseal","12":"pa_led-chips-effekt-w-1092","13":"pa_storlek-mm-232x40x62","14":"pa_stromforbrukning-29a12v","15":"pa_volt-v-multivolt-10-12-16-18-24-28-30-32","17":"first","18":"onbackorder","19":"taxable","20":"shipping-taxable","21":"purchasable","22":"product-type-simple"},"bundled_by":[],"bundle_stock_status":"onbackorder","bundle_stock_quantity":0,"bundle_virtual":false,"bundle_layout":"","bundle_add_to_cart_form_location":"","bundle_editable_in_cart":false,"bundle_sold_individually_context":"","bundle_item_grouping":"","bundle_min_size":"","bundle_max_size":"","bundle_price":[],"bundled_items":[],"bundle_sell_ids":[],"acf":[],"yoast_head":"<!-- This site is optimized with the Yoast SEO plugin v27.0 - https:\/\/yoast.com\/product\/yoast-seo-wordpress\/ -->\n<title>Lazer Ledrampkit RAM 1500 2019+ | 2x Linear-6 Elite - Xenonkungen<\/title>\n<meta name=\"robots\" content=\"index, follow, max-snippet:-1, max-image-preview:large, max-video-preview:-1\" \/>\n<link rel=\"canonical\" href=\"https:\/\/xenonkungen.com\/es\/producto\/kit-de-rampa-led-laser-para-ram-1500-2019-2-luces-lineales-6-elite\/\" \/>\n<meta property=\"og:locale\" content=\"es_ES\" \/>\n<meta property=\"og:type\" content=\"article\" \/>\n<meta property=\"og:title\" content=\"Lazer Ledrampkit RAM 1500 2019+ | 2x Linear-6 Elite - Xenonkungen\" \/>\n<meta property=\"og:description\" content=\"Uppgradera din RAM 1500 (2019+) med Lazer Ledrampkit som inkluderar 2x Linear-6 Elite. F\u00e5 \u00f6verl\u00e4gsen belysning med maximal ljusstyrka och stilren design. Perfekt f\u00f6r dig som vill ha kraftfull och p\u00e5litlig belysning, oavsett terr\u00e4ng eller f\u00f6rh\u00e5llanden.\" \/>\n<meta property=\"og:url\" content=\"https:\/\/xenonkungen.com\/es\/producto\/kit-de-rampa-led-laser-para-ram-1500-2019-2-luces-lineales-6-elite\/\" \/>\n<meta property=\"og:site_name\" content=\"Xenonkungen\" \/>\n<meta property=\"article:modified_time\" content=\"2026-04-24T15:50:06+00:00\" \/>\n<meta property=\"og:image\" content=\"https:\/\/xenonkungen.com\/wp-content\/uploads\/2025\/04\/stamm_lazer_sgu89_fahrzeug1-4_web.jpg\" \/>\n\t<meta property=\"og:image:width\" content=\"1000\" \/>\n\t<meta property=\"og:image:height\" content=\"750\" \/>\n\t<meta property=\"og:image:type\" content=\"image\/jpeg\" \/>\n<meta name=\"twitter:card\" content=\"summary_large_image\" \/>\n<meta name=\"twitter:label1\" content=\"Tiempo de lectura\" \/>\n\t<meta name=\"twitter:data1\" content=\"1 minuto\" \/>\n<script type=\"application\/ld+json\" class=\"yoast-schema-graph\">{\"@context\":\"https:\/\/schema.org\",\"@graph\":[{\"@type\":\"WebPage\",\"@id\":\"https:\/\/xenonkungen.com\/produkt\/lazer-ledrampkit-ram-1500-2019-2x-linear-6-elite\/\",\"url\":\"https:\/\/xenonkungen.com\/produkt\/lazer-ledrampkit-ram-1500-2019-2x-linear-6-elite\/\",\"name\":\"Lazer Ledrampkit RAM 1500 2019+ | 2x Linear-6 Elite - Xenonkungen\",\"isPartOf\":{\"@id\":\"https:\/\/xenonkungen.com\/#website\"},\"primaryImageOfPage\":{\"@id\":\"https:\/\/xenonkungen.com\/produkt\/lazer-ledrampkit-ram-1500-2019-2x-linear-6-elite\/#primaryimage\"},\"image\":{\"@id\":\"https:\/\/xenonkungen.com\/produkt\/lazer-ledrampkit-ram-1500-2019-2x-linear-6-elite\/#primaryimage\"},\"thumbnailUrl\":\"https:\/\/xenonkungen.com\/wp-content\/uploads\/2025\/04\/stamm_lazer_sgu89_fahrzeug1-4_web.jpg\",\"datePublished\":\"2025-04-15T08:55:47+00:00\",\"dateModified\":\"2026-04-24T15:50:06+00:00\",\"breadcrumb\":{\"@id\":\"https:\/\/xenonkungen.com\/produkt\/lazer-ledrampkit-ram-1500-2019-2x-linear-6-elite\/#breadcrumb\"},\"inLanguage\":\"es\",\"potentialAction\":[{\"@type\":\"ReadAction\",\"target\":[\"https:\/\/xenonkungen.com\/produkt\/lazer-ledrampkit-ram-1500-2019-2x-linear-6-elite\/\"]}]},{\"@type\":\"ImageObject\",\"inLanguage\":\"es\",\"@id\":\"https:\/\/xenonkungen.com\/produkt\/lazer-ledrampkit-ram-1500-2019-2x-linear-6-elite\/#primaryimage\",\"url\":\"https:\/\/xenonkungen.com\/wp-content\/uploads\/2025\/04\/stamm_lazer_sgu89_fahrzeug1-4_web.jpg\",\"contentUrl\":\"https:\/\/xenonkungen.com\/wp-content\/uploads\/2025\/04\/stamm_lazer_sgu89_fahrzeug1-4_web.jpg\",\"width\":1000,\"height\":750},{\"@type\":\"BreadcrumbList\",\"@id\":\"https:\/\/xenonkungen.com\/produkt\/lazer-ledrampkit-ram-1500-2019-2x-linear-6-elite\/#breadcrumb\",\"itemListElement\":[{\"@type\":\"ListItem\",\"position\":1,\"name\":\"Hem\",\"item\":\"https:\/\/xenonkungen.com\/\"},{\"@type\":\"ListItem\",\"position\":2,\"name\":\"Shop\",\"item\":\"https:\/\/xenonkungen.com\/shop\/\"},{\"@type\":\"ListItem\",\"position\":3,\"name\":\"Lazer Ledrampkit RAM 1500 2019+ | 2x Linear-6 Elite\"}]},{\"@type\":\"WebSite\",\"@id\":\"https:\/\/xenonkungen.com\/#website\",\"url\":\"https:\/\/xenonkungen.com\/\",\"name\":\"Xenonkungen\",\"description\":\"\",\"potentialAction\":[{\"@type\":\"SearchAction\",\"target\":{\"@type\":\"EntryPoint\",\"urlTemplate\":\"https:\/\/xenonkungen.com\/?s={search_term_string}\"},\"query-input\":{\"@type\":\"PropertyValueSpecification\",\"valueRequired\":true,\"valueName\":\"search_term_string\"}}],\"inLanguage\":\"es\"}]}<\/script>\n<!-- \/ Yoast SEO plugin. -->","yoast_head_json":{"title":"Kit de rampa LED l\u00e1ser para RAM 1500 2019+ | 2x Linear-6 Elite - El rey del xen\u00f3n","robots":{"index":"index","follow":"follow","max-snippet":"max-snippet:-1","max-image-preview":"max-image-preview:large","max-video-preview":"max-video-preview:-1"},"canonical":"https:\/\/xenonkungen.com\/es\/producto\/kit-de-rampa-led-laser-para-ram-1500-2019-2-luces-lineales-6-elite\/","og_locale":"es_ES","og_type":"article","og_title":"Lazer Ledrampkit RAM 1500 2019+ | 2x Linear-6 Elite - Xenonkungen","og_description":"Uppgradera din RAM 1500 (2019+) med Lazer Ledrampkit som inkluderar 2x Linear-6 Elite. F\u00e5 \u00f6verl\u00e4gsen belysning med maximal ljusstyrka och stilren design. Perfekt f\u00f6r dig som vill ha kraftfull och p\u00e5litlig belysning, oavsett terr\u00e4ng eller f\u00f6rh\u00e5llanden.","og_url":"https:\/\/xenonkungen.com\/es\/producto\/kit-de-rampa-led-laser-para-ram-1500-2019-2-luces-lineales-6-elite\/","og_site_name":"Xenonkungen","article_modified_time":"2026-04-24T15:50:06+00:00","og_image":[{"width":1000,"height":750,"url":"https:\/\/xenonkungen.com\/wp-content\/uploads\/2025\/04\/stamm_lazer_sgu89_fahrzeug1-4_web.jpg","type":"image\/jpeg"}],"twitter_card":"summary_large_image","twitter_misc":{"Tiempo de lectura":"1 minuto"},"schema":{"@context":"https:\/\/schema.org","@graph":[{"@type":"WebPage","@id":"https:\/\/xenonkungen.com\/produkt\/lazer-ledrampkit-ram-1500-2019-2x-linear-6-elite\/","url":"https:\/\/xenonkungen.com\/produkt\/lazer-ledrampkit-ram-1500-2019-2x-linear-6-elite\/","name":"Kit de rampa LED l\u00e1ser para RAM 1500 2019+ | 2x Linear-6 Elite - El rey del xen\u00f3n","isPartOf":{"@id":"https:\/\/xenonkungen.com\/#website"},"primaryImageOfPage":{"@id":"https:\/\/xenonkungen.com\/produkt\/lazer-ledrampkit-ram-1500-2019-2x-linear-6-elite\/#primaryimage"},"image":{"@id":"https:\/\/xenonkungen.com\/produkt\/lazer-ledrampkit-ram-1500-2019-2x-linear-6-elite\/#primaryimage"},"thumbnailUrl":"https:\/\/xenonkungen.com\/wp-content\/uploads\/2025\/04\/stamm_lazer_sgu89_fahrzeug1-4_web.jpg","datePublished":"2025-04-15T08:55:47+00:00","dateModified":"2026-04-24T15:50:06+00:00","breadcrumb":{"@id":"https:\/\/xenonkungen.com\/produkt\/lazer-ledrampkit-ram-1500-2019-2x-linear-6-elite\/#breadcrumb"},"inLanguage":"es","potentialAction":[{"@type":"ReadAction","target":["https:\/\/xenonkungen.com\/produkt\/lazer-ledrampkit-ram-1500-2019-2x-linear-6-elite\/"]}]},{"@type":"ImageObject","inLanguage":"es","@id":"https:\/\/xenonkungen.com\/produkt\/lazer-ledrampkit-ram-1500-2019-2x-linear-6-elite\/#primaryimage","url":"https:\/\/xenonkungen.com\/wp-content\/uploads\/2025\/04\/stamm_lazer_sgu89_fahrzeug1-4_web.jpg","contentUrl":"https:\/\/xenonkungen.com\/wp-content\/uploads\/2025\/04\/stamm_lazer_sgu89_fahrzeug1-4_web.jpg","width":1000,"height":750},{"@type":"BreadcrumbList","@id":"https:\/\/xenonkungen.com\/produkt\/lazer-ledrampkit-ram-1500-2019-2x-linear-6-elite\/#breadcrumb","itemListElement":[{"@type":"ListItem","position":1,"name":"Hem","item":"https:\/\/xenonkungen.com\/"},{"@type":"ListItem","position":2,"name":"Shop","item":"https:\/\/xenonkungen.com\/shop\/"},{"@type":"ListItem","position":3,"name":"Lazer Ledrampkit RAM 1500 2019+ | 2x Linear-6 Elite"}]},{"@type":"WebSite","@id":"https:\/\/xenonkungen.com\/#website","url":"https:\/\/xenonkungen.com\/","name":"Xenonkungen","description":"","potentialAction":[{"@type":"SearchAction","target":{"@type":"EntryPoint","urlTemplate":"https:\/\/xenonkungen.com\/?s={search_term_string}"},"query-input":{"@type":"PropertyValueSpecification","valueRequired":true,"valueName":"search_term_string"}}],"inLanguage":"es"}]}},"taxonomy_info":{"product_brand":[{"value":1124,"label":"Lazer"}],"product_cat":[{"value":1916,"label":"Ledrampspaket"}],"product_tag":[{"value":2788,"label":"black-week-exclude"}],"pa_fargtemperatur":[{"value":154,"label":"5000K"}],"pa_fuktskydd-varde-ipxx":[{"value":177,"label":"IP68"}],"pa_lampsockel-kontakt":[{"value":1122,"label":"Superseal"}],"pa_led-chips-effekt-w":[{"value":1092,"label":"42"}],"pa_storlek-mm":[{"value":1126,"label":"232x40x62"}],"pa_stromforbrukning":[{"value":1127,"label":"2,9A@12V"}],"pa_volt-v":[{"value":1084,"label":"Multivolt, 10, 12, 16, 18, 24, 28, 30, 32"}]},"featured_image_src_large":["https:\/\/xenonkungen.com\/wp-content\/uploads\/2025\/04\/stamm_lazer_sgu89_fahrzeug1-4_web.jpg",1000,750,false],"author_info":[],"comment_info":0,"_links":{"self":[{"href":"https:\/\/xenonkungen.com\/es\/wp-json\/wp\/v2\/product\/3390","targetHints":{"allow":["GET"]}}],"collection":[{"href":"https:\/\/xenonkungen.com\/es\/wp-json\/wp\/v2\/product"}],"about":[{"href":"https:\/\/xenonkungen.com\/es\/wp-json\/wp\/v2\/types\/product"}],"replies":[{"embeddable":true,"href":"https:\/\/xenonkungen.com\/es\/wp-json\/wp\/v2\/comments?post=3390"}],"wp:featuredmedia":[{"embeddable":true,"href":"https:\/\/xenonkungen.com\/es\/wp-json\/wp\/v2\/media\/3391"}],"wp:attachment":[{"href":"https:\/\/xenonkungen.com\/es\/wp-json\/wp\/v2\/media?parent=3390"}],"wp:term":[{"taxonomy":"anvandningsomrade","embeddable":true,"href":"https:\/\/xenonkungen.com\/es\/wp-json\/wp\/v2\/anvandningsomrade?post=3390"},{"taxonomy":"bilmarken","embeddable":true,"href":"https:\/\/xenonkungen.com\/es\/wp-json\/wp\/v2\/bilmarken?post=3390"},{"taxonomy":"product_brand","embeddable":true,"href":"https:\/\/xenonkungen.com\/es\/wp-json\/wp\/v2\/product_brand?post=3390"},{"taxonomy":"product_cat","embeddable":true,"href":"https:\/\/xenonkungen.com\/es\/wp-json\/wp\/v2\/product_cat?post=3390"},{"taxonomy":"product_tag","embeddable":true,"href":"https:\/\/xenonkungen.com\/es\/wp-json\/wp\/v2\/product_tag?post=3390"}],"curies":[{"name":"wp","href":"https:\/\/api.w.org\/{rel}","templated":true}]}}