{"id":3398,"date":"2025-04-15T08:56:00","date_gmt":"2025-04-15T08:56:00","guid":{"rendered":"https:\/\/xenonkungen.com\/product\/lazer-linear-6-elite\/"},"modified":"2026-04-24T16:50:08","modified_gmt":"2026-04-24T15:50:08","slug":"laser-lineal-6-elite","status":"publish","type":"product","link":"https:\/\/xenonkungen.com\/es\/producto\/laser-lineal-6-elite\/","title":{"rendered":"Lazer Linear 6 Elite+"},"content":{"rendered":"<p>Rampa de luz extra Lazer Linear Elite+<br \/>\nLa serie Lazer Triple-R Elite+ representa una evoluci\u00f3n de las soluciones de iluminaci\u00f3n LED de alto rendimiento de Lazer y consta de productos con un rendimiento, una distribuci\u00f3n de luz y una funcionalidad mejorados. Estas mejoras se deben, en parte, a la incorporaci\u00f3n de LED amarillos adicionales en cada faro, que pueden combinarse con la ya excelente funci\u00f3n de luz de carretera para obtener luz blanca y lograr una visibilidad nocturna impresionante con una temperatura de color ligeramente m\u00e1s suave y relajante.<\/p>\n<p>DATOS FOTOM\u00c9TRICOS<br \/>\n\u00c1ngulo de luz horizontal 84\u00b0 84\u00b0 84\u00b0<br \/>\n0,25 lx L\u00ednea 600 m \/ 424 m 263 m 621 m<br \/>\n0,5 lx L\u00ednea 424 m \/ 300 m 186 m 439 m<br \/>\n1 lx L\u00ednea 300 m \/ 212 m 131 m 311 m<br \/>\n3 lx L\u00ednea 173 m \/ 122 m 76 m 179 m<\/p>\n<p>La luz permite cambiar entre los diferentes modos de iluminaci\u00f3n mediante un interruptor que se inserta en el interior del veh\u00edculo (incluido). Los modos de luz son: Potencia m\u00e1xima (solo blanco), Combinado (blanco + amarillo), Modo nieve\/niebla\/polvo (solo amarillo) y Modo homologado E\/Baja potencia (solo blanco; homologado para circular con potencia reducida seg\u00fan la normativa UNECE Reg 149). Gracias a su funci\u00f3n de memoria, la luz recupera el modo seleccionado previamente al reiniciar el veh\u00edculo, por ejemplo. Si adem\u00e1s mantiene pulsado el interruptor durante 2 segundos, la luz cambia autom\u00e1ticamente al modo homologado E.<\/p>\n<p>A pesar de su dise\u00f1o aerodin\u00e1mico y de perfil bajo, la Linear-6 Elite+ incorpora 12 LED blancos y 6 LED amarillos gracias a su avanzado dise\u00f1o electr\u00f3nico. En modo Boost, los LED blancos generan 5100 l\u00famenes brutos (25 l\u00famenes m\u00e1s que la Linear-6 Elite actual). Al activar el modo Combo, los LED blancos y amarillos producen conjuntamente 7100 l\u00famenes brutos, una potencia lum\u00ednica incre\u00edble para una barra de luces LED de este tama\u00f1o. La Linear-6 Elite+ incluye un cable de tres conductores para cada luz y es compatible con nuestros kits de cableado Superseal de 3 pines para veh\u00edculos, tanto para luces individuales como dobles.<\/p>","protected":false},"excerpt":{"rendered":"<p>\u2013 M\u00c1S 9,1 pulgadas 232 mm<br \/>\nCombinaci\u00f3n de LED blancos de alta eficiencia (5000k) y LED amarillos PC.<br \/>\n\u2022 LEDs amarillos optimizados para su uso en nieve, niebla y polvo.<br \/>\n\u2022 Luz blanca homologada ECE seg\u00fan el Reglamento 149 (clase B, luz de conducci\u00f3n) para uso en carretera.<\/p>","protected":false},"featured_media":3399,"comment_status":"closed","ping_status":"open","template":"","meta":{"_acf_changed":false,"_smort_price_nok":"5074","_smort_price_dkk":"3223","_smort_price_eur":"431.8","_smort_sale_price_nok":"","_smort_sale_price_dkk":"","_smort_sale_price_eur":"","smort_restorder":"","shipmondo_restorder":"","_kad_blocks_custom_css":"","_kad_blocks_head_custom_js":"","_kad_blocks_body_custom_js":"","_kad_blocks_footer_custom_js":"","smort_custom_pricelist_1":"3040","smort_custom_pricelist_2":"3040","smort_custom_pricelist_3":"3040","smort_custom_pricelist_4":"3800","smort_custom_pricelist_5":"3040"},"anvandningsomrade":[],"bilmarken":[],"product_brand":[1124],"product_cat":[2561,2966,2539,2166],"product_tag":[2788],"class_list":{"0":"post-3398","1":"product","2":"type-product","3":"status-publish","4":"has-post-thumbnail","6":"product_brand-lazer","7":"product_cat-lazer","8":"product_cat-ledramp-rak","9":"product_cat-ledramper","10":"product_cat-lazer-linear","11":"product_tag-black-week-exclude","12":"pa_faktisk-effekts-forbrukning-48-24","13":"pa_fargtemperatur-5000k","14":"pa_fuktskydd-varde-ipxx-ip67","15":"pa_godkannande-ece-r149","16":"pa_storlek-mm-232x62x40","17":"pa_volt-v-multivolt-10-12-16-18-24-28-30-32","19":"first","20":"onbackorder","21":"taxable","22":"shipping-taxable","23":"purchasable","24":"product-type-simple"},"bundled_by":[],"bundle_stock_status":"onbackorder","bundle_stock_quantity":0,"bundle_virtual":false,"bundle_layout":"","bundle_add_to_cart_form_location":"","bundle_editable_in_cart":false,"bundle_sold_individually_context":"","bundle_item_grouping":"","bundle_min_size":"","bundle_max_size":"","bundle_price":[],"bundled_items":[],"bundle_sell_ids":[],"acf":[],"yoast_head":"<!-- This site is optimized with the Yoast SEO plugin v27.0 - https:\/\/yoast.com\/product\/yoast-seo-wordpress\/ -->\n<title>Lazer Linear 6 Elite+ - Xenonkungen<\/title>\n<meta name=\"robots\" content=\"index, follow, max-snippet:-1, max-image-preview:large, max-video-preview:-1\" \/>\n<link rel=\"canonical\" href=\"https:\/\/xenonkungen.com\/es\/producto\/laser-lineal-6-elite\/\" \/>\n<meta property=\"og:locale\" content=\"es_ES\" \/>\n<meta property=\"og:type\" content=\"article\" \/>\n<meta property=\"og:title\" content=\"Lazer Linear 6 Elite+ - Xenonkungen\" \/>\n<meta property=\"og:description\" content=\"- PLUS 9,1 tum 232mm Kombination av h\u00f6geffektiva vita (5000k) och PC-gula lysdioder. \u2022 Gula lysdioder optimerade f\u00f6r anv\u00e4ndning i sn\u00f6, dimma och damm. \u2022 Vitt ljus ECE-godk\u00e4nt enligt Reg 149 (klass B, k\u00f6rljus) f\u00f6r anv\u00e4ndning p\u00e5 v\u00e4g.\" \/>\n<meta property=\"og:url\" content=\"https:\/\/xenonkungen.com\/es\/producto\/laser-lineal-6-elite\/\" \/>\n<meta property=\"og:site_name\" content=\"Xenonkungen\" \/>\n<meta property=\"article:modified_time\" content=\"2026-04-24T15:50:08+00:00\" \/>\n<meta property=\"og:image\" content=\"https:\/\/xenonkungen.com\/wp-content\/uploads\/2025\/04\/linear-6_elite__angled_web.jpg\" \/>\n\t<meta property=\"og:image:width\" content=\"1000\" \/>\n\t<meta property=\"og:image:height\" content=\"750\" \/>\n\t<meta property=\"og:image:type\" content=\"image\/jpeg\" \/>\n<meta name=\"twitter:card\" content=\"summary_large_image\" \/>\n<meta name=\"twitter:label1\" content=\"Tiempo de lectura\" \/>\n\t<meta name=\"twitter:data1\" content=\"2 minutos\" \/>\n<script type=\"application\/ld+json\" class=\"yoast-schema-graph\">{\"@context\":\"https:\/\/schema.org\",\"@graph\":[{\"@type\":\"WebPage\",\"@id\":\"https:\/\/xenonkungen.com\/no\/produkt\/laser-lineaer-6-elite\/\",\"url\":\"https:\/\/xenonkungen.com\/no\/produkt\/laser-lineaer-6-elite\/\",\"name\":\"Lazer Linear 6 Elite+ - Xenonkungen\",\"isPartOf\":{\"@id\":\"https:\/\/xenonkungen.com\/#website\"},\"primaryImageOfPage\":{\"@id\":\"https:\/\/xenonkungen.com\/no\/produkt\/laser-lineaer-6-elite\/#primaryimage\"},\"image\":{\"@id\":\"https:\/\/xenonkungen.com\/no\/produkt\/laser-lineaer-6-elite\/#primaryimage\"},\"thumbnailUrl\":\"https:\/\/xenonkungen.com\/wp-content\/uploads\/2025\/04\/linear-6_elite__angled_web.jpg\",\"datePublished\":\"2025-04-15T08:56:00+00:00\",\"dateModified\":\"2026-04-24T15:50:08+00:00\",\"breadcrumb\":{\"@id\":\"https:\/\/xenonkungen.com\/no\/produkt\/laser-lineaer-6-elite\/#breadcrumb\"},\"inLanguage\":\"es\",\"potentialAction\":[{\"@type\":\"ReadAction\",\"target\":[\"https:\/\/xenonkungen.com\/no\/produkt\/laser-lineaer-6-elite\/\"]}]},{\"@type\":\"ImageObject\",\"inLanguage\":\"es\",\"@id\":\"https:\/\/xenonkungen.com\/no\/produkt\/laser-lineaer-6-elite\/#primaryimage\",\"url\":\"https:\/\/xenonkungen.com\/wp-content\/uploads\/2025\/04\/linear-6_elite__angled_web.jpg\",\"contentUrl\":\"https:\/\/xenonkungen.com\/wp-content\/uploads\/2025\/04\/linear-6_elite__angled_web.jpg\",\"width\":1000,\"height\":750},{\"@type\":\"BreadcrumbList\",\"@id\":\"https:\/\/xenonkungen.com\/no\/produkt\/laser-lineaer-6-elite\/#breadcrumb\",\"itemListElement\":[{\"@type\":\"ListItem\",\"position\":1,\"name\":\"Hem\",\"item\":\"https:\/\/xenonkungen.com\/\"},{\"@type\":\"ListItem\",\"position\":2,\"name\":\"Shop\",\"item\":\"https:\/\/xenonkungen.com\/shop\/\"},{\"@type\":\"ListItem\",\"position\":3,\"name\":\"Lazer Linear 6 Elite+\"}]},{\"@type\":\"WebSite\",\"@id\":\"https:\/\/xenonkungen.com\/#website\",\"url\":\"https:\/\/xenonkungen.com\/\",\"name\":\"Xenonkungen\",\"description\":\"\",\"potentialAction\":[{\"@type\":\"SearchAction\",\"target\":{\"@type\":\"EntryPoint\",\"urlTemplate\":\"https:\/\/xenonkungen.com\/?s={search_term_string}\"},\"query-input\":{\"@type\":\"PropertyValueSpecification\",\"valueRequired\":true,\"valueName\":\"search_term_string\"}}],\"inLanguage\":\"es\"}]}<\/script>\n<!-- \/ Yoast SEO plugin. -->","yoast_head_json":{"title":"Lazer Linear 6 Elite+ - El rey del xen\u00f3n","robots":{"index":"index","follow":"follow","max-snippet":"max-snippet:-1","max-image-preview":"max-image-preview:large","max-video-preview":"max-video-preview:-1"},"canonical":"https:\/\/xenonkungen.com\/es\/producto\/laser-lineal-6-elite\/","og_locale":"es_ES","og_type":"article","og_title":"Lazer Linear 6 Elite+ - Xenonkungen","og_description":"- PLUS 9,1 tum 232mm Kombination av h\u00f6geffektiva vita (5000k) och PC-gula lysdioder. \u2022 Gula lysdioder optimerade f\u00f6r anv\u00e4ndning i sn\u00f6, dimma och damm. \u2022 Vitt ljus ECE-godk\u00e4nt enligt Reg 149 (klass B, k\u00f6rljus) f\u00f6r anv\u00e4ndning p\u00e5 v\u00e4g.","og_url":"https:\/\/xenonkungen.com\/es\/producto\/laser-lineal-6-elite\/","og_site_name":"Xenonkungen","article_modified_time":"2026-04-24T15:50:08+00:00","og_image":[{"width":1000,"height":750,"url":"https:\/\/xenonkungen.com\/wp-content\/uploads\/2025\/04\/linear-6_elite__angled_web.jpg","type":"image\/jpeg"}],"twitter_card":"summary_large_image","twitter_misc":{"Tiempo de lectura":"2 minutos"},"schema":{"@context":"https:\/\/schema.org","@graph":[{"@type":"WebPage","@id":"https:\/\/xenonkungen.com\/no\/produkt\/laser-lineaer-6-elite\/","url":"https:\/\/xenonkungen.com\/no\/produkt\/laser-lineaer-6-elite\/","name":"Lazer Linear 6 Elite+ - El rey del xen\u00f3n","isPartOf":{"@id":"https:\/\/xenonkungen.com\/#website"},"primaryImageOfPage":{"@id":"https:\/\/xenonkungen.com\/no\/produkt\/laser-lineaer-6-elite\/#primaryimage"},"image":{"@id":"https:\/\/xenonkungen.com\/no\/produkt\/laser-lineaer-6-elite\/#primaryimage"},"thumbnailUrl":"https:\/\/xenonkungen.com\/wp-content\/uploads\/2025\/04\/linear-6_elite__angled_web.jpg","datePublished":"2025-04-15T08:56:00+00:00","dateModified":"2026-04-24T15:50:08+00:00","breadcrumb":{"@id":"https:\/\/xenonkungen.com\/no\/produkt\/laser-lineaer-6-elite\/#breadcrumb"},"inLanguage":"es","potentialAction":[{"@type":"ReadAction","target":["https:\/\/xenonkungen.com\/no\/produkt\/laser-lineaer-6-elite\/"]}]},{"@type":"ImageObject","inLanguage":"es","@id":"https:\/\/xenonkungen.com\/no\/produkt\/laser-lineaer-6-elite\/#primaryimage","url":"https:\/\/xenonkungen.com\/wp-content\/uploads\/2025\/04\/linear-6_elite__angled_web.jpg","contentUrl":"https:\/\/xenonkungen.com\/wp-content\/uploads\/2025\/04\/linear-6_elite__angled_web.jpg","width":1000,"height":750},{"@type":"BreadcrumbList","@id":"https:\/\/xenonkungen.com\/no\/produkt\/laser-lineaer-6-elite\/#breadcrumb","itemListElement":[{"@type":"ListItem","position":1,"name":"Hem","item":"https:\/\/xenonkungen.com\/"},{"@type":"ListItem","position":2,"name":"Shop","item":"https:\/\/xenonkungen.com\/shop\/"},{"@type":"ListItem","position":3,"name":"Lazer Linear 6 Elite+"}]},{"@type":"WebSite","@id":"https:\/\/xenonkungen.com\/#website","url":"https:\/\/xenonkungen.com\/","name":"Xenonkungen","description":"","potentialAction":[{"@type":"SearchAction","target":{"@type":"EntryPoint","urlTemplate":"https:\/\/xenonkungen.com\/?s={search_term_string}"},"query-input":{"@type":"PropertyValueSpecification","valueRequired":true,"valueName":"search_term_string"}}],"inLanguage":"es"}]}},"taxonomy_info":{"product_brand":[{"value":1124,"label":"Lazer"}],"product_cat":[{"value":2561,"label":"Lazer"},{"value":2966,"label":"Ledramp Rak"},{"value":2539,"label":"LEDRAMPER"},{"value":2166,"label":"LAZER LINEAR"}],"product_tag":[{"value":2788,"label":"black-week-exclude"}],"pa_faktisk-effekts-forbrukning":[{"value":1130,"label":"48, 24"}],"pa_fargtemperatur":[{"value":154,"label":"5000K"}],"pa_fuktskydd-varde-ipxx":[{"value":333,"label":"IP67"}],"pa_godkannande":[{"value":1131,"label":"ECE, R149"}],"pa_storlek-mm":[{"value":1129,"label":"232x62x40"}],"pa_volt-v":[{"value":1084,"label":"Multivolt, 10, 12, 16, 18, 24, 28, 30, 32"}]},"featured_image_src_large":["https:\/\/xenonkungen.com\/wp-content\/uploads\/2025\/04\/linear-6_elite__angled_web.jpg",1000,750,false],"author_info":[],"comment_info":0,"_links":{"self":[{"href":"https:\/\/xenonkungen.com\/es\/wp-json\/wp\/v2\/product\/3398","targetHints":{"allow":["GET"]}}],"collection":[{"href":"https:\/\/xenonkungen.com\/es\/wp-json\/wp\/v2\/product"}],"about":[{"href":"https:\/\/xenonkungen.com\/es\/wp-json\/wp\/v2\/types\/product"}],"replies":[{"embeddable":true,"href":"https:\/\/xenonkungen.com\/es\/wp-json\/wp\/v2\/comments?post=3398"}],"wp:featuredmedia":[{"embeddable":true,"href":"https:\/\/xenonkungen.com\/es\/wp-json\/wp\/v2\/media\/3399"}],"wp:attachment":[{"href":"https:\/\/xenonkungen.com\/es\/wp-json\/wp\/v2\/media?parent=3398"}],"wp:term":[{"taxonomy":"anvandningsomrade","embeddable":true,"href":"https:\/\/xenonkungen.com\/es\/wp-json\/wp\/v2\/anvandningsomrade?post=3398"},{"taxonomy":"bilmarken","embeddable":true,"href":"https:\/\/xenonkungen.com\/es\/wp-json\/wp\/v2\/bilmarken?post=3398"},{"taxonomy":"product_brand","embeddable":true,"href":"https:\/\/xenonkungen.com\/es\/wp-json\/wp\/v2\/product_brand?post=3398"},{"taxonomy":"product_cat","embeddable":true,"href":"https:\/\/xenonkungen.com\/es\/wp-json\/wp\/v2\/product_cat?post=3398"},{"taxonomy":"product_tag","embeddable":true,"href":"https:\/\/xenonkungen.com\/es\/wp-json\/wp\/v2\/product_tag?post=3398"}],"curies":[{"name":"wp","href":"https:\/\/api.w.org\/{rel}","templated":true}]}}