{"id":3471,"date":"2025-04-15T08:56:43","date_gmt":"2025-04-15T08:56:43","guid":{"rendered":"https:\/\/xenonkungen.com\/product\/led-blixtljus-loki-r65-klass-2-bojbart-10-33v\/"},"modified":"2026-04-11T00:07:42","modified_gmt":"2026-04-10T23:07:42","slug":"linterna-led-loki-r65-clase-2-flexible-10-33-v","status":"publish","type":"product","link":"https:\/\/xenonkungen.com\/es\/producto\/linterna-led-loki-r65-clase-2-flexible-10-33-v\/","title":{"rendered":"Linterna LED LOKI R65 Clase 2 plegable 10-33V"},"content":{"rendered":"<h1><strong>Linterna LED LOKI R65 Clase 2 \u2013 Flexible y robusta<\/strong><\/h1>\n<p><strong>Descubre LOKI FIN6: la soluci\u00f3n de iluminaci\u00f3n flash perfecta para todas las superficies.<\/strong><\/p>\n<p><strong>Luz estrobosc\u00f3pica LED LOKI FIN6 R65 Clase 2<\/strong> Es una luz estrobosc\u00f3pica avanzada y flexible dise\u00f1ada para satisfacer las m\u00e1s altas exigencias del sector de la iluminaci\u00f3n de seguridad y advertencia. He aqu\u00ed por qu\u00e9 la LOKI FIN6 es la mejor opci\u00f3n para sus necesidades:<\/p>\n<ul>\n<li><strong>Garant\u00eda de 3 a\u00f1os:<\/strong> Respaldamos la calidad de nuestros productos y ofrecemos una garant\u00eda completa de tres a\u00f1os.<\/li>\n<li><strong>Flexibilidad:<\/strong> LOKI se puede doblar hacia atr\u00e1s hasta 30\u00b0, lo que lo hace ideal para su montaje tanto en superficies planas como curvas.<\/li>\n<li><strong>Durabilidad:<\/strong> Fabricado con silicona y una luz LED flexible, LOKI est\u00e1 dise\u00f1ado para resistir eficazmente los golpes y la corrosi\u00f3n.<\/li>\n<li><strong>Patrones de destello vers\u00e1tiles:<\/strong> Con 19 patrones de destello diferentes, puedes personalizar la luz seg\u00fan tus necesidades espec\u00edficas.<\/li>\n<li><strong>F\u00e1cil instalaci\u00f3n:<\/strong> Elija entre el montaje con cinta adhesiva 3M VHB o el montaje con tornillos para una instalaci\u00f3n r\u00e1pida y sencilla.<\/li>\n<li><strong>Dise\u00f1o de lente superior:<\/strong> El dise\u00f1o de las lentes, resistentes al amarilleo y antioxidantes, garantiza una claridad y un rendimiento duraderos.<\/li>\n<li><strong>Disipaci\u00f3n de calor avanzada:<\/strong> Tecnolog\u00eda exclusiva de disipaci\u00f3n de calor que prolonga la vida \u00fatil de la l\u00e1mpara.<\/li>\n<\/ul>\n<p><strong>Clasificaciones y especificaciones t\u00e9cnicas<\/strong><\/p>\n<p>LOKI FIN6 cumple con varias normas internacionales, lo que garantiza su fiabilidad y seguridad.<\/p>\n<p><strong>\u00bfPor qu\u00e9 elegir LOKI FIN6?<\/strong><\/p>\n<p>La LOKI FIN6 no es solo una linterna, es una inversi\u00f3n en seguridad y durabilidad. Su robusta construcci\u00f3n y dise\u00f1o flexible la convierten en la soluci\u00f3n perfecta para una variedad de aplicaciones, desde veh\u00edculos comerciales hasta maquinaria industrial.<\/p>\n<p>Haz tu pedido hoy y experimenta la diferencia con <strong>Luz estrobosc\u00f3pica LED LOKI FIN6 R65 Clase 2<\/strong>Es la opci\u00f3n inteligente para quienes exigen lo mejor en iluminaci\u00f3n con flash.<\/p>","protected":false},"excerpt":{"rendered":"<p>Linterna LED LOKI FIN6 R65 Clase 2, linterna flexible<\/p>","protected":false},"featured_media":3472,"comment_status":"closed","ping_status":"open","template":"","meta":{"_acf_changed":false,"_smort_price_nok":"1195","_smort_price_dkk":"759","_smort_price_eur":"101.72","_smort_sale_price_nok":"","_smort_sale_price_dkk":"","_smort_sale_price_eur":"","smort_restorder":"","shipmondo_restorder":"","_kad_blocks_custom_css":"","_kad_blocks_head_custom_js":"","_kad_blocks_body_custom_js":"","_kad_blocks_footer_custom_js":"","smort_custom_pricelist_1":"716.16","smort_custom_pricelist_2":"626.64","smort_custom_pricelist_3":"581.88","smort_custom_pricelist_4":"895.2","smort_custom_pricelist_5":"626.64"},"anvandningsomrade":[],"bilmarken":[],"product_brand":[],"product_cat":[2553,1061],"product_tag":[2788],"class_list":{"0":"post-3471","1":"product","2":"type-product","3":"status-publish","4":"has-post-thumbnail","6":"product_cat-blixtljus-riktat-varningsljus","7":"product_cat-varningsljus","8":"product_tag-black-week-exclude","9":"pa_fuktskydd-varde-ipxx-ip69k","10":"pa_godkannande-ece-r10-ece-r65-klass1-ece-r65-ht-klass2-sae-j595-ca-t13","11":"pa_lampsockel-kontakt-open-wire","12":"pa_led-chips-effekt-w-772","13":"pa_storlek-mm-1146x262x109","14":"pa_volt-v-multivolt-10-12-16-18-24-28-30-33","16":"first","17":"instock","18":"taxable","19":"shipping-taxable","20":"purchasable","21":"product-type-simple"},"bundled_by":[],"bundle_stock_status":"instock","bundle_stock_quantity":8,"bundle_virtual":false,"bundle_layout":"","bundle_add_to_cart_form_location":"","bundle_editable_in_cart":false,"bundle_sold_individually_context":"","bundle_item_grouping":"","bundle_min_size":"","bundle_max_size":"","bundle_price":[],"bundled_items":[],"bundle_sell_ids":[],"acf":[],"yoast_head":"<!-- This site is optimized with the Yoast SEO plugin v27.0 - https:\/\/yoast.com\/product\/yoast-seo-wordpress\/ -->\n<title>LED Blixtljus LOKI R65 Klass 2 b\u00f6jbart 10-33V - Xenonkungen<\/title>\n<meta name=\"robots\" content=\"index, follow, max-snippet:-1, max-image-preview:large, max-video-preview:-1\" \/>\n<link rel=\"canonical\" href=\"https:\/\/xenonkungen.com\/es\/producto\/linterna-led-loki-r65-clase-2-flexible-10-33-v\/\" \/>\n<meta property=\"og:locale\" content=\"es_ES\" \/>\n<meta property=\"og:type\" content=\"article\" \/>\n<meta property=\"og:title\" content=\"LED Blixtljus LOKI R65 Klass 2 b\u00f6jbart 10-33V - Xenonkungen\" \/>\n<meta property=\"og:description\" content=\"LED Blixtljus LOKI FIN6 R65 Klass 2, b\u00f6jbart blixtljus\" \/>\n<meta property=\"og:url\" content=\"https:\/\/xenonkungen.com\/es\/producto\/linterna-led-loki-r65-clase-2-flexible-10-33-v\/\" \/>\n<meta property=\"og:site_name\" content=\"Xenonkungen\" \/>\n<meta property=\"article:modified_time\" content=\"2026-04-10T23:07:42+00:00\" \/>\n<meta property=\"og:image\" content=\"https:\/\/xenonkungen.com\/wp-content\/uploads\/2025\/04\/213622477-origpic-c10cd0.jpg\" \/>\n\t<meta property=\"og:image:width\" content=\"1038\" \/>\n\t<meta property=\"og:image:height\" content=\"779\" \/>\n\t<meta property=\"og:image:type\" content=\"image\/jpeg\" \/>\n<meta name=\"twitter:card\" content=\"summary_large_image\" \/>\n<meta name=\"twitter:label1\" content=\"Tiempo de lectura\" \/>\n\t<meta name=\"twitter:data1\" content=\"1 minuto\" \/>\n<script type=\"application\/ld+json\" class=\"yoast-schema-graph\">{\"@context\":\"https:\/\/schema.org\",\"@graph\":[{\"@type\":\"WebPage\",\"@id\":\"https:\/\/xenonkungen.com\/produkt\/led-blixtljus-loki-r65-klass-2-bojbart-10-33v\/\",\"url\":\"https:\/\/xenonkungen.com\/produkt\/led-blixtljus-loki-r65-klass-2-bojbart-10-33v\/\",\"name\":\"LED Blixtljus LOKI R65 Klass 2 b\u00f6jbart 10-33V - Xenonkungen\",\"isPartOf\":{\"@id\":\"https:\/\/xenonkungen.com\/#website\"},\"primaryImageOfPage\":{\"@id\":\"https:\/\/xenonkungen.com\/produkt\/led-blixtljus-loki-r65-klass-2-bojbart-10-33v\/#primaryimage\"},\"image\":{\"@id\":\"https:\/\/xenonkungen.com\/produkt\/led-blixtljus-loki-r65-klass-2-bojbart-10-33v\/#primaryimage\"},\"thumbnailUrl\":\"https:\/\/xenonkungen.com\/wp-content\/uploads\/2025\/04\/213622477-origpic-c10cd0.jpg\",\"datePublished\":\"2025-04-15T08:56:43+00:00\",\"dateModified\":\"2026-04-10T23:07:42+00:00\",\"breadcrumb\":{\"@id\":\"https:\/\/xenonkungen.com\/produkt\/led-blixtljus-loki-r65-klass-2-bojbart-10-33v\/#breadcrumb\"},\"inLanguage\":\"es\",\"potentialAction\":[{\"@type\":\"ReadAction\",\"target\":[\"https:\/\/xenonkungen.com\/produkt\/led-blixtljus-loki-r65-klass-2-bojbart-10-33v\/\"]}]},{\"@type\":\"ImageObject\",\"inLanguage\":\"es\",\"@id\":\"https:\/\/xenonkungen.com\/produkt\/led-blixtljus-loki-r65-klass-2-bojbart-10-33v\/#primaryimage\",\"url\":\"https:\/\/xenonkungen.com\/wp-content\/uploads\/2025\/04\/213622477-origpic-c10cd0.jpg\",\"contentUrl\":\"https:\/\/xenonkungen.com\/wp-content\/uploads\/2025\/04\/213622477-origpic-c10cd0.jpg\",\"width\":1038,\"height\":779},{\"@type\":\"BreadcrumbList\",\"@id\":\"https:\/\/xenonkungen.com\/produkt\/led-blixtljus-loki-r65-klass-2-bojbart-10-33v\/#breadcrumb\",\"itemListElement\":[{\"@type\":\"ListItem\",\"position\":1,\"name\":\"Hem\",\"item\":\"https:\/\/xenonkungen.com\/\"},{\"@type\":\"ListItem\",\"position\":2,\"name\":\"Shop\",\"item\":\"https:\/\/xenonkungen.com\/shop\/\"},{\"@type\":\"ListItem\",\"position\":3,\"name\":\"LED Blixtljus LOKI R65 Klass 2 b\u00f6jbart 10-33V\"}]},{\"@type\":\"WebSite\",\"@id\":\"https:\/\/xenonkungen.com\/#website\",\"url\":\"https:\/\/xenonkungen.com\/\",\"name\":\"Xenonkungen\",\"description\":\"\",\"potentialAction\":[{\"@type\":\"SearchAction\",\"target\":{\"@type\":\"EntryPoint\",\"urlTemplate\":\"https:\/\/xenonkungen.com\/?s={search_term_string}\"},\"query-input\":{\"@type\":\"PropertyValueSpecification\",\"valueRequired\":true,\"valueName\":\"search_term_string\"}}],\"inLanguage\":\"es\"}]}<\/script>\n<!-- \/ Yoast SEO plugin. -->","yoast_head_json":{"title":"Linterna LED LOKI R65 Clase 2 flexible 10-33 V - Xen\u00f3n","robots":{"index":"index","follow":"follow","max-snippet":"max-snippet:-1","max-image-preview":"max-image-preview:large","max-video-preview":"max-video-preview:-1"},"canonical":"https:\/\/xenonkungen.com\/es\/producto\/linterna-led-loki-r65-clase-2-flexible-10-33-v\/","og_locale":"es_ES","og_type":"article","og_title":"LED Blixtljus LOKI R65 Klass 2 b\u00f6jbart 10-33V - Xenonkungen","og_description":"LED Blixtljus LOKI FIN6 R65 Klass 2, b\u00f6jbart blixtljus","og_url":"https:\/\/xenonkungen.com\/es\/producto\/linterna-led-loki-r65-clase-2-flexible-10-33-v\/","og_site_name":"Xenonkungen","article_modified_time":"2026-04-10T23:07:42+00:00","og_image":[{"width":1038,"height":779,"url":"https:\/\/xenonkungen.com\/wp-content\/uploads\/2025\/04\/213622477-origpic-c10cd0.jpg","type":"image\/jpeg"}],"twitter_card":"summary_large_image","twitter_misc":{"Tiempo de lectura":"1 minuto"},"schema":{"@context":"https:\/\/schema.org","@graph":[{"@type":"WebPage","@id":"https:\/\/xenonkungen.com\/produkt\/led-blixtljus-loki-r65-klass-2-bojbart-10-33v\/","url":"https:\/\/xenonkungen.com\/produkt\/led-blixtljus-loki-r65-klass-2-bojbart-10-33v\/","name":"Linterna LED LOKI R65 Clase 2 flexible 10-33 V - Xen\u00f3n","isPartOf":{"@id":"https:\/\/xenonkungen.com\/#website"},"primaryImageOfPage":{"@id":"https:\/\/xenonkungen.com\/produkt\/led-blixtljus-loki-r65-klass-2-bojbart-10-33v\/#primaryimage"},"image":{"@id":"https:\/\/xenonkungen.com\/produkt\/led-blixtljus-loki-r65-klass-2-bojbart-10-33v\/#primaryimage"},"thumbnailUrl":"https:\/\/xenonkungen.com\/wp-content\/uploads\/2025\/04\/213622477-origpic-c10cd0.jpg","datePublished":"2025-04-15T08:56:43+00:00","dateModified":"2026-04-10T23:07:42+00:00","breadcrumb":{"@id":"https:\/\/xenonkungen.com\/produkt\/led-blixtljus-loki-r65-klass-2-bojbart-10-33v\/#breadcrumb"},"inLanguage":"es","potentialAction":[{"@type":"ReadAction","target":["https:\/\/xenonkungen.com\/produkt\/led-blixtljus-loki-r65-klass-2-bojbart-10-33v\/"]}]},{"@type":"ImageObject","inLanguage":"es","@id":"https:\/\/xenonkungen.com\/produkt\/led-blixtljus-loki-r65-klass-2-bojbart-10-33v\/#primaryimage","url":"https:\/\/xenonkungen.com\/wp-content\/uploads\/2025\/04\/213622477-origpic-c10cd0.jpg","contentUrl":"https:\/\/xenonkungen.com\/wp-content\/uploads\/2025\/04\/213622477-origpic-c10cd0.jpg","width":1038,"height":779},{"@type":"BreadcrumbList","@id":"https:\/\/xenonkungen.com\/produkt\/led-blixtljus-loki-r65-klass-2-bojbart-10-33v\/#breadcrumb","itemListElement":[{"@type":"ListItem","position":1,"name":"Hem","item":"https:\/\/xenonkungen.com\/"},{"@type":"ListItem","position":2,"name":"Shop","item":"https:\/\/xenonkungen.com\/shop\/"},{"@type":"ListItem","position":3,"name":"LED Blixtljus LOKI R65 Klass 2 b\u00f6jbart 10-33V"}]},{"@type":"WebSite","@id":"https:\/\/xenonkungen.com\/#website","url":"https:\/\/xenonkungen.com\/","name":"Xenonkungen","description":"","potentialAction":[{"@type":"SearchAction","target":{"@type":"EntryPoint","urlTemplate":"https:\/\/xenonkungen.com\/?s={search_term_string}"},"query-input":{"@type":"PropertyValueSpecification","valueRequired":true,"valueName":"search_term_string"}}],"inLanguage":"es"}]}},"taxonomy_info":{"product_cat":[{"value":2553,"label":"Blixtljus - Riktat varningsljus"},{"value":1061,"label":"Varningsljus"}],"product_tag":[{"value":2788,"label":"black-week-exclude"}],"pa_fuktskydd-varde-ipxx":[{"value":155,"label":"IP69K"}],"pa_godkannande":[{"value":1150,"label":"ECE R10, ECE R65 klass1, ECE R65 HT klass2, SAE J595, CA T13"}],"pa_lampsockel-kontakt":[{"value":324,"label":"Open Wire"}],"pa_led-chips-effekt-w":[{"value":772,"label":"10"}],"pa_storlek-mm":[{"value":1148,"label":"114,6x26,2x10,9"}],"pa_volt-v":[{"value":1149,"label":"Multivolt, 10, 12, 16, 18, 24, 28, 30, 33"}]},"featured_image_src_large":["https:\/\/xenonkungen.com\/wp-content\/uploads\/2025\/04\/213622477-origpic-c10cd0-1024x768.jpg",1024,768,true],"author_info":[],"comment_info":0,"_links":{"self":[{"href":"https:\/\/xenonkungen.com\/es\/wp-json\/wp\/v2\/product\/3471","targetHints":{"allow":["GET"]}}],"collection":[{"href":"https:\/\/xenonkungen.com\/es\/wp-json\/wp\/v2\/product"}],"about":[{"href":"https:\/\/xenonkungen.com\/es\/wp-json\/wp\/v2\/types\/product"}],"replies":[{"embeddable":true,"href":"https:\/\/xenonkungen.com\/es\/wp-json\/wp\/v2\/comments?post=3471"}],"wp:featuredmedia":[{"embeddable":true,"href":"https:\/\/xenonkungen.com\/es\/wp-json\/wp\/v2\/media\/3472"}],"wp:attachment":[{"href":"https:\/\/xenonkungen.com\/es\/wp-json\/wp\/v2\/media?parent=3471"}],"wp:term":[{"taxonomy":"anvandningsomrade","embeddable":true,"href":"https:\/\/xenonkungen.com\/es\/wp-json\/wp\/v2\/anvandningsomrade?post=3471"},{"taxonomy":"bilmarken","embeddable":true,"href":"https:\/\/xenonkungen.com\/es\/wp-json\/wp\/v2\/bilmarken?post=3471"},{"taxonomy":"product_brand","embeddable":true,"href":"https:\/\/xenonkungen.com\/es\/wp-json\/wp\/v2\/product_brand?post=3471"},{"taxonomy":"product_cat","embeddable":true,"href":"https:\/\/xenonkungen.com\/es\/wp-json\/wp\/v2\/product_cat?post=3471"},{"taxonomy":"product_tag","embeddable":true,"href":"https:\/\/xenonkungen.com\/es\/wp-json\/wp\/v2\/product_tag?post=3471"}],"curies":[{"name":"wp","href":"https:\/\/api.w.org\/{rel}","templated":true}]}}