{"id":3502,"date":"2025-04-15T08:57:09","date_gmt":"2025-04-15T08:57:09","guid":{"rendered":"https:\/\/xenonkungen.com\/product\/briodlights-roterande-varningsljus-4-mont-mojligheter-medf\/"},"modified":"2026-04-24T16:50:39","modified_gmt":"2026-04-24T15:50:39","slug":"luz-de-advertencia-giratoria-bridolights-4-opciones-de-montaje-con","status":"publish","type":"product","link":"https:\/\/xenonkungen.com\/es\/producto\/luz-de-advertencia-giratoria-bridolights-4-opciones-de-montaje-con\/","title":{"rendered":"Luz de advertencia giratoria BriodLights con 4 opciones de montaje incluidas."},"content":{"rendered":"<h1>Luz de advertencia LED giratoria BroidLights<\/h1>\n<h2>Luz de advertencia vers\u00e1til y fiable<\/h2>\n<p>La luz de advertencia LED giratoria de BridgeLight es la opci\u00f3n perfecta para proporcionar una se\u00f1alizaci\u00f3n de advertencia clara y visible. Con sus cuatro opciones de montaje diferentes incluidas en la misma caja, esta luz de advertencia le ofrece flexibilidad y una f\u00e1cil instalaci\u00f3n.<\/p>\n<p>Puede elegir entre montaje empotrado con uno o tres tornillos, montaje en poste o montaje magn\u00e9tico con el adaptador de 12 V incluido. Independientemente del m\u00e9todo de montaje que prefiera, podr\u00e1 instalar la luz de advertencia de forma segura y sencilla. Se incluyen un cable de 3 metros y un adaptador de 12 V de 3 metros para facilitar la conexi\u00f3n y la instalaci\u00f3n.<\/p>\n<p>Al realizar el montaje con una varilla para tubo, el di\u00e1metro m\u00e1ximo del tubo es de 25 mm. Tenga en cuenta que la varilla para tubo no est\u00e1 incluida en el paquete, pero se puede adquirir f\u00e1cilmente por separado.<\/p>\n<p>La luz de advertencia LED giratoria de BridgeLight ofrece 22 patrones de destello diferentes, lo que le permite personalizar la se\u00f1al de advertencia seg\u00fan sus necesidades y preferencias. Puede elegir el patr\u00f3n de destello que proporcione la mejor visibilidad y efecto de advertencia en diferentes situaciones y entornos.<\/p>\n<p>Nuestra luz de advertencia LED giratoria cuenta con la aprobaci\u00f3n R65, lo que garantiza que cumple con altos est\u00e1ndares de seguridad y est\u00e1 aprobada para su uso en aplicaciones profesionales y exigentes.<\/p>\n<h2>Especificaciones del producto<\/h2>\n<ul>\n<li>Cuatro opciones de montaje diferentes: montaje en superficie (uno o tres tornillos), montaje en poste, montaje magn\u00e9tico con adaptador de 12 V.<\/li>\n<li>Cable: 3 metros<\/li>\n<li>Adaptador de 12 V y 3 metros incluido<\/li>\n<li>Di\u00e1metro m\u00e1ximo para la varilla del tubo: 25 mm (varilla del tubo no incluida)<\/li>\n<li>22 patrones de destello diferentes<\/li>\n<li>R65 aprobado<\/li>\n<\/ul>\n<p>La luz de advertencia LED giratoria BriodLights le ofrece una soluci\u00f3n de se\u00f1alizaci\u00f3n fiable y vers\u00e1til. Gracias a sus diversas opciones de montaje, patrones de destello y homologaci\u00f3n R65, puede tener la seguridad de que esta luz de advertencia proporcionar\u00e1 una se\u00f1al clara y visible. \u00a1Pida hoy mismo su luz de advertencia LED giratoria BriodLights y obtenga una soluci\u00f3n de se\u00f1alizaci\u00f3n fiable!<\/p>","protected":false},"excerpt":{"rendered":"<h1><strong>El producto ha sido descontinuado.<\/strong><\/h1>","protected":false},"featured_media":3503,"comment_status":"closed","ping_status":"closed","template":"","meta":{"_acf_changed":false,"_smort_price_nok":"1592","_smort_price_dkk":"1011","_smort_price_eur":"135.45","_smort_sale_price_nok":"","_smort_sale_price_dkk":"","_smort_sale_price_eur":"","smort_restorder":"","shipmondo_restorder":"","_kad_blocks_custom_css":"","_kad_blocks_head_custom_js":"","_kad_blocks_body_custom_js":"","_kad_blocks_footer_custom_js":"","smort_custom_pricelist_1":"953.6","smort_custom_pricelist_2":"834.4","smort_custom_pricelist_3":"792.68","smort_custom_pricelist_4":"1192","smort_custom_pricelist_5":"834.4"},"anvandningsomrade":[],"bilmarken":[],"product_brand":[92],"product_cat":[2558,1061],"product_tag":[],"class_list":{"0":"post-3502","1":"product","2":"type-product","3":"status-publish","4":"has-post-thumbnail","6":"product_brand-briodlights","7":"product_cat-saftblandare-roterande-lyktor","8":"product_cat-varningsljus","9":"pa_fargtemperatur-amber","10":"pa_fuktskydd-varde-ipxx-ip68","11":"pa_godkannande-r10-r65","12":"pa_led-chips-effekt-w-1062","13":"pa_volt-v-multivolt-10-12-16-18-24-28-30-33","15":"first","16":"outofstock","17":"taxable","18":"shipping-taxable","19":"purchasable","20":"product-type-simple"},"bundled_by":[],"bundle_stock_status":"outofstock","bundle_stock_quantity":0,"bundle_virtual":false,"bundle_layout":"","bundle_add_to_cart_form_location":"","bundle_editable_in_cart":false,"bundle_sold_individually_context":"","bundle_item_grouping":"","bundle_min_size":"","bundle_max_size":"","bundle_price":[],"bundled_items":[],"bundle_sell_ids":[],"acf":[],"yoast_head":"<!-- This site is optimized with the Yoast SEO plugin v27.0 - https:\/\/yoast.com\/product\/yoast-seo-wordpress\/ -->\n<title>BriodLights Roterande varningsljus 4 Mont. m\u00f6jligheter medf. - Xenonkungen<\/title>\n<meta name=\"robots\" content=\"index, follow, max-snippet:-1, max-image-preview:large, max-video-preview:-1\" \/>\n<link rel=\"canonical\" href=\"https:\/\/xenonkungen.com\/es\/producto\/luz-de-advertencia-giratoria-bridolights-4-opciones-de-montaje-con\/\" \/>\n<meta property=\"og:locale\" content=\"es_ES\" \/>\n<meta property=\"og:type\" content=\"article\" \/>\n<meta property=\"og:title\" content=\"BriodLights Roterande varningsljus 4 Mont. m\u00f6jligheter medf. - Xenonkungen\" \/>\n<meta property=\"og:description\" content=\"Produkten har utg\u00e5tt\" \/>\n<meta property=\"og:url\" content=\"https:\/\/xenonkungen.com\/es\/producto\/luz-de-advertencia-giratoria-bridolights-4-opciones-de-montaje-con\/\" \/>\n<meta property=\"og:site_name\" content=\"Xenonkungen\" \/>\n<meta property=\"article:modified_time\" content=\"2026-04-24T15:50:39+00:00\" \/>\n<meta property=\"og:image\" content=\"https:\/\/xenonkungen.com\/wp-content\/uploads\/2025\/04\/255-14490_itemimage_mainfront.jpg\" \/>\n\t<meta property=\"og:image:width\" content=\"2048\" \/>\n\t<meta property=\"og:image:height\" content=\"1536\" \/>\n\t<meta property=\"og:image:type\" content=\"image\/jpeg\" \/>\n<meta name=\"twitter:card\" content=\"summary_large_image\" \/>\n<meta name=\"twitter:label1\" content=\"Tiempo de lectura\" \/>\n\t<meta name=\"twitter:data1\" content=\"2 minutos\" \/>\n<script type=\"application\/ld+json\" class=\"yoast-schema-graph\">{\"@context\":\"https:\/\/schema.org\",\"@graph\":[{\"@type\":\"WebPage\",\"@id\":\"https:\/\/xenonkungen.com\/produkt\/briodlights-roterande-varningsljus-4-mont-mojligheter-medf\/\",\"url\":\"https:\/\/xenonkungen.com\/produkt\/briodlights-roterande-varningsljus-4-mont-mojligheter-medf\/\",\"name\":\"BriodLights Roterande varningsljus 4 Mont. m\u00f6jligheter medf. - Xenonkungen\",\"isPartOf\":{\"@id\":\"https:\/\/xenonkungen.com\/#website\"},\"primaryImageOfPage\":{\"@id\":\"https:\/\/xenonkungen.com\/produkt\/briodlights-roterande-varningsljus-4-mont-mojligheter-medf\/#primaryimage\"},\"image\":{\"@id\":\"https:\/\/xenonkungen.com\/produkt\/briodlights-roterande-varningsljus-4-mont-mojligheter-medf\/#primaryimage\"},\"thumbnailUrl\":\"https:\/\/xenonkungen.com\/wp-content\/uploads\/2025\/04\/255-14490_itemimage_mainfront.jpg\",\"datePublished\":\"2025-04-15T08:57:09+00:00\",\"dateModified\":\"2026-04-24T15:50:39+00:00\",\"breadcrumb\":{\"@id\":\"https:\/\/xenonkungen.com\/produkt\/briodlights-roterande-varningsljus-4-mont-mojligheter-medf\/#breadcrumb\"},\"inLanguage\":\"es\",\"potentialAction\":[{\"@type\":\"ReadAction\",\"target\":[\"https:\/\/xenonkungen.com\/produkt\/briodlights-roterande-varningsljus-4-mont-mojligheter-medf\/\"]}]},{\"@type\":\"ImageObject\",\"inLanguage\":\"es\",\"@id\":\"https:\/\/xenonkungen.com\/produkt\/briodlights-roterande-varningsljus-4-mont-mojligheter-medf\/#primaryimage\",\"url\":\"https:\/\/xenonkungen.com\/wp-content\/uploads\/2025\/04\/255-14490_itemimage_mainfront.jpg\",\"contentUrl\":\"https:\/\/xenonkungen.com\/wp-content\/uploads\/2025\/04\/255-14490_itemimage_mainfront.jpg\",\"width\":2048,\"height\":1536},{\"@type\":\"BreadcrumbList\",\"@id\":\"https:\/\/xenonkungen.com\/produkt\/briodlights-roterande-varningsljus-4-mont-mojligheter-medf\/#breadcrumb\",\"itemListElement\":[{\"@type\":\"ListItem\",\"position\":1,\"name\":\"Hem\",\"item\":\"https:\/\/xenonkungen.com\/\"},{\"@type\":\"ListItem\",\"position\":2,\"name\":\"Shop\",\"item\":\"https:\/\/xenonkungen.com\/shop\/\"},{\"@type\":\"ListItem\",\"position\":3,\"name\":\"BriodLights Roterande varningsljus 4 Mont. m\u00f6jligheter medf.\"}]},{\"@type\":\"WebSite\",\"@id\":\"https:\/\/xenonkungen.com\/#website\",\"url\":\"https:\/\/xenonkungen.com\/\",\"name\":\"Xenonkungen\",\"description\":\"\",\"potentialAction\":[{\"@type\":\"SearchAction\",\"target\":{\"@type\":\"EntryPoint\",\"urlTemplate\":\"https:\/\/xenonkungen.com\/?s={search_term_string}\"},\"query-input\":{\"@type\":\"PropertyValueSpecification\",\"valueRequired\":true,\"valueName\":\"search_term_string\"}}],\"inLanguage\":\"es\"}]}<\/script>\n<!-- \/ Yoast SEO plugin. -->","yoast_head_json":{"title":"Luz de advertencia giratoria BriodLights con 4 opciones de montaje incluidas - Xenonkungen","robots":{"index":"index","follow":"follow","max-snippet":"max-snippet:-1","max-image-preview":"max-image-preview:large","max-video-preview":"max-video-preview:-1"},"canonical":"https:\/\/xenonkungen.com\/es\/producto\/luz-de-advertencia-giratoria-bridolights-4-opciones-de-montaje-con\/","og_locale":"es_ES","og_type":"article","og_title":"BriodLights Roterande varningsljus 4 Mont. m\u00f6jligheter medf. - Xenonkungen","og_description":"Produkten har utg\u00e5tt","og_url":"https:\/\/xenonkungen.com\/es\/producto\/luz-de-advertencia-giratoria-bridolights-4-opciones-de-montaje-con\/","og_site_name":"Xenonkungen","article_modified_time":"2026-04-24T15:50:39+00:00","og_image":[{"width":2048,"height":1536,"url":"https:\/\/xenonkungen.com\/wp-content\/uploads\/2025\/04\/255-14490_itemimage_mainfront.jpg","type":"image\/jpeg"}],"twitter_card":"summary_large_image","twitter_misc":{"Tiempo de lectura":"2 minutos"},"schema":{"@context":"https:\/\/schema.org","@graph":[{"@type":"WebPage","@id":"https:\/\/xenonkungen.com\/produkt\/briodlights-roterande-varningsljus-4-mont-mojligheter-medf\/","url":"https:\/\/xenonkungen.com\/produkt\/briodlights-roterande-varningsljus-4-mont-mojligheter-medf\/","name":"Luz de advertencia giratoria BriodLights con 4 opciones de montaje incluidas - Xenonkungen","isPartOf":{"@id":"https:\/\/xenonkungen.com\/#website"},"primaryImageOfPage":{"@id":"https:\/\/xenonkungen.com\/produkt\/briodlights-roterande-varningsljus-4-mont-mojligheter-medf\/#primaryimage"},"image":{"@id":"https:\/\/xenonkungen.com\/produkt\/briodlights-roterande-varningsljus-4-mont-mojligheter-medf\/#primaryimage"},"thumbnailUrl":"https:\/\/xenonkungen.com\/wp-content\/uploads\/2025\/04\/255-14490_itemimage_mainfront.jpg","datePublished":"2025-04-15T08:57:09+00:00","dateModified":"2026-04-24T15:50:39+00:00","breadcrumb":{"@id":"https:\/\/xenonkungen.com\/produkt\/briodlights-roterande-varningsljus-4-mont-mojligheter-medf\/#breadcrumb"},"inLanguage":"es","potentialAction":[{"@type":"ReadAction","target":["https:\/\/xenonkungen.com\/produkt\/briodlights-roterande-varningsljus-4-mont-mojligheter-medf\/"]}]},{"@type":"ImageObject","inLanguage":"es","@id":"https:\/\/xenonkungen.com\/produkt\/briodlights-roterande-varningsljus-4-mont-mojligheter-medf\/#primaryimage","url":"https:\/\/xenonkungen.com\/wp-content\/uploads\/2025\/04\/255-14490_itemimage_mainfront.jpg","contentUrl":"https:\/\/xenonkungen.com\/wp-content\/uploads\/2025\/04\/255-14490_itemimage_mainfront.jpg","width":2048,"height":1536},{"@type":"BreadcrumbList","@id":"https:\/\/xenonkungen.com\/produkt\/briodlights-roterande-varningsljus-4-mont-mojligheter-medf\/#breadcrumb","itemListElement":[{"@type":"ListItem","position":1,"name":"Hem","item":"https:\/\/xenonkungen.com\/"},{"@type":"ListItem","position":2,"name":"Shop","item":"https:\/\/xenonkungen.com\/shop\/"},{"@type":"ListItem","position":3,"name":"BriodLights Roterande varningsljus 4 Mont. m\u00f6jligheter medf."}]},{"@type":"WebSite","@id":"https:\/\/xenonkungen.com\/#website","url":"https:\/\/xenonkungen.com\/","name":"Xenonkungen","description":"","potentialAction":[{"@type":"SearchAction","target":{"@type":"EntryPoint","urlTemplate":"https:\/\/xenonkungen.com\/?s={search_term_string}"},"query-input":{"@type":"PropertyValueSpecification","valueRequired":true,"valueName":"search_term_string"}}],"inLanguage":"es"}]}},"taxonomy_info":{"product_brand":[{"value":92,"label":"Briodlights"}],"product_cat":[{"value":2558,"label":"Saftblandare \/ Roterande lyktor"},{"value":1061,"label":"Varningsljus"}],"pa_fargtemperatur":[{"value":745,"label":"Amber"}],"pa_fuktskydd-varde-ipxx":[{"value":177,"label":"IP68"}],"pa_godkannande":[{"value":958,"label":"R10, R65"}],"pa_led-chips-effekt-w":[{"value":1062,"label":"18"}],"pa_volt-v":[{"value":1149,"label":"Multivolt, 10, 12, 16, 18, 24, 28, 30, 33"}]},"featured_image_src_large":["https:\/\/xenonkungen.com\/wp-content\/uploads\/2025\/04\/255-14490_itemimage_mainfront-1024x768.jpg",1024,768,true],"author_info":[],"comment_info":0,"_links":{"self":[{"href":"https:\/\/xenonkungen.com\/es\/wp-json\/wp\/v2\/product\/3502","targetHints":{"allow":["GET"]}}],"collection":[{"href":"https:\/\/xenonkungen.com\/es\/wp-json\/wp\/v2\/product"}],"about":[{"href":"https:\/\/xenonkungen.com\/es\/wp-json\/wp\/v2\/types\/product"}],"replies":[{"embeddable":true,"href":"https:\/\/xenonkungen.com\/es\/wp-json\/wp\/v2\/comments?post=3502"}],"wp:featuredmedia":[{"embeddable":true,"href":"https:\/\/xenonkungen.com\/es\/wp-json\/wp\/v2\/media\/3503"}],"wp:attachment":[{"href":"https:\/\/xenonkungen.com\/es\/wp-json\/wp\/v2\/media?parent=3502"}],"wp:term":[{"taxonomy":"anvandningsomrade","embeddable":true,"href":"https:\/\/xenonkungen.com\/es\/wp-json\/wp\/v2\/anvandningsomrade?post=3502"},{"taxonomy":"bilmarken","embeddable":true,"href":"https:\/\/xenonkungen.com\/es\/wp-json\/wp\/v2\/bilmarken?post=3502"},{"taxonomy":"product_brand","embeddable":true,"href":"https:\/\/xenonkungen.com\/es\/wp-json\/wp\/v2\/product_brand?post=3502"},{"taxonomy":"product_cat","embeddable":true,"href":"https:\/\/xenonkungen.com\/es\/wp-json\/wp\/v2\/product_cat?post=3502"},{"taxonomy":"product_tag","embeddable":true,"href":"https:\/\/xenonkungen.com\/es\/wp-json\/wp\/v2\/product_tag?post=3502"}],"curies":[{"name":"wp","href":"https:\/\/api.w.org\/{rel}","templated":true}]}}