{"id":3518,"date":"2025-04-15T08:57:52","date_gmt":"2025-04-15T08:57:52","guid":{"rendered":"https:\/\/xenonkungen.com\/product\/arbetslampa-abl-led-shd-3000-fla\/"},"modified":"2026-04-24T16:51:00","modified_gmt":"2026-04-24T15:51:00","slug":"lampara-de-trabajo-abl-led-shd-3000-fla","status":"publish","type":"product","link":"https:\/\/xenonkungen.com\/es\/producto\/lampara-de-trabajo-abl-led-shd-3000-fla\/","title":{"rendered":"Faro de trabajo ABL LED SHD 3000 FLA"},"content":{"rendered":"<h1>ABL SHD 3000 FLA<\/h1>\n<h2>Luz de trabajo Premium Heavy Duty<\/h2>\n<p>ABL SHD 3000 FLA es una luz de trabajo pesada de primera calidad especialmente dise\u00f1ada para superar los requisitos m\u00e1s exigentes de cualquier aplicaci\u00f3n. Mediante rigurosos m\u00e9todos de ensayo t\u00e9cnico, garantizamos la m\u00e1xima eficiencia y durabilidad incluso en las condiciones de funcionamiento m\u00e1s duras.<\/p>\n<p>Esta luz de trabajo se ha dise\u00f1ado con cuidado y precisi\u00f3n para cumplir altos est\u00e1ndares. Todos los componentes se fabrican y prueban en Europa, lo que garantiza una alta calidad y fiabilidad. Puede estar seguro de que la ABL SHD 3000 FLA le proporcionar\u00e1 un rendimiento superior y una iluminaci\u00f3n fiable.<\/p>\n<p>La luz de trabajo est\u00e1 disponible en versiones de haz largo y ancho, lo que la hace vers\u00e1til y adaptable a diferentes necesidades y entornos de trabajo. Est\u00e1 equipada con una lente de vidrio templado y una robusta carcasa de aluminio con perno de fijaci\u00f3n M10, lo que proporciona una construcci\u00f3n duradera capaz de soportar tensiones y vibraciones.<\/p>\n<p>El ABL SHD 3000 FLA est\u00e1 homologado por la ADR y cumple los requisitos de seguridad necesarios. Tambi\u00e9n cuenta con la certificaci\u00f3n CEM ISO 13766, ISO 14982 e ISO 12985, lo que garantiza que cumple las estrictas normas de compatibilidad electromagn\u00e9tica.<\/p>\n<p>Con un rango de temperatura de -40\u00b0C a +85\u00b0C, esta luz de trabajo est\u00e1 dise\u00f1ada para soportar condiciones de temperatura extremas. Ya haga fr\u00edo o calor, la ABL SHD 3000 FLA ofrecer\u00e1 un rendimiento fiable.<\/p>\n<h2>Especificaciones del producto<\/h2>\n<ul>\n<li>Luz de trabajo de alta resistencia<\/li>\n<li>Disponible en versiones de haz ancho o largo<\/li>\n<li>Cristal templado en la lente<\/li>\n<li>Carcasa de aluminio con perno de fijaci\u00f3n M10<\/li>\n<li>Aprobado por la ADR<\/li>\n<li>Certificaci\u00f3n CEM: ISO 13766, ISO 14982, ISO 12985<\/li>\n<li>Gama de temperaturas: de -40\u00b0C a +85\u00b0C<\/li>\n<li>Cantidad por paquete: 12 unidades<\/li>\n<\/ul>\n<p>La ABL SHD 3000 FLA es la luz de trabajo perfecta para satisfacer las demandas m\u00e1s exigentes. Gracias a su alta calidad, fiabilidad y capacidad de personalizaci\u00f3n, puede estar seguro de obtener una iluminaci\u00f3n \u00f3ptima para sus aplicaciones. Aproveche los 5 a\u00f1os de garant\u00eda y pida hoy mismo la ABL SHD 3000 FLA.<\/p>","protected":false},"excerpt":{"rendered":"<p>ABL SHD 3000 FLA Premium Heavy Duty Arbetslampa ABL SHD 3000 FLA \u00e4r en premium heavy duty arbetslampa som \u00e4r speciellt utformad f\u00f6r att \u00f6vertr\u00e4ffa de mest kr\u00e4vande kraven i alla applikationer. Genom noggranna tekniska testmetoder garanterar vi h\u00f6gsta effektivitet och h\u00e5llbarhet \u00e4ven under de tuffaste driftsf\u00f6rh\u00e5llandena. Denna arbetslampa \u00e4r konstruerad med omsorg och precision [&hellip;]<\/p>","protected":false},"featured_media":3519,"comment_status":"closed","ping_status":"open","template":"","meta":{"_acf_changed":false,"_smort_price_nok":"3066","_smort_price_dkk":"1947","_smort_price_eur":"260.9","_smort_sale_price_nok":"","_smort_sale_price_dkk":"","_smort_sale_price_eur":"","smort_restorder":"","shipmondo_restorder":"","_kad_blocks_custom_css":"","_kad_blocks_head_custom_js":"","_kad_blocks_body_custom_js":"","_kad_blocks_footer_custom_js":"","smort_custom_pricelist_1":"1836.8","smort_custom_pricelist_2":"1607.2","smort_custom_pricelist_3":"1526.84","smort_custom_pricelist_4":"2296","smort_custom_pricelist_5":"1607.2"},"anvandningsomrade":[],"bilmarken":[],"product_brand":[],"product_cat":[508],"product_tag":[2788],"class_list":{"0":"post-3518","1":"product","2":"type-product","3":"status-publish","4":"has-post-thumbnail","6":"product_cat-arbetsbelysning","7":"product_tag-black-week-exclude","8":"pa_fargtemperatur-6000k","9":"pa_fuktskydd-varde-ipxx-ip68-ip69k","10":"pa_godkannande-emc-iso-13766-iso-14982-iso-12985","11":"pa_lampsockel-kontakt-dt","12":"pa_led-chips-effekt-w-331","13":"pa_storlek-mm-102x98x80","14":"pa_stromforbrukning-15a24v","15":"pa_volt-v-multivolt-12-16-18-24-28-30-36-48-100","17":"first","18":"onbackorder","19":"taxable","20":"shipping-taxable","21":"purchasable","22":"product-type-simple"},"bundled_by":[],"bundle_stock_status":"onbackorder","bundle_stock_quantity":0,"bundle_virtual":false,"bundle_layout":"","bundle_add_to_cart_form_location":"","bundle_editable_in_cart":false,"bundle_sold_individually_context":"","bundle_item_grouping":"","bundle_min_size":"","bundle_max_size":"","bundle_price":[],"bundled_items":[],"bundle_sell_ids":[],"acf":[],"yoast_head":"<!-- This site is optimized with the Yoast SEO plugin v27.0 - https:\/\/yoast.com\/product\/yoast-seo-wordpress\/ -->\n<title>Arbetslampa ABL LED SHD 3000 FLA - Xenonkungen<\/title>\n<meta name=\"robots\" content=\"index, follow, max-snippet:-1, max-image-preview:large, max-video-preview:-1\" \/>\n<link rel=\"canonical\" href=\"https:\/\/xenonkungen.com\/es\/producto\/lampara-de-trabajo-abl-led-shd-3000-fla\/\" \/>\n<meta property=\"og:locale\" content=\"es_ES\" \/>\n<meta property=\"og:type\" content=\"article\" \/>\n<meta property=\"og:title\" content=\"Arbetslampa ABL LED SHD 3000 FLA - Xenonkungen\" \/>\n<meta property=\"og:description\" content=\"ABL SHD 3000 FLA Premium Heavy Duty Arbetslampa ABL SHD 3000 FLA \u00e4r en premium heavy duty arbetslampa som \u00e4r speciellt utformad f\u00f6r att \u00f6vertr\u00e4ffa de mest kr\u00e4vande kraven i alla applikationer. Genom noggranna tekniska testmetoder garanterar vi h\u00f6gsta effektivitet och h\u00e5llbarhet \u00e4ven under de tuffaste driftsf\u00f6rh\u00e5llandena. Denna arbetslampa \u00e4r konstruerad med omsorg och precision [&hellip;]\" \/>\n<meta property=\"og:url\" content=\"https:\/\/xenonkungen.com\/es\/producto\/lampara-de-trabajo-abl-led-shd-3000-fla\/\" \/>\n<meta property=\"og:site_name\" content=\"Xenonkungen\" \/>\n<meta property=\"article:modified_time\" content=\"2026-04-24T15:51:00+00:00\" \/>\n<meta property=\"og:image\" content=\"https:\/\/xenonkungen.com\/wp-content\/uploads\/2025\/04\/273-528_itemimage_2.jpg\" \/>\n\t<meta property=\"og:image:width\" content=\"2048\" \/>\n\t<meta property=\"og:image:height\" content=\"1536\" \/>\n\t<meta property=\"og:image:type\" content=\"image\/jpeg\" \/>\n<meta name=\"twitter:card\" content=\"summary_large_image\" \/>\n<meta name=\"twitter:label1\" content=\"Tiempo de lectura\" \/>\n\t<meta name=\"twitter:data1\" content=\"2 minutos\" \/>\n<script type=\"application\/ld+json\" class=\"yoast-schema-graph\">{\"@context\":\"https:\/\/schema.org\",\"@graph\":[{\"@type\":\"WebPage\",\"@id\":\"https:\/\/xenonkungen.com\/produkt\/arbetslampa-abl-led-shd-3000-fla\/\",\"url\":\"https:\/\/xenonkungen.com\/produkt\/arbetslampa-abl-led-shd-3000-fla\/\",\"name\":\"Arbetslampa ABL LED SHD 3000 FLA - Xenonkungen\",\"isPartOf\":{\"@id\":\"https:\/\/xenonkungen.com\/#website\"},\"primaryImageOfPage\":{\"@id\":\"https:\/\/xenonkungen.com\/produkt\/arbetslampa-abl-led-shd-3000-fla\/#primaryimage\"},\"image\":{\"@id\":\"https:\/\/xenonkungen.com\/produkt\/arbetslampa-abl-led-shd-3000-fla\/#primaryimage\"},\"thumbnailUrl\":\"https:\/\/xenonkungen.com\/wp-content\/uploads\/2025\/04\/273-528_itemimage_2.jpg\",\"datePublished\":\"2025-04-15T08:57:52+00:00\",\"dateModified\":\"2026-04-24T15:51:00+00:00\",\"breadcrumb\":{\"@id\":\"https:\/\/xenonkungen.com\/produkt\/arbetslampa-abl-led-shd-3000-fla\/#breadcrumb\"},\"inLanguage\":\"es\",\"potentialAction\":[{\"@type\":\"ReadAction\",\"target\":[\"https:\/\/xenonkungen.com\/produkt\/arbetslampa-abl-led-shd-3000-fla\/\"]}]},{\"@type\":\"ImageObject\",\"inLanguage\":\"es\",\"@id\":\"https:\/\/xenonkungen.com\/produkt\/arbetslampa-abl-led-shd-3000-fla\/#primaryimage\",\"url\":\"https:\/\/xenonkungen.com\/wp-content\/uploads\/2025\/04\/273-528_itemimage_2.jpg\",\"contentUrl\":\"https:\/\/xenonkungen.com\/wp-content\/uploads\/2025\/04\/273-528_itemimage_2.jpg\",\"width\":2048,\"height\":1536},{\"@type\":\"BreadcrumbList\",\"@id\":\"https:\/\/xenonkungen.com\/produkt\/arbetslampa-abl-led-shd-3000-fla\/#breadcrumb\",\"itemListElement\":[{\"@type\":\"ListItem\",\"position\":1,\"name\":\"Hem\",\"item\":\"https:\/\/xenonkungen.com\/\"},{\"@type\":\"ListItem\",\"position\":2,\"name\":\"Shop\",\"item\":\"https:\/\/xenonkungen.com\/shop\/\"},{\"@type\":\"ListItem\",\"position\":3,\"name\":\"Arbetslampa ABL LED SHD 3000 FLA\"}]},{\"@type\":\"WebSite\",\"@id\":\"https:\/\/xenonkungen.com\/#website\",\"url\":\"https:\/\/xenonkungen.com\/\",\"name\":\"Xenonkungen\",\"description\":\"\",\"potentialAction\":[{\"@type\":\"SearchAction\",\"target\":{\"@type\":\"EntryPoint\",\"urlTemplate\":\"https:\/\/xenonkungen.com\/?s={search_term_string}\"},\"query-input\":{\"@type\":\"PropertyValueSpecification\",\"valueRequired\":true,\"valueName\":\"search_term_string\"}}],\"inLanguage\":\"es\"}]}<\/script>\n<!-- \/ Yoast SEO plugin. -->","yoast_head_json":{"title":"L\u00e1mpara de trabajo ABL LED SHD 3000 FLA - Xenonkungen","robots":{"index":"index","follow":"follow","max-snippet":"max-snippet:-1","max-image-preview":"max-image-preview:large","max-video-preview":"max-video-preview:-1"},"canonical":"https:\/\/xenonkungen.com\/es\/producto\/lampara-de-trabajo-abl-led-shd-3000-fla\/","og_locale":"es_ES","og_type":"article","og_title":"Arbetslampa ABL LED SHD 3000 FLA - Xenonkungen","og_description":"ABL SHD 3000 FLA Premium Heavy Duty Arbetslampa ABL SHD 3000 FLA \u00e4r en premium heavy duty arbetslampa som \u00e4r speciellt utformad f\u00f6r att \u00f6vertr\u00e4ffa de mest kr\u00e4vande kraven i alla applikationer. Genom noggranna tekniska testmetoder garanterar vi h\u00f6gsta effektivitet och h\u00e5llbarhet \u00e4ven under de tuffaste driftsf\u00f6rh\u00e5llandena. Denna arbetslampa \u00e4r konstruerad med omsorg och precision [&hellip;]","og_url":"https:\/\/xenonkungen.com\/es\/producto\/lampara-de-trabajo-abl-led-shd-3000-fla\/","og_site_name":"Xenonkungen","article_modified_time":"2026-04-24T15:51:00+00:00","og_image":[{"width":2048,"height":1536,"url":"https:\/\/xenonkungen.com\/wp-content\/uploads\/2025\/04\/273-528_itemimage_2.jpg","type":"image\/jpeg"}],"twitter_card":"summary_large_image","twitter_misc":{"Tiempo de lectura":"2 minutos"},"schema":{"@context":"https:\/\/schema.org","@graph":[{"@type":"WebPage","@id":"https:\/\/xenonkungen.com\/produkt\/arbetslampa-abl-led-shd-3000-fla\/","url":"https:\/\/xenonkungen.com\/produkt\/arbetslampa-abl-led-shd-3000-fla\/","name":"L\u00e1mpara de trabajo ABL LED SHD 3000 FLA - Xenonkungen","isPartOf":{"@id":"https:\/\/xenonkungen.com\/#website"},"primaryImageOfPage":{"@id":"https:\/\/xenonkungen.com\/produkt\/arbetslampa-abl-led-shd-3000-fla\/#primaryimage"},"image":{"@id":"https:\/\/xenonkungen.com\/produkt\/arbetslampa-abl-led-shd-3000-fla\/#primaryimage"},"thumbnailUrl":"https:\/\/xenonkungen.com\/wp-content\/uploads\/2025\/04\/273-528_itemimage_2.jpg","datePublished":"2025-04-15T08:57:52+00:00","dateModified":"2026-04-24T15:51:00+00:00","breadcrumb":{"@id":"https:\/\/xenonkungen.com\/produkt\/arbetslampa-abl-led-shd-3000-fla\/#breadcrumb"},"inLanguage":"es","potentialAction":[{"@type":"ReadAction","target":["https:\/\/xenonkungen.com\/produkt\/arbetslampa-abl-led-shd-3000-fla\/"]}]},{"@type":"ImageObject","inLanguage":"es","@id":"https:\/\/xenonkungen.com\/produkt\/arbetslampa-abl-led-shd-3000-fla\/#primaryimage","url":"https:\/\/xenonkungen.com\/wp-content\/uploads\/2025\/04\/273-528_itemimage_2.jpg","contentUrl":"https:\/\/xenonkungen.com\/wp-content\/uploads\/2025\/04\/273-528_itemimage_2.jpg","width":2048,"height":1536},{"@type":"BreadcrumbList","@id":"https:\/\/xenonkungen.com\/produkt\/arbetslampa-abl-led-shd-3000-fla\/#breadcrumb","itemListElement":[{"@type":"ListItem","position":1,"name":"Hem","item":"https:\/\/xenonkungen.com\/"},{"@type":"ListItem","position":2,"name":"Shop","item":"https:\/\/xenonkungen.com\/shop\/"},{"@type":"ListItem","position":3,"name":"Arbetslampa ABL LED SHD 3000 FLA"}]},{"@type":"WebSite","@id":"https:\/\/xenonkungen.com\/#website","url":"https:\/\/xenonkungen.com\/","name":"Xenonkungen","description":"","potentialAction":[{"@type":"SearchAction","target":{"@type":"EntryPoint","urlTemplate":"https:\/\/xenonkungen.com\/?s={search_term_string}"},"query-input":{"@type":"PropertyValueSpecification","valueRequired":true,"valueName":"search_term_string"}}],"inLanguage":"es"}]}},"taxonomy_info":{"product_cat":[{"value":508,"label":"Arbetsbelysning"}],"product_tag":[{"value":2788,"label":"black-week-exclude"}],"pa_fargtemperatur":[{"value":188,"label":"6000K"}],"pa_fuktskydd-varde-ipxx":[{"value":402,"label":"IP68. IP69K"}],"pa_godkannande":[{"value":1163,"label":"EMC: ISO 13766, ISO 14982, ISO 12985"}],"pa_lampsockel-kontakt":[{"value":329,"label":"DT"}],"pa_led-chips-effekt-w":[{"value":331,"label":"36"}],"pa_storlek-mm":[{"value":1161,"label":"102x98x80"}],"pa_stromforbrukning":[{"value":1109,"label":"1,5A@24V"}],"pa_volt-v":[{"value":1162,"label":"Multivolt, 12, 16, 18, 24, 28, 30, 36, 48, 100"}]},"featured_image_src_large":["https:\/\/xenonkungen.com\/wp-content\/uploads\/2025\/04\/273-528_itemimage_2-1024x768.jpg",1024,768,true],"author_info":[],"comment_info":0,"_links":{"self":[{"href":"https:\/\/xenonkungen.com\/es\/wp-json\/wp\/v2\/product\/3518","targetHints":{"allow":["GET"]}}],"collection":[{"href":"https:\/\/xenonkungen.com\/es\/wp-json\/wp\/v2\/product"}],"about":[{"href":"https:\/\/xenonkungen.com\/es\/wp-json\/wp\/v2\/types\/product"}],"replies":[{"embeddable":true,"href":"https:\/\/xenonkungen.com\/es\/wp-json\/wp\/v2\/comments?post=3518"}],"wp:featuredmedia":[{"embeddable":true,"href":"https:\/\/xenonkungen.com\/es\/wp-json\/wp\/v2\/media\/3519"}],"wp:attachment":[{"href":"https:\/\/xenonkungen.com\/es\/wp-json\/wp\/v2\/media?parent=3518"}],"wp:term":[{"taxonomy":"anvandningsomrade","embeddable":true,"href":"https:\/\/xenonkungen.com\/es\/wp-json\/wp\/v2\/anvandningsomrade?post=3518"},{"taxonomy":"bilmarken","embeddable":true,"href":"https:\/\/xenonkungen.com\/es\/wp-json\/wp\/v2\/bilmarken?post=3518"},{"taxonomy":"product_brand","embeddable":true,"href":"https:\/\/xenonkungen.com\/es\/wp-json\/wp\/v2\/product_brand?post=3518"},{"taxonomy":"product_cat","embeddable":true,"href":"https:\/\/xenonkungen.com\/es\/wp-json\/wp\/v2\/product_cat?post=3518"},{"taxonomy":"product_tag","embeddable":true,"href":"https:\/\/xenonkungen.com\/es\/wp-json\/wp\/v2\/product_tag?post=3518"}],"curies":[{"name":"wp","href":"https:\/\/api.w.org\/{rel}","templated":true}]}}