{"id":3541,"date":"2025-04-15T08:58:10","date_gmt":"2025-04-15T08:58:10","guid":{"rendered":"https:\/\/xenonkungen.com\/product\/arbetslampa-abl-sl-1000-fl-no-glare\/"},"modified":"2026-04-24T16:51:07","modified_gmt":"2026-04-24T15:51:07","slug":"lampara-de-trabajo-abl-sl-1000-fl-antideslumbrante","status":"publish","type":"product","link":"https:\/\/xenonkungen.com\/es\/producto\/lampara-de-trabajo-abl-sl-1000-fl-antideslumbrante\/","title":{"rendered":"Faro de trabajo ABL SL 1000 FL NO GLARE"},"content":{"rendered":"<h1>ABL SL 1000 FL SIN DESLUMBRAMIENTO: Luz de trabajo LED sin deslumbramiento, homologada por ADR<\/h1>\n<p>La ABL SL 1000 FL NO GLARE es una luz de trabajo LED de alta calidad con certificaci\u00f3n ADR, dise\u00f1ada para cumplir y superar los estrictos requisitos de la industria. Esta luz de trabajo premium ofrece una distribuci\u00f3n eficiente de la luz, en un formato compacto y sin deslumbramiento.<\/p>\n<h2>Dise\u00f1o de lente inteligente y formato compacto<\/h2>\n<p>Gracias al ingenioso dise\u00f1o de la lente, la luz de trabajo emite una distribuci\u00f3n uniforme de la luz, justo donde se necesita, alrededor del veh\u00edculo. A pesar de su tama\u00f1o compacto de tan solo 57 mm de profundidad, esta luz de trabajo es una potente l\u00e1mpara de la m\u00e1s alta calidad.<\/p>\n<h2>Probado y fabricado en Europa<\/h2>\n<p>ABL SL NO GLARE se ha sometido a rigurosas pruebas t\u00e9cnicas y ofrece la m\u00e1xima eficiencia y durabilidad, incluso en las condiciones de funcionamiento m\u00e1s exigentes. Todos los componentes se fabrican y prueban en Europa, lo que garantiza la m\u00e1xima calidad.<\/p>\n<h2>F\u00e1cil conexi\u00f3n y compatible con EMC<\/h2>\n<p>Con un conector DT de 2 pines incorporado para una f\u00e1cil conexi\u00f3n y compatibilidad con m\u00faltiples est\u00e1ndares EMC, incluidos ISO 13766, ISO 14982, ISO 12985 y CISPR25 Clase 5, esta luz de trabajo es perfecta para aplicaciones profesionales e industriales.<\/p>\n<h2>Cinco a\u00f1os de garant\u00eda<\/h2>\n<p>Con una garant\u00eda de cinco a\u00f1os, puede estar seguro de que su luz de trabajo ABL SL 1000 FL NO GLARE satisfar\u00e1 sus necesidades durante mucho tiempo.<\/p>","protected":false},"excerpt":{"rendered":"<p>ABL SL 1000 FL NO GLARE: Bl\u00e4ndfri, ADR-godk\u00e4nd LED Arbetsbelysning ABL SL 1000 FL NO GLARE \u00e4r en ADR-godk\u00e4nd LED arbetslampa av h\u00f6gsta kvalitet, utformad f\u00f6r att uppfylla och \u00f6vertr\u00e4ffa branschens str\u00e4nga krav. Denna premium arbetsbelysning erbjuder en effektiv ljusspridning, i ett kompakt format, utan att bl\u00e4nda. Smart Linskonstruktion och Kompakt Format Tack vare linsens [&hellip;]<\/p>","protected":false},"featured_media":3542,"comment_status":"closed","ping_status":"open","template":"","meta":{"_acf_changed":false,"_smort_price_nok":"1132","_smort_price_dkk":"719","_smort_price_eur":"96.36","_smort_sale_price_nok":"","_smort_sale_price_dkk":"","_smort_sale_price_eur":"","smort_restorder":"","shipmondo_restorder":"","_kad_blocks_custom_css":"","_kad_blocks_head_custom_js":"","_kad_blocks_body_custom_js":"","_kad_blocks_footer_custom_js":"","smort_custom_pricelist_1":"678.4","smort_custom_pricelist_2":"593.6","smort_custom_pricelist_3":"563.92","smort_custom_pricelist_4":"848","smort_custom_pricelist_5":"593.6"},"anvandningsomrade":[],"bilmarken":[],"product_brand":[],"product_cat":[508],"product_tag":[2788],"class_list":{"0":"post-3541","1":"product","2":"type-product","3":"status-publish","4":"has-post-thumbnail","6":"product_cat-arbetsbelysning","7":"product_tag-black-week-exclude","8":"pa_fargtemperatur-6000k","9":"pa_fuktskydd-varde-ipxx-ip69k","10":"pa_godkannande-emc-iso-13766-iso-14982-iso-12985-cispr25-class-5","11":"pa_lampsockel-kontakt-dt","12":"pa_led-chips-effekt-w-1167","13":"pa_storlek-mm-101x97x57","14":"pa_stromforbrukning-058a24v","15":"pa_volt-v-12-24","17":"first","18":"onbackorder","19":"taxable","20":"shipping-taxable","21":"purchasable","22":"product-type-simple"},"bundled_by":[],"bundle_stock_status":"onbackorder","bundle_stock_quantity":0,"bundle_virtual":false,"bundle_layout":"","bundle_add_to_cart_form_location":"","bundle_editable_in_cart":false,"bundle_sold_individually_context":"","bundle_item_grouping":"","bundle_min_size":"","bundle_max_size":"","bundle_price":[],"bundled_items":[],"bundle_sell_ids":[],"acf":[],"yoast_head":"<!-- This site is optimized with the Yoast SEO plugin v27.0 - https:\/\/yoast.com\/product\/yoast-seo-wordpress\/ -->\n<title>Arbetslampa ABL SL 1000 FL NO GLARE - Xenonkungen<\/title>\n<meta name=\"robots\" content=\"index, follow, max-snippet:-1, max-image-preview:large, max-video-preview:-1\" \/>\n<link rel=\"canonical\" href=\"https:\/\/xenonkungen.com\/es\/producto\/lampara-de-trabajo-abl-sl-1000-fl-antideslumbrante\/\" \/>\n<meta property=\"og:locale\" content=\"es_ES\" \/>\n<meta property=\"og:type\" content=\"article\" \/>\n<meta property=\"og:title\" content=\"Arbetslampa ABL SL 1000 FL NO GLARE - Xenonkungen\" \/>\n<meta property=\"og:description\" content=\"ABL SL 1000 FL NO GLARE: Bl\u00e4ndfri, ADR-godk\u00e4nd LED Arbetsbelysning ABL SL 1000 FL NO GLARE \u00e4r en ADR-godk\u00e4nd LED arbetslampa av h\u00f6gsta kvalitet, utformad f\u00f6r att uppfylla och \u00f6vertr\u00e4ffa branschens str\u00e4nga krav. Denna premium arbetsbelysning erbjuder en effektiv ljusspridning, i ett kompakt format, utan att bl\u00e4nda. Smart Linskonstruktion och Kompakt Format Tack vare linsens [&hellip;]\" \/>\n<meta property=\"og:url\" content=\"https:\/\/xenonkungen.com\/es\/producto\/lampara-de-trabajo-abl-sl-1000-fl-antideslumbrante\/\" \/>\n<meta property=\"og:site_name\" content=\"Xenonkungen\" \/>\n<meta property=\"article:modified_time\" content=\"2026-04-24T15:51:07+00:00\" \/>\n<meta property=\"og:image\" content=\"https:\/\/xenonkungen.com\/wp-content\/uploads\/2025\/04\/273-614_itemimage_mainfront.jpg\" \/>\n\t<meta property=\"og:image:width\" content=\"2048\" \/>\n\t<meta property=\"og:image:height\" content=\"1536\" \/>\n\t<meta property=\"og:image:type\" content=\"image\/jpeg\" \/>\n<meta name=\"twitter:card\" content=\"summary_large_image\" \/>\n<meta name=\"twitter:label1\" content=\"Tiempo de lectura\" \/>\n\t<meta name=\"twitter:data1\" content=\"1 minuto\" \/>\n<script type=\"application\/ld+json\" class=\"yoast-schema-graph\">{\"@context\":\"https:\/\/schema.org\",\"@graph\":[{\"@type\":\"WebPage\",\"@id\":\"https:\/\/xenonkungen.com\/produkt\/arbetslampa-abl-sl-1000-fl-no-glare\/\",\"url\":\"https:\/\/xenonkungen.com\/produkt\/arbetslampa-abl-sl-1000-fl-no-glare\/\",\"name\":\"Arbetslampa ABL SL 1000 FL NO GLARE - Xenonkungen\",\"isPartOf\":{\"@id\":\"https:\/\/xenonkungen.com\/#website\"},\"primaryImageOfPage\":{\"@id\":\"https:\/\/xenonkungen.com\/produkt\/arbetslampa-abl-sl-1000-fl-no-glare\/#primaryimage\"},\"image\":{\"@id\":\"https:\/\/xenonkungen.com\/produkt\/arbetslampa-abl-sl-1000-fl-no-glare\/#primaryimage\"},\"thumbnailUrl\":\"https:\/\/xenonkungen.com\/wp-content\/uploads\/2025\/04\/273-614_itemimage_mainfront.jpg\",\"datePublished\":\"2025-04-15T08:58:10+00:00\",\"dateModified\":\"2026-04-24T15:51:07+00:00\",\"breadcrumb\":{\"@id\":\"https:\/\/xenonkungen.com\/produkt\/arbetslampa-abl-sl-1000-fl-no-glare\/#breadcrumb\"},\"inLanguage\":\"es\",\"potentialAction\":[{\"@type\":\"ReadAction\",\"target\":[\"https:\/\/xenonkungen.com\/produkt\/arbetslampa-abl-sl-1000-fl-no-glare\/\"]}]},{\"@type\":\"ImageObject\",\"inLanguage\":\"es\",\"@id\":\"https:\/\/xenonkungen.com\/produkt\/arbetslampa-abl-sl-1000-fl-no-glare\/#primaryimage\",\"url\":\"https:\/\/xenonkungen.com\/wp-content\/uploads\/2025\/04\/273-614_itemimage_mainfront.jpg\",\"contentUrl\":\"https:\/\/xenonkungen.com\/wp-content\/uploads\/2025\/04\/273-614_itemimage_mainfront.jpg\",\"width\":2048,\"height\":1536},{\"@type\":\"BreadcrumbList\",\"@id\":\"https:\/\/xenonkungen.com\/produkt\/arbetslampa-abl-sl-1000-fl-no-glare\/#breadcrumb\",\"itemListElement\":[{\"@type\":\"ListItem\",\"position\":1,\"name\":\"Hem\",\"item\":\"https:\/\/xenonkungen.com\/\"},{\"@type\":\"ListItem\",\"position\":2,\"name\":\"Shop\",\"item\":\"https:\/\/xenonkungen.com\/shop\/\"},{\"@type\":\"ListItem\",\"position\":3,\"name\":\"Arbetslampa ABL SL 1000 FL NO GLARE\"}]},{\"@type\":\"WebSite\",\"@id\":\"https:\/\/xenonkungen.com\/#website\",\"url\":\"https:\/\/xenonkungen.com\/\",\"name\":\"Xenonkungen\",\"description\":\"\",\"potentialAction\":[{\"@type\":\"SearchAction\",\"target\":{\"@type\":\"EntryPoint\",\"urlTemplate\":\"https:\/\/xenonkungen.com\/?s={search_term_string}\"},\"query-input\":{\"@type\":\"PropertyValueSpecification\",\"valueRequired\":true,\"valueName\":\"search_term_string\"}}],\"inLanguage\":\"es\"}]}<\/script>\n<!-- \/ Yoast SEO plugin. -->","yoast_head_json":{"title":"L\u00e1mpara de trabajo ABL SL 1000 FL sin deslumbramiento - Xenonkungen","robots":{"index":"index","follow":"follow","max-snippet":"max-snippet:-1","max-image-preview":"max-image-preview:large","max-video-preview":"max-video-preview:-1"},"canonical":"https:\/\/xenonkungen.com\/es\/producto\/lampara-de-trabajo-abl-sl-1000-fl-antideslumbrante\/","og_locale":"es_ES","og_type":"article","og_title":"Arbetslampa ABL SL 1000 FL NO GLARE - Xenonkungen","og_description":"ABL SL 1000 FL NO GLARE: Bl\u00e4ndfri, ADR-godk\u00e4nd LED Arbetsbelysning ABL SL 1000 FL NO GLARE \u00e4r en ADR-godk\u00e4nd LED arbetslampa av h\u00f6gsta kvalitet, utformad f\u00f6r att uppfylla och \u00f6vertr\u00e4ffa branschens str\u00e4nga krav. Denna premium arbetsbelysning erbjuder en effektiv ljusspridning, i ett kompakt format, utan att bl\u00e4nda. Smart Linskonstruktion och Kompakt Format Tack vare linsens [&hellip;]","og_url":"https:\/\/xenonkungen.com\/es\/producto\/lampara-de-trabajo-abl-sl-1000-fl-antideslumbrante\/","og_site_name":"Xenonkungen","article_modified_time":"2026-04-24T15:51:07+00:00","og_image":[{"width":2048,"height":1536,"url":"https:\/\/xenonkungen.com\/wp-content\/uploads\/2025\/04\/273-614_itemimage_mainfront.jpg","type":"image\/jpeg"}],"twitter_card":"summary_large_image","twitter_misc":{"Tiempo de lectura":"1 minuto"},"schema":{"@context":"https:\/\/schema.org","@graph":[{"@type":"WebPage","@id":"https:\/\/xenonkungen.com\/produkt\/arbetslampa-abl-sl-1000-fl-no-glare\/","url":"https:\/\/xenonkungen.com\/produkt\/arbetslampa-abl-sl-1000-fl-no-glare\/","name":"L\u00e1mpara de trabajo ABL SL 1000 FL sin deslumbramiento - Xenonkungen","isPartOf":{"@id":"https:\/\/xenonkungen.com\/#website"},"primaryImageOfPage":{"@id":"https:\/\/xenonkungen.com\/produkt\/arbetslampa-abl-sl-1000-fl-no-glare\/#primaryimage"},"image":{"@id":"https:\/\/xenonkungen.com\/produkt\/arbetslampa-abl-sl-1000-fl-no-glare\/#primaryimage"},"thumbnailUrl":"https:\/\/xenonkungen.com\/wp-content\/uploads\/2025\/04\/273-614_itemimage_mainfront.jpg","datePublished":"2025-04-15T08:58:10+00:00","dateModified":"2026-04-24T15:51:07+00:00","breadcrumb":{"@id":"https:\/\/xenonkungen.com\/produkt\/arbetslampa-abl-sl-1000-fl-no-glare\/#breadcrumb"},"inLanguage":"es","potentialAction":[{"@type":"ReadAction","target":["https:\/\/xenonkungen.com\/produkt\/arbetslampa-abl-sl-1000-fl-no-glare\/"]}]},{"@type":"ImageObject","inLanguage":"es","@id":"https:\/\/xenonkungen.com\/produkt\/arbetslampa-abl-sl-1000-fl-no-glare\/#primaryimage","url":"https:\/\/xenonkungen.com\/wp-content\/uploads\/2025\/04\/273-614_itemimage_mainfront.jpg","contentUrl":"https:\/\/xenonkungen.com\/wp-content\/uploads\/2025\/04\/273-614_itemimage_mainfront.jpg","width":2048,"height":1536},{"@type":"BreadcrumbList","@id":"https:\/\/xenonkungen.com\/produkt\/arbetslampa-abl-sl-1000-fl-no-glare\/#breadcrumb","itemListElement":[{"@type":"ListItem","position":1,"name":"Hem","item":"https:\/\/xenonkungen.com\/"},{"@type":"ListItem","position":2,"name":"Shop","item":"https:\/\/xenonkungen.com\/shop\/"},{"@type":"ListItem","position":3,"name":"Arbetslampa ABL SL 1000 FL NO GLARE"}]},{"@type":"WebSite","@id":"https:\/\/xenonkungen.com\/#website","url":"https:\/\/xenonkungen.com\/","name":"Xenonkungen","description":"","potentialAction":[{"@type":"SearchAction","target":{"@type":"EntryPoint","urlTemplate":"https:\/\/xenonkungen.com\/?s={search_term_string}"},"query-input":{"@type":"PropertyValueSpecification","valueRequired":true,"valueName":"search_term_string"}}],"inLanguage":"es"}]}},"taxonomy_info":{"product_cat":[{"value":508,"label":"Arbetsbelysning"}],"product_tag":[{"value":2788,"label":"black-week-exclude"}],"pa_fargtemperatur":[{"value":188,"label":"6000K"}],"pa_fuktskydd-varde-ipxx":[{"value":155,"label":"IP69K"}],"pa_godkannande":[{"value":1165,"label":"EMC: ISO 13766 - ISO 14982 - ISO 12985 - CISPR25 Class 5"}],"pa_lampsockel-kontakt":[{"value":329,"label":"DT"}],"pa_led-chips-effekt-w":[{"value":1167,"label":"14"}],"pa_storlek-mm":[{"value":1166,"label":"101x97x57"}],"pa_stromforbrukning":[{"value":1168,"label":"0,58A@24V"}],"pa_volt-v":[{"value":348,"label":"12, 24"}]},"featured_image_src_large":["https:\/\/xenonkungen.com\/wp-content\/uploads\/2025\/04\/273-614_itemimage_mainfront-1024x768.jpg",1024,768,true],"author_info":[],"comment_info":0,"_links":{"self":[{"href":"https:\/\/xenonkungen.com\/es\/wp-json\/wp\/v2\/product\/3541","targetHints":{"allow":["GET"]}}],"collection":[{"href":"https:\/\/xenonkungen.com\/es\/wp-json\/wp\/v2\/product"}],"about":[{"href":"https:\/\/xenonkungen.com\/es\/wp-json\/wp\/v2\/types\/product"}],"replies":[{"embeddable":true,"href":"https:\/\/xenonkungen.com\/es\/wp-json\/wp\/v2\/comments?post=3541"}],"wp:featuredmedia":[{"embeddable":true,"href":"https:\/\/xenonkungen.com\/es\/wp-json\/wp\/v2\/media\/3542"}],"wp:attachment":[{"href":"https:\/\/xenonkungen.com\/es\/wp-json\/wp\/v2\/media?parent=3541"}],"wp:term":[{"taxonomy":"anvandningsomrade","embeddable":true,"href":"https:\/\/xenonkungen.com\/es\/wp-json\/wp\/v2\/anvandningsomrade?post=3541"},{"taxonomy":"bilmarken","embeddable":true,"href":"https:\/\/xenonkungen.com\/es\/wp-json\/wp\/v2\/bilmarken?post=3541"},{"taxonomy":"product_brand","embeddable":true,"href":"https:\/\/xenonkungen.com\/es\/wp-json\/wp\/v2\/product_brand?post=3541"},{"taxonomy":"product_cat","embeddable":true,"href":"https:\/\/xenonkungen.com\/es\/wp-json\/wp\/v2\/product_cat?post=3541"},{"taxonomy":"product_tag","embeddable":true,"href":"https:\/\/xenonkungen.com\/es\/wp-json\/wp\/v2\/product_tag?post=3541"}],"curies":[{"name":"wp","href":"https:\/\/api.w.org\/{rel}","templated":true}]}}