{"id":3560,"date":"2025-04-15T08:58:40","date_gmt":"2025-04-15T08:58:40","guid":{"rendered":"https:\/\/xenonkungen.com\/product\/arbetslampa-abl-sla-2000-compact-bred-asymmetrisk\/"},"modified":"2026-04-24T16:51:12","modified_gmt":"2026-04-24T15:51:12","slug":"lampara-de-trabajo-abl-sla-2000-compacta-ancha-y-asimetrica","status":"publish","type":"product","link":"https:\/\/xenonkungen.com\/es\/producto\/lampara-de-trabajo-abl-sla-2000-compacta-ancha-y-asimetrica\/","title":{"rendered":"Faro de trabajo ABL SLA 2000 compacto ancho asim\u00e9trico"},"content":{"rendered":"<h1>ABL SL2000 FL: Potencia comprimida en faros de trabajo<\/h1>\n<p>La luz de trabajo ABL SL2000 FL proporciona una iluminaci\u00f3n potente y estable para todas sus necesidades. Esta luz de trabajo est\u00e1 especialmente dise\u00f1ada para cumplir y superar los exigentes requisitos del sector, lo que la convierte en una soluci\u00f3n ideal para diversas aplicaciones. A pesar de su tama\u00f1o compacto, esta luz de trabajo proporciona un amplio patr\u00f3n de luz sim\u00e9trica para una iluminaci\u00f3n eficaz.<\/p>\n<h2>Caracter\u00edsticas:<\/h2>\n<ol>\n<li><strong>Compacto y potente:<\/strong> El faro de trabajo SL2000 FL tiene un dise\u00f1o compacto con una profundidad de s\u00f3lo 57 mm. A pesar de su peque\u00f1o tama\u00f1o, proporciona una potente iluminaci\u00f3n para todas sus necesidades de trabajo.<\/li>\n<li><strong>Alta calidad:<\/strong> Esta luz de trabajo est\u00e1 fabricada y probada en Europa para garantizar una alta calidad y rendimiento.<\/li>\n<li><strong>Resiste condiciones duras:<\/strong> La SL2000 FL ha sido sometida a rigurosas pruebas t\u00e9cnicas para garantizar su durabilidad y eficacia incluso en las condiciones m\u00e1s duras.<\/li>\n<li><strong>Conector DT de 2 polos integrado:<\/strong> Incluye un conector DT de 2 patillas integrado para facilitar la instalaci\u00f3n y el uso.<\/li>\n<li><strong>EMC:<\/strong> Cumple las normas CEM ISO 13766, ISO 14982, ISO 12985 y CISPR25 Clase 5 para un uso seguro y fiable.<\/li>\n<li><strong>5 a\u00f1os de garant\u00eda:<\/strong> Ofrecemos una garant\u00eda de 5 a\u00f1os en la luz de trabajo SL2000 FL para ofrecerle mayor tranquilidad y seguridad.<\/li>\n<\/ol>\n<p>Con la luz de trabajo SL2000 FL de ABL, puede confiar en una iluminaci\u00f3n estable y eficaz sean cuales sean sus condiciones de trabajo. Invierta hoy mismo en esta luz de trabajo para mejorar su experiencia laboral.<\/p>","protected":false},"excerpt":{"rendered":"<p>ABL SL2000 FL: Komprimerad Kraft i Arbetslampor ABL SL2000 FL arbetsbelysning ger en kraftfull och stabil belysning f\u00f6r alla dina behov. Denna arbetsbelysning \u00e4r speciellt utformad f\u00f6r att m\u00f6ta och \u00f6vertr\u00e4ffa kr\u00e4vande branschkrav, vilket g\u00f6r den till en idealisk l\u00f6sning f\u00f6r olika till\u00e4mpningar. Trots sitt kompakta format, ger denna arbetslampa en bred symmetrisk ljusbild f\u00f6r [&hellip;]<\/p>","protected":false},"featured_media":3561,"comment_status":"closed","ping_status":"open","template":"","meta":{"_acf_changed":false,"_smort_price_nok":"1319","_smort_price_dkk":"838","_smort_price_eur":"112.27","_smort_sale_price_nok":"","_smort_sale_price_dkk":"","_smort_sale_price_eur":"","smort_restorder":"","shipmondo_restorder":"","_kad_blocks_custom_css":"","_kad_blocks_head_custom_js":"","_kad_blocks_body_custom_js":"","_kad_blocks_footer_custom_js":"","smort_custom_pricelist_1":"790.4","smort_custom_pricelist_2":"691.6","smort_custom_pricelist_3":"657.02","smort_custom_pricelist_4":"988","smort_custom_pricelist_5":"691.6"},"anvandningsomrade":[],"bilmarken":[],"product_brand":[],"product_cat":[508],"product_tag":[2788],"class_list":{"0":"post-3560","1":"product","2":"type-product","3":"status-publish","4":"has-post-thumbnail","6":"product_cat-arbetsbelysning","7":"product_tag-black-week-exclude","8":"pa_fargtemperatur-6000k","9":"pa_fuktskydd-varde-ipxx-ip69k","10":"pa_godkannande-emc-iso-13766-iso-14982-iso-12985-cispr25-class-5","11":"pa_lampsockel-kontakt-dt","12":"pa_led-chips-effekt-w-1169","13":"pa_storlek-mm-101x97x57","14":"pa_stromforbrukning-12a24v","15":"pa_volt-v-12-24","17":"first","18":"onbackorder","19":"taxable","20":"shipping-taxable","21":"purchasable","22":"product-type-simple"},"bundled_by":[],"bundle_stock_status":"onbackorder","bundle_stock_quantity":0,"bundle_virtual":false,"bundle_layout":"","bundle_add_to_cart_form_location":"","bundle_editable_in_cart":false,"bundle_sold_individually_context":"","bundle_item_grouping":"","bundle_min_size":"","bundle_max_size":"","bundle_price":[],"bundled_items":[],"bundle_sell_ids":[],"acf":[],"yoast_head":"<!-- This site is optimized with the Yoast SEO plugin v27.0 - https:\/\/yoast.com\/product\/yoast-seo-wordpress\/ -->\n<title>Arbetslampa ABL SLA 2000 compact bred asymmetrisk - Xenonkungen<\/title>\n<meta name=\"robots\" content=\"index, follow, max-snippet:-1, max-image-preview:large, max-video-preview:-1\" \/>\n<link rel=\"canonical\" href=\"https:\/\/xenonkungen.com\/es\/producto\/lampara-de-trabajo-abl-sla-2000-compacta-ancha-y-asimetrica\/\" \/>\n<meta property=\"og:locale\" content=\"es_ES\" \/>\n<meta property=\"og:type\" content=\"article\" \/>\n<meta property=\"og:title\" content=\"Arbetslampa ABL SLA 2000 compact bred asymmetrisk - Xenonkungen\" \/>\n<meta property=\"og:description\" content=\"ABL SL2000 FL: Komprimerad Kraft i Arbetslampor ABL SL2000 FL arbetsbelysning ger en kraftfull och stabil belysning f\u00f6r alla dina behov. Denna arbetsbelysning \u00e4r speciellt utformad f\u00f6r att m\u00f6ta och \u00f6vertr\u00e4ffa kr\u00e4vande branschkrav, vilket g\u00f6r den till en idealisk l\u00f6sning f\u00f6r olika till\u00e4mpningar. Trots sitt kompakta format, ger denna arbetslampa en bred symmetrisk ljusbild f\u00f6r [&hellip;]\" \/>\n<meta property=\"og:url\" content=\"https:\/\/xenonkungen.com\/es\/producto\/lampara-de-trabajo-abl-sla-2000-compacta-ancha-y-asimetrica\/\" \/>\n<meta property=\"og:site_name\" content=\"Xenonkungen\" \/>\n<meta property=\"article:modified_time\" content=\"2026-04-24T15:51:12+00:00\" \/>\n<meta property=\"og:image\" content=\"https:\/\/xenonkungen.com\/wp-content\/uploads\/2025\/04\/273-622_itemimage_mainfront.jpg\" \/>\n\t<meta property=\"og:image:width\" content=\"2048\" \/>\n\t<meta property=\"og:image:height\" content=\"1536\" \/>\n\t<meta property=\"og:image:type\" content=\"image\/jpeg\" \/>\n<meta name=\"twitter:card\" content=\"summary_large_image\" \/>\n<meta name=\"twitter:label1\" content=\"Tiempo de lectura\" \/>\n\t<meta name=\"twitter:data1\" content=\"1 minuto\" \/>\n<script type=\"application\/ld+json\" class=\"yoast-schema-graph\">{\"@context\":\"https:\/\/schema.org\",\"@graph\":[{\"@type\":\"WebPage\",\"@id\":\"https:\/\/xenonkungen.com\/no\/produkt\/arbeidslampe-abl-sla-2000-kompakt-bred-asymmetrisk\/\",\"url\":\"https:\/\/xenonkungen.com\/no\/produkt\/arbeidslampe-abl-sla-2000-kompakt-bred-asymmetrisk\/\",\"name\":\"Arbetslampa ABL SLA 2000 compact bred asymmetrisk - Xenonkungen\",\"isPartOf\":{\"@id\":\"https:\/\/xenonkungen.com\/#website\"},\"primaryImageOfPage\":{\"@id\":\"https:\/\/xenonkungen.com\/no\/produkt\/arbeidslampe-abl-sla-2000-kompakt-bred-asymmetrisk\/#primaryimage\"},\"image\":{\"@id\":\"https:\/\/xenonkungen.com\/no\/produkt\/arbeidslampe-abl-sla-2000-kompakt-bred-asymmetrisk\/#primaryimage\"},\"thumbnailUrl\":\"https:\/\/xenonkungen.com\/wp-content\/uploads\/2025\/04\/273-622_itemimage_mainfront.jpg\",\"datePublished\":\"2025-04-15T08:58:40+00:00\",\"dateModified\":\"2026-04-24T15:51:12+00:00\",\"breadcrumb\":{\"@id\":\"https:\/\/xenonkungen.com\/no\/produkt\/arbeidslampe-abl-sla-2000-kompakt-bred-asymmetrisk\/#breadcrumb\"},\"inLanguage\":\"es\",\"potentialAction\":[{\"@type\":\"ReadAction\",\"target\":[\"https:\/\/xenonkungen.com\/no\/produkt\/arbeidslampe-abl-sla-2000-kompakt-bred-asymmetrisk\/\"]}]},{\"@type\":\"ImageObject\",\"inLanguage\":\"es\",\"@id\":\"https:\/\/xenonkungen.com\/no\/produkt\/arbeidslampe-abl-sla-2000-kompakt-bred-asymmetrisk\/#primaryimage\",\"url\":\"https:\/\/xenonkungen.com\/wp-content\/uploads\/2025\/04\/273-622_itemimage_mainfront.jpg\",\"contentUrl\":\"https:\/\/xenonkungen.com\/wp-content\/uploads\/2025\/04\/273-622_itemimage_mainfront.jpg\",\"width\":2048,\"height\":1536},{\"@type\":\"BreadcrumbList\",\"@id\":\"https:\/\/xenonkungen.com\/no\/produkt\/arbeidslampe-abl-sla-2000-kompakt-bred-asymmetrisk\/#breadcrumb\",\"itemListElement\":[{\"@type\":\"ListItem\",\"position\":1,\"name\":\"Hem\",\"item\":\"https:\/\/xenonkungen.com\/\"},{\"@type\":\"ListItem\",\"position\":2,\"name\":\"Shop\",\"item\":\"https:\/\/xenonkungen.com\/shop\/\"},{\"@type\":\"ListItem\",\"position\":3,\"name\":\"Arbetslampa ABL SLA 2000 compact bred asymmetrisk\"}]},{\"@type\":\"WebSite\",\"@id\":\"https:\/\/xenonkungen.com\/#website\",\"url\":\"https:\/\/xenonkungen.com\/\",\"name\":\"Xenonkungen\",\"description\":\"\",\"potentialAction\":[{\"@type\":\"SearchAction\",\"target\":{\"@type\":\"EntryPoint\",\"urlTemplate\":\"https:\/\/xenonkungen.com\/?s={search_term_string}\"},\"query-input\":{\"@type\":\"PropertyValueSpecification\",\"valueRequired\":true,\"valueName\":\"search_term_string\"}}],\"inLanguage\":\"es\"}]}<\/script>\n<!-- \/ Yoast SEO plugin. -->","yoast_head_json":{"title":"L\u00e1mpara de trabajo ABL SLA 2000 compacta, ancha y asim\u00e9trica - Xenonkungen","robots":{"index":"index","follow":"follow","max-snippet":"max-snippet:-1","max-image-preview":"max-image-preview:large","max-video-preview":"max-video-preview:-1"},"canonical":"https:\/\/xenonkungen.com\/es\/producto\/lampara-de-trabajo-abl-sla-2000-compacta-ancha-y-asimetrica\/","og_locale":"es_ES","og_type":"article","og_title":"Arbetslampa ABL SLA 2000 compact bred asymmetrisk - Xenonkungen","og_description":"ABL SL2000 FL: Komprimerad Kraft i Arbetslampor ABL SL2000 FL arbetsbelysning ger en kraftfull och stabil belysning f\u00f6r alla dina behov. Denna arbetsbelysning \u00e4r speciellt utformad f\u00f6r att m\u00f6ta och \u00f6vertr\u00e4ffa kr\u00e4vande branschkrav, vilket g\u00f6r den till en idealisk l\u00f6sning f\u00f6r olika till\u00e4mpningar. Trots sitt kompakta format, ger denna arbetslampa en bred symmetrisk ljusbild f\u00f6r [&hellip;]","og_url":"https:\/\/xenonkungen.com\/es\/producto\/lampara-de-trabajo-abl-sla-2000-compacta-ancha-y-asimetrica\/","og_site_name":"Xenonkungen","article_modified_time":"2026-04-24T15:51:12+00:00","og_image":[{"width":2048,"height":1536,"url":"https:\/\/xenonkungen.com\/wp-content\/uploads\/2025\/04\/273-622_itemimage_mainfront.jpg","type":"image\/jpeg"}],"twitter_card":"summary_large_image","twitter_misc":{"Tiempo de lectura":"1 minuto"},"schema":{"@context":"https:\/\/schema.org","@graph":[{"@type":"WebPage","@id":"https:\/\/xenonkungen.com\/no\/produkt\/arbeidslampe-abl-sla-2000-kompakt-bred-asymmetrisk\/","url":"https:\/\/xenonkungen.com\/no\/produkt\/arbeidslampe-abl-sla-2000-kompakt-bred-asymmetrisk\/","name":"L\u00e1mpara de trabajo ABL SLA 2000 compacta, ancha y asim\u00e9trica - Xenonkungen","isPartOf":{"@id":"https:\/\/xenonkungen.com\/#website"},"primaryImageOfPage":{"@id":"https:\/\/xenonkungen.com\/no\/produkt\/arbeidslampe-abl-sla-2000-kompakt-bred-asymmetrisk\/#primaryimage"},"image":{"@id":"https:\/\/xenonkungen.com\/no\/produkt\/arbeidslampe-abl-sla-2000-kompakt-bred-asymmetrisk\/#primaryimage"},"thumbnailUrl":"https:\/\/xenonkungen.com\/wp-content\/uploads\/2025\/04\/273-622_itemimage_mainfront.jpg","datePublished":"2025-04-15T08:58:40+00:00","dateModified":"2026-04-24T15:51:12+00:00","breadcrumb":{"@id":"https:\/\/xenonkungen.com\/no\/produkt\/arbeidslampe-abl-sla-2000-kompakt-bred-asymmetrisk\/#breadcrumb"},"inLanguage":"es","potentialAction":[{"@type":"ReadAction","target":["https:\/\/xenonkungen.com\/no\/produkt\/arbeidslampe-abl-sla-2000-kompakt-bred-asymmetrisk\/"]}]},{"@type":"ImageObject","inLanguage":"es","@id":"https:\/\/xenonkungen.com\/no\/produkt\/arbeidslampe-abl-sla-2000-kompakt-bred-asymmetrisk\/#primaryimage","url":"https:\/\/xenonkungen.com\/wp-content\/uploads\/2025\/04\/273-622_itemimage_mainfront.jpg","contentUrl":"https:\/\/xenonkungen.com\/wp-content\/uploads\/2025\/04\/273-622_itemimage_mainfront.jpg","width":2048,"height":1536},{"@type":"BreadcrumbList","@id":"https:\/\/xenonkungen.com\/no\/produkt\/arbeidslampe-abl-sla-2000-kompakt-bred-asymmetrisk\/#breadcrumb","itemListElement":[{"@type":"ListItem","position":1,"name":"Hem","item":"https:\/\/xenonkungen.com\/"},{"@type":"ListItem","position":2,"name":"Shop","item":"https:\/\/xenonkungen.com\/shop\/"},{"@type":"ListItem","position":3,"name":"Arbetslampa ABL SLA 2000 compact bred asymmetrisk"}]},{"@type":"WebSite","@id":"https:\/\/xenonkungen.com\/#website","url":"https:\/\/xenonkungen.com\/","name":"Xenonkungen","description":"","potentialAction":[{"@type":"SearchAction","target":{"@type":"EntryPoint","urlTemplate":"https:\/\/xenonkungen.com\/?s={search_term_string}"},"query-input":{"@type":"PropertyValueSpecification","valueRequired":true,"valueName":"search_term_string"}}],"inLanguage":"es"}]}},"taxonomy_info":{"product_cat":[{"value":508,"label":"Arbetsbelysning"}],"product_tag":[{"value":2788,"label":"black-week-exclude"}],"pa_fargtemperatur":[{"value":188,"label":"6000K"}],"pa_fuktskydd-varde-ipxx":[{"value":155,"label":"IP69K"}],"pa_godkannande":[{"value":1165,"label":"EMC: ISO 13766 - ISO 14982 - ISO 12985 - CISPR25 Class 5"}],"pa_lampsockel-kontakt":[{"value":329,"label":"DT"}],"pa_led-chips-effekt-w":[{"value":1169,"label":"29"}],"pa_storlek-mm":[{"value":1166,"label":"101x97x57"}],"pa_stromforbrukning":[{"value":535,"label":"1,2A@24V"}],"pa_volt-v":[{"value":348,"label":"12, 24"}]},"featured_image_src_large":["https:\/\/xenonkungen.com\/wp-content\/uploads\/2025\/04\/273-622_itemimage_mainfront-1024x768.jpg",1024,768,true],"author_info":[],"comment_info":0,"_links":{"self":[{"href":"https:\/\/xenonkungen.com\/es\/wp-json\/wp\/v2\/product\/3560","targetHints":{"allow":["GET"]}}],"collection":[{"href":"https:\/\/xenonkungen.com\/es\/wp-json\/wp\/v2\/product"}],"about":[{"href":"https:\/\/xenonkungen.com\/es\/wp-json\/wp\/v2\/types\/product"}],"replies":[{"embeddable":true,"href":"https:\/\/xenonkungen.com\/es\/wp-json\/wp\/v2\/comments?post=3560"}],"wp:featuredmedia":[{"embeddable":true,"href":"https:\/\/xenonkungen.com\/es\/wp-json\/wp\/v2\/media\/3561"}],"wp:attachment":[{"href":"https:\/\/xenonkungen.com\/es\/wp-json\/wp\/v2\/media?parent=3560"}],"wp:term":[{"taxonomy":"anvandningsomrade","embeddable":true,"href":"https:\/\/xenonkungen.com\/es\/wp-json\/wp\/v2\/anvandningsomrade?post=3560"},{"taxonomy":"bilmarken","embeddable":true,"href":"https:\/\/xenonkungen.com\/es\/wp-json\/wp\/v2\/bilmarken?post=3560"},{"taxonomy":"product_brand","embeddable":true,"href":"https:\/\/xenonkungen.com\/es\/wp-json\/wp\/v2\/product_brand?post=3560"},{"taxonomy":"product_cat","embeddable":true,"href":"https:\/\/xenonkungen.com\/es\/wp-json\/wp\/v2\/product_cat?post=3560"},{"taxonomy":"product_tag","embeddable":true,"href":"https:\/\/xenonkungen.com\/es\/wp-json\/wp\/v2\/product_tag?post=3560"}],"curies":[{"name":"wp","href":"https:\/\/api.w.org\/{rel}","templated":true}]}}