{"id":3569,"date":"2025-04-15T08:59:14","date_gmt":"2025-04-15T08:59:14","guid":{"rendered":"https:\/\/xenonkungen.com\/product\/arbetslampa-abl-sla-2000-fl-volvo-bracket-switched-polarity\/"},"modified":"2026-04-24T16:51:15","modified_gmt":"2026-04-24T15:51:15","slug":"lampara-de-trabajo-abl-sla-2000-fl-volvo-con-soporte-y-polaridad-conmutada","status":"publish","type":"product","link":"https:\/\/xenonkungen.com\/es\/producto\/lampara-de-trabajo-abl-sla-2000-fl-volvo-con-soporte-y-polaridad-conmutada\/","title":{"rendered":"Faro de trabajo ABL SLA 2000 FL Volvo Soporte Polaridad Conmutada"},"content":{"rendered":"<h1>ABL SL 2000: Potente iluminaci\u00f3n de trabajo para todas las aplicaciones<\/h1>\n<p>La ABL SL 2000 es una gama de luces de trabajo homologadas por el ADR y dise\u00f1adas para hacer frente a todo tipo de condiciones de trabajo. Dise\u00f1adas para cumplir y superar los estrictos requisitos del sector, estas luces de trabajo son una opci\u00f3n excelente para quienes buscan una soluci\u00f3n de iluminaci\u00f3n potente en un formato compacto.<\/p>\n<h2>Caracter\u00edsticas:<\/h2>\n<ol>\n<li><strong>Compacta pero potente:<\/strong> A pesar de su profundidad de tan s\u00f3lo 57 mm, los focos de trabajo ABL SL 2000 ofrecen una potente salida de luz, lo que los convierte en un centro neur\u00e1lgico en un formato compacto.<\/li>\n<li><strong>Componentes de alta calidad:<\/strong> Todos los componentes de la serie ABL SL 2000 se fabrican y prueban en Europa, lo que garantiza su calidad y fiabilidad.<\/li>\n<li><strong>Opciones flexibles:<\/strong> Puede elegir entre una lente de cristal templado o de PC, y un patr\u00f3n de luz amplio o asim\u00e9trico, en funci\u00f3n de sus necesidades espec\u00edficas.<\/li>\n<li><strong>Resiste condiciones duras:<\/strong> Las luces de trabajo ABL SL 2000 han sido sometidas a rigurosas pruebas t\u00e9cnicas para garantizar su eficacia y durabilidad, incluso en las condiciones de trabajo m\u00e1s exigentes.<\/li>\n<li><strong>Conector DT de 2 polos integrado:<\/strong> Cada l\u00e1mpara de la serie incluye un conector DT de 2 patillas integrado para facilitar su instalaci\u00f3n y uso.<\/li>\n<li><strong>EMC:<\/strong> Las luces de trabajo cumplen las normas CEM ISO 13766, ISO 14982, ISO 12985 y CISPR25 Clase 5, lo que garantiza su uso seguro y fiable.<\/li>\n<li><strong>5 a\u00f1os de garant\u00eda:<\/strong> Ofrecemos una garant\u00eda de 5 a\u00f1os en todas las luces de trabajo ABL SL 2000, para ofrecerle una mayor tranquilidad y seguridad.<\/li>\n<\/ol>\n<p>Invierta en los faros de trabajo ABL SL 2000 para obtener una iluminaci\u00f3n estable y eficaz, sean cuales sean sus condiciones de trabajo.<\/p>","protected":false},"excerpt":{"rendered":"<p>ABL SL 2000: Kraftfull Arbetsbelysning f\u00f6r Alla Applikationer ABL SL 2000 \u00e4r en serie ADR-godk\u00e4nda arbetslampor designade f\u00f6r att hantera alla typer av arbetsf\u00f6rh\u00e5llanden. Utformade f\u00f6r att m\u00f6ta och \u00f6vertr\u00e4ffa h\u00f6gt st\u00e4llda branschkrav, dessa arbetslampor \u00e4r ett utm\u00e4rkt val f\u00f6r dig som s\u00f6ker en kraftfull belysningsl\u00f6sning i ett kompakt format. Egenskaper: Kompakt men Kraftfull: Trots [&hellip;]<\/p>","protected":false},"featured_media":3570,"comment_status":"closed","ping_status":"open","template":"","meta":{"_acf_changed":false,"_smort_price_nok":"1565","_smort_price_dkk":"994","_smort_price_eur":"133.18","_smort_sale_price_nok":"","_smort_sale_price_dkk":"","_smort_sale_price_eur":"","smort_restorder":"","shipmondo_restorder":"","_kad_blocks_custom_css":"","_kad_blocks_head_custom_js":"","_kad_blocks_body_custom_js":"","_kad_blocks_footer_custom_js":"","smort_custom_pricelist_1":"937.6","smort_custom_pricelist_2":"820.4","smort_custom_pricelist_3":"779.38","smort_custom_pricelist_4":"1172","smort_custom_pricelist_5":"820.4"},"anvandningsomrade":[],"bilmarken":[],"product_brand":[],"product_cat":[508],"product_tag":[2788],"class_list":{"0":"post-3569","1":"product","2":"type-product","3":"status-publish","4":"has-post-thumbnail","6":"product_cat-arbetsbelysning","7":"product_tag-black-week-exclude","8":"pa_fargtemperatur-6000k","9":"pa_fuktskydd-varde-ipxx-ip69k","10":"pa_godkannande-emc-iso-13766-iso-14982-iso-12985-cispr25-class-5","11":"pa_lampsockel-kontakt-dt","12":"pa_led-chips-effekt-w-1169","13":"pa_storlek-mm-101x97x57","14":"pa_stromforbrukning-12a24v","15":"pa_volt-v-12-24","17":"first","18":"onbackorder","19":"taxable","20":"shipping-taxable","21":"purchasable","22":"product-type-simple"},"bundled_by":[],"bundle_stock_status":"onbackorder","bundle_stock_quantity":0,"bundle_virtual":false,"bundle_layout":"","bundle_add_to_cart_form_location":"","bundle_editable_in_cart":false,"bundle_sold_individually_context":"","bundle_item_grouping":"","bundle_min_size":"","bundle_max_size":"","bundle_price":[],"bundled_items":[],"bundle_sell_ids":[],"acf":[],"yoast_head":"<!-- This site is optimized with the Yoast SEO plugin v27.0 - https:\/\/yoast.com\/product\/yoast-seo-wordpress\/ -->\n<title>Arbetslampa ABL SLA 2000 FL Volvo Bracket Switched Polarity - Xenonkungen<\/title>\n<meta name=\"robots\" content=\"index, follow, max-snippet:-1, max-image-preview:large, max-video-preview:-1\" \/>\n<link rel=\"canonical\" href=\"https:\/\/xenonkungen.com\/es\/producto\/lampara-de-trabajo-abl-sla-2000-fl-volvo-con-soporte-y-polaridad-conmutada\/\" \/>\n<meta property=\"og:locale\" content=\"es_ES\" \/>\n<meta property=\"og:type\" content=\"article\" \/>\n<meta property=\"og:title\" content=\"Arbetslampa ABL SLA 2000 FL Volvo Bracket Switched Polarity - Xenonkungen\" \/>\n<meta property=\"og:description\" content=\"ABL SL 2000: Kraftfull Arbetsbelysning f\u00f6r Alla Applikationer ABL SL 2000 \u00e4r en serie ADR-godk\u00e4nda arbetslampor designade f\u00f6r att hantera alla typer av arbetsf\u00f6rh\u00e5llanden. Utformade f\u00f6r att m\u00f6ta och \u00f6vertr\u00e4ffa h\u00f6gt st\u00e4llda branschkrav, dessa arbetslampor \u00e4r ett utm\u00e4rkt val f\u00f6r dig som s\u00f6ker en kraftfull belysningsl\u00f6sning i ett kompakt format. Egenskaper: Kompakt men Kraftfull: Trots [&hellip;]\" \/>\n<meta property=\"og:url\" content=\"https:\/\/xenonkungen.com\/es\/producto\/lampara-de-trabajo-abl-sla-2000-fl-volvo-con-soporte-y-polaridad-conmutada\/\" \/>\n<meta property=\"og:site_name\" content=\"Xenonkungen\" \/>\n<meta property=\"article:modified_time\" content=\"2026-04-24T15:51:15+00:00\" \/>\n<meta property=\"og:image\" content=\"https:\/\/xenonkungen.com\/wp-content\/uploads\/2025\/04\/203993833-origpic-a09943.jpg\" \/>\n\t<meta property=\"og:image:width\" content=\"2048\" \/>\n\t<meta property=\"og:image:height\" content=\"1536\" \/>\n\t<meta property=\"og:image:type\" content=\"image\/jpeg\" \/>\n<meta name=\"twitter:card\" content=\"summary_large_image\" \/>\n<meta name=\"twitter:label1\" content=\"Tiempo de lectura\" \/>\n\t<meta name=\"twitter:data1\" content=\"1 minuto\" \/>\n<script type=\"application\/ld+json\" class=\"yoast-schema-graph\">{\"@context\":\"https:\/\/schema.org\",\"@graph\":[{\"@type\":\"WebPage\",\"@id\":\"https:\/\/xenonkungen.com\/produkt\/arbetslampa-abl-sla-2000-fl-volvo-bracket-switched-polarity\/\",\"url\":\"https:\/\/xenonkungen.com\/produkt\/arbetslampa-abl-sla-2000-fl-volvo-bracket-switched-polarity\/\",\"name\":\"Arbetslampa ABL SLA 2000 FL Volvo Bracket Switched Polarity - Xenonkungen\",\"isPartOf\":{\"@id\":\"https:\/\/xenonkungen.com\/#website\"},\"primaryImageOfPage\":{\"@id\":\"https:\/\/xenonkungen.com\/produkt\/arbetslampa-abl-sla-2000-fl-volvo-bracket-switched-polarity\/#primaryimage\"},\"image\":{\"@id\":\"https:\/\/xenonkungen.com\/produkt\/arbetslampa-abl-sla-2000-fl-volvo-bracket-switched-polarity\/#primaryimage\"},\"thumbnailUrl\":\"https:\/\/xenonkungen.com\/wp-content\/uploads\/2025\/04\/203993833-origpic-a09943.jpg\",\"datePublished\":\"2025-04-15T08:59:14+00:00\",\"dateModified\":\"2026-04-24T15:51:15+00:00\",\"breadcrumb\":{\"@id\":\"https:\/\/xenonkungen.com\/produkt\/arbetslampa-abl-sla-2000-fl-volvo-bracket-switched-polarity\/#breadcrumb\"},\"inLanguage\":\"es\",\"potentialAction\":[{\"@type\":\"ReadAction\",\"target\":[\"https:\/\/xenonkungen.com\/produkt\/arbetslampa-abl-sla-2000-fl-volvo-bracket-switched-polarity\/\"]}]},{\"@type\":\"ImageObject\",\"inLanguage\":\"es\",\"@id\":\"https:\/\/xenonkungen.com\/produkt\/arbetslampa-abl-sla-2000-fl-volvo-bracket-switched-polarity\/#primaryimage\",\"url\":\"https:\/\/xenonkungen.com\/wp-content\/uploads\/2025\/04\/203993833-origpic-a09943.jpg\",\"contentUrl\":\"https:\/\/xenonkungen.com\/wp-content\/uploads\/2025\/04\/203993833-origpic-a09943.jpg\",\"width\":2048,\"height\":1536},{\"@type\":\"BreadcrumbList\",\"@id\":\"https:\/\/xenonkungen.com\/produkt\/arbetslampa-abl-sla-2000-fl-volvo-bracket-switched-polarity\/#breadcrumb\",\"itemListElement\":[{\"@type\":\"ListItem\",\"position\":1,\"name\":\"Hem\",\"item\":\"https:\/\/xenonkungen.com\/\"},{\"@type\":\"ListItem\",\"position\":2,\"name\":\"Shop\",\"item\":\"https:\/\/xenonkungen.com\/shop\/\"},{\"@type\":\"ListItem\",\"position\":3,\"name\":\"Arbetslampa ABL SLA 2000 FL Volvo Bracket Switched Polarity\"}]},{\"@type\":\"WebSite\",\"@id\":\"https:\/\/xenonkungen.com\/#website\",\"url\":\"https:\/\/xenonkungen.com\/\",\"name\":\"Xenonkungen\",\"description\":\"\",\"potentialAction\":[{\"@type\":\"SearchAction\",\"target\":{\"@type\":\"EntryPoint\",\"urlTemplate\":\"https:\/\/xenonkungen.com\/?s={search_term_string}\"},\"query-input\":{\"@type\":\"PropertyValueSpecification\",\"valueRequired\":true,\"valueName\":\"search_term_string\"}}],\"inLanguage\":\"es\"}]}<\/script>\n<!-- \/ Yoast SEO plugin. -->","yoast_head_json":{"title":"L\u00e1mpara de trabajo ABL SLA 2000 FL Volvo Soporte Polaridad conmutada - Xenonkungen","robots":{"index":"index","follow":"follow","max-snippet":"max-snippet:-1","max-image-preview":"max-image-preview:large","max-video-preview":"max-video-preview:-1"},"canonical":"https:\/\/xenonkungen.com\/es\/producto\/lampara-de-trabajo-abl-sla-2000-fl-volvo-con-soporte-y-polaridad-conmutada\/","og_locale":"es_ES","og_type":"article","og_title":"Arbetslampa ABL SLA 2000 FL Volvo Bracket Switched Polarity - Xenonkungen","og_description":"ABL SL 2000: Kraftfull Arbetsbelysning f\u00f6r Alla Applikationer ABL SL 2000 \u00e4r en serie ADR-godk\u00e4nda arbetslampor designade f\u00f6r att hantera alla typer av arbetsf\u00f6rh\u00e5llanden. Utformade f\u00f6r att m\u00f6ta och \u00f6vertr\u00e4ffa h\u00f6gt st\u00e4llda branschkrav, dessa arbetslampor \u00e4r ett utm\u00e4rkt val f\u00f6r dig som s\u00f6ker en kraftfull belysningsl\u00f6sning i ett kompakt format. Egenskaper: Kompakt men Kraftfull: Trots [&hellip;]","og_url":"https:\/\/xenonkungen.com\/es\/producto\/lampara-de-trabajo-abl-sla-2000-fl-volvo-con-soporte-y-polaridad-conmutada\/","og_site_name":"Xenonkungen","article_modified_time":"2026-04-24T15:51:15+00:00","og_image":[{"width":2048,"height":1536,"url":"https:\/\/xenonkungen.com\/wp-content\/uploads\/2025\/04\/203993833-origpic-a09943.jpg","type":"image\/jpeg"}],"twitter_card":"summary_large_image","twitter_misc":{"Tiempo de lectura":"1 minuto"},"schema":{"@context":"https:\/\/schema.org","@graph":[{"@type":"WebPage","@id":"https:\/\/xenonkungen.com\/produkt\/arbetslampa-abl-sla-2000-fl-volvo-bracket-switched-polarity\/","url":"https:\/\/xenonkungen.com\/produkt\/arbetslampa-abl-sla-2000-fl-volvo-bracket-switched-polarity\/","name":"L\u00e1mpara de trabajo ABL SLA 2000 FL Volvo Soporte Polaridad conmutada - Xenonkungen","isPartOf":{"@id":"https:\/\/xenonkungen.com\/#website"},"primaryImageOfPage":{"@id":"https:\/\/xenonkungen.com\/produkt\/arbetslampa-abl-sla-2000-fl-volvo-bracket-switched-polarity\/#primaryimage"},"image":{"@id":"https:\/\/xenonkungen.com\/produkt\/arbetslampa-abl-sla-2000-fl-volvo-bracket-switched-polarity\/#primaryimage"},"thumbnailUrl":"https:\/\/xenonkungen.com\/wp-content\/uploads\/2025\/04\/203993833-origpic-a09943.jpg","datePublished":"2025-04-15T08:59:14+00:00","dateModified":"2026-04-24T15:51:15+00:00","breadcrumb":{"@id":"https:\/\/xenonkungen.com\/produkt\/arbetslampa-abl-sla-2000-fl-volvo-bracket-switched-polarity\/#breadcrumb"},"inLanguage":"es","potentialAction":[{"@type":"ReadAction","target":["https:\/\/xenonkungen.com\/produkt\/arbetslampa-abl-sla-2000-fl-volvo-bracket-switched-polarity\/"]}]},{"@type":"ImageObject","inLanguage":"es","@id":"https:\/\/xenonkungen.com\/produkt\/arbetslampa-abl-sla-2000-fl-volvo-bracket-switched-polarity\/#primaryimage","url":"https:\/\/xenonkungen.com\/wp-content\/uploads\/2025\/04\/203993833-origpic-a09943.jpg","contentUrl":"https:\/\/xenonkungen.com\/wp-content\/uploads\/2025\/04\/203993833-origpic-a09943.jpg","width":2048,"height":1536},{"@type":"BreadcrumbList","@id":"https:\/\/xenonkungen.com\/produkt\/arbetslampa-abl-sla-2000-fl-volvo-bracket-switched-polarity\/#breadcrumb","itemListElement":[{"@type":"ListItem","position":1,"name":"Hem","item":"https:\/\/xenonkungen.com\/"},{"@type":"ListItem","position":2,"name":"Shop","item":"https:\/\/xenonkungen.com\/shop\/"},{"@type":"ListItem","position":3,"name":"Arbetslampa ABL SLA 2000 FL Volvo Bracket Switched Polarity"}]},{"@type":"WebSite","@id":"https:\/\/xenonkungen.com\/#website","url":"https:\/\/xenonkungen.com\/","name":"Xenonkungen","description":"","potentialAction":[{"@type":"SearchAction","target":{"@type":"EntryPoint","urlTemplate":"https:\/\/xenonkungen.com\/?s={search_term_string}"},"query-input":{"@type":"PropertyValueSpecification","valueRequired":true,"valueName":"search_term_string"}}],"inLanguage":"es"}]}},"taxonomy_info":{"product_cat":[{"value":508,"label":"Arbetsbelysning"}],"product_tag":[{"value":2788,"label":"black-week-exclude"}],"pa_fargtemperatur":[{"value":188,"label":"6000K"}],"pa_fuktskydd-varde-ipxx":[{"value":155,"label":"IP69K"}],"pa_godkannande":[{"value":1165,"label":"EMC: ISO 13766 - ISO 14982 - ISO 12985 - CISPR25 Class 5"}],"pa_lampsockel-kontakt":[{"value":329,"label":"DT"}],"pa_led-chips-effekt-w":[{"value":1169,"label":"29"}],"pa_storlek-mm":[{"value":1166,"label":"101x97x57"}],"pa_stromforbrukning":[{"value":535,"label":"1,2A@24V"}],"pa_volt-v":[{"value":348,"label":"12, 24"}]},"featured_image_src_large":["https:\/\/xenonkungen.com\/wp-content\/uploads\/2025\/04\/203993833-origpic-a09943-1024x768.jpg",1024,768,true],"author_info":[],"comment_info":0,"_links":{"self":[{"href":"https:\/\/xenonkungen.com\/es\/wp-json\/wp\/v2\/product\/3569","targetHints":{"allow":["GET"]}}],"collection":[{"href":"https:\/\/xenonkungen.com\/es\/wp-json\/wp\/v2\/product"}],"about":[{"href":"https:\/\/xenonkungen.com\/es\/wp-json\/wp\/v2\/types\/product"}],"replies":[{"embeddable":true,"href":"https:\/\/xenonkungen.com\/es\/wp-json\/wp\/v2\/comments?post=3569"}],"wp:featuredmedia":[{"embeddable":true,"href":"https:\/\/xenonkungen.com\/es\/wp-json\/wp\/v2\/media\/3570"}],"wp:attachment":[{"href":"https:\/\/xenonkungen.com\/es\/wp-json\/wp\/v2\/media?parent=3569"}],"wp:term":[{"taxonomy":"anvandningsomrade","embeddable":true,"href":"https:\/\/xenonkungen.com\/es\/wp-json\/wp\/v2\/anvandningsomrade?post=3569"},{"taxonomy":"bilmarken","embeddable":true,"href":"https:\/\/xenonkungen.com\/es\/wp-json\/wp\/v2\/bilmarken?post=3569"},{"taxonomy":"product_brand","embeddable":true,"href":"https:\/\/xenonkungen.com\/es\/wp-json\/wp\/v2\/product_brand?post=3569"},{"taxonomy":"product_cat","embeddable":true,"href":"https:\/\/xenonkungen.com\/es\/wp-json\/wp\/v2\/product_cat?post=3569"},{"taxonomy":"product_tag","embeddable":true,"href":"https:\/\/xenonkungen.com\/es\/wp-json\/wp\/v2\/product_tag?post=3569"}],"curies":[{"name":"wp","href":"https:\/\/api.w.org\/{rel}","templated":true}]}}