{"id":3664,"date":"2025-04-15T09:01:19","date_gmt":"2025-04-15T09:01:19","guid":{"rendered":"https:\/\/xenonkungen.com\/product\/rela-40a-4-pin-24v\/"},"modified":"2026-04-24T16:56:04","modified_gmt":"2026-04-24T15:56:04","slug":"rele-40a-4-pines-24v","status":"publish","type":"product","link":"https:\/\/xenonkungen.com\/es\/producto\/rele-40a-4-pines-24v\/","title":{"rendered":"Rel\u00e9 40A | 4-PIN | 24V"},"content":{"rendered":"<h1>Rel\u00e9 para luz extra etc. a 24V a 40A<\/h1>\n<p><span>Descubra nuestro potente rel\u00e9 de 40 A con conexi\u00f3n de 4 patillas, perfectamente adaptado para sistemas de 24 V. Dise\u00f1ado para aquellos que desean personalizar su propio sistema de cableado cuando las soluciones est\u00e1ndar no satisfacen las necesidades de dise\u00f1o \u00fanicas del veh\u00edculo. Este rel\u00e9 de alta calidad garantiza una distribuci\u00f3n de energ\u00eda fiable y eficiente, por lo que es una opci\u00f3n ideal tanto para proyectos de aficionados como para aplicaciones profesionales. Su robusta construcci\u00f3n asegura una larga durabilidad y resistencia a las condiciones m\u00e1s duras, haciendo que su sistema sea m\u00e1s fiable y duradero a lo largo del tiempo.<\/span><\/p>\n<p>1 a\u00f1o de garant\u00eda.\u00a0<\/p>","protected":false},"excerpt":{"rendered":"<p>\u00a1Ahora el rel\u00e9 40A est\u00e1 disponible en nuestra tienda online! Este rel\u00e9 4-PIN est\u00e1 especialmente dise\u00f1ado para manejar altas corrientes y proporciona un funcionamiento fiable y eficiente. Con un voltaje de 24V, es ideal para sus necesidades el\u00e9ctricas. Tanto si lo necesita para aplicaciones industriales como para uso dom\u00e9stico, este rel\u00e9 har\u00e1 el trabajo. Pida su ejemplar hoy mismo y acceda a las fiables y potentes prestaciones de este rel\u00e9 de 80 A.<\/p>","protected":false},"featured_media":3665,"comment_status":"closed","ping_status":"open","template":"","meta":{"_acf_changed":false,"_smort_price_nok":"80","_smort_price_dkk":"51","_smort_price_eur":"6.82","_smort_sale_price_nok":"","_smort_sale_price_dkk":"","_smort_sale_price_eur":"","smort_restorder":"","shipmondo_restorder":"","_kad_blocks_custom_css":"","_kad_blocks_head_custom_js":"","_kad_blocks_body_custom_js":"","_kad_blocks_footer_custom_js":"","smort_custom_pricelist_1":"48","smort_custom_pricelist_2":"42","smort_custom_pricelist_3":"39","smort_custom_pricelist_4":"60","smort_custom_pricelist_5":"42"},"anvandningsomrade":[],"bilmarken":[],"product_brand":[117],"product_cat":[2841,2468,390],"product_tag":[],"class_list":{"0":"post-3664","1":"product","2":"type-product","3":"status-publish","4":"has-post-thumbnail","6":"product_brand-xenonkungen","7":"product_cat-installation-extraljus","8":"product_cat-rela","9":"product_cat-installation","10":"pa_volt-v-160","12":"first","13":"instock","14":"taxable","15":"shipping-taxable","16":"purchasable","17":"product-type-simple"},"bundled_by":[],"bundle_stock_status":"instock","bundle_stock_quantity":58,"bundle_virtual":false,"bundle_layout":"","bundle_add_to_cart_form_location":"","bundle_editable_in_cart":false,"bundle_sold_individually_context":"","bundle_item_grouping":"","bundle_min_size":"","bundle_max_size":"","bundle_price":[],"bundled_items":[],"bundle_sell_ids":[],"acf":[],"yoast_head":"<!-- This site is optimized with the Yoast SEO plugin v27.0 - https:\/\/yoast.com\/product\/yoast-seo-wordpress\/ -->\n<title>Rel\u00e4 40A | 4-PIN | 24V - Xenonkungen<\/title>\n<meta name=\"robots\" content=\"index, follow, max-snippet:-1, max-image-preview:large, max-video-preview:-1\" \/>\n<link rel=\"canonical\" href=\"https:\/\/xenonkungen.com\/es\/producto\/rele-40a-4-pines-24v\/\" \/>\n<meta property=\"og:locale\" content=\"es_ES\" \/>\n<meta property=\"og:type\" content=\"article\" \/>\n<meta property=\"og:title\" content=\"Rel\u00e4 40A | 4-PIN | 24V - Xenonkungen\" \/>\n<meta property=\"og:description\" content=\"Nu finns det rel\u00e4 40A tillg\u00e4ngligt i v\u00e5r webbutik! Det h\u00e4r 4-PIN rel\u00e4t \u00e4r speciellt utformat f\u00f6r att hantera h\u00f6ga str\u00f6mmar och ger p\u00e5litlig och effektiv funktion. Med en sp\u00e4nning p\u00e5 24V \u00e4r det perfekt f\u00f6r dina elektriska behov. Oavsett om du beh\u00f6ver det f\u00f6r industriella applikationer eller hemmabruk, s\u00e5 kommer detta rel\u00e4 att klara av det. Best\u00e4ll ditt exemplar idag och f\u00e5 tillg\u00e5ng till den p\u00e5litliga och kraftfulla prestandan hos detta rel\u00e4 80A!\" \/>\n<meta property=\"og:url\" content=\"https:\/\/xenonkungen.com\/es\/producto\/rele-40a-4-pines-24v\/\" \/>\n<meta property=\"og:site_name\" content=\"Xenonkungen\" \/>\n<meta property=\"article:modified_time\" content=\"2026-04-24T15:56:04+00:00\" \/>\n<meta property=\"og:image\" content=\"https:\/\/xenonkungen.com\/wp-content\/uploads\/2025\/04\/RELA-40A-24V-DSCF5147-PNNG-1000px.png\" \/>\n\t<meta property=\"og:image:width\" content=\"1000\" \/>\n\t<meta property=\"og:image:height\" content=\"842\" \/>\n\t<meta property=\"og:image:type\" content=\"image\/png\" \/>\n<meta name=\"twitter:card\" content=\"summary_large_image\" \/>\n<meta name=\"twitter:label1\" content=\"Tiempo de lectura\" \/>\n\t<meta name=\"twitter:data1\" content=\"1 minuto\" \/>\n<script type=\"application\/ld+json\" class=\"yoast-schema-graph\">{\"@context\":\"https:\/\/schema.org\",\"@graph\":[{\"@type\":\"WebPage\",\"@id\":\"https:\/\/xenonkungen.com\/produkt\/rela-40a-4-pin-24v\/\",\"url\":\"https:\/\/xenonkungen.com\/produkt\/rela-40a-4-pin-24v\/\",\"name\":\"Rel\u00e4 40A | 4-PIN | 24V - Xenonkungen\",\"isPartOf\":{\"@id\":\"https:\/\/xenonkungen.com\/#website\"},\"primaryImageOfPage\":{\"@id\":\"https:\/\/xenonkungen.com\/produkt\/rela-40a-4-pin-24v\/#primaryimage\"},\"image\":{\"@id\":\"https:\/\/xenonkungen.com\/produkt\/rela-40a-4-pin-24v\/#primaryimage\"},\"thumbnailUrl\":\"https:\/\/xenonkungen.com\/wp-content\/uploads\/2025\/04\/RELA-40A-24V-DSCF5147-PNNG-1000px.png\",\"datePublished\":\"2025-04-15T09:01:19+00:00\",\"dateModified\":\"2026-04-24T15:56:04+00:00\",\"breadcrumb\":{\"@id\":\"https:\/\/xenonkungen.com\/produkt\/rela-40a-4-pin-24v\/#breadcrumb\"},\"inLanguage\":\"es\",\"potentialAction\":[{\"@type\":\"ReadAction\",\"target\":[\"https:\/\/xenonkungen.com\/produkt\/rela-40a-4-pin-24v\/\"]}]},{\"@type\":\"ImageObject\",\"inLanguage\":\"es\",\"@id\":\"https:\/\/xenonkungen.com\/produkt\/rela-40a-4-pin-24v\/#primaryimage\",\"url\":\"https:\/\/xenonkungen.com\/wp-content\/uploads\/2025\/04\/RELA-40A-24V-DSCF5147-PNNG-1000px.png\",\"contentUrl\":\"https:\/\/xenonkungen.com\/wp-content\/uploads\/2025\/04\/RELA-40A-24V-DSCF5147-PNNG-1000px.png\",\"width\":1000,\"height\":842},{\"@type\":\"BreadcrumbList\",\"@id\":\"https:\/\/xenonkungen.com\/produkt\/rela-40a-4-pin-24v\/#breadcrumb\",\"itemListElement\":[{\"@type\":\"ListItem\",\"position\":1,\"name\":\"Hem\",\"item\":\"https:\/\/xenonkungen.com\/\"},{\"@type\":\"ListItem\",\"position\":2,\"name\":\"Shop\",\"item\":\"https:\/\/xenonkungen.com\/shop\/\"},{\"@type\":\"ListItem\",\"position\":3,\"name\":\"Rel\u00e4 40A | 4-PIN | 24V\"}]},{\"@type\":\"WebSite\",\"@id\":\"https:\/\/xenonkungen.com\/#website\",\"url\":\"https:\/\/xenonkungen.com\/\",\"name\":\"Xenonkungen\",\"description\":\"\",\"potentialAction\":[{\"@type\":\"SearchAction\",\"target\":{\"@type\":\"EntryPoint\",\"urlTemplate\":\"https:\/\/xenonkungen.com\/?s={search_term_string}\"},\"query-input\":{\"@type\":\"PropertyValueSpecification\",\"valueRequired\":true,\"valueName\":\"search_term_string\"}}],\"inLanguage\":\"es\"}]}<\/script>\n<!-- \/ Yoast SEO plugin. -->","yoast_head_json":{"title":"Rel\u00e9 40A | 4 PINES | 24V - Xen\u00f3n","robots":{"index":"index","follow":"follow","max-snippet":"max-snippet:-1","max-image-preview":"max-image-preview:large","max-video-preview":"max-video-preview:-1"},"canonical":"https:\/\/xenonkungen.com\/es\/producto\/rele-40a-4-pines-24v\/","og_locale":"es_ES","og_type":"article","og_title":"Rel\u00e4 40A | 4-PIN | 24V - Xenonkungen","og_description":"Nu finns det rel\u00e4 40A tillg\u00e4ngligt i v\u00e5r webbutik! Det h\u00e4r 4-PIN rel\u00e4t \u00e4r speciellt utformat f\u00f6r att hantera h\u00f6ga str\u00f6mmar och ger p\u00e5litlig och effektiv funktion. Med en sp\u00e4nning p\u00e5 24V \u00e4r det perfekt f\u00f6r dina elektriska behov. Oavsett om du beh\u00f6ver det f\u00f6r industriella applikationer eller hemmabruk, s\u00e5 kommer detta rel\u00e4 att klara av det. Best\u00e4ll ditt exemplar idag och f\u00e5 tillg\u00e5ng till den p\u00e5litliga och kraftfulla prestandan hos detta rel\u00e4 80A!","og_url":"https:\/\/xenonkungen.com\/es\/producto\/rele-40a-4-pines-24v\/","og_site_name":"Xenonkungen","article_modified_time":"2026-04-24T15:56:04+00:00","og_image":[{"width":1000,"height":842,"url":"https:\/\/xenonkungen.com\/wp-content\/uploads\/2025\/04\/RELA-40A-24V-DSCF5147-PNNG-1000px.png","type":"image\/png"}],"twitter_card":"summary_large_image","twitter_misc":{"Tiempo de lectura":"1 minuto"},"schema":{"@context":"https:\/\/schema.org","@graph":[{"@type":"WebPage","@id":"https:\/\/xenonkungen.com\/produkt\/rela-40a-4-pin-24v\/","url":"https:\/\/xenonkungen.com\/produkt\/rela-40a-4-pin-24v\/","name":"Rel\u00e9 40A | 4 PINES | 24V - Xen\u00f3n","isPartOf":{"@id":"https:\/\/xenonkungen.com\/#website"},"primaryImageOfPage":{"@id":"https:\/\/xenonkungen.com\/produkt\/rela-40a-4-pin-24v\/#primaryimage"},"image":{"@id":"https:\/\/xenonkungen.com\/produkt\/rela-40a-4-pin-24v\/#primaryimage"},"thumbnailUrl":"https:\/\/xenonkungen.com\/wp-content\/uploads\/2025\/04\/RELA-40A-24V-DSCF5147-PNNG-1000px.png","datePublished":"2025-04-15T09:01:19+00:00","dateModified":"2026-04-24T15:56:04+00:00","breadcrumb":{"@id":"https:\/\/xenonkungen.com\/produkt\/rela-40a-4-pin-24v\/#breadcrumb"},"inLanguage":"es","potentialAction":[{"@type":"ReadAction","target":["https:\/\/xenonkungen.com\/produkt\/rela-40a-4-pin-24v\/"]}]},{"@type":"ImageObject","inLanguage":"es","@id":"https:\/\/xenonkungen.com\/produkt\/rela-40a-4-pin-24v\/#primaryimage","url":"https:\/\/xenonkungen.com\/wp-content\/uploads\/2025\/04\/RELA-40A-24V-DSCF5147-PNNG-1000px.png","contentUrl":"https:\/\/xenonkungen.com\/wp-content\/uploads\/2025\/04\/RELA-40A-24V-DSCF5147-PNNG-1000px.png","width":1000,"height":842},{"@type":"BreadcrumbList","@id":"https:\/\/xenonkungen.com\/produkt\/rela-40a-4-pin-24v\/#breadcrumb","itemListElement":[{"@type":"ListItem","position":1,"name":"Hem","item":"https:\/\/xenonkungen.com\/"},{"@type":"ListItem","position":2,"name":"Shop","item":"https:\/\/xenonkungen.com\/shop\/"},{"@type":"ListItem","position":3,"name":"Rel\u00e4 40A | 4-PIN | 24V"}]},{"@type":"WebSite","@id":"https:\/\/xenonkungen.com\/#website","url":"https:\/\/xenonkungen.com\/","name":"Xenonkungen","description":"","potentialAction":[{"@type":"SearchAction","target":{"@type":"EntryPoint","urlTemplate":"https:\/\/xenonkungen.com\/?s={search_term_string}"},"query-input":{"@type":"PropertyValueSpecification","valueRequired":true,"valueName":"search_term_string"}}],"inLanguage":"es"}]}},"taxonomy_info":{"product_brand":[{"value":117,"label":"Xenonkungen"}],"product_cat":[{"value":2841,"label":"Installation extraljus"},{"value":2468,"label":"Rel\u00e4"},{"value":390,"label":"Installation"}],"pa_volt-v":[{"value":160,"label":"24"}]},"featured_image_src_large":["https:\/\/xenonkungen.com\/wp-content\/uploads\/2025\/04\/RELA-40A-24V-DSCF5147-PNNG-1000px.png",1000,842,false],"author_info":[],"comment_info":1,"_links":{"self":[{"href":"https:\/\/xenonkungen.com\/es\/wp-json\/wp\/v2\/product\/3664","targetHints":{"allow":["GET"]}}],"collection":[{"href":"https:\/\/xenonkungen.com\/es\/wp-json\/wp\/v2\/product"}],"about":[{"href":"https:\/\/xenonkungen.com\/es\/wp-json\/wp\/v2\/types\/product"}],"replies":[{"embeddable":true,"href":"https:\/\/xenonkungen.com\/es\/wp-json\/wp\/v2\/comments?post=3664"}],"wp:featuredmedia":[{"embeddable":true,"href":"https:\/\/xenonkungen.com\/es\/wp-json\/wp\/v2\/media\/3665"}],"wp:attachment":[{"href":"https:\/\/xenonkungen.com\/es\/wp-json\/wp\/v2\/media?parent=3664"}],"wp:term":[{"taxonomy":"anvandningsomrade","embeddable":true,"href":"https:\/\/xenonkungen.com\/es\/wp-json\/wp\/v2\/anvandningsomrade?post=3664"},{"taxonomy":"bilmarken","embeddable":true,"href":"https:\/\/xenonkungen.com\/es\/wp-json\/wp\/v2\/bilmarken?post=3664"},{"taxonomy":"product_brand","embeddable":true,"href":"https:\/\/xenonkungen.com\/es\/wp-json\/wp\/v2\/product_brand?post=3664"},{"taxonomy":"product_cat","embeddable":true,"href":"https:\/\/xenonkungen.com\/es\/wp-json\/wp\/v2\/product_cat?post=3664"},{"taxonomy":"product_tag","embeddable":true,"href":"https:\/\/xenonkungen.com\/es\/wp-json\/wp\/v2\/product_tag?post=3664"}],"curies":[{"name":"wp","href":"https:\/\/api.w.org\/{rel}","templated":true}]}}