{"id":3670,"date":"2025-04-15T09:01:29","date_gmt":"2025-04-15T09:01:29","guid":{"rendered":"https:\/\/xenonkungen.com\/product\/40w-canbus-xenonkit-12v\/"},"modified":"2026-05-13T08:52:35","modified_gmt":"2026-05-13T07:52:35","slug":"kit-de-xenon-canbus-de-40-w-y-12-v","status":"publish","type":"product","link":"https:\/\/xenonkungen.com\/es\/producto\/kit-de-xenon-canbus-de-40-w-y-12-v\/","title":{"rendered":"Kit Xenon Canbus 40W | 12V"},"content":{"rendered":"<h1>Kit de xen\u00f3n premium de 40 W<\/h1>\n<p>Exclusivamente en Xenonkungen para veh\u00edculos con o sin monitorizaci\u00f3n de luces CAN-bus. Tanto el balastro como las l\u00e1mparas son de alta luminosidad.<\/p>\n<p>El balasto HNS-4C incluido tiene una potencia de 40 W (efectivos ~39 W) en comparaci\u00f3n con el est\u00e1ndar del mercado de 35 W (que en la pr\u00e1ctica suele dar entre 28 y 32 W).<\/p>\n<p>Una caracter\u00edstica \u00fanica del HNS-4C es su capacidad para operar con todo tipo de l\u00e1mparas de xen\u00f3n, incluidas las libres de plomo (D1\/D2\/D3\/D4). Sin embargo, para ello se requieren cables especiales, y en este contexto se plantea la tarea de demostrar la avanzada tecnolog\u00eda del HNS-4C.<\/p>\n<p><strong>Presentado en agosto de 2017<\/strong>El HNS-4C reemplaza al excelente pero descontinuado balasto HNS-C35 del fabricante, que ha demostrado su confiabilidad operativa durante varios a\u00f1os.<\/p>\n<p>Lastre: HNS-4C<br \/>\nPotencia: 40 W (~39 W), 42 V\/85 V CA<br \/>\nVoltios: 9-16 V CC<br \/>\nEntorno operativo: -40 a +85<\/p>\n<p><strong>Base de l\u00e1mpara opcional:<\/strong><br \/>\nH1<br \/>\nH3<br \/>\nH7 (lente de proyector o luz alta)<br \/>\nH7R (luz baja con reflector)<br \/>\nH9 (H8\/H11)<br \/>\n9005 (HB3\/HIR1\/9011\/H10)<br \/>\n9006 (HB4\/HIR2\/9012)<\/p>\n<p>Temperatura de color (K = Kelvin) y flujo luminoso (lumen):<br \/>\n<strong>4300K<\/strong> = 3500\u00b1150 lm, Blanco est\u00e1ndar<br \/>\n<strong>5000K<\/strong>~5500K = 3400\u00b1100 lm, Blanco brillante<br \/>\n<strong>6000K<\/strong> = 3000\u00b1100 lm, Blanco diamante<br \/>\nValores reales seg\u00fan el espectroan\u00e1lisis.<br \/>\n- Recomendamos 4300K.<\/p>\n<p>Kit completo de xen\u00f3n para convertir, por ejemplo, las luces de cruce o antiniebla del lado izquierdo\/derecho. Consulte la opci\u00f3n de mayor potencia (50-60 W) si desea convertir las luces de carretera.<\/p>\n<p><strong>Contenido:<\/strong><br \/>\n2 balastos HNS-4C<br \/>\n2 l\u00e1mparas de xen\u00f3n<\/p>\n<p><strong>Estado de las existencias<\/strong><br \/>\nEste kit consta de dos art\u00edculos separados. Puede comprobar el estado de las existencias de la l\u00e1mpara\/color y el balasto espec\u00edficos en la categor\u00eda\/art\u00edculo correspondiente.<\/p>\n<p>Es posible que su coche necesite accesorios especiales (v\u00e9ase Portal\u00e1mparas).<\/p>\n<p><strong>Garant\u00eda de 3 a\u00f1os para el balasto<\/strong> | L\u00e1mpara de 1 a\u00f1o<\/p>\n<p><strong>NOTA: En algunos modelos Saab de a\u00f1os posteriores, hemos recibido informes de que el sofisticado\/sensible sistema el\u00e9ctrico del autom\u00f3vil ha resultado da\u00f1ado durante el ensamblaje.<br \/>\nPor lo tanto, desaconsejamos la conversi\u00f3n a xen\u00f3n en estos veh\u00edculos y no reembolsaremos los gastos de reparaci\u00f3n si surgen problemas en su coche. Para m\u00e1s informaci\u00f3n, llame a nuestro servicio de atenci\u00f3n al cliente al 0300-30860.<\/strong><\/p>","protected":false},"excerpt":{"rendered":"<p>Premium 40W Xenonkit Exklusivt hos Xenonkungen f\u00f6r bilar med eller utan Can-bus ljus\u00f6vervakning. B\u00e5de ballast och lampor \u00e4r av typ High brightness med h\u00f6gre ljusstyrka. Ing\u00e5ende ballast HNS-4C har effekt 40W (effektivt ~39W) j\u00e4mf\u00f6rt marknadsstandard 35W (som i praktiken oftast ger 28-32W). En unik egenskap med HNS-4C \u00e4r att den kan driva alla xenonlampor, \u00e4ven [&hellip;]<\/p>","protected":false},"featured_media":25923,"comment_status":"closed","ping_status":"closed","template":"","meta":{"_acf_changed":false,"_smort_price_nok":"956","_smort_price_dkk":"607","_smort_price_eur":"81.36","_smort_sale_price_nok":"","_smort_sale_price_dkk":"","_smort_sale_price_eur":"","smort_restorder":"","shipmondo_restorder":"","_kad_blocks_custom_css":"","_kad_blocks_head_custom_js":"","_kad_blocks_body_custom_js":"","_kad_blocks_footer_custom_js":"","smort_custom_pricelist_1":"572.8","smort_custom_pricelist_2":"501.2","smort_custom_pricelist_3":"476.14","smort_custom_pricelist_4":"716","smort_custom_pricelist_5":"501.2"},"anvandningsomrade":[],"bilmarken":[],"product_brand":[],"product_cat":[2485],"product_tag":[],"class_list":{"0":"post-3670","1":"product","2":"type-product","3":"status-publish","4":"has-post-thumbnail","6":"product_cat-xenonkonventering","7":"pa_faktisk-effekts-forbrukning-751","8":"pa_fargtemperatur-5000k","9":"pa_fargtemperatur-6000k","10":"pa_fargtemperatur-4300k","11":"pa_lampsockel-kontakt-h7","12":"pa_lampsockel-kontakt-h9","13":"pa_lampsockel-kontakt-9005-hb3","14":"pa_lampsockel-kontakt-9006-hb4","15":"pa_lampsockel-kontakt-h1","16":"pa_lampsockel-kontakt-h3","17":"pa_lampsockel-kontakt-h7r","18":"pa_led-chips-effekt-w-690","19":"pa_volt-v-159","21":"first","22":"onbackorder","23":"taxable","24":"shipping-taxable","25":"purchasable","26":"product-type-variable"},"bundled_by":[],"bundle_stock_status":"onbackorder","bundle_stock_quantity":-36,"bundle_virtual":false,"bundle_layout":"","bundle_add_to_cart_form_location":"","bundle_editable_in_cart":false,"bundle_sold_individually_context":"","bundle_item_grouping":"","bundle_min_size":"","bundle_max_size":"","bundle_price":[],"bundled_items":[],"bundle_sell_ids":[],"acf":[],"yoast_head":"<!-- This site is optimized with the Yoast SEO plugin v27.0 - https:\/\/yoast.com\/product\/yoast-seo-wordpress\/ -->\n<title>40W Canbus Xenonkit | 12V - Xenonkungen<\/title>\n<meta name=\"robots\" content=\"index, follow, max-snippet:-1, max-image-preview:large, max-video-preview:-1\" \/>\n<link rel=\"canonical\" href=\"https:\/\/xenonkungen.com\/es\/producto\/kit-de-xenon-canbus-de-40-w-y-12-v\/\" \/>\n<meta property=\"og:locale\" content=\"es_ES\" \/>\n<meta property=\"og:type\" content=\"article\" \/>\n<meta property=\"og:title\" content=\"40W Canbus Xenonkit | 12V - Xenonkungen\" \/>\n<meta property=\"og:description\" content=\"Premium 40W Xenonkit Exklusivt hos Xenonkungen f\u00f6r bilar med eller utan Can-bus ljus\u00f6vervakning. B\u00e5de ballast och lampor \u00e4r av typ High brightness med h\u00f6gre ljusstyrka. Ing\u00e5ende ballast HNS-4C har effekt 40W (effektivt ~39W) j\u00e4mf\u00f6rt marknadsstandard 35W (som i praktiken oftast ger 28-32W). En unik egenskap med HNS-4C \u00e4r att den kan driva alla xenonlampor, \u00e4ven [&hellip;]\" \/>\n<meta property=\"og:url\" content=\"https:\/\/xenonkungen.com\/es\/producto\/kit-de-xenon-canbus-de-40-w-y-12-v\/\" \/>\n<meta property=\"og:site_name\" content=\"Xenonkungen\" \/>\n<meta property=\"article:modified_time\" content=\"2026-05-13T07:52:35+00:00\" \/>\n<meta property=\"og:image\" content=\"https:\/\/xenonkungen.com\/wp-content\/uploads\/2025\/04\/207870329-origpic-7f3471-1024x921.png\" \/>\n\t<meta property=\"og:image:width\" content=\"1024\" \/>\n\t<meta property=\"og:image:height\" content=\"921\" \/>\n\t<meta property=\"og:image:type\" content=\"image\/png\" \/>\n<meta name=\"twitter:card\" content=\"summary_large_image\" \/>\n<meta name=\"twitter:label1\" content=\"Tiempo de lectura\" \/>\n\t<meta name=\"twitter:data1\" content=\"2 minutos\" \/>\n<script type=\"application\/ld+json\" class=\"yoast-schema-graph\">{\"@context\":\"https:\/\/schema.org\",\"@graph\":[{\"@type\":\"WebPage\",\"@id\":\"https:\/\/xenonkungen.com\/produkt\/40w-canbus-xenonkit-12v\/\",\"url\":\"https:\/\/xenonkungen.com\/produkt\/40w-canbus-xenonkit-12v\/\",\"name\":\"40W Canbus Xenonkit | 12V - Xenonkungen\",\"isPartOf\":{\"@id\":\"https:\/\/xenonkungen.com\/#website\"},\"primaryImageOfPage\":{\"@id\":\"https:\/\/xenonkungen.com\/produkt\/40w-canbus-xenonkit-12v\/#primaryimage\"},\"image\":{\"@id\":\"https:\/\/xenonkungen.com\/produkt\/40w-canbus-xenonkit-12v\/#primaryimage\"},\"thumbnailUrl\":\"https:\/\/xenonkungen.com\/wp-content\/uploads\/2025\/04\/207870329-origpic-7f3471-scaled.png\",\"datePublished\":\"2025-04-15T09:01:29+00:00\",\"dateModified\":\"2026-05-13T07:52:35+00:00\",\"breadcrumb\":{\"@id\":\"https:\/\/xenonkungen.com\/produkt\/40w-canbus-xenonkit-12v\/#breadcrumb\"},\"inLanguage\":\"es\",\"potentialAction\":[{\"@type\":\"ReadAction\",\"target\":[\"https:\/\/xenonkungen.com\/produkt\/40w-canbus-xenonkit-12v\/\"]}]},{\"@type\":\"ImageObject\",\"inLanguage\":\"es\",\"@id\":\"https:\/\/xenonkungen.com\/produkt\/40w-canbus-xenonkit-12v\/#primaryimage\",\"url\":\"https:\/\/xenonkungen.com\/wp-content\/uploads\/2025\/04\/207870329-origpic-7f3471-scaled.png\",\"contentUrl\":\"https:\/\/xenonkungen.com\/wp-content\/uploads\/2025\/04\/207870329-origpic-7f3471-scaled.png\",\"width\":2560,\"height\":2303},{\"@type\":\"BreadcrumbList\",\"@id\":\"https:\/\/xenonkungen.com\/produkt\/40w-canbus-xenonkit-12v\/#breadcrumb\",\"itemListElement\":[{\"@type\":\"ListItem\",\"position\":1,\"name\":\"Hem\",\"item\":\"https:\/\/xenonkungen.com\/\"},{\"@type\":\"ListItem\",\"position\":2,\"name\":\"Shop\",\"item\":\"https:\/\/xenonkungen.com\/shop\/\"},{\"@type\":\"ListItem\",\"position\":3,\"name\":\"40W Canbus Xenonkit | 12V\"}]},{\"@type\":\"WebSite\",\"@id\":\"https:\/\/xenonkungen.com\/#website\",\"url\":\"https:\/\/xenonkungen.com\/\",\"name\":\"Xenonkungen\",\"description\":\"\",\"potentialAction\":[{\"@type\":\"SearchAction\",\"target\":{\"@type\":\"EntryPoint\",\"urlTemplate\":\"https:\/\/xenonkungen.com\/?s={search_term_string}\"},\"query-input\":{\"@type\":\"PropertyValueSpecification\",\"valueRequired\":true,\"valueName\":\"search_term_string\"}}],\"inLanguage\":\"es\"}]}<\/script>\n<!-- \/ Yoast SEO plugin. -->","yoast_head_json":{"title":"Kit de xen\u00f3n Canbus de 40 W | 12 V - El rey del xen\u00f3n","robots":{"index":"index","follow":"follow","max-snippet":"max-snippet:-1","max-image-preview":"max-image-preview:large","max-video-preview":"max-video-preview:-1"},"canonical":"https:\/\/xenonkungen.com\/es\/producto\/kit-de-xenon-canbus-de-40-w-y-12-v\/","og_locale":"es_ES","og_type":"article","og_title":"40W Canbus Xenonkit | 12V - Xenonkungen","og_description":"Premium 40W Xenonkit Exklusivt hos Xenonkungen f\u00f6r bilar med eller utan Can-bus ljus\u00f6vervakning. B\u00e5de ballast och lampor \u00e4r av typ High brightness med h\u00f6gre ljusstyrka. Ing\u00e5ende ballast HNS-4C har effekt 40W (effektivt ~39W) j\u00e4mf\u00f6rt marknadsstandard 35W (som i praktiken oftast ger 28-32W). En unik egenskap med HNS-4C \u00e4r att den kan driva alla xenonlampor, \u00e4ven [&hellip;]","og_url":"https:\/\/xenonkungen.com\/es\/producto\/kit-de-xenon-canbus-de-40-w-y-12-v\/","og_site_name":"Xenonkungen","article_modified_time":"2026-05-13T07:52:35+00:00","og_image":[{"width":1024,"height":921,"url":"https:\/\/xenonkungen.com\/wp-content\/uploads\/2025\/04\/207870329-origpic-7f3471-1024x921.png","type":"image\/png"}],"twitter_card":"summary_large_image","twitter_misc":{"Tiempo de lectura":"2 minutos"},"schema":{"@context":"https:\/\/schema.org","@graph":[{"@type":"WebPage","@id":"https:\/\/xenonkungen.com\/produkt\/40w-canbus-xenonkit-12v\/","url":"https:\/\/xenonkungen.com\/produkt\/40w-canbus-xenonkit-12v\/","name":"Kit de xen\u00f3n Canbus de 40 W | 12 V - El rey del xen\u00f3n","isPartOf":{"@id":"https:\/\/xenonkungen.com\/#website"},"primaryImageOfPage":{"@id":"https:\/\/xenonkungen.com\/produkt\/40w-canbus-xenonkit-12v\/#primaryimage"},"image":{"@id":"https:\/\/xenonkungen.com\/produkt\/40w-canbus-xenonkit-12v\/#primaryimage"},"thumbnailUrl":"https:\/\/xenonkungen.com\/wp-content\/uploads\/2025\/04\/207870329-origpic-7f3471-scaled.png","datePublished":"2025-04-15T09:01:29+00:00","dateModified":"2026-05-13T07:52:35+00:00","breadcrumb":{"@id":"https:\/\/xenonkungen.com\/produkt\/40w-canbus-xenonkit-12v\/#breadcrumb"},"inLanguage":"es","potentialAction":[{"@type":"ReadAction","target":["https:\/\/xenonkungen.com\/produkt\/40w-canbus-xenonkit-12v\/"]}]},{"@type":"ImageObject","inLanguage":"es","@id":"https:\/\/xenonkungen.com\/produkt\/40w-canbus-xenonkit-12v\/#primaryimage","url":"https:\/\/xenonkungen.com\/wp-content\/uploads\/2025\/04\/207870329-origpic-7f3471-scaled.png","contentUrl":"https:\/\/xenonkungen.com\/wp-content\/uploads\/2025\/04\/207870329-origpic-7f3471-scaled.png","width":2560,"height":2303},{"@type":"BreadcrumbList","@id":"https:\/\/xenonkungen.com\/produkt\/40w-canbus-xenonkit-12v\/#breadcrumb","itemListElement":[{"@type":"ListItem","position":1,"name":"Hem","item":"https:\/\/xenonkungen.com\/"},{"@type":"ListItem","position":2,"name":"Shop","item":"https:\/\/xenonkungen.com\/shop\/"},{"@type":"ListItem","position":3,"name":"40W Canbus Xenonkit | 12V"}]},{"@type":"WebSite","@id":"https:\/\/xenonkungen.com\/#website","url":"https:\/\/xenonkungen.com\/","name":"Xenonkungen","description":"","potentialAction":[{"@type":"SearchAction","target":{"@type":"EntryPoint","urlTemplate":"https:\/\/xenonkungen.com\/?s={search_term_string}"},"query-input":{"@type":"PropertyValueSpecification","valueRequired":true,"valueName":"search_term_string"}}],"inLanguage":"es"}]}},"taxonomy_info":{"product_cat":[{"value":2485,"label":"Xenonkonvertering"}],"pa_faktisk-effekts-forbrukning":[{"value":751,"label":"3,9"}],"pa_fargtemperatur":[{"value":154,"label":"5000K"},{"value":188,"label":"6000K"},{"value":755,"label":"4300K"}],"pa_lampsockel-kontakt":[{"value":206,"label":"H7"},{"value":163,"label":"H9"},{"value":741,"label":"9005, HB3"},{"value":326,"label":"9006 , HB4"},{"value":336,"label":"H1"},{"value":339,"label":"H3"},{"value":2719,"label":"H7R"}],"pa_led-chips-effekt-w":[{"value":690,"label":"40"}],"pa_volt-v":[{"value":159,"label":"12"}]},"featured_image_src_large":["https:\/\/xenonkungen.com\/wp-content\/uploads\/2025\/04\/207870329-origpic-7f3471-1024x921.png",1024,921,true],"author_info":[],"comment_info":1,"_links":{"self":[{"href":"https:\/\/xenonkungen.com\/es\/wp-json\/wp\/v2\/product\/3670","targetHints":{"allow":["GET"]}}],"collection":[{"href":"https:\/\/xenonkungen.com\/es\/wp-json\/wp\/v2\/product"}],"about":[{"href":"https:\/\/xenonkungen.com\/es\/wp-json\/wp\/v2\/types\/product"}],"replies":[{"embeddable":true,"href":"https:\/\/xenonkungen.com\/es\/wp-json\/wp\/v2\/comments?post=3670"}],"wp:featuredmedia":[{"embeddable":true,"href":"https:\/\/xenonkungen.com\/es\/wp-json\/wp\/v2\/media\/25923"}],"wp:attachment":[{"href":"https:\/\/xenonkungen.com\/es\/wp-json\/wp\/v2\/media?parent=3670"}],"wp:term":[{"taxonomy":"anvandningsomrade","embeddable":true,"href":"https:\/\/xenonkungen.com\/es\/wp-json\/wp\/v2\/anvandningsomrade?post=3670"},{"taxonomy":"bilmarken","embeddable":true,"href":"https:\/\/xenonkungen.com\/es\/wp-json\/wp\/v2\/bilmarken?post=3670"},{"taxonomy":"product_brand","embeddable":true,"href":"https:\/\/xenonkungen.com\/es\/wp-json\/wp\/v2\/product_brand?post=3670"},{"taxonomy":"product_cat","embeddable":true,"href":"https:\/\/xenonkungen.com\/es\/wp-json\/wp\/v2\/product_cat?post=3670"},{"taxonomy":"product_tag","embeddable":true,"href":"https:\/\/xenonkungen.com\/es\/wp-json\/wp\/v2\/product_tag?post=3670"}],"curies":[{"name":"wp","href":"https:\/\/api.w.org\/{rel}","templated":true}]}}