{"id":3698,"date":"2025-04-15T09:01:47","date_gmt":"2025-04-15T09:01:47","guid":{"rendered":"https:\/\/xenonkungen.com\/product\/xenonlampa-50-70w\/"},"modified":"2026-04-09T15:19:22","modified_gmt":"2026-04-09T14:19:22","slug":"lampara-de-xenon-50-70w","status":"publish","type":"product","link":"https:\/\/xenonkungen.com\/es\/producto\/lampara-de-xenon-50-70w\/","title":{"rendered":"L\u00e1mpara de xen\u00f3n 50-70W"},"content":{"rendered":"<p>L\u00e1mpara de xen\u00f3n para retrofitting para utilizar con balastos de 50-70W disponibles en el mercado (no 75-100W).<\/p>\n<p>Disponible con el siguiente z\u00f3calo:<br \/>\nH1<br \/>\nH3<br \/>\nH7<br \/>\nH7R (luz baja con reflector)<br \/>\nH9 (tambi\u00e9n compatible con H8\/H11)<br \/>\n9005 (HB3, HIR1)<br \/>\n9006 (HB4, HIR2)<\/p>\n<p>Temperatura de color (Kelvin):<br \/>\n<strong>4300K<\/strong><br \/>\n<strong>5000K<\/strong><br \/>\n<strong>6000K<\/strong><br \/>\nEl rango por base de l\u00e1mpara puede variar.<\/p>\n<p>Garant\u00eda 1 a\u00f1o.<\/p>\n<p>\u00bfBuscas xen\u00f3n original?<br \/>\n<a href=\"https:\/\/www.xenonkungen.com\/se\/produkter\/xenon\/xenonlampor\/\">L\u00e1mpara de xen\u00f3n<\/a><\/p>","protected":false},"excerpt":{"rendered":"<p>L\u00e1mpara de xen\u00f3n para reequipamiento, compatible con balastos de 50-70 W disponibles en el mercado (no de 75-100 W). Disponible con los siguientes casquillos: H1, H3, H7, H7R (reflector de luz de cruce), H9 (tambi\u00e9n compatible con H8\/H11), 9005 (HB3, HIR1), 9006 (HB4, HIR2). Temperatura de color (Kelvin): 4300 K, 5000 K y 6000 K. La disponibilidad por casquillo puede variar. Garant\u00eda: 1 a\u00f1o. \u00bfBuscas xen\u00f3n con dise\u00f1o original? L\u00e1mpara de xen\u00f3n.<\/p>","protected":false},"featured_media":3699,"comment_status":"closed","ping_status":"closed","template":"","meta":{"_acf_changed":false,"_smort_price_nok":"74","_smort_price_dkk":"101","_smort_price_eur":"13.54","_smort_sale_price_nok":"","_smort_sale_price_dkk":"","_smort_sale_price_eur":"","smort_restorder":"","shipmondo_restorder":"","_kad_blocks_custom_css":"","_kad_blocks_head_custom_js":"","_kad_blocks_body_custom_js":"","_kad_blocks_footer_custom_js":"","smort_custom_pricelist_1":"95.36","smort_custom_pricelist_2":"83.4","smort_custom_pricelist_3":"79.23","smort_custom_pricelist_4":"119.2","smort_custom_pricelist_5":"83.4"},"anvandningsomrade":[],"bilmarken":[],"product_brand":[117],"product_cat":[2485,2504,1402],"product_tag":[],"class_list":{"0":"post-3698","1":"product","2":"type-product","3":"status-publish","4":"has-post-thumbnail","6":"product_brand-xenonkungen","7":"product_cat-xenonkonventering","8":"product_cat-xenonlampor","9":"product_cat-outlet","10":"pa_faktisk-effekts-forbrukning-401","11":"pa_fargtemperatur-5000k","12":"pa_fargtemperatur-6000k","13":"pa_fargtemperatur-4300k","14":"pa_lampsockel-kontakt-h7","15":"pa_lampsockel-kontakt-h9","16":"pa_lampsockel-kontakt-9005-hb3","17":"pa_lampsockel-kontakt-9006-hb4","18":"pa_lampsockel-kontakt-h1","19":"pa_lampsockel-kontakt-h3","20":"pa_lampsockel-kontakt-h7r","21":"pa_led-chips-effekt-w-694","22":"pa_volt-v-12-24","24":"first","25":"onbackorder","26":"taxable","27":"shipping-taxable","28":"purchasable","29":"product-type-variable"},"bundled_by":[],"bundle_stock_status":"onbackorder","bundle_stock_quantity":-55,"bundle_virtual":false,"bundle_layout":"","bundle_add_to_cart_form_location":"","bundle_editable_in_cart":false,"bundle_sold_individually_context":"","bundle_item_grouping":"","bundle_min_size":"","bundle_max_size":"","bundle_price":[],"bundled_items":[],"bundle_sell_ids":[],"acf":[],"yoast_head":"<!-- This site is optimized with the Yoast SEO plugin v27.0 - https:\/\/yoast.com\/product\/yoast-seo-wordpress\/ -->\n<title>Xenonlampa 50-70W - Xenonkungen<\/title>\n<meta name=\"robots\" content=\"index, follow, max-snippet:-1, max-image-preview:large, max-video-preview:-1\" \/>\n<link rel=\"canonical\" href=\"https:\/\/xenonkungen.com\/es\/producto\/lampara-de-xenon-50-70w\/\" \/>\n<meta property=\"og:locale\" content=\"es_ES\" \/>\n<meta property=\"og:type\" content=\"article\" \/>\n<meta property=\"og:title\" content=\"Xenonlampa 50-70W - Xenonkungen\" \/>\n<meta property=\"og:description\" content=\"Xenonlampa f\u00f6r eftermontering att anv\u00e4ndas med p\u00e5 marknaden f\u00f6rekommande 50-70W ballaster (ej 75-100W). Finns med f\u00f6ljande sockel: H1 H3 H7 H7R (reflektor halvljus) H9 (passar \u00e4ven H8\/H11) 9005 (HB3, HIR1) 9006 (HB4, HIR2) F\u00e4rgtemperatur (Kelvin): 4300K 5000K 6000K Utbud per lampsockel kan variera. Garanti 1 \u00e5r. Letar du efter xenon i original utf\u00f6rande? Xenonlampa\" \/>\n<meta property=\"og:url\" content=\"https:\/\/xenonkungen.com\/es\/producto\/lampara-de-xenon-50-70w\/\" \/>\n<meta property=\"og:site_name\" content=\"Xenonkungen\" \/>\n<meta property=\"article:modified_time\" content=\"2026-04-09T14:19:22+00:00\" \/>\n<meta property=\"og:image\" content=\"https:\/\/xenonkungen.com\/wp-content\/uploads\/2025\/04\/1023226-origpic-ccd544.png\" \/>\n\t<meta property=\"og:image:width\" content=\"1000\" \/>\n\t<meta property=\"og:image:height\" content=\"1000\" \/>\n\t<meta property=\"og:image:type\" content=\"image\/png\" \/>\n<meta name=\"twitter:card\" content=\"summary_large_image\" \/>\n<meta name=\"twitter:label1\" content=\"Tiempo de lectura\" \/>\n\t<meta name=\"twitter:data1\" content=\"1 minuto\" \/>\n<script type=\"application\/ld+json\" class=\"yoast-schema-graph\">{\"@context\":\"https:\/\/schema.org\",\"@graph\":[{\"@type\":\"WebPage\",\"@id\":\"https:\/\/xenonkungen.com\/nl\/product\/xenonlampa-50-70w\/\",\"url\":\"https:\/\/xenonkungen.com\/nl\/product\/xenonlampa-50-70w\/\",\"name\":\"Xenonlampa 50-70W - Xenonkungen\",\"isPartOf\":{\"@id\":\"https:\/\/xenonkungen.com\/#website\"},\"primaryImageOfPage\":{\"@id\":\"https:\/\/xenonkungen.com\/nl\/product\/xenonlampa-50-70w\/#primaryimage\"},\"image\":{\"@id\":\"https:\/\/xenonkungen.com\/nl\/product\/xenonlampa-50-70w\/#primaryimage\"},\"thumbnailUrl\":\"https:\/\/xenonkungen.com\/wp-content\/uploads\/2025\/04\/1023226-origpic-ccd544.png\",\"datePublished\":\"2025-04-15T09:01:47+00:00\",\"dateModified\":\"2026-04-09T14:19:22+00:00\",\"breadcrumb\":{\"@id\":\"https:\/\/xenonkungen.com\/nl\/product\/xenonlampa-50-70w\/#breadcrumb\"},\"inLanguage\":\"es\",\"potentialAction\":[{\"@type\":\"ReadAction\",\"target\":[\"https:\/\/xenonkungen.com\/nl\/product\/xenonlampa-50-70w\/\"]}]},{\"@type\":\"ImageObject\",\"inLanguage\":\"es\",\"@id\":\"https:\/\/xenonkungen.com\/nl\/product\/xenonlampa-50-70w\/#primaryimage\",\"url\":\"https:\/\/xenonkungen.com\/wp-content\/uploads\/2025\/04\/1023226-origpic-ccd544.png\",\"contentUrl\":\"https:\/\/xenonkungen.com\/wp-content\/uploads\/2025\/04\/1023226-origpic-ccd544.png\",\"width\":1000,\"height\":1000},{\"@type\":\"BreadcrumbList\",\"@id\":\"https:\/\/xenonkungen.com\/nl\/product\/xenonlampa-50-70w\/#breadcrumb\",\"itemListElement\":[{\"@type\":\"ListItem\",\"position\":1,\"name\":\"Hem\",\"item\":\"https:\/\/xenonkungen.com\/\"},{\"@type\":\"ListItem\",\"position\":2,\"name\":\"Shop\",\"item\":\"https:\/\/xenonkungen.com\/shop\/\"},{\"@type\":\"ListItem\",\"position\":3,\"name\":\"Xenonlampa 50-70W\"}]},{\"@type\":\"WebSite\",\"@id\":\"https:\/\/xenonkungen.com\/#website\",\"url\":\"https:\/\/xenonkungen.com\/\",\"name\":\"Xenonkungen\",\"description\":\"\",\"potentialAction\":[{\"@type\":\"SearchAction\",\"target\":{\"@type\":\"EntryPoint\",\"urlTemplate\":\"https:\/\/xenonkungen.com\/?s={search_term_string}\"},\"query-input\":{\"@type\":\"PropertyValueSpecification\",\"valueRequired\":true,\"valueName\":\"search_term_string\"}}],\"inLanguage\":\"es\"}]}<\/script>\n<!-- \/ Yoast SEO plugin. -->","yoast_head_json":{"title":"L\u00e1mpara de xen\u00f3n 50-70W - El rey del xen\u00f3n","robots":{"index":"index","follow":"follow","max-snippet":"max-snippet:-1","max-image-preview":"max-image-preview:large","max-video-preview":"max-video-preview:-1"},"canonical":"https:\/\/xenonkungen.com\/es\/producto\/lampara-de-xenon-50-70w\/","og_locale":"es_ES","og_type":"article","og_title":"Xenonlampa 50-70W - Xenonkungen","og_description":"Xenonlampa f\u00f6r eftermontering att anv\u00e4ndas med p\u00e5 marknaden f\u00f6rekommande 50-70W ballaster (ej 75-100W). Finns med f\u00f6ljande sockel: H1 H3 H7 H7R (reflektor halvljus) H9 (passar \u00e4ven H8\/H11) 9005 (HB3, HIR1) 9006 (HB4, HIR2) F\u00e4rgtemperatur (Kelvin): 4300K 5000K 6000K Utbud per lampsockel kan variera. Garanti 1 \u00e5r. Letar du efter xenon i original utf\u00f6rande? Xenonlampa","og_url":"https:\/\/xenonkungen.com\/es\/producto\/lampara-de-xenon-50-70w\/","og_site_name":"Xenonkungen","article_modified_time":"2026-04-09T14:19:22+00:00","og_image":[{"width":1000,"height":1000,"url":"https:\/\/xenonkungen.com\/wp-content\/uploads\/2025\/04\/1023226-origpic-ccd544.png","type":"image\/png"}],"twitter_card":"summary_large_image","twitter_misc":{"Tiempo de lectura":"1 minuto"},"schema":{"@context":"https:\/\/schema.org","@graph":[{"@type":"WebPage","@id":"https:\/\/xenonkungen.com\/nl\/product\/xenonlampa-50-70w\/","url":"https:\/\/xenonkungen.com\/nl\/product\/xenonlampa-50-70w\/","name":"L\u00e1mpara de xen\u00f3n 50-70W - El rey del xen\u00f3n","isPartOf":{"@id":"https:\/\/xenonkungen.com\/#website"},"primaryImageOfPage":{"@id":"https:\/\/xenonkungen.com\/nl\/product\/xenonlampa-50-70w\/#primaryimage"},"image":{"@id":"https:\/\/xenonkungen.com\/nl\/product\/xenonlampa-50-70w\/#primaryimage"},"thumbnailUrl":"https:\/\/xenonkungen.com\/wp-content\/uploads\/2025\/04\/1023226-origpic-ccd544.png","datePublished":"2025-04-15T09:01:47+00:00","dateModified":"2026-04-09T14:19:22+00:00","breadcrumb":{"@id":"https:\/\/xenonkungen.com\/nl\/product\/xenonlampa-50-70w\/#breadcrumb"},"inLanguage":"es","potentialAction":[{"@type":"ReadAction","target":["https:\/\/xenonkungen.com\/nl\/product\/xenonlampa-50-70w\/"]}]},{"@type":"ImageObject","inLanguage":"es","@id":"https:\/\/xenonkungen.com\/nl\/product\/xenonlampa-50-70w\/#primaryimage","url":"https:\/\/xenonkungen.com\/wp-content\/uploads\/2025\/04\/1023226-origpic-ccd544.png","contentUrl":"https:\/\/xenonkungen.com\/wp-content\/uploads\/2025\/04\/1023226-origpic-ccd544.png","width":1000,"height":1000},{"@type":"BreadcrumbList","@id":"https:\/\/xenonkungen.com\/nl\/product\/xenonlampa-50-70w\/#breadcrumb","itemListElement":[{"@type":"ListItem","position":1,"name":"Hem","item":"https:\/\/xenonkungen.com\/"},{"@type":"ListItem","position":2,"name":"Shop","item":"https:\/\/xenonkungen.com\/shop\/"},{"@type":"ListItem","position":3,"name":"Xenonlampa 50-70W"}]},{"@type":"WebSite","@id":"https:\/\/xenonkungen.com\/#website","url":"https:\/\/xenonkungen.com\/","name":"Xenonkungen","description":"","potentialAction":[{"@type":"SearchAction","target":{"@type":"EntryPoint","urlTemplate":"https:\/\/xenonkungen.com\/?s={search_term_string}"},"query-input":{"@type":"PropertyValueSpecification","valueRequired":true,"valueName":"search_term_string"}}],"inLanguage":"es"}]}},"taxonomy_info":{"product_brand":[{"value":117,"label":"Xenonkungen"}],"product_cat":[{"value":2485,"label":"XENONKONVENTERING"},{"value":2504,"label":"Xenonlampor"},{"value":1402,"label":"Outlet"}],"pa_faktisk-effekts-forbrukning":[{"value":401,"label":"60"}],"pa_fargtemperatur":[{"value":154,"label":"5000K"},{"value":188,"label":"6000K"},{"value":755,"label":"4300K"}],"pa_lampsockel-kontakt":[{"value":206,"label":"H7"},{"value":163,"label":"H9"},{"value":741,"label":"9005, HB3"},{"value":326,"label":"9006 , HB4"},{"value":336,"label":"H1"},{"value":339,"label":"H3"},{"value":2719,"label":"H7R"}],"pa_led-chips-effekt-w":[{"value":694,"label":"60"}],"pa_volt-v":[{"value":348,"label":"12, 24"}]},"featured_image_src_large":["https:\/\/xenonkungen.com\/wp-content\/uploads\/2025\/04\/1023226-origpic-ccd544.png",1000,1000,false],"author_info":[],"comment_info":5,"_links":{"self":[{"href":"https:\/\/xenonkungen.com\/es\/wp-json\/wp\/v2\/product\/3698","targetHints":{"allow":["GET"]}}],"collection":[{"href":"https:\/\/xenonkungen.com\/es\/wp-json\/wp\/v2\/product"}],"about":[{"href":"https:\/\/xenonkungen.com\/es\/wp-json\/wp\/v2\/types\/product"}],"replies":[{"embeddable":true,"href":"https:\/\/xenonkungen.com\/es\/wp-json\/wp\/v2\/comments?post=3698"}],"wp:featuredmedia":[{"embeddable":true,"href":"https:\/\/xenonkungen.com\/es\/wp-json\/wp\/v2\/media\/3699"}],"wp:attachment":[{"href":"https:\/\/xenonkungen.com\/es\/wp-json\/wp\/v2\/media?parent=3698"}],"wp:term":[{"taxonomy":"anvandningsomrade","embeddable":true,"href":"https:\/\/xenonkungen.com\/es\/wp-json\/wp\/v2\/anvandningsomrade?post=3698"},{"taxonomy":"bilmarken","embeddable":true,"href":"https:\/\/xenonkungen.com\/es\/wp-json\/wp\/v2\/bilmarken?post=3698"},{"taxonomy":"product_brand","embeddable":true,"href":"https:\/\/xenonkungen.com\/es\/wp-json\/wp\/v2\/product_brand?post=3698"},{"taxonomy":"product_cat","embeddable":true,"href":"https:\/\/xenonkungen.com\/es\/wp-json\/wp\/v2\/product_cat?post=3698"},{"taxonomy":"product_tag","embeddable":true,"href":"https:\/\/xenonkungen.com\/es\/wp-json\/wp\/v2\/product_tag?post=3698"}],"curies":[{"name":"wp","href":"https:\/\/api.w.org\/{rel}","templated":true}]}}