{"id":3706,"date":"2025-04-15T09:01:47","date_gmt":"2025-04-15T09:01:47","guid":{"rendered":"https:\/\/xenonkungen.com\/product\/d2h-xenonlampa-50-70w-speedstart-extraljus\/"},"modified":"2026-04-01T07:58:16","modified_gmt":"2026-04-01T06:58:16","slug":"lampara-de-xenon-d2h-50-70w-luz-auxiliar-de-arranque-rapido","status":"publish","type":"product","link":"https:\/\/xenonkungen.com\/es\/producto\/lampara-de-xenon-d2h-50-70w-luz-auxiliar-de-arranque-rapido\/","title":{"rendered":"D2H L\u00e1mpara de xen\u00f3n 50-70W Speedstart | Luz extra"},"content":{"rendered":"<p>L\u00e1mpara de repuesto Alimentaci\u00f3n para <strong>50-60W<\/strong> (lo que el mercado designa normalmente 55W\/70W) faros auxiliares o de trabajo convertidos a xen\u00f3n con casquillo D2S.<\/p>\n<p>Se adapta perfectamente a la NBB 225 extra ligera.<\/p>\n<p>Temperatura de color opcional (Kelvin):<br \/>\n<strong>4300K<\/strong> Blanco<br \/>\n<strong>5000K<\/strong> Blanco brillante<br \/>\n<strong>6000K<\/strong> Diamante blanco<\/p>\n<p>Recomendamos 4300K.<br \/>\nEl flujo luminoso depende del balasto\/potencia conectado.<\/p>\n<p>Nota. El balasto debe tener una potencia m\u00e1xima especificada de \"70W\". No 75-100W.<\/p>","protected":false},"excerpt":{"rendered":"<p>Reservlampa Power f\u00f6r 50-60W (vad marknaden normalt betecknar 55W\/70W) xenonkonverterade extraljus eller arbetslampor med lampsockel D2S. Passar perfekt extraljus NBB 225. Valfri f\u00e4rgtemperatur (Kelvin): 4300K White 5000K Bright White 6000K Diamond White Vi rekommenderar 4300K. Ljusfl\u00f6det beror p\u00e5 ansluten ballast\/effekt. Obs! Ballast m\u00e5ste vara av angiven effekt max &#8221;70W&#8221;. Ej 75-100W.<\/p>","protected":false},"featured_media":3707,"comment_status":"closed","ping_status":"closed","template":"","meta":{"_acf_changed":false,"_smort_price_nok":"208","_smort_price_dkk":"132","_smort_price_eur":"17.73","_smort_sale_price_nok":"","_smort_sale_price_dkk":"","_smort_sale_price_eur":"","smort_restorder":"","shipmondo_restorder":"","_kad_blocks_custom_css":"","_kad_blocks_head_custom_js":"","_kad_blocks_body_custom_js":"","_kad_blocks_footer_custom_js":"","smort_custom_pricelist_1":"124.8","smort_custom_pricelist_2":"109.2","smort_custom_pricelist_3":"103.74","smort_custom_pricelist_4":"156","smort_custom_pricelist_5":"109.2"},"anvandningsomrade":[],"bilmarken":[],"product_brand":[],"product_cat":[2485,2504],"product_tag":[],"class_list":{"0":"post-3706","1":"product","2":"type-product","3":"status-publish","4":"has-post-thumbnail","6":"product_cat-xenonkonventering","7":"product_cat-xenonlampor","8":"pa_faktisk-effekts-forbrukning-401","9":"pa_fargtemperatur-5000k","10":"pa_fargtemperatur-6000k","11":"pa_fargtemperatur-4300k","12":"pa_lampsockel-kontakt-d2h","13":"pa_led-chips-effekt-w-694","14":"pa_volt-v-12-24","16":"first","17":"instock","18":"taxable","19":"shipping-taxable","20":"purchasable","21":"product-type-variable"},"bundled_by":[],"bundle_stock_status":"instock","bundle_stock_quantity":161,"bundle_virtual":false,"bundle_layout":"","bundle_add_to_cart_form_location":"","bundle_editable_in_cart":false,"bundle_sold_individually_context":"","bundle_item_grouping":"","bundle_min_size":"","bundle_max_size":"","bundle_price":[],"bundled_items":[],"bundle_sell_ids":[],"acf":[],"yoast_head":"<!-- This site is optimized with the Yoast SEO plugin v27.0 - https:\/\/yoast.com\/product\/yoast-seo-wordpress\/ -->\n<title>D2H Xenonlampa 50-70W Speedstart | Extraljus - Xenonkungen<\/title>\n<meta name=\"robots\" content=\"index, follow, max-snippet:-1, max-image-preview:large, max-video-preview:-1\" \/>\n<link rel=\"canonical\" href=\"https:\/\/xenonkungen.com\/es\/producto\/lampara-de-xenon-d2h-50-70w-luz-auxiliar-de-arranque-rapido\/\" \/>\n<meta property=\"og:locale\" content=\"es_ES\" \/>\n<meta property=\"og:type\" content=\"article\" \/>\n<meta property=\"og:title\" content=\"D2H Xenonlampa 50-70W Speedstart | Extraljus - Xenonkungen\" \/>\n<meta property=\"og:description\" content=\"Reservlampa Power f\u00f6r 50-60W (vad marknaden normalt betecknar 55W\/70W) xenonkonverterade extraljus eller arbetslampor med lampsockel D2S. Passar perfekt extraljus NBB 225. Valfri f\u00e4rgtemperatur (Kelvin): 4300K White 5000K Bright White 6000K Diamond White Vi rekommenderar 4300K. Ljusfl\u00f6det beror p\u00e5 ansluten ballast\/effekt. Obs! Ballast m\u00e5ste vara av angiven effekt max &#8221;70W&#8221;. Ej 75-100W.\" \/>\n<meta property=\"og:url\" content=\"https:\/\/xenonkungen.com\/es\/producto\/lampara-de-xenon-d2h-50-70w-luz-auxiliar-de-arranque-rapido\/\" \/>\n<meta property=\"og:site_name\" content=\"Xenonkungen\" \/>\n<meta property=\"article:modified_time\" content=\"2026-04-01T06:58:16+00:00\" \/>\n<meta property=\"og:image\" content=\"https:\/\/xenonkungen.com\/wp-content\/uploads\/2025\/04\/14632409-origpic-2357fe.png\" \/>\n\t<meta property=\"og:image:width\" content=\"1000\" \/>\n\t<meta property=\"og:image:height\" content=\"1000\" \/>\n\t<meta property=\"og:image:type\" content=\"image\/png\" \/>\n<meta name=\"twitter:card\" content=\"summary_large_image\" \/>\n<meta name=\"twitter:label1\" content=\"Tiempo de lectura\" \/>\n\t<meta name=\"twitter:data1\" content=\"1 minuto\" \/>\n<script type=\"application\/ld+json\" class=\"yoast-schema-graph\">{\"@context\":\"https:\/\/schema.org\",\"@graph\":[{\"@type\":\"WebPage\",\"@id\":\"https:\/\/xenonkungen.com\/en\/product\/d2h-xenon-lamp-50-70w-speedstart-auxiliary-light\/\",\"url\":\"https:\/\/xenonkungen.com\/en\/product\/d2h-xenon-lamp-50-70w-speedstart-auxiliary-light\/\",\"name\":\"D2H Xenonlampa 50-70W Speedstart | Extraljus - Xenonkungen\",\"isPartOf\":{\"@id\":\"https:\/\/xenonkungen.com\/#website\"},\"primaryImageOfPage\":{\"@id\":\"https:\/\/xenonkungen.com\/en\/product\/d2h-xenon-lamp-50-70w-speedstart-auxiliary-light\/#primaryimage\"},\"image\":{\"@id\":\"https:\/\/xenonkungen.com\/en\/product\/d2h-xenon-lamp-50-70w-speedstart-auxiliary-light\/#primaryimage\"},\"thumbnailUrl\":\"https:\/\/xenonkungen.com\/wp-content\/uploads\/2025\/04\/14632409-origpic-2357fe.png\",\"datePublished\":\"2025-04-15T09:01:47+00:00\",\"dateModified\":\"2026-04-01T06:58:16+00:00\",\"breadcrumb\":{\"@id\":\"https:\/\/xenonkungen.com\/en\/product\/d2h-xenon-lamp-50-70w-speedstart-auxiliary-light\/#breadcrumb\"},\"inLanguage\":\"es\",\"potentialAction\":[{\"@type\":\"ReadAction\",\"target\":[\"https:\/\/xenonkungen.com\/en\/product\/d2h-xenon-lamp-50-70w-speedstart-auxiliary-light\/\"]}]},{\"@type\":\"ImageObject\",\"inLanguage\":\"es\",\"@id\":\"https:\/\/xenonkungen.com\/en\/product\/d2h-xenon-lamp-50-70w-speedstart-auxiliary-light\/#primaryimage\",\"url\":\"https:\/\/xenonkungen.com\/wp-content\/uploads\/2025\/04\/14632409-origpic-2357fe.png\",\"contentUrl\":\"https:\/\/xenonkungen.com\/wp-content\/uploads\/2025\/04\/14632409-origpic-2357fe.png\",\"width\":1000,\"height\":1000},{\"@type\":\"BreadcrumbList\",\"@id\":\"https:\/\/xenonkungen.com\/en\/product\/d2h-xenon-lamp-50-70w-speedstart-auxiliary-light\/#breadcrumb\",\"itemListElement\":[{\"@type\":\"ListItem\",\"position\":1,\"name\":\"Hem\",\"item\":\"https:\/\/xenonkungen.com\/\"},{\"@type\":\"ListItem\",\"position\":2,\"name\":\"Shop\",\"item\":\"https:\/\/xenonkungen.com\/shop\/\"},{\"@type\":\"ListItem\",\"position\":3,\"name\":\"D2H Xenonlampa 50-70W Speedstart | Extraljus\"}]},{\"@type\":\"WebSite\",\"@id\":\"https:\/\/xenonkungen.com\/#website\",\"url\":\"https:\/\/xenonkungen.com\/\",\"name\":\"Xenonkungen\",\"description\":\"\",\"potentialAction\":[{\"@type\":\"SearchAction\",\"target\":{\"@type\":\"EntryPoint\",\"urlTemplate\":\"https:\/\/xenonkungen.com\/?s={search_term_string}\"},\"query-input\":{\"@type\":\"PropertyValueSpecification\",\"valueRequired\":true,\"valueName\":\"search_term_string\"}}],\"inLanguage\":\"es\"}]}<\/script>\n<!-- \/ Yoast SEO plugin. -->","yoast_head_json":{"title":"L\u00e1mpara de xen\u00f3n D2H 50-70 W Speedstart | Luz auxiliar - Xenonkungen","robots":{"index":"index","follow":"follow","max-snippet":"max-snippet:-1","max-image-preview":"max-image-preview:large","max-video-preview":"max-video-preview:-1"},"canonical":"https:\/\/xenonkungen.com\/es\/producto\/lampara-de-xenon-d2h-50-70w-luz-auxiliar-de-arranque-rapido\/","og_locale":"es_ES","og_type":"article","og_title":"D2H Xenonlampa 50-70W Speedstart | Extraljus - Xenonkungen","og_description":"Reservlampa Power f\u00f6r 50-60W (vad marknaden normalt betecknar 55W\/70W) xenonkonverterade extraljus eller arbetslampor med lampsockel D2S. Passar perfekt extraljus NBB 225. Valfri f\u00e4rgtemperatur (Kelvin): 4300K White 5000K Bright White 6000K Diamond White Vi rekommenderar 4300K. Ljusfl\u00f6det beror p\u00e5 ansluten ballast\/effekt. Obs! Ballast m\u00e5ste vara av angiven effekt max &#8221;70W&#8221;. Ej 75-100W.","og_url":"https:\/\/xenonkungen.com\/es\/producto\/lampara-de-xenon-d2h-50-70w-luz-auxiliar-de-arranque-rapido\/","og_site_name":"Xenonkungen","article_modified_time":"2026-04-01T06:58:16+00:00","og_image":[{"width":1000,"height":1000,"url":"https:\/\/xenonkungen.com\/wp-content\/uploads\/2025\/04\/14632409-origpic-2357fe.png","type":"image\/png"}],"twitter_card":"summary_large_image","twitter_misc":{"Tiempo de lectura":"1 minuto"},"schema":{"@context":"https:\/\/schema.org","@graph":[{"@type":"WebPage","@id":"https:\/\/xenonkungen.com\/en\/product\/d2h-xenon-lamp-50-70w-speedstart-auxiliary-light\/","url":"https:\/\/xenonkungen.com\/en\/product\/d2h-xenon-lamp-50-70w-speedstart-auxiliary-light\/","name":"L\u00e1mpara de xen\u00f3n D2H 50-70 W Speedstart | Luz auxiliar - Xenonkungen","isPartOf":{"@id":"https:\/\/xenonkungen.com\/#website"},"primaryImageOfPage":{"@id":"https:\/\/xenonkungen.com\/en\/product\/d2h-xenon-lamp-50-70w-speedstart-auxiliary-light\/#primaryimage"},"image":{"@id":"https:\/\/xenonkungen.com\/en\/product\/d2h-xenon-lamp-50-70w-speedstart-auxiliary-light\/#primaryimage"},"thumbnailUrl":"https:\/\/xenonkungen.com\/wp-content\/uploads\/2025\/04\/14632409-origpic-2357fe.png","datePublished":"2025-04-15T09:01:47+00:00","dateModified":"2026-04-01T06:58:16+00:00","breadcrumb":{"@id":"https:\/\/xenonkungen.com\/en\/product\/d2h-xenon-lamp-50-70w-speedstart-auxiliary-light\/#breadcrumb"},"inLanguage":"es","potentialAction":[{"@type":"ReadAction","target":["https:\/\/xenonkungen.com\/en\/product\/d2h-xenon-lamp-50-70w-speedstart-auxiliary-light\/"]}]},{"@type":"ImageObject","inLanguage":"es","@id":"https:\/\/xenonkungen.com\/en\/product\/d2h-xenon-lamp-50-70w-speedstart-auxiliary-light\/#primaryimage","url":"https:\/\/xenonkungen.com\/wp-content\/uploads\/2025\/04\/14632409-origpic-2357fe.png","contentUrl":"https:\/\/xenonkungen.com\/wp-content\/uploads\/2025\/04\/14632409-origpic-2357fe.png","width":1000,"height":1000},{"@type":"BreadcrumbList","@id":"https:\/\/xenonkungen.com\/en\/product\/d2h-xenon-lamp-50-70w-speedstart-auxiliary-light\/#breadcrumb","itemListElement":[{"@type":"ListItem","position":1,"name":"Hem","item":"https:\/\/xenonkungen.com\/"},{"@type":"ListItem","position":2,"name":"Shop","item":"https:\/\/xenonkungen.com\/shop\/"},{"@type":"ListItem","position":3,"name":"D2H Xenonlampa 50-70W Speedstart | Extraljus"}]},{"@type":"WebSite","@id":"https:\/\/xenonkungen.com\/#website","url":"https:\/\/xenonkungen.com\/","name":"Xenonkungen","description":"","potentialAction":[{"@type":"SearchAction","target":{"@type":"EntryPoint","urlTemplate":"https:\/\/xenonkungen.com\/?s={search_term_string}"},"query-input":{"@type":"PropertyValueSpecification","valueRequired":true,"valueName":"search_term_string"}}],"inLanguage":"es"}]}},"taxonomy_info":{"product_cat":[{"value":2485,"label":"XENONKONVENTERING"},{"value":2504,"label":"Xenonlampor"}],"pa_faktisk-effekts-forbrukning":[{"value":401,"label":"60"}],"pa_fargtemperatur":[{"value":154,"label":"5000K"},{"value":188,"label":"6000K"},{"value":755,"label":"4300K"}],"pa_lampsockel-kontakt":[{"value":1216,"label":"D2H"}],"pa_led-chips-effekt-w":[{"value":694,"label":"60"}],"pa_volt-v":[{"value":348,"label":"12, 24"}]},"featured_image_src_large":["https:\/\/xenonkungen.com\/wp-content\/uploads\/2025\/04\/14632409-origpic-2357fe.png",1000,1000,false],"author_info":[],"comment_info":8,"_links":{"self":[{"href":"https:\/\/xenonkungen.com\/es\/wp-json\/wp\/v2\/product\/3706","targetHints":{"allow":["GET"]}}],"collection":[{"href":"https:\/\/xenonkungen.com\/es\/wp-json\/wp\/v2\/product"}],"about":[{"href":"https:\/\/xenonkungen.com\/es\/wp-json\/wp\/v2\/types\/product"}],"replies":[{"embeddable":true,"href":"https:\/\/xenonkungen.com\/es\/wp-json\/wp\/v2\/comments?post=3706"}],"wp:featuredmedia":[{"embeddable":true,"href":"https:\/\/xenonkungen.com\/es\/wp-json\/wp\/v2\/media\/3707"}],"wp:attachment":[{"href":"https:\/\/xenonkungen.com\/es\/wp-json\/wp\/v2\/media?parent=3706"}],"wp:term":[{"taxonomy":"anvandningsomrade","embeddable":true,"href":"https:\/\/xenonkungen.com\/es\/wp-json\/wp\/v2\/anvandningsomrade?post=3706"},{"taxonomy":"bilmarken","embeddable":true,"href":"https:\/\/xenonkungen.com\/es\/wp-json\/wp\/v2\/bilmarken?post=3706"},{"taxonomy":"product_brand","embeddable":true,"href":"https:\/\/xenonkungen.com\/es\/wp-json\/wp\/v2\/product_brand?post=3706"},{"taxonomy":"product_cat","embeddable":true,"href":"https:\/\/xenonkungen.com\/es\/wp-json\/wp\/v2\/product_cat?post=3706"},{"taxonomy":"product_tag","embeddable":true,"href":"https:\/\/xenonkungen.com\/es\/wp-json\/wp\/v2\/product_tag?post=3706"}],"curies":[{"name":"wp","href":"https:\/\/api.w.org\/{rel}","templated":true}]}}