{"id":3711,"date":"2025-04-15T09:01:47","date_gmt":"2025-04-15T09:01:47","guid":{"rendered":"https:\/\/xenonkungen.com\/product\/50w-canbus-xenonkit-for-helljus-12v\/"},"modified":"2026-04-01T08:07:36","modified_gmt":"2026-04-01T07:07:36","slug":"kit-de-xenon-canbus-de-50-w-para-luces-altas-de-12-v","status":"publish","type":"product","link":"https:\/\/xenonkungen.com\/es\/producto\/kit-de-xenon-canbus-de-50-w-para-luces-altas-de-12-v\/","title":{"rendered":"Kit Xenon Canbus 50W para luz de carretera | 12V"},"content":{"rendered":"<h1>Kit de xen\u00f3n premium de 50 W<\/h1>\n<p>Exclusivamente en Xenonkungen.<br \/>\nEl balasto incluido HNS-C5 tiene una potencia de 50 W que proporciona aproximadamente 50% m\u00e1s luz que las luces de xen\u00f3n est\u00e1ndar de 35 W.<\/p>\n<p>Una caracter\u00edstica \u00fanica del HNS-C5 es que puede funcionar con todas las l\u00e1mparas de xen\u00f3n, incluidas las sin plomo (D1\/D2\/D3\/D4). Sin embargo, se requieren cables especiales para ello, y la informaci\u00f3n que se proporciona en este contexto demuestra la avanzada tecnolog\u00eda del HNS-C5.<\/p>\n<p>Introducido en la primavera de 2017. El HNS-C5 reemplaza al excelente pero descontinuado balasto HNS-C50 del fabricante, que ha demostrado su confiabilidad operativa durante varios a\u00f1os.<\/p>\n<p>Lastre: HNS-C5 (2017)<br \/>\nPotencia: 50 W (~50 W), 42 V\/85 V CA<br \/>\nVoltaje: 10-16 V CC<br \/>\nEntorno operativo: -40 a +85<\/p>\n<p><strong>L\u00e1mpara de xen\u00f3n con casquillo<\/strong><br \/>\nH1<br \/>\nH3<br \/>\nH7 (lente de proyector o luz alta)<br \/>\nH7R (luz baja con reflector)<br \/>\nH9 (H8\/H11)<br \/>\n9005 (HB3)<br \/>\n9006 (HB4)<\/p>\n<p><strong>Temperatura de color (Kelvin) y Lumen (lm)<\/strong><br \/>\n4300K = 5000\u00b1100 lm, Blanco est\u00e1ndar<br \/>\n5000K = 4700\u00b1100 lm, blanco brillante<br \/>\n6000K = 4100\u00b1100 lm, blanco diamante<br \/>\nValores reales seg\u00fan el espectroan\u00e1lisis.<br \/>\n- Recomendamos 4300K.<\/p>\n<p><strong>Informes de clientes sobre el funcionamiento:<\/strong><br \/>\nSaab 9-3 2007 funciona perfectamente<\/p>\n<p><strong>Excepciones conocidas:<\/strong><br \/>\nVolvo XC70, V60, XC60 a\u00f1os modelo 2016-2017.<br \/>\nFunciona pero la advertencia de la l\u00e1mpara se produce despu\u00e9s de alg\u00fan tiempo.<\/p>\n<p>BMW i3 2017 necesita resistencia externa, ver art. n.\u00ba: 103144-H8<\/p>\n<p>Kit completo para convertir 2 luces de cruce, luces de carretera o faros antiniebla. Consulte tambi\u00e9n nuestros kits de xen\u00f3n alternativos de 40 W, 50 W, 60 W y para luces auxiliares.<\/p>\n<p><strong>Contenido de la entrega<\/strong><br \/>\n2 balastos Canbus HNS-C5 de 12 V<br \/>\n2 l\u00e1mparas de xen\u00f3n de potencia<\/p>\n<p><strong>Estado de las existencias<\/strong><br \/>\nEste kit consta de dos art\u00edculos separados. Puede comprobar el estado de las existencias de la l\u00e1mpara\/color y el balasto espec\u00edficos en la categor\u00eda\/art\u00edculo correspondiente.<\/p>\n<p><em>Es posible que su coche necesite accesorios especiales (v\u00e9ase Portal\u00e1mparas).<\/em><\/p>\n<p>Garant\u00eda 3 a\u00f1os Balasto | 1 a\u00f1o L\u00e1mpara<\/p>\n<p><strong>NOTA: En algunos modelos Saab de a\u00f1os posteriores, hemos recibido informes de que el sofisticado\/sensible sistema el\u00e9ctrico del autom\u00f3vil ha resultado da\u00f1ado durante el ensamblaje.<br \/>\nPor lo tanto, desaconsejamos la conversi\u00f3n a xen\u00f3n en estos veh\u00edculos y no reembolsaremos los gastos de reparaci\u00f3n si surgen problemas en su coche. Para m\u00e1s informaci\u00f3n, llame a nuestro servicio de atenci\u00f3n al cliente al 0300-30860.<\/strong><\/p>","protected":false},"excerpt":{"rendered":"<p>Luz de xen\u00f3n de 50 W para coches con monitorizaci\u00f3n de luz Canbus. Aumenta la intensidad de las luces altas hasta 400%.<\/p>","protected":false},"featured_media":25924,"comment_status":"closed","ping_status":"closed","template":"","meta":{"_acf_changed":false,"_smort_price_nok":"1170","_smort_price_dkk":"743","_smort_price_eur":"99.54","_smort_sale_price_nok":"","_smort_sale_price_dkk":"","_smort_sale_price_eur":"","smort_restorder":"","shipmondo_restorder":"","_kad_blocks_custom_css":"","_kad_blocks_head_custom_js":"","_kad_blocks_body_custom_js":"","_kad_blocks_footer_custom_js":"","smort_custom_pricelist_1":"700.8","smort_custom_pricelist_2":"613.2","smort_custom_pricelist_3":"582.54","smort_custom_pricelist_4":"876","smort_custom_pricelist_5":"613.2"},"anvandningsomrade":[],"bilmarken":[],"product_brand":[],"product_cat":[2485],"product_tag":[],"class_list":{"0":"post-3711","1":"product","2":"type-product","3":"status-publish","4":"has-post-thumbnail","6":"product_cat-xenonkonventering","7":"pa_faktisk-effekts-forbrukning-381","8":"pa_fargtemperatur-5000k","9":"pa_fargtemperatur-6000k","10":"pa_fargtemperatur-4300k","11":"pa_lampsockel-kontakt-h7","12":"pa_lampsockel-kontakt-h9","13":"pa_lampsockel-kontakt-9005-hb3","14":"pa_lampsockel-kontakt-9006-hb4","15":"pa_lampsockel-kontakt-h1","16":"pa_lampsockel-kontakt-h3","17":"pa_lampsockel-kontakt-h7r","18":"pa_led-chips-effekt-w-355","19":"pa_volt-v-159","21":"first","22":"onbackorder","23":"taxable","24":"shipping-taxable","25":"purchasable","26":"product-type-variable"},"bundled_by":[],"bundle_stock_status":"onbackorder","bundle_stock_quantity":-27,"bundle_virtual":false,"bundle_layout":"","bundle_add_to_cart_form_location":"","bundle_editable_in_cart":false,"bundle_sold_individually_context":"","bundle_item_grouping":"","bundle_min_size":"","bundle_max_size":"","bundle_price":[],"bundled_items":[],"bundle_sell_ids":[],"acf":[],"yoast_head":"<!-- This site is optimized with the Yoast SEO plugin v27.0 - https:\/\/yoast.com\/product\/yoast-seo-wordpress\/ -->\n<title>50W Canbus Xenonkit f\u00f6r helljus | 12V - Xenonkungen<\/title>\n<meta name=\"robots\" content=\"index, follow, max-snippet:-1, max-image-preview:large, max-video-preview:-1\" \/>\n<link rel=\"canonical\" href=\"https:\/\/xenonkungen.com\/es\/producto\/kit-de-xenon-canbus-de-50-w-para-luces-altas-de-12-v\/\" \/>\n<meta property=\"og:locale\" content=\"es_ES\" \/>\n<meta property=\"og:type\" content=\"article\" \/>\n<meta property=\"og:title\" content=\"50W Canbus Xenonkit f\u00f6r helljus | 12V - Xenonkungen\" \/>\n<meta property=\"og:description\" content=\"50W xenonljus f\u00f6r bilar med Canbus ljus\u00f6vervakning. Ger din bil upp till 400% starkare helljus.\" \/>\n<meta property=\"og:url\" content=\"https:\/\/xenonkungen.com\/es\/producto\/kit-de-xenon-canbus-de-50-w-para-luces-altas-de-12-v\/\" \/>\n<meta property=\"og:site_name\" content=\"Xenonkungen\" \/>\n<meta property=\"article:modified_time\" content=\"2026-04-01T07:07:36+00:00\" \/>\n<meta property=\"og:image\" content=\"https:\/\/xenonkungen.com\/wp-content\/uploads\/2025\/04\/Xenonkit-50W-Artnr125014-DSCF9865-ToHemsidan-no-text-1024x921.png\" \/>\n\t<meta property=\"og:image:width\" content=\"1024\" \/>\n\t<meta property=\"og:image:height\" content=\"921\" \/>\n\t<meta property=\"og:image:type\" content=\"image\/png\" \/>\n<meta name=\"twitter:card\" content=\"summary_large_image\" \/>\n<meta name=\"twitter:label1\" content=\"Tiempo de lectura\" \/>\n\t<meta name=\"twitter:data1\" content=\"2 minutos\" \/>\n<script type=\"application\/ld+json\" class=\"yoast-schema-graph\">{\"@context\":\"https:\/\/schema.org\",\"@graph\":[{\"@type\":\"WebPage\",\"@id\":\"https:\/\/xenonkungen.com\/produkt\/50w-canbus-xenonkit-for-helljus-12v\/\",\"url\":\"https:\/\/xenonkungen.com\/produkt\/50w-canbus-xenonkit-for-helljus-12v\/\",\"name\":\"50W Canbus Xenonkit f\u00f6r helljus | 12V - Xenonkungen\",\"isPartOf\":{\"@id\":\"https:\/\/xenonkungen.com\/#website\"},\"primaryImageOfPage\":{\"@id\":\"https:\/\/xenonkungen.com\/produkt\/50w-canbus-xenonkit-for-helljus-12v\/#primaryimage\"},\"image\":{\"@id\":\"https:\/\/xenonkungen.com\/produkt\/50w-canbus-xenonkit-for-helljus-12v\/#primaryimage\"},\"thumbnailUrl\":\"https:\/\/xenonkungen.com\/wp-content\/uploads\/2025\/04\/Xenonkit-50W-Artnr125014-DSCF9865-ToHemsidan-no-text-scaled.png\",\"datePublished\":\"2025-04-15T09:01:47+00:00\",\"dateModified\":\"2026-04-01T07:07:36+00:00\",\"breadcrumb\":{\"@id\":\"https:\/\/xenonkungen.com\/produkt\/50w-canbus-xenonkit-for-helljus-12v\/#breadcrumb\"},\"inLanguage\":\"es\",\"potentialAction\":[{\"@type\":\"ReadAction\",\"target\":[\"https:\/\/xenonkungen.com\/produkt\/50w-canbus-xenonkit-for-helljus-12v\/\"]}]},{\"@type\":\"ImageObject\",\"inLanguage\":\"es\",\"@id\":\"https:\/\/xenonkungen.com\/produkt\/50w-canbus-xenonkit-for-helljus-12v\/#primaryimage\",\"url\":\"https:\/\/xenonkungen.com\/wp-content\/uploads\/2025\/04\/Xenonkit-50W-Artnr125014-DSCF9865-ToHemsidan-no-text-scaled.png\",\"contentUrl\":\"https:\/\/xenonkungen.com\/wp-content\/uploads\/2025\/04\/Xenonkit-50W-Artnr125014-DSCF9865-ToHemsidan-no-text-scaled.png\",\"width\":2560,\"height\":2303},{\"@type\":\"BreadcrumbList\",\"@id\":\"https:\/\/xenonkungen.com\/produkt\/50w-canbus-xenonkit-for-helljus-12v\/#breadcrumb\",\"itemListElement\":[{\"@type\":\"ListItem\",\"position\":1,\"name\":\"Hem\",\"item\":\"https:\/\/xenonkungen.com\/\"},{\"@type\":\"ListItem\",\"position\":2,\"name\":\"Shop\",\"item\":\"https:\/\/xenonkungen.com\/shop\/\"},{\"@type\":\"ListItem\",\"position\":3,\"name\":\"50W Canbus Xenonkit f\u00f6r helljus | 12V\"}]},{\"@type\":\"WebSite\",\"@id\":\"https:\/\/xenonkungen.com\/#website\",\"url\":\"https:\/\/xenonkungen.com\/\",\"name\":\"Xenonkungen\",\"description\":\"\",\"potentialAction\":[{\"@type\":\"SearchAction\",\"target\":{\"@type\":\"EntryPoint\",\"urlTemplate\":\"https:\/\/xenonkungen.com\/?s={search_term_string}\"},\"query-input\":{\"@type\":\"PropertyValueSpecification\",\"valueRequired\":true,\"valueName\":\"search_term_string\"}}],\"inLanguage\":\"es\"}]}<\/script>\n<!-- \/ Yoast SEO plugin. -->","yoast_head_json":{"title":"Kit de luces de xen\u00f3n Canbus de 50 W para luces de carretera | 12 V - Xen\u00f3n","robots":{"index":"index","follow":"follow","max-snippet":"max-snippet:-1","max-image-preview":"max-image-preview:large","max-video-preview":"max-video-preview:-1"},"canonical":"https:\/\/xenonkungen.com\/es\/producto\/kit-de-xenon-canbus-de-50-w-para-luces-altas-de-12-v\/","og_locale":"es_ES","og_type":"article","og_title":"50W Canbus Xenonkit f\u00f6r helljus | 12V - Xenonkungen","og_description":"50W xenonljus f\u00f6r bilar med Canbus ljus\u00f6vervakning. Ger din bil upp till 400% starkare helljus.","og_url":"https:\/\/xenonkungen.com\/es\/producto\/kit-de-xenon-canbus-de-50-w-para-luces-altas-de-12-v\/","og_site_name":"Xenonkungen","article_modified_time":"2026-04-01T07:07:36+00:00","og_image":[{"width":1024,"height":921,"url":"https:\/\/xenonkungen.com\/wp-content\/uploads\/2025\/04\/Xenonkit-50W-Artnr125014-DSCF9865-ToHemsidan-no-text-1024x921.png","type":"image\/png"}],"twitter_card":"summary_large_image","twitter_misc":{"Tiempo de lectura":"2 minutos"},"schema":{"@context":"https:\/\/schema.org","@graph":[{"@type":"WebPage","@id":"https:\/\/xenonkungen.com\/produkt\/50w-canbus-xenonkit-for-helljus-12v\/","url":"https:\/\/xenonkungen.com\/produkt\/50w-canbus-xenonkit-for-helljus-12v\/","name":"Kit de luces de xen\u00f3n Canbus de 50 W para luces de carretera | 12 V - Xen\u00f3n","isPartOf":{"@id":"https:\/\/xenonkungen.com\/#website"},"primaryImageOfPage":{"@id":"https:\/\/xenonkungen.com\/produkt\/50w-canbus-xenonkit-for-helljus-12v\/#primaryimage"},"image":{"@id":"https:\/\/xenonkungen.com\/produkt\/50w-canbus-xenonkit-for-helljus-12v\/#primaryimage"},"thumbnailUrl":"https:\/\/xenonkungen.com\/wp-content\/uploads\/2025\/04\/Xenonkit-50W-Artnr125014-DSCF9865-ToHemsidan-no-text-scaled.png","datePublished":"2025-04-15T09:01:47+00:00","dateModified":"2026-04-01T07:07:36+00:00","breadcrumb":{"@id":"https:\/\/xenonkungen.com\/produkt\/50w-canbus-xenonkit-for-helljus-12v\/#breadcrumb"},"inLanguage":"es","potentialAction":[{"@type":"ReadAction","target":["https:\/\/xenonkungen.com\/produkt\/50w-canbus-xenonkit-for-helljus-12v\/"]}]},{"@type":"ImageObject","inLanguage":"es","@id":"https:\/\/xenonkungen.com\/produkt\/50w-canbus-xenonkit-for-helljus-12v\/#primaryimage","url":"https:\/\/xenonkungen.com\/wp-content\/uploads\/2025\/04\/Xenonkit-50W-Artnr125014-DSCF9865-ToHemsidan-no-text-scaled.png","contentUrl":"https:\/\/xenonkungen.com\/wp-content\/uploads\/2025\/04\/Xenonkit-50W-Artnr125014-DSCF9865-ToHemsidan-no-text-scaled.png","width":2560,"height":2303},{"@type":"BreadcrumbList","@id":"https:\/\/xenonkungen.com\/produkt\/50w-canbus-xenonkit-for-helljus-12v\/#breadcrumb","itemListElement":[{"@type":"ListItem","position":1,"name":"Hem","item":"https:\/\/xenonkungen.com\/"},{"@type":"ListItem","position":2,"name":"Shop","item":"https:\/\/xenonkungen.com\/shop\/"},{"@type":"ListItem","position":3,"name":"50W Canbus Xenonkit f\u00f6r helljus | 12V"}]},{"@type":"WebSite","@id":"https:\/\/xenonkungen.com\/#website","url":"https:\/\/xenonkungen.com\/","name":"Xenonkungen","description":"","potentialAction":[{"@type":"SearchAction","target":{"@type":"EntryPoint","urlTemplate":"https:\/\/xenonkungen.com\/?s={search_term_string}"},"query-input":{"@type":"PropertyValueSpecification","valueRequired":true,"valueName":"search_term_string"}}],"inLanguage":"es"}]}},"taxonomy_info":{"product_cat":[{"value":2485,"label":"XENONKONVENTERING"}],"pa_faktisk-effekts-forbrukning":[{"value":381,"label":"50"}],"pa_fargtemperatur":[{"value":154,"label":"5000K"},{"value":188,"label":"6000K"},{"value":755,"label":"4300K"}],"pa_lampsockel-kontakt":[{"value":206,"label":"H7"},{"value":163,"label":"H9"},{"value":741,"label":"9005, HB3"},{"value":326,"label":"9006 , HB4"},{"value":336,"label":"H1"},{"value":339,"label":"H3"},{"value":2719,"label":"H7R"}],"pa_led-chips-effekt-w":[{"value":355,"label":"50"}],"pa_volt-v":[{"value":159,"label":"12"}]},"featured_image_src_large":["https:\/\/xenonkungen.com\/wp-content\/uploads\/2025\/04\/Xenonkit-50W-Artnr125014-DSCF9865-ToHemsidan-no-text-1024x921.png",1024,921,true],"author_info":[],"comment_info":2,"_links":{"self":[{"href":"https:\/\/xenonkungen.com\/es\/wp-json\/wp\/v2\/product\/3711","targetHints":{"allow":["GET"]}}],"collection":[{"href":"https:\/\/xenonkungen.com\/es\/wp-json\/wp\/v2\/product"}],"about":[{"href":"https:\/\/xenonkungen.com\/es\/wp-json\/wp\/v2\/types\/product"}],"replies":[{"embeddable":true,"href":"https:\/\/xenonkungen.com\/es\/wp-json\/wp\/v2\/comments?post=3711"}],"wp:featuredmedia":[{"embeddable":true,"href":"https:\/\/xenonkungen.com\/es\/wp-json\/wp\/v2\/media\/25924"}],"wp:attachment":[{"href":"https:\/\/xenonkungen.com\/es\/wp-json\/wp\/v2\/media?parent=3711"}],"wp:term":[{"taxonomy":"anvandningsomrade","embeddable":true,"href":"https:\/\/xenonkungen.com\/es\/wp-json\/wp\/v2\/anvandningsomrade?post=3711"},{"taxonomy":"bilmarken","embeddable":true,"href":"https:\/\/xenonkungen.com\/es\/wp-json\/wp\/v2\/bilmarken?post=3711"},{"taxonomy":"product_brand","embeddable":true,"href":"https:\/\/xenonkungen.com\/es\/wp-json\/wp\/v2\/product_brand?post=3711"},{"taxonomy":"product_cat","embeddable":true,"href":"https:\/\/xenonkungen.com\/es\/wp-json\/wp\/v2\/product_cat?post=3711"},{"taxonomy":"product_tag","embeddable":true,"href":"https:\/\/xenonkungen.com\/es\/wp-json\/wp\/v2\/product_tag?post=3711"}],"curies":[{"name":"wp","href":"https:\/\/api.w.org\/{rel}","templated":true}]}}