{"id":3790,"date":"2025-04-15T09:02:31","date_gmt":"2025-04-15T09:02:31","guid":{"rendered":"https:\/\/xenonkungen.com\/product\/nightshift-blixtljusramp-ps30-led-356mm-r65\/"},"modified":"2026-05-04T10:50:57","modified_gmt":"2026-05-04T09:50:57","slug":"barra-de-luz-led-luxtar-ps30-de-356-mm-r65","status":"publish","type":"product","link":"https:\/\/xenonkungen.com\/es\/producto\/barra-de-luz-led-luxtar-ps30-de-356-mm-r65\/","title":{"rendered":"Barra de luz LED Luxtar\u00ae PS30 de 356 mm | R65"},"content":{"rendered":"<div class=\"container\">\n<h1>Barra de luz con linterna Luxtar PS30<\/h1>\n<p>La avanzada barra de luz estrobosc\u00f3pica Luxtar PS30 es una barra de luz de alto rendimiento y perfil bajo, homologada seg\u00fan las normas ECE R65 Clase 1, ECE R10 (EMC) para minimizar las interferencias radioel\u00e9ctricas e IP67 para resistencia al polvo y al agua. Esta barra de luz est\u00e1 dise\u00f1ada para ofrecer una visibilidad y fiabilidad excepcionales en cualquier condici\u00f3n.<\/p>\n<div class=\"features\">\n<h2>Caracter\u00edsticas principales:<\/h2>\n<ul>\n<li>Equipado con <strong>36 potentes m\u00f3dulos LED de 1 W<\/strong> para una visibilidad \u00f3ptima.<\/li>\n<li>Recibe <strong>10 patrones de destello diferentes<\/strong>, adaptable a diferentes entornos y situaciones de trabajo.<\/li>\n<li>Dimensiones: <strong>356 mm de ancho, 210 mm de profundidad y 79 mm de alto<\/strong> con soporte montado.<\/li>\n<li><strong>Longitud del cable de 500 mm<\/strong>, dividido en tres cables separados para diversas funciones.<\/li>\n<li>Fabricado en <strong>pl\u00e1stico y policarbonato<\/strong> Para una construcci\u00f3n ligera, delgada y duradera.<\/li>\n<li>Peso total de solo <strong>aprox. 2 kg (incluidos los soportes)<\/strong>, lo que facilita su manejo e instalaci\u00f3n.<\/li>\n<\/ul>\n<\/div>\n<p>La barra de luz con flash Luxtar PS30 representa una soluci\u00f3n innovadora para usuarios profesionales que necesitan una iluminaci\u00f3n potente y fiable, combinada con un dise\u00f1o ligero y discreto.<\/p>\n<\/div>\n<h2><strong>Especificaciones:<\/strong><\/h2>\n<p><strong>Marca:<\/strong> Luxtar<br \/>\n<strong>Modelo: <\/strong>PS30<br \/>\n<strong>Tipo:<\/strong> Rampa linterna<br \/>\n<strong>Patrones de rayos:<\/strong> 10 unidades<br \/>\n<strong>N\u00famero de diodos:<\/strong> 36 piezas<br \/>\n<strong>Fuente de luz:<\/strong> LED<br \/>\n<strong>Color de la luz\/temperatura del color:<\/strong> \u00c1mbar\/Amarillo<br \/>\n<strong>Multivoltio:<\/strong> 10-30v<br \/>\n<strong>Potencia (vatios):<\/strong> 36 semanas<br \/>\n<strong>Consumo de corriente (amperios):<\/strong> 3,0\/12 V, 1,5\/24 V<br \/>\n<strong>Protecci\u00f3n contra la humedad:<\/strong> IP67<br \/>\n<strong>Entorno de trabajo:<\/strong> -40\u00b0C a +65\u00b0C<br \/>\n<strong>Autorizado en virtud de:<\/strong> ECE EMC (R10), marcado E, ECE R65 clase 1<br \/>\n<strong>Tama\u00f1o, mm:<\/strong> 356 (ancho) x 210 (profundidad) x 79 (alto) (soporte incluido)<br \/>\n<strong>Peso:<\/strong> 2 kilos<\/p>\n<p><strong>Es bueno saberlo:<\/strong><br \/>\nManual incluido.<br \/>\nLa barra de luz del flash tiene tres cables de salida: rojo (+bater\u00eda), negro (-tierra) y amarillo (patr\u00f3n de flash).<br \/>\nS\u00f3lo 2 patrones de rayos est\u00e1n homologados por la ECE R65.<br \/>\nLa longitud del cable es de 500 mm.<\/p>\n<p><strong>Contenido de la entrega:<\/strong><br \/>\nBarra de luz estrobosc\u00f3pica Luxtar PS30 y soporte de techo.<\/p>\n<p><strong>Garant\u00eda:<\/strong> 2 a\u00f1os<\/p>\n<p><iframe loading=\"lazy\" src=\"https:\/\/www.youtube.com\/embed\/CCHbvYFqwBI\" width=\"560\" height=\"315\" frameborder=\"0\" allowfullscreen=\"allowfullscreen\"><\/iframe><\/p>","protected":false},"excerpt":{"rendered":"<p><b>Multivoltios 12-24V<\/b><\/p>\n<p><b>Etiquetado E, ECE R65 clase 1, EMC (R10)<\/b><\/p>\n<p><b>IP67<\/b><\/p>\n<p><b>\u00c1mbito de aplicaci\u00f3n<\/b><br \/>\nAdecuado para camiones, veh\u00edculos de servicio, furgonetas de reparto, tractores, artesanos y todos los dem\u00e1s lugares donde necesite asegurar la zona alrededor de su veh\u00edculo.<\/p>\n<p><b>Garant\u00eda: 2 a\u00f1os<\/b><\/p>","protected":false},"featured_media":3791,"comment_status":"closed","ping_status":"closed","template":"","meta":{"_acf_changed":false,"_smort_price_nok":"1810","_smort_price_dkk":"1150","_smort_price_eur":"154.08","_smort_sale_price_nok":"","_smort_sale_price_dkk":"","_smort_sale_price_eur":"","smort_restorder":"","shipmondo_restorder":"","_kad_blocks_custom_css":"","_kad_blocks_head_custom_js":"","_kad_blocks_body_custom_js":"","_kad_blocks_footer_custom_js":"","smort_custom_pricelist_1":"1084.8","smort_custom_pricelist_2":"949.2","smort_custom_pricelist_3":"901.74","smort_custom_pricelist_4":"1356","smort_custom_pricelist_5":"949.2"},"anvandningsomrade":[],"bilmarken":[],"product_brand":[103],"product_cat":[2580,1061],"product_tag":[],"class_list":{"0":"post-3790","1":"product","2":"type-product","3":"status-publish","4":"has-post-thumbnail","6":"product_brand-luxtar","7":"product_cat-blixtljusramp-varningsljus","8":"product_cat-varningsljus","9":"pa_faktisk-effekts-forbrukning-1242","10":"pa_storlek-mm-1241","11":"pa_stromforbrukning-15a24v","12":"pa_stromforbrukning-3a12v","13":"pa_volt-v-12-24","15":"first","16":"instock","17":"taxable","18":"shipping-taxable","19":"purchasable","20":"product-type-simple"},"bundled_by":[],"bundle_stock_status":"instock","bundle_stock_quantity":21,"bundle_virtual":false,"bundle_layout":"","bundle_add_to_cart_form_location":"","bundle_editable_in_cart":false,"bundle_sold_individually_context":"","bundle_item_grouping":"","bundle_min_size":"","bundle_max_size":"","bundle_price":[],"bundled_items":[],"bundle_sell_ids":[],"acf":[],"yoast_head":"<!-- This site is optimized with the Yoast SEO plugin v27.0 - https:\/\/yoast.com\/product\/yoast-seo-wordpress\/ -->\n<title>Luxtar\u00ae Blixtljusramp PS30 LED 356mm | R65 - Xenonkungen<\/title>\n<meta name=\"robots\" content=\"index, follow, max-snippet:-1, max-image-preview:large, max-video-preview:-1\" \/>\n<link rel=\"canonical\" href=\"https:\/\/xenonkungen.com\/es\/producto\/barra-de-luz-led-luxtar-ps30-de-356-mm-r65\/\" \/>\n<meta property=\"og:locale\" content=\"es_ES\" \/>\n<meta property=\"og:type\" content=\"article\" \/>\n<meta property=\"og:title\" content=\"Luxtar\u00ae Blixtljusramp PS30 LED 356mm | R65 - Xenonkungen\" \/>\n<meta property=\"og:description\" content=\"Multivolt 12-24V  E-m\u00e4rkt, ECE R65 klass 1, EMC (R10)  IP67  Anv\u00e4ndningsomr\u00e5de Passar bra f\u00f6r Lastbil, servicebil, budbil, traktorer hantverkare och alla andra t\u00e4nkbara st\u00e4llen d\u00e4r man beh\u00f6ver s\u00e4kra sin yta runt sitt fordon  Garanti: 2\u00e5r\" \/>\n<meta property=\"og:url\" content=\"https:\/\/xenonkungen.com\/es\/producto\/barra-de-luz-led-luxtar-ps30-de-356-mm-r65\/\" \/>\n<meta property=\"og:site_name\" content=\"Xenonkungen\" \/>\n<meta property=\"article:modified_time\" content=\"2026-05-04T09:50:57+00:00\" \/>\n<meta property=\"og:image\" content=\"https:\/\/xenonkungen.com\/wp-content\/uploads\/2025\/04\/167768989-origpic-3da115.png\" \/>\n\t<meta property=\"og:image:width\" content=\"1000\" \/>\n\t<meta property=\"og:image:height\" content=\"1000\" \/>\n\t<meta property=\"og:image:type\" content=\"image\/png\" \/>\n<meta name=\"twitter:card\" content=\"summary_large_image\" \/>\n<meta name=\"twitter:label1\" content=\"Tiempo de lectura\" \/>\n\t<meta name=\"twitter:data1\" content=\"2 minutos\" \/>\n<script type=\"application\/ld+json\" class=\"yoast-schema-graph\">{\"@context\":\"https:\/\/schema.org\",\"@graph\":[{\"@type\":\"WebPage\",\"@id\":\"https:\/\/xenonkungen.com\/produkt\/luxtar-blixtljusramp-ps30-led-356mm-r65\/\",\"url\":\"https:\/\/xenonkungen.com\/produkt\/luxtar-blixtljusramp-ps30-led-356mm-r65\/\",\"name\":\"Luxtar\u00ae Blixtljusramp PS30 LED 356mm | R65 - Xenonkungen\",\"isPartOf\":{\"@id\":\"https:\/\/xenonkungen.com\/#website\"},\"primaryImageOfPage\":{\"@id\":\"https:\/\/xenonkungen.com\/produkt\/luxtar-blixtljusramp-ps30-led-356mm-r65\/#primaryimage\"},\"image\":{\"@id\":\"https:\/\/xenonkungen.com\/produkt\/luxtar-blixtljusramp-ps30-led-356mm-r65\/#primaryimage\"},\"thumbnailUrl\":\"https:\/\/xenonkungen.com\/wp-content\/uploads\/2025\/04\/167768989-origpic-3da115.png\",\"datePublished\":\"2025-04-15T09:02:31+00:00\",\"dateModified\":\"2026-05-04T09:50:57+00:00\",\"breadcrumb\":{\"@id\":\"https:\/\/xenonkungen.com\/produkt\/luxtar-blixtljusramp-ps30-led-356mm-r65\/#breadcrumb\"},\"inLanguage\":\"es\",\"potentialAction\":[{\"@type\":\"ReadAction\",\"target\":[\"https:\/\/xenonkungen.com\/produkt\/luxtar-blixtljusramp-ps30-led-356mm-r65\/\"]}]},{\"@type\":\"ImageObject\",\"inLanguage\":\"es\",\"@id\":\"https:\/\/xenonkungen.com\/produkt\/luxtar-blixtljusramp-ps30-led-356mm-r65\/#primaryimage\",\"url\":\"https:\/\/xenonkungen.com\/wp-content\/uploads\/2025\/04\/167768989-origpic-3da115.png\",\"contentUrl\":\"https:\/\/xenonkungen.com\/wp-content\/uploads\/2025\/04\/167768989-origpic-3da115.png\",\"width\":1000,\"height\":1000},{\"@type\":\"BreadcrumbList\",\"@id\":\"https:\/\/xenonkungen.com\/produkt\/luxtar-blixtljusramp-ps30-led-356mm-r65\/#breadcrumb\",\"itemListElement\":[{\"@type\":\"ListItem\",\"position\":1,\"name\":\"Hem\",\"item\":\"https:\/\/xenonkungen.com\/\"},{\"@type\":\"ListItem\",\"position\":2,\"name\":\"Shop\",\"item\":\"https:\/\/xenonkungen.com\/shop\/\"},{\"@type\":\"ListItem\",\"position\":3,\"name\":\"Luxtar\u00ae Blixtljusramp PS30 LED 356mm | R65\"}]},{\"@type\":\"WebSite\",\"@id\":\"https:\/\/xenonkungen.com\/#website\",\"url\":\"https:\/\/xenonkungen.com\/\",\"name\":\"Xenonkungen\",\"description\":\"\",\"potentialAction\":[{\"@type\":\"SearchAction\",\"target\":{\"@type\":\"EntryPoint\",\"urlTemplate\":\"https:\/\/xenonkungen.com\/?s={search_term_string}\"},\"query-input\":{\"@type\":\"PropertyValueSpecification\",\"valueRequired\":true,\"valueName\":\"search_term_string\"}}],\"inLanguage\":\"es\"}]}<\/script>\n<!-- \/ Yoast SEO plugin. -->","yoast_head_json":{"title":"Barra de luz LED Luxtar\u00ae PS30 de 356 mm | R65 - Xenonkungen","robots":{"index":"index","follow":"follow","max-snippet":"max-snippet:-1","max-image-preview":"max-image-preview:large","max-video-preview":"max-video-preview:-1"},"canonical":"https:\/\/xenonkungen.com\/es\/producto\/barra-de-luz-led-luxtar-ps30-de-356-mm-r65\/","og_locale":"es_ES","og_type":"article","og_title":"Luxtar\u00ae Blixtljusramp PS30 LED 356mm | R65 - Xenonkungen","og_description":"Multivolt 12-24V  E-m\u00e4rkt, ECE R65 klass 1, EMC (R10)  IP67  Anv\u00e4ndningsomr\u00e5de Passar bra f\u00f6r Lastbil, servicebil, budbil, traktorer hantverkare och alla andra t\u00e4nkbara st\u00e4llen d\u00e4r man beh\u00f6ver s\u00e4kra sin yta runt sitt fordon  Garanti: 2\u00e5r","og_url":"https:\/\/xenonkungen.com\/es\/producto\/barra-de-luz-led-luxtar-ps30-de-356-mm-r65\/","og_site_name":"Xenonkungen","article_modified_time":"2026-05-04T09:50:57+00:00","og_image":[{"width":1000,"height":1000,"url":"https:\/\/xenonkungen.com\/wp-content\/uploads\/2025\/04\/167768989-origpic-3da115.png","type":"image\/png"}],"twitter_card":"summary_large_image","twitter_misc":{"Tiempo de lectura":"2 minutos"},"schema":{"@context":"https:\/\/schema.org","@graph":[{"@type":"WebPage","@id":"https:\/\/xenonkungen.com\/produkt\/luxtar-blixtljusramp-ps30-led-356mm-r65\/","url":"https:\/\/xenonkungen.com\/produkt\/luxtar-blixtljusramp-ps30-led-356mm-r65\/","name":"Barra de luz LED Luxtar\u00ae PS30 de 356 mm | R65 - Xenonkungen","isPartOf":{"@id":"https:\/\/xenonkungen.com\/#website"},"primaryImageOfPage":{"@id":"https:\/\/xenonkungen.com\/produkt\/luxtar-blixtljusramp-ps30-led-356mm-r65\/#primaryimage"},"image":{"@id":"https:\/\/xenonkungen.com\/produkt\/luxtar-blixtljusramp-ps30-led-356mm-r65\/#primaryimage"},"thumbnailUrl":"https:\/\/xenonkungen.com\/wp-content\/uploads\/2025\/04\/167768989-origpic-3da115.png","datePublished":"2025-04-15T09:02:31+00:00","dateModified":"2026-05-04T09:50:57+00:00","breadcrumb":{"@id":"https:\/\/xenonkungen.com\/produkt\/luxtar-blixtljusramp-ps30-led-356mm-r65\/#breadcrumb"},"inLanguage":"es","potentialAction":[{"@type":"ReadAction","target":["https:\/\/xenonkungen.com\/produkt\/luxtar-blixtljusramp-ps30-led-356mm-r65\/"]}]},{"@type":"ImageObject","inLanguage":"es","@id":"https:\/\/xenonkungen.com\/produkt\/luxtar-blixtljusramp-ps30-led-356mm-r65\/#primaryimage","url":"https:\/\/xenonkungen.com\/wp-content\/uploads\/2025\/04\/167768989-origpic-3da115.png","contentUrl":"https:\/\/xenonkungen.com\/wp-content\/uploads\/2025\/04\/167768989-origpic-3da115.png","width":1000,"height":1000},{"@type":"BreadcrumbList","@id":"https:\/\/xenonkungen.com\/produkt\/luxtar-blixtljusramp-ps30-led-356mm-r65\/#breadcrumb","itemListElement":[{"@type":"ListItem","position":1,"name":"Hem","item":"https:\/\/xenonkungen.com\/"},{"@type":"ListItem","position":2,"name":"Shop","item":"https:\/\/xenonkungen.com\/shop\/"},{"@type":"ListItem","position":3,"name":"Luxtar\u00ae Blixtljusramp PS30 LED 356mm | R65"}]},{"@type":"WebSite","@id":"https:\/\/xenonkungen.com\/#website","url":"https:\/\/xenonkungen.com\/","name":"Xenonkungen","description":"","potentialAction":[{"@type":"SearchAction","target":{"@type":"EntryPoint","urlTemplate":"https:\/\/xenonkungen.com\/?s={search_term_string}"},"query-input":{"@type":"PropertyValueSpecification","valueRequired":true,"valueName":"search_term_string"}}],"inLanguage":"es"}]}},"taxonomy_info":{"product_brand":[{"value":103,"label":"LUXTAR"}],"product_cat":[{"value":2580,"label":"Blixtljusramp"},{"value":1061,"label":"Varningsljus"}],"pa_faktisk-effekts-forbrukning":[{"value":1242,"label":"36"}],"pa_storlek-mm":[{"value":1241,"label":"356"}],"pa_stromforbrukning":[{"value":1109,"label":"1,5A@24V"},{"value":1108,"label":"3A@12V"}],"pa_volt-v":[{"value":348,"label":"12, 24"}]},"featured_image_src_large":["https:\/\/xenonkungen.com\/wp-content\/uploads\/2025\/04\/167768989-origpic-3da115.png",1000,1000,false],"author_info":[],"comment_info":0,"_links":{"self":[{"href":"https:\/\/xenonkungen.com\/es\/wp-json\/wp\/v2\/product\/3790","targetHints":{"allow":["GET"]}}],"collection":[{"href":"https:\/\/xenonkungen.com\/es\/wp-json\/wp\/v2\/product"}],"about":[{"href":"https:\/\/xenonkungen.com\/es\/wp-json\/wp\/v2\/types\/product"}],"replies":[{"embeddable":true,"href":"https:\/\/xenonkungen.com\/es\/wp-json\/wp\/v2\/comments?post=3790"}],"wp:featuredmedia":[{"embeddable":true,"href":"https:\/\/xenonkungen.com\/es\/wp-json\/wp\/v2\/media\/3791"}],"wp:attachment":[{"href":"https:\/\/xenonkungen.com\/es\/wp-json\/wp\/v2\/media?parent=3790"}],"wp:term":[{"taxonomy":"anvandningsomrade","embeddable":true,"href":"https:\/\/xenonkungen.com\/es\/wp-json\/wp\/v2\/anvandningsomrade?post=3790"},{"taxonomy":"bilmarken","embeddable":true,"href":"https:\/\/xenonkungen.com\/es\/wp-json\/wp\/v2\/bilmarken?post=3790"},{"taxonomy":"product_brand","embeddable":true,"href":"https:\/\/xenonkungen.com\/es\/wp-json\/wp\/v2\/product_brand?post=3790"},{"taxonomy":"product_cat","embeddable":true,"href":"https:\/\/xenonkungen.com\/es\/wp-json\/wp\/v2\/product_cat?post=3790"},{"taxonomy":"product_tag","embeddable":true,"href":"https:\/\/xenonkungen.com\/es\/wp-json\/wp\/v2\/product_tag?post=3790"}],"curies":[{"name":"wp","href":"https:\/\/api.w.org\/{rel}","templated":true}]}}