{"id":3806,"date":"2025-04-15T09:02:50","date_gmt":"2025-04-15T09:02:50","guid":{"rendered":"https:\/\/xenonkungen.com\/product\/nightshift-blixtljusramp-ps80-led-1185mm-ece-godkand-r10-r65\/"},"modified":"2026-05-04T10:50:48","modified_gmt":"2026-05-04T09:50:48","slug":"barra-de-luz-led-luxtar-ps80-de-1185-mm-homologada-por-la-ece-r10-r65","status":"publish","type":"product","link":"https:\/\/xenonkungen.com\/es\/producto\/barra-de-luz-led-luxtar-ps80-de-1185-mm-homologada-por-la-ece-r10-r65\/","title":{"rendered":"Barra de luces intermitentes Luxtar PS80 LED 1185 mm | Homologada ECE R10, R65"},"content":{"rendered":"<div class=\"container\">\n<h1>Barra de luz con linterna Luxtar PS80<\/h1>\n<p>La innovadora barra de luz estrobosc\u00f3pica Luxtar PS80 ofrece una visibilidad y fiabilidad inigualables gracias a su dise\u00f1o compacto y su potente rendimiento. Homologada seg\u00fan las normas ECE R65 Clase 1 y ECE R10, esta barra de luz es la soluci\u00f3n definitiva para usuarios profesionales que exigen los m\u00e1s altos est\u00e1ndares de seguridad y visibilidad.<\/p>\n<div class=\"features\">\n<h2>Caracter\u00edsticas distintivas:<\/h2>\n<ul>\n<li><strong>108 potentes m\u00f3dulos LED:<\/strong> Cada m\u00f3dulo de 1 W garantiza una visibilidad excepcional del entorno.<\/li>\n<li><strong>19 patrones de iluminaci\u00f3n personalizables:<\/strong> F\u00e1cilmente personalizable para distintos lugares y entornos de trabajo.<\/li>\n<li><strong>Material de policarbonato duradero:<\/strong> Garantiza una larga durabilidad sin riesgo de corrosi\u00f3n cuando se monta en superficies met\u00e1licas.<\/li>\n<li><strong>Peso total de 8 kg:<\/strong> Incluye soportes para facilitar la instalaci\u00f3n y la estabilidad.<\/li>\n<\/ul>\n<\/div>\n<p>Luxtar PS80 est\u00e1 dise\u00f1ado para cumplir con los requisitos m\u00e1s estrictos, combinando tecnolog\u00eda avanzada y materiales de la m\u00e1s alta calidad, lo que lo convierte en un socio fiable para todo tipo de veh\u00edculos y entornos de trabajo.<\/p>\n<\/div>\n<h2><strong>Especificaciones:<\/strong><\/h2>\n<p><strong>Marca:<\/strong> Luxtar<br \/>\n<strong>Modelo:<\/strong> Rampa linterna<br \/>\n<strong>Patrones de rayos:<\/strong> 19\u00aa<br \/>\n<strong>N\u00famero de diodos:<\/strong> 108\u00aa<br \/>\n<strong>Fuente de luz:<\/strong> LED<br \/>\n<strong>Color de la luz\/temperatura del color:<\/strong> \u00e1mbar<br \/>\n<strong>Multivoltio:<\/strong> 10-30v<br \/>\n<strong>Potencia (vatios):<\/strong> 98,5<br \/>\n<strong>Consumo de corriente (amperios):<\/strong><br \/>\n- 8,2 a 12 V<br \/>\n- 3,9 a 24 V<br \/>\n<strong>Protecci\u00f3n contra la humedad:<\/strong> IP67<br \/>\n<strong>Entorno de trabajo:<\/strong> -40\u00b0C a +65\u00b0C<br \/>\n<strong>Autorizado en virtud de:<\/strong> ECE R10, Etiquetado E (E9), ECE R65 clase 1, EMC, CE y RoHS<br \/>\n<strong>Tama\u00f1o:<\/strong> 1185x95x270 mm<br \/>\n<strong>Peso:<\/strong> 8 kg<\/p>\n<p><strong>Es bueno saberlo:<\/strong><br \/>\nEl manual del producto se incluye en el paquete.<br \/>\nLa rampa de la linterna tiene tres cables de salida, rojo, negro y amarillo. El rojo es +, el negro ? y el amarillo es para cambiar el patr\u00f3n estrobosc\u00f3pico.<br \/>\nS\u00f3lo 2 patrones de rayos est\u00e1n homologados por la ECE R65.<br \/>\nLa longitud del cable es de 500 mm.<br \/>\n<strong><br \/>\nContenido de la entrega:<\/strong><br \/>\nEl producto contiene 1 marco de linterna nightshift y conjunto de soporte de techo.<br \/>\n<strong><br \/>\nGarant\u00eda:<\/strong> 2 a\u00f1os<\/p>\n<p><iframe loading=\"lazy\" src=\"https:\/\/www.youtube.com\/embed\/CCHbvYFqwBI\" width=\"560\" height=\"315\" frameborder=\"0\" allowfullscreen=\"allowfullscreen\"><\/iframe><\/p>","protected":false},"excerpt":{"rendered":"<p><b>Actual<\/b><br \/>\nLa rampa funciona con 10-30V. Lo que la hace perfecta tanto para veh\u00edculos de servicio con 12v como para veh\u00edculos m\u00e1s pesados con sistemas de 24v.<\/p>\n<p><b>Certificado <\/b><br \/>\nR10, Etiquetado E (E9), ECE R65 clase 1, EMC, CE y RoHS<br \/>\nDe primera clase, aprobado para su uso en cualquier circunstancia<\/p>\n<p><b>Resistente al agua<\/b><br \/>\nIP67. Lo que significa que es resistente al polvo y al agua<\/p>\n<p><b>\u00c1mbito de aplicaci\u00f3n<\/b><br \/>\nAdecuado para camiones, veh\u00edculos de servicio, furgonetas de reparto, tractores, artesanos y todos los dem\u00e1s lugares donde necesite asegurar la zona alrededor de su veh\u00edculo.<\/p>\n<p><b>Contenido de la entrega<\/b><br \/>\n1 pieza Rampa para linterna Nightshift incl. soportes<\/p>","protected":false},"featured_media":3807,"comment_status":"closed","ping_status":"closed","template":"","meta":{"_acf_changed":false,"_smort_price_nok":"6617","_smort_price_dkk":"4204","_smort_price_eur":"563.16","_smort_sale_price_nok":"","_smort_sale_price_dkk":"","_smort_sale_price_eur":"","smort_restorder":"","shipmondo_restorder":"","_kad_blocks_custom_css":"","_kad_blocks_head_custom_js":"","_kad_blocks_body_custom_js":"","_kad_blocks_footer_custom_js":"","smort_custom_pricelist_1":"3964.8","smort_custom_pricelist_2":"3221.4","smort_custom_pricelist_3":"3060.33","smort_custom_pricelist_4":"4956","smort_custom_pricelist_5":"3221.4"},"anvandningsomrade":[],"bilmarken":[],"product_brand":[103],"product_cat":[2580,1061],"product_tag":[],"class_list":{"0":"post-3806","1":"product","2":"type-product","3":"status-publish","4":"has-post-thumbnail","6":"product_brand-luxtar","7":"product_cat-blixtljusramp-varningsljus","8":"product_cat-varningsljus","9":"pa_faktisk-effekts-forbrukning-1247","10":"pa_storlek-mm-224x385x67","11":"pa_stromforbrukning-41a24v","12":"pa_stromforbrukning-82a12v","13":"pa_volt-v-12-24","15":"first","16":"instock","17":"taxable","18":"shipping-taxable","19":"purchasable","20":"product-type-simple"},"bundled_by":[],"bundle_stock_status":"instock","bundle_stock_quantity":1,"bundle_virtual":false,"bundle_layout":"","bundle_add_to_cart_form_location":"","bundle_editable_in_cart":false,"bundle_sold_individually_context":"","bundle_item_grouping":"","bundle_min_size":"","bundle_max_size":"","bundle_price":[],"bundled_items":[],"bundle_sell_ids":[],"acf":[],"yoast_head":"<!-- This site is optimized with the Yoast SEO plugin v27.0 - https:\/\/yoast.com\/product\/yoast-seo-wordpress\/ -->\n<title>Luxtar Blixtljusramp PS80 LED 1185mm | ECE godk\u00e4nd R10, R65 - Xenonkungen<\/title>\n<meta name=\"robots\" content=\"index, follow, max-snippet:-1, max-image-preview:large, max-video-preview:-1\" \/>\n<link rel=\"canonical\" href=\"https:\/\/xenonkungen.com\/es\/producto\/barra-de-luz-led-luxtar-ps80-de-1185-mm-homologada-por-la-ece-r10-r65\/\" \/>\n<meta property=\"og:locale\" content=\"es_ES\" \/>\n<meta property=\"og:type\" content=\"article\" \/>\n<meta property=\"og:title\" content=\"Luxtar Blixtljusramp PS80 LED 1185mm | ECE godk\u00e4nd R10, R65 - Xenonkungen\" \/>\n<meta property=\"og:description\" content=\"Str\u00f6m Rampen drivs p\u00e5 10-30V. Vilket g\u00f6r att den \u00e4r perfekt b\u00e5de f\u00f6r servicebilar med 12v och tyngre fordon med 24v system.  Certifikat  R10, E-m\u00e4rkt (E9), ECE R65 klass 1, EMC, CE och RoHS H\u00e5ller h\u00f6gsta klass, Godk\u00e4nd att anv\u00e4nda enligt alla konstens regler  Vattent\u00e5lig IP67. Vilken inneb\u00e4r att den \u00e4r Damm och vattent\u00e4t  Anv\u00e4ndningsomr\u00e5de Passar bra f\u00f6r Lastbil, servicebil, budbil, traktorer hantverkare och alla andra t\u00e4nkbara st\u00e4llen d\u00e4r man beh\u00f6ver s\u00e4kra sin yta runt sitt fordon  Leveransinneh\u00e5ll 1 styck Nightshift Blixtljusramp inkl. f\u00e4sten\" \/>\n<meta property=\"og:url\" content=\"https:\/\/xenonkungen.com\/es\/producto\/barra-de-luz-led-luxtar-ps80-de-1185-mm-homologada-por-la-ece-r10-r65\/\" \/>\n<meta property=\"og:site_name\" content=\"Xenonkungen\" \/>\n<meta property=\"article:modified_time\" content=\"2026-05-04T09:50:48+00:00\" \/>\n<meta property=\"og:image\" content=\"https:\/\/xenonkungen.com\/wp-content\/uploads\/2025\/04\/167769009-origpic-3d3951.png\" \/>\n\t<meta property=\"og:image:width\" content=\"1000\" \/>\n\t<meta property=\"og:image:height\" content=\"1000\" \/>\n\t<meta property=\"og:image:type\" content=\"image\/png\" \/>\n<meta name=\"twitter:card\" content=\"summary_large_image\" \/>\n<meta name=\"twitter:label1\" content=\"Tiempo de lectura\" \/>\n\t<meta name=\"twitter:data1\" content=\"2 minutos\" \/>\n<script type=\"application\/ld+json\" class=\"yoast-schema-graph\">{\"@context\":\"https:\/\/schema.org\",\"@graph\":[{\"@type\":\"WebPage\",\"@id\":\"https:\/\/xenonkungen.com\/produkt\/luxtar-blixtljusramp-ps80-led-1185mm-ece-godkand-r10-r65\/\",\"url\":\"https:\/\/xenonkungen.com\/produkt\/luxtar-blixtljusramp-ps80-led-1185mm-ece-godkand-r10-r65\/\",\"name\":\"Luxtar Blixtljusramp PS80 LED 1185mm | ECE godk\u00e4nd R10, R65 - Xenonkungen\",\"isPartOf\":{\"@id\":\"https:\/\/xenonkungen.com\/#website\"},\"primaryImageOfPage\":{\"@id\":\"https:\/\/xenonkungen.com\/produkt\/luxtar-blixtljusramp-ps80-led-1185mm-ece-godkand-r10-r65\/#primaryimage\"},\"image\":{\"@id\":\"https:\/\/xenonkungen.com\/produkt\/luxtar-blixtljusramp-ps80-led-1185mm-ece-godkand-r10-r65\/#primaryimage\"},\"thumbnailUrl\":\"https:\/\/xenonkungen.com\/wp-content\/uploads\/2025\/04\/167769009-origpic-3d3951.png\",\"datePublished\":\"2025-04-15T09:02:50+00:00\",\"dateModified\":\"2026-05-04T09:50:48+00:00\",\"breadcrumb\":{\"@id\":\"https:\/\/xenonkungen.com\/produkt\/luxtar-blixtljusramp-ps80-led-1185mm-ece-godkand-r10-r65\/#breadcrumb\"},\"inLanguage\":\"es\",\"potentialAction\":[{\"@type\":\"ReadAction\",\"target\":[\"https:\/\/xenonkungen.com\/produkt\/luxtar-blixtljusramp-ps80-led-1185mm-ece-godkand-r10-r65\/\"]}]},{\"@type\":\"ImageObject\",\"inLanguage\":\"es\",\"@id\":\"https:\/\/xenonkungen.com\/produkt\/luxtar-blixtljusramp-ps80-led-1185mm-ece-godkand-r10-r65\/#primaryimage\",\"url\":\"https:\/\/xenonkungen.com\/wp-content\/uploads\/2025\/04\/167769009-origpic-3d3951.png\",\"contentUrl\":\"https:\/\/xenonkungen.com\/wp-content\/uploads\/2025\/04\/167769009-origpic-3d3951.png\",\"width\":1000,\"height\":1000},{\"@type\":\"BreadcrumbList\",\"@id\":\"https:\/\/xenonkungen.com\/produkt\/luxtar-blixtljusramp-ps80-led-1185mm-ece-godkand-r10-r65\/#breadcrumb\",\"itemListElement\":[{\"@type\":\"ListItem\",\"position\":1,\"name\":\"Hem\",\"item\":\"https:\/\/xenonkungen.com\/\"},{\"@type\":\"ListItem\",\"position\":2,\"name\":\"Shop\",\"item\":\"https:\/\/xenonkungen.com\/shop\/\"},{\"@type\":\"ListItem\",\"position\":3,\"name\":\"Luxtar Blixtljusramp PS80 LED 1185mm | ECE godk\u00e4nd R10, R65\"}]},{\"@type\":\"WebSite\",\"@id\":\"https:\/\/xenonkungen.com\/#website\",\"url\":\"https:\/\/xenonkungen.com\/\",\"name\":\"Xenonkungen\",\"description\":\"\",\"potentialAction\":[{\"@type\":\"SearchAction\",\"target\":{\"@type\":\"EntryPoint\",\"urlTemplate\":\"https:\/\/xenonkungen.com\/?s={search_term_string}\"},\"query-input\":{\"@type\":\"PropertyValueSpecification\",\"valueRequired\":true,\"valueName\":\"search_term_string\"}}],\"inLanguage\":\"es\"}]}<\/script>\n<!-- \/ Yoast SEO plugin. -->","yoast_head_json":{"title":"Barra de luces intermitentes Luxtar PS80 LED 1185mm | Homologada ECE R10, R65 - Xenonkungen","robots":{"index":"index","follow":"follow","max-snippet":"max-snippet:-1","max-image-preview":"max-image-preview:large","max-video-preview":"max-video-preview:-1"},"canonical":"https:\/\/xenonkungen.com\/es\/producto\/barra-de-luz-led-luxtar-ps80-de-1185-mm-homologada-por-la-ece-r10-r65\/","og_locale":"es_ES","og_type":"article","og_title":"Luxtar Blixtljusramp PS80 LED 1185mm | ECE godk\u00e4nd R10, R65 - Xenonkungen","og_description":"Str\u00f6m Rampen drivs p\u00e5 10-30V. Vilket g\u00f6r att den \u00e4r perfekt b\u00e5de f\u00f6r servicebilar med 12v och tyngre fordon med 24v system.  Certifikat  R10, E-m\u00e4rkt (E9), ECE R65 klass 1, EMC, CE och RoHS H\u00e5ller h\u00f6gsta klass, Godk\u00e4nd att anv\u00e4nda enligt alla konstens regler  Vattent\u00e5lig IP67. Vilken inneb\u00e4r att den \u00e4r Damm och vattent\u00e4t  Anv\u00e4ndningsomr\u00e5de Passar bra f\u00f6r Lastbil, servicebil, budbil, traktorer hantverkare och alla andra t\u00e4nkbara st\u00e4llen d\u00e4r man beh\u00f6ver s\u00e4kra sin yta runt sitt fordon  Leveransinneh\u00e5ll 1 styck Nightshift Blixtljusramp inkl. f\u00e4sten","og_url":"https:\/\/xenonkungen.com\/es\/producto\/barra-de-luz-led-luxtar-ps80-de-1185-mm-homologada-por-la-ece-r10-r65\/","og_site_name":"Xenonkungen","article_modified_time":"2026-05-04T09:50:48+00:00","og_image":[{"width":1000,"height":1000,"url":"https:\/\/xenonkungen.com\/wp-content\/uploads\/2025\/04\/167769009-origpic-3d3951.png","type":"image\/png"}],"twitter_card":"summary_large_image","twitter_misc":{"Tiempo de lectura":"2 minutos"},"schema":{"@context":"https:\/\/schema.org","@graph":[{"@type":"WebPage","@id":"https:\/\/xenonkungen.com\/produkt\/luxtar-blixtljusramp-ps80-led-1185mm-ece-godkand-r10-r65\/","url":"https:\/\/xenonkungen.com\/produkt\/luxtar-blixtljusramp-ps80-led-1185mm-ece-godkand-r10-r65\/","name":"Barra de luces intermitentes Luxtar PS80 LED 1185mm | Homologada ECE R10, R65 - Xenonkungen","isPartOf":{"@id":"https:\/\/xenonkungen.com\/#website"},"primaryImageOfPage":{"@id":"https:\/\/xenonkungen.com\/produkt\/luxtar-blixtljusramp-ps80-led-1185mm-ece-godkand-r10-r65\/#primaryimage"},"image":{"@id":"https:\/\/xenonkungen.com\/produkt\/luxtar-blixtljusramp-ps80-led-1185mm-ece-godkand-r10-r65\/#primaryimage"},"thumbnailUrl":"https:\/\/xenonkungen.com\/wp-content\/uploads\/2025\/04\/167769009-origpic-3d3951.png","datePublished":"2025-04-15T09:02:50+00:00","dateModified":"2026-05-04T09:50:48+00:00","breadcrumb":{"@id":"https:\/\/xenonkungen.com\/produkt\/luxtar-blixtljusramp-ps80-led-1185mm-ece-godkand-r10-r65\/#breadcrumb"},"inLanguage":"es","potentialAction":[{"@type":"ReadAction","target":["https:\/\/xenonkungen.com\/produkt\/luxtar-blixtljusramp-ps80-led-1185mm-ece-godkand-r10-r65\/"]}]},{"@type":"ImageObject","inLanguage":"es","@id":"https:\/\/xenonkungen.com\/produkt\/luxtar-blixtljusramp-ps80-led-1185mm-ece-godkand-r10-r65\/#primaryimage","url":"https:\/\/xenonkungen.com\/wp-content\/uploads\/2025\/04\/167769009-origpic-3d3951.png","contentUrl":"https:\/\/xenonkungen.com\/wp-content\/uploads\/2025\/04\/167769009-origpic-3d3951.png","width":1000,"height":1000},{"@type":"BreadcrumbList","@id":"https:\/\/xenonkungen.com\/produkt\/luxtar-blixtljusramp-ps80-led-1185mm-ece-godkand-r10-r65\/#breadcrumb","itemListElement":[{"@type":"ListItem","position":1,"name":"Hem","item":"https:\/\/xenonkungen.com\/"},{"@type":"ListItem","position":2,"name":"Shop","item":"https:\/\/xenonkungen.com\/shop\/"},{"@type":"ListItem","position":3,"name":"Luxtar Blixtljusramp PS80 LED 1185mm | ECE godk\u00e4nd R10, R65"}]},{"@type":"WebSite","@id":"https:\/\/xenonkungen.com\/#website","url":"https:\/\/xenonkungen.com\/","name":"Xenonkungen","description":"","potentialAction":[{"@type":"SearchAction","target":{"@type":"EntryPoint","urlTemplate":"https:\/\/xenonkungen.com\/?s={search_term_string}"},"query-input":{"@type":"PropertyValueSpecification","valueRequired":true,"valueName":"search_term_string"}}],"inLanguage":"es"}]}},"taxonomy_info":{"product_brand":[{"value":103,"label":"LUXTAR"}],"product_cat":[{"value":2580,"label":"Blixtljusramp"},{"value":1061,"label":"Varningsljus"}],"pa_faktisk-effekts-forbrukning":[{"value":1247,"label":"98,5"}],"pa_storlek-mm":[{"value":1185,"label":"224x38,5x67"}],"pa_stromforbrukning":[{"value":1010,"label":"4,1A@24V"},{"value":1248,"label":"8,2A@12V"}],"pa_volt-v":[{"value":348,"label":"12, 24"}]},"featured_image_src_large":["https:\/\/xenonkungen.com\/wp-content\/uploads\/2025\/04\/167769009-origpic-3d3951.png",1000,1000,false],"author_info":[],"comment_info":0,"_links":{"self":[{"href":"https:\/\/xenonkungen.com\/es\/wp-json\/wp\/v2\/product\/3806","targetHints":{"allow":["GET"]}}],"collection":[{"href":"https:\/\/xenonkungen.com\/es\/wp-json\/wp\/v2\/product"}],"about":[{"href":"https:\/\/xenonkungen.com\/es\/wp-json\/wp\/v2\/types\/product"}],"replies":[{"embeddable":true,"href":"https:\/\/xenonkungen.com\/es\/wp-json\/wp\/v2\/comments?post=3806"}],"wp:featuredmedia":[{"embeddable":true,"href":"https:\/\/xenonkungen.com\/es\/wp-json\/wp\/v2\/media\/3807"}],"wp:attachment":[{"href":"https:\/\/xenonkungen.com\/es\/wp-json\/wp\/v2\/media?parent=3806"}],"wp:term":[{"taxonomy":"anvandningsomrade","embeddable":true,"href":"https:\/\/xenonkungen.com\/es\/wp-json\/wp\/v2\/anvandningsomrade?post=3806"},{"taxonomy":"bilmarken","embeddable":true,"href":"https:\/\/xenonkungen.com\/es\/wp-json\/wp\/v2\/bilmarken?post=3806"},{"taxonomy":"product_brand","embeddable":true,"href":"https:\/\/xenonkungen.com\/es\/wp-json\/wp\/v2\/product_brand?post=3806"},{"taxonomy":"product_cat","embeddable":true,"href":"https:\/\/xenonkungen.com\/es\/wp-json\/wp\/v2\/product_cat?post=3806"},{"taxonomy":"product_tag","embeddable":true,"href":"https:\/\/xenonkungen.com\/es\/wp-json\/wp\/v2\/product_tag?post=3806"}],"curies":[{"name":"wp","href":"https:\/\/api.w.org\/{rel}","templated":true}]}}