{"id":3824,"date":"2025-04-15T09:02:59","date_gmt":"2025-04-15T09:02:59","guid":{"rendered":"https:\/\/xenonkungen.com\/product\/armlampa-led-rod-vit-2pin-kort\/"},"modified":"2026-04-22T11:48:56","modified_gmt":"2026-04-22T10:48:56","slug":"lampara-de-brazo-led-varilla-blanca-2-pines-corta","status":"publish","type":"product","link":"https:\/\/xenonkungen.com\/es\/producto\/lampara-de-brazo-led-varilla-blanca-2-pines-corta\/","title":{"rendered":"Luz de brazo LED rojo\/blanco 2PIN (Tarjeta)"},"content":{"rendered":"<div class=\"container\">\n<h1>Luz de posici\u00f3n delantera\/trasera con soporte de goma: segura y confiable<\/h1>\n<p>Esta luz de posici\u00f3n ofrece una soluci\u00f3n flexible y duradera para aumentar la visibilidad y la seguridad de su veh\u00edculo, equipada con un soporte de goma y electr\u00f3nica a prueba de fugas.<\/p>\n<div class=\"specifications\">\n<h2>Especificaciones:<\/h2>\n<ul>\n<li><span class=\"highlight\">\u00dasalo:<\/span> Adecuado para montaje en la parte delantera y trasera del veh\u00edculo.<\/li>\n<li><span class=\"highlight\">Montaje:<\/span> Soporte de goma para una instalaci\u00f3n f\u00e1cil y segura y protecci\u00f3n adicional contra las vibraciones.<\/li>\n<li><span class=\"highlight\">Electr\u00f3nica:<\/span> A prueba de fugas para una protecci\u00f3n \u00f3ptima contra los elementos.<\/li>\n<li><span class=\"highlight\">Sostenibilidad:<\/span> Construcci\u00f3n robusta para uso prolongado en condiciones dif\u00edciles.<\/li>\n<\/ul>\n<\/div>\n<div class=\"features\">\n<h2>Caracter\u00edsticas:<\/h2>\n<ul>\n<li>Mejora la visibilidad del veh\u00edculo y aumenta as\u00ed la seguridad.<\/li>\n<li>Adaptable a una amplia variedad de tipos de veh\u00edculos y aplicaciones.<\/li>\n<li>Fiabilidad a largo plazo gracias a una electr\u00f3nica protegida y un dise\u00f1o robusto.<\/li>\n<li>F\u00e1cil de instalar, reduciendo el tiempo de montaje y mantenimiento.<\/li>\n<\/ul>\n<\/div>\n<\/div>\n<p><strong>Multivoltio:<\/strong> 12\/24V<br \/><strong>Dimensiones:<\/strong> 82 x 101 x 66 mm<br \/><strong>Protecci\u00f3n contra la humedad:<\/strong> IP67<br \/><strong>Consumo a 13,8 V\/28 V:<\/strong><br \/>- Rojo 0,04A\/0,04A<br \/>- Blanco 0,04A\/0,04A<br \/><strong>Conexi\u00f3n el\u00e9ctrica:<\/strong> Cable de 2 clavijas hembra a sistema<br \/><strong>Autorizado:<\/strong> ECE<\/p>\n<p>Versi\u00f3n com\u00fan para el lado izquierdo o derecho del veh\u00edculo.<\/p>\n<p><strong>Garant\u00eda:<\/strong> 5 a\u00f1os<\/p>","protected":false},"excerpt":{"rendered":"<p>Positionslampa f\u00f6r Front\/Bak med Gummif\u00e4ste: S\u00e4ker och P\u00e5litlig Denna positionslampa erbjuder en flexibel och h\u00e5llbar l\u00f6sning f\u00f6r att \u00f6ka synligheten och s\u00e4kerheten p\u00e5 ditt fordon, utrustad med gummif\u00e4ste och l\u00e4ckagef\u00f6rseglad elektronik. Specifikationer: Anv\u00e4ndning: L\u00e4mplig f\u00f6r montering p\u00e5 fordonets front och bak. Montering: Gummif\u00e4ste f\u00f6r enkel, s\u00e4ker installation och extra skydd mot vibrationer. Elektronik: L\u00e4ckagef\u00f6rseglad f\u00f6r [&hellip;]<\/p>","protected":false},"featured_media":3825,"comment_status":"closed","ping_status":"open","template":"","meta":{"_acf_changed":false,"_smort_price_nok":"320","_smort_price_dkk":"204","_smort_price_eur":"27.27","_smort_sale_price_nok":"","_smort_sale_price_dkk":"","_smort_sale_price_eur":"","smort_restorder":"","shipmondo_restorder":"","_kad_blocks_custom_css":"","_kad_blocks_head_custom_js":"","_kad_blocks_body_custom_js":"","_kad_blocks_footer_custom_js":"","smort_custom_pricelist_1":"168","smort_custom_pricelist_2":"168","smort_custom_pricelist_3":"159.6","smort_custom_pricelist_4":"240","smort_custom_pricelist_5":"168"},"anvandningsomrade":[166,238,2816],"bilmarken":[],"product_brand":[1252],"product_cat":[2815,2478],"product_tag":[],"class_list":{"0":"post-3824","1":"product","2":"type-product","3":"status-publish","4":"has-post-thumbnail","6":"anvandningsomrade-lastbil","7":"anvandningsomrade-slap","8":"anvandningsomrade-trailer","9":"product_brand-lea","10":"product_cat-armlampa","11":"product_cat-positionsljus-slap","12":"pa_fuktskydd-varde-ipxx-ip67","13":"pa_godkannande-ece","14":"pa_storlek-mm-1256","15":"pa_stromforbrukning-004a12v","16":"pa_stromforbrukning-004a24v","17":"pa_volt-v-12-24","19":"first","20":"onbackorder","21":"taxable","22":"shipping-taxable","23":"purchasable","24":"product-type-simple"},"bundled_by":[],"bundle_stock_status":"onbackorder","bundle_stock_quantity":0,"bundle_virtual":false,"bundle_layout":"","bundle_add_to_cart_form_location":"","bundle_editable_in_cart":false,"bundle_sold_individually_context":"","bundle_item_grouping":"","bundle_min_size":"","bundle_max_size":"","bundle_price":[],"bundled_items":[],"bundle_sell_ids":[],"acf":[],"yoast_head":"<!-- This site is optimized with the Yoast SEO plugin v27.0 - https:\/\/yoast.com\/product\/yoast-seo-wordpress\/ -->\n<title>Armlampa LED R\u00f6d\/Vit 2PIN (Kort) - Xenonkungen<\/title>\n<meta name=\"robots\" content=\"index, follow, max-snippet:-1, max-image-preview:large, max-video-preview:-1\" \/>\n<link rel=\"canonical\" href=\"https:\/\/xenonkungen.com\/es\/producto\/lampara-de-brazo-led-varilla-blanca-2-pines-corta\/\" \/>\n<meta property=\"og:locale\" content=\"es_ES\" \/>\n<meta property=\"og:type\" content=\"article\" \/>\n<meta property=\"og:title\" content=\"Armlampa LED R\u00f6d\/Vit 2PIN (Kort) - Xenonkungen\" \/>\n<meta property=\"og:description\" content=\"Positionslampa f\u00f6r Front\/Bak med Gummif\u00e4ste: S\u00e4ker och P\u00e5litlig Denna positionslampa erbjuder en flexibel och h\u00e5llbar l\u00f6sning f\u00f6r att \u00f6ka synligheten och s\u00e4kerheten p\u00e5 ditt fordon, utrustad med gummif\u00e4ste och l\u00e4ckagef\u00f6rseglad elektronik. Specifikationer: Anv\u00e4ndning: L\u00e4mplig f\u00f6r montering p\u00e5 fordonets front och bak. Montering: Gummif\u00e4ste f\u00f6r enkel, s\u00e4ker installation och extra skydd mot vibrationer. Elektronik: L\u00e4ckagef\u00f6rseglad f\u00f6r [&hellip;]\" \/>\n<meta property=\"og:url\" content=\"https:\/\/xenonkungen.com\/es\/producto\/lampara-de-brazo-led-varilla-blanca-2-pines-corta\/\" \/>\n<meta property=\"og:site_name\" content=\"Xenonkungen\" \/>\n<meta property=\"article:modified_time\" content=\"2026-04-22T10:48:56+00:00\" \/>\n<meta property=\"og:image\" content=\"https:\/\/xenonkungen.com\/wp-content\/uploads\/2025\/04\/11530923-origpic-b75339.jpg\" \/>\n\t<meta property=\"og:image:width\" content=\"600\" \/>\n\t<meta property=\"og:image:height\" content=\"600\" \/>\n\t<meta property=\"og:image:type\" content=\"image\/jpeg\" \/>\n<meta name=\"twitter:card\" content=\"summary_large_image\" \/>\n<meta name=\"twitter:label1\" content=\"Tiempo de lectura\" \/>\n\t<meta name=\"twitter:data1\" content=\"1 minuto\" \/>\n<script type=\"application\/ld+json\" class=\"yoast-schema-graph\">{\"@context\":\"https:\/\/schema.org\",\"@graph\":[{\"@type\":\"WebPage\",\"@id\":\"https:\/\/xenonkungen.com\/produkt\/armlampa-led-rod-vit-2pin-kort\/\",\"url\":\"https:\/\/xenonkungen.com\/produkt\/armlampa-led-rod-vit-2pin-kort\/\",\"name\":\"Armlampa LED R\u00f6d\/Vit 2PIN (Kort) - Xenonkungen\",\"isPartOf\":{\"@id\":\"https:\/\/xenonkungen.com\/#website\"},\"primaryImageOfPage\":{\"@id\":\"https:\/\/xenonkungen.com\/produkt\/armlampa-led-rod-vit-2pin-kort\/#primaryimage\"},\"image\":{\"@id\":\"https:\/\/xenonkungen.com\/produkt\/armlampa-led-rod-vit-2pin-kort\/#primaryimage\"},\"thumbnailUrl\":\"https:\/\/xenonkungen.com\/wp-content\/uploads\/2025\/04\/11530923-origpic-b75339.jpg\",\"datePublished\":\"2025-04-15T09:02:59+00:00\",\"dateModified\":\"2026-04-22T10:48:56+00:00\",\"breadcrumb\":{\"@id\":\"https:\/\/xenonkungen.com\/produkt\/armlampa-led-rod-vit-2pin-kort\/#breadcrumb\"},\"inLanguage\":\"es\",\"potentialAction\":[{\"@type\":\"ReadAction\",\"target\":[\"https:\/\/xenonkungen.com\/produkt\/armlampa-led-rod-vit-2pin-kort\/\"]}]},{\"@type\":\"ImageObject\",\"inLanguage\":\"es\",\"@id\":\"https:\/\/xenonkungen.com\/produkt\/armlampa-led-rod-vit-2pin-kort\/#primaryimage\",\"url\":\"https:\/\/xenonkungen.com\/wp-content\/uploads\/2025\/04\/11530923-origpic-b75339.jpg\",\"contentUrl\":\"https:\/\/xenonkungen.com\/wp-content\/uploads\/2025\/04\/11530923-origpic-b75339.jpg\",\"width\":600,\"height\":600},{\"@type\":\"BreadcrumbList\",\"@id\":\"https:\/\/xenonkungen.com\/produkt\/armlampa-led-rod-vit-2pin-kort\/#breadcrumb\",\"itemListElement\":[{\"@type\":\"ListItem\",\"position\":1,\"name\":\"Hem\",\"item\":\"https:\/\/xenonkungen.com\/\"},{\"@type\":\"ListItem\",\"position\":2,\"name\":\"Shop\",\"item\":\"https:\/\/xenonkungen.com\/shop\/\"},{\"@type\":\"ListItem\",\"position\":3,\"name\":\"Armlampa LED R\u00f6d\/Vit 2PIN (Kort)\"}]},{\"@type\":\"WebSite\",\"@id\":\"https:\/\/xenonkungen.com\/#website\",\"url\":\"https:\/\/xenonkungen.com\/\",\"name\":\"Xenonkungen\",\"description\":\"\",\"potentialAction\":[{\"@type\":\"SearchAction\",\"target\":{\"@type\":\"EntryPoint\",\"urlTemplate\":\"https:\/\/xenonkungen.com\/?s={search_term_string}\"},\"query-input\":{\"@type\":\"PropertyValueSpecification\",\"valueRequired\":true,\"valueName\":\"search_term_string\"}}],\"inLanguage\":\"es\"}]}<\/script>\n<!-- \/ Yoast SEO plugin. -->","yoast_head_json":{"title":"L\u00e1mpara de brazo LED roja\/blanca de 2 pines (corta) - Xen\u00f3n","robots":{"index":"index","follow":"follow","max-snippet":"max-snippet:-1","max-image-preview":"max-image-preview:large","max-video-preview":"max-video-preview:-1"},"canonical":"https:\/\/xenonkungen.com\/es\/producto\/lampara-de-brazo-led-varilla-blanca-2-pines-corta\/","og_locale":"es_ES","og_type":"article","og_title":"Armlampa LED R\u00f6d\/Vit 2PIN (Kort) - Xenonkungen","og_description":"Positionslampa f\u00f6r Front\/Bak med Gummif\u00e4ste: S\u00e4ker och P\u00e5litlig Denna positionslampa erbjuder en flexibel och h\u00e5llbar l\u00f6sning f\u00f6r att \u00f6ka synligheten och s\u00e4kerheten p\u00e5 ditt fordon, utrustad med gummif\u00e4ste och l\u00e4ckagef\u00f6rseglad elektronik. Specifikationer: Anv\u00e4ndning: L\u00e4mplig f\u00f6r montering p\u00e5 fordonets front och bak. Montering: Gummif\u00e4ste f\u00f6r enkel, s\u00e4ker installation och extra skydd mot vibrationer. Elektronik: L\u00e4ckagef\u00f6rseglad f\u00f6r [&hellip;]","og_url":"https:\/\/xenonkungen.com\/es\/producto\/lampara-de-brazo-led-varilla-blanca-2-pines-corta\/","og_site_name":"Xenonkungen","article_modified_time":"2026-04-22T10:48:56+00:00","og_image":[{"width":600,"height":600,"url":"https:\/\/xenonkungen.com\/wp-content\/uploads\/2025\/04\/11530923-origpic-b75339.jpg","type":"image\/jpeg"}],"twitter_card":"summary_large_image","twitter_misc":{"Tiempo de lectura":"1 minuto"},"schema":{"@context":"https:\/\/schema.org","@graph":[{"@type":"WebPage","@id":"https:\/\/xenonkungen.com\/produkt\/armlampa-led-rod-vit-2pin-kort\/","url":"https:\/\/xenonkungen.com\/produkt\/armlampa-led-rod-vit-2pin-kort\/","name":"L\u00e1mpara de brazo LED roja\/blanca de 2 pines (corta) - Xen\u00f3n","isPartOf":{"@id":"https:\/\/xenonkungen.com\/#website"},"primaryImageOfPage":{"@id":"https:\/\/xenonkungen.com\/produkt\/armlampa-led-rod-vit-2pin-kort\/#primaryimage"},"image":{"@id":"https:\/\/xenonkungen.com\/produkt\/armlampa-led-rod-vit-2pin-kort\/#primaryimage"},"thumbnailUrl":"https:\/\/xenonkungen.com\/wp-content\/uploads\/2025\/04\/11530923-origpic-b75339.jpg","datePublished":"2025-04-15T09:02:59+00:00","dateModified":"2026-04-22T10:48:56+00:00","breadcrumb":{"@id":"https:\/\/xenonkungen.com\/produkt\/armlampa-led-rod-vit-2pin-kort\/#breadcrumb"},"inLanguage":"es","potentialAction":[{"@type":"ReadAction","target":["https:\/\/xenonkungen.com\/produkt\/armlampa-led-rod-vit-2pin-kort\/"]}]},{"@type":"ImageObject","inLanguage":"es","@id":"https:\/\/xenonkungen.com\/produkt\/armlampa-led-rod-vit-2pin-kort\/#primaryimage","url":"https:\/\/xenonkungen.com\/wp-content\/uploads\/2025\/04\/11530923-origpic-b75339.jpg","contentUrl":"https:\/\/xenonkungen.com\/wp-content\/uploads\/2025\/04\/11530923-origpic-b75339.jpg","width":600,"height":600},{"@type":"BreadcrumbList","@id":"https:\/\/xenonkungen.com\/produkt\/armlampa-led-rod-vit-2pin-kort\/#breadcrumb","itemListElement":[{"@type":"ListItem","position":1,"name":"Hem","item":"https:\/\/xenonkungen.com\/"},{"@type":"ListItem","position":2,"name":"Shop","item":"https:\/\/xenonkungen.com\/shop\/"},{"@type":"ListItem","position":3,"name":"Armlampa LED R\u00f6d\/Vit 2PIN (Kort)"}]},{"@type":"WebSite","@id":"https:\/\/xenonkungen.com\/#website","url":"https:\/\/xenonkungen.com\/","name":"Xenonkungen","description":"","potentialAction":[{"@type":"SearchAction","target":{"@type":"EntryPoint","urlTemplate":"https:\/\/xenonkungen.com\/?s={search_term_string}"},"query-input":{"@type":"PropertyValueSpecification","valueRequired":true,"valueName":"search_term_string"}}],"inLanguage":"es"}]}},"taxonomy_info":{"anvandningsomrade":[{"value":166,"label":"Lastbil"},{"value":238,"label":"SL\u00c4P"},{"value":2816,"label":"TRAILER"}],"product_brand":[{"value":1252,"label":"LEA"}],"product_cat":[{"value":2815,"label":"Armlampa"},{"value":2478,"label":"Positionsljus"}],"pa_fuktskydd-varde-ipxx":[{"value":333,"label":"IP67"}],"pa_godkannande":[{"value":192,"label":"ECE"}],"pa_storlek-mm":[{"value":1256,"label":"82"}],"pa_stromforbrukning":[{"value":1250,"label":"0,04A@12V"},{"value":1251,"label":"0,04A@24V"}],"pa_volt-v":[{"value":348,"label":"12, 24"}]},"featured_image_src_large":["https:\/\/xenonkungen.com\/wp-content\/uploads\/2025\/04\/11530923-origpic-b75339.jpg",600,600,false],"author_info":[],"comment_info":0,"_links":{"self":[{"href":"https:\/\/xenonkungen.com\/es\/wp-json\/wp\/v2\/product\/3824","targetHints":{"allow":["GET"]}}],"collection":[{"href":"https:\/\/xenonkungen.com\/es\/wp-json\/wp\/v2\/product"}],"about":[{"href":"https:\/\/xenonkungen.com\/es\/wp-json\/wp\/v2\/types\/product"}],"replies":[{"embeddable":true,"href":"https:\/\/xenonkungen.com\/es\/wp-json\/wp\/v2\/comments?post=3824"}],"wp:featuredmedia":[{"embeddable":true,"href":"https:\/\/xenonkungen.com\/es\/wp-json\/wp\/v2\/media\/3825"}],"wp:attachment":[{"href":"https:\/\/xenonkungen.com\/es\/wp-json\/wp\/v2\/media?parent=3824"}],"wp:term":[{"taxonomy":"anvandningsomrade","embeddable":true,"href":"https:\/\/xenonkungen.com\/es\/wp-json\/wp\/v2\/anvandningsomrade?post=3824"},{"taxonomy":"bilmarken","embeddable":true,"href":"https:\/\/xenonkungen.com\/es\/wp-json\/wp\/v2\/bilmarken?post=3824"},{"taxonomy":"product_brand","embeddable":true,"href":"https:\/\/xenonkungen.com\/es\/wp-json\/wp\/v2\/product_brand?post=3824"},{"taxonomy":"product_cat","embeddable":true,"href":"https:\/\/xenonkungen.com\/es\/wp-json\/wp\/v2\/product_cat?post=3824"},{"taxonomy":"product_tag","embeddable":true,"href":"https:\/\/xenonkungen.com\/es\/wp-json\/wp\/v2\/product_tag?post=3824"}],"curies":[{"name":"wp","href":"https:\/\/api.w.org\/{rel}","templated":true}]}}