{"id":3840,"date":"2025-04-15T09:03:05","date_gmt":"2025-04-15T09:03:05","guid":{"rendered":"https:\/\/xenonkungen.com\/product\/armlampa-led-rod-vit-gul-2pin-kort\/"},"modified":"2026-04-24T17:07:11","modified_gmt":"2026-04-24T16:07:11","slug":"lampara-de-brazo-led-rojo-blanco-amarillo-2-pines-corto","status":"publish","type":"product","link":"https:\/\/xenonkungen.com\/es\/producto\/lampara-de-brazo-led-rojo-blanco-amarillo-2-pines-corto\/","title":{"rendered":"Luz de brazo LED rojo\/blanco\/amarillo 2PIN (Tarjeta)"},"content":{"rendered":"<div class=\"container\">\n<h1>Luz de posici\u00f3n con soporte de goma: iluminaci\u00f3n flexible y duradera<\/h1>\n<p>Esta luz de posici\u00f3n ofrece una soluci\u00f3n ideal para mejorar la visibilidad y la seguridad con su montaje flexible y su dise\u00f1o duradero.<\/p>\n<div class=\"specifications\">\n<h2>Especificaciones:<\/h2>\n<ul>\n<li><span class=\"highlight\">\u00dasalo:<\/span> Parte delantera, trasera y lateral del veh\u00edculo.<\/li>\n<li><span class=\"highlight\">Montaje:<\/span> Soporte de goma para una instalaci\u00f3n flexible y duradera.<\/li>\n<li><span class=\"highlight\">Electr\u00f3nica:<\/span> Sellado herm\u00e9tico para protecci\u00f3n contra el agua y el polvo.<\/li>\n<li><span class=\"highlight\">Construcci\u00f3n:<\/span> Resistente a condiciones duras y entornos exigentes.<\/li>\n<\/ul>\n<\/div>\n<div class=\"features\">\n<h2>Caracter\u00edsticas:<\/h2>\n<ul>\n<li>Aumenta la visibilidad del veh\u00edculo para otros usuarios de la carretera en cualquier momento del d\u00eda.<\/li>\n<li>El soporte de goma que amortigua las vibraciones protege contra golpes y vibraciones.<\/li>\n<li>Rendimiento confiable y duradero en condiciones exigentes.<\/li>\n<li>Opci\u00f3n de montaje vers\u00e1til que se adapta a una amplia gama de tipos de veh\u00edculos.<\/li>\n<\/ul>\n<\/div>\n<\/div>\n<p><strong>Multivoltio: <\/strong>12\/24V<br \/><strong>Dimensiones:<\/strong> 82 x 101 x 66 mm<br \/><strong>Protecci\u00f3n contra la humedad:<\/strong> IP67<br \/><strong>Consumo a 13,8 V:<\/strong><br \/>\u2013 Rojo 0,03 A<br \/>- Blanco 0,03A<br \/>\u2013 Amarillo 0,06A<br \/><strong>Conexi\u00f3n el\u00e9ctrica:<\/strong> Cable de 2 clavijas hembra a sistema<br \/><strong>Autorizado:<\/strong> ECE<\/p>\n<p>Versi\u00f3n com\u00fan para el lado izquierdo o derecho del veh\u00edculo.<\/p>\n<p><strong>Garant\u00eda:<\/strong> 5 a\u00f1os<\/p>","protected":false},"excerpt":{"rendered":"<p>Positionslampa med Gummif\u00e4ste: Flexibel och T\u00e5lig Belysning Denna positionslampa erbjuder en idealisk l\u00f6sning f\u00f6r f\u00f6rb\u00e4ttrad synlighet och s\u00e4kerhet med sin flexibla montering och t\u00e5liga design. Specifikationer: Anv\u00e4ndning: Front, bak, sida av fordon. Montering: Gummif\u00e4ste f\u00f6r flexibel och t\u00e5lig installation. Elektronik: L\u00e4ckagef\u00f6rseglad f\u00f6r skydd mot vatten och damm. Konstruktion: T\u00e5lig mot tuffa f\u00f6rh\u00e5llanden och kr\u00e4vande milj\u00f6er. [&hellip;]<\/p>","protected":false},"featured_media":3841,"comment_status":"closed","ping_status":"open","template":"","meta":{"_acf_changed":false,"_smort_price_nok":"385","_smort_price_dkk":"244","_smort_price_eur":"32.73","_smort_sale_price_nok":"","_smort_sale_price_dkk":"","_smort_sale_price_eur":"","smort_restorder":"","shipmondo_restorder":"","_kad_blocks_custom_css":"","_kad_blocks_head_custom_js":"","_kad_blocks_body_custom_js":"","_kad_blocks_footer_custom_js":"","smort_custom_pricelist_1":"201.6","smort_custom_pricelist_2":"201.6","smort_custom_pricelist_3":"191.52","smort_custom_pricelist_4":"288","smort_custom_pricelist_5":"201.6"},"anvandningsomrade":[166,238,2816],"bilmarken":[],"product_brand":[1252],"product_cat":[2815,2478],"product_tag":[],"class_list":{"0":"post-3840","1":"product","2":"type-product","3":"status-publish","4":"has-post-thumbnail","6":"anvandningsomrade-lastbil","7":"anvandningsomrade-slap","8":"anvandningsomrade-trailer","9":"product_brand-lea","10":"product_cat-armlampa","11":"product_cat-positionsljus-slap","12":"pa_fuktskydd-varde-ipxx-ip67","13":"pa_godkannande-ece","14":"pa_storlek-mm-1256","15":"pa_stromforbrukning-006a12v","16":"pa_volt-v-12-24","18":"first","19":"instock","20":"taxable","21":"shipping-taxable","22":"purchasable","23":"product-type-simple"},"bundled_by":[],"bundle_stock_status":"instock","bundle_stock_quantity":2,"bundle_virtual":false,"bundle_layout":"","bundle_add_to_cart_form_location":"","bundle_editable_in_cart":false,"bundle_sold_individually_context":"","bundle_item_grouping":"","bundle_min_size":"","bundle_max_size":"","bundle_price":[],"bundled_items":[],"bundle_sell_ids":[],"acf":[],"yoast_head":"<!-- This site is optimized with the Yoast SEO plugin v27.0 - https:\/\/yoast.com\/product\/yoast-seo-wordpress\/ -->\n<title>Armlampa LED R\u00f6d\/Vit\/Gul 2PIN (Kort) - Xenonkungen<\/title>\n<meta name=\"robots\" content=\"index, follow, max-snippet:-1, max-image-preview:large, max-video-preview:-1\" \/>\n<link rel=\"canonical\" href=\"https:\/\/xenonkungen.com\/es\/producto\/lampara-de-brazo-led-rojo-blanco-amarillo-2-pines-corto\/\" \/>\n<meta property=\"og:locale\" content=\"es_ES\" \/>\n<meta property=\"og:type\" content=\"article\" \/>\n<meta property=\"og:title\" content=\"Armlampa LED R\u00f6d\/Vit\/Gul 2PIN (Kort) - Xenonkungen\" \/>\n<meta property=\"og:description\" content=\"Positionslampa med Gummif\u00e4ste: Flexibel och T\u00e5lig Belysning Denna positionslampa erbjuder en idealisk l\u00f6sning f\u00f6r f\u00f6rb\u00e4ttrad synlighet och s\u00e4kerhet med sin flexibla montering och t\u00e5liga design. Specifikationer: Anv\u00e4ndning: Front, bak, sida av fordon. Montering: Gummif\u00e4ste f\u00f6r flexibel och t\u00e5lig installation. Elektronik: L\u00e4ckagef\u00f6rseglad f\u00f6r skydd mot vatten och damm. Konstruktion: T\u00e5lig mot tuffa f\u00f6rh\u00e5llanden och kr\u00e4vande milj\u00f6er. [&hellip;]\" \/>\n<meta property=\"og:url\" content=\"https:\/\/xenonkungen.com\/es\/producto\/lampara-de-brazo-led-rojo-blanco-amarillo-2-pines-corto\/\" \/>\n<meta property=\"og:site_name\" content=\"Xenonkungen\" \/>\n<meta property=\"article:modified_time\" content=\"2026-04-24T16:07:11+00:00\" \/>\n<meta property=\"og:image\" content=\"https:\/\/xenonkungen.com\/wp-content\/uploads\/2025\/04\/11530926-origpic-8e250f.jpg\" \/>\n\t<meta property=\"og:image:width\" content=\"600\" \/>\n\t<meta property=\"og:image:height\" content=\"600\" \/>\n\t<meta property=\"og:image:type\" content=\"image\/jpeg\" \/>\n<meta name=\"twitter:card\" content=\"summary_large_image\" \/>\n<meta name=\"twitter:label1\" content=\"Tiempo de lectura\" \/>\n\t<meta name=\"twitter:data1\" content=\"1 minuto\" \/>\n<script type=\"application\/ld+json\" class=\"yoast-schema-graph\">{\"@context\":\"https:\/\/schema.org\",\"@graph\":[{\"@type\":\"WebPage\",\"@id\":\"https:\/\/xenonkungen.com\/produkt\/armlampa-led-rod-vit-gul-2pin-kort\/\",\"url\":\"https:\/\/xenonkungen.com\/produkt\/armlampa-led-rod-vit-gul-2pin-kort\/\",\"name\":\"Armlampa LED R\u00f6d\/Vit\/Gul 2PIN (Kort) - Xenonkungen\",\"isPartOf\":{\"@id\":\"https:\/\/xenonkungen.com\/#website\"},\"primaryImageOfPage\":{\"@id\":\"https:\/\/xenonkungen.com\/produkt\/armlampa-led-rod-vit-gul-2pin-kort\/#primaryimage\"},\"image\":{\"@id\":\"https:\/\/xenonkungen.com\/produkt\/armlampa-led-rod-vit-gul-2pin-kort\/#primaryimage\"},\"thumbnailUrl\":\"https:\/\/xenonkungen.com\/wp-content\/uploads\/2025\/04\/11530926-origpic-8e250f.jpg\",\"datePublished\":\"2025-04-15T09:03:05+00:00\",\"dateModified\":\"2026-04-24T16:07:11+00:00\",\"breadcrumb\":{\"@id\":\"https:\/\/xenonkungen.com\/produkt\/armlampa-led-rod-vit-gul-2pin-kort\/#breadcrumb\"},\"inLanguage\":\"es\",\"potentialAction\":[{\"@type\":\"ReadAction\",\"target\":[\"https:\/\/xenonkungen.com\/produkt\/armlampa-led-rod-vit-gul-2pin-kort\/\"]}]},{\"@type\":\"ImageObject\",\"inLanguage\":\"es\",\"@id\":\"https:\/\/xenonkungen.com\/produkt\/armlampa-led-rod-vit-gul-2pin-kort\/#primaryimage\",\"url\":\"https:\/\/xenonkungen.com\/wp-content\/uploads\/2025\/04\/11530926-origpic-8e250f.jpg\",\"contentUrl\":\"https:\/\/xenonkungen.com\/wp-content\/uploads\/2025\/04\/11530926-origpic-8e250f.jpg\",\"width\":600,\"height\":600},{\"@type\":\"BreadcrumbList\",\"@id\":\"https:\/\/xenonkungen.com\/produkt\/armlampa-led-rod-vit-gul-2pin-kort\/#breadcrumb\",\"itemListElement\":[{\"@type\":\"ListItem\",\"position\":1,\"name\":\"Hem\",\"item\":\"https:\/\/xenonkungen.com\/\"},{\"@type\":\"ListItem\",\"position\":2,\"name\":\"Shop\",\"item\":\"https:\/\/xenonkungen.com\/shop\/\"},{\"@type\":\"ListItem\",\"position\":3,\"name\":\"Armlampa LED R\u00f6d\/Vit\/Gul 2PIN (Kort)\"}]},{\"@type\":\"WebSite\",\"@id\":\"https:\/\/xenonkungen.com\/#website\",\"url\":\"https:\/\/xenonkungen.com\/\",\"name\":\"Xenonkungen\",\"description\":\"\",\"potentialAction\":[{\"@type\":\"SearchAction\",\"target\":{\"@type\":\"EntryPoint\",\"urlTemplate\":\"https:\/\/xenonkungen.com\/?s={search_term_string}\"},\"query-input\":{\"@type\":\"PropertyValueSpecification\",\"valueRequired\":true,\"valueName\":\"search_term_string\"}}],\"inLanguage\":\"es\"}]}<\/script>\n<!-- \/ Yoast SEO plugin. -->","yoast_head_json":{"title":"L\u00e1mpara de brazo LED roja\/blanca\/amarilla de 2 pines (corta) - Xen\u00f3n","robots":{"index":"index","follow":"follow","max-snippet":"max-snippet:-1","max-image-preview":"max-image-preview:large","max-video-preview":"max-video-preview:-1"},"canonical":"https:\/\/xenonkungen.com\/es\/producto\/lampara-de-brazo-led-rojo-blanco-amarillo-2-pines-corto\/","og_locale":"es_ES","og_type":"article","og_title":"Armlampa LED R\u00f6d\/Vit\/Gul 2PIN (Kort) - Xenonkungen","og_description":"Positionslampa med Gummif\u00e4ste: Flexibel och T\u00e5lig Belysning Denna positionslampa erbjuder en idealisk l\u00f6sning f\u00f6r f\u00f6rb\u00e4ttrad synlighet och s\u00e4kerhet med sin flexibla montering och t\u00e5liga design. Specifikationer: Anv\u00e4ndning: Front, bak, sida av fordon. Montering: Gummif\u00e4ste f\u00f6r flexibel och t\u00e5lig installation. Elektronik: L\u00e4ckagef\u00f6rseglad f\u00f6r skydd mot vatten och damm. Konstruktion: T\u00e5lig mot tuffa f\u00f6rh\u00e5llanden och kr\u00e4vande milj\u00f6er. [&hellip;]","og_url":"https:\/\/xenonkungen.com\/es\/producto\/lampara-de-brazo-led-rojo-blanco-amarillo-2-pines-corto\/","og_site_name":"Xenonkungen","article_modified_time":"2026-04-24T16:07:11+00:00","og_image":[{"width":600,"height":600,"url":"https:\/\/xenonkungen.com\/wp-content\/uploads\/2025\/04\/11530926-origpic-8e250f.jpg","type":"image\/jpeg"}],"twitter_card":"summary_large_image","twitter_misc":{"Tiempo de lectura":"1 minuto"},"schema":{"@context":"https:\/\/schema.org","@graph":[{"@type":"WebPage","@id":"https:\/\/xenonkungen.com\/produkt\/armlampa-led-rod-vit-gul-2pin-kort\/","url":"https:\/\/xenonkungen.com\/produkt\/armlampa-led-rod-vit-gul-2pin-kort\/","name":"L\u00e1mpara de brazo LED roja\/blanca\/amarilla de 2 pines (corta) - Xen\u00f3n","isPartOf":{"@id":"https:\/\/xenonkungen.com\/#website"},"primaryImageOfPage":{"@id":"https:\/\/xenonkungen.com\/produkt\/armlampa-led-rod-vit-gul-2pin-kort\/#primaryimage"},"image":{"@id":"https:\/\/xenonkungen.com\/produkt\/armlampa-led-rod-vit-gul-2pin-kort\/#primaryimage"},"thumbnailUrl":"https:\/\/xenonkungen.com\/wp-content\/uploads\/2025\/04\/11530926-origpic-8e250f.jpg","datePublished":"2025-04-15T09:03:05+00:00","dateModified":"2026-04-24T16:07:11+00:00","breadcrumb":{"@id":"https:\/\/xenonkungen.com\/produkt\/armlampa-led-rod-vit-gul-2pin-kort\/#breadcrumb"},"inLanguage":"es","potentialAction":[{"@type":"ReadAction","target":["https:\/\/xenonkungen.com\/produkt\/armlampa-led-rod-vit-gul-2pin-kort\/"]}]},{"@type":"ImageObject","inLanguage":"es","@id":"https:\/\/xenonkungen.com\/produkt\/armlampa-led-rod-vit-gul-2pin-kort\/#primaryimage","url":"https:\/\/xenonkungen.com\/wp-content\/uploads\/2025\/04\/11530926-origpic-8e250f.jpg","contentUrl":"https:\/\/xenonkungen.com\/wp-content\/uploads\/2025\/04\/11530926-origpic-8e250f.jpg","width":600,"height":600},{"@type":"BreadcrumbList","@id":"https:\/\/xenonkungen.com\/produkt\/armlampa-led-rod-vit-gul-2pin-kort\/#breadcrumb","itemListElement":[{"@type":"ListItem","position":1,"name":"Hem","item":"https:\/\/xenonkungen.com\/"},{"@type":"ListItem","position":2,"name":"Shop","item":"https:\/\/xenonkungen.com\/shop\/"},{"@type":"ListItem","position":3,"name":"Armlampa LED R\u00f6d\/Vit\/Gul 2PIN (Kort)"}]},{"@type":"WebSite","@id":"https:\/\/xenonkungen.com\/#website","url":"https:\/\/xenonkungen.com\/","name":"Xenonkungen","description":"","potentialAction":[{"@type":"SearchAction","target":{"@type":"EntryPoint","urlTemplate":"https:\/\/xenonkungen.com\/?s={search_term_string}"},"query-input":{"@type":"PropertyValueSpecification","valueRequired":true,"valueName":"search_term_string"}}],"inLanguage":"es"}]}},"taxonomy_info":{"anvandningsomrade":[{"value":166,"label":"Lastbil"},{"value":238,"label":"SL\u00c4P"},{"value":2816,"label":"TRAILER"}],"product_brand":[{"value":1252,"label":"LEA"}],"product_cat":[{"value":2815,"label":"Armlampa"},{"value":2478,"label":"Positionsljus"}],"pa_fuktskydd-varde-ipxx":[{"value":333,"label":"IP67"}],"pa_godkannande":[{"value":192,"label":"ECE"}],"pa_storlek-mm":[{"value":1256,"label":"82"}],"pa_stromforbrukning":[{"value":1259,"label":"0,06A@12V"}],"pa_volt-v":[{"value":348,"label":"12, 24"}]},"featured_image_src_large":["https:\/\/xenonkungen.com\/wp-content\/uploads\/2025\/04\/11530926-origpic-8e250f.jpg",600,600,false],"author_info":[],"comment_info":0,"_links":{"self":[{"href":"https:\/\/xenonkungen.com\/es\/wp-json\/wp\/v2\/product\/3840","targetHints":{"allow":["GET"]}}],"collection":[{"href":"https:\/\/xenonkungen.com\/es\/wp-json\/wp\/v2\/product"}],"about":[{"href":"https:\/\/xenonkungen.com\/es\/wp-json\/wp\/v2\/types\/product"}],"replies":[{"embeddable":true,"href":"https:\/\/xenonkungen.com\/es\/wp-json\/wp\/v2\/comments?post=3840"}],"wp:featuredmedia":[{"embeddable":true,"href":"https:\/\/xenonkungen.com\/es\/wp-json\/wp\/v2\/media\/3841"}],"wp:attachment":[{"href":"https:\/\/xenonkungen.com\/es\/wp-json\/wp\/v2\/media?parent=3840"}],"wp:term":[{"taxonomy":"anvandningsomrade","embeddable":true,"href":"https:\/\/xenonkungen.com\/es\/wp-json\/wp\/v2\/anvandningsomrade?post=3840"},{"taxonomy":"bilmarken","embeddable":true,"href":"https:\/\/xenonkungen.com\/es\/wp-json\/wp\/v2\/bilmarken?post=3840"},{"taxonomy":"product_brand","embeddable":true,"href":"https:\/\/xenonkungen.com\/es\/wp-json\/wp\/v2\/product_brand?post=3840"},{"taxonomy":"product_cat","embeddable":true,"href":"https:\/\/xenonkungen.com\/es\/wp-json\/wp\/v2\/product_cat?post=3840"},{"taxonomy":"product_tag","embeddable":true,"href":"https:\/\/xenonkungen.com\/es\/wp-json\/wp\/v2\/product_tag?post=3840"}],"curies":[{"name":"wp","href":"https:\/\/api.w.org\/{rel}","templated":true}]}}