{"id":3880,"date":"2025-04-15T09:03:26","date_gmt":"2025-04-15T09:03:26","guid":{"rendered":"https:\/\/xenonkungen.com\/product\/baklampa-100bfarrme-rod\/"},"modified":"2026-04-24T17:07:35","modified_gmt":"2026-04-24T16:07:35","slug":"luz-trasera-100bfarrme-roja","status":"publish","type":"product","link":"https:\/\/xenonkungen.com\/es\/producto\/luz-trasera-100bfarrme-roja\/","title":{"rendered":"Luz trasera 100BFARRME Roja"},"content":{"rendered":"<p>Foco combinado de 4 LED para montaje en superficie con embellecedor negro.<br \/>Electr\u00f3nica sellada contra fugas.<\/p>\n<p>Esta combinaci\u00f3n consta de 2 luces traseras\/de freno, 1 luz de giro y 1 luz antiniebla.<\/p>\n<p>Multivoltaje: 12\/24 V CC<br \/>Dimensiones: 430x125x50mm<br \/>Conexi\u00f3n por cable: 40 cm<br \/>Consumo a 13,8 V:<br \/>- Luz de freno 0,74A (\/pc)<br \/>- Luz trasera 0,08A (\/pc)<br \/>- Intermitente 0,68A<br \/>- Luz antiniebla 0,42 A<\/p>\n<p>Garant\u00eda: 5 a\u00f1os<\/p>","protected":false},"excerpt":{"rendered":"<p>4-LED kombinationslampa f\u00f6r utanp\u00e5liggande montage med svart sarg.L\u00e4ckagef\u00f6rseglad elektronik. Denna kombination best\u00e5r av 2st Stopp\/bakljus, 1st Blinkers, 1st Dimljus. Multivolt: 12\/24V DCM\u00e5tt: 430x125x50mmKabelanslutning: 40cmStr\u00f6mf\u00f6rbrukning vid 13.8V:&#8211; Stoppljus 0.74A (\/st)&#8211; Bakljus 0.08A (\/st)&#8211; Blinker 0.68A&#8211; Dimljus 0.42A Garanti: 5 \u00e5r<\/p>","protected":false},"featured_media":3881,"comment_status":"closed","ping_status":"open","template":"","meta":{"_acf_changed":false,"_smort_price_nok":"2083","_smort_price_dkk":"1323","_smort_price_eur":"177.26","_smort_sale_price_nok":"","_smort_sale_price_dkk":"","_smort_sale_price_eur":"","smort_restorder":"","shipmondo_restorder":"","_kad_blocks_custom_css":"","_kad_blocks_head_custom_js":"","_kad_blocks_body_custom_js":"","_kad_blocks_footer_custom_js":"","smort_custom_pricelist_1":"1092","smort_custom_pricelist_2":"1092","smort_custom_pricelist_3":"1037.4","smort_custom_pricelist_4":"1560","smort_custom_pricelist_5":"1092"},"anvandningsomrade":[166,238,2816],"bilmarken":[],"product_brand":[1252],"product_cat":[3048,2552],"product_tag":[],"class_list":{"0":"post-3880","1":"product","2":"type-product","3":"status-publish","4":"has-post-thumbnail","6":"anvandningsomrade-lastbil","7":"anvandningsomrade-slap","8":"anvandningsomrade-trailer","9":"product_brand-lea","10":"product_cat-bakljus-kombination-rektangular","11":"product_cat-bakljus-slap","12":"pa_faktisk-effekts-forbrukning-541","13":"pa_storlek-mm-1270","14":"pa_stromforbrukning-074a138v","15":"pa_volt-v-12-24","17":"first","18":"onbackorder","19":"taxable","20":"shipping-taxable","21":"purchasable","22":"product-type-simple"},"bundled_by":[],"bundle_stock_status":"onbackorder","bundle_stock_quantity":0,"bundle_virtual":false,"bundle_layout":"","bundle_add_to_cart_form_location":"","bundle_editable_in_cart":false,"bundle_sold_individually_context":"","bundle_item_grouping":"","bundle_min_size":"","bundle_max_size":"","bundle_price":[],"bundled_items":[],"bundle_sell_ids":[],"acf":[],"yoast_head":"<!-- This site is optimized with the Yoast SEO plugin v27.0 - https:\/\/yoast.com\/product\/yoast-seo-wordpress\/ -->\n<title>Baklampa 100BFARRME R\u00f6d - Xenonkungen<\/title>\n<meta name=\"robots\" content=\"index, follow, max-snippet:-1, max-image-preview:large, max-video-preview:-1\" \/>\n<link rel=\"canonical\" href=\"https:\/\/xenonkungen.com\/es\/producto\/luz-trasera-100bfarrme-roja\/\" \/>\n<meta property=\"og:locale\" content=\"es_ES\" \/>\n<meta property=\"og:type\" content=\"article\" \/>\n<meta property=\"og:title\" content=\"Baklampa 100BFARRME R\u00f6d - Xenonkungen\" \/>\n<meta property=\"og:description\" content=\"4-LED kombinationslampa f\u00f6r utanp\u00e5liggande montage med svart sarg.L\u00e4ckagef\u00f6rseglad elektronik. Denna kombination best\u00e5r av 2st Stopp\/bakljus, 1st Blinkers, 1st Dimljus. Multivolt: 12\/24V DCM\u00e5tt: 430x125x50mmKabelanslutning: 40cmStr\u00f6mf\u00f6rbrukning vid 13.8V:&#8211; Stoppljus 0.74A (\/st)&#8211; Bakljus 0.08A (\/st)&#8211; Blinker 0.68A&#8211; Dimljus 0.42A Garanti: 5 \u00e5r\" \/>\n<meta property=\"og:url\" content=\"https:\/\/xenonkungen.com\/es\/producto\/luz-trasera-100bfarrme-roja\/\" \/>\n<meta property=\"og:site_name\" content=\"Xenonkungen\" \/>\n<meta property=\"article:modified_time\" content=\"2026-04-24T16:07:35+00:00\" \/>\n<meta property=\"og:image\" content=\"https:\/\/xenonkungen.com\/wp-content\/uploads\/2025\/04\/7347555-origpic-1d3fcc.jpg\" \/>\n\t<meta property=\"og:image:width\" content=\"600\" \/>\n\t<meta property=\"og:image:height\" content=\"600\" \/>\n\t<meta property=\"og:image:type\" content=\"image\/jpeg\" \/>\n<meta name=\"twitter:card\" content=\"summary_large_image\" \/>\n<script type=\"application\/ld+json\" class=\"yoast-schema-graph\">{\"@context\":\"https:\/\/schema.org\",\"@graph\":[{\"@type\":\"WebPage\",\"@id\":\"https:\/\/xenonkungen.com\/produkt\/baklampa-100bfarrme-rod\/\",\"url\":\"https:\/\/xenonkungen.com\/produkt\/baklampa-100bfarrme-rod\/\",\"name\":\"Baklampa 100BFARRME R\u00f6d - Xenonkungen\",\"isPartOf\":{\"@id\":\"https:\/\/xenonkungen.com\/#website\"},\"primaryImageOfPage\":{\"@id\":\"https:\/\/xenonkungen.com\/produkt\/baklampa-100bfarrme-rod\/#primaryimage\"},\"image\":{\"@id\":\"https:\/\/xenonkungen.com\/produkt\/baklampa-100bfarrme-rod\/#primaryimage\"},\"thumbnailUrl\":\"https:\/\/xenonkungen.com\/wp-content\/uploads\/2025\/04\/7347555-origpic-1d3fcc.jpg\",\"datePublished\":\"2025-04-15T09:03:26+00:00\",\"dateModified\":\"2026-04-24T16:07:35+00:00\",\"breadcrumb\":{\"@id\":\"https:\/\/xenonkungen.com\/produkt\/baklampa-100bfarrme-rod\/#breadcrumb\"},\"inLanguage\":\"es\",\"potentialAction\":[{\"@type\":\"ReadAction\",\"target\":[\"https:\/\/xenonkungen.com\/produkt\/baklampa-100bfarrme-rod\/\"]}]},{\"@type\":\"ImageObject\",\"inLanguage\":\"es\",\"@id\":\"https:\/\/xenonkungen.com\/produkt\/baklampa-100bfarrme-rod\/#primaryimage\",\"url\":\"https:\/\/xenonkungen.com\/wp-content\/uploads\/2025\/04\/7347555-origpic-1d3fcc.jpg\",\"contentUrl\":\"https:\/\/xenonkungen.com\/wp-content\/uploads\/2025\/04\/7347555-origpic-1d3fcc.jpg\",\"width\":600,\"height\":600},{\"@type\":\"BreadcrumbList\",\"@id\":\"https:\/\/xenonkungen.com\/produkt\/baklampa-100bfarrme-rod\/#breadcrumb\",\"itemListElement\":[{\"@type\":\"ListItem\",\"position\":1,\"name\":\"Hem\",\"item\":\"https:\/\/xenonkungen.com\/\"},{\"@type\":\"ListItem\",\"position\":2,\"name\":\"Shop\",\"item\":\"https:\/\/xenonkungen.com\/shop\/\"},{\"@type\":\"ListItem\",\"position\":3,\"name\":\"Baklampa 100BFARRME R\u00f6d\"}]},{\"@type\":\"WebSite\",\"@id\":\"https:\/\/xenonkungen.com\/#website\",\"url\":\"https:\/\/xenonkungen.com\/\",\"name\":\"Xenonkungen\",\"description\":\"\",\"potentialAction\":[{\"@type\":\"SearchAction\",\"target\":{\"@type\":\"EntryPoint\",\"urlTemplate\":\"https:\/\/xenonkungen.com\/?s={search_term_string}\"},\"query-input\":{\"@type\":\"PropertyValueSpecification\",\"valueRequired\":true,\"valueName\":\"search_term_string\"}}],\"inLanguage\":\"es\"}]}<\/script>\n<!-- \/ Yoast SEO plugin. -->","yoast_head_json":{"title":"Luz trasera 100BFARRME roja - Xen\u00f3n","robots":{"index":"index","follow":"follow","max-snippet":"max-snippet:-1","max-image-preview":"max-image-preview:large","max-video-preview":"max-video-preview:-1"},"canonical":"https:\/\/xenonkungen.com\/es\/producto\/luz-trasera-100bfarrme-roja\/","og_locale":"es_ES","og_type":"article","og_title":"Baklampa 100BFARRME R\u00f6d - Xenonkungen","og_description":"4-LED kombinationslampa f\u00f6r utanp\u00e5liggande montage med svart sarg.L\u00e4ckagef\u00f6rseglad elektronik. Denna kombination best\u00e5r av 2st Stopp\/bakljus, 1st Blinkers, 1st Dimljus. Multivolt: 12\/24V DCM\u00e5tt: 430x125x50mmKabelanslutning: 40cmStr\u00f6mf\u00f6rbrukning vid 13.8V:&#8211; Stoppljus 0.74A (\/st)&#8211; Bakljus 0.08A (\/st)&#8211; Blinker 0.68A&#8211; Dimljus 0.42A Garanti: 5 \u00e5r","og_url":"https:\/\/xenonkungen.com\/es\/producto\/luz-trasera-100bfarrme-roja\/","og_site_name":"Xenonkungen","article_modified_time":"2026-04-24T16:07:35+00:00","og_image":[{"width":600,"height":600,"url":"https:\/\/xenonkungen.com\/wp-content\/uploads\/2025\/04\/7347555-origpic-1d3fcc.jpg","type":"image\/jpeg"}],"twitter_card":"summary_large_image","schema":{"@context":"https:\/\/schema.org","@graph":[{"@type":"WebPage","@id":"https:\/\/xenonkungen.com\/produkt\/baklampa-100bfarrme-rod\/","url":"https:\/\/xenonkungen.com\/produkt\/baklampa-100bfarrme-rod\/","name":"Luz trasera 100BFARRME roja - Xen\u00f3n","isPartOf":{"@id":"https:\/\/xenonkungen.com\/#website"},"primaryImageOfPage":{"@id":"https:\/\/xenonkungen.com\/produkt\/baklampa-100bfarrme-rod\/#primaryimage"},"image":{"@id":"https:\/\/xenonkungen.com\/produkt\/baklampa-100bfarrme-rod\/#primaryimage"},"thumbnailUrl":"https:\/\/xenonkungen.com\/wp-content\/uploads\/2025\/04\/7347555-origpic-1d3fcc.jpg","datePublished":"2025-04-15T09:03:26+00:00","dateModified":"2026-04-24T16:07:35+00:00","breadcrumb":{"@id":"https:\/\/xenonkungen.com\/produkt\/baklampa-100bfarrme-rod\/#breadcrumb"},"inLanguage":"es","potentialAction":[{"@type":"ReadAction","target":["https:\/\/xenonkungen.com\/produkt\/baklampa-100bfarrme-rod\/"]}]},{"@type":"ImageObject","inLanguage":"es","@id":"https:\/\/xenonkungen.com\/produkt\/baklampa-100bfarrme-rod\/#primaryimage","url":"https:\/\/xenonkungen.com\/wp-content\/uploads\/2025\/04\/7347555-origpic-1d3fcc.jpg","contentUrl":"https:\/\/xenonkungen.com\/wp-content\/uploads\/2025\/04\/7347555-origpic-1d3fcc.jpg","width":600,"height":600},{"@type":"BreadcrumbList","@id":"https:\/\/xenonkungen.com\/produkt\/baklampa-100bfarrme-rod\/#breadcrumb","itemListElement":[{"@type":"ListItem","position":1,"name":"Hem","item":"https:\/\/xenonkungen.com\/"},{"@type":"ListItem","position":2,"name":"Shop","item":"https:\/\/xenonkungen.com\/shop\/"},{"@type":"ListItem","position":3,"name":"Baklampa 100BFARRME R\u00f6d"}]},{"@type":"WebSite","@id":"https:\/\/xenonkungen.com\/#website","url":"https:\/\/xenonkungen.com\/","name":"Xenonkungen","description":"","potentialAction":[{"@type":"SearchAction","target":{"@type":"EntryPoint","urlTemplate":"https:\/\/xenonkungen.com\/?s={search_term_string}"},"query-input":{"@type":"PropertyValueSpecification","valueRequired":true,"valueName":"search_term_string"}}],"inLanguage":"es"}]}},"taxonomy_info":{"anvandningsomrade":[{"value":166,"label":"Lastbil"},{"value":238,"label":"SL\u00c4P"},{"value":2816,"label":"TRAILER"}],"product_brand":[{"value":1252,"label":"LEA"}],"product_cat":[{"value":3048,"label":"Bakljus Kombination Rektangul\u00e4r"},{"value":2552,"label":"Bakljus"}],"pa_faktisk-effekts-forbrukning":[{"value":541,"label":"10"}],"pa_storlek-mm":[{"value":1270,"label":"430"}],"pa_stromforbrukning":[{"value":1269,"label":"0,74A@13,8V"}],"pa_volt-v":[{"value":348,"label":"12, 24"}]},"featured_image_src_large":["https:\/\/xenonkungen.com\/wp-content\/uploads\/2025\/04\/7347555-origpic-1d3fcc.jpg",600,600,false],"author_info":[],"comment_info":0,"_links":{"self":[{"href":"https:\/\/xenonkungen.com\/es\/wp-json\/wp\/v2\/product\/3880","targetHints":{"allow":["GET"]}}],"collection":[{"href":"https:\/\/xenonkungen.com\/es\/wp-json\/wp\/v2\/product"}],"about":[{"href":"https:\/\/xenonkungen.com\/es\/wp-json\/wp\/v2\/types\/product"}],"replies":[{"embeddable":true,"href":"https:\/\/xenonkungen.com\/es\/wp-json\/wp\/v2\/comments?post=3880"}],"wp:featuredmedia":[{"embeddable":true,"href":"https:\/\/xenonkungen.com\/es\/wp-json\/wp\/v2\/media\/3881"}],"wp:attachment":[{"href":"https:\/\/xenonkungen.com\/es\/wp-json\/wp\/v2\/media?parent=3880"}],"wp:term":[{"taxonomy":"anvandningsomrade","embeddable":true,"href":"https:\/\/xenonkungen.com\/es\/wp-json\/wp\/v2\/anvandningsomrade?post=3880"},{"taxonomy":"bilmarken","embeddable":true,"href":"https:\/\/xenonkungen.com\/es\/wp-json\/wp\/v2\/bilmarken?post=3880"},{"taxonomy":"product_brand","embeddable":true,"href":"https:\/\/xenonkungen.com\/es\/wp-json\/wp\/v2\/product_brand?post=3880"},{"taxonomy":"product_cat","embeddable":true,"href":"https:\/\/xenonkungen.com\/es\/wp-json\/wp\/v2\/product_cat?post=3880"},{"taxonomy":"product_tag","embeddable":true,"href":"https:\/\/xenonkungen.com\/es\/wp-json\/wp\/v2\/product_tag?post=3880"}],"curies":[{"name":"wp","href":"https:\/\/api.w.org\/{rel}","templated":true}]}}