{"id":3892,"date":"2025-04-15T09:03:26","date_gmt":"2025-04-15T09:03:26","guid":{"rendered":"https:\/\/xenonkungen.com\/product\/baklampa-100bstime-rod\/"},"modified":"2026-04-24T17:07:41","modified_gmt":"2026-04-24T16:07:41","slug":"luz-trasera-100bstime-rod","status":"publish","type":"product","link":"https:\/\/xenonkungen.com\/es\/producto\/luz-trasera-100bstime-rod\/","title":{"rendered":"Luz trasera 100BSTIME Rojo"},"content":{"rendered":"<h1>Nuestra l\u00e1mpara combinada con embellecedor negro<\/h1>\n<p>Con un elegante bisel negro y unas impresionantes dimensiones de 120x120x31 mm, nuestra luz combinada es la soluci\u00f3n perfecta para mejorar tanto la est\u00e9tica como la funcionalidad de su veh\u00edculo. Esta l\u00e1mpara est\u00e1 dise\u00f1ada para ofrecer una iluminaci\u00f3n fiable y un alto rendimiento, manteniendo al mismo tiempo un dise\u00f1o moderno y elegante.<\/p>\n<h2>Especificaciones t\u00e9cnicas:<\/h2>\n<div class=\"specifications\">\n<ul>\n<li><strong>Multivoltio:<\/strong> Este piloto combinado es vers\u00e1til y compatible tanto con sistemas de 12 V como de 24 V CC, lo que le proporciona flexibilidad para utilizarlo en distintos tipos de veh\u00edculos y con diferentes sistemas el\u00e9ctricos.<\/li>\n<li><strong>Dimensiones:<\/strong> Con sus compactas dimensiones de 120x120x31 mm, esta l\u00e1mpara encaja perfectamente en diversas partes de su veh\u00edculo. El embellecedor negro no solo le da un aspecto elegante, sino que tambi\u00e9n la protege de da\u00f1os y desgaste.<\/li>\n<li><strong>Electr\u00f3nica sellada contra fugas:<\/strong> Una de las caracter\u00edsticas m\u00e1s impresionantes de este foco combinado es su sistema electr\u00f3nico estanco. Est\u00e1 dise\u00f1ada para soportar condiciones meteorol\u00f3gicas adversas y la entrada de agua, lo que la hace ideal para su uso en exteriores y en diversas condiciones del terreno. Tanto si llueve como si nieva o se ensucia, puede confiar en que esta linterna funcionar\u00e1 de forma fiable y proporcionar\u00e1 una iluminaci\u00f3n constante.<\/li>\n<li><strong>Conexi\u00f3n por cable:<\/strong> Con un generoso cable de conexi\u00f3n de 40 cm, esta luz te ofrece flexibilidad en t\u00e9rminos de instalaci\u00f3n. Podr\u00e1s conectarla f\u00e1cilmente al sistema electr\u00f3nico de tu veh\u00edculo sin problemas y colocarla donde mejor encaje.<\/li>\n<\/ul>\n<\/div>\n<h2>Consumo a 13,8 V:<\/h2>\n<div class=\"specifications\">\n<ul>\n<li><strong>Luz de freno:<\/strong> Con un voltaje de 13,8 V, la luz de freno consume s\u00f3lo 0,27 A. Se trata de una soluci\u00f3n energ\u00e9ticamente eficiente que reduce la carga del sistema de tu veh\u00edculo a la vez que proporciona una fuente de luz potente y fiable.<\/li>\n<li><strong>Luces traseras:<\/strong> Con un consumo de corriente m\u00ednimo de s\u00f3lo 0,04 A, la luz trasera le ayuda a ahorrar energ\u00eda y a mantener su instalaci\u00f3n el\u00e9ctrica en excelentes condiciones.<\/li>\n<li><strong>Intermitente:<\/strong> La funci\u00f3n intermitente requiere s\u00f3lo 0,18 A, proporcionando se\u00f1ales intermitentes claras y visibles que mejoran la seguridad vial.<\/li>\n<\/ul>\n<\/div>\n<h2>Garant\u00eda:<\/h2>\n<p>Para su total tranquilidad, le ofrecemos una impresionante garant\u00eda de 5 a\u00f1os para esta l\u00e1mpara combinada. Es una prueba clara de nuestra convicci\u00f3n en su alta calidad, durabilidad y fiabilidad.<\/p>\n<p>En resumen, nuestro piloto combinado con bisel negro es una excelente inversi\u00f3n para mejorar tanto el aspecto como la funcionalidad de su veh\u00edculo. Est\u00e1 dise\u00f1ado con cuidado y atenci\u00f3n para garantizar que ofrece un rendimiento constante durante mucho tiempo. Tanto si lo necesita para coches, camiones u otros veh\u00edculos, ser\u00e1 un compa\u00f1ero fiable en la carretera, proporcion\u00e1ndole seguridad y visibilidad.<\/p>","protected":false},"excerpt":{"rendered":"<p>V\u00e5r kombinationslampa med svart sarg Med en elegant svart sarg och imponerande m\u00e5tt p\u00e5 120x120x31 mm \u00e4r v\u00e5r kombinationslampa den perfekta l\u00f6sningen f\u00f6r att f\u00f6rb\u00e4ttra b\u00e5de estetiken och funktionaliteten p\u00e5 ditt fordon. Denna lampa \u00e4r utformad f\u00f6r att erbjuda p\u00e5litlig belysning och h\u00f6g prestanda samtidigt som den har en modern och stilren design. Tekniska Specifikationer: [&hellip;]<\/p>","protected":false},"featured_media":3893,"comment_status":"closed","ping_status":"open","template":"","meta":{"_acf_changed":false,"_smort_price_nok":"555","_smort_price_dkk":"353","_smort_price_eur":"47.27","_smort_sale_price_nok":"","_smort_sale_price_dkk":"","_smort_sale_price_eur":"","smort_restorder":"","shipmondo_restorder":"","_kad_blocks_custom_css":"","_kad_blocks_head_custom_js":"","_kad_blocks_body_custom_js":"","_kad_blocks_footer_custom_js":"","smort_custom_pricelist_1":"291.2","smort_custom_pricelist_2":"291.2","smort_custom_pricelist_3":"276.64","smort_custom_pricelist_4":"416","smort_custom_pricelist_5":"291.2"},"anvandningsomrade":[166,238,2816],"bilmarken":[],"product_brand":[1252],"product_cat":[3045,2552],"product_tag":[],"class_list":{"0":"post-3892","1":"product","2":"type-product","3":"status-publish","4":"has-post-thumbnail","6":"anvandningsomrade-lastbil","7":"anvandningsomrade-slap","8":"anvandningsomrade-trailer","9":"product_brand-lea","10":"product_cat-bakljus-kombination-kompakt","11":"product_cat-bakljus-slap","12":"pa_stromforbrukning-074a138v","13":"pa_volt-v-12-24","15":"first","16":"onbackorder","17":"taxable","18":"shipping-taxable","19":"purchasable","20":"product-type-simple"},"bundled_by":[],"bundle_stock_status":"onbackorder","bundle_stock_quantity":0,"bundle_virtual":false,"bundle_layout":"","bundle_add_to_cart_form_location":"","bundle_editable_in_cart":false,"bundle_sold_individually_context":"","bundle_item_grouping":"","bundle_min_size":"","bundle_max_size":"","bundle_price":[],"bundled_items":[],"bundle_sell_ids":[],"acf":[],"yoast_head":"<!-- This site is optimized with the Yoast SEO plugin v27.0 - https:\/\/yoast.com\/product\/yoast-seo-wordpress\/ -->\n<title>Baklampa 100BSTIME R\u00f6d - Xenonkungen<\/title>\n<meta name=\"robots\" content=\"index, follow, max-snippet:-1, max-image-preview:large, max-video-preview:-1\" \/>\n<link rel=\"canonical\" href=\"https:\/\/xenonkungen.com\/es\/producto\/luz-trasera-100bstime-rod\/\" \/>\n<meta property=\"og:locale\" content=\"es_ES\" \/>\n<meta property=\"og:type\" content=\"article\" \/>\n<meta property=\"og:title\" content=\"Baklampa 100BSTIME R\u00f6d - Xenonkungen\" \/>\n<meta property=\"og:description\" content=\"V\u00e5r kombinationslampa med svart sarg Med en elegant svart sarg och imponerande m\u00e5tt p\u00e5 120x120x31 mm \u00e4r v\u00e5r kombinationslampa den perfekta l\u00f6sningen f\u00f6r att f\u00f6rb\u00e4ttra b\u00e5de estetiken och funktionaliteten p\u00e5 ditt fordon. Denna lampa \u00e4r utformad f\u00f6r att erbjuda p\u00e5litlig belysning och h\u00f6g prestanda samtidigt som den har en modern och stilren design. Tekniska Specifikationer: [&hellip;]\" \/>\n<meta property=\"og:url\" content=\"https:\/\/xenonkungen.com\/es\/producto\/luz-trasera-100bstime-rod\/\" \/>\n<meta property=\"og:site_name\" content=\"Xenonkungen\" \/>\n<meta property=\"article:modified_time\" content=\"2026-04-24T16:07:41+00:00\" \/>\n<meta property=\"og:image\" content=\"https:\/\/xenonkungen.com\/wp-content\/uploads\/2025\/04\/7258987-origpic-af48de.jpg\" \/>\n\t<meta property=\"og:image:width\" content=\"800\" \/>\n\t<meta property=\"og:image:height\" content=\"800\" \/>\n\t<meta property=\"og:image:type\" content=\"image\/jpeg\" \/>\n<meta name=\"twitter:card\" content=\"summary_large_image\" \/>\n<meta name=\"twitter:label1\" content=\"Tiempo de lectura\" \/>\n\t<meta name=\"twitter:data1\" content=\"2 minutos\" \/>\n<script type=\"application\/ld+json\" class=\"yoast-schema-graph\">{\"@context\":\"https:\/\/schema.org\",\"@graph\":[{\"@type\":\"WebPage\",\"@id\":\"https:\/\/xenonkungen.com\/produkt\/baklampa-100bstime-rod\/\",\"url\":\"https:\/\/xenonkungen.com\/produkt\/baklampa-100bstime-rod\/\",\"name\":\"Baklampa 100BSTIME R\u00f6d - Xenonkungen\",\"isPartOf\":{\"@id\":\"https:\/\/xenonkungen.com\/#website\"},\"primaryImageOfPage\":{\"@id\":\"https:\/\/xenonkungen.com\/produkt\/baklampa-100bstime-rod\/#primaryimage\"},\"image\":{\"@id\":\"https:\/\/xenonkungen.com\/produkt\/baklampa-100bstime-rod\/#primaryimage\"},\"thumbnailUrl\":\"https:\/\/xenonkungen.com\/wp-content\/uploads\/2025\/04\/7258987-origpic-af48de.jpg\",\"datePublished\":\"2025-04-15T09:03:26+00:00\",\"dateModified\":\"2026-04-24T16:07:41+00:00\",\"breadcrumb\":{\"@id\":\"https:\/\/xenonkungen.com\/produkt\/baklampa-100bstime-rod\/#breadcrumb\"},\"inLanguage\":\"es\",\"potentialAction\":[{\"@type\":\"ReadAction\",\"target\":[\"https:\/\/xenonkungen.com\/produkt\/baklampa-100bstime-rod\/\"]}]},{\"@type\":\"ImageObject\",\"inLanguage\":\"es\",\"@id\":\"https:\/\/xenonkungen.com\/produkt\/baklampa-100bstime-rod\/#primaryimage\",\"url\":\"https:\/\/xenonkungen.com\/wp-content\/uploads\/2025\/04\/7258987-origpic-af48de.jpg\",\"contentUrl\":\"https:\/\/xenonkungen.com\/wp-content\/uploads\/2025\/04\/7258987-origpic-af48de.jpg\",\"width\":800,\"height\":800},{\"@type\":\"BreadcrumbList\",\"@id\":\"https:\/\/xenonkungen.com\/produkt\/baklampa-100bstime-rod\/#breadcrumb\",\"itemListElement\":[{\"@type\":\"ListItem\",\"position\":1,\"name\":\"Hem\",\"item\":\"https:\/\/xenonkungen.com\/\"},{\"@type\":\"ListItem\",\"position\":2,\"name\":\"Shop\",\"item\":\"https:\/\/xenonkungen.com\/shop\/\"},{\"@type\":\"ListItem\",\"position\":3,\"name\":\"Baklampa 100BSTIME R\u00f6d\"}]},{\"@type\":\"WebSite\",\"@id\":\"https:\/\/xenonkungen.com\/#website\",\"url\":\"https:\/\/xenonkungen.com\/\",\"name\":\"Xenonkungen\",\"description\":\"\",\"potentialAction\":[{\"@type\":\"SearchAction\",\"target\":{\"@type\":\"EntryPoint\",\"urlTemplate\":\"https:\/\/xenonkungen.com\/?s={search_term_string}\"},\"query-input\":{\"@type\":\"PropertyValueSpecification\",\"valueRequired\":true,\"valueName\":\"search_term_string\"}}],\"inLanguage\":\"es\"}]}<\/script>\n<!-- \/ Yoast SEO plugin. -->","yoast_head_json":{"title":"Luz trasera 100BSTIME roja - Xen\u00f3n","robots":{"index":"index","follow":"follow","max-snippet":"max-snippet:-1","max-image-preview":"max-image-preview:large","max-video-preview":"max-video-preview:-1"},"canonical":"https:\/\/xenonkungen.com\/es\/producto\/luz-trasera-100bstime-rod\/","og_locale":"es_ES","og_type":"article","og_title":"Baklampa 100BSTIME R\u00f6d - Xenonkungen","og_description":"V\u00e5r kombinationslampa med svart sarg Med en elegant svart sarg och imponerande m\u00e5tt p\u00e5 120x120x31 mm \u00e4r v\u00e5r kombinationslampa den perfekta l\u00f6sningen f\u00f6r att f\u00f6rb\u00e4ttra b\u00e5de estetiken och funktionaliteten p\u00e5 ditt fordon. Denna lampa \u00e4r utformad f\u00f6r att erbjuda p\u00e5litlig belysning och h\u00f6g prestanda samtidigt som den har en modern och stilren design. Tekniska Specifikationer: [&hellip;]","og_url":"https:\/\/xenonkungen.com\/es\/producto\/luz-trasera-100bstime-rod\/","og_site_name":"Xenonkungen","article_modified_time":"2026-04-24T16:07:41+00:00","og_image":[{"width":800,"height":800,"url":"https:\/\/xenonkungen.com\/wp-content\/uploads\/2025\/04\/7258987-origpic-af48de.jpg","type":"image\/jpeg"}],"twitter_card":"summary_large_image","twitter_misc":{"Tiempo de lectura":"2 minutos"},"schema":{"@context":"https:\/\/schema.org","@graph":[{"@type":"WebPage","@id":"https:\/\/xenonkungen.com\/produkt\/baklampa-100bstime-rod\/","url":"https:\/\/xenonkungen.com\/produkt\/baklampa-100bstime-rod\/","name":"Luz trasera 100BSTIME roja - Xen\u00f3n","isPartOf":{"@id":"https:\/\/xenonkungen.com\/#website"},"primaryImageOfPage":{"@id":"https:\/\/xenonkungen.com\/produkt\/baklampa-100bstime-rod\/#primaryimage"},"image":{"@id":"https:\/\/xenonkungen.com\/produkt\/baklampa-100bstime-rod\/#primaryimage"},"thumbnailUrl":"https:\/\/xenonkungen.com\/wp-content\/uploads\/2025\/04\/7258987-origpic-af48de.jpg","datePublished":"2025-04-15T09:03:26+00:00","dateModified":"2026-04-24T16:07:41+00:00","breadcrumb":{"@id":"https:\/\/xenonkungen.com\/produkt\/baklampa-100bstime-rod\/#breadcrumb"},"inLanguage":"es","potentialAction":[{"@type":"ReadAction","target":["https:\/\/xenonkungen.com\/produkt\/baklampa-100bstime-rod\/"]}]},{"@type":"ImageObject","inLanguage":"es","@id":"https:\/\/xenonkungen.com\/produkt\/baklampa-100bstime-rod\/#primaryimage","url":"https:\/\/xenonkungen.com\/wp-content\/uploads\/2025\/04\/7258987-origpic-af48de.jpg","contentUrl":"https:\/\/xenonkungen.com\/wp-content\/uploads\/2025\/04\/7258987-origpic-af48de.jpg","width":800,"height":800},{"@type":"BreadcrumbList","@id":"https:\/\/xenonkungen.com\/produkt\/baklampa-100bstime-rod\/#breadcrumb","itemListElement":[{"@type":"ListItem","position":1,"name":"Hem","item":"https:\/\/xenonkungen.com\/"},{"@type":"ListItem","position":2,"name":"Shop","item":"https:\/\/xenonkungen.com\/shop\/"},{"@type":"ListItem","position":3,"name":"Baklampa 100BSTIME R\u00f6d"}]},{"@type":"WebSite","@id":"https:\/\/xenonkungen.com\/#website","url":"https:\/\/xenonkungen.com\/","name":"Xenonkungen","description":"","potentialAction":[{"@type":"SearchAction","target":{"@type":"EntryPoint","urlTemplate":"https:\/\/xenonkungen.com\/?s={search_term_string}"},"query-input":{"@type":"PropertyValueSpecification","valueRequired":true,"valueName":"search_term_string"}}],"inLanguage":"es"}]}},"taxonomy_info":{"anvandningsomrade":[{"value":166,"label":"Lastbil"},{"value":238,"label":"SL\u00c4P"},{"value":2816,"label":"TRAILER"}],"product_brand":[{"value":1252,"label":"LEA"}],"product_cat":[{"value":3045,"label":"Bakljus Kombination Kompakt"},{"value":2552,"label":"Bakljus"}],"pa_stromforbrukning":[{"value":1269,"label":"0,74A@13,8V"}],"pa_volt-v":[{"value":348,"label":"12, 24"}]},"featured_image_src_large":["https:\/\/xenonkungen.com\/wp-content\/uploads\/2025\/04\/7258987-origpic-af48de.jpg",800,800,false],"author_info":[],"comment_info":0,"_links":{"self":[{"href":"https:\/\/xenonkungen.com\/es\/wp-json\/wp\/v2\/product\/3892","targetHints":{"allow":["GET"]}}],"collection":[{"href":"https:\/\/xenonkungen.com\/es\/wp-json\/wp\/v2\/product"}],"about":[{"href":"https:\/\/xenonkungen.com\/es\/wp-json\/wp\/v2\/types\/product"}],"replies":[{"embeddable":true,"href":"https:\/\/xenonkungen.com\/es\/wp-json\/wp\/v2\/comments?post=3892"}],"wp:featuredmedia":[{"embeddable":true,"href":"https:\/\/xenonkungen.com\/es\/wp-json\/wp\/v2\/media\/3893"}],"wp:attachment":[{"href":"https:\/\/xenonkungen.com\/es\/wp-json\/wp\/v2\/media?parent=3892"}],"wp:term":[{"taxonomy":"anvandningsomrade","embeddable":true,"href":"https:\/\/xenonkungen.com\/es\/wp-json\/wp\/v2\/anvandningsomrade?post=3892"},{"taxonomy":"bilmarken","embeddable":true,"href":"https:\/\/xenonkungen.com\/es\/wp-json\/wp\/v2\/bilmarken?post=3892"},{"taxonomy":"product_brand","embeddable":true,"href":"https:\/\/xenonkungen.com\/es\/wp-json\/wp\/v2\/product_brand?post=3892"},{"taxonomy":"product_cat","embeddable":true,"href":"https:\/\/xenonkungen.com\/es\/wp-json\/wp\/v2\/product_cat?post=3892"},{"taxonomy":"product_tag","embeddable":true,"href":"https:\/\/xenonkungen.com\/es\/wp-json\/wp\/v2\/product_tag?post=3892"}],"curies":[{"name":"wp","href":"https:\/\/api.w.org\/{rel}","templated":true}]}}