{"id":3895,"date":"2025-04-15T09:03:31","date_gmt":"2025-04-15T09:03:31","guid":{"rendered":"https:\/\/xenonkungen.com\/product\/baklampa-100bstiwfmle-rod\/"},"modified":"2026-04-24T17:07:42","modified_gmt":"2026-04-24T16:07:42","slug":"varilla-de-luz-trasera-100bstiwfmle","status":"publish","type":"product","link":"https:\/\/xenonkungen.com\/es\/producto\/varilla-de-luz-trasera-100bstiwfmle\/","title":{"rendered":"Luz trasera 100BSTIWFMLE Rojo"},"content":{"rendered":"<p>Luz combinada de triple LED para montaje en superficie con embellecedor negro.<br \/>Electr\u00f3nica sellada contra fugas.<\/p>\n<p>Versi\u00f3n para <strong>Izquierda<\/strong> lado del veh\u00edculo.<br \/>Esta combinaci\u00f3n consta de 1 luz de freno\/trasera\/intermitente, 1 luz de marcha atr\u00e1s, 1 luz antiniebla.<\/p>\n<p>Multivoltaje: 12\/24 V CC<br \/>Dimensiones: 350x120x31 mm<br \/>Conexi\u00f3n por cable: 40 cm<br \/>Consumo a 13,8 V:<br \/>- Luz de freno 0,27A<br \/>- Luz trasera 0,04A<br \/>- Intermitente 0,18A<br \/>- Luz antiniebla 0,42 A<br \/>- Retroiluminaci\u00f3n 0,34 A<\/p>\n<p>Garant\u00eda: 5 a\u00f1os<\/p>","protected":false},"excerpt":{"rendered":"<p>Trippel LED kombinationslampa f\u00f6r utanp\u00e5liggande montage med svart sarg.L\u00e4ckagef\u00f6rseglad elektronik. Version f\u00f6r V\u00e4nster fordonssida.Denna kombination best\u00e5r av 1st Stopp\/bakljus\/blinker, 1st Backljus, 1st Dimljus. Multivolt: 12\/24V DCM\u00e5tt: 350x120x31mmKabelanslutning: 40cmStr\u00f6mf\u00f6rbrukning vid 13.8V:&#8211; Stoppljus 0.27A&#8211; Bakljus 0.04A&#8211; Blinker 0.18A&#8211; Dimljus 0.42A&#8211; Backljus 0.34A Garanti: 5 \u00e5r<\/p>","protected":false},"featured_media":3896,"comment_status":"closed","ping_status":"open","template":"","meta":{"_acf_changed":false,"_smort_price_nok":"2061","_smort_price_dkk":"1310","_smort_price_eur":"175.45","_smort_sale_price_nok":"","_smort_sale_price_dkk":"","_smort_sale_price_eur":"","smort_restorder":"","shipmondo_restorder":"","_kad_blocks_custom_css":"","_kad_blocks_head_custom_js":"","_kad_blocks_body_custom_js":"","_kad_blocks_footer_custom_js":"","smort_custom_pricelist_1":"1080.8","smort_custom_pricelist_2":"1080.8","smort_custom_pricelist_3":"1026.76","smort_custom_pricelist_4":"1544","smort_custom_pricelist_5":"1080.8"},"anvandningsomrade":[166,238,2816],"bilmarken":[],"product_brand":[1252],"product_cat":[3048,2552],"product_tag":[],"class_list":{"0":"post-3895","1":"product","2":"type-product","3":"status-publish","4":"has-post-thumbnail","6":"anvandningsomrade-lastbil","7":"anvandningsomrade-slap","8":"anvandningsomrade-trailer","9":"product_brand-lea","10":"product_cat-bakljus-kombination-rektangular","11":"product_cat-bakljus-slap","12":"pa_faktisk-effekts-forbrukning-1271","13":"pa_stromforbrukning-074a138v","14":"pa_volt-v-12-24","16":"first","17":"onbackorder","18":"taxable","19":"shipping-taxable","20":"purchasable","21":"product-type-simple"},"bundled_by":[],"bundle_stock_status":"onbackorder","bundle_stock_quantity":0,"bundle_virtual":false,"bundle_layout":"","bundle_add_to_cart_form_location":"","bundle_editable_in_cart":false,"bundle_sold_individually_context":"","bundle_item_grouping":"","bundle_min_size":"","bundle_max_size":"","bundle_price":[],"bundled_items":[],"bundle_sell_ids":[],"acf":[],"yoast_head":"<!-- This site is optimized with the Yoast SEO plugin v27.0 - https:\/\/yoast.com\/product\/yoast-seo-wordpress\/ -->\n<title>Baklampa 100BSTIWFMLE R\u00f6d - Xenonkungen<\/title>\n<meta name=\"robots\" content=\"index, follow, max-snippet:-1, max-image-preview:large, max-video-preview:-1\" \/>\n<link rel=\"canonical\" href=\"https:\/\/xenonkungen.com\/es\/producto\/varilla-de-luz-trasera-100bstiwfmle\/\" \/>\n<meta property=\"og:locale\" content=\"es_ES\" \/>\n<meta property=\"og:type\" content=\"article\" \/>\n<meta property=\"og:title\" content=\"Baklampa 100BSTIWFMLE R\u00f6d - Xenonkungen\" \/>\n<meta property=\"og:description\" content=\"Trippel LED kombinationslampa f\u00f6r utanp\u00e5liggande montage med svart sarg.L\u00e4ckagef\u00f6rseglad elektronik. Version f\u00f6r V\u00e4nster fordonssida.Denna kombination best\u00e5r av 1st Stopp\/bakljus\/blinker, 1st Backljus, 1st Dimljus. Multivolt: 12\/24V DCM\u00e5tt: 350x120x31mmKabelanslutning: 40cmStr\u00f6mf\u00f6rbrukning vid 13.8V:&#8211; Stoppljus 0.27A&#8211; Bakljus 0.04A&#8211; Blinker 0.18A&#8211; Dimljus 0.42A&#8211; Backljus 0.34A Garanti: 5 \u00e5r\" \/>\n<meta property=\"og:url\" content=\"https:\/\/xenonkungen.com\/es\/producto\/varilla-de-luz-trasera-100bstiwfmle\/\" \/>\n<meta property=\"og:site_name\" content=\"Xenonkungen\" \/>\n<meta property=\"article:modified_time\" content=\"2026-04-24T16:07:42+00:00\" \/>\n<meta property=\"og:image\" content=\"https:\/\/xenonkungen.com\/wp-content\/uploads\/2025\/04\/7346812-origpic-dbcb77.jpg\" \/>\n\t<meta property=\"og:image:width\" content=\"600\" \/>\n\t<meta property=\"og:image:height\" content=\"600\" \/>\n\t<meta property=\"og:image:type\" content=\"image\/jpeg\" \/>\n<meta name=\"twitter:card\" content=\"summary_large_image\" \/>\n<script type=\"application\/ld+json\" class=\"yoast-schema-graph\">{\"@context\":\"https:\/\/schema.org\",\"@graph\":[{\"@type\":\"WebPage\",\"@id\":\"https:\/\/xenonkungen.com\/produkt\/baklampa-100bstiwfmle-rod\/\",\"url\":\"https:\/\/xenonkungen.com\/produkt\/baklampa-100bstiwfmle-rod\/\",\"name\":\"Baklampa 100BSTIWFMLE R\u00f6d - Xenonkungen\",\"isPartOf\":{\"@id\":\"https:\/\/xenonkungen.com\/#website\"},\"primaryImageOfPage\":{\"@id\":\"https:\/\/xenonkungen.com\/produkt\/baklampa-100bstiwfmle-rod\/#primaryimage\"},\"image\":{\"@id\":\"https:\/\/xenonkungen.com\/produkt\/baklampa-100bstiwfmle-rod\/#primaryimage\"},\"thumbnailUrl\":\"https:\/\/xenonkungen.com\/wp-content\/uploads\/2025\/04\/7346812-origpic-dbcb77.jpg\",\"datePublished\":\"2025-04-15T09:03:31+00:00\",\"dateModified\":\"2026-04-24T16:07:42+00:00\",\"breadcrumb\":{\"@id\":\"https:\/\/xenonkungen.com\/produkt\/baklampa-100bstiwfmle-rod\/#breadcrumb\"},\"inLanguage\":\"es\",\"potentialAction\":[{\"@type\":\"ReadAction\",\"target\":[\"https:\/\/xenonkungen.com\/produkt\/baklampa-100bstiwfmle-rod\/\"]}]},{\"@type\":\"ImageObject\",\"inLanguage\":\"es\",\"@id\":\"https:\/\/xenonkungen.com\/produkt\/baklampa-100bstiwfmle-rod\/#primaryimage\",\"url\":\"https:\/\/xenonkungen.com\/wp-content\/uploads\/2025\/04\/7346812-origpic-dbcb77.jpg\",\"contentUrl\":\"https:\/\/xenonkungen.com\/wp-content\/uploads\/2025\/04\/7346812-origpic-dbcb77.jpg\",\"width\":600,\"height\":600},{\"@type\":\"BreadcrumbList\",\"@id\":\"https:\/\/xenonkungen.com\/produkt\/baklampa-100bstiwfmle-rod\/#breadcrumb\",\"itemListElement\":[{\"@type\":\"ListItem\",\"position\":1,\"name\":\"Hem\",\"item\":\"https:\/\/xenonkungen.com\/\"},{\"@type\":\"ListItem\",\"position\":2,\"name\":\"Shop\",\"item\":\"https:\/\/xenonkungen.com\/shop\/\"},{\"@type\":\"ListItem\",\"position\":3,\"name\":\"Baklampa 100BSTIWFMLE R\u00f6d\"}]},{\"@type\":\"WebSite\",\"@id\":\"https:\/\/xenonkungen.com\/#website\",\"url\":\"https:\/\/xenonkungen.com\/\",\"name\":\"Xenonkungen\",\"description\":\"\",\"potentialAction\":[{\"@type\":\"SearchAction\",\"target\":{\"@type\":\"EntryPoint\",\"urlTemplate\":\"https:\/\/xenonkungen.com\/?s={search_term_string}\"},\"query-input\":{\"@type\":\"PropertyValueSpecification\",\"valueRequired\":true,\"valueName\":\"search_term_string\"}}],\"inLanguage\":\"es\"}]}<\/script>\n<!-- \/ Yoast SEO plugin. -->","yoast_head_json":{"title":"Luz trasera 100BSTIWFMLE roja - Xen\u00f3n","robots":{"index":"index","follow":"follow","max-snippet":"max-snippet:-1","max-image-preview":"max-image-preview:large","max-video-preview":"max-video-preview:-1"},"canonical":"https:\/\/xenonkungen.com\/es\/producto\/varilla-de-luz-trasera-100bstiwfmle\/","og_locale":"es_ES","og_type":"article","og_title":"Baklampa 100BSTIWFMLE R\u00f6d - Xenonkungen","og_description":"Trippel LED kombinationslampa f\u00f6r utanp\u00e5liggande montage med svart sarg.L\u00e4ckagef\u00f6rseglad elektronik. Version f\u00f6r V\u00e4nster fordonssida.Denna kombination best\u00e5r av 1st Stopp\/bakljus\/blinker, 1st Backljus, 1st Dimljus. Multivolt: 12\/24V DCM\u00e5tt: 350x120x31mmKabelanslutning: 40cmStr\u00f6mf\u00f6rbrukning vid 13.8V:&#8211; Stoppljus 0.27A&#8211; Bakljus 0.04A&#8211; Blinker 0.18A&#8211; Dimljus 0.42A&#8211; Backljus 0.34A Garanti: 5 \u00e5r","og_url":"https:\/\/xenonkungen.com\/es\/producto\/varilla-de-luz-trasera-100bstiwfmle\/","og_site_name":"Xenonkungen","article_modified_time":"2026-04-24T16:07:42+00:00","og_image":[{"width":600,"height":600,"url":"https:\/\/xenonkungen.com\/wp-content\/uploads\/2025\/04\/7346812-origpic-dbcb77.jpg","type":"image\/jpeg"}],"twitter_card":"summary_large_image","schema":{"@context":"https:\/\/schema.org","@graph":[{"@type":"WebPage","@id":"https:\/\/xenonkungen.com\/produkt\/baklampa-100bstiwfmle-rod\/","url":"https:\/\/xenonkungen.com\/produkt\/baklampa-100bstiwfmle-rod\/","name":"Luz trasera 100BSTIWFMLE roja - Xen\u00f3n","isPartOf":{"@id":"https:\/\/xenonkungen.com\/#website"},"primaryImageOfPage":{"@id":"https:\/\/xenonkungen.com\/produkt\/baklampa-100bstiwfmle-rod\/#primaryimage"},"image":{"@id":"https:\/\/xenonkungen.com\/produkt\/baklampa-100bstiwfmle-rod\/#primaryimage"},"thumbnailUrl":"https:\/\/xenonkungen.com\/wp-content\/uploads\/2025\/04\/7346812-origpic-dbcb77.jpg","datePublished":"2025-04-15T09:03:31+00:00","dateModified":"2026-04-24T16:07:42+00:00","breadcrumb":{"@id":"https:\/\/xenonkungen.com\/produkt\/baklampa-100bstiwfmle-rod\/#breadcrumb"},"inLanguage":"es","potentialAction":[{"@type":"ReadAction","target":["https:\/\/xenonkungen.com\/produkt\/baklampa-100bstiwfmle-rod\/"]}]},{"@type":"ImageObject","inLanguage":"es","@id":"https:\/\/xenonkungen.com\/produkt\/baklampa-100bstiwfmle-rod\/#primaryimage","url":"https:\/\/xenonkungen.com\/wp-content\/uploads\/2025\/04\/7346812-origpic-dbcb77.jpg","contentUrl":"https:\/\/xenonkungen.com\/wp-content\/uploads\/2025\/04\/7346812-origpic-dbcb77.jpg","width":600,"height":600},{"@type":"BreadcrumbList","@id":"https:\/\/xenonkungen.com\/produkt\/baklampa-100bstiwfmle-rod\/#breadcrumb","itemListElement":[{"@type":"ListItem","position":1,"name":"Hem","item":"https:\/\/xenonkungen.com\/"},{"@type":"ListItem","position":2,"name":"Shop","item":"https:\/\/xenonkungen.com\/shop\/"},{"@type":"ListItem","position":3,"name":"Baklampa 100BSTIWFMLE R\u00f6d"}]},{"@type":"WebSite","@id":"https:\/\/xenonkungen.com\/#website","url":"https:\/\/xenonkungen.com\/","name":"Xenonkungen","description":"","potentialAction":[{"@type":"SearchAction","target":{"@type":"EntryPoint","urlTemplate":"https:\/\/xenonkungen.com\/?s={search_term_string}"},"query-input":{"@type":"PropertyValueSpecification","valueRequired":true,"valueName":"search_term_string"}}],"inLanguage":"es"}]}},"taxonomy_info":{"anvandningsomrade":[{"value":166,"label":"Lastbil"},{"value":238,"label":"SL\u00c4P"},{"value":2816,"label":"TRAILER"}],"product_brand":[{"value":1252,"label":"LEA"}],"product_cat":[{"value":3048,"label":"Bakljus Kombination Rektangul\u00e4r"},{"value":2552,"label":"Bakljus"}],"pa_faktisk-effekts-forbrukning":[{"value":1271,"label":"6"}],"pa_stromforbrukning":[{"value":1269,"label":"0,74A@13,8V"}],"pa_volt-v":[{"value":348,"label":"12, 24"}]},"featured_image_src_large":["https:\/\/xenonkungen.com\/wp-content\/uploads\/2025\/04\/7346812-origpic-dbcb77.jpg",600,600,false],"author_info":[],"comment_info":0,"_links":{"self":[{"href":"https:\/\/xenonkungen.com\/es\/wp-json\/wp\/v2\/product\/3895","targetHints":{"allow":["GET"]}}],"collection":[{"href":"https:\/\/xenonkungen.com\/es\/wp-json\/wp\/v2\/product"}],"about":[{"href":"https:\/\/xenonkungen.com\/es\/wp-json\/wp\/v2\/types\/product"}],"replies":[{"embeddable":true,"href":"https:\/\/xenonkungen.com\/es\/wp-json\/wp\/v2\/comments?post=3895"}],"wp:featuredmedia":[{"embeddable":true,"href":"https:\/\/xenonkungen.com\/es\/wp-json\/wp\/v2\/media\/3896"}],"wp:attachment":[{"href":"https:\/\/xenonkungen.com\/es\/wp-json\/wp\/v2\/media?parent=3895"}],"wp:term":[{"taxonomy":"anvandningsomrade","embeddable":true,"href":"https:\/\/xenonkungen.com\/es\/wp-json\/wp\/v2\/anvandningsomrade?post=3895"},{"taxonomy":"bilmarken","embeddable":true,"href":"https:\/\/xenonkungen.com\/es\/wp-json\/wp\/v2\/bilmarken?post=3895"},{"taxonomy":"product_brand","embeddable":true,"href":"https:\/\/xenonkungen.com\/es\/wp-json\/wp\/v2\/product_brand?post=3895"},{"taxonomy":"product_cat","embeddable":true,"href":"https:\/\/xenonkungen.com\/es\/wp-json\/wp\/v2\/product_cat?post=3895"},{"taxonomy":"product_tag","embeddable":true,"href":"https:\/\/xenonkungen.com\/es\/wp-json\/wp\/v2\/product_tag?post=3895"}],"curies":[{"name":"wp","href":"https:\/\/api.w.org\/{rel}","templated":true}]}}