{"id":3960,"date":"2025-04-15T09:04:12","date_gmt":"2025-04-15T09:04:12","guid":{"rendered":"https:\/\/xenonkungen.com\/product\/halsbuff\/"},"modified":"2026-04-11T00:25:51","modified_gmt":"2026-04-10T23:25:51","slug":"bufanda-de-tubo","status":"publish","type":"product","link":"https:\/\/xenonkungen.com\/es\/producto\/bufanda-de-tubo\/","title":{"rendered":"Bufanda de tubo de Xenon King"},"content":{"rendered":"<p><strong>Bufanda de tubo Xenon King: m\u00e1xima comodidad, m\u00ednimo esfuerzo<\/strong><\/p>\n<p>Descubra <strong>La bufanda de tubo propia del Rey Xen\u00f3n<\/strong>Una alternativa elegante y con estilo a una bufanda tradicional. Esta vers\u00e1til <strong>Polaina para el cuello<\/strong> Est\u00e1 desarrollado para quienes desean proteger su cuello y cabeza, sin comprometer la libertad de movimiento o la comodidad.<\/p>\n<p>Nuestro <strong>Bufanda de tubo<\/strong> Es uno de los accesorios m\u00e1s vers\u00e1tiles para el d\u00eda a d\u00eda y para actividades deportivas. \u00dasalo como braga de cuello, gorro, diadema, pasamonta\u00f1as, banda para el sudor o protector facial: solo tu imaginaci\u00f3n pone los l\u00edmites. Perfecto para el d\u00eda a d\u00eda y para actividades al aire libre como correr, escalar, montar a caballo, esquiar o un paseo r\u00e1pido en moto.<\/p>\n<p>Este <strong>Polaina para el cuello<\/strong> Est\u00e1 hecho de poli\u00e9ster 95% y elastano 5% en <strong>Material ultrael\u00e1stico<\/strong> F\u00e1cil de poner y quitar, es extremadamente c\u00f3modo. Su tejido de secado r\u00e1pido y absorbente te mantiene seco y asegura que tu temperatura corporal se mantenga estable, independientemente de la actividad o la estaci\u00f3n del a\u00f1o.<\/p>\n<p>Nuestro <strong>Bufanda de tubo<\/strong> Tambi\u00e9n es completamente sin costuras: sin bordes que rocen, solo pura comodidad.<\/p>\n<p><strong>Ventajas en resumen<\/strong><\/p>\n<ul>\n<li>Ultra Stretch: ajuste \u00f3ptimo y alta flexibilidad<\/li>\n<li>Dise\u00f1o sin costuras para m\u00e1xima comodidad.<\/li>\n<li>Material que absorbe el sudor y de secado r\u00e1pido.<\/li>\n<li>Protege contra el viento, el fr\u00edo y el polvo.<\/li>\n<li>Se puede usar de m\u00e1s de 10 maneras diferentes, durante todo el a\u00f1o.<\/li>\n<\/ul>\n<p><strong>Contenido de la entrega<\/strong><\/p>\n<p>1 realmente impresionante <strong>Bufanda de tubo<\/strong> del Rey Xen\u00f3n<\/p>","protected":false},"excerpt":{"rendered":"<p><strong>Bufanda de tubo Xenon King: m\u00e1xima comodidad, m\u00ednimo esfuerzo<\/strong><\/p>","protected":false},"featured_media":3961,"comment_status":"closed","ping_status":"closed","template":"","meta":{"_acf_changed":false,"_smort_price_nok":"20","_smort_price_dkk":"13","_smort_price_eur":"1.73","_smort_sale_price_nok":"","_smort_sale_price_dkk":"","_smort_sale_price_eur":"1.18","smort_restorder":"","shipmondo_restorder":"","_kad_blocks_custom_css":"","_kad_blocks_head_custom_js":"","_kad_blocks_body_custom_js":"","_kad_blocks_footer_custom_js":"","smort_custom_pricelist_1":"12.16","smort_custom_pricelist_2":"12.16","smort_custom_pricelist_3":"11.55","smort_custom_pricelist_4":"15.2","smort_custom_pricelist_5":"12.16"},"anvandningsomrade":[],"bilmarken":[],"product_brand":[2793],"product_cat":[376],"product_tag":[],"class_list":{"0":"post-3960","1":"product","2":"type-product","3":"status-publish","4":"has-post-thumbnail","6":"product_brand-ovrigt","7":"product_cat-merchandise","9":"first","10":"instock","11":"taxable","12":"shipping-taxable","13":"purchasable","14":"product-type-simple"},"bundled_by":[],"bundle_stock_status":"instock","bundle_stock_quantity":510,"bundle_virtual":false,"bundle_layout":"","bundle_add_to_cart_form_location":"","bundle_editable_in_cart":false,"bundle_sold_individually_context":"","bundle_item_grouping":"","bundle_min_size":"","bundle_max_size":"","bundle_price":[],"bundled_items":[],"bundle_sell_ids":[],"acf":[],"yoast_head":"<!-- This site is optimized with the Yoast SEO plugin v27.0 - https:\/\/yoast.com\/product\/yoast-seo-wordpress\/ -->\n<title>Xenonkungens Tube Scarf - Xenonkungen<\/title>\n<meta name=\"robots\" content=\"index, follow, max-snippet:-1, max-image-preview:large, max-video-preview:-1\" \/>\n<link rel=\"canonical\" href=\"https:\/\/xenonkungen.com\/es\/producto\/bufanda-de-tubo\/\" \/>\n<meta property=\"og:locale\" content=\"es_ES\" \/>\n<meta property=\"og:type\" content=\"article\" \/>\n<meta property=\"og:title\" content=\"Xenonkungens Tube Scarf - Xenonkungen\" \/>\n<meta property=\"og:description\" content=\"Xenonkungens Tube Scarf \u2013 Maximal komfort, minimal anstr\u00e4ngning\" \/>\n<meta property=\"og:url\" content=\"https:\/\/xenonkungen.com\/es\/producto\/bufanda-de-tubo\/\" \/>\n<meta property=\"og:site_name\" content=\"Xenonkungen\" \/>\n<meta property=\"article:modified_time\" content=\"2026-04-10T23:25:51+00:00\" \/>\n<meta property=\"og:image\" content=\"https:\/\/xenonkungen.com\/wp-content\/uploads\/2025\/04\/195736349-origpic-13cccb.png\" \/>\n\t<meta property=\"og:image:width\" content=\"1000\" \/>\n\t<meta property=\"og:image:height\" content=\"1000\" \/>\n\t<meta property=\"og:image:type\" content=\"image\/png\" \/>\n<meta name=\"twitter:card\" content=\"summary_large_image\" \/>\n<meta name=\"twitter:label1\" content=\"Tiempo de lectura\" \/>\n\t<meta name=\"twitter:data1\" content=\"2 minutos\" \/>\n<script type=\"application\/ld+json\" class=\"yoast-schema-graph\">{\"@context\":\"https:\/\/schema.org\",\"@graph\":[{\"@type\":\"WebPage\",\"@id\":\"https:\/\/xenonkungen.com\/nl\/product\/tubescarf\/\",\"url\":\"https:\/\/xenonkungen.com\/nl\/product\/tubescarf\/\",\"name\":\"Xenonkungens Tube Scarf - Xenonkungen\",\"isPartOf\":{\"@id\":\"https:\/\/xenonkungen.com\/#website\"},\"primaryImageOfPage\":{\"@id\":\"https:\/\/xenonkungen.com\/nl\/product\/tubescarf\/#primaryimage\"},\"image\":{\"@id\":\"https:\/\/xenonkungen.com\/nl\/product\/tubescarf\/#primaryimage\"},\"thumbnailUrl\":\"https:\/\/xenonkungen.com\/wp-content\/uploads\/2025\/04\/195736349-origpic-13cccb.png\",\"datePublished\":\"2025-04-15T09:04:12+00:00\",\"dateModified\":\"2026-04-10T23:25:51+00:00\",\"breadcrumb\":{\"@id\":\"https:\/\/xenonkungen.com\/nl\/product\/tubescarf\/#breadcrumb\"},\"inLanguage\":\"es\",\"potentialAction\":[{\"@type\":\"ReadAction\",\"target\":[\"https:\/\/xenonkungen.com\/nl\/product\/tubescarf\/\"]}]},{\"@type\":\"ImageObject\",\"inLanguage\":\"es\",\"@id\":\"https:\/\/xenonkungen.com\/nl\/product\/tubescarf\/#primaryimage\",\"url\":\"https:\/\/xenonkungen.com\/wp-content\/uploads\/2025\/04\/195736349-origpic-13cccb.png\",\"contentUrl\":\"https:\/\/xenonkungen.com\/wp-content\/uploads\/2025\/04\/195736349-origpic-13cccb.png\",\"width\":1000,\"height\":1000},{\"@type\":\"BreadcrumbList\",\"@id\":\"https:\/\/xenonkungen.com\/nl\/product\/tubescarf\/#breadcrumb\",\"itemListElement\":[{\"@type\":\"ListItem\",\"position\":1,\"name\":\"Hem\",\"item\":\"https:\/\/xenonkungen.com\/\"},{\"@type\":\"ListItem\",\"position\":2,\"name\":\"Shop\",\"item\":\"https:\/\/xenonkungen.com\/shop\/\"},{\"@type\":\"ListItem\",\"position\":3,\"name\":\"Xenonkungens Tube Scarf\"}]},{\"@type\":\"WebSite\",\"@id\":\"https:\/\/xenonkungen.com\/#website\",\"url\":\"https:\/\/xenonkungen.com\/\",\"name\":\"Xenonkungen\",\"description\":\"\",\"potentialAction\":[{\"@type\":\"SearchAction\",\"target\":{\"@type\":\"EntryPoint\",\"urlTemplate\":\"https:\/\/xenonkungen.com\/?s={search_term_string}\"},\"query-input\":{\"@type\":\"PropertyValueSpecification\",\"valueRequired\":true,\"valueName\":\"search_term_string\"}}],\"inLanguage\":\"es\"}]}<\/script>\n<!-- \/ Yoast SEO plugin. -->","yoast_head_json":{"title":"La bufanda de tubo del Rey Xen\u00f3n - El Rey Xen\u00f3n","robots":{"index":"index","follow":"follow","max-snippet":"max-snippet:-1","max-image-preview":"max-image-preview:large","max-video-preview":"max-video-preview:-1"},"canonical":"https:\/\/xenonkungen.com\/es\/producto\/bufanda-de-tubo\/","og_locale":"es_ES","og_type":"article","og_title":"Xenonkungens Tube Scarf - Xenonkungen","og_description":"Xenonkungens Tube Scarf \u2013 Maximal komfort, minimal anstr\u00e4ngning","og_url":"https:\/\/xenonkungen.com\/es\/producto\/bufanda-de-tubo\/","og_site_name":"Xenonkungen","article_modified_time":"2026-04-10T23:25:51+00:00","og_image":[{"width":1000,"height":1000,"url":"https:\/\/xenonkungen.com\/wp-content\/uploads\/2025\/04\/195736349-origpic-13cccb.png","type":"image\/png"}],"twitter_card":"summary_large_image","twitter_misc":{"Tiempo de lectura":"2 minutos"},"schema":{"@context":"https:\/\/schema.org","@graph":[{"@type":"WebPage","@id":"https:\/\/xenonkungen.com\/nl\/product\/tubescarf\/","url":"https:\/\/xenonkungen.com\/nl\/product\/tubescarf\/","name":"La bufanda de tubo del Rey Xen\u00f3n - El Rey Xen\u00f3n","isPartOf":{"@id":"https:\/\/xenonkungen.com\/#website"},"primaryImageOfPage":{"@id":"https:\/\/xenonkungen.com\/nl\/product\/tubescarf\/#primaryimage"},"image":{"@id":"https:\/\/xenonkungen.com\/nl\/product\/tubescarf\/#primaryimage"},"thumbnailUrl":"https:\/\/xenonkungen.com\/wp-content\/uploads\/2025\/04\/195736349-origpic-13cccb.png","datePublished":"2025-04-15T09:04:12+00:00","dateModified":"2026-04-10T23:25:51+00:00","breadcrumb":{"@id":"https:\/\/xenonkungen.com\/nl\/product\/tubescarf\/#breadcrumb"},"inLanguage":"es","potentialAction":[{"@type":"ReadAction","target":["https:\/\/xenonkungen.com\/nl\/product\/tubescarf\/"]}]},{"@type":"ImageObject","inLanguage":"es","@id":"https:\/\/xenonkungen.com\/nl\/product\/tubescarf\/#primaryimage","url":"https:\/\/xenonkungen.com\/wp-content\/uploads\/2025\/04\/195736349-origpic-13cccb.png","contentUrl":"https:\/\/xenonkungen.com\/wp-content\/uploads\/2025\/04\/195736349-origpic-13cccb.png","width":1000,"height":1000},{"@type":"BreadcrumbList","@id":"https:\/\/xenonkungen.com\/nl\/product\/tubescarf\/#breadcrumb","itemListElement":[{"@type":"ListItem","position":1,"name":"Hem","item":"https:\/\/xenonkungen.com\/"},{"@type":"ListItem","position":2,"name":"Shop","item":"https:\/\/xenonkungen.com\/shop\/"},{"@type":"ListItem","position":3,"name":"Xenonkungens Tube Scarf"}]},{"@type":"WebSite","@id":"https:\/\/xenonkungen.com\/#website","url":"https:\/\/xenonkungen.com\/","name":"Xenonkungen","description":"","potentialAction":[{"@type":"SearchAction","target":{"@type":"EntryPoint","urlTemplate":"https:\/\/xenonkungen.com\/?s={search_term_string}"},"query-input":{"@type":"PropertyValueSpecification","valueRequired":true,"valueName":"search_term_string"}}],"inLanguage":"es"}]}},"taxonomy_info":{"product_brand":[{"value":2793,"label":"\u00d6VRIGT"}],"product_cat":[{"value":376,"label":"Merchandise"}]},"featured_image_src_large":["https:\/\/xenonkungen.com\/wp-content\/uploads\/2025\/04\/195736349-origpic-13cccb.png",1000,1000,false],"author_info":[],"comment_info":1,"_links":{"self":[{"href":"https:\/\/xenonkungen.com\/es\/wp-json\/wp\/v2\/product\/3960","targetHints":{"allow":["GET"]}}],"collection":[{"href":"https:\/\/xenonkungen.com\/es\/wp-json\/wp\/v2\/product"}],"about":[{"href":"https:\/\/xenonkungen.com\/es\/wp-json\/wp\/v2\/types\/product"}],"replies":[{"embeddable":true,"href":"https:\/\/xenonkungen.com\/es\/wp-json\/wp\/v2\/comments?post=3960"}],"wp:featuredmedia":[{"embeddable":true,"href":"https:\/\/xenonkungen.com\/es\/wp-json\/wp\/v2\/media\/3961"}],"wp:attachment":[{"href":"https:\/\/xenonkungen.com\/es\/wp-json\/wp\/v2\/media?parent=3960"}],"wp:term":[{"taxonomy":"anvandningsomrade","embeddable":true,"href":"https:\/\/xenonkungen.com\/es\/wp-json\/wp\/v2\/anvandningsomrade?post=3960"},{"taxonomy":"bilmarken","embeddable":true,"href":"https:\/\/xenonkungen.com\/es\/wp-json\/wp\/v2\/bilmarken?post=3960"},{"taxonomy":"product_brand","embeddable":true,"href":"https:\/\/xenonkungen.com\/es\/wp-json\/wp\/v2\/product_brand?post=3960"},{"taxonomy":"product_cat","embeddable":true,"href":"https:\/\/xenonkungen.com\/es\/wp-json\/wp\/v2\/product_cat?post=3960"},{"taxonomy":"product_tag","embeddable":true,"href":"https:\/\/xenonkungen.com\/es\/wp-json\/wp\/v2\/product_tag?post=3960"}],"curies":[{"name":"wp","href":"https:\/\/api.w.org\/{rel}","templated":true}]}}