{"id":3979,"date":"2025-04-15T09:04:25","date_gmt":"2025-04-15T09:04:25","guid":{"rendered":"https:\/\/xenonkungen.com\/product\/blixtljus-eq-4led-r65-bla\/"},"modified":"2026-04-24T17:04:39","modified_gmt":"2026-04-24T16:04:39","slug":"linterna-eq-4led-r65-azul","status":"publish","type":"product","link":"https:\/\/xenonkungen.com\/es\/producto\/linterna-eq-4led-r65-azul\/","title":{"rendered":"Luz intermitente EQ 4LED | R65 Azul"},"content":{"rendered":"<div class=\"container\">\n<h1>Luz intermitente direccional de alta intensidad con 4 LED \u2013 Azul<\/h1>\n<p>Esta luz estrobosc\u00f3pica direccional de alta intensidad est\u00e1 equipada con 4 LED azules brillantes, que ofrecen 23 patrones de luz diferentes para adaptarse a diversas necesidades y situaciones de advertencia. Su lente est\u00e1 fabricada en policarbonato (PC) de alta resistencia, con un marco de pl\u00e1stico ABS montado sobre una base de goma flexible, lo que la hace duradera y vers\u00e1til para diversas opciones de montaje.<\/p>\n<div class=\"features\">\n<h2>Caracter\u00edsticas distintivas:<\/h2>\n<ul>\n<li><span class=\"highlight\">4 LED azules:<\/span> Da una se\u00f1al fuerte y clara que no puede pasar desapercibida.<\/li>\n<li><span class=\"highlight\">23 diapositivas:<\/span> Amplia selecci\u00f3n de patrones para adaptar la alerta a la situaci\u00f3n.<\/li>\n<li><span class=\"highlight\">Lente de PC de alta resistencia:<\/span> Resistente a golpes y uso intensivo, lo que garantiza una larga vida \u00fatil.<\/li>\n<li><span class=\"highlight\">Armaz\u00f3n de ABS sobre placa de caucho:<\/span> Instalaci\u00f3n flexible y f\u00e1cil montaje en diversas superficies.<\/li>\n<li><span class=\"highlight\">Resistente a la intemperie:<\/span> Dise\u00f1ado para resistir condiciones clim\u00e1ticas adversas y la entrada de agua.<\/li>\n<\/ul>\n<\/div>\n<p>Con sus caracter\u00edsticas avanzadas y su construcci\u00f3n robusta, esta luz estrobosc\u00f3pica LED azul direccional de alta intensidad es una soluci\u00f3n ideal para veh\u00edculos de emergencia y servicio, personal de seguridad y otras aplicaciones que requieren alta visibilidad.<\/p>\n<\/div>\n<p><strong>Multivoltio:<\/strong> 12\/24V<br \/><strong>Consumo de energ\u00eda:<\/strong> <br \/>- 0,12A (12-30V)<br \/><strong>LED:<\/strong> 4pcs HP Blanco<br \/><strong>Diapositivas:<\/strong> 23<br \/><strong>Protecci\u00f3n contra la humedad:<\/strong> IP67 (Sellado contra el polvo y la humedad. Se puede limpiar con un limpiador a presi\u00f3n)<br \/><strong>Dimensiones: <\/strong>122x41x29mm<br \/><strong>Autorizado:<\/strong> ECE R65, R10 (EMC)<\/p>\n<p><strong>Garant\u00eda:<\/strong> 3 a\u00f1os<\/p>","protected":false},"excerpt":{"rendered":"<p>Riktat H\u00f6gintensivt Blixtljus med 4 LED &#8211; Bl\u00e5 Denna riktade, h\u00f6gintensiva blixtljus \u00e4r utrustad med 4 LED-dioder i en stark bl\u00e5 f\u00e4rg, och erbjuder 23 olika ljusbilder f\u00f6r att passa olika varningsbehov och situationer. Dess lins \u00e4r gjord av kraftig PC (polycarbonat), med en sarg av ABS plast monterad p\u00e5 en flexibel gummiplatta, vilket g\u00f6r [&hellip;]<\/p>","protected":false},"featured_media":3980,"comment_status":"closed","ping_status":"open","template":"","meta":{"_acf_changed":false,"_smort_price_nok":"1324","_smort_price_dkk":"841","_smort_price_eur":"112.72","_smort_sale_price_nok":"","_smort_sale_price_dkk":"","_smort_sale_price_eur":"","smort_restorder":"","shipmondo_restorder":"","_kad_blocks_custom_css":"","_kad_blocks_head_custom_js":"","_kad_blocks_body_custom_js":"","_kad_blocks_footer_custom_js":"","smort_custom_pricelist_1":"694.4","smort_custom_pricelist_2":"694.4","smort_custom_pricelist_3":"659.68","smort_custom_pricelist_4":"992","smort_custom_pricelist_5":"694.4"},"anvandningsomrade":[],"bilmarken":[],"product_brand":[],"product_cat":[3038,3041,2553,1061],"product_tag":[],"class_list":{"0":"post-3979","1":"product","2":"type-product","3":"status-publish","4":"has-post-thumbnail","6":"product_cat-4led-blixtljus","7":"product_cat-r65-blixtljus","8":"product_cat-blixtljus-riktat-varningsljus","9":"product_cat-varningsljus","10":"pa_fuktskydd-varde-ipxx-ip67","11":"pa_godkannande-ece-r65-r10-emc","12":"pa_ljusbild-blixljus","13":"pa_storlek-mm-122x41x29","14":"pa_volt-v-12-24","16":"first","17":"onbackorder","18":"taxable","19":"shipping-taxable","20":"purchasable","21":"product-type-simple"},"bundled_by":[],"bundle_stock_status":"onbackorder","bundle_stock_quantity":0,"bundle_virtual":false,"bundle_layout":"","bundle_add_to_cart_form_location":"","bundle_editable_in_cart":false,"bundle_sold_individually_context":"","bundle_item_grouping":"","bundle_min_size":"","bundle_max_size":"","bundle_price":[],"bundled_items":[],"bundle_sell_ids":[],"acf":[],"yoast_head":"<!-- This site is optimized with the Yoast SEO plugin v27.0 - https:\/\/yoast.com\/product\/yoast-seo-wordpress\/ -->\n<title>Blixtljus EQ 4LED | R65 Bl\u00e5 - Xenonkungen<\/title>\n<meta name=\"robots\" content=\"index, follow, max-snippet:-1, max-image-preview:large, max-video-preview:-1\" \/>\n<link rel=\"canonical\" href=\"https:\/\/xenonkungen.com\/es\/producto\/linterna-eq-4led-r65-azul\/\" \/>\n<meta property=\"og:locale\" content=\"es_ES\" \/>\n<meta property=\"og:type\" content=\"article\" \/>\n<meta property=\"og:title\" content=\"Blixtljus EQ 4LED | R65 Bl\u00e5 - Xenonkungen\" \/>\n<meta property=\"og:description\" content=\"Riktat H\u00f6gintensivt Blixtljus med 4 LED &#8211; Bl\u00e5 Denna riktade, h\u00f6gintensiva blixtljus \u00e4r utrustad med 4 LED-dioder i en stark bl\u00e5 f\u00e4rg, och erbjuder 23 olika ljusbilder f\u00f6r att passa olika varningsbehov och situationer. Dess lins \u00e4r gjord av kraftig PC (polycarbonat), med en sarg av ABS plast monterad p\u00e5 en flexibel gummiplatta, vilket g\u00f6r [&hellip;]\" \/>\n<meta property=\"og:url\" content=\"https:\/\/xenonkungen.com\/es\/producto\/linterna-eq-4led-r65-azul\/\" \/>\n<meta property=\"og:site_name\" content=\"Xenonkungen\" \/>\n<meta property=\"article:modified_time\" content=\"2026-04-24T16:04:39+00:00\" \/>\n<meta property=\"og:image\" content=\"https:\/\/xenonkungen.com\/wp-content\/uploads\/2025\/04\/23431596-origpic-92d165.jpg\" \/>\n\t<meta property=\"og:image:width\" content=\"600\" \/>\n\t<meta property=\"og:image:height\" content=\"600\" \/>\n\t<meta property=\"og:image:type\" content=\"image\/jpeg\" \/>\n<meta name=\"twitter:card\" content=\"summary_large_image\" \/>\n<meta name=\"twitter:label1\" content=\"Tiempo de lectura\" \/>\n\t<meta name=\"twitter:data1\" content=\"1 minuto\" \/>\n<script type=\"application\/ld+json\" class=\"yoast-schema-graph\">{\"@context\":\"https:\/\/schema.org\",\"@graph\":[{\"@type\":\"WebPage\",\"@id\":\"https:\/\/xenonkungen.com\/produkt\/blixtljus-eq-4led-r65-bla\/\",\"url\":\"https:\/\/xenonkungen.com\/produkt\/blixtljus-eq-4led-r65-bla\/\",\"name\":\"Blixtljus EQ 4LED | R65 Bl\u00e5 - Xenonkungen\",\"isPartOf\":{\"@id\":\"https:\/\/xenonkungen.com\/#website\"},\"primaryImageOfPage\":{\"@id\":\"https:\/\/xenonkungen.com\/produkt\/blixtljus-eq-4led-r65-bla\/#primaryimage\"},\"image\":{\"@id\":\"https:\/\/xenonkungen.com\/produkt\/blixtljus-eq-4led-r65-bla\/#primaryimage\"},\"thumbnailUrl\":\"https:\/\/xenonkungen.com\/wp-content\/uploads\/2025\/04\/23431596-origpic-92d165.jpg\",\"datePublished\":\"2025-04-15T09:04:25+00:00\",\"dateModified\":\"2026-04-24T16:04:39+00:00\",\"breadcrumb\":{\"@id\":\"https:\/\/xenonkungen.com\/produkt\/blixtljus-eq-4led-r65-bla\/#breadcrumb\"},\"inLanguage\":\"es\",\"potentialAction\":[{\"@type\":\"ReadAction\",\"target\":[\"https:\/\/xenonkungen.com\/produkt\/blixtljus-eq-4led-r65-bla\/\"]}]},{\"@type\":\"ImageObject\",\"inLanguage\":\"es\",\"@id\":\"https:\/\/xenonkungen.com\/produkt\/blixtljus-eq-4led-r65-bla\/#primaryimage\",\"url\":\"https:\/\/xenonkungen.com\/wp-content\/uploads\/2025\/04\/23431596-origpic-92d165.jpg\",\"contentUrl\":\"https:\/\/xenonkungen.com\/wp-content\/uploads\/2025\/04\/23431596-origpic-92d165.jpg\",\"width\":600,\"height\":600},{\"@type\":\"BreadcrumbList\",\"@id\":\"https:\/\/xenonkungen.com\/produkt\/blixtljus-eq-4led-r65-bla\/#breadcrumb\",\"itemListElement\":[{\"@type\":\"ListItem\",\"position\":1,\"name\":\"Hem\",\"item\":\"https:\/\/xenonkungen.com\/\"},{\"@type\":\"ListItem\",\"position\":2,\"name\":\"Shop\",\"item\":\"https:\/\/xenonkungen.com\/shop\/\"},{\"@type\":\"ListItem\",\"position\":3,\"name\":\"Blixtljus EQ 4LED | R65 Bl\u00e5\"}]},{\"@type\":\"WebSite\",\"@id\":\"https:\/\/xenonkungen.com\/#website\",\"url\":\"https:\/\/xenonkungen.com\/\",\"name\":\"Xenonkungen\",\"description\":\"\",\"potentialAction\":[{\"@type\":\"SearchAction\",\"target\":{\"@type\":\"EntryPoint\",\"urlTemplate\":\"https:\/\/xenonkungen.com\/?s={search_term_string}\"},\"query-input\":{\"@type\":\"PropertyValueSpecification\",\"valueRequired\":true,\"valueName\":\"search_term_string\"}}],\"inLanguage\":\"es\"}]}<\/script>\n<!-- \/ Yoast SEO plugin. -->","yoast_head_json":{"title":"Linterna EQ 4LED | R65 Azul - Xen\u00f3n","robots":{"index":"index","follow":"follow","max-snippet":"max-snippet:-1","max-image-preview":"max-image-preview:large","max-video-preview":"max-video-preview:-1"},"canonical":"https:\/\/xenonkungen.com\/es\/producto\/linterna-eq-4led-r65-azul\/","og_locale":"es_ES","og_type":"article","og_title":"Blixtljus EQ 4LED | R65 Bl\u00e5 - Xenonkungen","og_description":"Riktat H\u00f6gintensivt Blixtljus med 4 LED &#8211; Bl\u00e5 Denna riktade, h\u00f6gintensiva blixtljus \u00e4r utrustad med 4 LED-dioder i en stark bl\u00e5 f\u00e4rg, och erbjuder 23 olika ljusbilder f\u00f6r att passa olika varningsbehov och situationer. Dess lins \u00e4r gjord av kraftig PC (polycarbonat), med en sarg av ABS plast monterad p\u00e5 en flexibel gummiplatta, vilket g\u00f6r [&hellip;]","og_url":"https:\/\/xenonkungen.com\/es\/producto\/linterna-eq-4led-r65-azul\/","og_site_name":"Xenonkungen","article_modified_time":"2026-04-24T16:04:39+00:00","og_image":[{"width":600,"height":600,"url":"https:\/\/xenonkungen.com\/wp-content\/uploads\/2025\/04\/23431596-origpic-92d165.jpg","type":"image\/jpeg"}],"twitter_card":"summary_large_image","twitter_misc":{"Tiempo de lectura":"1 minuto"},"schema":{"@context":"https:\/\/schema.org","@graph":[{"@type":"WebPage","@id":"https:\/\/xenonkungen.com\/produkt\/blixtljus-eq-4led-r65-bla\/","url":"https:\/\/xenonkungen.com\/produkt\/blixtljus-eq-4led-r65-bla\/","name":"Linterna EQ 4LED | R65 Azul - Xen\u00f3n","isPartOf":{"@id":"https:\/\/xenonkungen.com\/#website"},"primaryImageOfPage":{"@id":"https:\/\/xenonkungen.com\/produkt\/blixtljus-eq-4led-r65-bla\/#primaryimage"},"image":{"@id":"https:\/\/xenonkungen.com\/produkt\/blixtljus-eq-4led-r65-bla\/#primaryimage"},"thumbnailUrl":"https:\/\/xenonkungen.com\/wp-content\/uploads\/2025\/04\/23431596-origpic-92d165.jpg","datePublished":"2025-04-15T09:04:25+00:00","dateModified":"2026-04-24T16:04:39+00:00","breadcrumb":{"@id":"https:\/\/xenonkungen.com\/produkt\/blixtljus-eq-4led-r65-bla\/#breadcrumb"},"inLanguage":"es","potentialAction":[{"@type":"ReadAction","target":["https:\/\/xenonkungen.com\/produkt\/blixtljus-eq-4led-r65-bla\/"]}]},{"@type":"ImageObject","inLanguage":"es","@id":"https:\/\/xenonkungen.com\/produkt\/blixtljus-eq-4led-r65-bla\/#primaryimage","url":"https:\/\/xenonkungen.com\/wp-content\/uploads\/2025\/04\/23431596-origpic-92d165.jpg","contentUrl":"https:\/\/xenonkungen.com\/wp-content\/uploads\/2025\/04\/23431596-origpic-92d165.jpg","width":600,"height":600},{"@type":"BreadcrumbList","@id":"https:\/\/xenonkungen.com\/produkt\/blixtljus-eq-4led-r65-bla\/#breadcrumb","itemListElement":[{"@type":"ListItem","position":1,"name":"Hem","item":"https:\/\/xenonkungen.com\/"},{"@type":"ListItem","position":2,"name":"Shop","item":"https:\/\/xenonkungen.com\/shop\/"},{"@type":"ListItem","position":3,"name":"Blixtljus EQ 4LED | R65 Bl\u00e5"}]},{"@type":"WebSite","@id":"https:\/\/xenonkungen.com\/#website","url":"https:\/\/xenonkungen.com\/","name":"Xenonkungen","description":"","potentialAction":[{"@type":"SearchAction","target":{"@type":"EntryPoint","urlTemplate":"https:\/\/xenonkungen.com\/?s={search_term_string}"},"query-input":{"@type":"PropertyValueSpecification","valueRequired":true,"valueName":"search_term_string"}}],"inLanguage":"es"}]}},"taxonomy_info":{"product_cat":[{"value":3038,"label":"4LED"},{"value":3041,"label":"R65"},{"value":2553,"label":"Blixtljus - Riktat varningsljus"},{"value":1061,"label":"Varningsljus"}],"pa_fuktskydd-varde-ipxx":[{"value":333,"label":"IP67"}],"pa_godkannande":[{"value":1284,"label":"ECE R65, R10 (EMC)"}],"pa_ljusbild":[{"value":1279,"label":"Blixljus"}],"pa_storlek-mm":[{"value":1283,"label":"122x41x29"}],"pa_volt-v":[{"value":348,"label":"12, 24"}]},"featured_image_src_large":["https:\/\/xenonkungen.com\/wp-content\/uploads\/2025\/04\/23431596-origpic-92d165.jpg",600,600,false],"author_info":[],"comment_info":0,"_links":{"self":[{"href":"https:\/\/xenonkungen.com\/es\/wp-json\/wp\/v2\/product\/3979","targetHints":{"allow":["GET"]}}],"collection":[{"href":"https:\/\/xenonkungen.com\/es\/wp-json\/wp\/v2\/product"}],"about":[{"href":"https:\/\/xenonkungen.com\/es\/wp-json\/wp\/v2\/types\/product"}],"replies":[{"embeddable":true,"href":"https:\/\/xenonkungen.com\/es\/wp-json\/wp\/v2\/comments?post=3979"}],"wp:featuredmedia":[{"embeddable":true,"href":"https:\/\/xenonkungen.com\/es\/wp-json\/wp\/v2\/media\/3980"}],"wp:attachment":[{"href":"https:\/\/xenonkungen.com\/es\/wp-json\/wp\/v2\/media?parent=3979"}],"wp:term":[{"taxonomy":"anvandningsomrade","embeddable":true,"href":"https:\/\/xenonkungen.com\/es\/wp-json\/wp\/v2\/anvandningsomrade?post=3979"},{"taxonomy":"bilmarken","embeddable":true,"href":"https:\/\/xenonkungen.com\/es\/wp-json\/wp\/v2\/bilmarken?post=3979"},{"taxonomy":"product_brand","embeddable":true,"href":"https:\/\/xenonkungen.com\/es\/wp-json\/wp\/v2\/product_brand?post=3979"},{"taxonomy":"product_cat","embeddable":true,"href":"https:\/\/xenonkungen.com\/es\/wp-json\/wp\/v2\/product_cat?post=3979"},{"taxonomy":"product_tag","embeddable":true,"href":"https:\/\/xenonkungen.com\/es\/wp-json\/wp\/v2\/product_tag?post=3979"}],"curies":[{"name":"wp","href":"https:\/\/api.w.org\/{rel}","templated":true}]}}