{"id":3987,"date":"2025-04-15T09:04:25","date_gmt":"2025-04-15T09:04:25","guid":{"rendered":"https:\/\/xenonkungen.com\/product\/blixtljusramp-eqbt1345r65a-eo\/"},"modified":"2026-04-24T17:04:41","modified_gmt":"2026-04-24T16:04:41","slug":"barra-de-luz-de-flash-eqbt1345r65a-eo","status":"publish","type":"product","link":"https:\/\/xenonkungen.com\/es\/producto\/barra-de-luz-de-flash-eqbt1345r65a-eo\/","title":{"rendered":"Rampa para linterna EQBT1345R65A-EO"},"content":{"rendered":"<div class=\"container\">\n<div class=\"feature\">\n<h1 class=\"title\">Rampa de iluminaci\u00f3n de 1345 mm de ancho de ElectraQuip - Homologada R65<\/h1>\n<p class=\"description\">Una pieza de equipamiento de seguridad completa y de alto rendimiento, esta rampa de luces intermitentes de 1345 mm de ancho cuenta con la homologaci\u00f3n R65 y dispone de 10 patrones de luces intermitentes, incluido un patr\u00f3n homologado R65. Su dise\u00f1o exclusivo con un destello en los extremos mejora la se\u00f1alizaci\u00f3n de los bordes exteriores del veh\u00edculo o la m\u00e1quina, aumentando la seguridad y la visibilidad para todo tipo de veh\u00edculos.<\/p>\n<\/div>\n<div class=\"feature\">\n<h2 class=\"subtitle\">Funciones y caracter\u00edsticas:<\/h2>\n<ul class=\"list\">\n<li>Homologaci\u00f3n R65 para los m\u00e1s altos est\u00e1ndares de seguridad.<\/li>\n<li>10 patrones de destello vers\u00e1tiles para adaptarse a diferentes situaciones.<\/li>\n<li>La exclusiva colocaci\u00f3n del flash en los extremos marca los bordes exteriores del veh\u00edculo.<\/li>\n<li>Impresionante anchura de 1345 mm para una mayor visibilidad.<\/li>\n<li>La electr\u00f3nica a prueba de fugas protege contra cualquier clima.<\/li>\n<\/ul>\n<\/div>\n<div class=\"usage\">\n<h2 class=\"subtitle\">\u00c1reas de uso:<\/h2>\n<p class=\"usage-text\">Ideal para camiones, veh\u00edculos de servicio, maquinaria pesada y otros veh\u00edculos que requieren gran visibilidad y seguridad. Esta rampa es una mejora cr\u00edtica de la seguridad para trabajar en zonas concurridas o peligrosas.<\/p>\n<\/div>\n<div class=\"note\">\n<p class=\"note-text\">Importante: Siga las instrucciones de instalaci\u00f3n del fabricante para obtener los mejores resultados. Se completa con los accesorios de montaje adecuados para una instalaci\u00f3n estable y segura.<\/p>\n<\/div>\n<\/div>\n<p><strong>Garant\u00eda:<\/strong> 2 a\u00f1os<\/p>\n<p>10 Patr\u00f3n de rayos, Rotor, simple, R65, mm.<\/p>\n<p><iframe loading=\"lazy\" frameborder=\"0\" height=\"315\" allow=\"accelerometer; autoplay; clipboard-write; encrypted-media; gyroscope; picture-in-picture\" src=\"https:\/\/www.youtube.com\/embed\/dlzdTJOpR10\" title=\"Reproductor de v\u00eddeo YouTube\" width=\"560\" allowfullscreen=\"allowfullscreen\"><\/iframe><\/p>","protected":false},"excerpt":{"rendered":"<p>Rampa de iluminaci\u00f3n de ElectraQuip de 1345 mm de ancho con homologaci\u00f3n R65.<\/p>","protected":false},"featured_media":3988,"comment_status":"closed","ping_status":"closed","template":"","meta":{"_acf_changed":false,"_smort_price_nok":"8860","_smort_price_dkk":"5629","_smort_price_eur":"754.06","_smort_sale_price_nok":"","_smort_sale_price_dkk":"","_smort_sale_price_eur":"","smort_restorder":"","shipmondo_restorder":"","_kad_blocks_custom_css":"","_kad_blocks_head_custom_js":"","_kad_blocks_body_custom_js":"","_kad_blocks_footer_custom_js":"","smort_custom_pricelist_1":"5308.8","smort_custom_pricelist_2":"4645.2","smort_custom_pricelist_3":"4313.4","smort_custom_pricelist_4":"6636","smort_custom_pricelist_5":"4645.2"},"anvandningsomrade":[],"bilmarken":[],"product_brand":[],"product_cat":[2580,1061],"product_tag":[],"class_list":{"0":"post-3987","1":"product","2":"type-product","3":"status-publish","4":"has-post-thumbnail","6":"product_cat-blixtljusramp-varningsljus","7":"product_cat-varningsljus","8":"pa_fuktskydd-varde-ipxx-ip67","9":"pa_godkannande-r10-r65","10":"pa_ljusbild-blixljus","11":"pa_storlek-mm-1345x-206-x-85","12":"pa_volt-v-10-30-dual-voltage","14":"first","15":"onbackorder","16":"taxable","17":"shipping-taxable","18":"purchasable","19":"product-type-simple"},"bundled_by":[],"bundle_stock_status":"onbackorder","bundle_stock_quantity":0,"bundle_virtual":false,"bundle_layout":"","bundle_add_to_cart_form_location":"","bundle_editable_in_cart":false,"bundle_sold_individually_context":"","bundle_item_grouping":"","bundle_min_size":"","bundle_max_size":"","bundle_price":[],"bundled_items":[],"bundle_sell_ids":[],"acf":[],"yoast_head":"<!-- This site is optimized with the Yoast SEO plugin v27.0 - https:\/\/yoast.com\/product\/yoast-seo-wordpress\/ -->\n<title>Blixtljusramp EQBT1345R65A-EO - Xenonkungen<\/title>\n<meta name=\"robots\" content=\"index, follow, max-snippet:-1, max-image-preview:large, max-video-preview:-1\" \/>\n<link rel=\"canonical\" href=\"https:\/\/xenonkungen.com\/es\/producto\/barra-de-luz-de-flash-eqbt1345r65a-eo\/\" \/>\n<meta property=\"og:locale\" content=\"es_ES\" \/>\n<meta property=\"og:type\" content=\"article\" \/>\n<meta property=\"og:title\" content=\"Blixtljusramp EQBT1345R65A-EO - Xenonkungen\" \/>\n<meta property=\"og:description\" content=\"1345mm bred Blixtljusramp fr\u00e5n ElectraQuip som \u00e4r R65 godk\u00e4nd!\" \/>\n<meta property=\"og:url\" content=\"https:\/\/xenonkungen.com\/es\/producto\/barra-de-luz-de-flash-eqbt1345r65a-eo\/\" \/>\n<meta property=\"og:site_name\" content=\"Xenonkungen\" \/>\n<meta property=\"article:modified_time\" content=\"2026-04-24T16:04:41+00:00\" \/>\n<meta property=\"og:image\" content=\"https:\/\/xenonkungen.com\/wp-content\/uploads\/2025\/04\/190386149-origpic-be8364.jpg\" \/>\n\t<meta property=\"og:image:width\" content=\"800\" \/>\n\t<meta property=\"og:image:height\" content=\"800\" \/>\n\t<meta property=\"og:image:type\" content=\"image\/jpeg\" \/>\n<meta name=\"twitter:card\" content=\"summary_large_image\" \/>\n<meta name=\"twitter:label1\" content=\"Tiempo de lectura\" \/>\n\t<meta name=\"twitter:data1\" content=\"1 minuto\" \/>\n<script type=\"application\/ld+json\" class=\"yoast-schema-graph\">{\"@context\":\"https:\/\/schema.org\",\"@graph\":[{\"@type\":\"WebPage\",\"@id\":\"https:\/\/xenonkungen.com\/produkt\/blixtljusramp-eqbt1345r65a-eo\/\",\"url\":\"https:\/\/xenonkungen.com\/produkt\/blixtljusramp-eqbt1345r65a-eo\/\",\"name\":\"Blixtljusramp EQBT1345R65A-EO - Xenonkungen\",\"isPartOf\":{\"@id\":\"https:\/\/xenonkungen.com\/#website\"},\"primaryImageOfPage\":{\"@id\":\"https:\/\/xenonkungen.com\/produkt\/blixtljusramp-eqbt1345r65a-eo\/#primaryimage\"},\"image\":{\"@id\":\"https:\/\/xenonkungen.com\/produkt\/blixtljusramp-eqbt1345r65a-eo\/#primaryimage\"},\"thumbnailUrl\":\"https:\/\/xenonkungen.com\/wp-content\/uploads\/2025\/04\/190386149-origpic-be8364.jpg\",\"datePublished\":\"2025-04-15T09:04:25+00:00\",\"dateModified\":\"2026-04-24T16:04:41+00:00\",\"breadcrumb\":{\"@id\":\"https:\/\/xenonkungen.com\/produkt\/blixtljusramp-eqbt1345r65a-eo\/#breadcrumb\"},\"inLanguage\":\"es\",\"potentialAction\":[{\"@type\":\"ReadAction\",\"target\":[\"https:\/\/xenonkungen.com\/produkt\/blixtljusramp-eqbt1345r65a-eo\/\"]}]},{\"@type\":\"ImageObject\",\"inLanguage\":\"es\",\"@id\":\"https:\/\/xenonkungen.com\/produkt\/blixtljusramp-eqbt1345r65a-eo\/#primaryimage\",\"url\":\"https:\/\/xenonkungen.com\/wp-content\/uploads\/2025\/04\/190386149-origpic-be8364.jpg\",\"contentUrl\":\"https:\/\/xenonkungen.com\/wp-content\/uploads\/2025\/04\/190386149-origpic-be8364.jpg\",\"width\":800,\"height\":800},{\"@type\":\"BreadcrumbList\",\"@id\":\"https:\/\/xenonkungen.com\/produkt\/blixtljusramp-eqbt1345r65a-eo\/#breadcrumb\",\"itemListElement\":[{\"@type\":\"ListItem\",\"position\":1,\"name\":\"Hem\",\"item\":\"https:\/\/xenonkungen.com\/\"},{\"@type\":\"ListItem\",\"position\":2,\"name\":\"Shop\",\"item\":\"https:\/\/xenonkungen.com\/shop\/\"},{\"@type\":\"ListItem\",\"position\":3,\"name\":\"Blixtljusramp EQBT1345R65A-EO\"}]},{\"@type\":\"WebSite\",\"@id\":\"https:\/\/xenonkungen.com\/#website\",\"url\":\"https:\/\/xenonkungen.com\/\",\"name\":\"Xenonkungen\",\"description\":\"\",\"potentialAction\":[{\"@type\":\"SearchAction\",\"target\":{\"@type\":\"EntryPoint\",\"urlTemplate\":\"https:\/\/xenonkungen.com\/?s={search_term_string}\"},\"query-input\":{\"@type\":\"PropertyValueSpecification\",\"valueRequired\":true,\"valueName\":\"search_term_string\"}}],\"inLanguage\":\"es\"}]}<\/script>\n<!-- \/ Yoast SEO plugin. -->","yoast_head_json":{"title":"Barra de luz flash EQBT1345R65A-EO - Xenonkungen","robots":{"index":"index","follow":"follow","max-snippet":"max-snippet:-1","max-image-preview":"max-image-preview:large","max-video-preview":"max-video-preview:-1"},"canonical":"https:\/\/xenonkungen.com\/es\/producto\/barra-de-luz-de-flash-eqbt1345r65a-eo\/","og_locale":"es_ES","og_type":"article","og_title":"Blixtljusramp EQBT1345R65A-EO - Xenonkungen","og_description":"1345mm bred Blixtljusramp fr\u00e5n ElectraQuip som \u00e4r R65 godk\u00e4nd!","og_url":"https:\/\/xenonkungen.com\/es\/producto\/barra-de-luz-de-flash-eqbt1345r65a-eo\/","og_site_name":"Xenonkungen","article_modified_time":"2026-04-24T16:04:41+00:00","og_image":[{"width":800,"height":800,"url":"https:\/\/xenonkungen.com\/wp-content\/uploads\/2025\/04\/190386149-origpic-be8364.jpg","type":"image\/jpeg"}],"twitter_card":"summary_large_image","twitter_misc":{"Tiempo de lectura":"1 minuto"},"schema":{"@context":"https:\/\/schema.org","@graph":[{"@type":"WebPage","@id":"https:\/\/xenonkungen.com\/produkt\/blixtljusramp-eqbt1345r65a-eo\/","url":"https:\/\/xenonkungen.com\/produkt\/blixtljusramp-eqbt1345r65a-eo\/","name":"Barra de luz flash EQBT1345R65A-EO - Xenonkungen","isPartOf":{"@id":"https:\/\/xenonkungen.com\/#website"},"primaryImageOfPage":{"@id":"https:\/\/xenonkungen.com\/produkt\/blixtljusramp-eqbt1345r65a-eo\/#primaryimage"},"image":{"@id":"https:\/\/xenonkungen.com\/produkt\/blixtljusramp-eqbt1345r65a-eo\/#primaryimage"},"thumbnailUrl":"https:\/\/xenonkungen.com\/wp-content\/uploads\/2025\/04\/190386149-origpic-be8364.jpg","datePublished":"2025-04-15T09:04:25+00:00","dateModified":"2026-04-24T16:04:41+00:00","breadcrumb":{"@id":"https:\/\/xenonkungen.com\/produkt\/blixtljusramp-eqbt1345r65a-eo\/#breadcrumb"},"inLanguage":"es","potentialAction":[{"@type":"ReadAction","target":["https:\/\/xenonkungen.com\/produkt\/blixtljusramp-eqbt1345r65a-eo\/"]}]},{"@type":"ImageObject","inLanguage":"es","@id":"https:\/\/xenonkungen.com\/produkt\/blixtljusramp-eqbt1345r65a-eo\/#primaryimage","url":"https:\/\/xenonkungen.com\/wp-content\/uploads\/2025\/04\/190386149-origpic-be8364.jpg","contentUrl":"https:\/\/xenonkungen.com\/wp-content\/uploads\/2025\/04\/190386149-origpic-be8364.jpg","width":800,"height":800},{"@type":"BreadcrumbList","@id":"https:\/\/xenonkungen.com\/produkt\/blixtljusramp-eqbt1345r65a-eo\/#breadcrumb","itemListElement":[{"@type":"ListItem","position":1,"name":"Hem","item":"https:\/\/xenonkungen.com\/"},{"@type":"ListItem","position":2,"name":"Shop","item":"https:\/\/xenonkungen.com\/shop\/"},{"@type":"ListItem","position":3,"name":"Blixtljusramp EQBT1345R65A-EO"}]},{"@type":"WebSite","@id":"https:\/\/xenonkungen.com\/#website","url":"https:\/\/xenonkungen.com\/","name":"Xenonkungen","description":"","potentialAction":[{"@type":"SearchAction","target":{"@type":"EntryPoint","urlTemplate":"https:\/\/xenonkungen.com\/?s={search_term_string}"},"query-input":{"@type":"PropertyValueSpecification","valueRequired":true,"valueName":"search_term_string"}}],"inLanguage":"es"}]}},"taxonomy_info":{"product_cat":[{"value":2580,"label":"Blixtljusramp"},{"value":1061,"label":"Varningsljus"}],"pa_fuktskydd-varde-ipxx":[{"value":333,"label":"IP67"}],"pa_godkannande":[{"value":958,"label":"R10, R65"}],"pa_ljusbild":[{"value":1279,"label":"Blixljus"}],"pa_storlek-mm":[{"value":1292,"label":"1345x 206 x 85"}],"pa_volt-v":[{"value":1293,"label":"10-30 Dual Voltage"}]},"featured_image_src_large":["https:\/\/xenonkungen.com\/wp-content\/uploads\/2025\/04\/190386149-origpic-be8364.jpg",800,800,false],"author_info":[],"comment_info":0,"_links":{"self":[{"href":"https:\/\/xenonkungen.com\/es\/wp-json\/wp\/v2\/product\/3987","targetHints":{"allow":["GET"]}}],"collection":[{"href":"https:\/\/xenonkungen.com\/es\/wp-json\/wp\/v2\/product"}],"about":[{"href":"https:\/\/xenonkungen.com\/es\/wp-json\/wp\/v2\/types\/product"}],"replies":[{"embeddable":true,"href":"https:\/\/xenonkungen.com\/es\/wp-json\/wp\/v2\/comments?post=3987"}],"wp:featuredmedia":[{"embeddable":true,"href":"https:\/\/xenonkungen.com\/es\/wp-json\/wp\/v2\/media\/3988"}],"wp:attachment":[{"href":"https:\/\/xenonkungen.com\/es\/wp-json\/wp\/v2\/media?parent=3987"}],"wp:term":[{"taxonomy":"anvandningsomrade","embeddable":true,"href":"https:\/\/xenonkungen.com\/es\/wp-json\/wp\/v2\/anvandningsomrade?post=3987"},{"taxonomy":"bilmarken","embeddable":true,"href":"https:\/\/xenonkungen.com\/es\/wp-json\/wp\/v2\/bilmarken?post=3987"},{"taxonomy":"product_brand","embeddable":true,"href":"https:\/\/xenonkungen.com\/es\/wp-json\/wp\/v2\/product_brand?post=3987"},{"taxonomy":"product_cat","embeddable":true,"href":"https:\/\/xenonkungen.com\/es\/wp-json\/wp\/v2\/product_cat?post=3987"},{"taxonomy":"product_tag","embeddable":true,"href":"https:\/\/xenonkungen.com\/es\/wp-json\/wp\/v2\/product_tag?post=3987"}],"curies":[{"name":"wp","href":"https:\/\/api.w.org\/{rel}","templated":true}]}}