{"id":4004,"date":"2025-04-15T09:04:34","date_gmt":"2025-04-15T09:04:34","guid":{"rendered":"https:\/\/xenonkungen.com\/product\/blixtljus-eq-3led-180-r10\/"},"modified":"2026-05-12T14:32:56","modified_gmt":"2026-05-12T13:32:56","slug":"linterna-eq-3led-180-r10","status":"publish","type":"product","link":"https:\/\/xenonkungen.com\/es\/producto\/linterna-eq-3led-180-r10\/","title":{"rendered":"Luz intermitente EQ 3LED 180 R10"},"content":{"rendered":"<div class=\"container\">\n<h1>Luz de flash naranja de alta intensidad con gran angular<\/h1>\n<p>Esta luz de destello naranja de alta intensidad, modelo EQ-LED3DVA180, est\u00e1 dise\u00f1ada para ofrecer una visibilidad excepcional a los veh\u00edculos de trabajo gracias a su gran \u00e1ngulo de 180 grados. Equipada con 3 LED brillantes de 1 W y 12 patrones de destello diferentes, esta unidad ofrece flexibilidad y alto rendimiento para diversas aplicaciones.<\/p>\n<div class=\"features\">\n<h2>Caracter\u00edsticas principales:<\/h2>\n<ul>\n<li><span class=\"highlight\">Gran angular de 180 grados:<\/span> Visibilidad excepcional con amplia cobertura.<\/li>\n<li><span class=\"highlight\">3pcs brillante 1W LED Diodos:<\/span> Iluminaci\u00f3n intensa para una visibilidad \u00f3ptima.<\/li>\n<li><span class=\"highlight\">12 Patrones de rayos:<\/span> Ajustes vers\u00e1tiles para diferentes se\u00f1ales de advertencia.<\/li>\n<li><span class=\"highlight\">Lente de policarbonato estriado:<\/span> Dispersi\u00f3n de la luz de alta calidad.<\/li>\n<li><span class=\"highlight\">Pl\u00e1stico ABS y base de aluminio:<\/span> Construcci\u00f3n robusta para un uso duradero.<\/li>\n<li><span class=\"highlight\">Eficiencia energ\u00e9tica:<\/span> Uso eficiente tanto en sistemas de 12 V como de 24 V.<\/li>\n<li><span class=\"highlight\">Aprobado IP67:<\/span> Sellado contra el polvo y la humedad, resistente a la limpieza y al lavado a presi\u00f3n.<\/li>\n<li><span class=\"highlight\">Sincronizaci\u00f3n:<\/span> Se pueden sincronizar hasta 10 unidades para una se\u00f1alizaci\u00f3n uniforme.<\/li>\n<li><span class=\"highlight\">\u00c1reas de uso:<\/span> Perfecto para camiones, excavadoras, cosechadoras y mucho m\u00e1s.<\/li>\n<\/ul>\n<\/div>\n<\/div>\n<p><strong>Es bueno saberlo:<\/strong><br \/>Conexi\u00f3n del color del cable<br \/>Rojo - Positivo, Blanco - Alta\/Baja potencia, Negro - Tierra, Amarillo - Rayo<\/p>\n<p><strong>Contenido de la entrega<\/strong><br \/>1\u00aa luz de flash<br \/>2 tornillos para el montaje<br \/>1\u00aa carcasa de goma<\/p>\n<p><strong>Garant\u00eda<\/strong> <br \/>5 a\u00f1os de garant\u00eda de funcionamiento<\/p>\n<p><strong>Es bueno saberlo<\/strong><br \/>Puedes elegir el patr\u00f3n de luz intermitente que m\u00e1s te convenga cambiando de uno a otro con el cable amarillo. <\/p>\n<p>Actualizaciones de IP <br \/>IP6x - A prueba de polvo<br \/>IPx7 - Resistente al agua<\/p>","protected":false},"excerpt":{"rendered":"<p>Peque\u00f1a luz de destello brillante que puede sincronizarse en serie. Un m\u00e1ximo de 12 pueden funcionar simult\u00e1neamente.<\/p>","protected":false},"featured_media":4005,"comment_status":"closed","ping_status":"closed","template":"","meta":{"_acf_changed":false,"_smort_price_nok":"577","_smort_price_dkk":"610","_smort_price_eur":"81.72","_smort_sale_price_nok":"577","_smort_sale_price_dkk":"","_smort_sale_price_eur":"49.09","smort_restorder":"","shipmondo_restorder":"","_kad_blocks_custom_css":"","_kad_blocks_head_custom_js":"","_kad_blocks_body_custom_js":"","_kad_blocks_footer_custom_js":"","smort_custom_pricelist_1":"575.36","smort_custom_pricelist_2":"503.44","smort_custom_pricelist_3":"467.48","smort_custom_pricelist_4":"719.2","smort_custom_pricelist_5":"503.44"},"anvandningsomrade":[],"bilmarken":[],"product_brand":[],"product_cat":[3037,3076,2553,1061],"product_tag":[],"class_list":{"0":"post-4004","1":"product","2":"type-product","3":"status-publish","4":"has-post-thumbnail","6":"product_cat-3led-180-blixtljus","7":"product_cat-rekommendationer","8":"product_cat-blixtljus-riktat-varningsljus","9":"product_cat-varningsljus","10":"pa_fuktskydd-varde-ipxx-ip67","11":"pa_godkannande-ece-r10","12":"pa_storlek-mm-116x100x27x42","13":"pa_volt-v-12-24","15":"first","16":"onbackorder","17":"taxable","18":"shipping-taxable","19":"purchasable","20":"product-type-simple"},"bundled_by":[],"bundle_stock_status":"onbackorder","bundle_stock_quantity":0,"bundle_virtual":false,"bundle_layout":"","bundle_add_to_cart_form_location":"","bundle_editable_in_cart":false,"bundle_sold_individually_context":"","bundle_item_grouping":"","bundle_min_size":"","bundle_max_size":"","bundle_price":[],"bundled_items":[],"bundle_sell_ids":[],"acf":[],"yoast_head":"<!-- This site is optimized with the Yoast SEO plugin v27.0 - https:\/\/yoast.com\/product\/yoast-seo-wordpress\/ -->\n<title>Blixtljus EQ 3LED 180 R10 - Xenonkungen<\/title>\n<meta name=\"robots\" content=\"index, follow, max-snippet:-1, max-image-preview:large, max-video-preview:-1\" \/>\n<link rel=\"canonical\" href=\"https:\/\/xenonkungen.com\/es\/producto\/linterna-eq-3led-180-r10\/\" \/>\n<meta property=\"og:locale\" content=\"es_ES\" \/>\n<meta property=\"og:type\" content=\"article\" \/>\n<meta property=\"og:title\" content=\"Blixtljus EQ 3LED 180 R10 - Xenonkungen\" \/>\n<meta property=\"og:description\" content=\"Litet starkt blixtljus som kan synkroniseras i serie. Maximalt 12st kan k\u00f6ras samtidigt.\" \/>\n<meta property=\"og:url\" content=\"https:\/\/xenonkungen.com\/es\/producto\/linterna-eq-3led-180-r10\/\" \/>\n<meta property=\"og:site_name\" content=\"Xenonkungen\" \/>\n<meta property=\"article:modified_time\" content=\"2026-05-12T13:32:56+00:00\" \/>\n<meta property=\"og:image\" content=\"https:\/\/xenonkungen.com\/wp-content\/uploads\/2025\/04\/23435224-origpic-99f155.jpg\" \/>\n\t<meta property=\"og:image:width\" content=\"600\" \/>\n\t<meta property=\"og:image:height\" content=\"600\" \/>\n\t<meta property=\"og:image:type\" content=\"image\/jpeg\" \/>\n<meta name=\"twitter:card\" content=\"summary_large_image\" \/>\n<meta name=\"twitter:label1\" content=\"Tiempo de lectura\" \/>\n\t<meta name=\"twitter:data1\" content=\"1 minuto\" \/>\n<script type=\"application\/ld+json\" class=\"yoast-schema-graph\">{\"@context\":\"https:\/\/schema.org\",\"@graph\":[{\"@type\":\"WebPage\",\"@id\":\"https:\/\/xenonkungen.com\/produkt\/blixtljus-eq-3led-180-r10\/\",\"url\":\"https:\/\/xenonkungen.com\/produkt\/blixtljus-eq-3led-180-r10\/\",\"name\":\"Blixtljus EQ 3LED 180 R10 - Xenonkungen\",\"isPartOf\":{\"@id\":\"https:\/\/xenonkungen.com\/#website\"},\"primaryImageOfPage\":{\"@id\":\"https:\/\/xenonkungen.com\/produkt\/blixtljus-eq-3led-180-r10\/#primaryimage\"},\"image\":{\"@id\":\"https:\/\/xenonkungen.com\/produkt\/blixtljus-eq-3led-180-r10\/#primaryimage\"},\"thumbnailUrl\":\"https:\/\/xenonkungen.com\/wp-content\/uploads\/2025\/04\/23435224-origpic-99f155.jpg\",\"datePublished\":\"2025-04-15T09:04:34+00:00\",\"dateModified\":\"2026-05-12T13:32:56+00:00\",\"breadcrumb\":{\"@id\":\"https:\/\/xenonkungen.com\/produkt\/blixtljus-eq-3led-180-r10\/#breadcrumb\"},\"inLanguage\":\"es\",\"potentialAction\":[{\"@type\":\"ReadAction\",\"target\":[\"https:\/\/xenonkungen.com\/produkt\/blixtljus-eq-3led-180-r10\/\"]}]},{\"@type\":\"ImageObject\",\"inLanguage\":\"es\",\"@id\":\"https:\/\/xenonkungen.com\/produkt\/blixtljus-eq-3led-180-r10\/#primaryimage\",\"url\":\"https:\/\/xenonkungen.com\/wp-content\/uploads\/2025\/04\/23435224-origpic-99f155.jpg\",\"contentUrl\":\"https:\/\/xenonkungen.com\/wp-content\/uploads\/2025\/04\/23435224-origpic-99f155.jpg\",\"width\":600,\"height\":600},{\"@type\":\"BreadcrumbList\",\"@id\":\"https:\/\/xenonkungen.com\/produkt\/blixtljus-eq-3led-180-r10\/#breadcrumb\",\"itemListElement\":[{\"@type\":\"ListItem\",\"position\":1,\"name\":\"Hem\",\"item\":\"https:\/\/xenonkungen.com\/\"},{\"@type\":\"ListItem\",\"position\":2,\"name\":\"Shop\",\"item\":\"https:\/\/xenonkungen.com\/shop\/\"},{\"@type\":\"ListItem\",\"position\":3,\"name\":\"Blixtljus EQ 3LED 180 R10\"}]},{\"@type\":\"WebSite\",\"@id\":\"https:\/\/xenonkungen.com\/#website\",\"url\":\"https:\/\/xenonkungen.com\/\",\"name\":\"Xenonkungen\",\"description\":\"\",\"potentialAction\":[{\"@type\":\"SearchAction\",\"target\":{\"@type\":\"EntryPoint\",\"urlTemplate\":\"https:\/\/xenonkungen.com\/?s={search_term_string}\"},\"query-input\":{\"@type\":\"PropertyValueSpecification\",\"valueRequired\":true,\"valueName\":\"search_term_string\"}}],\"inLanguage\":\"es\"}]}<\/script>\n<!-- \/ Yoast SEO plugin. -->","yoast_head_json":{"title":"Linterna EQ 3LED 180 R10 - Xen\u00f3n","robots":{"index":"index","follow":"follow","max-snippet":"max-snippet:-1","max-image-preview":"max-image-preview:large","max-video-preview":"max-video-preview:-1"},"canonical":"https:\/\/xenonkungen.com\/es\/producto\/linterna-eq-3led-180-r10\/","og_locale":"es_ES","og_type":"article","og_title":"Blixtljus EQ 3LED 180 R10 - Xenonkungen","og_description":"Litet starkt blixtljus som kan synkroniseras i serie. Maximalt 12st kan k\u00f6ras samtidigt.","og_url":"https:\/\/xenonkungen.com\/es\/producto\/linterna-eq-3led-180-r10\/","og_site_name":"Xenonkungen","article_modified_time":"2026-05-12T13:32:56+00:00","og_image":[{"width":600,"height":600,"url":"https:\/\/xenonkungen.com\/wp-content\/uploads\/2025\/04\/23435224-origpic-99f155.jpg","type":"image\/jpeg"}],"twitter_card":"summary_large_image","twitter_misc":{"Tiempo de lectura":"1 minuto"},"schema":{"@context":"https:\/\/schema.org","@graph":[{"@type":"WebPage","@id":"https:\/\/xenonkungen.com\/produkt\/blixtljus-eq-3led-180-r10\/","url":"https:\/\/xenonkungen.com\/produkt\/blixtljus-eq-3led-180-r10\/","name":"Linterna EQ 3LED 180 R10 - Xen\u00f3n","isPartOf":{"@id":"https:\/\/xenonkungen.com\/#website"},"primaryImageOfPage":{"@id":"https:\/\/xenonkungen.com\/produkt\/blixtljus-eq-3led-180-r10\/#primaryimage"},"image":{"@id":"https:\/\/xenonkungen.com\/produkt\/blixtljus-eq-3led-180-r10\/#primaryimage"},"thumbnailUrl":"https:\/\/xenonkungen.com\/wp-content\/uploads\/2025\/04\/23435224-origpic-99f155.jpg","datePublished":"2025-04-15T09:04:34+00:00","dateModified":"2026-05-12T13:32:56+00:00","breadcrumb":{"@id":"https:\/\/xenonkungen.com\/produkt\/blixtljus-eq-3led-180-r10\/#breadcrumb"},"inLanguage":"es","potentialAction":[{"@type":"ReadAction","target":["https:\/\/xenonkungen.com\/produkt\/blixtljus-eq-3led-180-r10\/"]}]},{"@type":"ImageObject","inLanguage":"es","@id":"https:\/\/xenonkungen.com\/produkt\/blixtljus-eq-3led-180-r10\/#primaryimage","url":"https:\/\/xenonkungen.com\/wp-content\/uploads\/2025\/04\/23435224-origpic-99f155.jpg","contentUrl":"https:\/\/xenonkungen.com\/wp-content\/uploads\/2025\/04\/23435224-origpic-99f155.jpg","width":600,"height":600},{"@type":"BreadcrumbList","@id":"https:\/\/xenonkungen.com\/produkt\/blixtljus-eq-3led-180-r10\/#breadcrumb","itemListElement":[{"@type":"ListItem","position":1,"name":"Hem","item":"https:\/\/xenonkungen.com\/"},{"@type":"ListItem","position":2,"name":"Shop","item":"https:\/\/xenonkungen.com\/shop\/"},{"@type":"ListItem","position":3,"name":"Blixtljus EQ 3LED 180 R10"}]},{"@type":"WebSite","@id":"https:\/\/xenonkungen.com\/#website","url":"https:\/\/xenonkungen.com\/","name":"Xenonkungen","description":"","potentialAction":[{"@type":"SearchAction","target":{"@type":"EntryPoint","urlTemplate":"https:\/\/xenonkungen.com\/?s={search_term_string}"},"query-input":{"@type":"PropertyValueSpecification","valueRequired":true,"valueName":"search_term_string"}}],"inLanguage":"es"}]}},"taxonomy_info":{"product_cat":[{"value":3037,"label":"3LED 180\u00b0"},{"value":3076,"label":"Rekommendationer"},{"value":2553,"label":"Blixtljus - Riktat varningsljus"},{"value":1061,"label":"Varningsljus"}],"pa_fuktskydd-varde-ipxx":[{"value":333,"label":"IP67"}],"pa_godkannande":[{"value":966,"label":"ECE, R10"}],"pa_storlek-mm":[{"value":1304,"label":"116x100x27x42"}],"pa_volt-v":[{"value":348,"label":"12, 24"}]},"featured_image_src_large":["https:\/\/xenonkungen.com\/wp-content\/uploads\/2025\/04\/23435224-origpic-99f155.jpg",600,600,false],"author_info":[],"comment_info":0,"_links":{"self":[{"href":"https:\/\/xenonkungen.com\/es\/wp-json\/wp\/v2\/product\/4004","targetHints":{"allow":["GET"]}}],"collection":[{"href":"https:\/\/xenonkungen.com\/es\/wp-json\/wp\/v2\/product"}],"about":[{"href":"https:\/\/xenonkungen.com\/es\/wp-json\/wp\/v2\/types\/product"}],"replies":[{"embeddable":true,"href":"https:\/\/xenonkungen.com\/es\/wp-json\/wp\/v2\/comments?post=4004"}],"wp:featuredmedia":[{"embeddable":true,"href":"https:\/\/xenonkungen.com\/es\/wp-json\/wp\/v2\/media\/4005"}],"wp:attachment":[{"href":"https:\/\/xenonkungen.com\/es\/wp-json\/wp\/v2\/media?parent=4004"}],"wp:term":[{"taxonomy":"anvandningsomrade","embeddable":true,"href":"https:\/\/xenonkungen.com\/es\/wp-json\/wp\/v2\/anvandningsomrade?post=4004"},{"taxonomy":"bilmarken","embeddable":true,"href":"https:\/\/xenonkungen.com\/es\/wp-json\/wp\/v2\/bilmarken?post=4004"},{"taxonomy":"product_brand","embeddable":true,"href":"https:\/\/xenonkungen.com\/es\/wp-json\/wp\/v2\/product_brand?post=4004"},{"taxonomy":"product_cat","embeddable":true,"href":"https:\/\/xenonkungen.com\/es\/wp-json\/wp\/v2\/product_cat?post=4004"},{"taxonomy":"product_tag","embeddable":true,"href":"https:\/\/xenonkungen.com\/es\/wp-json\/wp\/v2\/product_tag?post=4004"}],"curies":[{"name":"wp","href":"https:\/\/api.w.org\/{rel}","templated":true}]}}