{"id":4016,"date":"2025-04-15T09:04:42","date_gmt":"2025-04-15T09:04:42","guid":{"rendered":"https:\/\/xenonkungen.com\/product\/blixtljus-eq-3led-180-r10-rod\/"},"modified":"2026-05-05T11:08:01","modified_gmt":"2026-05-05T10:08:01","slug":"linterna-eq-3led-180-r10-rod","status":"publish","type":"product","link":"https:\/\/xenonkungen.com\/es\/producto\/linterna-eq-3led-180-r10-rod\/","title":{"rendered":"Luz intermitente EQ 3LED 180 R10 Rojo"},"content":{"rendered":"<div class=\"container\">\n<h1>Luz intermitente roja de alta intensidad para mayor seguridad<\/h1>\n<p>Esta linterna roja de alta intensidad ofrece una visibilidad excepcional con un \u00e1ngulo amplio de 180 grados y 12 patrones de luz seleccionables, para satisfacer diferentes necesidades de seguridad.<\/p>\n<div class=\"features\">\n<h2>Caracter\u00edsticas principales:<\/h2>\n<ul>\n<li><span class=\"highlight\">Gran angular de 180 grados:<\/span> Proporciona gran visibilidad y atenci\u00f3n.<\/li>\n<li><span class=\"highlight\">12 diapositivas seleccionables:<\/span> Flexibilidad de personalizaci\u00f3n para usos espec\u00edficos.<\/li>\n<li><span class=\"highlight\">Lente de policarbonato transparente:<\/span> Garantiza la durabilidad y una difusi\u00f3n \u00f3ptima de la luz.<\/li>\n<li><span class=\"highlight\">Ata\u00fad ABS y placa Foamex:<\/span> Construcci\u00f3n robusta y duradera, preparada para las condiciones m\u00e1s duras.<\/li>\n<li><span class=\"highlight\">Clasificaci\u00f3n IP67:<\/span> Sellado contra el polvo y la humedad, ideal para uso en exteriores.<\/li>\n<li><span class=\"highlight\">Capacidad de sincronizaci\u00f3n:<\/span> Posibilidad de sincronizar hasta 10 dispositivos para se\u00f1ales de advertencia coordinadas.<\/li>\n<li><span class=\"highlight\">Soporta el lavado a alta presi\u00f3n:<\/span> F\u00e1cil de mantener y limpiar sin da\u00f1ar el aparato.<\/li>\n<li><span class=\"highlight\">Uso vers\u00e1til:<\/span> Ideal para veh\u00edculos de emergencia, veh\u00edculos de trabajo y zonas donde la alta visibilidad es esencial.<\/li>\n<\/ul>\n<\/div>\n<\/div>\n<p><strong>Es bueno saberlo:<\/strong><br \/>Conexi\u00f3n del color del cable<br \/>Rojo - Positivo, Blanco - Alta\/Baja potencia, Negro - Tierra, Amarillo - Rayo<\/p>\n<p><strong>Contenido de la entrega<\/strong><br \/>1\u00aa luz de flash<br \/>2 tornillos para el montaje<br \/>1\u00aa carcasa de goma<\/p>\n<p><strong>Garant\u00eda<\/strong> <br \/>5 a\u00f1os de garant\u00eda de funcionamiento<\/p>\n<p><strong>Es bueno saberlo<\/strong><br \/>Puedes elegir el patr\u00f3n de luz intermitente que m\u00e1s te convenga cambiando de uno a otro con el cable amarillo. <\/p>\n<p>Actualizaciones de IP <br \/>IP6x - A prueba de polvo<br \/>IPx7 - Resistente al agua<\/p>","protected":false},"excerpt":{"rendered":"<p>H\u00f6gintensivt R\u00f6tt Blixtljus f\u00f6r \u00d6kad S\u00e4kerhet Denna h\u00f6gintensiva r\u00f6da blixtlampa erbjuder exceptionell synlighet med en vidvinkel p\u00e5 180 grader och 12 valbara ljusbilder, f\u00f6r att m\u00f6ta olika s\u00e4kerhetsbehov. Viktiga Egenskaper: 180 Graders Vidvinkel: Ger omfattande synlighet och uppm\u00e4rksamhet. 12 Valbara Ljusbilder: Flexibilitet f\u00f6r att anpassa efter specifika anv\u00e4ndningsomr\u00e5den. Klar Polykarbonatlins: S\u00e4kerst\u00e4ller h\u00e5llbarhet och optimal ljusspridning. [&hellip;]<\/p>","protected":false},"featured_media":4017,"comment_status":"closed","ping_status":"closed","template":"","meta":{"_acf_changed":false,"_smort_price_nok":"577","_smort_price_dkk":"610","_smort_price_eur":"81.72","_smort_sale_price_nok":"577","_smort_sale_price_dkk":"","_smort_sale_price_eur":"49.09","smort_restorder":"","shipmondo_restorder":"","_kad_blocks_custom_css":"","_kad_blocks_head_custom_js":"","_kad_blocks_body_custom_js":"","_kad_blocks_footer_custom_js":"","smort_custom_pricelist_1":"575.36","smort_custom_pricelist_2":"503.44","smort_custom_pricelist_3":"467.48","smort_custom_pricelist_4":"719.2","smort_custom_pricelist_5":"503.44"},"anvandningsomrade":[],"bilmarken":[],"product_brand":[],"product_cat":[3037,2553,1061],"product_tag":[],"class_list":{"0":"post-4016","1":"product","2":"type-product","3":"status-publish","4":"has-post-thumbnail","6":"product_cat-3led-180-blixtljus","7":"product_cat-blixtljus-riktat-varningsljus","8":"product_cat-varningsljus","9":"pa_fuktskydd-varde-ipxx-ip67","10":"pa_godkannande-ece-r10-emc","11":"pa_storlek-mm-111x37x23","12":"pa_volt-v-12-24","14":"first","15":"instock","16":"taxable","17":"shipping-taxable","18":"purchasable","19":"product-type-simple"},"bundled_by":[],"bundle_stock_status":"instock","bundle_stock_quantity":6,"bundle_virtual":false,"bundle_layout":"","bundle_add_to_cart_form_location":"","bundle_editable_in_cart":false,"bundle_sold_individually_context":"","bundle_item_grouping":"","bundle_min_size":"","bundle_max_size":"","bundle_price":[],"bundled_items":[],"bundle_sell_ids":[],"acf":[],"yoast_head":"<!-- This site is optimized with the Yoast SEO plugin v27.0 - https:\/\/yoast.com\/product\/yoast-seo-wordpress\/ -->\n<title>Blixtljus EQ 3LED 180 R10 R\u00f6d - Xenonkungen<\/title>\n<meta name=\"robots\" content=\"index, follow, max-snippet:-1, max-image-preview:large, max-video-preview:-1\" \/>\n<link rel=\"canonical\" href=\"https:\/\/xenonkungen.com\/es\/producto\/linterna-eq-3led-180-r10-rod\/\" \/>\n<meta property=\"og:locale\" content=\"es_ES\" \/>\n<meta property=\"og:type\" content=\"article\" \/>\n<meta property=\"og:title\" content=\"Blixtljus EQ 3LED 180 R10 R\u00f6d - Xenonkungen\" \/>\n<meta property=\"og:description\" content=\"H\u00f6gintensivt R\u00f6tt Blixtljus f\u00f6r \u00d6kad S\u00e4kerhet Denna h\u00f6gintensiva r\u00f6da blixtlampa erbjuder exceptionell synlighet med en vidvinkel p\u00e5 180 grader och 12 valbara ljusbilder, f\u00f6r att m\u00f6ta olika s\u00e4kerhetsbehov. Viktiga Egenskaper: 180 Graders Vidvinkel: Ger omfattande synlighet och uppm\u00e4rksamhet. 12 Valbara Ljusbilder: Flexibilitet f\u00f6r att anpassa efter specifika anv\u00e4ndningsomr\u00e5den. Klar Polykarbonatlins: S\u00e4kerst\u00e4ller h\u00e5llbarhet och optimal ljusspridning. [&hellip;]\" \/>\n<meta property=\"og:url\" content=\"https:\/\/xenonkungen.com\/es\/producto\/linterna-eq-3led-180-r10-rod\/\" \/>\n<meta property=\"og:site_name\" content=\"Xenonkungen\" \/>\n<meta property=\"article:modified_time\" content=\"2026-05-05T10:08:01+00:00\" \/>\n<meta property=\"og:image\" content=\"https:\/\/xenonkungen.com\/wp-content\/uploads\/2025\/04\/23435219-origpic-75aa79.jpg\" \/>\n\t<meta property=\"og:image:width\" content=\"600\" \/>\n\t<meta property=\"og:image:height\" content=\"600\" \/>\n\t<meta property=\"og:image:type\" content=\"image\/jpeg\" \/>\n<meta name=\"twitter:card\" content=\"summary_large_image\" \/>\n<meta name=\"twitter:label1\" content=\"Tiempo de lectura\" \/>\n\t<meta name=\"twitter:data1\" content=\"1 minuto\" \/>\n<script type=\"application\/ld+json\" class=\"yoast-schema-graph\">{\"@context\":\"https:\/\/schema.org\",\"@graph\":[{\"@type\":\"WebPage\",\"@id\":\"https:\/\/xenonkungen.com\/produkt\/blixtljus-eq-3led-180-r10-rod\/\",\"url\":\"https:\/\/xenonkungen.com\/produkt\/blixtljus-eq-3led-180-r10-rod\/\",\"name\":\"Blixtljus EQ 3LED 180 R10 R\u00f6d - Xenonkungen\",\"isPartOf\":{\"@id\":\"https:\/\/xenonkungen.com\/#website\"},\"primaryImageOfPage\":{\"@id\":\"https:\/\/xenonkungen.com\/produkt\/blixtljus-eq-3led-180-r10-rod\/#primaryimage\"},\"image\":{\"@id\":\"https:\/\/xenonkungen.com\/produkt\/blixtljus-eq-3led-180-r10-rod\/#primaryimage\"},\"thumbnailUrl\":\"https:\/\/xenonkungen.com\/wp-content\/uploads\/2025\/04\/23435219-origpic-75aa79.jpg\",\"datePublished\":\"2025-04-15T09:04:42+00:00\",\"dateModified\":\"2026-05-05T10:08:01+00:00\",\"breadcrumb\":{\"@id\":\"https:\/\/xenonkungen.com\/produkt\/blixtljus-eq-3led-180-r10-rod\/#breadcrumb\"},\"inLanguage\":\"es\",\"potentialAction\":[{\"@type\":\"ReadAction\",\"target\":[\"https:\/\/xenonkungen.com\/produkt\/blixtljus-eq-3led-180-r10-rod\/\"]}]},{\"@type\":\"ImageObject\",\"inLanguage\":\"es\",\"@id\":\"https:\/\/xenonkungen.com\/produkt\/blixtljus-eq-3led-180-r10-rod\/#primaryimage\",\"url\":\"https:\/\/xenonkungen.com\/wp-content\/uploads\/2025\/04\/23435219-origpic-75aa79.jpg\",\"contentUrl\":\"https:\/\/xenonkungen.com\/wp-content\/uploads\/2025\/04\/23435219-origpic-75aa79.jpg\",\"width\":600,\"height\":600},{\"@type\":\"BreadcrumbList\",\"@id\":\"https:\/\/xenonkungen.com\/produkt\/blixtljus-eq-3led-180-r10-rod\/#breadcrumb\",\"itemListElement\":[{\"@type\":\"ListItem\",\"position\":1,\"name\":\"Hem\",\"item\":\"https:\/\/xenonkungen.com\/\"},{\"@type\":\"ListItem\",\"position\":2,\"name\":\"Shop\",\"item\":\"https:\/\/xenonkungen.com\/shop\/\"},{\"@type\":\"ListItem\",\"position\":3,\"name\":\"Blixtljus EQ 3LED 180 R10 R\u00f6d\"}]},{\"@type\":\"WebSite\",\"@id\":\"https:\/\/xenonkungen.com\/#website\",\"url\":\"https:\/\/xenonkungen.com\/\",\"name\":\"Xenonkungen\",\"description\":\"\",\"potentialAction\":[{\"@type\":\"SearchAction\",\"target\":{\"@type\":\"EntryPoint\",\"urlTemplate\":\"https:\/\/xenonkungen.com\/?s={search_term_string}\"},\"query-input\":{\"@type\":\"PropertyValueSpecification\",\"valueRequired\":true,\"valueName\":\"search_term_string\"}}],\"inLanguage\":\"es\"}]}<\/script>\n<!-- \/ Yoast SEO plugin. -->","yoast_head_json":{"title":"Linterna EQ 3LED 180 R10 Roja - Xen\u00f3n","robots":{"index":"index","follow":"follow","max-snippet":"max-snippet:-1","max-image-preview":"max-image-preview:large","max-video-preview":"max-video-preview:-1"},"canonical":"https:\/\/xenonkungen.com\/es\/producto\/linterna-eq-3led-180-r10-rod\/","og_locale":"es_ES","og_type":"article","og_title":"Blixtljus EQ 3LED 180 R10 R\u00f6d - Xenonkungen","og_description":"H\u00f6gintensivt R\u00f6tt Blixtljus f\u00f6r \u00d6kad S\u00e4kerhet Denna h\u00f6gintensiva r\u00f6da blixtlampa erbjuder exceptionell synlighet med en vidvinkel p\u00e5 180 grader och 12 valbara ljusbilder, f\u00f6r att m\u00f6ta olika s\u00e4kerhetsbehov. Viktiga Egenskaper: 180 Graders Vidvinkel: Ger omfattande synlighet och uppm\u00e4rksamhet. 12 Valbara Ljusbilder: Flexibilitet f\u00f6r att anpassa efter specifika anv\u00e4ndningsomr\u00e5den. Klar Polykarbonatlins: S\u00e4kerst\u00e4ller h\u00e5llbarhet och optimal ljusspridning. [&hellip;]","og_url":"https:\/\/xenonkungen.com\/es\/producto\/linterna-eq-3led-180-r10-rod\/","og_site_name":"Xenonkungen","article_modified_time":"2026-05-05T10:08:01+00:00","og_image":[{"width":600,"height":600,"url":"https:\/\/xenonkungen.com\/wp-content\/uploads\/2025\/04\/23435219-origpic-75aa79.jpg","type":"image\/jpeg"}],"twitter_card":"summary_large_image","twitter_misc":{"Tiempo de lectura":"1 minuto"},"schema":{"@context":"https:\/\/schema.org","@graph":[{"@type":"WebPage","@id":"https:\/\/xenonkungen.com\/produkt\/blixtljus-eq-3led-180-r10-rod\/","url":"https:\/\/xenonkungen.com\/produkt\/blixtljus-eq-3led-180-r10-rod\/","name":"Linterna EQ 3LED 180 R10 Roja - Xen\u00f3n","isPartOf":{"@id":"https:\/\/xenonkungen.com\/#website"},"primaryImageOfPage":{"@id":"https:\/\/xenonkungen.com\/produkt\/blixtljus-eq-3led-180-r10-rod\/#primaryimage"},"image":{"@id":"https:\/\/xenonkungen.com\/produkt\/blixtljus-eq-3led-180-r10-rod\/#primaryimage"},"thumbnailUrl":"https:\/\/xenonkungen.com\/wp-content\/uploads\/2025\/04\/23435219-origpic-75aa79.jpg","datePublished":"2025-04-15T09:04:42+00:00","dateModified":"2026-05-05T10:08:01+00:00","breadcrumb":{"@id":"https:\/\/xenonkungen.com\/produkt\/blixtljus-eq-3led-180-r10-rod\/#breadcrumb"},"inLanguage":"es","potentialAction":[{"@type":"ReadAction","target":["https:\/\/xenonkungen.com\/produkt\/blixtljus-eq-3led-180-r10-rod\/"]}]},{"@type":"ImageObject","inLanguage":"es","@id":"https:\/\/xenonkungen.com\/produkt\/blixtljus-eq-3led-180-r10-rod\/#primaryimage","url":"https:\/\/xenonkungen.com\/wp-content\/uploads\/2025\/04\/23435219-origpic-75aa79.jpg","contentUrl":"https:\/\/xenonkungen.com\/wp-content\/uploads\/2025\/04\/23435219-origpic-75aa79.jpg","width":600,"height":600},{"@type":"BreadcrumbList","@id":"https:\/\/xenonkungen.com\/produkt\/blixtljus-eq-3led-180-r10-rod\/#breadcrumb","itemListElement":[{"@type":"ListItem","position":1,"name":"Hem","item":"https:\/\/xenonkungen.com\/"},{"@type":"ListItem","position":2,"name":"Shop","item":"https:\/\/xenonkungen.com\/shop\/"},{"@type":"ListItem","position":3,"name":"Blixtljus EQ 3LED 180 R10 R\u00f6d"}]},{"@type":"WebSite","@id":"https:\/\/xenonkungen.com\/#website","url":"https:\/\/xenonkungen.com\/","name":"Xenonkungen","description":"","potentialAction":[{"@type":"SearchAction","target":{"@type":"EntryPoint","urlTemplate":"https:\/\/xenonkungen.com\/?s={search_term_string}"},"query-input":{"@type":"PropertyValueSpecification","valueRequired":true,"valueName":"search_term_string"}}],"inLanguage":"es"}]}},"taxonomy_info":{"product_cat":[{"value":3037,"label":"3LED 180\u00b0"},{"value":2553,"label":"Blixtljus - Riktat varningsljus"},{"value":1061,"label":"Varningsljus"}],"pa_fuktskydd-varde-ipxx":[{"value":333,"label":"IP67"}],"pa_godkannande":[{"value":1306,"label":"ECE R10 (EMC)"}],"pa_storlek-mm":[{"value":1308,"label":"111x37x23"}],"pa_volt-v":[{"value":348,"label":"12, 24"}]},"featured_image_src_large":["https:\/\/xenonkungen.com\/wp-content\/uploads\/2025\/04\/23435219-origpic-75aa79.jpg",600,600,false],"author_info":[],"comment_info":0,"_links":{"self":[{"href":"https:\/\/xenonkungen.com\/es\/wp-json\/wp\/v2\/product\/4016","targetHints":{"allow":["GET"]}}],"collection":[{"href":"https:\/\/xenonkungen.com\/es\/wp-json\/wp\/v2\/product"}],"about":[{"href":"https:\/\/xenonkungen.com\/es\/wp-json\/wp\/v2\/types\/product"}],"replies":[{"embeddable":true,"href":"https:\/\/xenonkungen.com\/es\/wp-json\/wp\/v2\/comments?post=4016"}],"wp:featuredmedia":[{"embeddable":true,"href":"https:\/\/xenonkungen.com\/es\/wp-json\/wp\/v2\/media\/4017"}],"wp:attachment":[{"href":"https:\/\/xenonkungen.com\/es\/wp-json\/wp\/v2\/media?parent=4016"}],"wp:term":[{"taxonomy":"anvandningsomrade","embeddable":true,"href":"https:\/\/xenonkungen.com\/es\/wp-json\/wp\/v2\/anvandningsomrade?post=4016"},{"taxonomy":"bilmarken","embeddable":true,"href":"https:\/\/xenonkungen.com\/es\/wp-json\/wp\/v2\/bilmarken?post=4016"},{"taxonomy":"product_brand","embeddable":true,"href":"https:\/\/xenonkungen.com\/es\/wp-json\/wp\/v2\/product_brand?post=4016"},{"taxonomy":"product_cat","embeddable":true,"href":"https:\/\/xenonkungen.com\/es\/wp-json\/wp\/v2\/product_cat?post=4016"},{"taxonomy":"product_tag","embeddable":true,"href":"https:\/\/xenonkungen.com\/es\/wp-json\/wp\/v2\/product_tag?post=4016"}],"curies":[{"name":"wp","href":"https:\/\/api.w.org\/{rel}","templated":true}]}}