{"id":4023,"date":"2025-04-15T09:04:42","date_gmt":"2025-04-15T09:04:42","guid":{"rendered":"https:\/\/xenonkungen.com\/product\/blixtljus-eq-3led-180-r10-vit\/"},"modified":"2026-04-24T17:05:06","modified_gmt":"2026-04-24T16:05:06","slug":"linterna-eq-3led-180-r10-blanca","status":"publish","type":"product","link":"https:\/\/xenonkungen.com\/es\/producto\/linterna-eq-3led-180-r10-blanca\/","title":{"rendered":"Luz intermitente EQ 3LED 180 R10 Blanco"},"content":{"rendered":"<div class=\"container\">\n<h1>Flash blanco de alta intensidad: visibilidad gran angular de 180 grados<\/h1>\n<p>Esta luz de destello blanca de alta intensidad, dise\u00f1ada para proporcionar una visibilidad completa con un \u00e1ngulo amplio de 180 grados, es una herramienta \u00f3ptima para mejorar la seguridad en diversos entornos. Con la posibilidad de elegir entre 12 patrones de luz distintos, el usuario puede personalizar las se\u00f1ales de advertencia en funci\u00f3n de las necesidades y situaciones espec\u00edficas.<\/p>\n<div class=\"features\">\n<h2>Caracter\u00edsticas en profundidad:<\/h2>\n<ul>\n<li><span class=\"highlight\">12 diapositivas personalizables:<\/span> Ofrece flexibilidad para satisfacer diversas necesidades de alerta.<\/li>\n<li><span class=\"highlight\">Lente de policarbonato transparente:<\/span> Alta calidad y durabilidad para una m\u00e1xima difusi\u00f3n de la luz y durabilidad.<\/li>\n<li><span class=\"highlight\">Ata\u00fad ABS sobre placa Foamex:<\/span> Construcci\u00f3n robusta que resiste el uso intensivo en entornos dif\u00edciles.<\/li>\n<li><span class=\"highlight\">Clasificaci\u00f3n de estanqueidad IP67:<\/span> Totalmente sellado contra el polvo y la humedad, lo que lo hace ideal para su uso en cualquier condici\u00f3n meteorol\u00f3gica.<\/li>\n<li><span class=\"highlight\">Lavadora a presi\u00f3n Duradera:<\/span> F\u00e1cil de mantener y limpiar, lo que prolonga su vida \u00fatil.<\/li>\n<li><span class=\"highlight\">Capacidad de sincronizaci\u00f3n:<\/span> Posibilidad de enlazar hasta 10 dispositivos para una alerta coherente y potente.<\/li>\n<li>Las aplicaciones incluyen, entre otras, veh\u00edculos de emergencia, veh\u00edculos de trabajo y otras situaciones en las que se requiere la m\u00e1xima visibilidad para la seguridad.<\/li>\n<\/ul>\n<p><strong>Por favor, tome nota:<\/strong> Aunque esta luz intermitente no est\u00e1 homologada seg\u00fan la norma R65, sus prestaciones y funcionalidad son suficientes para actuar como un potente complemento de los sistemas de seguridad existentes.<\/p>\n<\/div>\n<\/div>\n<p><strong>Es bueno saberlo:<\/strong><br \/>Conexi\u00f3n del color del cable<br \/>Rojo - Positivo, Blanco - Alta\/Baja potencia, Negro - Tierra, Amarillo - Rayo<\/p>\n<p><strong>Contenido de la entrega<\/strong><br \/>1\u00aa luz de flash<br \/>2 tornillos para el montaje<br \/>1\u00aa carcasa de goma<\/p>\n<p><strong>Garant\u00eda<\/strong> <br \/>5 a\u00f1os de garant\u00eda de funcionamiento<\/p>\n<p><strong>Es bueno saberlo<\/strong><br \/>Puedes elegir el patr\u00f3n de luz intermitente que m\u00e1s te convenga cambiando de uno a otro con el cable amarillo. <\/p>\n<p>Actualizaciones de IP <br \/>IP6x - A prueba de polvo<br \/>IPx7 - Resistente al agua<\/p>","protected":false},"excerpt":{"rendered":"<p>H\u00f6gintensivt Vitt Blixtljus: Synlighet i 180 Graders Vidvinkel Detta h\u00f6gintensiva vitt blixtljus, designat f\u00f6r att ge en omfattande synlighet med en vidvinkel p\u00e5 180 grader, \u00e4r ett optimalt verktyg f\u00f6r att f\u00f6rb\u00e4ttra s\u00e4kerheten i en rad olika milj\u00f6er. Med m\u00f6jligheten att v\u00e4lja mellan 12 distinkta ljusbilder, kan anv\u00e4ndaren anpassa varningssignalerna efter specifika behov och situationer. [&hellip;]<\/p>","protected":false},"featured_media":4024,"comment_status":"closed","ping_status":"open","template":"","meta":{"_acf_changed":false,"_smort_price_nok":"960","_smort_price_dkk":"610","_smort_price_eur":"81.72","_smort_sale_price_nok":"","_smort_sale_price_dkk":"","_smort_sale_price_eur":"","smort_restorder":"","shipmondo_restorder":"","_kad_blocks_custom_css":"","_kad_blocks_head_custom_js":"","_kad_blocks_body_custom_js":"","_kad_blocks_footer_custom_js":"","smort_custom_pricelist_1":"575.36","smort_custom_pricelist_2":"503.44","smort_custom_pricelist_3":"467.48","smort_custom_pricelist_4":"719.2","smort_custom_pricelist_5":"503.44"},"anvandningsomrade":[],"bilmarken":[],"product_brand":[],"product_cat":[3037,2553,1061],"product_tag":[],"class_list":{"0":"post-4023","1":"product","2":"type-product","3":"status-publish","4":"has-post-thumbnail","6":"product_cat-3led-180-blixtljus","7":"product_cat-blixtljus-riktat-varningsljus","8":"product_cat-varningsljus","9":"pa_fuktskydd-varde-ipxx-ip67","10":"pa_godkannande-ece-r10-emc","11":"pa_storlek-mm-111x37x23","12":"pa_volt-v-12-24","14":"first","15":"instock","16":"taxable","17":"shipping-taxable","18":"purchasable","19":"product-type-simple"},"bundled_by":[],"bundle_stock_status":"instock","bundle_stock_quantity":4,"bundle_virtual":false,"bundle_layout":"","bundle_add_to_cart_form_location":"","bundle_editable_in_cart":false,"bundle_sold_individually_context":"","bundle_item_grouping":"","bundle_min_size":"","bundle_max_size":"","bundle_price":[],"bundled_items":[],"bundle_sell_ids":[],"acf":[],"yoast_head":"<!-- This site is optimized with the Yoast SEO plugin v27.0 - https:\/\/yoast.com\/product\/yoast-seo-wordpress\/ -->\n<title>Blixtljus EQ 3LED 180 R10 Vit - Xenonkungen<\/title>\n<meta name=\"robots\" content=\"index, follow, max-snippet:-1, max-image-preview:large, max-video-preview:-1\" \/>\n<link rel=\"canonical\" href=\"https:\/\/xenonkungen.com\/es\/producto\/linterna-eq-3led-180-r10-blanca\/\" \/>\n<meta property=\"og:locale\" content=\"es_ES\" \/>\n<meta property=\"og:type\" content=\"article\" \/>\n<meta property=\"og:title\" content=\"Blixtljus EQ 3LED 180 R10 Vit - Xenonkungen\" \/>\n<meta property=\"og:description\" content=\"H\u00f6gintensivt Vitt Blixtljus: Synlighet i 180 Graders Vidvinkel Detta h\u00f6gintensiva vitt blixtljus, designat f\u00f6r att ge en omfattande synlighet med en vidvinkel p\u00e5 180 grader, \u00e4r ett optimalt verktyg f\u00f6r att f\u00f6rb\u00e4ttra s\u00e4kerheten i en rad olika milj\u00f6er. Med m\u00f6jligheten att v\u00e4lja mellan 12 distinkta ljusbilder, kan anv\u00e4ndaren anpassa varningssignalerna efter specifika behov och situationer. [&hellip;]\" \/>\n<meta property=\"og:url\" content=\"https:\/\/xenonkungen.com\/es\/producto\/linterna-eq-3led-180-r10-blanca\/\" \/>\n<meta property=\"og:site_name\" content=\"Xenonkungen\" \/>\n<meta property=\"article:modified_time\" content=\"2026-04-24T16:05:06+00:00\" \/>\n<meta property=\"og:image\" content=\"https:\/\/xenonkungen.com\/wp-content\/uploads\/2025\/04\/23435228-origpic-95155e.jpg\" \/>\n\t<meta property=\"og:image:width\" content=\"600\" \/>\n\t<meta property=\"og:image:height\" content=\"600\" \/>\n\t<meta property=\"og:image:type\" content=\"image\/jpeg\" \/>\n<meta name=\"twitter:card\" content=\"summary_large_image\" \/>\n<meta name=\"twitter:label1\" content=\"Tiempo de lectura\" \/>\n\t<meta name=\"twitter:data1\" content=\"2 minutos\" \/>\n<script type=\"application\/ld+json\" class=\"yoast-schema-graph\">{\"@context\":\"https:\/\/schema.org\",\"@graph\":[{\"@type\":\"WebPage\",\"@id\":\"https:\/\/xenonkungen.com\/produkt\/blixtljus-eq-3led-180-r10-vit\/\",\"url\":\"https:\/\/xenonkungen.com\/produkt\/blixtljus-eq-3led-180-r10-vit\/\",\"name\":\"Blixtljus EQ 3LED 180 R10 Vit - Xenonkungen\",\"isPartOf\":{\"@id\":\"https:\/\/xenonkungen.com\/#website\"},\"primaryImageOfPage\":{\"@id\":\"https:\/\/xenonkungen.com\/produkt\/blixtljus-eq-3led-180-r10-vit\/#primaryimage\"},\"image\":{\"@id\":\"https:\/\/xenonkungen.com\/produkt\/blixtljus-eq-3led-180-r10-vit\/#primaryimage\"},\"thumbnailUrl\":\"https:\/\/xenonkungen.com\/wp-content\/uploads\/2025\/04\/23435228-origpic-95155e.jpg\",\"datePublished\":\"2025-04-15T09:04:42+00:00\",\"dateModified\":\"2026-04-24T16:05:06+00:00\",\"breadcrumb\":{\"@id\":\"https:\/\/xenonkungen.com\/produkt\/blixtljus-eq-3led-180-r10-vit\/#breadcrumb\"},\"inLanguage\":\"es\",\"potentialAction\":[{\"@type\":\"ReadAction\",\"target\":[\"https:\/\/xenonkungen.com\/produkt\/blixtljus-eq-3led-180-r10-vit\/\"]}]},{\"@type\":\"ImageObject\",\"inLanguage\":\"es\",\"@id\":\"https:\/\/xenonkungen.com\/produkt\/blixtljus-eq-3led-180-r10-vit\/#primaryimage\",\"url\":\"https:\/\/xenonkungen.com\/wp-content\/uploads\/2025\/04\/23435228-origpic-95155e.jpg\",\"contentUrl\":\"https:\/\/xenonkungen.com\/wp-content\/uploads\/2025\/04\/23435228-origpic-95155e.jpg\",\"width\":600,\"height\":600},{\"@type\":\"BreadcrumbList\",\"@id\":\"https:\/\/xenonkungen.com\/produkt\/blixtljus-eq-3led-180-r10-vit\/#breadcrumb\",\"itemListElement\":[{\"@type\":\"ListItem\",\"position\":1,\"name\":\"Hem\",\"item\":\"https:\/\/xenonkungen.com\/\"},{\"@type\":\"ListItem\",\"position\":2,\"name\":\"Shop\",\"item\":\"https:\/\/xenonkungen.com\/shop\/\"},{\"@type\":\"ListItem\",\"position\":3,\"name\":\"Blixtljus EQ 3LED 180 R10 Vit\"}]},{\"@type\":\"WebSite\",\"@id\":\"https:\/\/xenonkungen.com\/#website\",\"url\":\"https:\/\/xenonkungen.com\/\",\"name\":\"Xenonkungen\",\"description\":\"\",\"potentialAction\":[{\"@type\":\"SearchAction\",\"target\":{\"@type\":\"EntryPoint\",\"urlTemplate\":\"https:\/\/xenonkungen.com\/?s={search_term_string}\"},\"query-input\":{\"@type\":\"PropertyValueSpecification\",\"valueRequired\":true,\"valueName\":\"search_term_string\"}}],\"inLanguage\":\"es\"}]}<\/script>\n<!-- \/ Yoast SEO plugin. -->","yoast_head_json":{"title":"Linterna EQ 3LED 180 R10 Blanca - Xen\u00f3n","robots":{"index":"index","follow":"follow","max-snippet":"max-snippet:-1","max-image-preview":"max-image-preview:large","max-video-preview":"max-video-preview:-1"},"canonical":"https:\/\/xenonkungen.com\/es\/producto\/linterna-eq-3led-180-r10-blanca\/","og_locale":"es_ES","og_type":"article","og_title":"Blixtljus EQ 3LED 180 R10 Vit - Xenonkungen","og_description":"H\u00f6gintensivt Vitt Blixtljus: Synlighet i 180 Graders Vidvinkel Detta h\u00f6gintensiva vitt blixtljus, designat f\u00f6r att ge en omfattande synlighet med en vidvinkel p\u00e5 180 grader, \u00e4r ett optimalt verktyg f\u00f6r att f\u00f6rb\u00e4ttra s\u00e4kerheten i en rad olika milj\u00f6er. Med m\u00f6jligheten att v\u00e4lja mellan 12 distinkta ljusbilder, kan anv\u00e4ndaren anpassa varningssignalerna efter specifika behov och situationer. [&hellip;]","og_url":"https:\/\/xenonkungen.com\/es\/producto\/linterna-eq-3led-180-r10-blanca\/","og_site_name":"Xenonkungen","article_modified_time":"2026-04-24T16:05:06+00:00","og_image":[{"width":600,"height":600,"url":"https:\/\/xenonkungen.com\/wp-content\/uploads\/2025\/04\/23435228-origpic-95155e.jpg","type":"image\/jpeg"}],"twitter_card":"summary_large_image","twitter_misc":{"Tiempo de lectura":"2 minutos"},"schema":{"@context":"https:\/\/schema.org","@graph":[{"@type":"WebPage","@id":"https:\/\/xenonkungen.com\/produkt\/blixtljus-eq-3led-180-r10-vit\/","url":"https:\/\/xenonkungen.com\/produkt\/blixtljus-eq-3led-180-r10-vit\/","name":"Linterna EQ 3LED 180 R10 Blanca - Xen\u00f3n","isPartOf":{"@id":"https:\/\/xenonkungen.com\/#website"},"primaryImageOfPage":{"@id":"https:\/\/xenonkungen.com\/produkt\/blixtljus-eq-3led-180-r10-vit\/#primaryimage"},"image":{"@id":"https:\/\/xenonkungen.com\/produkt\/blixtljus-eq-3led-180-r10-vit\/#primaryimage"},"thumbnailUrl":"https:\/\/xenonkungen.com\/wp-content\/uploads\/2025\/04\/23435228-origpic-95155e.jpg","datePublished":"2025-04-15T09:04:42+00:00","dateModified":"2026-04-24T16:05:06+00:00","breadcrumb":{"@id":"https:\/\/xenonkungen.com\/produkt\/blixtljus-eq-3led-180-r10-vit\/#breadcrumb"},"inLanguage":"es","potentialAction":[{"@type":"ReadAction","target":["https:\/\/xenonkungen.com\/produkt\/blixtljus-eq-3led-180-r10-vit\/"]}]},{"@type":"ImageObject","inLanguage":"es","@id":"https:\/\/xenonkungen.com\/produkt\/blixtljus-eq-3led-180-r10-vit\/#primaryimage","url":"https:\/\/xenonkungen.com\/wp-content\/uploads\/2025\/04\/23435228-origpic-95155e.jpg","contentUrl":"https:\/\/xenonkungen.com\/wp-content\/uploads\/2025\/04\/23435228-origpic-95155e.jpg","width":600,"height":600},{"@type":"BreadcrumbList","@id":"https:\/\/xenonkungen.com\/produkt\/blixtljus-eq-3led-180-r10-vit\/#breadcrumb","itemListElement":[{"@type":"ListItem","position":1,"name":"Hem","item":"https:\/\/xenonkungen.com\/"},{"@type":"ListItem","position":2,"name":"Shop","item":"https:\/\/xenonkungen.com\/shop\/"},{"@type":"ListItem","position":3,"name":"Blixtljus EQ 3LED 180 R10 Vit"}]},{"@type":"WebSite","@id":"https:\/\/xenonkungen.com\/#website","url":"https:\/\/xenonkungen.com\/","name":"Xenonkungen","description":"","potentialAction":[{"@type":"SearchAction","target":{"@type":"EntryPoint","urlTemplate":"https:\/\/xenonkungen.com\/?s={search_term_string}"},"query-input":{"@type":"PropertyValueSpecification","valueRequired":true,"valueName":"search_term_string"}}],"inLanguage":"es"}]}},"taxonomy_info":{"product_cat":[{"value":3037,"label":"3LED 180\u00b0"},{"value":2553,"label":"Blixtljus - Riktat varningsljus"},{"value":1061,"label":"Varningsljus"}],"pa_fuktskydd-varde-ipxx":[{"value":333,"label":"IP67"}],"pa_godkannande":[{"value":1306,"label":"ECE R10 (EMC)"}],"pa_storlek-mm":[{"value":1308,"label":"111x37x23"}],"pa_volt-v":[{"value":348,"label":"12, 24"}]},"featured_image_src_large":["https:\/\/xenonkungen.com\/wp-content\/uploads\/2025\/04\/23435228-origpic-95155e.jpg",600,600,false],"author_info":[],"comment_info":0,"_links":{"self":[{"href":"https:\/\/xenonkungen.com\/es\/wp-json\/wp\/v2\/product\/4023","targetHints":{"allow":["GET"]}}],"collection":[{"href":"https:\/\/xenonkungen.com\/es\/wp-json\/wp\/v2\/product"}],"about":[{"href":"https:\/\/xenonkungen.com\/es\/wp-json\/wp\/v2\/types\/product"}],"replies":[{"embeddable":true,"href":"https:\/\/xenonkungen.com\/es\/wp-json\/wp\/v2\/comments?post=4023"}],"wp:featuredmedia":[{"embeddable":true,"href":"https:\/\/xenonkungen.com\/es\/wp-json\/wp\/v2\/media\/4024"}],"wp:attachment":[{"href":"https:\/\/xenonkungen.com\/es\/wp-json\/wp\/v2\/media?parent=4023"}],"wp:term":[{"taxonomy":"anvandningsomrade","embeddable":true,"href":"https:\/\/xenonkungen.com\/es\/wp-json\/wp\/v2\/anvandningsomrade?post=4023"},{"taxonomy":"bilmarken","embeddable":true,"href":"https:\/\/xenonkungen.com\/es\/wp-json\/wp\/v2\/bilmarken?post=4023"},{"taxonomy":"product_brand","embeddable":true,"href":"https:\/\/xenonkungen.com\/es\/wp-json\/wp\/v2\/product_brand?post=4023"},{"taxonomy":"product_cat","embeddable":true,"href":"https:\/\/xenonkungen.com\/es\/wp-json\/wp\/v2\/product_cat?post=4023"},{"taxonomy":"product_tag","embeddable":true,"href":"https:\/\/xenonkungen.com\/es\/wp-json\/wp\/v2\/product_tag?post=4023"}],"curies":[{"name":"wp","href":"https:\/\/api.w.org\/{rel}","templated":true}]}}