{"id":4093,"date":"2025-04-15T09:05:16","date_gmt":"2025-04-15T09:05:16","guid":{"rendered":"https:\/\/xenonkungen.com\/product\/mc-dynamisk-bakmarkering-rod-bromsljus\/"},"modified":"2026-03-17T09:55:26","modified_gmt":"2026-03-17T08:55:26","slug":"luz-de-freno-con-barra-de-senalizacion-trasera-dinamica-mc","status":"publish","type":"product","link":"https:\/\/xenonkungen.com\/es\/producto\/luz-de-freno-con-barra-de-senalizacion-trasera-dinamica-mc\/","title":{"rendered":"MC Dynamic Se\u00f1alizaci\u00f3n trasera | Luz roja\/brillante"},"content":{"rendered":"<p>Ahora puede dar a su moto un aspecto \u00fanico e impresionante a la vez que mejora la visibilidad y la seguridad con nuestro Marcador trasero din\u00e1mico MC con luz de posici\u00f3n roja. Este producto combina una funci\u00f3n de intermitente din\u00e1mico y un marcador trasero rojo para ofrecerte una visibilidad y una atenci\u00f3n excepcionales por parte de los dem\u00e1s usuarios de la carretera.<\/p>\n<p>La funci\u00f3n de intermitentes din\u00e1micos crea un efecto impresionante al girar o cambiar de carril. La luz parpadea y var\u00eda en intensidad para ser claramente visible y atraer la atenci\u00f3n. No solo ser\u00e1s visible, sino que causar\u00e1s impresi\u00f3n en la carretera.<\/p>\n<p>Con la se\u00f1alizaci\u00f3n trasera roja, conseguir\u00e1 una mayor visibilidad en carretera.<\/p>\n<p>La instalaci\u00f3n es sencilla y se adapta a la mayor\u00eda de las motocicletas. No necesita ser un experto para actualizar su motocicleta con este producto. El Marcador trasero din\u00e1mico MC con funci\u00f3n de luz de freno roja est\u00e1 fabricado con materiales de alta calidad para garantizar su durabilidad y fiabilidad.<\/p>\n<p>Aumente tanto la visibilidad como la seguridad en la carretera con nuestra se\u00f1alizaci\u00f3n trasera din\u00e1mica para motocicletas con luz de se\u00f1alizaci\u00f3n roja. P\u00eddalo hoy y lleve la visibilidad de su moto a un nuevo nivel. Conduce con confianza y haz que tu moto destaque entre la multitud.<\/p>","protected":false},"excerpt":{"rendered":"<p>Dale a tu moto un aspecto deportivo y seguro con nuestra se\u00f1alizaci\u00f3n trasera din\u00e1mica MC en rojo. Esta se\u00f1alizaci\u00f3n din\u00e1mica le proporciona una mayor visibilidad y se\u00f1ala directamente a los dem\u00e1s usuarios de la carretera. F\u00e1cil de instalar y apto para todas las motocicletas. Pida hoy mismo su MC Dynamic Rear Marking y lleve su seguridad y estilo al siguiente nivel.<\/p>","protected":false},"featured_media":4094,"comment_status":"closed","ping_status":"closed","template":"","meta":{"_acf_changed":false,"_smort_price_nok":"134","_smort_price_dkk":"121","_smort_price_eur":"16.27","_smort_sale_price_nok":"134","_smort_sale_price_dkk":"","_smort_sale_price_eur":"11.36","smort_restorder":"","shipmondo_restorder":"","_kad_blocks_custom_css":"","_kad_blocks_head_custom_js":"","_kad_blocks_body_custom_js":"","_kad_blocks_footer_custom_js":"","smort_custom_pricelist_1":"114.56","smort_custom_pricelist_2":"100.24","smort_custom_pricelist_3":"95.23","smort_custom_pricelist_4":"143.2","smort_custom_pricelist_5":"100.24"},"anvandningsomrade":[165,2709,234],"bilmarken":[],"product_brand":[],"product_cat":[2811,2552,2477,2812,2478,1064,1833],"product_tag":[],"class_list":{"0":"post-4093","1":"product","2":"type-product","3":"status-publish","4":"has-post-thumbnail","6":"anvandningsomrade-atv","7":"anvandningsomrade-atv-snoskoter","8":"anvandningsomrade-mc","9":"product_cat-bak","10":"product_cat-bakljus-slap","11":"product_cat-blinkers","12":"product_cat-kombo","13":"product_cat-positionsljus-slap","14":"product_cat-baklampor","15":"product_cat-bakmarkering","17":"first","18":"instock","19":"sale","20":"taxable","21":"shipping-taxable","22":"purchasable","23":"product-type-simple"},"bundled_by":[],"bundle_stock_status":"instock","bundle_stock_quantity":24,"bundle_virtual":false,"bundle_layout":"","bundle_add_to_cart_form_location":"","bundle_editable_in_cart":false,"bundle_sold_individually_context":"","bundle_item_grouping":"","bundle_min_size":"","bundle_max_size":"","bundle_price":[],"bundled_items":[],"bundle_sell_ids":[],"acf":[],"yoast_head":"<!-- This site is optimized with the Yoast SEO plugin v27.0 - https:\/\/yoast.com\/product\/yoast-seo-wordpress\/ -->\n<title>MC Dynamisk Bakmarkering | R\u00f6d\/Bromsljus - Xenonkungen<\/title>\n<meta name=\"robots\" content=\"index, follow, max-snippet:-1, max-image-preview:large, max-video-preview:-1\" \/>\n<link rel=\"canonical\" href=\"https:\/\/xenonkungen.com\/es\/producto\/luz-de-freno-con-barra-de-senalizacion-trasera-dinamica-mc\/\" \/>\n<meta property=\"og:locale\" content=\"es_ES\" \/>\n<meta property=\"og:type\" content=\"article\" \/>\n<meta property=\"og:title\" content=\"MC Dynamisk Bakmarkering | R\u00f6d\/Bromsljus - Xenonkungen\" \/>\n<meta property=\"og:description\" content=\"Ge din motorcykel ett sportigt och s\u00e4kert utseende med v\u00e5r MC Dynamisk Bakmarkering i r\u00f6tt. Denna dynamiska markering ger dig \u00f6kad synlighet och signalerar direkt till andra trafikanter. Enkel installation och passar alla motorcyklar. Best\u00e4ll din MC Dynamisk Bakmarkering redan idag och ta din s\u00e4kerhet och stil till n\u00e4sta niv\u00e5!\" \/>\n<meta property=\"og:url\" content=\"https:\/\/xenonkungen.com\/es\/producto\/luz-de-freno-con-barra-de-senalizacion-trasera-dinamica-mc\/\" \/>\n<meta property=\"og:site_name\" content=\"Xenonkungen\" \/>\n<meta property=\"article:modified_time\" content=\"2026-03-17T08:55:26+00:00\" \/>\n<meta property=\"og:image\" content=\"https:\/\/xenonkungen.com\/wp-content\/uploads\/2025\/04\/XAR_L2ag-1-scaled.png\" \/>\n\t<meta property=\"og:image:width\" content=\"2560\" \/>\n\t<meta property=\"og:image:height\" content=\"2560\" \/>\n\t<meta property=\"og:image:type\" content=\"image\/png\" \/>\n<meta name=\"twitter:card\" content=\"summary_large_image\" \/>\n<meta name=\"twitter:label1\" content=\"Tiempo de lectura\" \/>\n\t<meta name=\"twitter:data1\" content=\"2 minutos\" \/>\n<script type=\"application\/ld+json\" class=\"yoast-schema-graph\">{\"@context\":\"https:\/\/schema.org\",\"@graph\":[{\"@type\":\"WebPage\",\"@id\":\"https:\/\/xenonkungen.com\/produkt\/mc-dynamisk-bakmarkering-rod-bromsljus\/\",\"url\":\"https:\/\/xenonkungen.com\/produkt\/mc-dynamisk-bakmarkering-rod-bromsljus\/\",\"name\":\"MC Dynamisk Bakmarkering | R\u00f6d\/Bromsljus - Xenonkungen\",\"isPartOf\":{\"@id\":\"https:\/\/xenonkungen.com\/#website\"},\"primaryImageOfPage\":{\"@id\":\"https:\/\/xenonkungen.com\/produkt\/mc-dynamisk-bakmarkering-rod-bromsljus\/#primaryimage\"},\"image\":{\"@id\":\"https:\/\/xenonkungen.com\/produkt\/mc-dynamisk-bakmarkering-rod-bromsljus\/#primaryimage\"},\"thumbnailUrl\":\"https:\/\/xenonkungen.com\/wp-content\/uploads\/2025\/04\/XAR_L2ag-1-scaled.png\",\"datePublished\":\"2025-04-15T09:05:16+00:00\",\"dateModified\":\"2026-03-17T08:55:26+00:00\",\"breadcrumb\":{\"@id\":\"https:\/\/xenonkungen.com\/produkt\/mc-dynamisk-bakmarkering-rod-bromsljus\/#breadcrumb\"},\"inLanguage\":\"es\",\"potentialAction\":[{\"@type\":\"ReadAction\",\"target\":[\"https:\/\/xenonkungen.com\/produkt\/mc-dynamisk-bakmarkering-rod-bromsljus\/\"]}]},{\"@type\":\"ImageObject\",\"inLanguage\":\"es\",\"@id\":\"https:\/\/xenonkungen.com\/produkt\/mc-dynamisk-bakmarkering-rod-bromsljus\/#primaryimage\",\"url\":\"https:\/\/xenonkungen.com\/wp-content\/uploads\/2025\/04\/XAR_L2ag-1-scaled.png\",\"contentUrl\":\"https:\/\/xenonkungen.com\/wp-content\/uploads\/2025\/04\/XAR_L2ag-1-scaled.png\",\"width\":2560,\"height\":2560},{\"@type\":\"BreadcrumbList\",\"@id\":\"https:\/\/xenonkungen.com\/produkt\/mc-dynamisk-bakmarkering-rod-bromsljus\/#breadcrumb\",\"itemListElement\":[{\"@type\":\"ListItem\",\"position\":1,\"name\":\"Hem\",\"item\":\"https:\/\/xenonkungen.com\/\"},{\"@type\":\"ListItem\",\"position\":2,\"name\":\"Shop\",\"item\":\"https:\/\/xenonkungen.com\/shop\/\"},{\"@type\":\"ListItem\",\"position\":3,\"name\":\"MC Dynamisk Bakmarkering | R\u00f6d\/Bromsljus\"}]},{\"@type\":\"WebSite\",\"@id\":\"https:\/\/xenonkungen.com\/#website\",\"url\":\"https:\/\/xenonkungen.com\/\",\"name\":\"Xenonkungen\",\"description\":\"\",\"potentialAction\":[{\"@type\":\"SearchAction\",\"target\":{\"@type\":\"EntryPoint\",\"urlTemplate\":\"https:\/\/xenonkungen.com\/?s={search_term_string}\"},\"query-input\":{\"@type\":\"PropertyValueSpecification\",\"valueRequired\":true,\"valueName\":\"search_term_string\"}}],\"inLanguage\":\"es\"}]}<\/script>\n<!-- \/ Yoast SEO plugin. -->","yoast_head_json":{"title":"Luz de posici\u00f3n trasera din\u00e1mica MC | Luz roja\/de freno - Xen\u00f3n","robots":{"index":"index","follow":"follow","max-snippet":"max-snippet:-1","max-image-preview":"max-image-preview:large","max-video-preview":"max-video-preview:-1"},"canonical":"https:\/\/xenonkungen.com\/es\/producto\/luz-de-freno-con-barra-de-senalizacion-trasera-dinamica-mc\/","og_locale":"es_ES","og_type":"article","og_title":"MC Dynamisk Bakmarkering | R\u00f6d\/Bromsljus - Xenonkungen","og_description":"Ge din motorcykel ett sportigt och s\u00e4kert utseende med v\u00e5r MC Dynamisk Bakmarkering i r\u00f6tt. Denna dynamiska markering ger dig \u00f6kad synlighet och signalerar direkt till andra trafikanter. Enkel installation och passar alla motorcyklar. Best\u00e4ll din MC Dynamisk Bakmarkering redan idag och ta din s\u00e4kerhet och stil till n\u00e4sta niv\u00e5!","og_url":"https:\/\/xenonkungen.com\/es\/producto\/luz-de-freno-con-barra-de-senalizacion-trasera-dinamica-mc\/","og_site_name":"Xenonkungen","article_modified_time":"2026-03-17T08:55:26+00:00","og_image":[{"width":2560,"height":2560,"url":"https:\/\/xenonkungen.com\/wp-content\/uploads\/2025\/04\/XAR_L2ag-1-scaled.png","type":"image\/png"}],"twitter_card":"summary_large_image","twitter_misc":{"Tiempo de lectura":"2 minutos"},"schema":{"@context":"https:\/\/schema.org","@graph":[{"@type":"WebPage","@id":"https:\/\/xenonkungen.com\/produkt\/mc-dynamisk-bakmarkering-rod-bromsljus\/","url":"https:\/\/xenonkungen.com\/produkt\/mc-dynamisk-bakmarkering-rod-bromsljus\/","name":"Luz de posici\u00f3n trasera din\u00e1mica MC | Luz roja\/de freno - Xen\u00f3n","isPartOf":{"@id":"https:\/\/xenonkungen.com\/#website"},"primaryImageOfPage":{"@id":"https:\/\/xenonkungen.com\/produkt\/mc-dynamisk-bakmarkering-rod-bromsljus\/#primaryimage"},"image":{"@id":"https:\/\/xenonkungen.com\/produkt\/mc-dynamisk-bakmarkering-rod-bromsljus\/#primaryimage"},"thumbnailUrl":"https:\/\/xenonkungen.com\/wp-content\/uploads\/2025\/04\/XAR_L2ag-1-scaled.png","datePublished":"2025-04-15T09:05:16+00:00","dateModified":"2026-03-17T08:55:26+00:00","breadcrumb":{"@id":"https:\/\/xenonkungen.com\/produkt\/mc-dynamisk-bakmarkering-rod-bromsljus\/#breadcrumb"},"inLanguage":"es","potentialAction":[{"@type":"ReadAction","target":["https:\/\/xenonkungen.com\/produkt\/mc-dynamisk-bakmarkering-rod-bromsljus\/"]}]},{"@type":"ImageObject","inLanguage":"es","@id":"https:\/\/xenonkungen.com\/produkt\/mc-dynamisk-bakmarkering-rod-bromsljus\/#primaryimage","url":"https:\/\/xenonkungen.com\/wp-content\/uploads\/2025\/04\/XAR_L2ag-1-scaled.png","contentUrl":"https:\/\/xenonkungen.com\/wp-content\/uploads\/2025\/04\/XAR_L2ag-1-scaled.png","width":2560,"height":2560},{"@type":"BreadcrumbList","@id":"https:\/\/xenonkungen.com\/produkt\/mc-dynamisk-bakmarkering-rod-bromsljus\/#breadcrumb","itemListElement":[{"@type":"ListItem","position":1,"name":"Hem","item":"https:\/\/xenonkungen.com\/"},{"@type":"ListItem","position":2,"name":"Shop","item":"https:\/\/xenonkungen.com\/shop\/"},{"@type":"ListItem","position":3,"name":"MC Dynamisk Bakmarkering | R\u00f6d\/Bromsljus"}]},{"@type":"WebSite","@id":"https:\/\/xenonkungen.com\/#website","url":"https:\/\/xenonkungen.com\/","name":"Xenonkungen","description":"","potentialAction":[{"@type":"SearchAction","target":{"@type":"EntryPoint","urlTemplate":"https:\/\/xenonkungen.com\/?s={search_term_string}"},"query-input":{"@type":"PropertyValueSpecification","valueRequired":true,"valueName":"search_term_string"}}],"inLanguage":"es"}]}},"taxonomy_info":{"anvandningsomrade":[{"value":165,"label":"ATV"},{"value":2709,"label":"ATV \/ Sn\u00f6skoter"},{"value":234,"label":"MC"}],"product_cat":[{"value":2811,"label":"Bak"},{"value":2552,"label":"Bakljus"},{"value":2477,"label":"Blinkers"},{"value":2812,"label":"Kombo"},{"value":2478,"label":"Positionsljus"},{"value":1064,"label":"Baklampor"},{"value":1833,"label":"Bakmarkering"}]},"featured_image_src_large":["https:\/\/xenonkungen.com\/wp-content\/uploads\/2025\/04\/XAR_L2ag-1-1024x1024.png",1024,1024,true],"author_info":[],"comment_info":0,"_links":{"self":[{"href":"https:\/\/xenonkungen.com\/es\/wp-json\/wp\/v2\/product\/4093","targetHints":{"allow":["GET"]}}],"collection":[{"href":"https:\/\/xenonkungen.com\/es\/wp-json\/wp\/v2\/product"}],"about":[{"href":"https:\/\/xenonkungen.com\/es\/wp-json\/wp\/v2\/types\/product"}],"replies":[{"embeddable":true,"href":"https:\/\/xenonkungen.com\/es\/wp-json\/wp\/v2\/comments?post=4093"}],"wp:featuredmedia":[{"embeddable":true,"href":"https:\/\/xenonkungen.com\/es\/wp-json\/wp\/v2\/media\/4094"}],"wp:attachment":[{"href":"https:\/\/xenonkungen.com\/es\/wp-json\/wp\/v2\/media?parent=4093"}],"wp:term":[{"taxonomy":"anvandningsomrade","embeddable":true,"href":"https:\/\/xenonkungen.com\/es\/wp-json\/wp\/v2\/anvandningsomrade?post=4093"},{"taxonomy":"bilmarken","embeddable":true,"href":"https:\/\/xenonkungen.com\/es\/wp-json\/wp\/v2\/bilmarken?post=4093"},{"taxonomy":"product_brand","embeddable":true,"href":"https:\/\/xenonkungen.com\/es\/wp-json\/wp\/v2\/product_brand?post=4093"},{"taxonomy":"product_cat","embeddable":true,"href":"https:\/\/xenonkungen.com\/es\/wp-json\/wp\/v2\/product_cat?post=4093"},{"taxonomy":"product_tag","embeddable":true,"href":"https:\/\/xenonkungen.com\/es\/wp-json\/wp\/v2\/product_tag?post=4093"}],"curies":[{"name":"wp","href":"https:\/\/api.w.org\/{rel}","templated":true}]}}