{"id":4205,"date":"2025-04-15T09:07:53","date_gmt":"2025-04-15T09:07:53","guid":{"rendered":"https:\/\/xenonkungen.com\/product\/solcellslampa-valle-18-pir-sensor\/"},"modified":"2026-04-11T01:01:48","modified_gmt":"2026-04-11T00:01:48","slug":"lampara-solar-valle-18-con-sensor-pir","status":"publish","type":"product","link":"https:\/\/xenonkungen.com\/es\/producto\/lampara-solar-valle-18-con-sensor-pir\/","title":{"rendered":"Luz solar VALLE-18 | Sensor PIR"},"content":{"rendered":"<p>4 funciones en 1 -&gt; L\u00e1mpara de pared con sensor de movimiento solar<\/p>\n<p>Panel solar: panel monocristalino de 5,5 V y 1,5 W<br \/>\nBater\u00eda: 3,7 V 2200 mA 18650 de iones de litio<br \/>\nChip LED: 2835SMD, 18 unidades<br \/>\nL\u00famenes: 500 lm\/200 lm\/100 lm\/50 lm<br \/>\nColor de la luz: Blanco c\u00e1lido 3500K<br \/>\nTiempo de funcionamiento: 8-10 horas<br \/>\nTiempo de carga completa: 6-8 horas<\/p>\n<p>Bot\u00f3n\/Interruptor:<br \/>\nMantenga pulsado durante 3 segundos para encenderlo, luego pulse una vez hasta que aparezca la funci\u00f3n deseada;<br \/>\n1) Sensor de movimiento + luz de posici\u00f3n<br \/>\n2) Sensor de movimiento<br \/>\n3) Luz siempre encendida durante 4 horas<br \/>\n4) Luz siempre encendida durante 8 horas<\/p>","protected":false},"excerpt":{"rendered":"<p>4 funktioner i 1 -> Solar Motion Sensor wall lgiht Sol panel: 5.5V 1.5W monokristallin-panel Batteri: 3.7V 2200mA 18650 li-ion LED chip:: 2835SMD, 18st Lumen: 500LM\/200LM\/100LM\/50LM Ljusf\u00e4rg: Varmvit 3500K Funktionstid: 8-10H Tid till fulladdad: 6-8H Knapp\/Switch: H\u00e5ll inne i 3 sekunder f\u00f6r p\u00e5slagning, tryck d\u00e4refter en g\u00e5ng fram till \u00f6nskad funktion; 1) R\u00f6relsesensor + markeringsljus [&hellip;]<\/p>","protected":false},"featured_media":4206,"comment_status":"closed","ping_status":"closed","template":"","meta":{"_acf_changed":false,"_smort_price_nok":"182","_smort_price_dkk":"169","_smort_price_eur":"22.64","_smort_sale_price_nok":"182","_smort_sale_price_dkk":"","_smort_sale_price_eur":"15.45","smort_restorder":"","shipmondo_restorder":"","_kad_blocks_custom_css":"","_kad_blocks_head_custom_js":"","_kad_blocks_body_custom_js":"","_kad_blocks_footer_custom_js":"","smort_custom_pricelist_1":"159.36","smort_custom_pricelist_2":"159.36","smort_custom_pricelist_3":"151.39","smort_custom_pricelist_4":"199.2","smort_custom_pricelist_5":"159.36"},"anvandningsomrade":[],"bilmarken":[],"product_brand":[117],"product_cat":[1402],"product_tag":[],"class_list":{"0":"post-4205","1":"product","2":"type-product","3":"status-publish","4":"has-post-thumbnail","6":"product_brand-xenonkungen","7":"product_cat-outlet","8":"pa_fuktskydd-varde-ipxx-ip65","9":"pa_storlek-mm-24x183","11":"first","12":"instock","13":"sale","14":"taxable","15":"shipping-taxable","16":"purchasable","17":"product-type-simple"},"bundled_by":[],"bundle_stock_status":"instock","bundle_stock_quantity":12,"bundle_virtual":false,"bundle_layout":"","bundle_add_to_cart_form_location":"","bundle_editable_in_cart":false,"bundle_sold_individually_context":"","bundle_item_grouping":"","bundle_min_size":"","bundle_max_size":"","bundle_price":[],"bundled_items":[],"bundle_sell_ids":[],"acf":[],"yoast_head":"<!-- This site is optimized with the Yoast SEO plugin v27.0 - https:\/\/yoast.com\/product\/yoast-seo-wordpress\/ -->\n<title>Solcellslampa VALLE-18 | PIR-sensor - Xenonkungen<\/title>\n<meta name=\"robots\" content=\"index, follow, max-snippet:-1, max-image-preview:large, max-video-preview:-1\" \/>\n<link rel=\"canonical\" href=\"https:\/\/xenonkungen.com\/es\/producto\/lampara-solar-valle-18-con-sensor-pir\/\" \/>\n<meta property=\"og:locale\" content=\"es_ES\" \/>\n<meta property=\"og:type\" content=\"article\" \/>\n<meta property=\"og:title\" content=\"Solcellslampa VALLE-18 | PIR-sensor - Xenonkungen\" \/>\n<meta property=\"og:description\" content=\"4 funktioner i 1 -&gt; Solar Motion Sensor wall lgiht Sol panel: 5.5V 1.5W monokristallin-panel Batteri: 3.7V 2200mA 18650 li-ion LED chip:: 2835SMD, 18st Lumen: 500LM\/200LM\/100LM\/50LM Ljusf\u00e4rg: Varmvit 3500K Funktionstid: 8-10H Tid till fulladdad: 6-8H Knapp\/Switch: H\u00e5ll inne i 3 sekunder f\u00f6r p\u00e5slagning, tryck d\u00e4refter en g\u00e5ng fram till \u00f6nskad funktion; 1) R\u00f6relsesensor + markeringsljus [&hellip;]\" \/>\n<meta property=\"og:url\" content=\"https:\/\/xenonkungen.com\/es\/producto\/lampara-solar-valle-18-con-sensor-pir\/\" \/>\n<meta property=\"og:site_name\" content=\"Xenonkungen\" \/>\n<meta property=\"article:modified_time\" content=\"2026-04-11T00:01:48+00:00\" \/>\n<meta property=\"og:image\" content=\"https:\/\/xenonkungen.com\/wp-content\/uploads\/2025\/04\/191774669-origpic-928934.png\" \/>\n\t<meta property=\"og:image:width\" content=\"1000\" \/>\n\t<meta property=\"og:image:height\" content=\"801\" \/>\n\t<meta property=\"og:image:type\" content=\"image\/png\" \/>\n<meta name=\"twitter:card\" content=\"summary_large_image\" \/>\n<meta name=\"twitter:label1\" content=\"Tiempo de lectura\" \/>\n\t<meta name=\"twitter:data1\" content=\"1 minuto\" \/>\n<script type=\"application\/ld+json\" class=\"yoast-schema-graph\">{\"@context\":\"https:\/\/schema.org\",\"@graph\":[{\"@type\":\"WebPage\",\"@id\":\"https:\/\/xenonkungen.com\/produkt\/solcellslampa-valle-18-pir-sensor\/\",\"url\":\"https:\/\/xenonkungen.com\/produkt\/solcellslampa-valle-18-pir-sensor\/\",\"name\":\"Solcellslampa VALLE-18 | PIR-sensor - Xenonkungen\",\"isPartOf\":{\"@id\":\"https:\/\/xenonkungen.com\/#website\"},\"primaryImageOfPage\":{\"@id\":\"https:\/\/xenonkungen.com\/produkt\/solcellslampa-valle-18-pir-sensor\/#primaryimage\"},\"image\":{\"@id\":\"https:\/\/xenonkungen.com\/produkt\/solcellslampa-valle-18-pir-sensor\/#primaryimage\"},\"thumbnailUrl\":\"https:\/\/xenonkungen.com\/wp-content\/uploads\/2025\/04\/191774669-origpic-928934.png\",\"datePublished\":\"2025-04-15T09:07:53+00:00\",\"dateModified\":\"2026-04-11T00:01:48+00:00\",\"breadcrumb\":{\"@id\":\"https:\/\/xenonkungen.com\/produkt\/solcellslampa-valle-18-pir-sensor\/#breadcrumb\"},\"inLanguage\":\"es\",\"potentialAction\":[{\"@type\":\"ReadAction\",\"target\":[\"https:\/\/xenonkungen.com\/produkt\/solcellslampa-valle-18-pir-sensor\/\"]}]},{\"@type\":\"ImageObject\",\"inLanguage\":\"es\",\"@id\":\"https:\/\/xenonkungen.com\/produkt\/solcellslampa-valle-18-pir-sensor\/#primaryimage\",\"url\":\"https:\/\/xenonkungen.com\/wp-content\/uploads\/2025\/04\/191774669-origpic-928934.png\",\"contentUrl\":\"https:\/\/xenonkungen.com\/wp-content\/uploads\/2025\/04\/191774669-origpic-928934.png\",\"width\":1000,\"height\":801},{\"@type\":\"BreadcrumbList\",\"@id\":\"https:\/\/xenonkungen.com\/produkt\/solcellslampa-valle-18-pir-sensor\/#breadcrumb\",\"itemListElement\":[{\"@type\":\"ListItem\",\"position\":1,\"name\":\"Hem\",\"item\":\"https:\/\/xenonkungen.com\/\"},{\"@type\":\"ListItem\",\"position\":2,\"name\":\"Shop\",\"item\":\"https:\/\/xenonkungen.com\/shop\/\"},{\"@type\":\"ListItem\",\"position\":3,\"name\":\"Solcellslampa VALLE-18 | PIR-sensor\"}]},{\"@type\":\"WebSite\",\"@id\":\"https:\/\/xenonkungen.com\/#website\",\"url\":\"https:\/\/xenonkungen.com\/\",\"name\":\"Xenonkungen\",\"description\":\"\",\"potentialAction\":[{\"@type\":\"SearchAction\",\"target\":{\"@type\":\"EntryPoint\",\"urlTemplate\":\"https:\/\/xenonkungen.com\/?s={search_term_string}\"},\"query-input\":{\"@type\":\"PropertyValueSpecification\",\"valueRequired\":true,\"valueName\":\"search_term_string\"}}],\"inLanguage\":\"es\"}]}<\/script>\n<!-- \/ Yoast SEO plugin. -->","yoast_head_json":{"title":"L\u00e1mpara solar VALLE-18 | Sensor PIR - El rey del xen\u00f3n","robots":{"index":"index","follow":"follow","max-snippet":"max-snippet:-1","max-image-preview":"max-image-preview:large","max-video-preview":"max-video-preview:-1"},"canonical":"https:\/\/xenonkungen.com\/es\/producto\/lampara-solar-valle-18-con-sensor-pir\/","og_locale":"es_ES","og_type":"article","og_title":"Solcellslampa VALLE-18 | PIR-sensor - Xenonkungen","og_description":"4 funktioner i 1 -> Solar Motion Sensor wall lgiht Sol panel: 5.5V 1.5W monokristallin-panel Batteri: 3.7V 2200mA 18650 li-ion LED chip:: 2835SMD, 18st Lumen: 500LM\/200LM\/100LM\/50LM Ljusf\u00e4rg: Varmvit 3500K Funktionstid: 8-10H Tid till fulladdad: 6-8H Knapp\/Switch: H\u00e5ll inne i 3 sekunder f\u00f6r p\u00e5slagning, tryck d\u00e4refter en g\u00e5ng fram till \u00f6nskad funktion; 1) R\u00f6relsesensor + markeringsljus [&hellip;]","og_url":"https:\/\/xenonkungen.com\/es\/producto\/lampara-solar-valle-18-con-sensor-pir\/","og_site_name":"Xenonkungen","article_modified_time":"2026-04-11T00:01:48+00:00","og_image":[{"width":1000,"height":801,"url":"https:\/\/xenonkungen.com\/wp-content\/uploads\/2025\/04\/191774669-origpic-928934.png","type":"image\/png"}],"twitter_card":"summary_large_image","twitter_misc":{"Tiempo de lectura":"1 minuto"},"schema":{"@context":"https:\/\/schema.org","@graph":[{"@type":"WebPage","@id":"https:\/\/xenonkungen.com\/produkt\/solcellslampa-valle-18-pir-sensor\/","url":"https:\/\/xenonkungen.com\/produkt\/solcellslampa-valle-18-pir-sensor\/","name":"L\u00e1mpara solar VALLE-18 | Sensor PIR - El rey del xen\u00f3n","isPartOf":{"@id":"https:\/\/xenonkungen.com\/#website"},"primaryImageOfPage":{"@id":"https:\/\/xenonkungen.com\/produkt\/solcellslampa-valle-18-pir-sensor\/#primaryimage"},"image":{"@id":"https:\/\/xenonkungen.com\/produkt\/solcellslampa-valle-18-pir-sensor\/#primaryimage"},"thumbnailUrl":"https:\/\/xenonkungen.com\/wp-content\/uploads\/2025\/04\/191774669-origpic-928934.png","datePublished":"2025-04-15T09:07:53+00:00","dateModified":"2026-04-11T00:01:48+00:00","breadcrumb":{"@id":"https:\/\/xenonkungen.com\/produkt\/solcellslampa-valle-18-pir-sensor\/#breadcrumb"},"inLanguage":"es","potentialAction":[{"@type":"ReadAction","target":["https:\/\/xenonkungen.com\/produkt\/solcellslampa-valle-18-pir-sensor\/"]}]},{"@type":"ImageObject","inLanguage":"es","@id":"https:\/\/xenonkungen.com\/produkt\/solcellslampa-valle-18-pir-sensor\/#primaryimage","url":"https:\/\/xenonkungen.com\/wp-content\/uploads\/2025\/04\/191774669-origpic-928934.png","contentUrl":"https:\/\/xenonkungen.com\/wp-content\/uploads\/2025\/04\/191774669-origpic-928934.png","width":1000,"height":801},{"@type":"BreadcrumbList","@id":"https:\/\/xenonkungen.com\/produkt\/solcellslampa-valle-18-pir-sensor\/#breadcrumb","itemListElement":[{"@type":"ListItem","position":1,"name":"Hem","item":"https:\/\/xenonkungen.com\/"},{"@type":"ListItem","position":2,"name":"Shop","item":"https:\/\/xenonkungen.com\/shop\/"},{"@type":"ListItem","position":3,"name":"Solcellslampa VALLE-18 | PIR-sensor"}]},{"@type":"WebSite","@id":"https:\/\/xenonkungen.com\/#website","url":"https:\/\/xenonkungen.com\/","name":"Xenonkungen","description":"","potentialAction":[{"@type":"SearchAction","target":{"@type":"EntryPoint","urlTemplate":"https:\/\/xenonkungen.com\/?s={search_term_string}"},"query-input":{"@type":"PropertyValueSpecification","valueRequired":true,"valueName":"search_term_string"}}],"inLanguage":"es"}]}},"taxonomy_info":{"product_brand":[{"value":117,"label":"Xenonkungen"}],"product_cat":[{"value":1402,"label":"Outlet"}],"pa_fuktskydd-varde-ipxx":[{"value":520,"label":"IP65"}],"pa_storlek-mm":[{"value":1328,"label":"24x18,3"}]},"featured_image_src_large":["https:\/\/xenonkungen.com\/wp-content\/uploads\/2025\/04\/191774669-origpic-928934.png",1000,801,false],"author_info":[],"comment_info":0,"_links":{"self":[{"href":"https:\/\/xenonkungen.com\/es\/wp-json\/wp\/v2\/product\/4205","targetHints":{"allow":["GET"]}}],"collection":[{"href":"https:\/\/xenonkungen.com\/es\/wp-json\/wp\/v2\/product"}],"about":[{"href":"https:\/\/xenonkungen.com\/es\/wp-json\/wp\/v2\/types\/product"}],"replies":[{"embeddable":true,"href":"https:\/\/xenonkungen.com\/es\/wp-json\/wp\/v2\/comments?post=4205"}],"wp:featuredmedia":[{"embeddable":true,"href":"https:\/\/xenonkungen.com\/es\/wp-json\/wp\/v2\/media\/4206"}],"wp:attachment":[{"href":"https:\/\/xenonkungen.com\/es\/wp-json\/wp\/v2\/media?parent=4205"}],"wp:term":[{"taxonomy":"anvandningsomrade","embeddable":true,"href":"https:\/\/xenonkungen.com\/es\/wp-json\/wp\/v2\/anvandningsomrade?post=4205"},{"taxonomy":"bilmarken","embeddable":true,"href":"https:\/\/xenonkungen.com\/es\/wp-json\/wp\/v2\/bilmarken?post=4205"},{"taxonomy":"product_brand","embeddable":true,"href":"https:\/\/xenonkungen.com\/es\/wp-json\/wp\/v2\/product_brand?post=4205"},{"taxonomy":"product_cat","embeddable":true,"href":"https:\/\/xenonkungen.com\/es\/wp-json\/wp\/v2\/product_cat?post=4205"},{"taxonomy":"product_tag","embeddable":true,"href":"https:\/\/xenonkungen.com\/es\/wp-json\/wp\/v2\/product_tag?post=4205"}],"curies":[{"name":"wp","href":"https:\/\/api.w.org\/{rel}","templated":true}]}}