{"id":4218,"date":"2025-04-15T09:08:12","date_gmt":"2025-04-15T09:08:12","guid":{"rendered":"https:\/\/xenonkungen.com\/product\/pt-lazer-linear-18-std-led-m-faste-och-canbus-volvo-highbeam\/"},"modified":"2026-04-11T01:02:02","modified_gmt":"2026-04-11T00:02:02","slug":"pt-lazer-linear-18-std-led-con-luces-altas-fijas-y-canbus-para-volvo","status":"publish","type":"product","link":"https:\/\/xenonkungen.com\/es\/producto\/pt-lazer-linear-18-std-led-con-luces-altas-fijas-y-canbus-para-volvo\/","title":{"rendered":"PT-Lazer Linear 18 Std LED con soporte y Canbus Volvo Highbeam"},"content":{"rendered":"<h1>Linear - Barras de luz auxiliares de alta calidad para uso diario<\/h1>\n<p>Explore la serie Linear de Lazer, una gama premium de barras de luces auxiliares que ofrecen un rendimiento y un dise\u00f1o excepcionales. Disponible en versiones Standard y Elite, Linear combina un alto rendimiento lum\u00ednico con un dise\u00f1o elegante y aerodin\u00e1mico. La instalaci\u00f3n es f\u00e1cil con los soportes de acero inoxidable suministrados y las rampas ofrecen una iluminaci\u00f3n impresionante en la carretera.<\/p>\n<h2>Est\u00e1ndar lineal - Ideal para espacios reducidos<\/h2>\n<p>El Linear Standard ofrece seis longitudes diferentes entre 232 y 1282 mm y tiene una altura de s\u00f3lo 40 mm y una profundidad de 62 mm. Esto la hace ideal para su instalaci\u00f3n incluso en espacios reducidos sin comprometer el rendimiento ni el dise\u00f1o.<\/p>\n<h2>LED de alta calidad y lente protectora<\/h2>\n<p>Cada rampa est\u00e1 equipada con un conjunto de LED de 3 W de alta calidad que proporcionan una luz potente detr\u00e1s de la lente de policarbonato irrompible. La lente tambi\u00e9n est\u00e1 recubierta para repeler eficazmente la nieve y la suciedad y garantizar una dispersi\u00f3n \u00f3ptima de la luz.<\/p>\n<h2>Cuerpo de aluminio ligero y dise\u00f1o aerodin\u00e1mico<\/h2>\n<p>La ligera carcasa de aluminio de la l\u00e1mpara y su esbelto dise\u00f1o mantienen el peso de las rampas al m\u00ednimo, al tiempo que se integran perfectamente, tanto si se montan en la parte delantera como en el techo del coche. La Linear Standard es una rampa fiable que seguir\u00e1 ofreciendo un rendimiento impresionante durante mucho tiempo.<\/p>","protected":false},"excerpt":{"rendered":"<p>Linear &#8211; H\u00f6gklassiga extraljusramper f\u00f6r vardagsbruk Utforska Lazers Linear-serie, en h\u00f6gklassig serie av extraljusramper som erbjuder enast\u00e5ende prestanda och design. Linear finns tillg\u00e4nglig i Standard och Elite-utf\u00f6rande och kombinerar h\u00f6g ljusprestanda med en slimmad och aerodynamisk design. Montering \u00e4r enkel med de medf\u00f6ljande rostfria f\u00e4stena och ramperna levererar imponerande belysning p\u00e5 v\u00e4garna. Linear Standard &#8211; [&hellip;]<\/p>","protected":false},"featured_media":4219,"comment_status":"closed","ping_status":"open","template":"","meta":{"_acf_changed":false,"_smort_price_nok":"9982","_smort_price_dkk":"6341","_smort_price_eur":"849.51","_smort_sale_price_nok":"","_smort_sale_price_dkk":"","_smort_sale_price_eur":"","smort_restorder":"","shipmondo_restorder":"","_kad_blocks_custom_css":"","_kad_blocks_head_custom_js":"","_kad_blocks_body_custom_js":"","_kad_blocks_footer_custom_js":"","smort_custom_pricelist_1":"6534.4","smort_custom_pricelist_2":"6534.4","smort_custom_pricelist_3":"6534.4","smort_custom_pricelist_4":"8168","smort_custom_pricelist_5":"6534.4"},"anvandningsomrade":[],"bilmarken":[],"product_brand":[1124],"product_cat":[2539,2596],"product_tag":[2735],"class_list":{"0":"post-4218","1":"product","2":"type-product","3":"status-publish","4":"has-post-thumbnail","6":"product_brand-lazer","7":"product_cat-ledramper","8":"product_cat-paket","9":"product_tag-lazer","10":"pa_fargtemperatur-5000k","11":"pa_godkannande-ece-r112","12":"pa_led-chips-effekt-w-1092","13":"pa_storlek-mm-232x62x40","14":"pa_stromforbrukning-29a144v","15":"pa_volt-v-multivolt-10-12-16-18-24-28-30-32","17":"first","18":"onbackorder","19":"taxable","20":"shipping-taxable","21":"purchasable","22":"product-type-simple"},"bundled_by":[],"bundle_stock_status":"onbackorder","bundle_stock_quantity":0,"bundle_virtual":false,"bundle_layout":"","bundle_add_to_cart_form_location":"","bundle_editable_in_cart":false,"bundle_sold_individually_context":"","bundle_item_grouping":"","bundle_min_size":"","bundle_max_size":"","bundle_price":[],"bundled_items":[],"bundle_sell_ids":[],"acf":[],"yoast_head":"<!-- This site is optimized with the Yoast SEO plugin v27.0 - https:\/\/yoast.com\/product\/yoast-seo-wordpress\/ -->\n<title>PT-Lazer Linear 18 Std LED m f\u00e4ste och Canbus Volvo Highbeam - Xenonkungen<\/title>\n<meta name=\"robots\" content=\"index, follow, max-snippet:-1, max-image-preview:large, max-video-preview:-1\" \/>\n<link rel=\"canonical\" href=\"https:\/\/xenonkungen.com\/es\/producto\/pt-lazer-linear-18-std-led-con-luces-altas-fijas-y-canbus-para-volvo\/\" \/>\n<meta property=\"og:locale\" content=\"es_ES\" \/>\n<meta property=\"og:type\" content=\"article\" \/>\n<meta property=\"og:title\" content=\"PT-Lazer Linear 18 Std LED m f\u00e4ste och Canbus Volvo Highbeam - Xenonkungen\" \/>\n<meta property=\"og:description\" content=\"Linear &#8211; H\u00f6gklassiga extraljusramper f\u00f6r vardagsbruk Utforska Lazers Linear-serie, en h\u00f6gklassig serie av extraljusramper som erbjuder enast\u00e5ende prestanda och design. Linear finns tillg\u00e4nglig i Standard och Elite-utf\u00f6rande och kombinerar h\u00f6g ljusprestanda med en slimmad och aerodynamisk design. Montering \u00e4r enkel med de medf\u00f6ljande rostfria f\u00e4stena och ramperna levererar imponerande belysning p\u00e5 v\u00e4garna. Linear Standard &#8211; [&hellip;]\" \/>\n<meta property=\"og:url\" content=\"https:\/\/xenonkungen.com\/es\/producto\/pt-lazer-linear-18-std-led-con-luces-altas-fijas-y-canbus-para-volvo\/\" \/>\n<meta property=\"og:site_name\" content=\"Xenonkungen\" \/>\n<meta property=\"article:modified_time\" content=\"2026-04-11T00:02:02+00:00\" \/>\n<meta property=\"og:image\" content=\"https:\/\/xenonkungen.com\/wp-content\/uploads\/2025\/04\/1592052_itemimage_mainfront.jpg\" \/>\n\t<meta property=\"og:image:width\" content=\"2048\" \/>\n\t<meta property=\"og:image:height\" content=\"1536\" \/>\n\t<meta property=\"og:image:type\" content=\"image\/jpeg\" \/>\n<meta name=\"twitter:card\" content=\"summary_large_image\" \/>\n<meta name=\"twitter:label1\" content=\"Tiempo de lectura\" \/>\n\t<meta name=\"twitter:data1\" content=\"1 minuto\" \/>\n<script type=\"application\/ld+json\" class=\"yoast-schema-graph\">{\"@context\":\"https:\/\/schema.org\",\"@graph\":[{\"@type\":\"WebPage\",\"@id\":\"https:\/\/xenonkungen.com\/nl\/product\/pt-laser-lineaire-18-std-led-met-vaste-en-canbus-volvo-grootlicht\/\",\"url\":\"https:\/\/xenonkungen.com\/nl\/product\/pt-laser-lineaire-18-std-led-met-vaste-en-canbus-volvo-grootlicht\/\",\"name\":\"PT-Lazer Linear 18 Std LED m f\u00e4ste och Canbus Volvo Highbeam - Xenonkungen\",\"isPartOf\":{\"@id\":\"https:\/\/xenonkungen.com\/#website\"},\"primaryImageOfPage\":{\"@id\":\"https:\/\/xenonkungen.com\/nl\/product\/pt-laser-lineaire-18-std-led-met-vaste-en-canbus-volvo-grootlicht\/#primaryimage\"},\"image\":{\"@id\":\"https:\/\/xenonkungen.com\/nl\/product\/pt-laser-lineaire-18-std-led-met-vaste-en-canbus-volvo-grootlicht\/#primaryimage\"},\"thumbnailUrl\":\"https:\/\/xenonkungen.com\/wp-content\/uploads\/2025\/04\/1592052_itemimage_mainfront.jpg\",\"datePublished\":\"2025-04-15T09:08:12+00:00\",\"dateModified\":\"2026-04-11T00:02:02+00:00\",\"breadcrumb\":{\"@id\":\"https:\/\/xenonkungen.com\/nl\/product\/pt-laser-lineaire-18-std-led-met-vaste-en-canbus-volvo-grootlicht\/#breadcrumb\"},\"inLanguage\":\"es\",\"potentialAction\":[{\"@type\":\"ReadAction\",\"target\":[\"https:\/\/xenonkungen.com\/nl\/product\/pt-laser-lineaire-18-std-led-met-vaste-en-canbus-volvo-grootlicht\/\"]}]},{\"@type\":\"ImageObject\",\"inLanguage\":\"es\",\"@id\":\"https:\/\/xenonkungen.com\/nl\/product\/pt-laser-lineaire-18-std-led-met-vaste-en-canbus-volvo-grootlicht\/#primaryimage\",\"url\":\"https:\/\/xenonkungen.com\/wp-content\/uploads\/2025\/04\/1592052_itemimage_mainfront.jpg\",\"contentUrl\":\"https:\/\/xenonkungen.com\/wp-content\/uploads\/2025\/04\/1592052_itemimage_mainfront.jpg\",\"width\":2048,\"height\":1536},{\"@type\":\"BreadcrumbList\",\"@id\":\"https:\/\/xenonkungen.com\/nl\/product\/pt-laser-lineaire-18-std-led-met-vaste-en-canbus-volvo-grootlicht\/#breadcrumb\",\"itemListElement\":[{\"@type\":\"ListItem\",\"position\":1,\"name\":\"Hem\",\"item\":\"https:\/\/xenonkungen.com\/\"},{\"@type\":\"ListItem\",\"position\":2,\"name\":\"Shop\",\"item\":\"https:\/\/xenonkungen.com\/shop\/\"},{\"@type\":\"ListItem\",\"position\":3,\"name\":\"PT-Lazer Linear 18 Std LED m f\u00e4ste och Canbus Volvo Highbeam\"}]},{\"@type\":\"WebSite\",\"@id\":\"https:\/\/xenonkungen.com\/#website\",\"url\":\"https:\/\/xenonkungen.com\/\",\"name\":\"Xenonkungen\",\"description\":\"\",\"potentialAction\":[{\"@type\":\"SearchAction\",\"target\":{\"@type\":\"EntryPoint\",\"urlTemplate\":\"https:\/\/xenonkungen.com\/?s={search_term_string}\"},\"query-input\":{\"@type\":\"PropertyValueSpecification\",\"valueRequired\":true,\"valueName\":\"search_term_string\"}}],\"inLanguage\":\"es\"}]}<\/script>\n<!-- \/ Yoast SEO plugin. -->","yoast_head_json":{"title":"PT-Lazer Linear 18 Std LED con soporte y luces altas Canbus Volvo - Xen\u00f3n","robots":{"index":"index","follow":"follow","max-snippet":"max-snippet:-1","max-image-preview":"max-image-preview:large","max-video-preview":"max-video-preview:-1"},"canonical":"https:\/\/xenonkungen.com\/es\/producto\/pt-lazer-linear-18-std-led-con-luces-altas-fijas-y-canbus-para-volvo\/","og_locale":"es_ES","og_type":"article","og_title":"PT-Lazer Linear 18 Std LED m f\u00e4ste och Canbus Volvo Highbeam - Xenonkungen","og_description":"Linear &#8211; H\u00f6gklassiga extraljusramper f\u00f6r vardagsbruk Utforska Lazers Linear-serie, en h\u00f6gklassig serie av extraljusramper som erbjuder enast\u00e5ende prestanda och design. Linear finns tillg\u00e4nglig i Standard och Elite-utf\u00f6rande och kombinerar h\u00f6g ljusprestanda med en slimmad och aerodynamisk design. Montering \u00e4r enkel med de medf\u00f6ljande rostfria f\u00e4stena och ramperna levererar imponerande belysning p\u00e5 v\u00e4garna. Linear Standard &#8211; [&hellip;]","og_url":"https:\/\/xenonkungen.com\/es\/producto\/pt-lazer-linear-18-std-led-con-luces-altas-fijas-y-canbus-para-volvo\/","og_site_name":"Xenonkungen","article_modified_time":"2026-04-11T00:02:02+00:00","og_image":[{"width":2048,"height":1536,"url":"https:\/\/xenonkungen.com\/wp-content\/uploads\/2025\/04\/1592052_itemimage_mainfront.jpg","type":"image\/jpeg"}],"twitter_card":"summary_large_image","twitter_misc":{"Tiempo de lectura":"1 minuto"},"schema":{"@context":"https:\/\/schema.org","@graph":[{"@type":"WebPage","@id":"https:\/\/xenonkungen.com\/nl\/product\/pt-laser-lineaire-18-std-led-met-vaste-en-canbus-volvo-grootlicht\/","url":"https:\/\/xenonkungen.com\/nl\/product\/pt-laser-lineaire-18-std-led-met-vaste-en-canbus-volvo-grootlicht\/","name":"PT-Lazer Linear 18 Std LED con soporte y luces altas Canbus Volvo - Xen\u00f3n","isPartOf":{"@id":"https:\/\/xenonkungen.com\/#website"},"primaryImageOfPage":{"@id":"https:\/\/xenonkungen.com\/nl\/product\/pt-laser-lineaire-18-std-led-met-vaste-en-canbus-volvo-grootlicht\/#primaryimage"},"image":{"@id":"https:\/\/xenonkungen.com\/nl\/product\/pt-laser-lineaire-18-std-led-met-vaste-en-canbus-volvo-grootlicht\/#primaryimage"},"thumbnailUrl":"https:\/\/xenonkungen.com\/wp-content\/uploads\/2025\/04\/1592052_itemimage_mainfront.jpg","datePublished":"2025-04-15T09:08:12+00:00","dateModified":"2026-04-11T00:02:02+00:00","breadcrumb":{"@id":"https:\/\/xenonkungen.com\/nl\/product\/pt-laser-lineaire-18-std-led-met-vaste-en-canbus-volvo-grootlicht\/#breadcrumb"},"inLanguage":"es","potentialAction":[{"@type":"ReadAction","target":["https:\/\/xenonkungen.com\/nl\/product\/pt-laser-lineaire-18-std-led-met-vaste-en-canbus-volvo-grootlicht\/"]}]},{"@type":"ImageObject","inLanguage":"es","@id":"https:\/\/xenonkungen.com\/nl\/product\/pt-laser-lineaire-18-std-led-met-vaste-en-canbus-volvo-grootlicht\/#primaryimage","url":"https:\/\/xenonkungen.com\/wp-content\/uploads\/2025\/04\/1592052_itemimage_mainfront.jpg","contentUrl":"https:\/\/xenonkungen.com\/wp-content\/uploads\/2025\/04\/1592052_itemimage_mainfront.jpg","width":2048,"height":1536},{"@type":"BreadcrumbList","@id":"https:\/\/xenonkungen.com\/nl\/product\/pt-laser-lineaire-18-std-led-met-vaste-en-canbus-volvo-grootlicht\/#breadcrumb","itemListElement":[{"@type":"ListItem","position":1,"name":"Hem","item":"https:\/\/xenonkungen.com\/"},{"@type":"ListItem","position":2,"name":"Shop","item":"https:\/\/xenonkungen.com\/shop\/"},{"@type":"ListItem","position":3,"name":"PT-Lazer Linear 18 Std LED m f\u00e4ste och Canbus Volvo Highbeam"}]},{"@type":"WebSite","@id":"https:\/\/xenonkungen.com\/#website","url":"https:\/\/xenonkungen.com\/","name":"Xenonkungen","description":"","potentialAction":[{"@type":"SearchAction","target":{"@type":"EntryPoint","urlTemplate":"https:\/\/xenonkungen.com\/?s={search_term_string}"},"query-input":{"@type":"PropertyValueSpecification","valueRequired":true,"valueName":"search_term_string"}}],"inLanguage":"es"}]}},"taxonomy_info":{"product_brand":[{"value":1124,"label":"Lazer"}],"product_cat":[{"value":2539,"label":"LEDRAMPER"},{"value":2596,"label":"Paket"}],"product_tag":[{"value":2735,"label":"Lazer"}],"pa_fargtemperatur":[{"value":154,"label":"5000K"}],"pa_godkannande":[{"value":1123,"label":"ECE, R112"}],"pa_led-chips-effekt-w":[{"value":1092,"label":"42"}],"pa_storlek-mm":[{"value":1129,"label":"232x62x40"}],"pa_stromforbrukning":[{"value":1333,"label":"2,9A@14,4V"}],"pa_volt-v":[{"value":1084,"label":"Multivolt, 10, 12, 16, 18, 24, 28, 30, 32"}]},"featured_image_src_large":["https:\/\/xenonkungen.com\/wp-content\/uploads\/2025\/04\/1592052_itemimage_mainfront-1024x768.jpg",1024,768,true],"author_info":[],"comment_info":0,"_links":{"self":[{"href":"https:\/\/xenonkungen.com\/es\/wp-json\/wp\/v2\/product\/4218","targetHints":{"allow":["GET"]}}],"collection":[{"href":"https:\/\/xenonkungen.com\/es\/wp-json\/wp\/v2\/product"}],"about":[{"href":"https:\/\/xenonkungen.com\/es\/wp-json\/wp\/v2\/types\/product"}],"replies":[{"embeddable":true,"href":"https:\/\/xenonkungen.com\/es\/wp-json\/wp\/v2\/comments?post=4218"}],"wp:featuredmedia":[{"embeddable":true,"href":"https:\/\/xenonkungen.com\/es\/wp-json\/wp\/v2\/media\/4219"}],"wp:attachment":[{"href":"https:\/\/xenonkungen.com\/es\/wp-json\/wp\/v2\/media?parent=4218"}],"wp:term":[{"taxonomy":"anvandningsomrade","embeddable":true,"href":"https:\/\/xenonkungen.com\/es\/wp-json\/wp\/v2\/anvandningsomrade?post=4218"},{"taxonomy":"bilmarken","embeddable":true,"href":"https:\/\/xenonkungen.com\/es\/wp-json\/wp\/v2\/bilmarken?post=4218"},{"taxonomy":"product_brand","embeddable":true,"href":"https:\/\/xenonkungen.com\/es\/wp-json\/wp\/v2\/product_brand?post=4218"},{"taxonomy":"product_cat","embeddable":true,"href":"https:\/\/xenonkungen.com\/es\/wp-json\/wp\/v2\/product_cat?post=4218"},{"taxonomy":"product_tag","embeddable":true,"href":"https:\/\/xenonkungen.com\/es\/wp-json\/wp\/v2\/product_tag?post=4218"}],"curies":[{"name":"wp","href":"https:\/\/api.w.org\/{rel}","templated":true}]}}