{"id":4233,"date":"2025-04-15T09:08:32","date_gmt":"2025-04-15T09:08:32","guid":{"rendered":"https:\/\/xenonkungen.com\/product\/pt-lazer-linear-18-elite-lba-med-faste-och-canbus\/"},"modified":"2026-04-11T01:02:17","modified_gmt":"2026-04-11T00:02:17","slug":"pt-lazer-linear-18-elite-lba-con-faste-y-canbus","status":"publish","type":"product","link":"https:\/\/xenonkungen.com\/es\/producto\/pt-lazer-linear-18-elite-lba-con-faste-y-canbus\/","title":{"rendered":"PT Lazer Linear 18 Elite LBA con soporte y Canbus"},"content":{"rendered":"<h1>Lazer Linear: barras de luz auxiliares de alta calidad para uso diario.<\/h1>\n<p>Lazer Linear es una serie premium de barras de luces auxiliares que ofrecen un rendimiento excepcional y un dise\u00f1o elegante y aerodin\u00e1mico. Disponibles en versiones Est\u00e1ndar y Elite, estas barras son perfectas para el uso diario.<\/p>\n<p>La serie Linear combina el m\u00e1ximo rendimiento lum\u00ednico con un dise\u00f1o elegante y aerodin\u00e1mico. Las rampas se instalan f\u00e1cilmente con los soportes de acero inoxidable incluidos y proporcionan una iluminaci\u00f3n impresionante en las carreteras.<\/p>\n<p>Las rampas Linear 12 Elite y Linear 18 Elite incorporan luces de posici\u00f3n integradas y presentan un perfil muy bajo, con tan solo 40 mm de altura y 62 mm de profundidad. Esto las hace perfectas para su montaje incluso en espacios reducidos. Cada rampa cuenta con dos filas de LED de 3 W de alta calidad, protegidos por una lente de policarbonato irrompible.<\/p>\n<p>La lente cuenta con un recubrimiento que repele eficazmente la nieve y la suciedad, garantizando una \u00f3ptima iluminaci\u00f3n. Su carcasa de aluminio ligero, junto con un dise\u00f1o compacto, minimiza el peso y permite que las rampas se integren perfectamente, tanto si se montan en la parte delantera como en el techo del coche.<\/p>\n<p>\u00a1La rampa Lazer Linear Elite ofrecer\u00e1 un alto rendimiento durante mucho tiempo!<\/p>\n<p>\u00a1Con una garant\u00eda funcional de 5 a\u00f1os, puede confiar en su elecci\u00f3n de rampas lineales Lazer!<\/p>","protected":false},"excerpt":{"rendered":"<p>Lazer Linear &#8211; H\u00f6gklassiga extraljusramper f\u00f6r vardagsbruk Lazer Linear \u00e4r en toppklassig serie av extraljusramper som erbjuder enast\u00e5ende prestanda och en slimmad, aerodynamisk design. Dessa ramper finns tillg\u00e4ngliga i b\u00e5de Standard och Elite utf\u00f6rande och \u00e4r perfekta f\u00f6r anv\u00e4ndning i vardagen. Linear-serien kombinerar h\u00f6gsta ljusprestanda med en snygg och aerodynamisk design. Ramperna \u00e4r enkla att [&hellip;]<\/p>","protected":false},"featured_media":4234,"comment_status":"closed","ping_status":"open","template":"","meta":{"_acf_changed":false,"_smort_price_nok":"13699","_smort_price_dkk":"8702","_smort_price_eur":"1165.86","_smort_sale_price_nok":"","_smort_sale_price_dkk":"","_smort_sale_price_eur":"","smort_restorder":"","shipmondo_restorder":"","_kad_blocks_custom_css":"","_kad_blocks_head_custom_js":"","_kad_blocks_body_custom_js":"","_kad_blocks_footer_custom_js":"","smort_custom_pricelist_1":"9139.2","smort_custom_pricelist_2":"9139.2","smort_custom_pricelist_3":"9139.2","smort_custom_pricelist_4":"11424","smort_custom_pricelist_5":"9139.2"},"anvandningsomrade":[],"bilmarken":[],"product_brand":[1124],"product_cat":[2539,2596],"product_tag":[2735],"class_list":{"0":"post-4233","1":"product","2":"type-product","3":"status-publish","4":"has-post-thumbnail","6":"product_brand-lazer","7":"product_cat-ledramper","8":"product_cat-paket","9":"product_tag-lazer","10":"pa_fargtemperatur-5000k","11":"pa_godkannande-ece-r112","12":"pa_led-chips-effekt-w-1338","13":"pa_storlek-mm-532x62x40","14":"pa_stromforbrukning-88a144v","15":"pa_volt-v-multivolt-10-12-16-18-24-28-30-32","17":"first","18":"onbackorder","19":"taxable","20":"shipping-taxable","21":"purchasable","22":"product-type-simple"},"bundled_by":[],"bundle_stock_status":"onbackorder","bundle_stock_quantity":0,"bundle_virtual":false,"bundle_layout":"","bundle_add_to_cart_form_location":"","bundle_editable_in_cart":false,"bundle_sold_individually_context":"","bundle_item_grouping":"","bundle_min_size":"","bundle_max_size":"","bundle_price":[],"bundled_items":[],"bundle_sell_ids":[],"acf":[],"yoast_head":"<!-- This site is optimized with the Yoast SEO plugin v27.0 - https:\/\/yoast.com\/product\/yoast-seo-wordpress\/ -->\n<title>PT Lazer Linear 18 Elite LBA med f\u00e4ste och Canbus - Xenonkungen<\/title>\n<meta name=\"robots\" content=\"index, follow, max-snippet:-1, max-image-preview:large, max-video-preview:-1\" \/>\n<link rel=\"canonical\" href=\"https:\/\/xenonkungen.com\/es\/producto\/pt-lazer-linear-18-elite-lba-con-faste-y-canbus\/\" \/>\n<meta property=\"og:locale\" content=\"es_ES\" \/>\n<meta property=\"og:type\" content=\"article\" \/>\n<meta property=\"og:title\" content=\"PT Lazer Linear 18 Elite LBA med f\u00e4ste och Canbus - Xenonkungen\" \/>\n<meta property=\"og:description\" content=\"Lazer Linear &#8211; H\u00f6gklassiga extraljusramper f\u00f6r vardagsbruk Lazer Linear \u00e4r en toppklassig serie av extraljusramper som erbjuder enast\u00e5ende prestanda och en slimmad, aerodynamisk design. Dessa ramper finns tillg\u00e4ngliga i b\u00e5de Standard och Elite utf\u00f6rande och \u00e4r perfekta f\u00f6r anv\u00e4ndning i vardagen. Linear-serien kombinerar h\u00f6gsta ljusprestanda med en snygg och aerodynamisk design. Ramperna \u00e4r enkla att [&hellip;]\" \/>\n<meta property=\"og:url\" content=\"https:\/\/xenonkungen.com\/es\/producto\/pt-lazer-linear-18-elite-lba-con-faste-y-canbus\/\" \/>\n<meta property=\"og:site_name\" content=\"Xenonkungen\" \/>\n<meta property=\"article:modified_time\" content=\"2026-04-11T00:02:17+00:00\" \/>\n<meta property=\"og:image\" content=\"https:\/\/xenonkungen.com\/wp-content\/uploads\/2025\/04\/1592081_itemimage__mainfront.jpg\" \/>\n\t<meta property=\"og:image:width\" content=\"2048\" \/>\n\t<meta property=\"og:image:height\" content=\"1536\" \/>\n\t<meta property=\"og:image:type\" content=\"image\/jpeg\" \/>\n<meta name=\"twitter:card\" content=\"summary_large_image\" \/>\n<meta name=\"twitter:label1\" content=\"Tiempo de lectura\" \/>\n\t<meta name=\"twitter:data1\" content=\"1 minuto\" \/>\n<script type=\"application\/ld+json\" class=\"yoast-schema-graph\">{\"@context\":\"https:\/\/schema.org\",\"@graph\":[{\"@type\":\"WebPage\",\"@id\":\"https:\/\/xenonkungen.com\/produkt\/pt-lazer-linear-18-elite-lba-med-faste-och-canbus\/\",\"url\":\"https:\/\/xenonkungen.com\/produkt\/pt-lazer-linear-18-elite-lba-med-faste-och-canbus\/\",\"name\":\"PT Lazer Linear 18 Elite LBA med f\u00e4ste och Canbus - Xenonkungen\",\"isPartOf\":{\"@id\":\"https:\/\/xenonkungen.com\/#website\"},\"primaryImageOfPage\":{\"@id\":\"https:\/\/xenonkungen.com\/produkt\/pt-lazer-linear-18-elite-lba-med-faste-och-canbus\/#primaryimage\"},\"image\":{\"@id\":\"https:\/\/xenonkungen.com\/produkt\/pt-lazer-linear-18-elite-lba-med-faste-och-canbus\/#primaryimage\"},\"thumbnailUrl\":\"https:\/\/xenonkungen.com\/wp-content\/uploads\/2025\/04\/1592081_itemimage__mainfront.jpg\",\"datePublished\":\"2025-04-15T09:08:32+00:00\",\"dateModified\":\"2026-04-11T00:02:17+00:00\",\"breadcrumb\":{\"@id\":\"https:\/\/xenonkungen.com\/produkt\/pt-lazer-linear-18-elite-lba-med-faste-och-canbus\/#breadcrumb\"},\"inLanguage\":\"es\",\"potentialAction\":[{\"@type\":\"ReadAction\",\"target\":[\"https:\/\/xenonkungen.com\/produkt\/pt-lazer-linear-18-elite-lba-med-faste-och-canbus\/\"]}]},{\"@type\":\"ImageObject\",\"inLanguage\":\"es\",\"@id\":\"https:\/\/xenonkungen.com\/produkt\/pt-lazer-linear-18-elite-lba-med-faste-och-canbus\/#primaryimage\",\"url\":\"https:\/\/xenonkungen.com\/wp-content\/uploads\/2025\/04\/1592081_itemimage__mainfront.jpg\",\"contentUrl\":\"https:\/\/xenonkungen.com\/wp-content\/uploads\/2025\/04\/1592081_itemimage__mainfront.jpg\",\"width\":2048,\"height\":1536},{\"@type\":\"BreadcrumbList\",\"@id\":\"https:\/\/xenonkungen.com\/produkt\/pt-lazer-linear-18-elite-lba-med-faste-och-canbus\/#breadcrumb\",\"itemListElement\":[{\"@type\":\"ListItem\",\"position\":1,\"name\":\"Hem\",\"item\":\"https:\/\/xenonkungen.com\/\"},{\"@type\":\"ListItem\",\"position\":2,\"name\":\"Shop\",\"item\":\"https:\/\/xenonkungen.com\/shop\/\"},{\"@type\":\"ListItem\",\"position\":3,\"name\":\"PT Lazer Linear 18 Elite LBA med f\u00e4ste och Canbus\"}]},{\"@type\":\"WebSite\",\"@id\":\"https:\/\/xenonkungen.com\/#website\",\"url\":\"https:\/\/xenonkungen.com\/\",\"name\":\"Xenonkungen\",\"description\":\"\",\"potentialAction\":[{\"@type\":\"SearchAction\",\"target\":{\"@type\":\"EntryPoint\",\"urlTemplate\":\"https:\/\/xenonkungen.com\/?s={search_term_string}\"},\"query-input\":{\"@type\":\"PropertyValueSpecification\",\"valueRequired\":true,\"valueName\":\"search_term_string\"}}],\"inLanguage\":\"es\"}]}<\/script>\n<!-- \/ Yoast SEO plugin. -->","yoast_head_json":{"title":"PT Lazer Linear 18 Elite LBA con soporte y Canbus - Xenonkungen","robots":{"index":"index","follow":"follow","max-snippet":"max-snippet:-1","max-image-preview":"max-image-preview:large","max-video-preview":"max-video-preview:-1"},"canonical":"https:\/\/xenonkungen.com\/es\/producto\/pt-lazer-linear-18-elite-lba-con-faste-y-canbus\/","og_locale":"es_ES","og_type":"article","og_title":"PT Lazer Linear 18 Elite LBA med f\u00e4ste och Canbus - Xenonkungen","og_description":"Lazer Linear &#8211; H\u00f6gklassiga extraljusramper f\u00f6r vardagsbruk Lazer Linear \u00e4r en toppklassig serie av extraljusramper som erbjuder enast\u00e5ende prestanda och en slimmad, aerodynamisk design. Dessa ramper finns tillg\u00e4ngliga i b\u00e5de Standard och Elite utf\u00f6rande och \u00e4r perfekta f\u00f6r anv\u00e4ndning i vardagen. Linear-serien kombinerar h\u00f6gsta ljusprestanda med en snygg och aerodynamisk design. Ramperna \u00e4r enkla att [&hellip;]","og_url":"https:\/\/xenonkungen.com\/es\/producto\/pt-lazer-linear-18-elite-lba-con-faste-y-canbus\/","og_site_name":"Xenonkungen","article_modified_time":"2026-04-11T00:02:17+00:00","og_image":[{"width":2048,"height":1536,"url":"https:\/\/xenonkungen.com\/wp-content\/uploads\/2025\/04\/1592081_itemimage__mainfront.jpg","type":"image\/jpeg"}],"twitter_card":"summary_large_image","twitter_misc":{"Tiempo de lectura":"1 minuto"},"schema":{"@context":"https:\/\/schema.org","@graph":[{"@type":"WebPage","@id":"https:\/\/xenonkungen.com\/produkt\/pt-lazer-linear-18-elite-lba-med-faste-och-canbus\/","url":"https:\/\/xenonkungen.com\/produkt\/pt-lazer-linear-18-elite-lba-med-faste-och-canbus\/","name":"PT Lazer Linear 18 Elite LBA con soporte y Canbus - Xenonkungen","isPartOf":{"@id":"https:\/\/xenonkungen.com\/#website"},"primaryImageOfPage":{"@id":"https:\/\/xenonkungen.com\/produkt\/pt-lazer-linear-18-elite-lba-med-faste-och-canbus\/#primaryimage"},"image":{"@id":"https:\/\/xenonkungen.com\/produkt\/pt-lazer-linear-18-elite-lba-med-faste-och-canbus\/#primaryimage"},"thumbnailUrl":"https:\/\/xenonkungen.com\/wp-content\/uploads\/2025\/04\/1592081_itemimage__mainfront.jpg","datePublished":"2025-04-15T09:08:32+00:00","dateModified":"2026-04-11T00:02:17+00:00","breadcrumb":{"@id":"https:\/\/xenonkungen.com\/produkt\/pt-lazer-linear-18-elite-lba-med-faste-och-canbus\/#breadcrumb"},"inLanguage":"es","potentialAction":[{"@type":"ReadAction","target":["https:\/\/xenonkungen.com\/produkt\/pt-lazer-linear-18-elite-lba-med-faste-och-canbus\/"]}]},{"@type":"ImageObject","inLanguage":"es","@id":"https:\/\/xenonkungen.com\/produkt\/pt-lazer-linear-18-elite-lba-med-faste-och-canbus\/#primaryimage","url":"https:\/\/xenonkungen.com\/wp-content\/uploads\/2025\/04\/1592081_itemimage__mainfront.jpg","contentUrl":"https:\/\/xenonkungen.com\/wp-content\/uploads\/2025\/04\/1592081_itemimage__mainfront.jpg","width":2048,"height":1536},{"@type":"BreadcrumbList","@id":"https:\/\/xenonkungen.com\/produkt\/pt-lazer-linear-18-elite-lba-med-faste-och-canbus\/#breadcrumb","itemListElement":[{"@type":"ListItem","position":1,"name":"Hem","item":"https:\/\/xenonkungen.com\/"},{"@type":"ListItem","position":2,"name":"Shop","item":"https:\/\/xenonkungen.com\/shop\/"},{"@type":"ListItem","position":3,"name":"PT Lazer Linear 18 Elite LBA med f\u00e4ste och Canbus"}]},{"@type":"WebSite","@id":"https:\/\/xenonkungen.com\/#website","url":"https:\/\/xenonkungen.com\/","name":"Xenonkungen","description":"","potentialAction":[{"@type":"SearchAction","target":{"@type":"EntryPoint","urlTemplate":"https:\/\/xenonkungen.com\/?s={search_term_string}"},"query-input":{"@type":"PropertyValueSpecification","valueRequired":true,"valueName":"search_term_string"}}],"inLanguage":"es"}]}},"taxonomy_info":{"product_brand":[{"value":1124,"label":"Lazer"}],"product_cat":[{"value":2539,"label":"LEDRAMPER"},{"value":2596,"label":"Paket"}],"product_tag":[{"value":2735,"label":"Lazer"}],"pa_fargtemperatur":[{"value":154,"label":"5000K"}],"pa_godkannande":[{"value":1123,"label":"ECE, R112"}],"pa_led-chips-effekt-w":[{"value":1338,"label":"126"}],"pa_storlek-mm":[{"value":1132,"label":"532x62x40"}],"pa_stromforbrukning":[{"value":1339,"label":"8,8A@14,4V"}],"pa_volt-v":[{"value":1084,"label":"Multivolt, 10, 12, 16, 18, 24, 28, 30, 32"}]},"featured_image_src_large":["https:\/\/xenonkungen.com\/wp-content\/uploads\/2025\/04\/1592081_itemimage__mainfront-1024x768.jpg",1024,768,true],"author_info":[],"comment_info":0,"_links":{"self":[{"href":"https:\/\/xenonkungen.com\/es\/wp-json\/wp\/v2\/product\/4233","targetHints":{"allow":["GET"]}}],"collection":[{"href":"https:\/\/xenonkungen.com\/es\/wp-json\/wp\/v2\/product"}],"about":[{"href":"https:\/\/xenonkungen.com\/es\/wp-json\/wp\/v2\/types\/product"}],"replies":[{"embeddable":true,"href":"https:\/\/xenonkungen.com\/es\/wp-json\/wp\/v2\/comments?post=4233"}],"wp:featuredmedia":[{"embeddable":true,"href":"https:\/\/xenonkungen.com\/es\/wp-json\/wp\/v2\/media\/4234"}],"wp:attachment":[{"href":"https:\/\/xenonkungen.com\/es\/wp-json\/wp\/v2\/media?parent=4233"}],"wp:term":[{"taxonomy":"anvandningsomrade","embeddable":true,"href":"https:\/\/xenonkungen.com\/es\/wp-json\/wp\/v2\/anvandningsomrade?post=4233"},{"taxonomy":"bilmarken","embeddable":true,"href":"https:\/\/xenonkungen.com\/es\/wp-json\/wp\/v2\/bilmarken?post=4233"},{"taxonomy":"product_brand","embeddable":true,"href":"https:\/\/xenonkungen.com\/es\/wp-json\/wp\/v2\/product_brand?post=4233"},{"taxonomy":"product_cat","embeddable":true,"href":"https:\/\/xenonkungen.com\/es\/wp-json\/wp\/v2\/product_cat?post=4233"},{"taxonomy":"product_tag","embeddable":true,"href":"https:\/\/xenonkungen.com\/es\/wp-json\/wp\/v2\/product_tag?post=4233"}],"curies":[{"name":"wp","href":"https:\/\/api.w.org\/{rel}","templated":true}]}}