{"id":4268,"date":"2025-04-15T09:09:11","date_gmt":"2025-04-15T09:09:11","guid":{"rendered":"https:\/\/xenonkungen.com\/product\/lazer-triple-r-1000-std-led-vit-extraljusramp-16-410-mm\/"},"modified":"2026-04-24T17:24:23","modified_gmt":"2026-04-24T16:24:23","slug":"lazer-triple-r-1000-std-led-blanco-extra-ligero-rampa-16-410-mm","status":"publish","type":"product","link":"https:\/\/xenonkungen.com\/es\/producto\/lazer-triple-r-1000-std-led-blanco-extra-ligero-rampa-16-410-mm\/","title":{"rendered":"Lazer Triple-R 1000 Std LED blanco barra de luz extra 16? (410 mm)"},"content":{"rendered":"<h2>Triple-R 1000: Rendimiento extremo con luces de advertencia y posici\u00f3n de primera clase.<\/h2>\n<p>Experimente la potencia, la calidad y la sensaci\u00f3n profesional de <strong>Triple-R 1000<\/strong> \u2013 una barra de luces auxiliar de alto rendimiento de <strong>Lazer<\/strong>Dise\u00f1ado teniendo en mente las exigentes demandas del automovilismo. Con un tama\u00f1o compacto de 410 mm de ancho y un perfil profundo pero delgado, se adapta perfectamente a techos, parrillas o parachoques.<\/p>\n<p>Este modelo combina <strong>luz de advertencia homologada R65<\/strong>, <strong>luces de posici\u00f3n blancas o naranjas<\/strong>, as\u00ed como <strong>rendimiento excepcional del haz de luz alto<\/strong> Todo ello en una \u00fanica carcasa de l\u00e1mpara elegante y robusta, disponible en blanco y negro.<\/p>\n<h3>E-Boost: M\u00e1ximo brillo cuando lo necesites<\/h3>\n<p>Con un simple movimiento de la mano activas <strong>Funci\u00f3n de impulso el\u00e9ctrico<\/strong> y sacarlo todo <strong>9240 l\u00famenes<\/strong> Perfectas para carreteras rurales oscuras, conducci\u00f3n forestal o zonas de trabajo donde se necesita la m\u00e1xima iluminaci\u00f3n. Al circular por v\u00edas p\u00fablicas, se puede cambiar f\u00e1cilmente a <strong>Modo E-autorizado<\/strong> que sigue ofreciendo una iluminaci\u00f3n potente y focalizada con un patr\u00f3n de luz perfecto.<\/p>\n<h3>luz de advertencia integrada<\/h3>\n<p>La Triple-R 1000 ahora viene con <strong>Linterna integrada homologada R65<\/strong>, lo que lo hace ideal para servicios de emergencia, veh\u00edculos de transporte y tr\u00e1fico comercial donde la visibilidad es crucial.<\/p>\n<h3>Dise\u00f1ado para la realidad<\/h3>\n<ul>\n<li>Luz de posici\u00f3n blanca o naranja<\/li>\n<li>Elija entre carcasa de l\u00e1mpara negra o blanca.<\/li>\n<li>Baja dispersi\u00f3n vertical de la luz: ideal para montaje en techo sin reflejos del cap\u00f3.<\/li>\n<li>\u00d3ptica LED optimizada para un alcance y una claridad m\u00e1ximos.<\/li>\n<li>Perfecto para camiones, camionetas, SUV o veh\u00edculos de trabajo.<\/li>\n<\/ul>\n<p><strong>Triple-R 1000<\/strong> No es solo una luz adicional: es una inversi\u00f3n en seguridad, rendimiento y estilo. Ya sea que conduzcas en carretera, autopista o fuera de ella, te brinda la luz y la visibilidad que necesitas, cuando m\u00e1s la necesitas.<\/p>","protected":false},"excerpt":{"rendered":"<p>Triple-R 1000 \u2013 Extrem prestanda med varningsljus och positionsljus i toppklass Upplev kraften, kvaliteten och den professionella k\u00e4nslan hos Triple-R 1000 \u2013 en h\u00f6gpresterande extraljusramp fr\u00e5n Lazer, utvecklad med motorsportens kompromissl\u00f6sa krav i ryggen. Med sin kompakta storlek p\u00e5 410 mm i bredd, och en djup men slimmad profil, passar den perfekt b\u00e5de p\u00e5 tak, [&hellip;]<\/p>","protected":false},"featured_media":4269,"comment_status":"closed","ping_status":"open","template":"","meta":{"_acf_changed":false,"_smort_price_nok":"8214","_smort_price_dkk":"5218","_smort_price_eur":"699.06","_smort_sale_price_nok":"","_smort_sale_price_dkk":"","_smort_sale_price_eur":"","smort_restorder":"","shipmondo_restorder":"","_kad_blocks_custom_css":"","_kad_blocks_head_custom_js":"","_kad_blocks_body_custom_js":"","_kad_blocks_footer_custom_js":"","smort_custom_pricelist_1":"5081.6","smort_custom_pricelist_2":"5081.6","smort_custom_pricelist_3":"5081.6","smort_custom_pricelist_4":"6352","smort_custom_pricelist_5":"5081.6"},"anvandningsomrade":[],"bilmarken":[],"product_brand":[1124],"product_cat":[2561,2966,2539],"product_tag":[2735],"class_list":{"0":"post-4268","1":"product","2":"type-product","3":"status-publish","4":"has-post-thumbnail","6":"product_brand-lazer","7":"product_cat-lazer","8":"product_cat-ledramp-rak","9":"product_cat-ledramper","10":"product_tag-lazer","11":"pa_fargtemperatur-5000k","12":"pa_fuktskydd-varde-ipxx-ip67","13":"pa_godkannande-ece-r10-r112","14":"pa_lampsockel-kontakt-superseal","15":"pa_led-chips-effekt-w-1100","16":"pa_ljusbild-spot","17":"pa_storlek-mm-410x73x105","18":"pa_stromforbrukning-61a144v","19":"pa_volt-v-multivolt-9-12-16-18-24-28-30-32","21":"first","22":"onbackorder","23":"taxable","24":"shipping-taxable","25":"purchasable","26":"product-type-simple"},"bundled_by":[],"bundle_stock_status":"onbackorder","bundle_stock_quantity":0,"bundle_virtual":false,"bundle_layout":"","bundle_add_to_cart_form_location":"","bundle_editable_in_cart":false,"bundle_sold_individually_context":"","bundle_item_grouping":"","bundle_min_size":"","bundle_max_size":"","bundle_price":[],"bundled_items":[],"bundle_sell_ids":[],"acf":[],"yoast_head":"<!-- This site is optimized with the Yoast SEO plugin v27.0 - https:\/\/yoast.com\/product\/yoast-seo-wordpress\/ -->\n<title>Lazer Triple-R 1000 Std LED vit extraljusramp 16? (410 mm) - Xenonkungen<\/title>\n<meta name=\"robots\" content=\"index, follow, max-snippet:-1, max-image-preview:large, max-video-preview:-1\" \/>\n<link rel=\"canonical\" href=\"https:\/\/xenonkungen.com\/es\/producto\/lazer-triple-r-1000-std-led-blanco-extra-ligero-rampa-16-410-mm\/\" \/>\n<meta property=\"og:locale\" content=\"es_ES\" \/>\n<meta property=\"og:type\" content=\"article\" \/>\n<meta property=\"og:title\" content=\"Lazer Triple-R 1000 Std LED vit extraljusramp 16? (410 mm) - Xenonkungen\" \/>\n<meta property=\"og:description\" content=\"Triple-R 1000 \u2013 Extrem prestanda med varningsljus och positionsljus i toppklass Upplev kraften, kvaliteten och den professionella k\u00e4nslan hos Triple-R 1000 \u2013 en h\u00f6gpresterande extraljusramp fr\u00e5n Lazer, utvecklad med motorsportens kompromissl\u00f6sa krav i ryggen. Med sin kompakta storlek p\u00e5 410 mm i bredd, och en djup men slimmad profil, passar den perfekt b\u00e5de p\u00e5 tak, [&hellip;]\" \/>\n<meta property=\"og:url\" content=\"https:\/\/xenonkungen.com\/es\/producto\/lazer-triple-r-1000-std-led-blanco-extra-ligero-rampa-16-410-mm\/\" \/>\n<meta property=\"og:site_name\" content=\"Xenonkungen\" \/>\n<meta property=\"article:modified_time\" content=\"2026-04-24T16:24:23+00:00\" \/>\n<meta property=\"og:image\" content=\"https:\/\/xenonkungen.com\/wp-content\/uploads\/2025\/04\/159237_itemimage_mainfront.jpg\" \/>\n\t<meta property=\"og:image:width\" content=\"2048\" \/>\n\t<meta property=\"og:image:height\" content=\"1536\" \/>\n\t<meta property=\"og:image:type\" content=\"image\/jpeg\" \/>\n<meta name=\"twitter:card\" content=\"summary_large_image\" \/>\n<meta name=\"twitter:label1\" content=\"Tiempo de lectura\" \/>\n\t<meta name=\"twitter:data1\" content=\"1 minuto\" \/>\n<script type=\"application\/ld+json\" class=\"yoast-schema-graph\">{\"@context\":\"https:\/\/schema.org\",\"@graph\":[{\"@type\":\"WebPage\",\"@id\":\"https:\/\/xenonkungen.com\/produkt\/lazer-triple-r-1000-std-led-vit-extraljusramp-16-410-mm\/\",\"url\":\"https:\/\/xenonkungen.com\/produkt\/lazer-triple-r-1000-std-led-vit-extraljusramp-16-410-mm\/\",\"name\":\"Lazer Triple-R 1000 Std LED vit extraljusramp 16? (410 mm) - Xenonkungen\",\"isPartOf\":{\"@id\":\"https:\/\/xenonkungen.com\/#website\"},\"primaryImageOfPage\":{\"@id\":\"https:\/\/xenonkungen.com\/produkt\/lazer-triple-r-1000-std-led-vit-extraljusramp-16-410-mm\/#primaryimage\"},\"image\":{\"@id\":\"https:\/\/xenonkungen.com\/produkt\/lazer-triple-r-1000-std-led-vit-extraljusramp-16-410-mm\/#primaryimage\"},\"thumbnailUrl\":\"https:\/\/xenonkungen.com\/wp-content\/uploads\/2025\/04\/159237_itemimage_mainfront.jpg\",\"datePublished\":\"2025-04-15T09:09:11+00:00\",\"dateModified\":\"2026-04-24T16:24:23+00:00\",\"breadcrumb\":{\"@id\":\"https:\/\/xenonkungen.com\/produkt\/lazer-triple-r-1000-std-led-vit-extraljusramp-16-410-mm\/#breadcrumb\"},\"inLanguage\":\"es\",\"potentialAction\":[{\"@type\":\"ReadAction\",\"target\":[\"https:\/\/xenonkungen.com\/produkt\/lazer-triple-r-1000-std-led-vit-extraljusramp-16-410-mm\/\"]}]},{\"@type\":\"ImageObject\",\"inLanguage\":\"es\",\"@id\":\"https:\/\/xenonkungen.com\/produkt\/lazer-triple-r-1000-std-led-vit-extraljusramp-16-410-mm\/#primaryimage\",\"url\":\"https:\/\/xenonkungen.com\/wp-content\/uploads\/2025\/04\/159237_itemimage_mainfront.jpg\",\"contentUrl\":\"https:\/\/xenonkungen.com\/wp-content\/uploads\/2025\/04\/159237_itemimage_mainfront.jpg\",\"width\":2048,\"height\":1536},{\"@type\":\"BreadcrumbList\",\"@id\":\"https:\/\/xenonkungen.com\/produkt\/lazer-triple-r-1000-std-led-vit-extraljusramp-16-410-mm\/#breadcrumb\",\"itemListElement\":[{\"@type\":\"ListItem\",\"position\":1,\"name\":\"Hem\",\"item\":\"https:\/\/xenonkungen.com\/\"},{\"@type\":\"ListItem\",\"position\":2,\"name\":\"Shop\",\"item\":\"https:\/\/xenonkungen.com\/shop\/\"},{\"@type\":\"ListItem\",\"position\":3,\"name\":\"Lazer Triple-R 1000 Std LED vit extraljusramp 16? (410 mm)\"}]},{\"@type\":\"WebSite\",\"@id\":\"https:\/\/xenonkungen.com\/#website\",\"url\":\"https:\/\/xenonkungen.com\/\",\"name\":\"Xenonkungen\",\"description\":\"\",\"potentialAction\":[{\"@type\":\"SearchAction\",\"target\":{\"@type\":\"EntryPoint\",\"urlTemplate\":\"https:\/\/xenonkungen.com\/?s={search_term_string}\"},\"query-input\":{\"@type\":\"PropertyValueSpecification\",\"valueRequired\":true,\"valueName\":\"search_term_string\"}}],\"inLanguage\":\"es\"}]}<\/script>\n<!-- \/ Yoast SEO plugin. -->","yoast_head_json":{"title":"Rampa de luz adicional LED blanca Lazer Triple-R 1000 Std de 410 mm (16&quot;) - El rey del xen\u00f3n","robots":{"index":"index","follow":"follow","max-snippet":"max-snippet:-1","max-image-preview":"max-image-preview:large","max-video-preview":"max-video-preview:-1"},"canonical":"https:\/\/xenonkungen.com\/es\/producto\/lazer-triple-r-1000-std-led-blanco-extra-ligero-rampa-16-410-mm\/","og_locale":"es_ES","og_type":"article","og_title":"Lazer Triple-R 1000 Std LED vit extraljusramp 16? (410 mm) - Xenonkungen","og_description":"Triple-R 1000 \u2013 Extrem prestanda med varningsljus och positionsljus i toppklass Upplev kraften, kvaliteten och den professionella k\u00e4nslan hos Triple-R 1000 \u2013 en h\u00f6gpresterande extraljusramp fr\u00e5n Lazer, utvecklad med motorsportens kompromissl\u00f6sa krav i ryggen. Med sin kompakta storlek p\u00e5 410 mm i bredd, och en djup men slimmad profil, passar den perfekt b\u00e5de p\u00e5 tak, [&hellip;]","og_url":"https:\/\/xenonkungen.com\/es\/producto\/lazer-triple-r-1000-std-led-blanco-extra-ligero-rampa-16-410-mm\/","og_site_name":"Xenonkungen","article_modified_time":"2026-04-24T16:24:23+00:00","og_image":[{"width":2048,"height":1536,"url":"https:\/\/xenonkungen.com\/wp-content\/uploads\/2025\/04\/159237_itemimage_mainfront.jpg","type":"image\/jpeg"}],"twitter_card":"summary_large_image","twitter_misc":{"Tiempo de lectura":"1 minuto"},"schema":{"@context":"https:\/\/schema.org","@graph":[{"@type":"WebPage","@id":"https:\/\/xenonkungen.com\/produkt\/lazer-triple-r-1000-std-led-vit-extraljusramp-16-410-mm\/","url":"https:\/\/xenonkungen.com\/produkt\/lazer-triple-r-1000-std-led-vit-extraljusramp-16-410-mm\/","name":"Rampa de luz adicional LED blanca Lazer Triple-R 1000 Std de 410 mm (16&quot;) - El rey del xen\u00f3n","isPartOf":{"@id":"https:\/\/xenonkungen.com\/#website"},"primaryImageOfPage":{"@id":"https:\/\/xenonkungen.com\/produkt\/lazer-triple-r-1000-std-led-vit-extraljusramp-16-410-mm\/#primaryimage"},"image":{"@id":"https:\/\/xenonkungen.com\/produkt\/lazer-triple-r-1000-std-led-vit-extraljusramp-16-410-mm\/#primaryimage"},"thumbnailUrl":"https:\/\/xenonkungen.com\/wp-content\/uploads\/2025\/04\/159237_itemimage_mainfront.jpg","datePublished":"2025-04-15T09:09:11+00:00","dateModified":"2026-04-24T16:24:23+00:00","breadcrumb":{"@id":"https:\/\/xenonkungen.com\/produkt\/lazer-triple-r-1000-std-led-vit-extraljusramp-16-410-mm\/#breadcrumb"},"inLanguage":"es","potentialAction":[{"@type":"ReadAction","target":["https:\/\/xenonkungen.com\/produkt\/lazer-triple-r-1000-std-led-vit-extraljusramp-16-410-mm\/"]}]},{"@type":"ImageObject","inLanguage":"es","@id":"https:\/\/xenonkungen.com\/produkt\/lazer-triple-r-1000-std-led-vit-extraljusramp-16-410-mm\/#primaryimage","url":"https:\/\/xenonkungen.com\/wp-content\/uploads\/2025\/04\/159237_itemimage_mainfront.jpg","contentUrl":"https:\/\/xenonkungen.com\/wp-content\/uploads\/2025\/04\/159237_itemimage_mainfront.jpg","width":2048,"height":1536},{"@type":"BreadcrumbList","@id":"https:\/\/xenonkungen.com\/produkt\/lazer-triple-r-1000-std-led-vit-extraljusramp-16-410-mm\/#breadcrumb","itemListElement":[{"@type":"ListItem","position":1,"name":"Hem","item":"https:\/\/xenonkungen.com\/"},{"@type":"ListItem","position":2,"name":"Shop","item":"https:\/\/xenonkungen.com\/shop\/"},{"@type":"ListItem","position":3,"name":"Lazer Triple-R 1000 Std LED vit extraljusramp 16? (410 mm)"}]},{"@type":"WebSite","@id":"https:\/\/xenonkungen.com\/#website","url":"https:\/\/xenonkungen.com\/","name":"Xenonkungen","description":"","potentialAction":[{"@type":"SearchAction","target":{"@type":"EntryPoint","urlTemplate":"https:\/\/xenonkungen.com\/?s={search_term_string}"},"query-input":{"@type":"PropertyValueSpecification","valueRequired":true,"valueName":"search_term_string"}}],"inLanguage":"es"}]}},"taxonomy_info":{"product_brand":[{"value":1124,"label":"Lazer"}],"product_cat":[{"value":2561,"label":"Lazer"},{"value":2966,"label":"Ledramp Rak"},{"value":2539,"label":"LEDRAMPER"}],"product_tag":[{"value":2735,"label":"Lazer"}],"pa_fargtemperatur":[{"value":154,"label":"5000K"}],"pa_fuktskydd-varde-ipxx":[{"value":333,"label":"IP67"}],"pa_godkannande":[{"value":1351,"label":"ECE, R10, R112"}],"pa_lampsockel-kontakt":[{"value":1122,"label":"Superseal"}],"pa_led-chips-effekt-w":[{"value":1100,"label":"88"}],"pa_ljusbild":[{"value":1177,"label":"Spot"}],"pa_storlek-mm":[{"value":1348,"label":"410x73x105"}],"pa_stromforbrukning":[{"value":1349,"label":"6,1A@14,4V"}],"pa_volt-v":[{"value":521,"label":"Multivolt, 9, 12, 16, 18, 24, 28, 30, 32"}]},"featured_image_src_large":["https:\/\/xenonkungen.com\/wp-content\/uploads\/2025\/04\/159237_itemimage_mainfront-1024x768.jpg",1024,768,true],"author_info":[],"comment_info":0,"_links":{"self":[{"href":"https:\/\/xenonkungen.com\/es\/wp-json\/wp\/v2\/product\/4268","targetHints":{"allow":["GET"]}}],"collection":[{"href":"https:\/\/xenonkungen.com\/es\/wp-json\/wp\/v2\/product"}],"about":[{"href":"https:\/\/xenonkungen.com\/es\/wp-json\/wp\/v2\/types\/product"}],"replies":[{"embeddable":true,"href":"https:\/\/xenonkungen.com\/es\/wp-json\/wp\/v2\/comments?post=4268"}],"wp:featuredmedia":[{"embeddable":true,"href":"https:\/\/xenonkungen.com\/es\/wp-json\/wp\/v2\/media\/4269"}],"wp:attachment":[{"href":"https:\/\/xenonkungen.com\/es\/wp-json\/wp\/v2\/media?parent=4268"}],"wp:term":[{"taxonomy":"anvandningsomrade","embeddable":true,"href":"https:\/\/xenonkungen.com\/es\/wp-json\/wp\/v2\/anvandningsomrade?post=4268"},{"taxonomy":"bilmarken","embeddable":true,"href":"https:\/\/xenonkungen.com\/es\/wp-json\/wp\/v2\/bilmarken?post=4268"},{"taxonomy":"product_brand","embeddable":true,"href":"https:\/\/xenonkungen.com\/es\/wp-json\/wp\/v2\/product_brand?post=4268"},{"taxonomy":"product_cat","embeddable":true,"href":"https:\/\/xenonkungen.com\/es\/wp-json\/wp\/v2\/product_cat?post=4268"},{"taxonomy":"product_tag","embeddable":true,"href":"https:\/\/xenonkungen.com\/es\/wp-json\/wp\/v2\/product_tag?post=4268"}],"curies":[{"name":"wp","href":"https:\/\/api.w.org\/{rel}","templated":true}]}}