{"id":4273,"date":"2025-04-15T09:09:11","date_gmt":"2025-04-15T09:09:11","guid":{"rendered":"https:\/\/xenonkungen.com\/product\/lazer-triple-r-1000-elite-extraljusramp-157-410-mm-lba\/"},"modified":"2026-04-24T17:24:24","modified_gmt":"2026-04-24T16:24:24","slug":"rampa-extra-ligera-lazer-triple-r-1000-elite-157-410-mm-lba","status":"publish","type":"product","link":"https:\/\/xenonkungen.com\/es\/producto\/rampa-extra-ligera-lazer-triple-r-1000-elite-157-410-mm-lba\/","title":{"rendered":"Lazer Triple-R 1000 Elite rampa extra ligera 15,7\u2033 (410 mm) LBA"},"content":{"rendered":"<h2>Triple-R Elite: la luz definitiva para quienes no se atreven a transigir.<\/h2>\n<p><strong>Serie Elite Lazer Triple-R<\/strong> Est\u00e1 dise\u00f1ada para quienes exigen lo mejor, ya sea para carreras de rally, trabajo profesional o simplemente para obtener un rendimiento extremo en carretera. La serie se basa en la misma tecnolog\u00eda utilizada en el mundo del automovilismo profesional, pero se ha perfeccionado para satisfacer las necesidades de turismos, camionetas, furgonetas y veh\u00edculos pesados, tanto en carretera como fuera de ella.<\/p>\n<h3>Serie Elite: m\u00e1ximo brillo y espacio en el rack<\/h3>\n<p>Los modelos Elite ofrecen <strong>Mayor brillo y mayor alcance<\/strong> que los modelos est\u00e1ndar de la serie Triple-R. La avanzada tecnolog\u00eda LED, combinada con un reflector optimizado, no solo proporciona una impresionante anchura de haz, sino que adem\u00e1s la luz se dispersa eficazmente a lo ancho, lo que significa que toda la carretera queda iluminada de forma excepcional.<\/p>\n<h3>Asistente de luz baja: una luz inteligente que piensa en ti.<\/h3>\n<p>Triple-R Elite est\u00e1 disponible en dos longitudes, <strong>410 mm y 590 mm<\/strong>y est\u00e1n equipados con <strong>Asistente de luz baja<\/strong> \u2013 Una funci\u00f3n inteligente con sensores integrados que ajusta autom\u00e1ticamente el patr\u00f3n de luces al cruzarse con otros veh\u00edculos en la oscuridad. No es necesario pasar desapercibido, pero al mismo tiempo mantiene la luz en los bordes de la carretera para poder ver cualquier peligro fuera del carril.<\/p>\n<h3>E-Boost: cuando necesitas la m\u00e1xima potencia<\/h3>\n<p>Con una simple pulsaci\u00f3n activas <strong>El equipo de E-Boost<\/strong>, que te proporciona una luz adicional incre\u00edblemente brillante al conducir por caminos apartados o fuera de carretera. \u00bfVas a conducir por v\u00edas p\u00fablicas? No hay problema: simplemente vuelve a cambiar a la otra opci\u00f3n. <strong>El equipo de aprobaci\u00f3n electr\u00f3nica<\/strong>, que a\u00fan proporciona una imagen lum\u00ednica fuerte y aceptable para el tr\u00e1fico rodado.<\/p>\n<h3>Perfecto para montaje en techo<\/h3>\n<p>La altura flexible de solo <strong>73 mm<\/strong> y una profunda <strong>105 mm<\/strong> Estas barras de luz son perfectas para montar en el techo. Su estrecha dispersi\u00f3n vertical minimiza los reflejos del cap\u00f3, ofreciendo una visibilidad completa sin excesiva mezcla de luces.<\/p>\n<h3>Resumen \u2013 \u00bfPor qu\u00e9 elegir Triple-R Elite?<\/h3>\n<ul>\n<li>Mayor brillo y mayor anchura de rack que los modelos est\u00e1ndar<\/li>\n<li>Disponible en longitudes de 410 mm y 590 mm.<\/li>\n<li>Asistente de luz de cruce: patr\u00f3n de luz que se adapta autom\u00e1ticamente al tr\u00e1fico que viene de frente.<\/li>\n<li>Funci\u00f3n E-Boost: m\u00e1xima potencia fuera de la red del veh\u00edculo<\/li>\n<li>Estado de aprobaci\u00f3n electr\u00f3nica para el tr\u00e1fico rodado<\/li>\n<li>Optimizado para montaje en techo sin mezcla<\/li>\n<li>Apto para turismos, camionetas, veh\u00edculos de transporte y camiones.<\/li>\n<\/ul>\n<p><strong>Triple-R \u00c9lite<\/strong> Es la opci\u00f3n ideal para quienes nunca se conforman con lo m\u00ednimo. Ya sea que conduzcas de noche, fuera de la carretera o en el trabajo, obtendr\u00e1s una luz que cumple siempre.<\/p>","protected":false},"excerpt":{"rendered":"<p>Triple-R Elite \u2013 Overlagset ljus for dig som vagar inte kompromissa Lazer Triple-R Elite-serien ar framtagen for dig som kravar det absolut basta \u2013 oavsett om du kor rally, arbetar professionellt eller helt enkelt vill ha extrem prestanda pa vagen. Serien bygger pa samma teknik som anvands i den professionella motorsportvarlden, men har finslipats for [&hellip;]<\/p>","protected":false},"featured_media":4274,"comment_status":"closed","ping_status":"open","template":"","meta":{"_acf_changed":false,"_smort_price_nok":"11616","_smort_price_dkk":"7379","_smort_price_eur":"988.59","_smort_sale_price_nok":"","_smort_sale_price_dkk":"","_smort_sale_price_eur":"","smort_restorder":"","shipmondo_restorder":"","_kad_blocks_custom_css":"","_kad_blocks_head_custom_js":"","_kad_blocks_body_custom_js":"","_kad_blocks_footer_custom_js":"","smort_custom_pricelist_1":"6960","smort_custom_pricelist_2":"6960","smort_custom_pricelist_3":"6960","smort_custom_pricelist_4":"8700","smort_custom_pricelist_5":"6960"},"anvandningsomrade":[],"bilmarken":[],"product_brand":[1124],"product_cat":[2561,2966,2539],"product_tag":[2735],"class_list":{"0":"post-4273","1":"product","2":"type-product","3":"status-publish","4":"has-post-thumbnail","6":"product_brand-lazer","7":"product_cat-lazer","8":"product_cat-ledramp-rak","9":"product_cat-ledramper","10":"product_tag-lazer","11":"pa_fargtemperatur-5000k","12":"pa_fuktskydd-varde-ipxx-ip67","13":"pa_godkannande-ece-r112","14":"pa_lampsockel-kontakt-superseal","15":"pa_led-chips-effekt-w-1352","16":"pa_storlek-mm-410x73x105","17":"pa_stromforbrukning-66a144v","18":"pa_volt-v-multivolt-10-12-16-18-24-28-30-32","20":"first","21":"onbackorder","22":"taxable","23":"shipping-taxable","24":"purchasable","25":"product-type-simple"},"bundled_by":[],"bundle_stock_status":"onbackorder","bundle_stock_quantity":0,"bundle_virtual":false,"bundle_layout":"","bundle_add_to_cart_form_location":"","bundle_editable_in_cart":false,"bundle_sold_individually_context":"","bundle_item_grouping":"","bundle_min_size":"","bundle_max_size":"","bundle_price":[],"bundled_items":[],"bundle_sell_ids":[],"acf":[],"yoast_head":"<!-- This site is optimized with the Yoast SEO plugin v27.0 - https:\/\/yoast.com\/product\/yoast-seo-wordpress\/ -->\n<title>Lazer Triple-R 1000 Elite extraljusramp 15,7&quot; (410 mm) LBA - Xenonkungen<\/title>\n<meta name=\"robots\" content=\"index, follow, max-snippet:-1, max-image-preview:large, max-video-preview:-1\" \/>\n<link rel=\"canonical\" href=\"https:\/\/xenonkungen.com\/es\/producto\/rampa-extra-ligera-lazer-triple-r-1000-elite-157-410-mm-lba\/\" \/>\n<meta property=\"og:locale\" content=\"es_ES\" \/>\n<meta property=\"og:type\" content=\"article\" \/>\n<meta property=\"og:title\" content=\"Lazer Triple-R 1000 Elite extraljusramp 15,7&quot; (410 mm) LBA - Xenonkungen\" \/>\n<meta property=\"og:description\" content=\"Triple-R Elite \u2013 Overlagset ljus for dig som vagar inte kompromissa Lazer Triple-R Elite-serien ar framtagen for dig som kravar det absolut basta \u2013 oavsett om du kor rally, arbetar professionellt eller helt enkelt vill ha extrem prestanda pa vagen. Serien bygger pa samma teknik som anvands i den professionella motorsportvarlden, men har finslipats for [&hellip;]\" \/>\n<meta property=\"og:url\" content=\"https:\/\/xenonkungen.com\/es\/producto\/rampa-extra-ligera-lazer-triple-r-1000-elite-157-410-mm-lba\/\" \/>\n<meta property=\"og:site_name\" content=\"Xenonkungen\" \/>\n<meta property=\"article:modified_time\" content=\"2026-04-24T16:24:24+00:00\" \/>\n<meta property=\"og:image\" content=\"https:\/\/xenonkungen.com\/wp-content\/uploads\/2025\/04\/159239_itemimage_mainfront.jpg\" \/>\n\t<meta property=\"og:image:width\" content=\"2048\" \/>\n\t<meta property=\"og:image:height\" content=\"1536\" \/>\n\t<meta property=\"og:image:type\" content=\"image\/jpeg\" \/>\n<meta name=\"twitter:card\" content=\"summary_large_image\" \/>\n<meta name=\"twitter:label1\" content=\"Tiempo de lectura\" \/>\n\t<meta name=\"twitter:data1\" content=\"2 minutos\" \/>\n<script type=\"application\/ld+json\" class=\"yoast-schema-graph\">{\"@context\":\"https:\/\/schema.org\",\"@graph\":[{\"@type\":\"WebPage\",\"@id\":\"https:\/\/xenonkungen.com\/de\/produkt\/lazer-triple-r-1000-elite-extra-light-rampe-157-410-mm-lba\/\",\"url\":\"https:\/\/xenonkungen.com\/de\/produkt\/lazer-triple-r-1000-elite-extra-light-rampe-157-410-mm-lba\/\",\"name\":\"Lazer Triple-R 1000 Elite extraljusramp 15,7\\\" (410 mm) LBA - Xenonkungen\",\"isPartOf\":{\"@id\":\"https:\/\/xenonkungen.com\/#website\"},\"primaryImageOfPage\":{\"@id\":\"https:\/\/xenonkungen.com\/de\/produkt\/lazer-triple-r-1000-elite-extra-light-rampe-157-410-mm-lba\/#primaryimage\"},\"image\":{\"@id\":\"https:\/\/xenonkungen.com\/de\/produkt\/lazer-triple-r-1000-elite-extra-light-rampe-157-410-mm-lba\/#primaryimage\"},\"thumbnailUrl\":\"https:\/\/xenonkungen.com\/wp-content\/uploads\/2025\/04\/159239_itemimage_mainfront.jpg\",\"datePublished\":\"2025-04-15T09:09:11+00:00\",\"dateModified\":\"2026-04-24T16:24:24+00:00\",\"breadcrumb\":{\"@id\":\"https:\/\/xenonkungen.com\/de\/produkt\/lazer-triple-r-1000-elite-extra-light-rampe-157-410-mm-lba\/#breadcrumb\"},\"inLanguage\":\"es\",\"potentialAction\":[{\"@type\":\"ReadAction\",\"target\":[\"https:\/\/xenonkungen.com\/de\/produkt\/lazer-triple-r-1000-elite-extra-light-rampe-157-410-mm-lba\/\"]}]},{\"@type\":\"ImageObject\",\"inLanguage\":\"es\",\"@id\":\"https:\/\/xenonkungen.com\/de\/produkt\/lazer-triple-r-1000-elite-extra-light-rampe-157-410-mm-lba\/#primaryimage\",\"url\":\"https:\/\/xenonkungen.com\/wp-content\/uploads\/2025\/04\/159239_itemimage_mainfront.jpg\",\"contentUrl\":\"https:\/\/xenonkungen.com\/wp-content\/uploads\/2025\/04\/159239_itemimage_mainfront.jpg\",\"width\":2048,\"height\":1536},{\"@type\":\"BreadcrumbList\",\"@id\":\"https:\/\/xenonkungen.com\/de\/produkt\/lazer-triple-r-1000-elite-extra-light-rampe-157-410-mm-lba\/#breadcrumb\",\"itemListElement\":[{\"@type\":\"ListItem\",\"position\":1,\"name\":\"Hem\",\"item\":\"https:\/\/xenonkungen.com\/\"},{\"@type\":\"ListItem\",\"position\":2,\"name\":\"Shop\",\"item\":\"https:\/\/xenonkungen.com\/shop\/\"},{\"@type\":\"ListItem\",\"position\":3,\"name\":\"Lazer Triple-R 1000 Elite extraljusramp 15,7&#8243; (410 mm) LBA\"}]},{\"@type\":\"WebSite\",\"@id\":\"https:\/\/xenonkungen.com\/#website\",\"url\":\"https:\/\/xenonkungen.com\/\",\"name\":\"Xenonkungen\",\"description\":\"\",\"potentialAction\":[{\"@type\":\"SearchAction\",\"target\":{\"@type\":\"EntryPoint\",\"urlTemplate\":\"https:\/\/xenonkungen.com\/?s={search_term_string}\"},\"query-input\":{\"@type\":\"PropertyValueSpecification\",\"valueRequired\":true,\"valueName\":\"search_term_string\"}}],\"inLanguage\":\"es\"}]}<\/script>\n<!-- \/ Yoast SEO plugin. -->","yoast_head_json":{"title":"Barra de luz adicional Lazer Triple-R 1000 Elite de 15,7&quot; (410 mm) LBA - El rey del xen\u00f3n","robots":{"index":"index","follow":"follow","max-snippet":"max-snippet:-1","max-image-preview":"max-image-preview:large","max-video-preview":"max-video-preview:-1"},"canonical":"https:\/\/xenonkungen.com\/es\/producto\/rampa-extra-ligera-lazer-triple-r-1000-elite-157-410-mm-lba\/","og_locale":"es_ES","og_type":"article","og_title":"Lazer Triple-R 1000 Elite extraljusramp 15,7\" (410 mm) LBA - Xenonkungen","og_description":"Triple-R Elite \u2013 Overlagset ljus for dig som vagar inte kompromissa Lazer Triple-R Elite-serien ar framtagen for dig som kravar det absolut basta \u2013 oavsett om du kor rally, arbetar professionellt eller helt enkelt vill ha extrem prestanda pa vagen. Serien bygger pa samma teknik som anvands i den professionella motorsportvarlden, men har finslipats for [&hellip;]","og_url":"https:\/\/xenonkungen.com\/es\/producto\/rampa-extra-ligera-lazer-triple-r-1000-elite-157-410-mm-lba\/","og_site_name":"Xenonkungen","article_modified_time":"2026-04-24T16:24:24+00:00","og_image":[{"width":2048,"height":1536,"url":"https:\/\/xenonkungen.com\/wp-content\/uploads\/2025\/04\/159239_itemimage_mainfront.jpg","type":"image\/jpeg"}],"twitter_card":"summary_large_image","twitter_misc":{"Tiempo de lectura":"2 minutos"},"schema":{"@context":"https:\/\/schema.org","@graph":[{"@type":"WebPage","@id":"https:\/\/xenonkungen.com\/de\/produkt\/lazer-triple-r-1000-elite-extra-light-rampe-157-410-mm-lba\/","url":"https:\/\/xenonkungen.com\/de\/produkt\/lazer-triple-r-1000-elite-extra-light-rampe-157-410-mm-lba\/","name":"Barra de luz adicional Lazer Triple-R 1000 Elite de 15,7&quot; (410 mm) LBA - El rey del xen\u00f3n","isPartOf":{"@id":"https:\/\/xenonkungen.com\/#website"},"primaryImageOfPage":{"@id":"https:\/\/xenonkungen.com\/de\/produkt\/lazer-triple-r-1000-elite-extra-light-rampe-157-410-mm-lba\/#primaryimage"},"image":{"@id":"https:\/\/xenonkungen.com\/de\/produkt\/lazer-triple-r-1000-elite-extra-light-rampe-157-410-mm-lba\/#primaryimage"},"thumbnailUrl":"https:\/\/xenonkungen.com\/wp-content\/uploads\/2025\/04\/159239_itemimage_mainfront.jpg","datePublished":"2025-04-15T09:09:11+00:00","dateModified":"2026-04-24T16:24:24+00:00","breadcrumb":{"@id":"https:\/\/xenonkungen.com\/de\/produkt\/lazer-triple-r-1000-elite-extra-light-rampe-157-410-mm-lba\/#breadcrumb"},"inLanguage":"es","potentialAction":[{"@type":"ReadAction","target":["https:\/\/xenonkungen.com\/de\/produkt\/lazer-triple-r-1000-elite-extra-light-rampe-157-410-mm-lba\/"]}]},{"@type":"ImageObject","inLanguage":"es","@id":"https:\/\/xenonkungen.com\/de\/produkt\/lazer-triple-r-1000-elite-extra-light-rampe-157-410-mm-lba\/#primaryimage","url":"https:\/\/xenonkungen.com\/wp-content\/uploads\/2025\/04\/159239_itemimage_mainfront.jpg","contentUrl":"https:\/\/xenonkungen.com\/wp-content\/uploads\/2025\/04\/159239_itemimage_mainfront.jpg","width":2048,"height":1536},{"@type":"BreadcrumbList","@id":"https:\/\/xenonkungen.com\/de\/produkt\/lazer-triple-r-1000-elite-extra-light-rampe-157-410-mm-lba\/#breadcrumb","itemListElement":[{"@type":"ListItem","position":1,"name":"Hem","item":"https:\/\/xenonkungen.com\/"},{"@type":"ListItem","position":2,"name":"Shop","item":"https:\/\/xenonkungen.com\/shop\/"},{"@type":"ListItem","position":3,"name":"Lazer Triple-R 1000 Elite extraljusramp 15,7&#8243; (410 mm) LBA"}]},{"@type":"WebSite","@id":"https:\/\/xenonkungen.com\/#website","url":"https:\/\/xenonkungen.com\/","name":"Xenonkungen","description":"","potentialAction":[{"@type":"SearchAction","target":{"@type":"EntryPoint","urlTemplate":"https:\/\/xenonkungen.com\/?s={search_term_string}"},"query-input":{"@type":"PropertyValueSpecification","valueRequired":true,"valueName":"search_term_string"}}],"inLanguage":"es"}]}},"taxonomy_info":{"product_brand":[{"value":1124,"label":"Lazer"}],"product_cat":[{"value":2561,"label":"Lazer"},{"value":2966,"label":"Ledramp Rak"},{"value":2539,"label":"LEDRAMPER"}],"product_tag":[{"value":2735,"label":"Lazer"}],"pa_fargtemperatur":[{"value":154,"label":"5000K"}],"pa_fuktskydd-varde-ipxx":[{"value":333,"label":"IP67"}],"pa_godkannande":[{"value":1123,"label":"ECE, R112"}],"pa_lampsockel-kontakt":[{"value":1122,"label":"Superseal"}],"pa_led-chips-effekt-w":[{"value":1352,"label":"111"}],"pa_storlek-mm":[{"value":1348,"label":"410x73x105"}],"pa_stromforbrukning":[{"value":1353,"label":"6,6A@14,4V"}],"pa_volt-v":[{"value":1084,"label":"Multivolt, 10, 12, 16, 18, 24, 28, 30, 32"}]},"featured_image_src_large":["https:\/\/xenonkungen.com\/wp-content\/uploads\/2025\/04\/159239_itemimage_mainfront-1024x768.jpg",1024,768,true],"author_info":[],"comment_info":0,"_links":{"self":[{"href":"https:\/\/xenonkungen.com\/es\/wp-json\/wp\/v2\/product\/4273","targetHints":{"allow":["GET"]}}],"collection":[{"href":"https:\/\/xenonkungen.com\/es\/wp-json\/wp\/v2\/product"}],"about":[{"href":"https:\/\/xenonkungen.com\/es\/wp-json\/wp\/v2\/types\/product"}],"replies":[{"embeddable":true,"href":"https:\/\/xenonkungen.com\/es\/wp-json\/wp\/v2\/comments?post=4273"}],"wp:featuredmedia":[{"embeddable":true,"href":"https:\/\/xenonkungen.com\/es\/wp-json\/wp\/v2\/media\/4274"}],"wp:attachment":[{"href":"https:\/\/xenonkungen.com\/es\/wp-json\/wp\/v2\/media?parent=4273"}],"wp:term":[{"taxonomy":"anvandningsomrade","embeddable":true,"href":"https:\/\/xenonkungen.com\/es\/wp-json\/wp\/v2\/anvandningsomrade?post=4273"},{"taxonomy":"bilmarken","embeddable":true,"href":"https:\/\/xenonkungen.com\/es\/wp-json\/wp\/v2\/bilmarken?post=4273"},{"taxonomy":"product_brand","embeddable":true,"href":"https:\/\/xenonkungen.com\/es\/wp-json\/wp\/v2\/product_brand?post=4273"},{"taxonomy":"product_cat","embeddable":true,"href":"https:\/\/xenonkungen.com\/es\/wp-json\/wp\/v2\/product_cat?post=4273"},{"taxonomy":"product_tag","embeddable":true,"href":"https:\/\/xenonkungen.com\/es\/wp-json\/wp\/v2\/product_tag?post=4273"}],"curies":[{"name":"wp","href":"https:\/\/api.w.org\/{rel}","templated":true}]}}