{"id":4285,"date":"2025-04-15T09:09:53","date_gmt":"2025-04-15T09:09:53","guid":{"rendered":"https:\/\/xenonkungen.com\/product\/lazer-triple-r-1250-smartview-extraljusramp-23-590-mm\/"},"modified":"2026-04-24T17:24:26","modified_gmt":"2026-04-24T16:24:26","slug":"rampa-de-luz-extra-lazer-triple-r-1250-smartview-de-23-590-mm","status":"publish","type":"product","link":"https:\/\/xenonkungen.com\/es\/producto\/rampa-de-luz-extra-lazer-triple-r-1250-smartview-de-23-590-mm\/","title":{"rendered":"Barra de luz adicional Lazer Triple-R 1250 Smartview 23\u2033 (590 mm)"},"content":{"rendered":"<h2>Lazers Triple-R 1250 Smartview: la barra de luz LED m\u00e1s inteligente del mercado<\/h2>\n<p><strong>Experimente el siguiente nivel de conducci\u00f3n con inteligencia de iluminaci\u00f3n innovadora.<\/strong><\/p>\n<p><strong>Triple-R 1250 Smartview de Lazer<\/strong> No es solo una tira de LED: es una soluci\u00f3n de iluminaci\u00f3n inteligente dise\u00f1ada para brindarle <strong>M\u00e1xima visibilidad, seguridad y flexibilidad<\/strong> Al volante. Con todo el <strong>cinco modos de iluminaci\u00f3n avanzados<\/strong> que se controla directamente desde un panel de control (se vende por separado, art\u00edculo n.\u00b0 159243), la rampa se adapta tanto a sus necesidades como a las condiciones de la carretera.<\/p>\n<h3>5 modos de iluminaci\u00f3n adaptados a la realidad<\/h3>\n<ul>\n<li><strong>Modo E-autorizado<\/strong> \u2013 Conducci\u00f3n legal en carreteras europeas.<\/li>\n<li><strong>Modo E-Boost<\/strong> \u2013 Brillo incre\u00edble para todoterreno y terrenos dif\u00edciles.<\/li>\n<li><strong>Modo de adaptaci\u00f3n de velocidad<\/strong> \u2013 El patr\u00f3n de luz se optimiza autom\u00e1ticamente seg\u00fan la velocidad (50\u201380 km\/h) con <em>Interfaz CanM8 Duo<\/em>.<\/li>\n<li><strong>Modo de vista cercana<\/strong> \u2013 Luz amplia y potente cerca del veh\u00edculo: perfecta en caso de niebla, nieve y poca visibilidad.<\/li>\n<li><strong>Inmersi\u00f3n din\u00e1mica<\/strong> \u2013 Transici\u00f3n m\u00e1s suave entre luces altas y bajas para mayor comodidad y seguridad.<\/li>\n<\/ul>\n<h3>Control inteligente en tus manos<\/h3>\n<p>Con el panel de control incluido (n.\u00b0 de pieza 159243), tendr\u00e1 control total sobre las funciones de la rampa directamente desde el panel de control. Es f\u00e1cil de instalar. <strong>cinta de doble cara<\/strong> Se activa autom\u00e1ticamente al encenderlo. Los s\u00edmbolos iluminados facilitan la visualizaci\u00f3n y el cambio de modo, incluso en la oscuridad.<\/p>\n<h3>M\u00e1xima protecci\u00f3n: protecci\u00f3n antirrobo incorporada<\/h3>\n<p><strong>Triple-R 1250 Smartview<\/strong> Est\u00e1 equipada con un dispositivo antirrobo \u00fanico. Si se retira la rampa sin este dispositivo, simplemente deja de funcionar. El dispositivo tambi\u00e9n act\u00faa como punto de conexi\u00f3n entre la rampa, el panel de control y... <em>Interfaz CanM8 Duo<\/em> \u2013 para una comunicaci\u00f3n fluida y segura.<\/p>\n<h3>\u00bfPor qu\u00e9 elegir Triple-R 1250 Smartview?<\/h3>\n<ul>\n<li>La rampa LED m\u00e1s avanzada del mercado<\/li>\n<li>Iluminaci\u00f3n adaptativa que te sigue a ti y a tu estilo de conducci\u00f3n<\/li>\n<li>F\u00e1cil instalaci\u00f3n y uso<\/li>\n<li>Dise\u00f1o elegante con la misma sensaci\u00f3n robusta que el resto de la serie Triple-R<\/li>\n<li>Antirrobo incorporado para mayor seguridad.<\/li>\n<\/ul>\n<p><strong>Triple-R 1250 Smartview<\/strong> es la elecci\u00f3n para quienes no hacen concesiones, ya sea que conduzcan diariamente en el tr\u00e1fico comercial, viajen en la oscuridad o busquen aventuras todoterreno.<\/p>\n<p><em>Para una funcionalidad completa, se requiere una unidad de control (n.\u00b0 de pieza 159243) y para el modo Speed Adapt tambi\u00e9n la interfaz CanM8 Duo (se vende por separado).<\/em><\/p>","protected":false},"excerpt":{"rendered":"<p>Lazers Triple-R 1250 Smartview \u2013 Den smartaste LED-rampen p\u00e5 marknaden Upplev n\u00e4sta niv\u00e5 av k\u00f6rning med banbrytande ljusintelligens. Lazers Triple-R 1250 Smartview \u00e4r inte bara en LED-ramp \u2013 det \u00e4r en intelligent ljusl\u00f6sning designad f\u00f6r att ge dig maximal sikt, trygghet och flexibilitet bakom ratten. Med hela fem avancerade ljusl\u00e4gen som du styr direkt fr\u00e5n [&hellip;]<\/p>","protected":false},"featured_media":4286,"comment_status":"closed","ping_status":"closed","template":"","meta":{"_acf_changed":false,"_smort_price_nok":"14687","_smort_price_dkk":"9330","_smort_price_eur":"1249.94","_smort_sale_price_nok":"","_smort_sale_price_dkk":"","_smort_sale_price_eur":"","smort_restorder":"","shipmondo_restorder":"","_kad_blocks_custom_css":"","_kad_blocks_head_custom_js":"","_kad_blocks_body_custom_js":"","_kad_blocks_footer_custom_js":"","smort_custom_pricelist_1":"8800","smort_custom_pricelist_2":"8800","smort_custom_pricelist_3":"8800","smort_custom_pricelist_4":"11000","smort_custom_pricelist_5":"8800"},"anvandningsomrade":[],"bilmarken":[],"product_brand":[1124],"product_cat":[2561,2966,2539],"product_tag":[2735],"class_list":{"0":"post-4285","1":"product","2":"type-product","3":"status-publish","4":"has-post-thumbnail","6":"product_brand-lazer","7":"product_cat-lazer","8":"product_cat-ledramp-rak","9":"product_cat-ledramper","10":"product_tag-lazer","11":"pa_fargtemperatur-5000k","12":"pa_fuktskydd-varde-ipxx-ip67","13":"pa_godkannande-ece-r7-r149","14":"pa_lampsockel-kontakt-superseal","15":"pa_led-chips-effekt-w-1358","16":"pa_storlek-mm-590x73x103","17":"pa_stromforbrukning-169a144v","18":"pa_volt-v-multivolt-10-12-16-18-24-28-30-32","20":"first","21":"instock","22":"taxable","23":"shipping-taxable","24":"purchasable","25":"product-type-simple"},"bundled_by":[],"bundle_stock_status":"instock","bundle_stock_quantity":1,"bundle_virtual":false,"bundle_layout":"","bundle_add_to_cart_form_location":"","bundle_editable_in_cart":false,"bundle_sold_individually_context":"","bundle_item_grouping":"","bundle_min_size":"","bundle_max_size":"","bundle_price":[],"bundled_items":[],"bundle_sell_ids":[],"acf":[],"yoast_head":"<!-- This site is optimized with the Yoast SEO plugin v27.0 - https:\/\/yoast.com\/product\/yoast-seo-wordpress\/ -->\n<title>Lazer Triple-R 1250 Smartview extraljusramp 23&quot; (590 mm) - Xenonkungen<\/title>\n<meta name=\"robots\" content=\"index, follow, max-snippet:-1, max-image-preview:large, max-video-preview:-1\" \/>\n<link rel=\"canonical\" href=\"https:\/\/xenonkungen.com\/es\/producto\/rampa-de-luz-extra-lazer-triple-r-1250-smartview-de-23-590-mm\/\" \/>\n<meta property=\"og:locale\" content=\"es_ES\" \/>\n<meta property=\"og:type\" content=\"article\" \/>\n<meta property=\"og:title\" content=\"Lazer Triple-R 1250 Smartview extraljusramp 23&quot; (590 mm) - Xenonkungen\" \/>\n<meta property=\"og:description\" content=\"Lazers Triple-R 1250 Smartview \u2013 Den smartaste LED-rampen p\u00e5 marknaden Upplev n\u00e4sta niv\u00e5 av k\u00f6rning med banbrytande ljusintelligens. Lazers Triple-R 1250 Smartview \u00e4r inte bara en LED-ramp \u2013 det \u00e4r en intelligent ljusl\u00f6sning designad f\u00f6r att ge dig maximal sikt, trygghet och flexibilitet bakom ratten. Med hela fem avancerade ljusl\u00e4gen som du styr direkt fr\u00e5n [&hellip;]\" \/>\n<meta property=\"og:url\" content=\"https:\/\/xenonkungen.com\/es\/producto\/rampa-de-luz-extra-lazer-triple-r-1250-smartview-de-23-590-mm\/\" \/>\n<meta property=\"og:site_name\" content=\"Xenonkungen\" \/>\n<meta property=\"article:modified_time\" content=\"2026-04-24T16:24:26+00:00\" \/>\n<meta property=\"og:image\" content=\"https:\/\/xenonkungen.com\/wp-content\/uploads\/2025\/04\/159242_itemimage_mainfront.jpg\" \/>\n\t<meta property=\"og:image:width\" content=\"2048\" \/>\n\t<meta property=\"og:image:height\" content=\"1536\" \/>\n\t<meta property=\"og:image:type\" content=\"image\/jpeg\" \/>\n<meta name=\"twitter:card\" content=\"summary_large_image\" \/>\n<meta name=\"twitter:label1\" content=\"Tiempo de lectura\" \/>\n\t<meta name=\"twitter:data1\" content=\"2 minutos\" \/>\n<script type=\"application\/ld+json\" class=\"yoast-schema-graph\">{\"@context\":\"https:\/\/schema.org\",\"@graph\":[{\"@type\":\"WebPage\",\"@id\":\"https:\/\/xenonkungen.com\/produkt\/lazer-triple-r-1250-smartview-extraljusramp-23-590-mm\/\",\"url\":\"https:\/\/xenonkungen.com\/produkt\/lazer-triple-r-1250-smartview-extraljusramp-23-590-mm\/\",\"name\":\"Lazer Triple-R 1250 Smartview extraljusramp 23\\\" (590 mm) - Xenonkungen\",\"isPartOf\":{\"@id\":\"https:\/\/xenonkungen.com\/#website\"},\"primaryImageOfPage\":{\"@id\":\"https:\/\/xenonkungen.com\/produkt\/lazer-triple-r-1250-smartview-extraljusramp-23-590-mm\/#primaryimage\"},\"image\":{\"@id\":\"https:\/\/xenonkungen.com\/produkt\/lazer-triple-r-1250-smartview-extraljusramp-23-590-mm\/#primaryimage\"},\"thumbnailUrl\":\"https:\/\/xenonkungen.com\/wp-content\/uploads\/2025\/04\/159242_itemimage_mainfront.jpg\",\"datePublished\":\"2025-04-15T09:09:53+00:00\",\"dateModified\":\"2026-04-24T16:24:26+00:00\",\"breadcrumb\":{\"@id\":\"https:\/\/xenonkungen.com\/produkt\/lazer-triple-r-1250-smartview-extraljusramp-23-590-mm\/#breadcrumb\"},\"inLanguage\":\"es\",\"potentialAction\":[{\"@type\":\"ReadAction\",\"target\":[\"https:\/\/xenonkungen.com\/produkt\/lazer-triple-r-1250-smartview-extraljusramp-23-590-mm\/\"]}]},{\"@type\":\"ImageObject\",\"inLanguage\":\"es\",\"@id\":\"https:\/\/xenonkungen.com\/produkt\/lazer-triple-r-1250-smartview-extraljusramp-23-590-mm\/#primaryimage\",\"url\":\"https:\/\/xenonkungen.com\/wp-content\/uploads\/2025\/04\/159242_itemimage_mainfront.jpg\",\"contentUrl\":\"https:\/\/xenonkungen.com\/wp-content\/uploads\/2025\/04\/159242_itemimage_mainfront.jpg\",\"width\":2048,\"height\":1536},{\"@type\":\"BreadcrumbList\",\"@id\":\"https:\/\/xenonkungen.com\/produkt\/lazer-triple-r-1250-smartview-extraljusramp-23-590-mm\/#breadcrumb\",\"itemListElement\":[{\"@type\":\"ListItem\",\"position\":1,\"name\":\"Hem\",\"item\":\"https:\/\/xenonkungen.com\/\"},{\"@type\":\"ListItem\",\"position\":2,\"name\":\"Shop\",\"item\":\"https:\/\/xenonkungen.com\/shop\/\"},{\"@type\":\"ListItem\",\"position\":3,\"name\":\"Lazer Triple-R 1250 Smartview extraljusramp 23&#8243; (590 mm)\"}]},{\"@type\":\"WebSite\",\"@id\":\"https:\/\/xenonkungen.com\/#website\",\"url\":\"https:\/\/xenonkungen.com\/\",\"name\":\"Xenonkungen\",\"description\":\"\",\"potentialAction\":[{\"@type\":\"SearchAction\",\"target\":{\"@type\":\"EntryPoint\",\"urlTemplate\":\"https:\/\/xenonkungen.com\/?s={search_term_string}\"},\"query-input\":{\"@type\":\"PropertyValueSpecification\",\"valueRequired\":true,\"valueName\":\"search_term_string\"}}],\"inLanguage\":\"es\"}]}<\/script>\n<!-- \/ Yoast SEO plugin. -->","yoast_head_json":{"title":"Barra de luz adicional Lazer Triple-R 1250 Smartview de 23&quot; (590 mm) - El rey del xen\u00f3n","robots":{"index":"index","follow":"follow","max-snippet":"max-snippet:-1","max-image-preview":"max-image-preview:large","max-video-preview":"max-video-preview:-1"},"canonical":"https:\/\/xenonkungen.com\/es\/producto\/rampa-de-luz-extra-lazer-triple-r-1250-smartview-de-23-590-mm\/","og_locale":"es_ES","og_type":"article","og_title":"Lazer Triple-R 1250 Smartview extraljusramp 23\" (590 mm) - Xenonkungen","og_description":"Lazers Triple-R 1250 Smartview \u2013 Den smartaste LED-rampen p\u00e5 marknaden Upplev n\u00e4sta niv\u00e5 av k\u00f6rning med banbrytande ljusintelligens. Lazers Triple-R 1250 Smartview \u00e4r inte bara en LED-ramp \u2013 det \u00e4r en intelligent ljusl\u00f6sning designad f\u00f6r att ge dig maximal sikt, trygghet och flexibilitet bakom ratten. Med hela fem avancerade ljusl\u00e4gen som du styr direkt fr\u00e5n [&hellip;]","og_url":"https:\/\/xenonkungen.com\/es\/producto\/rampa-de-luz-extra-lazer-triple-r-1250-smartview-de-23-590-mm\/","og_site_name":"Xenonkungen","article_modified_time":"2026-04-24T16:24:26+00:00","og_image":[{"width":2048,"height":1536,"url":"https:\/\/xenonkungen.com\/wp-content\/uploads\/2025\/04\/159242_itemimage_mainfront.jpg","type":"image\/jpeg"}],"twitter_card":"summary_large_image","twitter_misc":{"Tiempo de lectura":"2 minutos"},"schema":{"@context":"https:\/\/schema.org","@graph":[{"@type":"WebPage","@id":"https:\/\/xenonkungen.com\/produkt\/lazer-triple-r-1250-smartview-extraljusramp-23-590-mm\/","url":"https:\/\/xenonkungen.com\/produkt\/lazer-triple-r-1250-smartview-extraljusramp-23-590-mm\/","name":"Barra de luz adicional Lazer Triple-R 1250 Smartview de 23&quot; (590 mm) - El rey del xen\u00f3n","isPartOf":{"@id":"https:\/\/xenonkungen.com\/#website"},"primaryImageOfPage":{"@id":"https:\/\/xenonkungen.com\/produkt\/lazer-triple-r-1250-smartview-extraljusramp-23-590-mm\/#primaryimage"},"image":{"@id":"https:\/\/xenonkungen.com\/produkt\/lazer-triple-r-1250-smartview-extraljusramp-23-590-mm\/#primaryimage"},"thumbnailUrl":"https:\/\/xenonkungen.com\/wp-content\/uploads\/2025\/04\/159242_itemimage_mainfront.jpg","datePublished":"2025-04-15T09:09:53+00:00","dateModified":"2026-04-24T16:24:26+00:00","breadcrumb":{"@id":"https:\/\/xenonkungen.com\/produkt\/lazer-triple-r-1250-smartview-extraljusramp-23-590-mm\/#breadcrumb"},"inLanguage":"es","potentialAction":[{"@type":"ReadAction","target":["https:\/\/xenonkungen.com\/produkt\/lazer-triple-r-1250-smartview-extraljusramp-23-590-mm\/"]}]},{"@type":"ImageObject","inLanguage":"es","@id":"https:\/\/xenonkungen.com\/produkt\/lazer-triple-r-1250-smartview-extraljusramp-23-590-mm\/#primaryimage","url":"https:\/\/xenonkungen.com\/wp-content\/uploads\/2025\/04\/159242_itemimage_mainfront.jpg","contentUrl":"https:\/\/xenonkungen.com\/wp-content\/uploads\/2025\/04\/159242_itemimage_mainfront.jpg","width":2048,"height":1536},{"@type":"BreadcrumbList","@id":"https:\/\/xenonkungen.com\/produkt\/lazer-triple-r-1250-smartview-extraljusramp-23-590-mm\/#breadcrumb","itemListElement":[{"@type":"ListItem","position":1,"name":"Hem","item":"https:\/\/xenonkungen.com\/"},{"@type":"ListItem","position":2,"name":"Shop","item":"https:\/\/xenonkungen.com\/shop\/"},{"@type":"ListItem","position":3,"name":"Lazer Triple-R 1250 Smartview extraljusramp 23&#8243; (590 mm)"}]},{"@type":"WebSite","@id":"https:\/\/xenonkungen.com\/#website","url":"https:\/\/xenonkungen.com\/","name":"Xenonkungen","description":"","potentialAction":[{"@type":"SearchAction","target":{"@type":"EntryPoint","urlTemplate":"https:\/\/xenonkungen.com\/?s={search_term_string}"},"query-input":{"@type":"PropertyValueSpecification","valueRequired":true,"valueName":"search_term_string"}}],"inLanguage":"es"}]}},"taxonomy_info":{"product_brand":[{"value":1124,"label":"Lazer"}],"product_cat":[{"value":2561,"label":"Lazer"},{"value":2966,"label":"Ledramp Rak"},{"value":2539,"label":"LEDRAMPER"}],"product_tag":[{"value":2735,"label":"Lazer"}],"pa_fargtemperatur":[{"value":154,"label":"5000K"}],"pa_fuktskydd-varde-ipxx":[{"value":333,"label":"IP67"}],"pa_godkannande":[{"value":1360,"label":"ECE, R7, R149"}],"pa_lampsockel-kontakt":[{"value":1122,"label":"Superseal"}],"pa_led-chips-effekt-w":[{"value":1358,"label":"220"}],"pa_storlek-mm":[{"value":1357,"label":"590x73x103"}],"pa_stromforbrukning":[{"value":1359,"label":"16,9A@14,4V"}],"pa_volt-v":[{"value":1084,"label":"Multivolt, 10, 12, 16, 18, 24, 28, 30, 32"}]},"featured_image_src_large":["https:\/\/xenonkungen.com\/wp-content\/uploads\/2025\/04\/159242_itemimage_mainfront-1024x768.jpg",1024,768,true],"author_info":[],"comment_info":0,"_links":{"self":[{"href":"https:\/\/xenonkungen.com\/es\/wp-json\/wp\/v2\/product\/4285","targetHints":{"allow":["GET"]}}],"collection":[{"href":"https:\/\/xenonkungen.com\/es\/wp-json\/wp\/v2\/product"}],"about":[{"href":"https:\/\/xenonkungen.com\/es\/wp-json\/wp\/v2\/types\/product"}],"replies":[{"embeddable":true,"href":"https:\/\/xenonkungen.com\/es\/wp-json\/wp\/v2\/comments?post=4285"}],"wp:featuredmedia":[{"embeddable":true,"href":"https:\/\/xenonkungen.com\/es\/wp-json\/wp\/v2\/media\/4286"}],"wp:attachment":[{"href":"https:\/\/xenonkungen.com\/es\/wp-json\/wp\/v2\/media?parent=4285"}],"wp:term":[{"taxonomy":"anvandningsomrade","embeddable":true,"href":"https:\/\/xenonkungen.com\/es\/wp-json\/wp\/v2\/anvandningsomrade?post=4285"},{"taxonomy":"bilmarken","embeddable":true,"href":"https:\/\/xenonkungen.com\/es\/wp-json\/wp\/v2\/bilmarken?post=4285"},{"taxonomy":"product_brand","embeddable":true,"href":"https:\/\/xenonkungen.com\/es\/wp-json\/wp\/v2\/product_brand?post=4285"},{"taxonomy":"product_cat","embeddable":true,"href":"https:\/\/xenonkungen.com\/es\/wp-json\/wp\/v2\/product_cat?post=4285"},{"taxonomy":"product_tag","embeddable":true,"href":"https:\/\/xenonkungen.com\/es\/wp-json\/wp\/v2\/product_tag?post=4285"}],"curies":[{"name":"wp","href":"https:\/\/api.w.org\/{rel}","templated":true}]}}