{"id":4393,"date":"2025-04-15T09:12:20","date_gmt":"2025-04-15T09:12:20","guid":{"rendered":"https:\/\/xenonkungen.com\/product\/lazer-3-m-kabelforlangningssats-for-extraljus-med-pos-ljus\/"},"modified":"2026-04-24T17:25:11","modified_gmt":"2026-04-24T16:25:11","slug":"kit-de-extension-de-cable-laser-de-3-m-para-luces-auxiliares-con-luz-de-posicion","status":"publish","type":"product","link":"https:\/\/xenonkungen.com\/es\/producto\/kit-de-extension-de-cable-laser-de-3-m-para-luces-auxiliares-con-luz-de-posicion\/","title":{"rendered":"Kit de prolongaci\u00f3n de cable Lazer de 3 m para luz auxiliar con luz pos."},"content":{"rendered":"<h1 class=\"page-title\"><span class=\"base\" data-ui-id=\"page-title-wrapper\">Alargador de cable 3 m (3 polos, Superseal)<\/span><\/h1>\n<p>El kit de cable de extensi\u00f3n de 3 metros es ideal para instalaciones y montajes personalizados que requieren cableado adicional a las luces. Incluye conectores IP68 en ambos extremos.<\/p>\n<p>Todas las l\u00e1mparas Lazer se venden con un conector hembra precableado conectado al conector macho del cable de la l\u00e1mpara, para facilitar la conexi\u00f3n al sistema de su veh\u00edculo.<\/p>\n<p><span>Incluye conector IP68 con tres clavijas<\/span><\/p>\n<p>Compatible con:<\/p>\n<ul>\n<li>Triple-R 750<\/li>\n<li>Triple-R 850<\/li>\n<li>Triple-R 1000<\/li>\n<li>Triple-R 1250<\/li>\n<li>Linear-12 Elite (luz de posici\u00f3n)<\/li>\n<li>Lineal-18 Elite (luz de posici\u00f3n)<\/li>\n<li>Sentinel 7\" Elite<\/li>\n<li>Centinela 9<\/li>\n<li>Sentinel 9\" Cromado<\/li>\n<li>Sentinel 9\" Elite (luz de posici\u00f3n)<\/li>\n<\/ul>","protected":false},"excerpt":{"rendered":"<p>Kabelf\u00f6rl\u00e4ngning 3 m (3-stift, Superseal) Det 3 meters f\u00f6rl\u00e4ngningskabelkitet \u00e4r idealiskt f\u00f6r anpassade installationer och monteringar som kr\u00e4ver extra kabeldragning till lamporna. Inkluderar IP68-kontakter i b\u00e5da \u00e4ndar. Alla Lazer-lampor s\u00e4ljs med en f\u00f6rkopplad honkontakt ansluten till lampkabelns hankontakt, f\u00f6r att underl\u00e4tta inkoppling till ditt fordonssystem. Inkluderar IP68-kontakt med tre stift Kompatibel med: Triple-R 750 Triple-R [&hellip;]<\/p>","protected":false},"featured_media":4394,"comment_status":"closed","ping_status":"open","template":"","meta":{"_acf_changed":false,"_smort_price_nok":"267","_smort_price_dkk":"170","_smort_price_eur":"22.73","_smort_sale_price_nok":"","_smort_sale_price_dkk":"","_smort_sale_price_eur":"","smort_restorder":"","shipmondo_restorder":"","_kad_blocks_custom_css":"","_kad_blocks_head_custom_js":"","_kad_blocks_body_custom_js":"","_kad_blocks_footer_custom_js":"","smort_custom_pricelist_1":"160","smort_custom_pricelist_2":"160","smort_custom_pricelist_3":"160","smort_custom_pricelist_4":"200","smort_custom_pricelist_5":"160"},"anvandningsomrade":[],"bilmarken":[],"product_brand":[1124],"product_cat":[2828,2607,390],"product_tag":[2735],"class_list":{"0":"post-4393","1":"product","2":"type-product","3":"status-publish","4":"has-post-thumbnail","6":"product_brand-lazer","7":"product_cat-installation-led-ramper","8":"product_cat-relasats-relasats-ledramper-installation","9":"product_cat-installation","10":"product_tag-lazer","11":"pa_fuktskydd-varde-ipxx-ip68","12":"pa_lampsockel-kontakt-superseal","14":"first","15":"onbackorder","16":"taxable","17":"shipping-taxable","18":"purchasable","19":"product-type-simple"},"bundled_by":[],"bundle_stock_status":"onbackorder","bundle_stock_quantity":0,"bundle_virtual":false,"bundle_layout":"","bundle_add_to_cart_form_location":"","bundle_editable_in_cart":false,"bundle_sold_individually_context":"","bundle_item_grouping":"","bundle_min_size":"","bundle_max_size":"","bundle_price":[],"bundled_items":[],"bundle_sell_ids":[],"acf":[],"yoast_head":"<!-- This site is optimized with the Yoast SEO plugin v27.0 - https:\/\/yoast.com\/product\/yoast-seo-wordpress\/ -->\n<title>Lazer 3 m kabelf\u00f6rl\u00e4ngningssats f\u00f6r extraljus med pos.ljus - Xenonkungen<\/title>\n<meta name=\"robots\" content=\"index, follow, max-snippet:-1, max-image-preview:large, max-video-preview:-1\" \/>\n<link rel=\"canonical\" href=\"https:\/\/xenonkungen.com\/es\/producto\/kit-de-extension-de-cable-laser-de-3-m-para-luces-auxiliares-con-luz-de-posicion\/\" \/>\n<meta property=\"og:locale\" content=\"es_ES\" \/>\n<meta property=\"og:type\" content=\"article\" \/>\n<meta property=\"og:title\" content=\"Lazer 3 m kabelf\u00f6rl\u00e4ngningssats f\u00f6r extraljus med pos.ljus - Xenonkungen\" \/>\n<meta property=\"og:description\" content=\"Kabelf\u00f6rl\u00e4ngning 3 m (3-stift, Superseal) Det 3 meters f\u00f6rl\u00e4ngningskabelkitet \u00e4r idealiskt f\u00f6r anpassade installationer och monteringar som kr\u00e4ver extra kabeldragning till lamporna. Inkluderar IP68-kontakter i b\u00e5da \u00e4ndar. Alla Lazer-lampor s\u00e4ljs med en f\u00f6rkopplad honkontakt ansluten till lampkabelns hankontakt, f\u00f6r att underl\u00e4tta inkoppling till ditt fordonssystem. Inkluderar IP68-kontakt med tre stift Kompatibel med: Triple-R 750 Triple-R [&hellip;]\" \/>\n<meta property=\"og:url\" content=\"https:\/\/xenonkungen.com\/es\/producto\/kit-de-extension-de-cable-laser-de-3-m-para-luces-auxiliares-con-luz-de-posicion\/\" \/>\n<meta property=\"og:site_name\" content=\"Xenonkungen\" \/>\n<meta property=\"article:modified_time\" content=\"2026-04-24T16:25:11+00:00\" \/>\n<meta property=\"og:image\" content=\"https:\/\/xenonkungen.com\/wp-content\/uploads\/2025\/04\/159351_itemimage_mainfront.jpg\" \/>\n\t<meta property=\"og:image:width\" content=\"2048\" \/>\n\t<meta property=\"og:image:height\" content=\"1537\" \/>\n\t<meta property=\"og:image:type\" content=\"image\/jpeg\" \/>\n<meta name=\"twitter:card\" content=\"summary_large_image\" \/>\n<script type=\"application\/ld+json\" class=\"yoast-schema-graph\">{\"@context\":\"https:\/\/schema.org\",\"@graph\":[{\"@type\":\"WebPage\",\"@id\":\"https:\/\/xenonkungen.com\/produkt\/lazer-3-m-kabelforlangningssats-for-extraljus-med-pos-ljus\/\",\"url\":\"https:\/\/xenonkungen.com\/produkt\/lazer-3-m-kabelforlangningssats-for-extraljus-med-pos-ljus\/\",\"name\":\"Lazer 3 m kabelf\u00f6rl\u00e4ngningssats f\u00f6r extraljus med pos.ljus - Xenonkungen\",\"isPartOf\":{\"@id\":\"https:\/\/xenonkungen.com\/#website\"},\"primaryImageOfPage\":{\"@id\":\"https:\/\/xenonkungen.com\/produkt\/lazer-3-m-kabelforlangningssats-for-extraljus-med-pos-ljus\/#primaryimage\"},\"image\":{\"@id\":\"https:\/\/xenonkungen.com\/produkt\/lazer-3-m-kabelforlangningssats-for-extraljus-med-pos-ljus\/#primaryimage\"},\"thumbnailUrl\":\"https:\/\/xenonkungen.com\/wp-content\/uploads\/2025\/04\/159351_itemimage_mainfront.jpg\",\"datePublished\":\"2025-04-15T09:12:20+00:00\",\"dateModified\":\"2026-04-24T16:25:11+00:00\",\"breadcrumb\":{\"@id\":\"https:\/\/xenonkungen.com\/produkt\/lazer-3-m-kabelforlangningssats-for-extraljus-med-pos-ljus\/#breadcrumb\"},\"inLanguage\":\"es\",\"potentialAction\":[{\"@type\":\"ReadAction\",\"target\":[\"https:\/\/xenonkungen.com\/produkt\/lazer-3-m-kabelforlangningssats-for-extraljus-med-pos-ljus\/\"]}]},{\"@type\":\"ImageObject\",\"inLanguage\":\"es\",\"@id\":\"https:\/\/xenonkungen.com\/produkt\/lazer-3-m-kabelforlangningssats-for-extraljus-med-pos-ljus\/#primaryimage\",\"url\":\"https:\/\/xenonkungen.com\/wp-content\/uploads\/2025\/04\/159351_itemimage_mainfront.jpg\",\"contentUrl\":\"https:\/\/xenonkungen.com\/wp-content\/uploads\/2025\/04\/159351_itemimage_mainfront.jpg\",\"width\":2048,\"height\":1537},{\"@type\":\"BreadcrumbList\",\"@id\":\"https:\/\/xenonkungen.com\/produkt\/lazer-3-m-kabelforlangningssats-for-extraljus-med-pos-ljus\/#breadcrumb\",\"itemListElement\":[{\"@type\":\"ListItem\",\"position\":1,\"name\":\"Hem\",\"item\":\"https:\/\/xenonkungen.com\/\"},{\"@type\":\"ListItem\",\"position\":2,\"name\":\"Shop\",\"item\":\"https:\/\/xenonkungen.com\/shop\/\"},{\"@type\":\"ListItem\",\"position\":3,\"name\":\"Lazer 3 m kabelf\u00f6rl\u00e4ngningssats f\u00f6r extraljus med pos.ljus\"}]},{\"@type\":\"WebSite\",\"@id\":\"https:\/\/xenonkungen.com\/#website\",\"url\":\"https:\/\/xenonkungen.com\/\",\"name\":\"Xenonkungen\",\"description\":\"\",\"potentialAction\":[{\"@type\":\"SearchAction\",\"target\":{\"@type\":\"EntryPoint\",\"urlTemplate\":\"https:\/\/xenonkungen.com\/?s={search_term_string}\"},\"query-input\":{\"@type\":\"PropertyValueSpecification\",\"valueRequired\":true,\"valueName\":\"search_term_string\"}}],\"inLanguage\":\"es\"}]}<\/script>\n<!-- \/ Yoast SEO plugin. -->","yoast_head_json":{"title":"Juego de extensi\u00f3n de cable Lazer de 3 m para luces auxiliares con luz de posici\u00f3n - Xenonkungen","robots":{"index":"index","follow":"follow","max-snippet":"max-snippet:-1","max-image-preview":"max-image-preview:large","max-video-preview":"max-video-preview:-1"},"canonical":"https:\/\/xenonkungen.com\/es\/producto\/kit-de-extension-de-cable-laser-de-3-m-para-luces-auxiliares-con-luz-de-posicion\/","og_locale":"es_ES","og_type":"article","og_title":"Lazer 3 m kabelf\u00f6rl\u00e4ngningssats f\u00f6r extraljus med pos.ljus - Xenonkungen","og_description":"Kabelf\u00f6rl\u00e4ngning 3 m (3-stift, Superseal) Det 3 meters f\u00f6rl\u00e4ngningskabelkitet \u00e4r idealiskt f\u00f6r anpassade installationer och monteringar som kr\u00e4ver extra kabeldragning till lamporna. Inkluderar IP68-kontakter i b\u00e5da \u00e4ndar. Alla Lazer-lampor s\u00e4ljs med en f\u00f6rkopplad honkontakt ansluten till lampkabelns hankontakt, f\u00f6r att underl\u00e4tta inkoppling till ditt fordonssystem. Inkluderar IP68-kontakt med tre stift Kompatibel med: Triple-R 750 Triple-R [&hellip;]","og_url":"https:\/\/xenonkungen.com\/es\/producto\/kit-de-extension-de-cable-laser-de-3-m-para-luces-auxiliares-con-luz-de-posicion\/","og_site_name":"Xenonkungen","article_modified_time":"2026-04-24T16:25:11+00:00","og_image":[{"width":2048,"height":1537,"url":"https:\/\/xenonkungen.com\/wp-content\/uploads\/2025\/04\/159351_itemimage_mainfront.jpg","type":"image\/jpeg"}],"twitter_card":"summary_large_image","schema":{"@context":"https:\/\/schema.org","@graph":[{"@type":"WebPage","@id":"https:\/\/xenonkungen.com\/produkt\/lazer-3-m-kabelforlangningssats-for-extraljus-med-pos-ljus\/","url":"https:\/\/xenonkungen.com\/produkt\/lazer-3-m-kabelforlangningssats-for-extraljus-med-pos-ljus\/","name":"Juego de extensi\u00f3n de cable Lazer de 3 m para luces auxiliares con luz de posici\u00f3n - Xenonkungen","isPartOf":{"@id":"https:\/\/xenonkungen.com\/#website"},"primaryImageOfPage":{"@id":"https:\/\/xenonkungen.com\/produkt\/lazer-3-m-kabelforlangningssats-for-extraljus-med-pos-ljus\/#primaryimage"},"image":{"@id":"https:\/\/xenonkungen.com\/produkt\/lazer-3-m-kabelforlangningssats-for-extraljus-med-pos-ljus\/#primaryimage"},"thumbnailUrl":"https:\/\/xenonkungen.com\/wp-content\/uploads\/2025\/04\/159351_itemimage_mainfront.jpg","datePublished":"2025-04-15T09:12:20+00:00","dateModified":"2026-04-24T16:25:11+00:00","breadcrumb":{"@id":"https:\/\/xenonkungen.com\/produkt\/lazer-3-m-kabelforlangningssats-for-extraljus-med-pos-ljus\/#breadcrumb"},"inLanguage":"es","potentialAction":[{"@type":"ReadAction","target":["https:\/\/xenonkungen.com\/produkt\/lazer-3-m-kabelforlangningssats-for-extraljus-med-pos-ljus\/"]}]},{"@type":"ImageObject","inLanguage":"es","@id":"https:\/\/xenonkungen.com\/produkt\/lazer-3-m-kabelforlangningssats-for-extraljus-med-pos-ljus\/#primaryimage","url":"https:\/\/xenonkungen.com\/wp-content\/uploads\/2025\/04\/159351_itemimage_mainfront.jpg","contentUrl":"https:\/\/xenonkungen.com\/wp-content\/uploads\/2025\/04\/159351_itemimage_mainfront.jpg","width":2048,"height":1537},{"@type":"BreadcrumbList","@id":"https:\/\/xenonkungen.com\/produkt\/lazer-3-m-kabelforlangningssats-for-extraljus-med-pos-ljus\/#breadcrumb","itemListElement":[{"@type":"ListItem","position":1,"name":"Hem","item":"https:\/\/xenonkungen.com\/"},{"@type":"ListItem","position":2,"name":"Shop","item":"https:\/\/xenonkungen.com\/shop\/"},{"@type":"ListItem","position":3,"name":"Lazer 3 m kabelf\u00f6rl\u00e4ngningssats f\u00f6r extraljus med pos.ljus"}]},{"@type":"WebSite","@id":"https:\/\/xenonkungen.com\/#website","url":"https:\/\/xenonkungen.com\/","name":"Xenonkungen","description":"","potentialAction":[{"@type":"SearchAction","target":{"@type":"EntryPoint","urlTemplate":"https:\/\/xenonkungen.com\/?s={search_term_string}"},"query-input":{"@type":"PropertyValueSpecification","valueRequired":true,"valueName":"search_term_string"}}],"inLanguage":"es"}]}},"taxonomy_info":{"product_brand":[{"value":1124,"label":"Lazer"}],"product_cat":[{"value":2828,"label":"Installation LED-ramper"},{"value":2607,"label":"Rel\u00e4sats"},{"value":390,"label":"Installation"}],"product_tag":[{"value":2735,"label":"Lazer"}],"pa_fuktskydd-varde-ipxx":[{"value":177,"label":"IP68"}],"pa_lampsockel-kontakt":[{"value":1122,"label":"Superseal"}]},"featured_image_src_large":["https:\/\/xenonkungen.com\/wp-content\/uploads\/2025\/04\/159351_itemimage_mainfront-1024x769.jpg",1024,769,true],"author_info":[],"comment_info":0,"_links":{"self":[{"href":"https:\/\/xenonkungen.com\/es\/wp-json\/wp\/v2\/product\/4393","targetHints":{"allow":["GET"]}}],"collection":[{"href":"https:\/\/xenonkungen.com\/es\/wp-json\/wp\/v2\/product"}],"about":[{"href":"https:\/\/xenonkungen.com\/es\/wp-json\/wp\/v2\/types\/product"}],"replies":[{"embeddable":true,"href":"https:\/\/xenonkungen.com\/es\/wp-json\/wp\/v2\/comments?post=4393"}],"wp:featuredmedia":[{"embeddable":true,"href":"https:\/\/xenonkungen.com\/es\/wp-json\/wp\/v2\/media\/4394"}],"wp:attachment":[{"href":"https:\/\/xenonkungen.com\/es\/wp-json\/wp\/v2\/media?parent=4393"}],"wp:term":[{"taxonomy":"anvandningsomrade","embeddable":true,"href":"https:\/\/xenonkungen.com\/es\/wp-json\/wp\/v2\/anvandningsomrade?post=4393"},{"taxonomy":"bilmarken","embeddable":true,"href":"https:\/\/xenonkungen.com\/es\/wp-json\/wp\/v2\/bilmarken?post=4393"},{"taxonomy":"product_brand","embeddable":true,"href":"https:\/\/xenonkungen.com\/es\/wp-json\/wp\/v2\/product_brand?post=4393"},{"taxonomy":"product_cat","embeddable":true,"href":"https:\/\/xenonkungen.com\/es\/wp-json\/wp\/v2\/product_cat?post=4393"},{"taxonomy":"product_tag","embeddable":true,"href":"https:\/\/xenonkungen.com\/es\/wp-json\/wp\/v2\/product_tag?post=4393"}],"curies":[{"name":"wp","href":"https:\/\/api.w.org\/{rel}","templated":true}]}}