{"id":4433,"date":"2025-04-15T09:12:58","date_gmt":"2025-04-15T09:12:58","guid":{"rendered":"https:\/\/xenonkungen.com\/product\/meguiars-da-foam-polishing-disc-5\/"},"modified":"2026-04-17T12:08:24","modified_gmt":"2026-04-17T11:08:24","slug":"disco-de-pulido-de-espuma-meguiars-da-5","status":"publish","type":"product","link":"https:\/\/xenonkungen.com\/es\/producto\/disco-de-pulido-de-espuma-meguiars-da-5\/","title":{"rendered":"Disco pulidor de espuma DA 5\u2033 de Meguiar's"},"content":{"rendered":"<h1>Disco de pulido de espuma DA de 5 pulgadas<\/h1>\n<p>El rodillo ideal para pulir. Su tecnolog\u00eda de espuma mejorada elimina peque\u00f1as imperfecciones y deja un brillo m\u00e1ximo. <br \/>M\u00e1ximo brillo en la pintura gracias a su composici\u00f3n \u00fanica. Perfil bajo para un rendimiento \u00f3ptimo y un pulido m\u00e1s suave. Durabilidad superior.<\/p>\n<p>El rodillo perfecto para corregir peque\u00f1os defectos y conseguir un brillo espectacular. \u00a1Ideal para pulir tu coche, caravana y barco!<\/p>\n<p>Se puede lavar en la lavadora (40\u00b0). <strong>ATENCI\u00d3N<\/strong> Sin suavizante.<\/p>\n<p>\u00a1VIDA \u00daTIL SUPERIOR!<\/p>\n<p><strong>Dimensiones: <\/strong>125 mm<\/p>","protected":false},"excerpt":{"rendered":"<p>\u00bfEs hora de pulir? \u00bfTiene defectos y oxidaci\u00f3n y desea un brillo m\u00e1ximo? \u00a1Entonces ha encontrado la rueda de pulido adecuada!<\/p>","protected":false},"featured_media":4434,"comment_status":"closed","ping_status":"closed","template":"","meta":{"_acf_changed":false,"_smort_price_nok":"214","_smort_price_dkk":"183","_smort_price_eur":"24.45","_smort_sale_price_nok":"214","_smort_sale_price_dkk":"","_smort_sale_price_eur":"","smort_restorder":"","shipmondo_restorder":"","_kad_blocks_custom_css":"","_kad_blocks_head_custom_js":"","_kad_blocks_body_custom_js":"","_kad_blocks_footer_custom_js":"","smort_custom_pricelist_1":"172.16","smort_custom_pricelist_2":"172.16","smort_custom_pricelist_3":"163.55","smort_custom_pricelist_4":"215.2","smort_custom_pricelist_5":"172.16"},"anvandningsomrade":[],"bilmarken":[],"product_brand":[1383],"product_cat":[2617,2615,378,1402],"product_tag":[],"class_list":{"0":"post-4433","1":"product","2":"type-product","3":"status-publish","4":"has-post-thumbnail","6":"product_brand-meguiars","7":"product_cat-polering","8":"product_cat-polertrissor","9":"product_cat-bilvard","10":"product_cat-outlet","11":"pa_storlek-mm-1236","13":"first","14":"instock","15":"sale","16":"taxable","17":"shipping-taxable","18":"purchasable","19":"product-type-simple"},"bundled_by":[],"bundle_stock_status":"instock","bundle_stock_quantity":1,"bundle_virtual":false,"bundle_layout":"","bundle_add_to_cart_form_location":"","bundle_editable_in_cart":false,"bundle_sold_individually_context":"","bundle_item_grouping":"","bundle_min_size":"","bundle_max_size":"","bundle_price":[],"bundled_items":[],"bundle_sell_ids":[],"acf":[],"yoast_head":"<!-- This site is optimized with the Yoast SEO plugin v27.0 - https:\/\/yoast.com\/product\/yoast-seo-wordpress\/ -->\n<title>Meguiar&#039;s DA Foam Polishing Disc 5&quot; - Xenonkungen<\/title>\n<meta name=\"robots\" content=\"index, follow, max-snippet:-1, max-image-preview:large, max-video-preview:-1\" \/>\n<link rel=\"canonical\" href=\"https:\/\/xenonkungen.com\/es\/producto\/disco-de-pulido-de-espuma-meguiars-da-5\/\" \/>\n<meta property=\"og:locale\" content=\"es_ES\" \/>\n<meta property=\"og:type\" content=\"article\" \/>\n<meta property=\"og:title\" content=\"Meguiar&#039;s DA Foam Polishing Disc 5&quot; - Xenonkungen\" \/>\n<meta property=\"og:description\" content=\"Dags att polera? Har du lite defekter och oxidation samt vill ha maximal glans? D\u00e5 har du hittat r\u00e4tt polertrissa!\" \/>\n<meta property=\"og:url\" content=\"https:\/\/xenonkungen.com\/es\/producto\/disco-de-pulido-de-espuma-meguiars-da-5\/\" \/>\n<meta property=\"og:site_name\" content=\"Xenonkungen\" \/>\n<meta property=\"article:modified_time\" content=\"2026-04-17T11:08:24+00:00\" \/>\n<meta property=\"og:image\" content=\"https:\/\/xenonkungen.com\/wp-content\/uploads\/2025\/04\/190088033-origpic-5abcff.png\" \/>\n\t<meta property=\"og:image:width\" content=\"600\" \/>\n\t<meta property=\"og:image:height\" content=\"600\" \/>\n\t<meta property=\"og:image:type\" content=\"image\/png\" \/>\n<meta name=\"twitter:card\" content=\"summary_large_image\" \/>\n<script type=\"application\/ld+json\" class=\"yoast-schema-graph\">{\"@context\":\"https:\/\/schema.org\",\"@graph\":[{\"@type\":\"WebPage\",\"@id\":\"https:\/\/xenonkungen.com\/produkt\/meguiars-da-foam-polishing-disc-5\/\",\"url\":\"https:\/\/xenonkungen.com\/produkt\/meguiars-da-foam-polishing-disc-5\/\",\"name\":\"Meguiar's DA Foam Polishing Disc 5\\\" - Xenonkungen\",\"isPartOf\":{\"@id\":\"https:\/\/xenonkungen.com\/#website\"},\"primaryImageOfPage\":{\"@id\":\"https:\/\/xenonkungen.com\/produkt\/meguiars-da-foam-polishing-disc-5\/#primaryimage\"},\"image\":{\"@id\":\"https:\/\/xenonkungen.com\/produkt\/meguiars-da-foam-polishing-disc-5\/#primaryimage\"},\"thumbnailUrl\":\"https:\/\/xenonkungen.com\/wp-content\/uploads\/2025\/04\/190088033-origpic-5abcff.png\",\"datePublished\":\"2025-04-15T09:12:58+00:00\",\"dateModified\":\"2026-04-17T11:08:24+00:00\",\"breadcrumb\":{\"@id\":\"https:\/\/xenonkungen.com\/produkt\/meguiars-da-foam-polishing-disc-5\/#breadcrumb\"},\"inLanguage\":\"es\",\"potentialAction\":[{\"@type\":\"ReadAction\",\"target\":[\"https:\/\/xenonkungen.com\/produkt\/meguiars-da-foam-polishing-disc-5\/\"]}]},{\"@type\":\"ImageObject\",\"inLanguage\":\"es\",\"@id\":\"https:\/\/xenonkungen.com\/produkt\/meguiars-da-foam-polishing-disc-5\/#primaryimage\",\"url\":\"https:\/\/xenonkungen.com\/wp-content\/uploads\/2025\/04\/190088033-origpic-5abcff.png\",\"contentUrl\":\"https:\/\/xenonkungen.com\/wp-content\/uploads\/2025\/04\/190088033-origpic-5abcff.png\",\"width\":600,\"height\":600},{\"@type\":\"BreadcrumbList\",\"@id\":\"https:\/\/xenonkungen.com\/produkt\/meguiars-da-foam-polishing-disc-5\/#breadcrumb\",\"itemListElement\":[{\"@type\":\"ListItem\",\"position\":1,\"name\":\"Hem\",\"item\":\"https:\/\/xenonkungen.com\/\"},{\"@type\":\"ListItem\",\"position\":2,\"name\":\"Shop\",\"item\":\"https:\/\/xenonkungen.com\/shop\/\"},{\"@type\":\"ListItem\",\"position\":3,\"name\":\"Meguiar&#8217;s DA Foam Polishing Disc 5&#8243;\"}]},{\"@type\":\"WebSite\",\"@id\":\"https:\/\/xenonkungen.com\/#website\",\"url\":\"https:\/\/xenonkungen.com\/\",\"name\":\"Xenonkungen\",\"description\":\"\",\"potentialAction\":[{\"@type\":\"SearchAction\",\"target\":{\"@type\":\"EntryPoint\",\"urlTemplate\":\"https:\/\/xenonkungen.com\/?s={search_term_string}\"},\"query-input\":{\"@type\":\"PropertyValueSpecification\",\"valueRequired\":true,\"valueName\":\"search_term_string\"}}],\"inLanguage\":\"es\"}]}<\/script>\n<!-- \/ Yoast SEO plugin. -->","yoast_head_json":{"title":"Disco de pulido de espuma DA de Meguiar&#039;s de 5&quot; - El Rey del Xen\u00f3n","robots":{"index":"index","follow":"follow","max-snippet":"max-snippet:-1","max-image-preview":"max-image-preview:large","max-video-preview":"max-video-preview:-1"},"canonical":"https:\/\/xenonkungen.com\/es\/producto\/disco-de-pulido-de-espuma-meguiars-da-5\/","og_locale":"es_ES","og_type":"article","og_title":"Meguiar's DA Foam Polishing Disc 5\" - Xenonkungen","og_description":"Dags att polera? Har du lite defekter och oxidation samt vill ha maximal glans? D\u00e5 har du hittat r\u00e4tt polertrissa!","og_url":"https:\/\/xenonkungen.com\/es\/producto\/disco-de-pulido-de-espuma-meguiars-da-5\/","og_site_name":"Xenonkungen","article_modified_time":"2026-04-17T11:08:24+00:00","og_image":[{"width":600,"height":600,"url":"https:\/\/xenonkungen.com\/wp-content\/uploads\/2025\/04\/190088033-origpic-5abcff.png","type":"image\/png"}],"twitter_card":"summary_large_image","schema":{"@context":"https:\/\/schema.org","@graph":[{"@type":"WebPage","@id":"https:\/\/xenonkungen.com\/produkt\/meguiars-da-foam-polishing-disc-5\/","url":"https:\/\/xenonkungen.com\/produkt\/meguiars-da-foam-polishing-disc-5\/","name":"Disco de pulido de espuma DA de Meguiar&#039;s de 5&quot; - El Rey del Xen\u00f3n","isPartOf":{"@id":"https:\/\/xenonkungen.com\/#website"},"primaryImageOfPage":{"@id":"https:\/\/xenonkungen.com\/produkt\/meguiars-da-foam-polishing-disc-5\/#primaryimage"},"image":{"@id":"https:\/\/xenonkungen.com\/produkt\/meguiars-da-foam-polishing-disc-5\/#primaryimage"},"thumbnailUrl":"https:\/\/xenonkungen.com\/wp-content\/uploads\/2025\/04\/190088033-origpic-5abcff.png","datePublished":"2025-04-15T09:12:58+00:00","dateModified":"2026-04-17T11:08:24+00:00","breadcrumb":{"@id":"https:\/\/xenonkungen.com\/produkt\/meguiars-da-foam-polishing-disc-5\/#breadcrumb"},"inLanguage":"es","potentialAction":[{"@type":"ReadAction","target":["https:\/\/xenonkungen.com\/produkt\/meguiars-da-foam-polishing-disc-5\/"]}]},{"@type":"ImageObject","inLanguage":"es","@id":"https:\/\/xenonkungen.com\/produkt\/meguiars-da-foam-polishing-disc-5\/#primaryimage","url":"https:\/\/xenonkungen.com\/wp-content\/uploads\/2025\/04\/190088033-origpic-5abcff.png","contentUrl":"https:\/\/xenonkungen.com\/wp-content\/uploads\/2025\/04\/190088033-origpic-5abcff.png","width":600,"height":600},{"@type":"BreadcrumbList","@id":"https:\/\/xenonkungen.com\/produkt\/meguiars-da-foam-polishing-disc-5\/#breadcrumb","itemListElement":[{"@type":"ListItem","position":1,"name":"Hem","item":"https:\/\/xenonkungen.com\/"},{"@type":"ListItem","position":2,"name":"Shop","item":"https:\/\/xenonkungen.com\/shop\/"},{"@type":"ListItem","position":3,"name":"Meguiar&#8217;s DA Foam Polishing Disc 5&#8243;"}]},{"@type":"WebSite","@id":"https:\/\/xenonkungen.com\/#website","url":"https:\/\/xenonkungen.com\/","name":"Xenonkungen","description":"","potentialAction":[{"@type":"SearchAction","target":{"@type":"EntryPoint","urlTemplate":"https:\/\/xenonkungen.com\/?s={search_term_string}"},"query-input":{"@type":"PropertyValueSpecification","valueRequired":true,"valueName":"search_term_string"}}],"inLanguage":"es"}]}},"taxonomy_info":{"product_brand":[{"value":1383,"label":"Meguiar's"}],"product_cat":[{"value":2617,"label":"3 | Polering"},{"value":2615,"label":"Polertrissor"},{"value":378,"label":"Bilv\u00e5rd"},{"value":1402,"label":"Outlet"}],"pa_storlek-mm":[{"value":1236,"label":"125"}]},"featured_image_src_large":["https:\/\/xenonkungen.com\/wp-content\/uploads\/2025\/04\/190088033-origpic-5abcff.png",600,600,false],"author_info":[],"comment_info":0,"_links":{"self":[{"href":"https:\/\/xenonkungen.com\/es\/wp-json\/wp\/v2\/product\/4433","targetHints":{"allow":["GET"]}}],"collection":[{"href":"https:\/\/xenonkungen.com\/es\/wp-json\/wp\/v2\/product"}],"about":[{"href":"https:\/\/xenonkungen.com\/es\/wp-json\/wp\/v2\/types\/product"}],"replies":[{"embeddable":true,"href":"https:\/\/xenonkungen.com\/es\/wp-json\/wp\/v2\/comments?post=4433"}],"wp:featuredmedia":[{"embeddable":true,"href":"https:\/\/xenonkungen.com\/es\/wp-json\/wp\/v2\/media\/4434"}],"wp:attachment":[{"href":"https:\/\/xenonkungen.com\/es\/wp-json\/wp\/v2\/media?parent=4433"}],"wp:term":[{"taxonomy":"anvandningsomrade","embeddable":true,"href":"https:\/\/xenonkungen.com\/es\/wp-json\/wp\/v2\/anvandningsomrade?post=4433"},{"taxonomy":"bilmarken","embeddable":true,"href":"https:\/\/xenonkungen.com\/es\/wp-json\/wp\/v2\/bilmarken?post=4433"},{"taxonomy":"product_brand","embeddable":true,"href":"https:\/\/xenonkungen.com\/es\/wp-json\/wp\/v2\/product_brand?post=4433"},{"taxonomy":"product_cat","embeddable":true,"href":"https:\/\/xenonkungen.com\/es\/wp-json\/wp\/v2\/product_cat?post=4433"},{"taxonomy":"product_tag","embeddable":true,"href":"https:\/\/xenonkungen.com\/es\/wp-json\/wp\/v2\/product_tag?post=4433"}],"curies":[{"name":"wp","href":"https:\/\/api.w.org\/{rel}","templated":true}]}}