{"id":4441,"date":"2025-04-15T09:13:06","date_gmt":"2025-04-15T09:13:06","guid":{"rendered":"https:\/\/xenonkungen.com\/product\/meguiars-da-microfiber-cutting-pad-5-2-pack\/"},"modified":"2026-03-26T11:02:10","modified_gmt":"2026-03-26T10:02:10","slug":"almohadilla-de-corte-de-microfibra-meguiars-paquete-de-5-2-unidades","status":"publish","type":"product","link":"https:\/\/xenonkungen.com\/es\/producto\/almohadilla-de-corte-de-microfibra-meguiars-paquete-de-5-2-unidades\/","title":{"rendered":"Paquete de 2 almohadillas de corte de microfibra DA 5\u2033 de Meguiar's"},"content":{"rendered":"<h1>Almohadilla de corte de microfibra DA de 5 pulgadas, paquete de 2<\/h1>\n<p><span>La avanzada tecnolog\u00eda de microfibra elimina las imperfecciones m\u00e1s profundas en el menor tiempo posible. \u00d3ptima para usar con una pulidora oscilante. <\/p>\n<p>Gracias a sus inserciones de espuma, los rodillos ofrecen m\u00e1xima flexibilidad, ergonom\u00eda y eficacia. Estos rodillos son ideales para usar con cualquier compuesto pulidor Meguiar&#039;s.<\/span><\/p>\n<p>Lavable a m\u00e1quina <span>(\u00a1pero sin plastificante!)<br \/><\/span><br \/><strong>Dimensiones:<\/strong> \u00d8 125 mm<br \/><strong>Contenido:<\/strong> Paquete de 2<\/p>","protected":false},"excerpt":{"rendered":"<p>La avanzada tecnolog\u00eda de microfibra elimina los defectos dif\u00edciles sin dejar hologramas.<\/p>","protected":false},"featured_media":4442,"comment_status":"closed","ping_status":"closed","template":"","meta":{"_acf_changed":false,"_smort_price_nok":"467","_smort_price_dkk":"393","_smort_price_eur":"52.63","_smort_sale_price_nok":"467","_smort_sale_price_dkk":"","_smort_sale_price_eur":"","smort_restorder":"","shipmondo_restorder":"","_kad_blocks_custom_css":"","_kad_blocks_head_custom_js":"","_kad_blocks_body_custom_js":"","_kad_blocks_footer_custom_js":"","smort_custom_pricelist_1":"370.56","smort_custom_pricelist_2":"370.56","smort_custom_pricelist_3":"352.03","smort_custom_pricelist_4":"463.2","smort_custom_pricelist_5":"370.56"},"anvandningsomrade":[],"bilmarken":[],"product_brand":[1383],"product_cat":[2617,2615,378,1402],"product_tag":[],"class_list":{"0":"post-4441","1":"product","2":"type-product","3":"status-publish","4":"has-post-thumbnail","6":"product_brand-meguiars","7":"product_cat-polering","8":"product_cat-polertrissor","9":"product_cat-bilvard","10":"product_cat-outlet","11":"pa_storlek-mm-1236","13":"first","14":"instock","15":"sale","16":"taxable","17":"shipping-taxable","18":"purchasable","19":"product-type-simple"},"bundled_by":[],"bundle_stock_status":"instock","bundle_stock_quantity":4,"bundle_virtual":false,"bundle_layout":"","bundle_add_to_cart_form_location":"","bundle_editable_in_cart":false,"bundle_sold_individually_context":"","bundle_item_grouping":"","bundle_min_size":"","bundle_max_size":"","bundle_price":[],"bundled_items":[],"bundle_sell_ids":[],"acf":[],"yoast_head":"<!-- This site is optimized with the Yoast SEO plugin v27.0 - https:\/\/yoast.com\/product\/yoast-seo-wordpress\/ -->\n<title>Meguiar&#039;s DA Microfiber Cutting Pad 5&quot; 2-pack - Xenonkungen<\/title>\n<meta name=\"robots\" content=\"index, follow, max-snippet:-1, max-image-preview:large, max-video-preview:-1\" \/>\n<link rel=\"canonical\" href=\"https:\/\/xenonkungen.com\/es\/producto\/almohadilla-de-corte-de-microfibra-meguiars-paquete-de-5-2-unidades\/\" \/>\n<meta property=\"og:locale\" content=\"es_ES\" \/>\n<meta property=\"og:type\" content=\"article\" \/>\n<meta property=\"og:title\" content=\"Meguiar&#039;s DA Microfiber Cutting Pad 5&quot; 2-pack - Xenonkungen\" \/>\n<meta property=\"og:description\" content=\"Avancerad mikrofiber teknologi polerar bort sv\u00e5ra defekter utan att l\u00e4mna n\u00e5gra hologram.\" \/>\n<meta property=\"og:url\" content=\"https:\/\/xenonkungen.com\/es\/producto\/almohadilla-de-corte-de-microfibra-meguiars-paquete-de-5-2-unidades\/\" \/>\n<meta property=\"og:site_name\" content=\"Xenonkungen\" \/>\n<meta property=\"article:modified_time\" content=\"2026-03-26T10:02:10+00:00\" \/>\n<meta property=\"og:image\" content=\"https:\/\/xenonkungen.com\/wp-content\/uploads\/2025\/04\/190087915-origpic-0bf10e.png\" \/>\n\t<meta property=\"og:image:width\" content=\"585\" \/>\n\t<meta property=\"og:image:height\" content=\"600\" \/>\n\t<meta property=\"og:image:type\" content=\"image\/png\" \/>\n<meta name=\"twitter:card\" content=\"summary_large_image\" \/>\n<script type=\"application\/ld+json\" class=\"yoast-schema-graph\">{\"@context\":\"https:\/\/schema.org\",\"@graph\":[{\"@type\":\"WebPage\",\"@id\":\"https:\/\/xenonkungen.com\/produkt\/meguiars-da-microfiber-cutting-pad-5-2-pack\/\",\"url\":\"https:\/\/xenonkungen.com\/produkt\/meguiars-da-microfiber-cutting-pad-5-2-pack\/\",\"name\":\"Meguiar's DA Microfiber Cutting Pad 5\\\" 2-pack - Xenonkungen\",\"isPartOf\":{\"@id\":\"https:\/\/xenonkungen.com\/#website\"},\"primaryImageOfPage\":{\"@id\":\"https:\/\/xenonkungen.com\/produkt\/meguiars-da-microfiber-cutting-pad-5-2-pack\/#primaryimage\"},\"image\":{\"@id\":\"https:\/\/xenonkungen.com\/produkt\/meguiars-da-microfiber-cutting-pad-5-2-pack\/#primaryimage\"},\"thumbnailUrl\":\"https:\/\/xenonkungen.com\/wp-content\/uploads\/2025\/04\/190087915-origpic-0bf10e.png\",\"datePublished\":\"2025-04-15T09:13:06+00:00\",\"dateModified\":\"2026-03-26T10:02:10+00:00\",\"breadcrumb\":{\"@id\":\"https:\/\/xenonkungen.com\/produkt\/meguiars-da-microfiber-cutting-pad-5-2-pack\/#breadcrumb\"},\"inLanguage\":\"es\",\"potentialAction\":[{\"@type\":\"ReadAction\",\"target\":[\"https:\/\/xenonkungen.com\/produkt\/meguiars-da-microfiber-cutting-pad-5-2-pack\/\"]}]},{\"@type\":\"ImageObject\",\"inLanguage\":\"es\",\"@id\":\"https:\/\/xenonkungen.com\/produkt\/meguiars-da-microfiber-cutting-pad-5-2-pack\/#primaryimage\",\"url\":\"https:\/\/xenonkungen.com\/wp-content\/uploads\/2025\/04\/190087915-origpic-0bf10e.png\",\"contentUrl\":\"https:\/\/xenonkungen.com\/wp-content\/uploads\/2025\/04\/190087915-origpic-0bf10e.png\",\"width\":585,\"height\":600},{\"@type\":\"BreadcrumbList\",\"@id\":\"https:\/\/xenonkungen.com\/produkt\/meguiars-da-microfiber-cutting-pad-5-2-pack\/#breadcrumb\",\"itemListElement\":[{\"@type\":\"ListItem\",\"position\":1,\"name\":\"Hem\",\"item\":\"https:\/\/xenonkungen.com\/\"},{\"@type\":\"ListItem\",\"position\":2,\"name\":\"Shop\",\"item\":\"https:\/\/xenonkungen.com\/shop\/\"},{\"@type\":\"ListItem\",\"position\":3,\"name\":\"Meguiar&#8217;s DA Microfiber Cutting Pad 5&#8243; 2-pack\"}]},{\"@type\":\"WebSite\",\"@id\":\"https:\/\/xenonkungen.com\/#website\",\"url\":\"https:\/\/xenonkungen.com\/\",\"name\":\"Xenonkungen\",\"description\":\"\",\"potentialAction\":[{\"@type\":\"SearchAction\",\"target\":{\"@type\":\"EntryPoint\",\"urlTemplate\":\"https:\/\/xenonkungen.com\/?s={search_term_string}\"},\"query-input\":{\"@type\":\"PropertyValueSpecification\",\"valueRequired\":true,\"valueName\":\"search_term_string\"}}],\"inLanguage\":\"es\"}]}<\/script>\n<!-- \/ Yoast SEO plugin. -->","yoast_head_json":{"title":"Almohadilla de corte de microfibra Meguiar&#039;s DA de 5&quot; (paquete de 2) - El Rey del Xen\u00f3n","robots":{"index":"index","follow":"follow","max-snippet":"max-snippet:-1","max-image-preview":"max-image-preview:large","max-video-preview":"max-video-preview:-1"},"canonical":"https:\/\/xenonkungen.com\/es\/producto\/almohadilla-de-corte-de-microfibra-meguiars-paquete-de-5-2-unidades\/","og_locale":"es_ES","og_type":"article","og_title":"Meguiar's DA Microfiber Cutting Pad 5\" 2-pack - Xenonkungen","og_description":"Avancerad mikrofiber teknologi polerar bort sv\u00e5ra defekter utan att l\u00e4mna n\u00e5gra hologram.","og_url":"https:\/\/xenonkungen.com\/es\/producto\/almohadilla-de-corte-de-microfibra-meguiars-paquete-de-5-2-unidades\/","og_site_name":"Xenonkungen","article_modified_time":"2026-03-26T10:02:10+00:00","og_image":[{"width":585,"height":600,"url":"https:\/\/xenonkungen.com\/wp-content\/uploads\/2025\/04\/190087915-origpic-0bf10e.png","type":"image\/png"}],"twitter_card":"summary_large_image","schema":{"@context":"https:\/\/schema.org","@graph":[{"@type":"WebPage","@id":"https:\/\/xenonkungen.com\/produkt\/meguiars-da-microfiber-cutting-pad-5-2-pack\/","url":"https:\/\/xenonkungen.com\/produkt\/meguiars-da-microfiber-cutting-pad-5-2-pack\/","name":"Almohadilla de corte de microfibra Meguiar&#039;s DA de 5&quot; (paquete de 2) - El Rey del Xen\u00f3n","isPartOf":{"@id":"https:\/\/xenonkungen.com\/#website"},"primaryImageOfPage":{"@id":"https:\/\/xenonkungen.com\/produkt\/meguiars-da-microfiber-cutting-pad-5-2-pack\/#primaryimage"},"image":{"@id":"https:\/\/xenonkungen.com\/produkt\/meguiars-da-microfiber-cutting-pad-5-2-pack\/#primaryimage"},"thumbnailUrl":"https:\/\/xenonkungen.com\/wp-content\/uploads\/2025\/04\/190087915-origpic-0bf10e.png","datePublished":"2025-04-15T09:13:06+00:00","dateModified":"2026-03-26T10:02:10+00:00","breadcrumb":{"@id":"https:\/\/xenonkungen.com\/produkt\/meguiars-da-microfiber-cutting-pad-5-2-pack\/#breadcrumb"},"inLanguage":"es","potentialAction":[{"@type":"ReadAction","target":["https:\/\/xenonkungen.com\/produkt\/meguiars-da-microfiber-cutting-pad-5-2-pack\/"]}]},{"@type":"ImageObject","inLanguage":"es","@id":"https:\/\/xenonkungen.com\/produkt\/meguiars-da-microfiber-cutting-pad-5-2-pack\/#primaryimage","url":"https:\/\/xenonkungen.com\/wp-content\/uploads\/2025\/04\/190087915-origpic-0bf10e.png","contentUrl":"https:\/\/xenonkungen.com\/wp-content\/uploads\/2025\/04\/190087915-origpic-0bf10e.png","width":585,"height":600},{"@type":"BreadcrumbList","@id":"https:\/\/xenonkungen.com\/produkt\/meguiars-da-microfiber-cutting-pad-5-2-pack\/#breadcrumb","itemListElement":[{"@type":"ListItem","position":1,"name":"Hem","item":"https:\/\/xenonkungen.com\/"},{"@type":"ListItem","position":2,"name":"Shop","item":"https:\/\/xenonkungen.com\/shop\/"},{"@type":"ListItem","position":3,"name":"Meguiar&#8217;s DA Microfiber Cutting Pad 5&#8243; 2-pack"}]},{"@type":"WebSite","@id":"https:\/\/xenonkungen.com\/#website","url":"https:\/\/xenonkungen.com\/","name":"Xenonkungen","description":"","potentialAction":[{"@type":"SearchAction","target":{"@type":"EntryPoint","urlTemplate":"https:\/\/xenonkungen.com\/?s={search_term_string}"},"query-input":{"@type":"PropertyValueSpecification","valueRequired":true,"valueName":"search_term_string"}}],"inLanguage":"es"}]}},"taxonomy_info":{"product_brand":[{"value":1383,"label":"Meguiar's"}],"product_cat":[{"value":2617,"label":"3 | Polering"},{"value":2615,"label":"Polertrissor"},{"value":378,"label":"Bilv\u00e5rd"},{"value":1402,"label":"Outlet"}],"pa_storlek-mm":[{"value":1236,"label":"125"}]},"featured_image_src_large":["https:\/\/xenonkungen.com\/wp-content\/uploads\/2025\/04\/190087915-origpic-0bf10e.png",585,600,false],"author_info":[],"comment_info":0,"_links":{"self":[{"href":"https:\/\/xenonkungen.com\/es\/wp-json\/wp\/v2\/product\/4441","targetHints":{"allow":["GET"]}}],"collection":[{"href":"https:\/\/xenonkungen.com\/es\/wp-json\/wp\/v2\/product"}],"about":[{"href":"https:\/\/xenonkungen.com\/es\/wp-json\/wp\/v2\/types\/product"}],"replies":[{"embeddable":true,"href":"https:\/\/xenonkungen.com\/es\/wp-json\/wp\/v2\/comments?post=4441"}],"wp:featuredmedia":[{"embeddable":true,"href":"https:\/\/xenonkungen.com\/es\/wp-json\/wp\/v2\/media\/4442"}],"wp:attachment":[{"href":"https:\/\/xenonkungen.com\/es\/wp-json\/wp\/v2\/media?parent=4441"}],"wp:term":[{"taxonomy":"anvandningsomrade","embeddable":true,"href":"https:\/\/xenonkungen.com\/es\/wp-json\/wp\/v2\/anvandningsomrade?post=4441"},{"taxonomy":"bilmarken","embeddable":true,"href":"https:\/\/xenonkungen.com\/es\/wp-json\/wp\/v2\/bilmarken?post=4441"},{"taxonomy":"product_brand","embeddable":true,"href":"https:\/\/xenonkungen.com\/es\/wp-json\/wp\/v2\/product_brand?post=4441"},{"taxonomy":"product_cat","embeddable":true,"href":"https:\/\/xenonkungen.com\/es\/wp-json\/wp\/v2\/product_cat?post=4441"},{"taxonomy":"product_tag","embeddable":true,"href":"https:\/\/xenonkungen.com\/es\/wp-json\/wp\/v2\/product_tag?post=4441"}],"curies":[{"name":"wp","href":"https:\/\/api.w.org\/{rel}","templated":true}]}}