{"id":4463,"date":"2025-04-15T09:13:29","date_gmt":"2025-04-15T09:13:29","guid":{"rendered":"https:\/\/xenonkungen.com\/product\/meguiars-quik-clay-detailing-system\/"},"modified":"2026-04-11T01:15:51","modified_gmt":"2026-04-11T00:15:51","slug":"sistema-de-detallado-de-arcilla-rapida-de-meguiar","status":"publish","type":"product","link":"https:\/\/xenonkungen.com\/es\/producto\/sistema-de-detallado-de-arcilla-rapida-de-meguiar\/","title":{"rendered":"Meguiar's Quik Clay Sistema de Detallado"},"content":{"rendered":"<h1>Sistema de Detallado Quik Clay<\/h1>\n<p>La arcilla elimina la suciedad m\u00e1s resistente que no se ha eliminado en los pasos anteriores del proceso de limpieza. Esta suciedad puede ser, por ejemplo, pegamento, alquitr\u00e1n, pintura en spray, \u00f3xido, etc. La arcilla elimina la suciedad m\u00e1s resistente de las superficies de pintura y cristal. Las part\u00edculas de suciedad se desprenden de la superficie y se introducen en la arcilla.<\/p>\n<p>Serr\u00edn de madera, polvo de barniz y emisiones industriales son s\u00f3lo algunos ejemplos de contaminantes que pueden adherirse a su barniz y que no pueden eliminarse con el lavado. Meguiar's Quik Clay Starter Kit eliminar\u00e1 de forma segura y eficaz estos dep\u00f3sitos, dejando una superficie completamente limpia y con una sensaci\u00f3n de superficie casi encerada. Facilita el pulido y encerado con un brillo mucho m\u00e1s profundo y una mejor durabilidad.<\/p>\n<p><strong>Contenido:<\/strong> 473 ml \/ 80 g de arcilla<\/p>","protected":false},"excerpt":{"rendered":"<p>El Meguiars Quik Clay Detailing System Starter Kit es un paquete que contiene todo lo necesario para limpiar su coche con arcilla.<\/p>","protected":false},"featured_media":4464,"comment_status":"closed","ping_status":"open","template":"","meta":{"_acf_changed":false,"_smort_price_nok":"374","_smort_price_dkk":"311","_smort_price_eur":"41.73","_smort_sale_price_nok":"374","_smort_sale_price_dkk":"","_smort_sale_price_eur":"","smort_restorder":"","shipmondo_restorder":"","_kad_blocks_custom_css":"","_kad_blocks_head_custom_js":"","_kad_blocks_body_custom_js":"","_kad_blocks_footer_custom_js":"","smort_custom_pricelist_1":"293.76","smort_custom_pricelist_2":"293.76","smort_custom_pricelist_3":"279.07","smort_custom_pricelist_4":"367.2","smort_custom_pricelist_5":"293.76"},"anvandningsomrade":[],"bilmarken":[],"product_brand":[1383],"product_cat":[2988,378,1402],"product_tag":[],"class_list":{"0":"post-4463","1":"product","2":"type-product","3":"status-publish","4":"has-post-thumbnail","6":"product_brand-meguiars","7":"product_cat-biltvatt","8":"product_cat-bilvard","9":"product_cat-outlet","11":"first","12":"instock","13":"sale","14":"taxable","15":"shipping-taxable","16":"purchasable","17":"product-type-simple"},"bundled_by":[],"bundle_stock_status":"instock","bundle_stock_quantity":1,"bundle_virtual":false,"bundle_layout":"","bundle_add_to_cart_form_location":"","bundle_editable_in_cart":false,"bundle_sold_individually_context":"","bundle_item_grouping":"","bundle_min_size":"","bundle_max_size":"","bundle_price":[],"bundled_items":[],"bundle_sell_ids":[],"acf":[],"yoast_head":"<!-- This site is optimized with the Yoast SEO plugin v27.0 - https:\/\/yoast.com\/product\/yoast-seo-wordpress\/ -->\n<title>Meguiar&#039;s Quik Clay Detailing System - Xenonkungen<\/title>\n<meta name=\"robots\" content=\"index, follow, max-snippet:-1, max-image-preview:large, max-video-preview:-1\" \/>\n<link rel=\"canonical\" href=\"https:\/\/xenonkungen.com\/es\/producto\/sistema-de-detallado-de-arcilla-rapida-de-meguiar\/\" \/>\n<meta property=\"og:locale\" content=\"es_ES\" \/>\n<meta property=\"og:type\" content=\"article\" \/>\n<meta property=\"og:title\" content=\"Meguiar&#039;s Quik Clay Detailing System - Xenonkungen\" \/>\n<meta property=\"og:description\" content=\"Meguiars Quik Clay Detailing System Starter Kit \u00e4r ett paket som inneh\u00e5ller allt som beh\u00f6vs f\u00f6r att reng\u00f6ra bilen med lera.\" \/>\n<meta property=\"og:url\" content=\"https:\/\/xenonkungen.com\/es\/producto\/sistema-de-detallado-de-arcilla-rapida-de-meguiar\/\" \/>\n<meta property=\"og:site_name\" content=\"Xenonkungen\" \/>\n<meta property=\"article:modified_time\" content=\"2026-04-11T00:15:51+00:00\" \/>\n<meta property=\"og:image\" content=\"https:\/\/xenonkungen.com\/wp-content\/uploads\/2025\/04\/190087921-origpic-9550e7.png\" \/>\n\t<meta property=\"og:image:width\" content=\"325\" \/>\n\t<meta property=\"og:image:height\" content=\"600\" \/>\n\t<meta property=\"og:image:type\" content=\"image\/png\" \/>\n<meta name=\"twitter:card\" content=\"summary_large_image\" \/>\n<meta name=\"twitter:label1\" content=\"Tiempo de lectura\" \/>\n\t<meta name=\"twitter:data1\" content=\"1 minuto\" \/>\n<script type=\"application\/ld+json\" class=\"yoast-schema-graph\">{\"@context\":\"https:\/\/schema.org\",\"@graph\":[{\"@type\":\"WebPage\",\"@id\":\"https:\/\/xenonkungen.com\/produkt\/meguiars-quik-clay-detailing-system\/\",\"url\":\"https:\/\/xenonkungen.com\/produkt\/meguiars-quik-clay-detailing-system\/\",\"name\":\"Meguiar's Quik Clay Detailing System - Xenonkungen\",\"isPartOf\":{\"@id\":\"https:\/\/xenonkungen.com\/#website\"},\"primaryImageOfPage\":{\"@id\":\"https:\/\/xenonkungen.com\/produkt\/meguiars-quik-clay-detailing-system\/#primaryimage\"},\"image\":{\"@id\":\"https:\/\/xenonkungen.com\/produkt\/meguiars-quik-clay-detailing-system\/#primaryimage\"},\"thumbnailUrl\":\"https:\/\/xenonkungen.com\/wp-content\/uploads\/2025\/04\/190087921-origpic-9550e7.png\",\"datePublished\":\"2025-04-15T09:13:29+00:00\",\"dateModified\":\"2026-04-11T00:15:51+00:00\",\"breadcrumb\":{\"@id\":\"https:\/\/xenonkungen.com\/produkt\/meguiars-quik-clay-detailing-system\/#breadcrumb\"},\"inLanguage\":\"es\",\"potentialAction\":[{\"@type\":\"ReadAction\",\"target\":[\"https:\/\/xenonkungen.com\/produkt\/meguiars-quik-clay-detailing-system\/\"]}]},{\"@type\":\"ImageObject\",\"inLanguage\":\"es\",\"@id\":\"https:\/\/xenonkungen.com\/produkt\/meguiars-quik-clay-detailing-system\/#primaryimage\",\"url\":\"https:\/\/xenonkungen.com\/wp-content\/uploads\/2025\/04\/190087921-origpic-9550e7.png\",\"contentUrl\":\"https:\/\/xenonkungen.com\/wp-content\/uploads\/2025\/04\/190087921-origpic-9550e7.png\",\"width\":325,\"height\":600},{\"@type\":\"BreadcrumbList\",\"@id\":\"https:\/\/xenonkungen.com\/produkt\/meguiars-quik-clay-detailing-system\/#breadcrumb\",\"itemListElement\":[{\"@type\":\"ListItem\",\"position\":1,\"name\":\"Hem\",\"item\":\"https:\/\/xenonkungen.com\/\"},{\"@type\":\"ListItem\",\"position\":2,\"name\":\"Shop\",\"item\":\"https:\/\/xenonkungen.com\/shop\/\"},{\"@type\":\"ListItem\",\"position\":3,\"name\":\"Meguiar&#8217;s Quik Clay Detailing System\"}]},{\"@type\":\"WebSite\",\"@id\":\"https:\/\/xenonkungen.com\/#website\",\"url\":\"https:\/\/xenonkungen.com\/\",\"name\":\"Xenonkungen\",\"description\":\"\",\"potentialAction\":[{\"@type\":\"SearchAction\",\"target\":{\"@type\":\"EntryPoint\",\"urlTemplate\":\"https:\/\/xenonkungen.com\/?s={search_term_string}\"},\"query-input\":{\"@type\":\"PropertyValueSpecification\",\"valueRequired\":true,\"valueName\":\"search_term_string\"}}],\"inLanguage\":\"es\"}]}<\/script>\n<!-- \/ Yoast SEO plugin. -->","yoast_head_json":{"title":"Sistema de detallado de arcilla Meguiar&#039;s Quik: El rey del xen\u00f3n","robots":{"index":"index","follow":"follow","max-snippet":"max-snippet:-1","max-image-preview":"max-image-preview:large","max-video-preview":"max-video-preview:-1"},"canonical":"https:\/\/xenonkungen.com\/es\/producto\/sistema-de-detallado-de-arcilla-rapida-de-meguiar\/","og_locale":"es_ES","og_type":"article","og_title":"Meguiar's Quik Clay Detailing System - Xenonkungen","og_description":"Meguiars Quik Clay Detailing System Starter Kit \u00e4r ett paket som inneh\u00e5ller allt som beh\u00f6vs f\u00f6r att reng\u00f6ra bilen med lera.","og_url":"https:\/\/xenonkungen.com\/es\/producto\/sistema-de-detallado-de-arcilla-rapida-de-meguiar\/","og_site_name":"Xenonkungen","article_modified_time":"2026-04-11T00:15:51+00:00","og_image":[{"width":325,"height":600,"url":"https:\/\/xenonkungen.com\/wp-content\/uploads\/2025\/04\/190087921-origpic-9550e7.png","type":"image\/png"}],"twitter_card":"summary_large_image","twitter_misc":{"Tiempo de lectura":"1 minuto"},"schema":{"@context":"https:\/\/schema.org","@graph":[{"@type":"WebPage","@id":"https:\/\/xenonkungen.com\/produkt\/meguiars-quik-clay-detailing-system\/","url":"https:\/\/xenonkungen.com\/produkt\/meguiars-quik-clay-detailing-system\/","name":"Sistema de detallado de arcilla Meguiar&#039;s Quik: El rey del xen\u00f3n","isPartOf":{"@id":"https:\/\/xenonkungen.com\/#website"},"primaryImageOfPage":{"@id":"https:\/\/xenonkungen.com\/produkt\/meguiars-quik-clay-detailing-system\/#primaryimage"},"image":{"@id":"https:\/\/xenonkungen.com\/produkt\/meguiars-quik-clay-detailing-system\/#primaryimage"},"thumbnailUrl":"https:\/\/xenonkungen.com\/wp-content\/uploads\/2025\/04\/190087921-origpic-9550e7.png","datePublished":"2025-04-15T09:13:29+00:00","dateModified":"2026-04-11T00:15:51+00:00","breadcrumb":{"@id":"https:\/\/xenonkungen.com\/produkt\/meguiars-quik-clay-detailing-system\/#breadcrumb"},"inLanguage":"es","potentialAction":[{"@type":"ReadAction","target":["https:\/\/xenonkungen.com\/produkt\/meguiars-quik-clay-detailing-system\/"]}]},{"@type":"ImageObject","inLanguage":"es","@id":"https:\/\/xenonkungen.com\/produkt\/meguiars-quik-clay-detailing-system\/#primaryimage","url":"https:\/\/xenonkungen.com\/wp-content\/uploads\/2025\/04\/190087921-origpic-9550e7.png","contentUrl":"https:\/\/xenonkungen.com\/wp-content\/uploads\/2025\/04\/190087921-origpic-9550e7.png","width":325,"height":600},{"@type":"BreadcrumbList","@id":"https:\/\/xenonkungen.com\/produkt\/meguiars-quik-clay-detailing-system\/#breadcrumb","itemListElement":[{"@type":"ListItem","position":1,"name":"Hem","item":"https:\/\/xenonkungen.com\/"},{"@type":"ListItem","position":2,"name":"Shop","item":"https:\/\/xenonkungen.com\/shop\/"},{"@type":"ListItem","position":3,"name":"Meguiar&#8217;s Quik Clay Detailing System"}]},{"@type":"WebSite","@id":"https:\/\/xenonkungen.com\/#website","url":"https:\/\/xenonkungen.com\/","name":"Xenonkungen","description":"","potentialAction":[{"@type":"SearchAction","target":{"@type":"EntryPoint","urlTemplate":"https:\/\/xenonkungen.com\/?s={search_term_string}"},"query-input":{"@type":"PropertyValueSpecification","valueRequired":true,"valueName":"search_term_string"}}],"inLanguage":"es"}]}},"taxonomy_info":{"product_brand":[{"value":1383,"label":"Meguiar's"}],"product_cat":[{"value":2988,"label":"1 | Biltv\u00e4tt"},{"value":378,"label":"Bilv\u00e5rd"},{"value":1402,"label":"Outlet"}]},"featured_image_src_large":["https:\/\/xenonkungen.com\/wp-content\/uploads\/2025\/04\/190087921-origpic-9550e7.png",325,600,false],"author_info":[],"comment_info":0,"_links":{"self":[{"href":"https:\/\/xenonkungen.com\/es\/wp-json\/wp\/v2\/product\/4463","targetHints":{"allow":["GET"]}}],"collection":[{"href":"https:\/\/xenonkungen.com\/es\/wp-json\/wp\/v2\/product"}],"about":[{"href":"https:\/\/xenonkungen.com\/es\/wp-json\/wp\/v2\/types\/product"}],"replies":[{"embeddable":true,"href":"https:\/\/xenonkungen.com\/es\/wp-json\/wp\/v2\/comments?post=4463"}],"wp:featuredmedia":[{"embeddable":true,"href":"https:\/\/xenonkungen.com\/es\/wp-json\/wp\/v2\/media\/4464"}],"wp:attachment":[{"href":"https:\/\/xenonkungen.com\/es\/wp-json\/wp\/v2\/media?parent=4463"}],"wp:term":[{"taxonomy":"anvandningsomrade","embeddable":true,"href":"https:\/\/xenonkungen.com\/es\/wp-json\/wp\/v2\/anvandningsomrade?post=4463"},{"taxonomy":"bilmarken","embeddable":true,"href":"https:\/\/xenonkungen.com\/es\/wp-json\/wp\/v2\/bilmarken?post=4463"},{"taxonomy":"product_brand","embeddable":true,"href":"https:\/\/xenonkungen.com\/es\/wp-json\/wp\/v2\/product_brand?post=4463"},{"taxonomy":"product_cat","embeddable":true,"href":"https:\/\/xenonkungen.com\/es\/wp-json\/wp\/v2\/product_cat?post=4463"},{"taxonomy":"product_tag","embeddable":true,"href":"https:\/\/xenonkungen.com\/es\/wp-json\/wp\/v2\/product_tag?post=4463"}],"curies":[{"name":"wp","href":"https:\/\/api.w.org\/{rel}","templated":true}]}}