{"id":4503,"date":"2025-04-15T09:14:10","date_gmt":"2025-04-15T09:14:10","guid":{"rendered":"https:\/\/xenonkungen.com\/product\/meguiars-heavy-duty-multi-purpose-cleaner\/"},"modified":"2026-04-11T01:16:39","modified_gmt":"2026-04-11T00:16:39","slug":"limpiador-multiusos-de-alta-resistencia-de-meguiars","status":"publish","type":"product","link":"https:\/\/xenonkungen.com\/es\/producto\/limpiador-multiusos-de-alta-resistencia-de-meguiars\/","title":{"rendered":"Limpiador multiusos Meguiar's Heavy Duty"},"content":{"rendered":"<h1>Limpiador multiusos de gran potencia<\/h1>\n<p>Meguiar's Heavy Duty Multi Purpose Cleaner es el sucesor del All Purpose Cleaner, pero ahora a\u00fan m\u00e1s eficaz y la elecci\u00f3n obvia para limpiar todas las superficies interiores. Pero tambi\u00e9n algunas superficies exteriores.<\/p>\n<p>El agente tiene un efecto espumante que levanta eficazmente la suciedad. La mezcla \u00fanica de aditivos plastificantes y \u00f3pticos aporta un nuevo aspecto a las alfombras, otros textiles y vinilos.<\/p>\n<p>El producto tambi\u00e9n es ideal para la colada. Adecuado tanto para el coche como para el hogar.<\/p>\n<p>NOTA No utilizar en superficies de cristal.<\/p>\n<p><strong>Contenido (ml):<\/strong> 709<\/p>\n<h2><strong>\u00a1Atenci\u00f3n!<\/strong><\/h2>\n<p><strong>C\u00f3digo de colores:<\/strong><\/p>\n<ul>\n<li>Provoca da\u00f1os corrosivos graves en la piel y los ojos<\/li>\n<li>T\u00f3xico para los organismos acu\u00e1ticos con efectos duraderos<\/li>\n<\/ul>\n<p><strong>Denominaciones de protecci\u00f3n:<\/strong><\/p>\n<ul>\n<li>Tenga a mano el envase o la etiqueta por si necesita atenci\u00f3n m\u00e9dica<\/li>\n<li>Mantener fuera del alcance de los ni\u00f1os<\/li>\n<li>No inhalar gases, nieblas, vapores o aerosoles.<\/li>\n<li>Llevar guantes y ropa de protecci\u00f3n y protecci\u00f3n para los ojos o la cara<\/li>\n<li>EN CASO DE INGESTI\u00d3N: Enjuagar la boca. NO provocar el v\u00f3mito.<\/li>\n<li>EN CASO DE CONTACTO CON LA PIEL (incluido el cabello): Quitarse inmediatamente toda la ropa contaminada. Aclarar la piel con agua o ducharse.<\/li>\n<li>EN CASO DE CONTACTO CON LOS OJOS: Aclarar cuidadosamente con agua durante varios minutos. Si es posible, qu\u00edtese las lentes de contacto. Continuar enjuagando<\/li>\n<li>P\u00f3ngase en contacto inmediatamente con el CENTRO DE INFORMACI\u00d3N TOXICOL\u00d3GICA o con un m\u00e9dico.<\/li>\n<li>Guardado bajo llave<\/li>\n<li>El contenido y el contenedor se entregan en una instalaci\u00f3n de gesti\u00f3n de residuos autorizada<\/li>\n<\/ul>\n<p><iframe loading=\"lazy\" height=\"314\" src=\"https:\/\/www.youtube.com\/embed\/Ccs5groZFC8\" width=\"560\" allowfullscreen=\"allowfullscreen\"><\/iframe><\/p>","protected":false},"excerpt":{"rendered":"<p>Un limpiador universal, con un poco m\u00e1s de poder de limpieza. Para el cuidado del autom\u00f3vil y el hogar.<\/p>","protected":false},"featured_media":4504,"comment_status":"closed","ping_status":"open","template":"","meta":{"_acf_changed":false,"_smort_price_nok":"202","_smort_price_dkk":"128","_smort_price_eur":"17.18","_smort_sale_price_nok":"","_smort_sale_price_dkk":"","_smort_sale_price_eur":"","smort_restorder":"","shipmondo_restorder":"","_kad_blocks_custom_css":"","_kad_blocks_head_custom_js":"","_kad_blocks_body_custom_js":"","_kad_blocks_footer_custom_js":"","smort_custom_pricelist_1":"120.96","smort_custom_pricelist_2":"120.96","smort_custom_pricelist_3":"114.91","smort_custom_pricelist_4":"151.2","smort_custom_pricelist_5":"120.96"},"anvandningsomrade":[],"bilmarken":[],"product_brand":[1383],"product_cat":[2992,2618,378],"product_tag":[],"class_list":{"0":"post-4503","1":"product","2":"type-product","3":"status-publish","4":"has-post-thumbnail","6":"product_brand-meguiars","7":"product_cat-home-bilvard","8":"product_cat-interior","9":"product_cat-bilvard","11":"first","12":"instock","13":"taxable","14":"shipping-taxable","15":"purchasable","16":"product-type-simple"},"bundled_by":[],"bundle_stock_status":"instock","bundle_stock_quantity":4,"bundle_virtual":false,"bundle_layout":"","bundle_add_to_cart_form_location":"","bundle_editable_in_cart":false,"bundle_sold_individually_context":"","bundle_item_grouping":"","bundle_min_size":"","bundle_max_size":"","bundle_price":[],"bundled_items":[],"bundle_sell_ids":[],"acf":[],"yoast_head":"<!-- This site is optimized with the Yoast SEO plugin v27.0 - https:\/\/yoast.com\/product\/yoast-seo-wordpress\/ -->\n<title>Meguiar&#039;s Heavy Duty Multi-Purpose Cleaner - Xenonkungen<\/title>\n<meta name=\"robots\" content=\"index, follow, max-snippet:-1, max-image-preview:large, max-video-preview:-1\" \/>\n<link rel=\"canonical\" href=\"https:\/\/xenonkungen.com\/es\/producto\/limpiador-multiusos-de-alta-resistencia-de-meguiars\/\" \/>\n<meta property=\"og:locale\" content=\"es_ES\" \/>\n<meta property=\"og:type\" content=\"article\" \/>\n<meta property=\"og:title\" content=\"Meguiar&#039;s Heavy Duty Multi-Purpose Cleaner - Xenonkungen\" \/>\n<meta property=\"og:description\" content=\"Ett allround reng\u00f6ringsmedel, med lite extra reng\u00f6ringsf\u00f6rm\u00e5ga. F\u00f6r bilv\u00e5rd och hemmabruk.\" \/>\n<meta property=\"og:url\" content=\"https:\/\/xenonkungen.com\/es\/producto\/limpiador-multiusos-de-alta-resistencia-de-meguiars\/\" \/>\n<meta property=\"og:site_name\" content=\"Xenonkungen\" \/>\n<meta property=\"article:modified_time\" content=\"2026-04-11T00:16:39+00:00\" \/>\n<meta property=\"og:image\" content=\"https:\/\/xenonkungen.com\/wp-content\/uploads\/2025\/04\/190088083-origpic-8282f3.png\" \/>\n\t<meta property=\"og:image:width\" content=\"240\" \/>\n\t<meta property=\"og:image:height\" content=\"600\" \/>\n\t<meta property=\"og:image:type\" content=\"image\/png\" \/>\n<meta name=\"twitter:card\" content=\"summary_large_image\" \/>\n<meta name=\"twitter:label1\" content=\"Tiempo de lectura\" \/>\n\t<meta name=\"twitter:data1\" content=\"1 minuto\" \/>\n<script type=\"application\/ld+json\" class=\"yoast-schema-graph\">{\"@context\":\"https:\/\/schema.org\",\"@graph\":[{\"@type\":\"WebPage\",\"@id\":\"https:\/\/xenonkungen.com\/produkt\/meguiars-heavy-duty-multi-purpose-cleaner\/\",\"url\":\"https:\/\/xenonkungen.com\/produkt\/meguiars-heavy-duty-multi-purpose-cleaner\/\",\"name\":\"Meguiar's Heavy Duty Multi-Purpose Cleaner - Xenonkungen\",\"isPartOf\":{\"@id\":\"https:\/\/xenonkungen.com\/#website\"},\"primaryImageOfPage\":{\"@id\":\"https:\/\/xenonkungen.com\/produkt\/meguiars-heavy-duty-multi-purpose-cleaner\/#primaryimage\"},\"image\":{\"@id\":\"https:\/\/xenonkungen.com\/produkt\/meguiars-heavy-duty-multi-purpose-cleaner\/#primaryimage\"},\"thumbnailUrl\":\"https:\/\/xenonkungen.com\/wp-content\/uploads\/2025\/04\/190088083-origpic-8282f3.png\",\"datePublished\":\"2025-04-15T09:14:10+00:00\",\"dateModified\":\"2026-04-11T00:16:39+00:00\",\"breadcrumb\":{\"@id\":\"https:\/\/xenonkungen.com\/produkt\/meguiars-heavy-duty-multi-purpose-cleaner\/#breadcrumb\"},\"inLanguage\":\"es\",\"potentialAction\":[{\"@type\":\"ReadAction\",\"target\":[\"https:\/\/xenonkungen.com\/produkt\/meguiars-heavy-duty-multi-purpose-cleaner\/\"]}]},{\"@type\":\"ImageObject\",\"inLanguage\":\"es\",\"@id\":\"https:\/\/xenonkungen.com\/produkt\/meguiars-heavy-duty-multi-purpose-cleaner\/#primaryimage\",\"url\":\"https:\/\/xenonkungen.com\/wp-content\/uploads\/2025\/04\/190088083-origpic-8282f3.png\",\"contentUrl\":\"https:\/\/xenonkungen.com\/wp-content\/uploads\/2025\/04\/190088083-origpic-8282f3.png\",\"width\":240,\"height\":600},{\"@type\":\"BreadcrumbList\",\"@id\":\"https:\/\/xenonkungen.com\/produkt\/meguiars-heavy-duty-multi-purpose-cleaner\/#breadcrumb\",\"itemListElement\":[{\"@type\":\"ListItem\",\"position\":1,\"name\":\"Hem\",\"item\":\"https:\/\/xenonkungen.com\/\"},{\"@type\":\"ListItem\",\"position\":2,\"name\":\"Shop\",\"item\":\"https:\/\/xenonkungen.com\/shop\/\"},{\"@type\":\"ListItem\",\"position\":3,\"name\":\"Meguiar&#8217;s Heavy Duty Multi-Purpose Cleaner\"}]},{\"@type\":\"WebSite\",\"@id\":\"https:\/\/xenonkungen.com\/#website\",\"url\":\"https:\/\/xenonkungen.com\/\",\"name\":\"Xenonkungen\",\"description\":\"\",\"potentialAction\":[{\"@type\":\"SearchAction\",\"target\":{\"@type\":\"EntryPoint\",\"urlTemplate\":\"https:\/\/xenonkungen.com\/?s={search_term_string}\"},\"query-input\":{\"@type\":\"PropertyValueSpecification\",\"valueRequired\":true,\"valueName\":\"search_term_string\"}}],\"inLanguage\":\"es\"}]}<\/script>\n<!-- \/ Yoast SEO plugin. -->","yoast_head_json":{"title":"Limpiador multiusos de alta resistencia de Meguiar&#039;s - El Rey del Xen\u00f3n","robots":{"index":"index","follow":"follow","max-snippet":"max-snippet:-1","max-image-preview":"max-image-preview:large","max-video-preview":"max-video-preview:-1"},"canonical":"https:\/\/xenonkungen.com\/es\/producto\/limpiador-multiusos-de-alta-resistencia-de-meguiars\/","og_locale":"es_ES","og_type":"article","og_title":"Meguiar's Heavy Duty Multi-Purpose Cleaner - Xenonkungen","og_description":"Ett allround reng\u00f6ringsmedel, med lite extra reng\u00f6ringsf\u00f6rm\u00e5ga. F\u00f6r bilv\u00e5rd och hemmabruk.","og_url":"https:\/\/xenonkungen.com\/es\/producto\/limpiador-multiusos-de-alta-resistencia-de-meguiars\/","og_site_name":"Xenonkungen","article_modified_time":"2026-04-11T00:16:39+00:00","og_image":[{"width":240,"height":600,"url":"https:\/\/xenonkungen.com\/wp-content\/uploads\/2025\/04\/190088083-origpic-8282f3.png","type":"image\/png"}],"twitter_card":"summary_large_image","twitter_misc":{"Tiempo de lectura":"1 minuto"},"schema":{"@context":"https:\/\/schema.org","@graph":[{"@type":"WebPage","@id":"https:\/\/xenonkungen.com\/produkt\/meguiars-heavy-duty-multi-purpose-cleaner\/","url":"https:\/\/xenonkungen.com\/produkt\/meguiars-heavy-duty-multi-purpose-cleaner\/","name":"Limpiador multiusos de alta resistencia de Meguiar&#039;s - El Rey del Xen\u00f3n","isPartOf":{"@id":"https:\/\/xenonkungen.com\/#website"},"primaryImageOfPage":{"@id":"https:\/\/xenonkungen.com\/produkt\/meguiars-heavy-duty-multi-purpose-cleaner\/#primaryimage"},"image":{"@id":"https:\/\/xenonkungen.com\/produkt\/meguiars-heavy-duty-multi-purpose-cleaner\/#primaryimage"},"thumbnailUrl":"https:\/\/xenonkungen.com\/wp-content\/uploads\/2025\/04\/190088083-origpic-8282f3.png","datePublished":"2025-04-15T09:14:10+00:00","dateModified":"2026-04-11T00:16:39+00:00","breadcrumb":{"@id":"https:\/\/xenonkungen.com\/produkt\/meguiars-heavy-duty-multi-purpose-cleaner\/#breadcrumb"},"inLanguage":"es","potentialAction":[{"@type":"ReadAction","target":["https:\/\/xenonkungen.com\/produkt\/meguiars-heavy-duty-multi-purpose-cleaner\/"]}]},{"@type":"ImageObject","inLanguage":"es","@id":"https:\/\/xenonkungen.com\/produkt\/meguiars-heavy-duty-multi-purpose-cleaner\/#primaryimage","url":"https:\/\/xenonkungen.com\/wp-content\/uploads\/2025\/04\/190088083-origpic-8282f3.png","contentUrl":"https:\/\/xenonkungen.com\/wp-content\/uploads\/2025\/04\/190088083-origpic-8282f3.png","width":240,"height":600},{"@type":"BreadcrumbList","@id":"https:\/\/xenonkungen.com\/produkt\/meguiars-heavy-duty-multi-purpose-cleaner\/#breadcrumb","itemListElement":[{"@type":"ListItem","position":1,"name":"Hem","item":"https:\/\/xenonkungen.com\/"},{"@type":"ListItem","position":2,"name":"Shop","item":"https:\/\/xenonkungen.com\/shop\/"},{"@type":"ListItem","position":3,"name":"Meguiar&#8217;s Heavy Duty Multi-Purpose Cleaner"}]},{"@type":"WebSite","@id":"https:\/\/xenonkungen.com\/#website","url":"https:\/\/xenonkungen.com\/","name":"Xenonkungen","description":"","potentialAction":[{"@type":"SearchAction","target":{"@type":"EntryPoint","urlTemplate":"https:\/\/xenonkungen.com\/?s={search_term_string}"},"query-input":{"@type":"PropertyValueSpecification","valueRequired":true,"valueName":"search_term_string"}}],"inLanguage":"es"}]}},"taxonomy_info":{"product_brand":[{"value":1383,"label":"Meguiar's"}],"product_cat":[{"value":2992,"label":"Home"},{"value":2618,"label":"Interi\u00f6r"},{"value":378,"label":"Bilv\u00e5rd"}]},"featured_image_src_large":["https:\/\/xenonkungen.com\/wp-content\/uploads\/2025\/04\/190088083-origpic-8282f3.png",240,600,false],"author_info":[],"comment_info":0,"_links":{"self":[{"href":"https:\/\/xenonkungen.com\/es\/wp-json\/wp\/v2\/product\/4503","targetHints":{"allow":["GET"]}}],"collection":[{"href":"https:\/\/xenonkungen.com\/es\/wp-json\/wp\/v2\/product"}],"about":[{"href":"https:\/\/xenonkungen.com\/es\/wp-json\/wp\/v2\/types\/product"}],"replies":[{"embeddable":true,"href":"https:\/\/xenonkungen.com\/es\/wp-json\/wp\/v2\/comments?post=4503"}],"wp:featuredmedia":[{"embeddable":true,"href":"https:\/\/xenonkungen.com\/es\/wp-json\/wp\/v2\/media\/4504"}],"wp:attachment":[{"href":"https:\/\/xenonkungen.com\/es\/wp-json\/wp\/v2\/media?parent=4503"}],"wp:term":[{"taxonomy":"anvandningsomrade","embeddable":true,"href":"https:\/\/xenonkungen.com\/es\/wp-json\/wp\/v2\/anvandningsomrade?post=4503"},{"taxonomy":"bilmarken","embeddable":true,"href":"https:\/\/xenonkungen.com\/es\/wp-json\/wp\/v2\/bilmarken?post=4503"},{"taxonomy":"product_brand","embeddable":true,"href":"https:\/\/xenonkungen.com\/es\/wp-json\/wp\/v2\/product_brand?post=4503"},{"taxonomy":"product_cat","embeddable":true,"href":"https:\/\/xenonkungen.com\/es\/wp-json\/wp\/v2\/product_cat?post=4503"},{"taxonomy":"product_tag","embeddable":true,"href":"https:\/\/xenonkungen.com\/es\/wp-json\/wp\/v2\/product_tag?post=4503"}],"curies":[{"name":"wp","href":"https:\/\/api.w.org\/{rel}","templated":true}]}}