{"id":4523,"date":"2025-04-15T09:14:18","date_gmt":"2025-04-15T09:14:18","guid":{"rendered":"https:\/\/xenonkungen.com\/product\/meguiars-ultimate-snow-foam-946ml\/"},"modified":"2026-04-17T12:08:33","modified_gmt":"2026-04-17T11:08:33","slug":"espuma-de-nieve-ultimate-de-meguiars-946-ml","status":"publish","type":"product","link":"https:\/\/xenonkungen.com\/es\/producto\/espuma-de-nieve-ultimate-de-meguiars-946-ml\/","title":{"rendered":"Espuma de nieve Meguiar&#039;s Ultimate | 946 ml"},"content":{"rendered":"<h1>Espuma de nieve Ultimate<\/h1>\n<p>La espuma limpiadora Ultimate Snow Foam de Meguiar&#039;s est\u00e1 especialmente formulada para superficies enceradas o barnizadas. Limpia sin eliminar la protecci\u00f3n. \u00a1Funciona como prelavado o champ\u00fa!<br \/><span>Gracias a su funci\u00f3n especial de \u201cadherencia extrema\u201d, Ultimate Snow Foam permanece sobre la pintura durante mucho tiempo, lo que a su vez significa que el producto tiene un tiempo de trabajo m\u00e1s prolongado y puede eliminar m\u00e1s suciedad de la superficie.<\/span><\/p>\n<p><span>El producto debe aplicarse con un\u00a0<\/span><a href=\"https:\/\/www.xenonkungen.com\/se\/produkter\/bilvard\/1-fortvatt\/tillbehor-fortvatt\/ultimate-snow-foam-cannon-kit.html\">\u00a1Lanza de espuma!<\/a><\/p>\n<p><strong>Contenido (ml):<\/strong> 946<\/p>\n<h2><strong>\u00a1Atenci\u00f3n!<\/strong><\/h2>\n<p><strong>C\u00f3digo de colores:<\/strong><\/p>\n<ul>\n<li>Puede provocar una reacci\u00f3n al\u00e9rgica en la piel<\/li>\n<li>Provoca lesiones oculares graves<\/li>\n<li>Efectos adversos a largo plazo sobre los organismos acu\u00e1ticos<\/li>\n<\/ul>\n<p><strong>Denominaciones de protecci\u00f3n:<\/strong><\/p>\n<ul>\n<li>Mantener fuera del alcance de los ni\u00f1os<\/li>\n<li>Llevar guantes de protecci\u00f3n y protecci\u00f3n ocular<\/li>\n<li>EN CASO DE CONTACTO CON LA PIEL: Lavar con abundante agua y jab\u00f3n.<\/li>\n<li>EN CASO DE CONTACTO CON LOS OJOS: Aclarar cuidadosamente con agua durante varios minutos. Si es posible, qu\u00edtese las lentes de contacto. Continuar enjuagando<\/li>\n<li>P\u00f3ngase en contacto inmediatamente con el CENTRO DE INFORMACI\u00d3N TOXICOL\u00d3GICA o con un m\u00e9dico.<\/li>\n<li>El contenido y el contenedor se entregan en una instalaci\u00f3n de gesti\u00f3n de residuos autorizada<\/li>\n<\/ul>","protected":false},"excerpt":{"rendered":"<p>Un agente de prelavado de pH neutro y seguro para la cera, desarrollado espec\u00edficamente para el prelavado de pinturas tratadas.<\/p>","protected":false},"featured_media":4524,"comment_status":"closed","ping_status":"open","template":"","meta":{"_acf_changed":false,"_smort_price_nok":"280","_smort_price_dkk":"237","_smort_price_eur":"31.73","_smort_sale_price_nok":"280","_smort_sale_price_dkk":"","_smort_sale_price_eur":"","smort_restorder":"","shipmondo_restorder":"","_kad_blocks_custom_css":"","_kad_blocks_head_custom_js":"","_kad_blocks_body_custom_js":"","_kad_blocks_footer_custom_js":"","smort_custom_pricelist_1":"223.36","smort_custom_pricelist_2":"223.36","smort_custom_pricelist_3":"212.19","smort_custom_pricelist_4":"279.2","smort_custom_pricelist_5":"223.36"},"anvandningsomrade":[],"bilmarken":[],"product_brand":[1383],"product_cat":[2988,2622,378,1402],"product_tag":[],"class_list":{"0":"post-4523","1":"product","2":"type-product","3":"status-publish","4":"has-post-thumbnail","6":"product_brand-meguiars","7":"product_cat-biltvatt","8":"product_cat-fortvatt","9":"product_cat-bilvard","10":"product_cat-outlet","12":"first","13":"instock","14":"sale","15":"taxable","16":"shipping-taxable","17":"purchasable","18":"product-type-simple"},"bundled_by":["9669"],"bundle_stock_status":"instock","bundle_stock_quantity":1,"bundle_virtual":false,"bundle_layout":"","bundle_add_to_cart_form_location":"","bundle_editable_in_cart":false,"bundle_sold_individually_context":"","bundle_item_grouping":"","bundle_min_size":"","bundle_max_size":"","bundle_price":[],"bundled_items":[],"bundle_sell_ids":[],"acf":[],"yoast_head":"<!-- This site is optimized with the Yoast SEO plugin v27.0 - https:\/\/yoast.com\/product\/yoast-seo-wordpress\/ -->\n<title>Meguiar&#039;s Ultimate Snow Foam | 946ml - Xenonkungen<\/title>\n<meta name=\"robots\" content=\"index, follow, max-snippet:-1, max-image-preview:large, max-video-preview:-1\" \/>\n<link rel=\"canonical\" href=\"https:\/\/xenonkungen.com\/es\/producto\/espuma-de-nieve-ultimate-de-meguiars-946-ml\/\" \/>\n<meta property=\"og:locale\" content=\"es_ES\" \/>\n<meta property=\"og:type\" content=\"article\" \/>\n<meta property=\"og:title\" content=\"Meguiar&#039;s Ultimate Snow Foam | 946ml - Xenonkungen\" \/>\n<meta property=\"og:description\" content=\"Ett pH-neutralt och vaxs\u00e4kert f\u00f6rtv\u00e4ttsmedel, utvecklat specifikt f\u00f6r f\u00f6rtv\u00e4tt utav behandlade lacker.\" \/>\n<meta property=\"og:url\" content=\"https:\/\/xenonkungen.com\/es\/producto\/espuma-de-nieve-ultimate-de-meguiars-946-ml\/\" \/>\n<meta property=\"og:site_name\" content=\"Xenonkungen\" \/>\n<meta property=\"article:modified_time\" content=\"2026-04-17T11:08:33+00:00\" \/>\n<meta property=\"og:image\" content=\"https:\/\/xenonkungen.com\/wp-content\/uploads\/2025\/04\/190087985-origpic-bc7fb9.png\" \/>\n\t<meta property=\"og:image:width\" content=\"560\" \/>\n\t<meta property=\"og:image:height\" content=\"560\" \/>\n\t<meta property=\"og:image:type\" content=\"image\/png\" \/>\n<meta name=\"twitter:card\" content=\"summary_large_image\" \/>\n<meta name=\"twitter:label1\" content=\"Tiempo de lectura\" \/>\n\t<meta name=\"twitter:data1\" content=\"1 minuto\" \/>\n<script type=\"application\/ld+json\" class=\"yoast-schema-graph\">{\"@context\":\"https:\/\/schema.org\",\"@graph\":[{\"@type\":\"WebPage\",\"@id\":\"https:\/\/xenonkungen.com\/produkt\/meguiars-ultimate-snow-foam-946ml\/\",\"url\":\"https:\/\/xenonkungen.com\/produkt\/meguiars-ultimate-snow-foam-946ml\/\",\"name\":\"Meguiar's Ultimate Snow Foam | 946ml - Xenonkungen\",\"isPartOf\":{\"@id\":\"https:\/\/xenonkungen.com\/#website\"},\"primaryImageOfPage\":{\"@id\":\"https:\/\/xenonkungen.com\/produkt\/meguiars-ultimate-snow-foam-946ml\/#primaryimage\"},\"image\":{\"@id\":\"https:\/\/xenonkungen.com\/produkt\/meguiars-ultimate-snow-foam-946ml\/#primaryimage\"},\"thumbnailUrl\":\"https:\/\/xenonkungen.com\/wp-content\/uploads\/2025\/04\/190087985-origpic-bc7fb9.png\",\"datePublished\":\"2025-04-15T09:14:18+00:00\",\"dateModified\":\"2026-04-17T11:08:33+00:00\",\"breadcrumb\":{\"@id\":\"https:\/\/xenonkungen.com\/produkt\/meguiars-ultimate-snow-foam-946ml\/#breadcrumb\"},\"inLanguage\":\"es\",\"potentialAction\":[{\"@type\":\"ReadAction\",\"target\":[\"https:\/\/xenonkungen.com\/produkt\/meguiars-ultimate-snow-foam-946ml\/\"]}]},{\"@type\":\"ImageObject\",\"inLanguage\":\"es\",\"@id\":\"https:\/\/xenonkungen.com\/produkt\/meguiars-ultimate-snow-foam-946ml\/#primaryimage\",\"url\":\"https:\/\/xenonkungen.com\/wp-content\/uploads\/2025\/04\/190087985-origpic-bc7fb9.png\",\"contentUrl\":\"https:\/\/xenonkungen.com\/wp-content\/uploads\/2025\/04\/190087985-origpic-bc7fb9.png\",\"width\":560,\"height\":560},{\"@type\":\"BreadcrumbList\",\"@id\":\"https:\/\/xenonkungen.com\/produkt\/meguiars-ultimate-snow-foam-946ml\/#breadcrumb\",\"itemListElement\":[{\"@type\":\"ListItem\",\"position\":1,\"name\":\"Hem\",\"item\":\"https:\/\/xenonkungen.com\/\"},{\"@type\":\"ListItem\",\"position\":2,\"name\":\"Shop\",\"item\":\"https:\/\/xenonkungen.com\/shop\/\"},{\"@type\":\"ListItem\",\"position\":3,\"name\":\"Meguiar&#8217;s Ultimate Snow Foam | 946ml\"}]},{\"@type\":\"WebSite\",\"@id\":\"https:\/\/xenonkungen.com\/#website\",\"url\":\"https:\/\/xenonkungen.com\/\",\"name\":\"Xenonkungen\",\"description\":\"\",\"potentialAction\":[{\"@type\":\"SearchAction\",\"target\":{\"@type\":\"EntryPoint\",\"urlTemplate\":\"https:\/\/xenonkungen.com\/?s={search_term_string}\"},\"query-input\":{\"@type\":\"PropertyValueSpecification\",\"valueRequired\":true,\"valueName\":\"search_term_string\"}}],\"inLanguage\":\"es\"}]}<\/script>\n<!-- \/ Yoast SEO plugin. -->","yoast_head_json":{"title":"Espuma de nieve Ultimate de Meguiar&#039;s | 946 ml - El Rey del Xen\u00f3n","robots":{"index":"index","follow":"follow","max-snippet":"max-snippet:-1","max-image-preview":"max-image-preview:large","max-video-preview":"max-video-preview:-1"},"canonical":"https:\/\/xenonkungen.com\/es\/producto\/espuma-de-nieve-ultimate-de-meguiars-946-ml\/","og_locale":"es_ES","og_type":"article","og_title":"Meguiar's Ultimate Snow Foam | 946ml - Xenonkungen","og_description":"Ett pH-neutralt och vaxs\u00e4kert f\u00f6rtv\u00e4ttsmedel, utvecklat specifikt f\u00f6r f\u00f6rtv\u00e4tt utav behandlade lacker.","og_url":"https:\/\/xenonkungen.com\/es\/producto\/espuma-de-nieve-ultimate-de-meguiars-946-ml\/","og_site_name":"Xenonkungen","article_modified_time":"2026-04-17T11:08:33+00:00","og_image":[{"width":560,"height":560,"url":"https:\/\/xenonkungen.com\/wp-content\/uploads\/2025\/04\/190087985-origpic-bc7fb9.png","type":"image\/png"}],"twitter_card":"summary_large_image","twitter_misc":{"Tiempo de lectura":"1 minuto"},"schema":{"@context":"https:\/\/schema.org","@graph":[{"@type":"WebPage","@id":"https:\/\/xenonkungen.com\/produkt\/meguiars-ultimate-snow-foam-946ml\/","url":"https:\/\/xenonkungen.com\/produkt\/meguiars-ultimate-snow-foam-946ml\/","name":"Espuma de nieve Ultimate de Meguiar&#039;s | 946 ml - El Rey del Xen\u00f3n","isPartOf":{"@id":"https:\/\/xenonkungen.com\/#website"},"primaryImageOfPage":{"@id":"https:\/\/xenonkungen.com\/produkt\/meguiars-ultimate-snow-foam-946ml\/#primaryimage"},"image":{"@id":"https:\/\/xenonkungen.com\/produkt\/meguiars-ultimate-snow-foam-946ml\/#primaryimage"},"thumbnailUrl":"https:\/\/xenonkungen.com\/wp-content\/uploads\/2025\/04\/190087985-origpic-bc7fb9.png","datePublished":"2025-04-15T09:14:18+00:00","dateModified":"2026-04-17T11:08:33+00:00","breadcrumb":{"@id":"https:\/\/xenonkungen.com\/produkt\/meguiars-ultimate-snow-foam-946ml\/#breadcrumb"},"inLanguage":"es","potentialAction":[{"@type":"ReadAction","target":["https:\/\/xenonkungen.com\/produkt\/meguiars-ultimate-snow-foam-946ml\/"]}]},{"@type":"ImageObject","inLanguage":"es","@id":"https:\/\/xenonkungen.com\/produkt\/meguiars-ultimate-snow-foam-946ml\/#primaryimage","url":"https:\/\/xenonkungen.com\/wp-content\/uploads\/2025\/04\/190087985-origpic-bc7fb9.png","contentUrl":"https:\/\/xenonkungen.com\/wp-content\/uploads\/2025\/04\/190087985-origpic-bc7fb9.png","width":560,"height":560},{"@type":"BreadcrumbList","@id":"https:\/\/xenonkungen.com\/produkt\/meguiars-ultimate-snow-foam-946ml\/#breadcrumb","itemListElement":[{"@type":"ListItem","position":1,"name":"Hem","item":"https:\/\/xenonkungen.com\/"},{"@type":"ListItem","position":2,"name":"Shop","item":"https:\/\/xenonkungen.com\/shop\/"},{"@type":"ListItem","position":3,"name":"Meguiar&#8217;s Ultimate Snow Foam | 946ml"}]},{"@type":"WebSite","@id":"https:\/\/xenonkungen.com\/#website","url":"https:\/\/xenonkungen.com\/","name":"Xenonkungen","description":"","potentialAction":[{"@type":"SearchAction","target":{"@type":"EntryPoint","urlTemplate":"https:\/\/xenonkungen.com\/?s={search_term_string}"},"query-input":{"@type":"PropertyValueSpecification","valueRequired":true,"valueName":"search_term_string"}}],"inLanguage":"es"}]}},"taxonomy_info":{"product_brand":[{"value":1383,"label":"Meguiar's"}],"product_cat":[{"value":2988,"label":"1 | Biltv\u00e4tt"},{"value":2622,"label":"F\u00f6rtv\u00e4tt"},{"value":378,"label":"Bilv\u00e5rd"},{"value":1402,"label":"Outlet"}]},"featured_image_src_large":["https:\/\/xenonkungen.com\/wp-content\/uploads\/2025\/04\/190087985-origpic-bc7fb9.png",560,560,false],"author_info":[],"comment_info":0,"_links":{"self":[{"href":"https:\/\/xenonkungen.com\/es\/wp-json\/wp\/v2\/product\/4523","targetHints":{"allow":["GET"]}}],"collection":[{"href":"https:\/\/xenonkungen.com\/es\/wp-json\/wp\/v2\/product"}],"about":[{"href":"https:\/\/xenonkungen.com\/es\/wp-json\/wp\/v2\/types\/product"}],"replies":[{"embeddable":true,"href":"https:\/\/xenonkungen.com\/es\/wp-json\/wp\/v2\/comments?post=4523"}],"wp:featuredmedia":[{"embeddable":true,"href":"https:\/\/xenonkungen.com\/es\/wp-json\/wp\/v2\/media\/4524"}],"wp:attachment":[{"href":"https:\/\/xenonkungen.com\/es\/wp-json\/wp\/v2\/media?parent=4523"}],"wp:term":[{"taxonomy":"anvandningsomrade","embeddable":true,"href":"https:\/\/xenonkungen.com\/es\/wp-json\/wp\/v2\/anvandningsomrade?post=4523"},{"taxonomy":"bilmarken","embeddable":true,"href":"https:\/\/xenonkungen.com\/es\/wp-json\/wp\/v2\/bilmarken?post=4523"},{"taxonomy":"product_brand","embeddable":true,"href":"https:\/\/xenonkungen.com\/es\/wp-json\/wp\/v2\/product_brand?post=4523"},{"taxonomy":"product_cat","embeddable":true,"href":"https:\/\/xenonkungen.com\/es\/wp-json\/wp\/v2\/product_cat?post=4523"},{"taxonomy":"product_tag","embeddable":true,"href":"https:\/\/xenonkungen.com\/es\/wp-json\/wp\/v2\/product_tag?post=4523"}],"curies":[{"name":"wp","href":"https:\/\/api.w.org\/{rel}","templated":true}]}}