{"id":4543,"date":"2025-04-15T09:14:26","date_gmt":"2025-04-15T09:14:26","guid":{"rendered":"https:\/\/xenonkungen.com\/product\/meguiars-whole-car-air-re-fresher-fiji-sunset\/"},"modified":"2026-04-24T17:31:14","modified_gmt":"2026-04-24T16:31:14","slug":"ambientador-para-todo-el-coche-meguiars-fiji-sunset","status":"publish","type":"product","link":"https:\/\/xenonkungen.com\/es\/producto\/ambientador-para-todo-el-coche-meguiars-fiji-sunset\/","title":{"rendered":"Meguiar's Refrescante de Aire para Todo el Coche Fiji Sunset"},"content":{"rendered":"<h1>Ambientador para todo el coche Fiji Sunset<\/h1>\n<p>\u00a1Elimina olores con un resultado inigualable!<\/p>\n<p>Los ambientadores para todo el autom\u00f3vil eliminan de manera instant\u00e1nea y permanente los malos olores a nivel molecular directamente en el sistema de ventilaci\u00f3n, dejando un aroma tropical.<\/p>\n<p>Perfecto contra, por ejemplo, olores de perro y de cigarrillo.<\/p>\n<p><span>1 uso<\/span><\/p>\n<p><span><strong>Contenido (g):<\/strong> 57<\/span><\/p>\n<h2>\u00a1Atenci\u00f3n!<\/h2>\n<p><span><strong>C\u00f3digo de colores<\/strong><\/span><\/p>\n<ul>\n<li><span>Aerosol extremadamente inflamable. Recipiente a presi\u00f3n: Puede reventar al calentarse.<\/span><\/li>\n<li>Efectos adversos a largo plazo sobre los organismos acu\u00e1ticos<\/li>\n<\/ul>\n<p><span><strong>Declaraciones de protecci\u00f3n<\/strong><\/span><\/p>\n<ul>\n<li><span>Mantener fuera del alcance de los ni\u00f1os<\/span><\/li>\n<li>No debe exponerse al calor, superficies calientes, chispas, llamas abiertas y otras fuentes de ignici\u00f3n. Est\u00e1 prohibido fumar.<\/li>\n<li>No pulverizar sobre llamas abiertas u otras fuentes de ignici\u00f3n<\/li>\n<li>No perforar ni quemar, incluidos los envases vac\u00edos<\/li>\n<li>Proteger de la luz solar. No exponer a temperaturas superiores a 50 \u00b0C.<\/li>\n<li>El contenido y el contenedor se entregan en una instalaci\u00f3n de gesti\u00f3n de residuos autorizada<\/li>\n<\/ul>","protected":false},"excerpt":{"rendered":"<p>\u00a1Elimina los olores con resultados sin precedentes! Whole Car Re-freshers elimina los olores desagradables de forma instant\u00e1nea y permanente a nivel molecular directamente en el sistema de ventilaci\u00f3n. Deja un aroma fresco. Perfecto contra malos olores, por ejemplo de perros o humo de cigarrillo.<\/p>","protected":false},"featured_media":4544,"comment_status":"closed","ping_status":"closed","template":"","meta":{"_acf_changed":false,"_smort_price_nok":"180","_smort_price_dkk":"155","_smort_price_eur":"20.82","_smort_sale_price_nok":"180","_smort_sale_price_dkk":"","_smort_sale_price_eur":"","smort_restorder":"","shipmondo_restorder":"","_kad_blocks_custom_css":"","_kad_blocks_head_custom_js":"","_kad_blocks_body_custom_js":"","_kad_blocks_footer_custom_js":"","smort_custom_pricelist_1":"146.56","smort_custom_pricelist_2":"146.56","smort_custom_pricelist_3":"139.23","smort_custom_pricelist_4":"183.2","smort_custom_pricelist_5":"146.56"},"anvandningsomrade":[],"bilmarken":[],"product_brand":[1383],"product_cat":[2447,2618,2991,378,1402],"product_tag":[],"class_list":{"0":"post-4543","1":"product","2":"type-product","3":"status-publish","4":"has-post-thumbnail","6":"product_brand-meguiars","7":"product_cat-doft","8":"product_cat-interior","9":"product_cat-luktborttagning-doft","10":"product_cat-bilvard","11":"product_cat-outlet","13":"first","14":"instock","15":"taxable","16":"shipping-taxable","17":"purchasable","18":"product-type-simple"},"bundled_by":[],"bundle_stock_status":"instock","bundle_stock_quantity":1,"bundle_virtual":false,"bundle_layout":"","bundle_add_to_cart_form_location":"","bundle_editable_in_cart":false,"bundle_sold_individually_context":"","bundle_item_grouping":"","bundle_min_size":"","bundle_max_size":"","bundle_price":[],"bundled_items":[],"bundle_sell_ids":[],"acf":[],"yoast_head":"<!-- This site is optimized with the Yoast SEO plugin v27.0 - https:\/\/yoast.com\/product\/yoast-seo-wordpress\/ -->\n<title>Meguiar&#039;s Whole Car Air Re-fresher Fiji Sunset - Xenonkungen<\/title>\n<meta name=\"robots\" content=\"index, follow, max-snippet:-1, max-image-preview:large, max-video-preview:-1\" \/>\n<link rel=\"canonical\" href=\"https:\/\/xenonkungen.com\/es\/producto\/ambientador-para-todo-el-coche-meguiars-fiji-sunset\/\" \/>\n<meta property=\"og:locale\" content=\"es_ES\" \/>\n<meta property=\"og:type\" content=\"article\" \/>\n<meta property=\"og:title\" content=\"Meguiar&#039;s Whole Car Air Re-fresher Fiji Sunset - Xenonkungen\" \/>\n<meta property=\"og:description\" content=\"Tar bort lukt med o\u00f6vertr\u00e4ffat resultat! Whole Car Re-freshers eliminerar ov\u00e4lkommen lukt omedelbart och permanent p\u00e5 molekyl\u00e4r niv\u00e5 \u00e4nda in i fl\u00e4ktsystemet. L\u00e4mnar en fr\u00e4sch doft efter sig. Perfekt mot d\u00e5lig lukt, efter till exempel hund eller cigarettr\u00f6k.\" \/>\n<meta property=\"og:url\" content=\"https:\/\/xenonkungen.com\/es\/producto\/ambientador-para-todo-el-coche-meguiars-fiji-sunset\/\" \/>\n<meta property=\"og:site_name\" content=\"Xenonkungen\" \/>\n<meta property=\"article:modified_time\" content=\"2026-04-24T16:31:14+00:00\" \/>\n<meta property=\"og:image\" content=\"https:\/\/xenonkungen.com\/wp-content\/uploads\/2025\/04\/190088067-origpic-9aa58a.png\" \/>\n\t<meta property=\"og:image:width\" content=\"402\" \/>\n\t<meta property=\"og:image:height\" content=\"600\" \/>\n\t<meta property=\"og:image:type\" content=\"image\/png\" \/>\n<meta name=\"twitter:card\" content=\"summary_large_image\" \/>\n<meta name=\"twitter:label1\" content=\"Tiempo de lectura\" \/>\n\t<meta name=\"twitter:data1\" content=\"1 minuto\" \/>\n<script type=\"application\/ld+json\" class=\"yoast-schema-graph\">{\"@context\":\"https:\/\/schema.org\",\"@graph\":[{\"@type\":\"WebPage\",\"@id\":\"https:\/\/xenonkungen.com\/produkt\/meguiars-whole-car-air-re-fresher-fiji-sunset\/\",\"url\":\"https:\/\/xenonkungen.com\/produkt\/meguiars-whole-car-air-re-fresher-fiji-sunset\/\",\"name\":\"Meguiar's Whole Car Air Re-fresher Fiji Sunset - Xenonkungen\",\"isPartOf\":{\"@id\":\"https:\/\/xenonkungen.com\/#website\"},\"primaryImageOfPage\":{\"@id\":\"https:\/\/xenonkungen.com\/produkt\/meguiars-whole-car-air-re-fresher-fiji-sunset\/#primaryimage\"},\"image\":{\"@id\":\"https:\/\/xenonkungen.com\/produkt\/meguiars-whole-car-air-re-fresher-fiji-sunset\/#primaryimage\"},\"thumbnailUrl\":\"https:\/\/xenonkungen.com\/wp-content\/uploads\/2025\/04\/190088067-origpic-9aa58a.png\",\"datePublished\":\"2025-04-15T09:14:26+00:00\",\"dateModified\":\"2026-04-24T16:31:14+00:00\",\"breadcrumb\":{\"@id\":\"https:\/\/xenonkungen.com\/produkt\/meguiars-whole-car-air-re-fresher-fiji-sunset\/#breadcrumb\"},\"inLanguage\":\"es\",\"potentialAction\":[{\"@type\":\"ReadAction\",\"target\":[\"https:\/\/xenonkungen.com\/produkt\/meguiars-whole-car-air-re-fresher-fiji-sunset\/\"]}]},{\"@type\":\"ImageObject\",\"inLanguage\":\"es\",\"@id\":\"https:\/\/xenonkungen.com\/produkt\/meguiars-whole-car-air-re-fresher-fiji-sunset\/#primaryimage\",\"url\":\"https:\/\/xenonkungen.com\/wp-content\/uploads\/2025\/04\/190088067-origpic-9aa58a.png\",\"contentUrl\":\"https:\/\/xenonkungen.com\/wp-content\/uploads\/2025\/04\/190088067-origpic-9aa58a.png\",\"width\":402,\"height\":600},{\"@type\":\"BreadcrumbList\",\"@id\":\"https:\/\/xenonkungen.com\/produkt\/meguiars-whole-car-air-re-fresher-fiji-sunset\/#breadcrumb\",\"itemListElement\":[{\"@type\":\"ListItem\",\"position\":1,\"name\":\"Hem\",\"item\":\"https:\/\/xenonkungen.com\/\"},{\"@type\":\"ListItem\",\"position\":2,\"name\":\"Shop\",\"item\":\"https:\/\/xenonkungen.com\/shop\/\"},{\"@type\":\"ListItem\",\"position\":3,\"name\":\"Meguiar&#8217;s Whole Car Air Re-fresher Fiji Sunset\"}]},{\"@type\":\"WebSite\",\"@id\":\"https:\/\/xenonkungen.com\/#website\",\"url\":\"https:\/\/xenonkungen.com\/\",\"name\":\"Xenonkungen\",\"description\":\"\",\"potentialAction\":[{\"@type\":\"SearchAction\",\"target\":{\"@type\":\"EntryPoint\",\"urlTemplate\":\"https:\/\/xenonkungen.com\/?s={search_term_string}\"},\"query-input\":{\"@type\":\"PropertyValueSpecification\",\"valueRequired\":true,\"valueName\":\"search_term_string\"}}],\"inLanguage\":\"es\"}]}<\/script>\n<!-- \/ Yoast SEO plugin. -->","yoast_head_json":{"title":"Meguiar&#039;s Ambientador para todo el coche Fiji Sunset - El Rey del Xen\u00f3n","robots":{"index":"index","follow":"follow","max-snippet":"max-snippet:-1","max-image-preview":"max-image-preview:large","max-video-preview":"max-video-preview:-1"},"canonical":"https:\/\/xenonkungen.com\/es\/producto\/ambientador-para-todo-el-coche-meguiars-fiji-sunset\/","og_locale":"es_ES","og_type":"article","og_title":"Meguiar's Whole Car Air Re-fresher Fiji Sunset - Xenonkungen","og_description":"Tar bort lukt med o\u00f6vertr\u00e4ffat resultat! Whole Car Re-freshers eliminerar ov\u00e4lkommen lukt omedelbart och permanent p\u00e5 molekyl\u00e4r niv\u00e5 \u00e4nda in i fl\u00e4ktsystemet. L\u00e4mnar en fr\u00e4sch doft efter sig. Perfekt mot d\u00e5lig lukt, efter till exempel hund eller cigarettr\u00f6k.","og_url":"https:\/\/xenonkungen.com\/es\/producto\/ambientador-para-todo-el-coche-meguiars-fiji-sunset\/","og_site_name":"Xenonkungen","article_modified_time":"2026-04-24T16:31:14+00:00","og_image":[{"width":402,"height":600,"url":"https:\/\/xenonkungen.com\/wp-content\/uploads\/2025\/04\/190088067-origpic-9aa58a.png","type":"image\/png"}],"twitter_card":"summary_large_image","twitter_misc":{"Tiempo de lectura":"1 minuto"},"schema":{"@context":"https:\/\/schema.org","@graph":[{"@type":"WebPage","@id":"https:\/\/xenonkungen.com\/produkt\/meguiars-whole-car-air-re-fresher-fiji-sunset\/","url":"https:\/\/xenonkungen.com\/produkt\/meguiars-whole-car-air-re-fresher-fiji-sunset\/","name":"Meguiar&#039;s Ambientador para todo el coche Fiji Sunset - El Rey del Xen\u00f3n","isPartOf":{"@id":"https:\/\/xenonkungen.com\/#website"},"primaryImageOfPage":{"@id":"https:\/\/xenonkungen.com\/produkt\/meguiars-whole-car-air-re-fresher-fiji-sunset\/#primaryimage"},"image":{"@id":"https:\/\/xenonkungen.com\/produkt\/meguiars-whole-car-air-re-fresher-fiji-sunset\/#primaryimage"},"thumbnailUrl":"https:\/\/xenonkungen.com\/wp-content\/uploads\/2025\/04\/190088067-origpic-9aa58a.png","datePublished":"2025-04-15T09:14:26+00:00","dateModified":"2026-04-24T16:31:14+00:00","breadcrumb":{"@id":"https:\/\/xenonkungen.com\/produkt\/meguiars-whole-car-air-re-fresher-fiji-sunset\/#breadcrumb"},"inLanguage":"es","potentialAction":[{"@type":"ReadAction","target":["https:\/\/xenonkungen.com\/produkt\/meguiars-whole-car-air-re-fresher-fiji-sunset\/"]}]},{"@type":"ImageObject","inLanguage":"es","@id":"https:\/\/xenonkungen.com\/produkt\/meguiars-whole-car-air-re-fresher-fiji-sunset\/#primaryimage","url":"https:\/\/xenonkungen.com\/wp-content\/uploads\/2025\/04\/190088067-origpic-9aa58a.png","contentUrl":"https:\/\/xenonkungen.com\/wp-content\/uploads\/2025\/04\/190088067-origpic-9aa58a.png","width":402,"height":600},{"@type":"BreadcrumbList","@id":"https:\/\/xenonkungen.com\/produkt\/meguiars-whole-car-air-re-fresher-fiji-sunset\/#breadcrumb","itemListElement":[{"@type":"ListItem","position":1,"name":"Hem","item":"https:\/\/xenonkungen.com\/"},{"@type":"ListItem","position":2,"name":"Shop","item":"https:\/\/xenonkungen.com\/shop\/"},{"@type":"ListItem","position":3,"name":"Meguiar&#8217;s Whole Car Air Re-fresher Fiji Sunset"}]},{"@type":"WebSite","@id":"https:\/\/xenonkungen.com\/#website","url":"https:\/\/xenonkungen.com\/","name":"Xenonkungen","description":"","potentialAction":[{"@type":"SearchAction","target":{"@type":"EntryPoint","urlTemplate":"https:\/\/xenonkungen.com\/?s={search_term_string}"},"query-input":{"@type":"PropertyValueSpecification","valueRequired":true,"valueName":"search_term_string"}}],"inLanguage":"es"}]}},"taxonomy_info":{"product_brand":[{"value":1383,"label":"Meguiar's"}],"product_cat":[{"value":2447,"label":"Doft"},{"value":2618,"label":"Interi\u00f6r"},{"value":2991,"label":"Luktborttagning \/ Doft"},{"value":378,"label":"Bilv\u00e5rd"},{"value":1402,"label":"Outlet"}]},"featured_image_src_large":["https:\/\/xenonkungen.com\/wp-content\/uploads\/2025\/04\/190088067-origpic-9aa58a.png",402,600,false],"author_info":[],"comment_info":0,"_links":{"self":[{"href":"https:\/\/xenonkungen.com\/es\/wp-json\/wp\/v2\/product\/4543","targetHints":{"allow":["GET"]}}],"collection":[{"href":"https:\/\/xenonkungen.com\/es\/wp-json\/wp\/v2\/product"}],"about":[{"href":"https:\/\/xenonkungen.com\/es\/wp-json\/wp\/v2\/types\/product"}],"replies":[{"embeddable":true,"href":"https:\/\/xenonkungen.com\/es\/wp-json\/wp\/v2\/comments?post=4543"}],"wp:featuredmedia":[{"embeddable":true,"href":"https:\/\/xenonkungen.com\/es\/wp-json\/wp\/v2\/media\/4544"}],"wp:attachment":[{"href":"https:\/\/xenonkungen.com\/es\/wp-json\/wp\/v2\/media?parent=4543"}],"wp:term":[{"taxonomy":"anvandningsomrade","embeddable":true,"href":"https:\/\/xenonkungen.com\/es\/wp-json\/wp\/v2\/anvandningsomrade?post=4543"},{"taxonomy":"bilmarken","embeddable":true,"href":"https:\/\/xenonkungen.com\/es\/wp-json\/wp\/v2\/bilmarken?post=4543"},{"taxonomy":"product_brand","embeddable":true,"href":"https:\/\/xenonkungen.com\/es\/wp-json\/wp\/v2\/product_brand?post=4543"},{"taxonomy":"product_cat","embeddable":true,"href":"https:\/\/xenonkungen.com\/es\/wp-json\/wp\/v2\/product_cat?post=4543"},{"taxonomy":"product_tag","embeddable":true,"href":"https:\/\/xenonkungen.com\/es\/wp-json\/wp\/v2\/product_tag?post=4543"}],"curies":[{"name":"wp","href":"https:\/\/api.w.org\/{rel}","templated":true}]}}